{"id":4475,"date":"2025-10-29T06:41:52","date_gmt":"2025-10-29T06:41:52","guid":{"rendered":"https:\/\/vapestornado.com\/?post_type=product&#038;p=4475"},"modified":"2025-12-12T09:08:28","modified_gmt":"2025-12-12T09:08:28","slug":"uzy-50000-puff-50k-disposable-vape-2-in-1-double-flaovr-best-wholesale-online","status":"publish","type":"product","link":"https:\/\/vapestornado.com\/es\/product\/uzy-50000-puff-50k-disposable-vape-2-in-1-double-flaovr-best-wholesale-online\/","title":{"rendered":"UZY 50000 Puff 50k Vape desechable 2 en 1 doble sabor Mejor al por mayor en l\u00ednea"},"content":{"rendered":"<h2 data-pm-slice=\"1 1 []\">Vape desechable UZY 50000 Puff 2-en-1 de doble sabor, bobinas de malla dual y pantalla LED inteligente<\/h2>\n<p data-start=\"103\" data-end=\"597\"><strong data-start=\"103\" data-end=\"121\">UZY 50000 Puff<\/strong> es un dispositivo de alta capacidad <strong data-start=\"141\" data-end=\"162\">desechable 2-en-1<\/strong> dise\u00f1ado para un uso prolongado y sin complicaciones. Ofrece <strong data-start=\"209\" data-end=\"231\">hasta 50,000 puffs<\/strong> utilizando <strong data-start=\"238\" data-end=\"265\">dobles dep\u00f3sitos de 20ml de sabor<\/strong> (40ml en total) y <strong data-start=\"283\" data-end=\"307\">resistencias de malla dual de 0.9\u03a9<\/strong> para vapor suave y con sabor intenso. El <strong data-start=\"348\" data-end=\"363\">Crytal vape<\/strong>-estilo de cuerpo lo mantiene elegante, mientras que el <strong data-start=\"401\" data-end=\"422\">pantalla inteligente LED<\/strong> muestra claramente el estado de la bater\u00eda y del e-l\u00edquido. Un <strong data-start=\"469\" data-end=\"507\">Bater\u00eda recargable Tipo-C de 850mAh<\/strong> mantiene el dispositivo en funcionamiento hasta que se acaben los dep\u00f3sitos, no hasta que la bater\u00eda se agote prematuramente.<\/p>\n<h3 data-start=\"844\" data-end=\"895\">\u00bfPor qu\u00e9 elegir el UZY 50000 Puff si buscas fiabilidad y rendimiento s\u00f3lido?<\/h3>\n<ul data-start=\"897\" data-end=\"2254\">\n<li data-start=\"897\" data-end=\"1225\">\n<p data-start=\"899\" data-end=\"1225\"><strong data-start=\"899\" data-end=\"946\">Resistencia de 50K respaldada por un dise\u00f1o de doble dep\u00f3sito.<\/strong> El <strong data-start=\"951\" data-end=\"989\">Vape desechable UZY 50000 Puff 50k<\/strong> utiliza <strong data-start=\"995\" data-end=\"1013\">2 \u00d7 dep\u00f3sitos de 20ml<\/strong> para soportar su larga vida \u00fatil. Para <strong data-start=\"1048\" data-end=\"1062\">vapear 50k<\/strong> usuarios en <strong data-start=\"1072\" data-end=\"1127\">Espa\u00f1a, Francia, Polonia, Pa\u00edses Bajos, y Alemania<\/strong>, eso generalmente significa menos reemplazos y menos viajes de \u00faltima hora a un <strong data-start=\"1202\" data-end=\"1224\">tienda de cigarrillos electr\u00f3nicos<\/strong>.<\/p>\n<\/li>\n<li data-start=\"1227\" data-end=\"1496\">\n<p data-start=\"1229\" data-end=\"1496\"><strong data-start=\"1229\" data-end=\"1280\">Dos sabores en un solo dispositivo, cambiados al instante.<\/strong> El <strong data-start=\"1285\" data-end=\"1323\">UZY 50K 2 en 1 vape de doble sabor<\/strong> te permite cambiar los perfiles de sabor siempre que cambie tu paladar. Eso importa en un dispositivo de larga duraci\u00f3n\u2014la fatiga de sabor es la principal raz\u00f3n por la que las personas abandonan los desechables de alto volumen temprano.<\/p>\n<\/li>\n<li data-start=\"1498\" data-end=\"1749\">\n<p data-start=\"1500\" data-end=\"1749\"><strong data-start=\"1500\" data-end=\"1554\">La salida de doble bobina de malla se mantiene suave y constante.<\/strong> Con <strong data-start=\"1560\" data-end=\"1591\">Bobinas de doble malla de 0.9\u03a9 + 0.9\u03a9<\/strong>, el <strong data-start=\"1597\" data-end=\"1615\">UZY 50000 Puff<\/strong> mantiene vapor denso y sabor estable durante largas sesiones, reduciendo la ca\u00edda brusca que muestran muchos grandes desechables en las \u00faltimas etapas del tanque.<\/p>\n<\/li>\n<li data-start=\"1751\" data-end=\"1968\">\n<p data-start=\"1753\" data-end=\"1968\"><strong data-start=\"1753\" data-end=\"1793\">La pantalla LED inteligente elimina las conjeturas.<\/strong> La pantalla de este <strong data-start=\"1813\" data-end=\"1828\">Crytal vape<\/strong> muestra los niveles de bater\u00eda y e-l\u00edquido, para que puedas planificar la carga antes de una noche o un turno largo en lugar de sorprenderte con un dispositivo muerto.<\/p>\n<\/li>\n<li data-start=\"1970\" data-end=\"2254\">\n<p data-start=\"1972\" data-end=\"2254\"><strong data-start=\"1972\" data-end=\"2020\">Valor que funciona para compradores minoristas y al por mayor.<\/strong> Con m\u00faltiples niveles de nicotina y un conjunto de funciones robusto, el <strong data-start=\"2084\" data-end=\"2123\">vape desechable UZY 50K a precio barato<\/strong> posicionamiento tiene sentido tanto para compradores personales como para tiendas que compiten en <strong data-start=\"2196\" data-end=\"2216\">precio barato de vapeo<\/strong> ofrece sin sacrificar la usabilidad.<\/p>\n<\/li>\n<\/ul>\n<p><strong><span style=\"color: #ff0000;\">Agrega el WhatsApp de Amy para obtener respuestas inmediatas y cupones de vapeo!<\/span><\/strong><\/p>\n<p><img fetchpriority=\"high\" decoding=\"async\" class=\"size-full wp-image-2932\" src=\"https:\/\/vapestornado.com\/wp-content\/uploads\/2024\/12\/Vape-Wholesale.jpg\" alt=\"Vape al por mayor\" width=\"229\" height=\"300\" \/><\/p>\n<h3><a href=\"https:\/\/wa.me\/8617776015835\" target=\"_blank\" rel=\"noopener\"><span style=\"color: #ff0000;\"><strong>WhatsApp: +86 17776015835<\/strong><\/span><\/a><\/h3>\n<p>&nbsp;<\/p>\n<h2><strong>Caracter\u00edsticas del producto UZY 50000 Puff 50k<\/strong><\/h2>\n<table>\n<thead>\n<tr>\n<th>Caracter\u00edstica<\/th>\n<th>especificaci\u00f3n<\/th>\n<th>detalles<\/th>\n<\/tr>\n<\/thead>\n<tbody>\n<tr>\n<td>Nombre del producto<\/td>\n<td>UZY 50000 Puff \/ UZY 50K<\/td>\n<td>Vape desechable de doble sabor 2 en 1<\/td>\n<\/tr>\n<tr>\n<td>Capacidad de caladas<\/td>\n<td>Hasta 50.000 caladas<\/td>\n<td>Dispositivo de larga duraci\u00f3n dise\u00f1ado para uso diario prolongado<\/td>\n<\/tr>\n<tr>\n<td>Sistema de e-l\u00edquido<\/td>\n<td>Tanques duales: 2 \u00d7 20ml (40ml en total)<\/td>\n<td>Soporta la alta calificaci\u00f3n de caladas y sesiones largas<\/td>\n<\/tr>\n<tr>\n<td>Tipo de Bobina<\/td>\n<td>Bobinas de malla dual 0.9\u03a9 + 0.9\u03a9<\/td>\n<td>Calentamiento uniforme para vapor suave y entrega de sabor intenso<\/td>\n<\/tr>\n<tr>\n<td>Bater\u00eda<\/td>\n<td>Recarcable de 850mAh<\/td>\n<td>Recarga para terminar ambos tanques en lugar de desecharlos temprano<\/td>\n<\/tr>\n<tr>\n<td>Carga<\/td>\n<td>Tipo-C<\/td>\n<td>Carga r\u00e1pida con cables modernos de la UE<\/td>\n<\/tr>\n<tr>\n<td>Pantalla<\/td>\n<td>Pantalla inteligente LED<\/td>\n<td>Muestra en tiempo real los niveles de bater\u00eda y e-l\u00edquido<\/td>\n<\/tr>\n<tr>\n<td>Opciones de nicotina<\/td>\n<td>0% \/ 2% \/ 3% \/ 5%<\/td>\n<td>Apto para usuarios sin nicotina, moderados y pesados<\/td>\n<\/tr>\n<tr>\n<td>Dise\u00f1o del cuerpo<\/td>\n<td>Cuerpo de cristal premium<\/td>\n<td>Aspecto elegante de \u201cCrytal vape\u201d con dise\u00f1o compacto y port\u00e1til<\/td>\n<\/tr>\n<\/tbody>\n<\/table>\n<figure id=\"attachment_4473\" aria-describedby=\"caption-attachment-4473\" style=\"width: 300px\" class=\"wp-caption alignnone\"><img decoding=\"async\" class=\"size-medium wp-image-4473\" src=\"https:\/\/vapestornado.com\/wp-content\/uploads\/2025\/10\/UZY-50000-Puffs-2-in-1-Disposable-Vapor-300x300.webp\" alt=\"Vapor desechable UZY 50000 Puffs 2 en 1\" width=\"300\" height=\"300\" srcset=\"https:\/\/vapestornado.com\/wp-content\/uploads\/2025\/10\/UZY-50000-Puffs-2-in-1-Disposable-Vapor-300x300.webp 300w, https:\/\/vapestornado.com\/wp-content\/uploads\/2025\/10\/UZY-50000-Puffs-2-in-1-Disposable-Vapor-150x150.webp 150w, https:\/\/vapestornado.com\/wp-content\/uploads\/2025\/10\/UZY-50000-Puffs-2-in-1-Disposable-Vapor-768x768.webp 768w, https:\/\/vapestornado.com\/wp-content\/uploads\/2025\/10\/UZY-50000-Puffs-2-in-1-Disposable-Vapor-12x12.webp 12w, https:\/\/vapestornado.com\/wp-content\/uploads\/2025\/10\/UZY-50000-Puffs-2-in-1-Disposable-Vapor-600x600.webp 600w, https:\/\/vapestornado.com\/wp-content\/uploads\/2025\/10\/UZY-50000-Puffs-2-in-1-Disposable-Vapor-100x100.webp 100w, https:\/\/vapestornado.com\/wp-content\/uploads\/2025\/10\/UZY-50000-Puffs-2-in-1-Disposable-Vapor.webp 800w\" sizes=\"(max-width: 300px) 100vw, 300px\" \/><figcaption id=\"caption-attachment-4473\" class=\"wp-caption-text\">Vapor desechable UZY 50000 Puffs 2 en 1<\/figcaption><\/figure>\n<h2 class=\"product-title\"><strong>Lista de sabores del vape desechable UZY 50000 Puff 50k<\/strong><\/h2>\n<p>1. Ar\u00e1ndano con hielo y Durazno de verano con hielo<br \/>\n2. Kiwi Fruta de la pasi\u00f3n Guayaba y Frambuesa de ar\u00e1ndano<br \/>\n3. Fresa Kiwi y Uva con hielo<br \/>\n4.Kiwi Fruta de la Pasi\u00f3n Guayaba<br \/>\n5. Fresa Sand\u00eda y Lim\u00f3n Lima<br \/>\n6. Frambuesa de ar\u00e1ndano y Cereza con hielo<br \/>\n7. Fresa Frambuesa Cereza y Mr Blue<br \/>\n8. Durazno Mango Pi\u00f1a y Red Bull<br \/>\n9.Helado de Sand\u00eda y Frutas Mixtas<br \/>\n10.Fresa Banana y Amor 66<\/p>\n<div class=\"flex-shrink-0 flex flex-col relative items-end\">\n<div class=\"pt-0\">\n<div class=\"gizmo-bot-avatar flex h-8 w-8 items-center justify-center overflow-hidden rounded-full\">\n<div class=\"relative p-1 rounded-sm flex items-center justify-center bg-token-main-surface-primary text-token-text-primary h-8 w-8\">\n<h2 data-start=\"1200\" data-end=\"1487\">Vapes Tornado \u2013 Tu tienda mayorista en l\u00ednea de vapeo con las mejores marcas<\/h2>\n<p data-start=\"1200\" data-end=\"1487\">Vapes Tornado Tienda de Humo en L\u00ednea es tu destino confiable para <strong data-start=\"66\" data-end=\"94\">vapers desechables de primera calidad<\/strong> y el <strong data-start=\"99\" data-end=\"125\">cigarrillos electr\u00f3nicos al por mayor<\/strong> en toda Europa. Disponemos de marcas populares de vapeo como <a href=\"https:\/\/vapestornado.com\/es\/product\/elf-bar-raya-d3-25000-puffs-best-disposable-vape-wholesale-in-uk\/\">Vape de Elf Bar<\/a>, <strong data-start=\"175\" data-end=\"228\"><a href=\"https:\/\/vapestornado.com\/es\/product\/fumot-randm-tornado-15000-puffs-rechargeable-disposable-vape-wholesale\/\">Fumot Vape<\/a>, <a href=\"https:\/\/vapestornado.com\/es\/product\/waspe-150k-150000-puff-6-in-1-disposable-vape-pen-cartridge-best-wholesale-price-in-poland\/\">Waspe Vape<\/a>, Vape Vozol Bar, <a href=\"https:\/\/vapestornado.com\/es\/product-category\/bang-vape\/\">Bang Vaper<\/a><\/strong>, y muchas otras\u2014ofreciendo calidad excepcional, opciones de sabores diversas y dise\u00f1os innovadores. Ya seas un usuario personal o un comprador al por mayor, <strong data-start=\"372\" data-end=\"389\">Vapes Tornado<\/strong> ofrece dispositivos de alto rendimiento, estilos elegantes y precios mayoristas inigualables para satisfacer tus necesidades de vapeo.<\/p>\n<h2 data-start=\"2064\" data-end=\"2115\">Preguntas frecuentes sobre UZY 50000 Puff 50k Vape Box<\/h2>\n<ol data-start=\"3177\" data-end=\"4488\">\n<li data-start=\"3177\" data-end=\"3447\">\n<p data-start=\"3180\" data-end=\"3447\"><strong data-start=\"3180\" data-end=\"3271\">\u00bfC\u00f3mo ayuda el dise\u00f1o de los tanques UZY 50000 Puff 2\u00d720ml a alcanzar 50,000 caladas en uso real?<\/strong><br data-start=\"3271\" data-end=\"3274\" \/>Dos <strong data-start=\"3287\" data-end=\"3301\">tanques de 20ml<\/strong> proporcionan una mayor capacidad total y mantienen un rendimiento m\u00e1s estable durante un uso prolongado, apoyando mejor la vida \u00fatil de clase 50K que los reservorios peque\u00f1os \u00fanicos.<\/p>\n<\/li>\n<li data-start=\"3449\" data-end=\"3695\">\n<p data-start=\"3452\" data-end=\"3695\"><strong data-start=\"3452\" data-end=\"3542\">\u00bfMejora la configuraci\u00f3n de bobinas de malla dual 0.9\u03a9+0.9\u03a9 del UZY 50K la consistencia del sabor con el tiempo?<\/strong><br data-start=\"3542\" data-end=\"3545\" \/>S\u00ed. Las bobinas de malla dual calientan de manera uniforme, ayudando a que el sabor permanezca m\u00e1s completo y el vapor sea m\u00e1s suave en el interior del tanque en comparaci\u00f3n con los desechables de bobina simple b\u00e1sicos.<\/p>\n<\/li>\n<li data-start=\"3697\" data-end=\"3927\">\n<p data-start=\"3700\" data-end=\"3927\"><strong data-start=\"3700\" data-end=\"3780\">\u00bfEs necesaria la funci\u00f3n recargable Type-C del UZY 50000 Puff en un dispositivo de 50K?<\/strong><br data-start=\"3780\" data-end=\"3783\" \/>Por supuesto. Los desechables de alta capacidad pueden durar m\u00e1s que su bater\u00eda; la recarga Type-C evita su eliminaci\u00f3n temprana y te ayuda a terminar ambos tanques.<\/p>\n<\/li>\n<li data-start=\"3929\" data-end=\"4194\">\n<p data-start=\"3932\" data-end=\"4194\"><strong data-start=\"3932\" data-end=\"4034\">\u00bfQu\u00e9 beneficio pr\u00e1ctico ofrece la pantalla inteligente LED del UZY 50000 Puff en comparaci\u00f3n con los desechables sin pantalla?<\/strong><br data-start=\"4034\" data-end=\"4037\" \/>Muestra los niveles de bater\u00eda y e-l\u00edquido, ayud\u00e1ndote a planificar la carga y evitar cortes sorpresivos, especialmente \u00fatil cuando viajas o dependes de un solo dispositivo a diario.<\/p>\n<\/li>\n<li data-start=\"4196\" data-end=\"4488\">\n<p data-start=\"4199\" data-end=\"4488\"><strong data-start=\"4199\" data-end=\"4315\">\u00bfEs el vape cristal UZY 50K una buena opci\u00f3n para quienes comparan precios econ\u00f3micos en una tienda de cigarrillos electr\u00f3nicos?<\/strong><br data-start=\"4315\" data-end=\"4318\" \/>S\u00ed. Combina capacidad de larga duraci\u00f3n, sabores duales y usabilidad recargable\u2014caracter\u00edsticas que a menudo justifican el valor incluso cuando los compradores se centran en <strong data-start=\"4461\" data-end=\"4481\">precio barato de vapeo<\/strong> ofertas.<\/p>\n<\/li>\n<\/ol>\n<\/div>\n<\/div>\n<\/div>\n<\/div>","protected":false},"excerpt":{"rendered":"<p>UZY 50000 Puff (UZY 50K) vape desechable 2-en-1 de doble sabor con doble dep\u00f3sito de 20ml, doble bobinas de malla de 0.9\u03a9, bater\u00eda recargable Type-C de 850mAh y pantalla inteligente LED. Cuerpo de cristal \u201cCrytal vape\u201d para vapear 50k que buscan larga duraci\u00f3n y gran valor a un precio econ\u00f3mico de vapeo.<\/p>\n<p><strong>\u00a1A\u00f1ade el WhatsApp de Amy para obtener una respuesta correcta y un precio con descuento!<\/strong><\/p>\n<p><img fetchpriority=\"high\" decoding=\"async\" class=\"size-full wp-image-2932\" src=\"https:\/\/vapestornado.com\/wp-content\/uploads\/2024\/12\/Vape-Wholesale.jpg\" alt=\"Vape al por mayor\" width=\"229\" height=\"300\" \/><\/p>\n<h3><a href=\"https:\/\/wa.me\/8617776015835\"><span style=\"color: #ff0000;\"><strong>WhatsApp: +86 17776015835<\/strong><\/span><\/a><\/h3>","protected":false},"featured_media":4474,"comment_status":"open","ping_status":"closed","template":"","meta":{"_acf_changed":false,"_uag_custom_page_level_css":"","_lmt_disableupdate":"no","_lmt_disable":"","_monsterinsights_skip_tracking":false,"_monsterinsights_sitenote_active":false,"_monsterinsights_sitenote_note":"","_monsterinsights_sitenote_category":0,"site-sidebar-layout":"default","site-content-layout":"","ast-site-content-layout":"default","site-content-style":"default","site-sidebar-style":"default","ast-global-header-display":"","ast-banner-title-visibility":"","ast-main-header-display":"","ast-hfb-above-header-display":"","ast-hfb-below-header-display":"","ast-hfb-mobile-header-display":"","site-post-title":"","ast-breadcrumbs-content":"","ast-featured-img":"","footer-sml-layout":"","ast-disable-related-posts":"","theme-transparent-header-meta":"default","adv-header-id-meta":"","stick-header-meta":"","header-above-stick-meta":"","header-main-stick-meta":"","header-below-stick-meta":"","astra-migrate-meta-layouts":"set","ast-page-background-enabled":"default","ast-page-background-meta":{"desktop":{"background-color":"","background-image":"","background-repeat":"repeat","background-position":"center center","background-size":"auto","background-attachment":"scroll","background-type":"","background-media":"","overlay-type":"","overlay-color":"","overlay-opacity":"","overlay-gradient":""},"tablet":{"background-color":"","background-image":"","background-repeat":"repeat","background-position":"center center","background-size":"auto","background-attachment":"scroll","background-type":"","background-media":"","overlay-type":"","overlay-color":"","overlay-opacity":"","overlay-gradient":""},"mobile":{"background-color":"","background-image":"","background-repeat":"repeat","background-position":"center center","background-size":"auto","background-attachment":"scroll","background-type":"","background-media":"","overlay-type":"","overlay-color":"","overlay-opacity":"","overlay-gradient":""}},"ast-content-background-meta":{"desktop":{"background-color":"var(--ast-global-color-5)","background-image":"","background-repeat":"repeat","background-position":"center center","background-size":"auto","background-attachment":"scroll","background-type":"","background-media":"","overlay-type":"","overlay-color":"","overlay-opacity":"","overlay-gradient":""},"tablet":{"background-color":"var(--ast-global-color-5)","background-image":"","background-repeat":"repeat","background-position":"center center","background-size":"auto","background-attachment":"scroll","background-type":"","background-media":"","overlay-type":"","overlay-color":"","overlay-opacity":"","overlay-gradient":""},"mobile":{"background-color":"var(--ast-global-color-5)","background-image":"","background-repeat":"repeat","background-position":"center center","background-size":"auto","background-attachment":"scroll","background-type":"","background-media":"","overlay-type":"","overlay-color":"","overlay-opacity":"","overlay-gradient":""}},"_joinchat":[]},"product_brand":[],"product_cat":[192,156,157,158,141,142,143,357,356],"product_tag":[403,406,390,408,397],"class_list":{"0":"post-4475","1":"product","2":"type-product","3":"status-publish","4":"has-post-thumbnail","6":"product_cat-50000-puff","7":"product_cat-buy-disposable-vapes-in-poland","8":"product_cat-buy-disposable-vapes-in-portugal","9":"product_cat-buy-disposable-vapes-in-spain","10":"product_cat-crystal-disposable-vapes","11":"product_cat-digital-box-disposable-vapes","12":"product_cat-dual-mesh-disposable-vapes","13":"product_cat-flavor-adjustable-vape","14":"product_cat-uzy-vape","15":"product_tag-disposable-vape-box","16":"product_tag-disposable-vape-fast-shipping","17":"product_tag-online-vape-shop","18":"product_tag-uzy-50000-puff","19":"product_tag-vapor","20":"desktop-align-left","21":"tablet-align-left","22":"mobile-align-left","24":"first","25":"instock","26":"sale","27":"shipping-taxable","28":"purchasable","29":"product-type-simple"},"acf":[],"uagb_featured_image_src":{"full":["https:\/\/vapestornado.com\/wp-content\/uploads\/2025\/10\/UZY-Crystal-Twin-50000-Puffs-Wholesale-Disposable-Vape.webp",800,800,false],"thumbnail":["https:\/\/vapestornado.com\/wp-content\/uploads\/2025\/10\/UZY-Crystal-Twin-50000-Puffs-Wholesale-Disposable-Vape-150x150.webp",150,150,true],"medium":["https:\/\/vapestornado.com\/wp-content\/uploads\/2025\/10\/UZY-Crystal-Twin-50000-Puffs-Wholesale-Disposable-Vape-300x300.webp",300,300,true],"medium_large":["https:\/\/vapestornado.com\/wp-content\/uploads\/2025\/10\/UZY-Crystal-Twin-50000-Puffs-Wholesale-Disposable-Vape-768x768.webp",768,768,true],"large":["https:\/\/vapestornado.com\/wp-content\/uploads\/2025\/10\/UZY-Crystal-Twin-50000-Puffs-Wholesale-Disposable-Vape.webp",800,800,false],"1536x1536":["https:\/\/vapestornado.com\/wp-content\/uploads\/2025\/10\/UZY-Crystal-Twin-50000-Puffs-Wholesale-Disposable-Vape.webp",800,800,false],"2048x2048":["https:\/\/vapestornado.com\/wp-content\/uploads\/2025\/10\/UZY-Crystal-Twin-50000-Puffs-Wholesale-Disposable-Vape.webp",800,800,false],"trp-custom-language-flag":["https:\/\/vapestornado.com\/wp-content\/uploads\/2025\/10\/UZY-Crystal-Twin-50000-Puffs-Wholesale-Disposable-Vape-12x12.webp",12,12,true],"woocommerce_thumbnail":["https:\/\/vapestornado.com\/wp-content\/uploads\/2025\/10\/UZY-Crystal-Twin-50000-Puffs-Wholesale-Disposable-Vape-300x300.webp",300,300,true],"woocommerce_single":["https:\/\/vapestornado.com\/wp-content\/uploads\/2025\/10\/UZY-Crystal-Twin-50000-Puffs-Wholesale-Disposable-Vape-600x600.webp",600,600,true],"woocommerce_gallery_thumbnail":["https:\/\/vapestornado.com\/wp-content\/uploads\/2025\/10\/UZY-Crystal-Twin-50000-Puffs-Wholesale-Disposable-Vape-100x100.webp",100,100,true]},"uagb_author_info":{"display_name":"ESAMY","author_link":"https:\/\/vapestornado.com\/es\/author\/"},"uagb_comment_info":1,"uagb_excerpt":"UZY 50000 Puff (UZY 50K) 2-in-1 double flavour disposable vape with dual 20ml tanks, dual 0.9\u03a9 mesh coils, 850mAh Type-C rechargeable battery and LED smart screen. Crystal-body \u201cCrytal vape\u201d for vapers 50k seeking long runtime and strong value at vape cheap price. Add Amy's whatsapp to get right reply and discount price! WhatsApp: +86 17776015835","_links":{"self":[{"href":"https:\/\/vapestornado.com\/es\/wp-json\/wp\/v2\/product\/4475","targetHints":{"allow":["GET"]}}],"collection":[{"href":"https:\/\/vapestornado.com\/es\/wp-json\/wp\/v2\/product"}],"about":[{"href":"https:\/\/vapestornado.com\/es\/wp-json\/wp\/v2\/types\/product"}],"replies":[{"embeddable":true,"href":"https:\/\/vapestornado.com\/es\/wp-json\/wp\/v2\/comments?post=4475"}],"wp:featuredmedia":[{"embeddable":true,"href":"https:\/\/vapestornado.com\/es\/wp-json\/wp\/v2\/media\/4474"}],"wp:attachment":[{"href":"https:\/\/vapestornado.com\/es\/wp-json\/wp\/v2\/media?parent=4475"}],"wp:term":[{"taxonomy":"product_brand","embeddable":true,"href":"https:\/\/vapestornado.com\/es\/wp-json\/wp\/v2\/product_brand?post=4475"},{"taxonomy":"product_cat","embeddable":true,"href":"https:\/\/vapestornado.com\/es\/wp-json\/wp\/v2\/product_cat?post=4475"},{"taxonomy":"product_tag","embeddable":true,"href":"https:\/\/vapestornado.com\/es\/wp-json\/wp\/v2\/product_tag?post=4475"}],"curies":[{"name":"wp","href":"https:\/\/api.w.org\/{rel}","templated":true}]}}