{"id":4411,"date":"2025-10-05T07:54:46","date_gmt":"2025-10-05T07:54:46","guid":{"rendered":"https:\/\/vapestornado.com\/?post_type=product&#038;p=4411"},"modified":"2025-09-30T09:13:19","modified_gmt":"2025-09-30T09:13:19","slug":"aivono-flame-30000-puffs-disposable-e-vapor-wholesale-at-low-price","status":"publish","type":"product","link":"https:\/\/vapestornado.com\/es\/product\/aivono-flame-30000-puffs-disposable-e-vapor-wholesale-at-low-price\/","title":{"rendered":"AIVONO FLAME 30000 Caladas Desechable E Vapor Mayorista a Bajo Precio"},"content":{"rendered":"<h2 data-pm-slice=\"1 1 []\">AIVONO FLAME 30000 Vape Desechable \u2013 E Vapor Pen al Por Mayor<\/h2>\n<p data-start=\"232\" data-end=\"653\">El <strong data-start=\"236\" data-end=\"278\">AIVONO FLAME 30000 Vape Desechable<\/strong> est\u00e1 construido para el mercado mayorista europeo, entregando hasta <strong data-start=\"340\" data-end=\"356\">30,000 caladas<\/strong> de un <strong data-start=\"364\" data-end=\"386\">tanque de e-l\u00edquido de 25mL<\/strong>. Dise\u00f1ado como un <strong data-start=\"410\" data-end=\"420\">vape<\/strong> opci\u00f3n premium, brinda a los usuarios la plena satisfacci\u00f3n de un <strong data-start=\"471\" data-end=\"490\">vapor de cigarrillo<\/strong> alternativa con rico sabor y suave calada. Los minoristas se benefician de su dise\u00f1o de larga duraci\u00f3n, que reduce la frecuencia de reemplazo y aumenta el potencial de ventas.<\/p>\n<p data-start=\"655\" data-end=\"1065\">Alimentado por una <strong data-start=\"668\" data-end=\"720\">Bater\u00eda recargable de 650mAh con carga Tipo-C<\/strong>, el <strong data-start=\"726\" data-end=\"746\">AIVONO FLAME 30k<\/strong> est\u00e1 hecho para un rendimiento constante. El <strong data-start=\"787\" data-end=\"810\">bobina de malla dual de 1.2\u03a9<\/strong> produce nubes densas y una claridad de sabor puro, mientras que el <strong data-start=\"868\" data-end=\"898\">flujo de aire ajustable de 2 velocidades<\/strong> permite a los usuarios elegir entre una inhalaci\u00f3n MTL m\u00e1s ajustada o una sensaci\u00f3n RDL m\u00e1s suelta. Su <strong data-start=\"972\" data-end=\"992\">pantalla LED dual<\/strong> mantiene a los usuarios en control, mostrando la bater\u00eda en tiempo real y los niveles de e-l\u00edquido.<\/p>\n<p data-start=\"1067\" data-end=\"1483\">Disponible a precios de mayorista a trav\u00e9s de <strong data-start=\"1114\" data-end=\"1134\">tienda de vapeo online<\/strong> socios de confianza, el <strong data-start=\"1149\" data-end=\"1171\">AIVONO FLAME 30000<\/strong> viene en sabores superiores como Mango Ice, Grape Ice, Blueberry Ice, Blueberry Raspberry Pomegranate y Strawberry Watermelon. Con <strong data-start=\"1300\" data-end=\"1325\">protecci\u00f3n de bloqueo infantil<\/strong> y construcci\u00f3n duradera, este desechable<strong data-start=\"1368\" data-end=\"1393\">\u00a0bol\u00edgrafo de vape<\/strong> es la opci\u00f3n inteligente para distribuidores y usuarios finales europeos.<\/p>\n<p><strong><span style=\"color: #ff0000;\">\u00a1A\u00f1ade el whatsapp de Amy para obtener una respuesta inmediata y cup\u00f3n para vaper!<\/span><\/strong><\/p>\n<p><img fetchpriority=\"high\" decoding=\"async\" class=\"size-full wp-image-2932\" src=\"https:\/\/vapestornado.com\/wp-content\/uploads\/2024\/12\/Vape-Wholesale.jpg\" alt=\"Vape al por mayor\" width=\"229\" height=\"300\" \/><\/p>\n<h3><a href=\"https:\/\/wa.me\/8617776015835\" target=\"_blank\" rel=\"noopener\"><span style=\"color: #ff0000;\"><strong>WhatsApp: +86 17776015835<\/strong><\/span><\/a><\/h3>\n<p>&nbsp;<\/p>\n<h2><strong>Caracter\u00edsticas del producto AIVONO AIM FLAME 30000 Puff<\/strong><\/h2>\n<ul>\n<li data-start=\"1288\" data-end=\"1365\">\n<p data-start=\"1290\" data-end=\"1365\"><strong data-start=\"1290\" data-end=\"1312\">Hasta 30,000 inhalaciones<\/strong> \u2013 Construido para uso prolongado y eficiencia al por mayor.<\/p>\n<\/li>\n<li data-start=\"1366\" data-end=\"1439\">\n<p data-start=\"1368\" data-end=\"1439\"><strong data-start=\"1368\" data-end=\"1390\">tanque de e-l\u00edquido de 25mL<\/strong> \u2013 Sesiones de vapeo m\u00e1s largas sin reemplazos.<\/p>\n<\/li>\n<li data-start=\"1440\" data-end=\"1518\">\n<p data-start=\"1442\" data-end=\"1518\"><strong data-start=\"1442\" data-end=\"1473\">bater\u00eda recargable de 650 mAh<\/strong> \u2013 R\u00e1pido <strong data-start=\"1481\" data-end=\"1500\">carga Tipo-C<\/strong> lo mantiene listo.<\/p>\n<\/li>\n<li data-start=\"1519\" data-end=\"1596\">\n<p data-start=\"1521\" data-end=\"1596\"><strong data-start=\"1521\" data-end=\"1546\">Bobina de malla dual (1.2\u03a9)<\/strong> \u2013 Sabor m\u00e1s rico y consistencia de vapor m\u00e1s suave.<\/p>\n<\/li>\n<li data-start=\"1597\" data-end=\"1672\">\n<p data-start=\"1599\" data-end=\"1672\"><strong data-start=\"1599\" data-end=\"1629\">Flujo de aire ajustable de 2 velocidades<\/strong> \u2013 Cambiar entre <strong data-start=\"1647\" data-end=\"1669\">Vapeo MTL y DTL<\/strong>.<\/p>\n<\/li>\n<li data-start=\"1673\" data-end=\"1736\">\n<p data-start=\"1675\" data-end=\"1736\"><strong data-start=\"1675\" data-end=\"1696\">Seguridad con bloqueo infantil<\/strong> \u2013 Protecci\u00f3n adicional para tranquilidad.<\/p>\n<\/li>\n<li data-start=\"1737\" data-end=\"1804\">\n<p data-start=\"1739\" data-end=\"1804\"><strong data-start=\"1739\" data-end=\"1759\">pantalla LED dual<\/strong> \u2013 Seguimiento en tiempo real del e-l\u00edquido y la bater\u00eda.<\/p>\n<\/li>\n<\/ul>\n<p>&nbsp;<\/p>\n<figure id=\"attachment_4409\" aria-describedby=\"caption-attachment-4409\" style=\"width: 300px\" class=\"wp-caption alignnone\"><img decoding=\"async\" class=\"size-medium wp-image-4409\" src=\"https:\/\/vapestornado.com\/wp-content\/uploads\/2025\/09\/Aivono-Flame-30k-30000-Puffs-Disposable-Vape-Box-300x300.webp\" alt=\"Caja de Vapeo Desechable Aivono Flame 30k 30000 Puff\" width=\"300\" height=\"300\" srcset=\"https:\/\/vapestornado.com\/wp-content\/uploads\/2025\/09\/Aivono-Flame-30k-30000-Puffs-Disposable-Vape-Box-300x300.webp 300w, https:\/\/vapestornado.com\/wp-content\/uploads\/2025\/09\/Aivono-Flame-30k-30000-Puffs-Disposable-Vape-Box-150x150.webp 150w, https:\/\/vapestornado.com\/wp-content\/uploads\/2025\/09\/Aivono-Flame-30k-30000-Puffs-Disposable-Vape-Box-768x768.webp 768w, https:\/\/vapestornado.com\/wp-content\/uploads\/2025\/09\/Aivono-Flame-30k-30000-Puffs-Disposable-Vape-Box-12x12.webp 12w, https:\/\/vapestornado.com\/wp-content\/uploads\/2025\/09\/Aivono-Flame-30k-30000-Puffs-Disposable-Vape-Box-600x600.webp 600w, https:\/\/vapestornado.com\/wp-content\/uploads\/2025\/09\/Aivono-Flame-30k-30000-Puffs-Disposable-Vape-Box-100x100.webp 100w, https:\/\/vapestornado.com\/wp-content\/uploads\/2025\/09\/Aivono-Flame-30k-30000-Puffs-Disposable-Vape-Box.webp 800w\" sizes=\"(max-width: 300px) 100vw, 300px\" \/><figcaption id=\"caption-attachment-4409\" class=\"wp-caption-text\">Caja de Vapeo Desechable Aivono Flame 30k 30000 Puff<\/figcaption><\/figure>\n<p>&nbsp;<\/p>\n<h2 class=\"product-title\"><strong>Lista de Sabores de AIVONOFLAME 30000 Puff<\/strong><\/h2>\n<p data-start=\"2550\" data-end=\"2736\">1. Mango Hielo<br \/>\n2. Rape Hielo<br \/>\n3. Hielo de ar\u00e1ndanos<br \/>\n4. Ar\u00e1ndano Frambuesa Granada<br \/>\n5. Sand\u00eda Fresa<\/p>\n<div class=\"flex-shrink-0 flex flex-col relative items-end\">\n<div class=\"pt-0\">\n<div class=\"gizmo-bot-avatar flex h-8 w-8 items-center justify-center overflow-hidden rounded-full\">\n<div class=\"relative p-1 rounded-sm flex items-center justify-center bg-token-main-surface-primary text-token-text-primary h-8 w-8\">\n<h2 data-start=\"1200\" data-end=\"1487\">Vapes Tornado \u2013 Tu tienda mayorista en l\u00ednea de vapeo con las mejores marcas<\/h2>\n<p data-start=\"1200\" data-end=\"1487\"><strong data-start=\"141\" data-end=\"177\">Tienda de vapores en l\u00ednea Tornado Vape<\/strong> es tu fuente confiable para <strong data-start=\"205\" data-end=\"270\">vaporizadores desechables premium y cigarrillos electr\u00f3nicos al por mayor en Europa<\/strong>. Contamos con marcas l\u00edderes en ventas como <strong data-start=\"307\" data-end=\"362\"><a href=\"https:\/\/vapestornado.com\/es\/product\/randm-12000-puffs-fumot-digital-disposable-vape-wholesale-price\/\">Fumot VAPE<\/a>, <a href=\"https:\/\/vapestornado.com\/es\/product\/original-wga-ultra-35k-35000-puff-rechargeable-crystal-disposable-nicotine-vape-best-discount-price\/\">WGA VAPE<\/a>, <\/strong><strong data-start=\"307\" data-end=\"362\"><a href=\"https:\/\/vapestornado.com\/es\/product\/vozol-gear-shisha-25k-25000-puffs-best-dtl-disposable-vape-hookah-cheap-price\/\">VOZOL BAR VAPE<\/a>, \u00a0 Bang Vape<\/strong>, y m\u00e1s, asegurando calidad y variedad para cada cliente. Ya seas un vaporizador individual o un comprador mayorista, entregamos <strong data-start=\"481\" data-end=\"550\">dispositivos de alto rendimiento, dise\u00f1os elegantes y precios competitivos<\/strong> para satisfacer tus necesidades.<\/p>\n<h2 data-start=\"2064\" data-end=\"2115\">Preguntas frecuentes sobre AIVONO 30000 Puff Disposable Vape<\/h2>\n<p data-start=\"1856\" data-end=\"2020\"><strong data-start=\"1856\" data-end=\"1903\">1. \u00bfCu\u00e1nto dura el AIVONO FLAME 30K?<\/strong><br data-start=\"1903\" data-end=\"1906\" \/>Cada dispositivo proporciona hasta <strong data-start=\"1933\" data-end=\"1949\">30,000 caladas<\/strong>, convirti\u00e9ndolo en uno de los vaporizadores desechables de mayor duraci\u00f3n en su categor\u00eda.<\/p>\n<p data-start=\"2022\" data-end=\"2154\"><strong data-start=\"2022\" data-end=\"2057\">2. \u00bfLa bater\u00eda es recargable?<\/strong><br data-start=\"2057\" data-end=\"2060\" \/>S\u00ed. Viene con un <strong data-start=\"2081\" data-end=\"2112\">bater\u00eda recargable de 650 mAh<\/strong> y el <strong data-start=\"2117\" data-end=\"2132\">puerto tipo C<\/strong> para una carga r\u00e1pida.<\/p>\n<p data-start=\"2156\" data-end=\"2307\"><strong data-start=\"2156\" data-end=\"2198\">3. \u00bfSoporta flujo de aire ajustable?<\/strong><br data-start=\"2198\" data-end=\"2201\" \/>S\u00ed. El <strong data-start=\"2210\" data-end=\"2234\">control de flujo de aire dual<\/strong> permite a los usuarios cambiar entre <strong data-start=\"2261\" data-end=\"2280\">inhalaciones MTL ajustadas<\/strong> y el <strong data-start=\"2285\" data-end=\"2304\">y golpes DTL m\u00e1s sueltos<\/strong>.<\/p>\n<p data-start=\"2309\" data-end=\"2532\"><strong data-start=\"2309\" data-end=\"2358\">4. \u00bfQu\u00e9 lo hace mejor para compradores al por mayor?<\/strong><br data-start=\"2358\" data-end=\"2361\" \/>El <strong data-start=\"2365\" data-end=\"2426\">gran capacidad de caladas, dise\u00f1o recargable y pantalla LED<\/strong> aumentan la satisfacci\u00f3n del cliente y las ventas repetidas, lo que lo hace ideal para <strong data-start=\"2496\" data-end=\"2529\">distribuidores de tiendas de vapeo en l\u00ednea<\/strong>.<\/p>\n<p data-start=\"2534\" data-end=\"2693\"><strong data-start=\"2534\" data-end=\"2568\">5. \u00bfQu\u00e9 sabores est\u00e1n disponibles?<\/strong><br data-start=\"2568\" data-end=\"2571\" \/>Los sabores principales incluyen <strong data-start=\"2591\" data-end=\"2690\">Mango Ice, Uva Ice, Ar\u00e1ndano Blueberry, Granada Blueberry Raspberry y Fresa Sand\u00eda<\/strong>.<\/p>\n<\/div>\n<\/div>\n<\/div>\n<\/div>","protected":false},"excerpt":{"rendered":"<p data-start=\"2637\" data-end=\"2714\">AIVONO FLAME 30000 Vape Desechable \u2013 30K Caladas E Vapor Mayorista Europa<br \/>\nComprar AIVONO FLAME 30K Caladas Pantalla LED E Shisha Pen \u2013 Tienda Vape Online EU<br \/>\nAIVONO FLAME 30000 Caladas Cigarrillo Electr\u00f3nico Vapor \u2013 El Mejor Vape Desechable al Por Mayor<\/p>\n<p><strong>\u00a1A\u00f1ade el WhatsApp de Amy para obtener una respuesta correcta y un precio con descuento!<\/strong><\/p>\n<p><img fetchpriority=\"high\" decoding=\"async\" class=\"size-full wp-image-2932\" src=\"https:\/\/vapestornado.com\/wp-content\/uploads\/2024\/12\/Vape-Wholesale.jpg\" alt=\"Vape al por mayor\" width=\"229\" height=\"300\" \/><\/p>\n<h3><a href=\"https:\/\/wa.me\/8617776015835\"><span style=\"color: #ff0000;\"><strong>WhatsApp: +86 17776015835<\/strong><\/span><\/a><\/h3>","protected":false},"featured_media":4405,"comment_status":"open","ping_status":"closed","template":"","meta":{"_acf_changed":false,"_uag_custom_page_level_css":"","_lmt_disableupdate":"no","_lmt_disable":"","_monsterinsights_skip_tracking":false,"_monsterinsights_sitenote_active":false,"_monsterinsights_sitenote_note":"","_monsterinsights_sitenote_category":0,"site-sidebar-layout":"default","site-content-layout":"","ast-site-content-layout":"default","site-content-style":"default","site-sidebar-style":"default","ast-global-header-display":"","ast-banner-title-visibility":"","ast-main-header-display":"","ast-hfb-above-header-display":"","ast-hfb-below-header-display":"","ast-hfb-mobile-header-display":"","site-post-title":"","ast-breadcrumbs-content":"","ast-featured-img":"","footer-sml-layout":"","ast-disable-related-posts":"","theme-transparent-header-meta":"default","adv-header-id-meta":"","stick-header-meta":"","header-above-stick-meta":"","header-main-stick-meta":"","header-below-stick-meta":"","astra-migrate-meta-layouts":"set","ast-page-background-enabled":"default","ast-page-background-meta":{"desktop":{"background-color":"","background-image":"","background-repeat":"repeat","background-position":"center center","background-size":"auto","background-attachment":"scroll","background-type":"","background-media":"","overlay-type":"","overlay-color":"","overlay-opacity":"","overlay-gradient":""},"tablet":{"background-color":"","background-image":"","background-repeat":"repeat","background-position":"center center","background-size":"auto","background-attachment":"scroll","background-type":"","background-media":"","overlay-type":"","overlay-color":"","overlay-opacity":"","overlay-gradient":""},"mobile":{"background-color":"","background-image":"","background-repeat":"repeat","background-position":"center center","background-size":"auto","background-attachment":"scroll","background-type":"","background-media":"","overlay-type":"","overlay-color":"","overlay-opacity":"","overlay-gradient":""}},"ast-content-background-meta":{"desktop":{"background-color":"var(--ast-global-color-5)","background-image":"","background-repeat":"repeat","background-position":"center center","background-size":"auto","background-attachment":"scroll","background-type":"","background-media":"","overlay-type":"","overlay-color":"","overlay-opacity":"","overlay-gradient":""},"tablet":{"background-color":"var(--ast-global-color-5)","background-image":"","background-repeat":"repeat","background-position":"center center","background-size":"auto","background-attachment":"scroll","background-type":"","background-media":"","overlay-type":"","overlay-color":"","overlay-opacity":"","overlay-gradient":""},"mobile":{"background-color":"var(--ast-global-color-5)","background-image":"","background-repeat":"repeat","background-position":"center center","background-size":"auto","background-attachment":"scroll","background-type":"","background-media":"","overlay-type":"","overlay-color":"","overlay-opacity":"","overlay-gradient":""}},"_joinchat":[]},"product_brand":[],"product_cat":[67,176,150,151,142,146],"product_tag":[389,387,388,390,386],"class_list":{"0":"post-4411","1":"product","2":"type-product","3":"status-publish","4":"has-post-thumbnail","6":"product_cat-30000-puff","7":"product_cat-aivono-vape","8":"product_cat-buy-disposable-vapes-in-belgium","9":"product_cat-buy-disposable-vapes-in-france","10":"product_cat-digital-box-disposable-vapes","11":"product_cat-rechargeable-disposable-vapes","12":"product_tag-aivono-flame-30000","13":"product_tag-cigarette-vapor","14":"product_tag-e-vape","15":"product_tag-online-vape-shop","16":"product_tag-vape-pen","17":"desktop-align-left","18":"tablet-align-left","19":"mobile-align-left","21":"first","22":"instock","23":"sale","24":"shipping-taxable","25":"purchasable","26":"product-type-simple"},"acf":[],"uagb_featured_image_src":{"full":["https:\/\/vapestornado.com\/wp-content\/uploads\/2025\/09\/Aivono-30k-30000-Puffs-Disposable-Vape-Vaper.webp",800,800,false],"thumbnail":["https:\/\/vapestornado.com\/wp-content\/uploads\/2025\/09\/Aivono-30k-30000-Puffs-Disposable-Vape-Vaper-150x150.webp",150,150,true],"medium":["https:\/\/vapestornado.com\/wp-content\/uploads\/2025\/09\/Aivono-30k-30000-Puffs-Disposable-Vape-Vaper-300x300.webp",300,300,true],"medium_large":["https:\/\/vapestornado.com\/wp-content\/uploads\/2025\/09\/Aivono-30k-30000-Puffs-Disposable-Vape-Vaper-768x768.webp",768,768,true],"large":["https:\/\/vapestornado.com\/wp-content\/uploads\/2025\/09\/Aivono-30k-30000-Puffs-Disposable-Vape-Vaper.webp",800,800,false],"1536x1536":["https:\/\/vapestornado.com\/wp-content\/uploads\/2025\/09\/Aivono-30k-30000-Puffs-Disposable-Vape-Vaper.webp",800,800,false],"2048x2048":["https:\/\/vapestornado.com\/wp-content\/uploads\/2025\/09\/Aivono-30k-30000-Puffs-Disposable-Vape-Vaper.webp",800,800,false],"trp-custom-language-flag":["https:\/\/vapestornado.com\/wp-content\/uploads\/2025\/09\/Aivono-30k-30000-Puffs-Disposable-Vape-Vaper-12x12.webp",12,12,true],"woocommerce_thumbnail":["https:\/\/vapestornado.com\/wp-content\/uploads\/2025\/09\/Aivono-30k-30000-Puffs-Disposable-Vape-Vaper-300x300.webp",300,300,true],"woocommerce_single":["https:\/\/vapestornado.com\/wp-content\/uploads\/2025\/09\/Aivono-30k-30000-Puffs-Disposable-Vape-Vaper-600x600.webp",600,600,true],"woocommerce_gallery_thumbnail":["https:\/\/vapestornado.com\/wp-content\/uploads\/2025\/09\/Aivono-30k-30000-Puffs-Disposable-Vape-Vaper-100x100.webp",100,100,true]},"uagb_author_info":{"display_name":"ESAMY","author_link":"https:\/\/vapestornado.com\/es\/author\/"},"uagb_comment_info":0,"uagb_excerpt":"AIVONO FLAME 30000 Disposable Vape Pen \u2013 30K Puff E Vapor Wholesale Europe Buy AIVONO FLAME 30K Puff LED Display E Shisha Pen \u2013 Online Vape Shop EU AIVONO FLAME 30000 Puffs Electronic Cigarette Vapor \u2013 Best Wholesale Disposable Vape Add Amy's whatsapp to get right reply and discount price! WhatsApp: +86 17776015835","_links":{"self":[{"href":"https:\/\/vapestornado.com\/es\/wp-json\/wp\/v2\/product\/4411","targetHints":{"allow":["GET"]}}],"collection":[{"href":"https:\/\/vapestornado.com\/es\/wp-json\/wp\/v2\/product"}],"about":[{"href":"https:\/\/vapestornado.com\/es\/wp-json\/wp\/v2\/types\/product"}],"replies":[{"embeddable":true,"href":"https:\/\/vapestornado.com\/es\/wp-json\/wp\/v2\/comments?post=4411"}],"wp:featuredmedia":[{"embeddable":true,"href":"https:\/\/vapestornado.com\/es\/wp-json\/wp\/v2\/media\/4405"}],"wp:attachment":[{"href":"https:\/\/vapestornado.com\/es\/wp-json\/wp\/v2\/media?parent=4411"}],"wp:term":[{"taxonomy":"product_brand","embeddable":true,"href":"https:\/\/vapestornado.com\/es\/wp-json\/wp\/v2\/product_brand?post=4411"},{"taxonomy":"product_cat","embeddable":true,"href":"https:\/\/vapestornado.com\/es\/wp-json\/wp\/v2\/product_cat?post=4411"},{"taxonomy":"product_tag","embeddable":true,"href":"https:\/\/vapestornado.com\/es\/wp-json\/wp\/v2\/product_tag?post=4411"}],"curies":[{"name":"wp","href":"https:\/\/api.w.org\/{rel}","templated":true}]}}