{"id":4387,"date":"2025-09-26T07:55:26","date_gmt":"2025-09-26T07:55:26","guid":{"rendered":"https:\/\/vapestornado.com\/?post_type=product&#038;p=4387"},"modified":"2025-11-29T08:57:46","modified_gmt":"2025-11-29T08:57:46","slug":"vopk-triple-60k-60000-puffs-3-in-1-flavor-best-vape-to-buy","status":"publish","type":"product","link":"https:\/\/vapestornado.com\/es\/product\/vopk-triple-60k-60000-puffs-3-in-1-flavor-best-vape-to-buy\/","title":{"rendered":"Vopk Triple 60K 60000 caladas 3 en 1 sabor, la mejor vaporizadora para comprar"},"content":{"rendered":"<h2 data-pm-slice=\"1 1 []\">Vopk Triple 60K 60000 caladas 3 en 1 sabor, la mejor vaporizadora para comprar<\/h2>\n<p data-start=\"192\" data-end=\"640\">El <strong data-start=\"196\" data-end=\"215\">Vopk Triple 60K<\/strong> est\u00e1 dise\u00f1ado para los j\u00f3venes vapearistas europeos que exigen rendimiento duradero, sabores intensos y funciones modernas. Repleto de <strong data-start=\"338\" data-end=\"354\">60,000 caladas<\/strong>, una <strong data-start=\"358\" data-end=\"380\">Tanque de e-l\u00edquido de 54 mL<\/strong>, y <strong data-start=\"386\" data-end=\"412\">triples bobinas de malla de 0.9\u03a9<\/strong>, ofrece vapor suave y sabor consistente en cada calada. Su <strong data-start=\"479\" data-end=\"512\">sistema de rotaci\u00f3n de sabores 3 en 1<\/strong> garantiza variedad sin cambiar de dispositivo, haciendo que sea la <strong data-start=\"570\" data-end=\"590\">mejor vape para comprar<\/strong> para quienes valoran tanto la potencia como la comodidad.<\/p>\n<p data-start=\"642\" data-end=\"1022\">Equipado con un <strong data-start=\"658\" data-end=\"689\">bater\u00eda recargable de 650 mAh<\/strong>, <strong data-start=\"691\" data-end=\"715\">carga r\u00e1pida Tipo-C<\/strong>, y un <strong data-start=\"723\" data-end=\"744\">pantalla LED inteligente<\/strong>, el <strong data-start=\"750\" data-end=\"771\">Vopk Triple 60000<\/strong> ofrece rendimiento ininterrumpido con seguimiento en tiempo real de los niveles de bater\u00eda y e-l\u00edquido. Ya sea que busques una satisfacci\u00f3n fuerte con <strong data-start=\"907\" data-end=\"921\">5% de nicotina<\/strong> o una opci\u00f3n de nicotina baja <strong data-start=\"935\" data-end=\"948\">2%<\/strong>, este <strong data-start=\"955\" data-end=\"987\">Vape desechable recargable<\/strong> est\u00e1 dise\u00f1ada para tu preferencia.<\/p>\n<p><strong><span style=\"color: #ff0000;\">\u00a1A\u00f1ade el whatsapp de Amy para obtener una respuesta inmediata y cup\u00f3n para vaper!<\/span><\/strong><\/p>\n<p><img fetchpriority=\"high\" decoding=\"async\" class=\"size-full wp-image-2932\" src=\"https:\/\/vapestornado.com\/wp-content\/uploads\/2024\/12\/Vape-Wholesale.jpg\" alt=\"Vape al por mayor\" width=\"229\" height=\"300\" \/><\/p>\n<h3><a href=\"https:\/\/wa.me\/8617776015835\" target=\"_blank\" rel=\"noopener\"><span style=\"color: #ff0000;\"><strong>WhatsApp: +86 17776015835<\/strong><\/span><\/a><\/h3>\n<p>&nbsp;<\/p>\n<h2><strong>Caracter\u00edsticas del producto Vopk Triple 60K Puff<\/strong><\/h2>\n<ul>\n<li data-start=\"1069\" data-end=\"1137\">\n<p data-start=\"1071\" data-end=\"1137\">Masivo <strong data-start=\"1079\" data-end=\"1095\">60,000 caladas<\/strong> \u2013 vapeo a largo plazo sin reemplazos<\/p>\n<\/li>\n<li data-start=\"1138\" data-end=\"1176\">\n<p data-start=\"1140\" data-end=\"1176\"><strong data-start=\"1140\" data-end=\"1157\">54mL de e-l\u00edquido<\/strong> para uso prolongado<\/p>\n<\/li>\n<li data-start=\"1177\" data-end=\"1247\">\n<p data-start=\"1179\" data-end=\"1247\"><strong data-start=\"1179\" data-end=\"1203\">Interruptor de sabor 3 en 1<\/strong> \u2013 rota entre 3 perfiles en un solo dispositivo<\/p>\n<\/li>\n<li data-start=\"1248\" data-end=\"1301\">\n<p data-start=\"1250\" data-end=\"1301\"><strong data-start=\"1250\" data-end=\"1277\">Bobina triple de malla (0.9\u03a9)<\/strong> para vapor rico y denso<\/p>\n<\/li>\n<li data-start=\"1302\" data-end=\"1367\">\n<p data-start=\"1304\" data-end=\"1367\"><strong data-start=\"1304\" data-end=\"1335\">bater\u00eda recargable de 650 mAh<\/strong> con <strong data-start=\"1341\" data-end=\"1365\">carga r\u00e1pida Tipo-C<\/strong><\/p>\n<\/li>\n<li data-start=\"1368\" data-end=\"1428\">\n<p data-start=\"1370\" data-end=\"1428\"><strong data-start=\"1370\" data-end=\"1390\">Pantalla LED inteligente<\/strong> que muestra niveles de e-l\u00edquido y bater\u00eda<\/p>\n<\/li>\n<li data-start=\"1429\" data-end=\"1470\">\n<p data-start=\"1431\" data-end=\"1470\">Flexible <strong data-start=\"1440\" data-end=\"1468\">opciones de nicotina: 2% y 5%<\/strong><\/p>\n<\/li>\n<li data-start=\"1471\" data-end=\"1533\">\n<p data-start=\"1473\" data-end=\"1533\">10 mezclas \u00fanicas <strong data-start=\"1483\" data-end=\"1506\">de triple sabor<\/strong> para satisfacci\u00f3n durante todo el d\u00eda<\/p>\n<\/li>\n<\/ul>\n<figure id=\"attachment_4380\" aria-describedby=\"caption-attachment-4380\" style=\"width: 300px\" class=\"wp-caption alignnone\"><img decoding=\"async\" class=\"size-medium wp-image-4380\" src=\"https:\/\/vapestornado.com\/wp-content\/uploads\/2025\/09\/VOPK-Tripe-60k-Puffs-Vape-Cartridge-300x300.webp\" alt=\"Cartucho de vapeo VOPK Triple 60k Puffs\" width=\"300\" height=\"300\" srcset=\"https:\/\/vapestornado.com\/wp-content\/uploads\/2025\/09\/VOPK-Tripe-60k-Puffs-Vape-Cartridge-300x300.webp 300w, https:\/\/vapestornado.com\/wp-content\/uploads\/2025\/09\/VOPK-Tripe-60k-Puffs-Vape-Cartridge-150x150.webp 150w, https:\/\/vapestornado.com\/wp-content\/uploads\/2025\/09\/VOPK-Tripe-60k-Puffs-Vape-Cartridge-768x768.webp 768w, https:\/\/vapestornado.com\/wp-content\/uploads\/2025\/09\/VOPK-Tripe-60k-Puffs-Vape-Cartridge-12x12.webp 12w, https:\/\/vapestornado.com\/wp-content\/uploads\/2025\/09\/VOPK-Tripe-60k-Puffs-Vape-Cartridge-600x600.webp 600w, https:\/\/vapestornado.com\/wp-content\/uploads\/2025\/09\/VOPK-Tripe-60k-Puffs-Vape-Cartridge-100x100.webp 100w, https:\/\/vapestornado.com\/wp-content\/uploads\/2025\/09\/VOPK-Tripe-60k-Puffs-Vape-Cartridge.webp 800w\" sizes=\"(max-width: 300px) 100vw, 300px\" \/><figcaption id=\"caption-attachment-4380\" class=\"wp-caption-text\">Cartucho de vapeo VOPK Triple 60k Puffs<\/figcaption><\/figure>\n<h2 class=\"product-title\"><strong>Lista de sabores Vopk Triple 60K Puff 3 en 1<\/strong><\/h2>\n<p data-start=\"2550\" data-end=\"2736\">1. Sand\u00eda hielo \/ Triple mel\u00f3n hielo \/ Helado de fresa<br \/>\n2. Fresa pl\u00e1tano \/ Frambuesa sand\u00eda \/ Pi\u00f1a coco<br \/>\n3.fresa baya \/Azul razz hielo\/Sand\u00eda melocot\u00f3n mango<br \/>\n4.Mango \u00e1cido pi\u00f1a \/Red bull fresa \/Black currant ice<br \/>\n5.Kiwi fruta de la pasi\u00f3n \/Fresa cereza \/Love 66<br \/>\n6.Doble manzana hielo \/Fruta tropical \/Chicle de fresa sand\u00eda<br \/>\n7.Uva hielo \/Fresa kiwi \/Sand\u00eda red bull<br \/>\n8.Fresa sand\u00eda \/Ar\u00e1ndano frambuesa \/Lim\u00f3n lima<br \/>\n9.Pl\u00e1tano pi\u00f1a \/Red bull hielo \/Fresa mango<br \/>\n10.Oso de goma \/Fresa Vanilla Coke \/Algod\u00f3n de az\u00facar ar\u00e1ndano<\/p>\n<div class=\"flex-shrink-0 flex flex-col relative items-end\">\n<div class=\"pt-0\">\n<div class=\"gizmo-bot-avatar flex h-8 w-8 items-center justify-center overflow-hidden rounded-full\">\n<div class=\"relative p-1 rounded-sm flex items-center justify-center bg-token-main-surface-primary text-token-text-primary h-8 w-8\">\n<h2 data-start=\"1200\" data-end=\"1487\">Vapes Tornado \u2013 Tu tienda mayorista en l\u00ednea de vaporizadores para las mejores marcas de vapeo<\/h2>\n<p data-start=\"1200\" data-end=\"1487\"><strong data-start=\"141\" data-end=\"177\">Tienda de vapores en l\u00ednea Tornado Vape<\/strong> es tu fuente confiable para <strong data-start=\"205\" data-end=\"270\">vaporizadores desechables premium y cigarrillos electr\u00f3nicos al por mayor en Europa<\/strong>. Contamos con marcas l\u00edderes en ventas como <strong data-start=\"307\" data-end=\"362\"><a href=\"https:\/\/vapestornado.com\/es\/product\/elf-bar-raya-d3-25000-puffs-best-disposable-vape-wholesale-in-uk\/\">VAPE ELF BAR<\/a>, <a href=\"https:\/\/vapestornado.com\/es\/product\/randm-tornado-15000-disposable-vape-wholesale-price\/\">Fumot VAPE<\/a>, <a href=\"https:\/\/vapestornado.com\/es\/product\/original-vozol-star-40000-puff-40k-best-disposable-vape-2025-wholesale-cheap-price\/\">VOZOL VAPE<\/a>, Bang Vape<\/strong>, y m\u00e1s, asegurando calidad y variedad para cada cliente. Ya seas un vaporizador individual o un comprador mayorista, entregamos <strong data-start=\"481\" data-end=\"550\">dispositivos de alto rendimiento, dise\u00f1os elegantes y precios competitivos<\/strong> para satisfacer tus necesidades.<\/p>\n<h2 data-start=\"2064\" data-end=\"2115\">Preguntas frecuentes sobre Vopk Triple 60K Vape desechable<\/h2>\n<p data-start=\"1587\" data-end=\"1707\"><strong data-start=\"1587\" data-end=\"1642\">1. \u00bfCu\u00e1ntas caladas proporciona el Vopk Triple 60K?<\/strong><br data-start=\"1642\" data-end=\"1645\" \/>Ofrece hasta <strong data-start=\"1663\" data-end=\"1679\">60,000 caladas<\/strong>, ideal para uso a largo plazo.<\/p>\n<p data-start=\"1709\" data-end=\"1840\"><strong data-start=\"1709\" data-end=\"1754\">2. \u00bfEs recargable el Vopk Triple 60000?<\/strong><br data-start=\"1754\" data-end=\"1757\" \/>S\u00ed, cuenta con un <strong data-start=\"1776\" data-end=\"1807\">bater\u00eda recargable de 650 mAh<\/strong> con <strong data-start=\"1813\" data-end=\"1837\">carga r\u00e1pida Tipo-C<\/strong>.<\/p>\n<p data-start=\"1842\" data-end=\"2021\"><strong data-start=\"1842\" data-end=\"1901\">3. \u00bfQu\u00e9 hace que el Vopk Triple 60K sea el mejor vape para comprar?<\/strong><br data-start=\"1901\" data-end=\"1904\" \/>Su <strong data-start=\"1908\" data-end=\"1977\">Sistema de sabor 3 en 1, gran cantidad de caladas y dise\u00f1o recargable<\/strong> lo hacen destacar en el mercado europeo.<\/p>\n<p data-start=\"2023\" data-end=\"2142\"><strong data-start=\"2023\" data-end=\"2068\">4. \u00bfQu\u00e9 niveles de nicotina est\u00e1n disponibles?<\/strong><br data-start=\"2068\" data-end=\"2071\" \/>Puedes elegir entre <strong data-start=\"2094\" data-end=\"2114\">nicotina 2% o 5%<\/strong> para adaptarse a tu preferencia.<\/p>\n<p data-start=\"2144\" data-end=\"2282\"><strong data-start=\"2144\" data-end=\"2193\">5. \u00bfTiene pantalla el Vopk Triple 60000?<\/strong><br data-start=\"2193\" data-end=\"2196\" \/>S\u00ed, el <strong data-start=\"2205\" data-end=\"2226\">pantalla LED inteligente<\/strong> controla en tiempo real los niveles de bater\u00eda y e-l\u00edquido.<\/p>\n<\/div>\n<\/div>\n<\/div>\n<\/div>","protected":false},"excerpt":{"rendered":"<p data-start=\"2563\" data-end=\"2634\">Vopk Triple 60K 60000 caladas Vape desechable \u2013 La mejor vape para comprar en Europa<\/p>\n<p data-start=\"2638\" data-end=\"2711\">Vopk Triple 60000 caladas Vape recargable desechable con sabor 3 en 1<\/p>\n<p data-start=\"2715\" data-end=\"2788\">La mejor vape para comprar \u2013 Vopk Triple 60K 60000 caladas con pantalla LED y Tipo-C<\/p>\n<p><strong>\u00a1A\u00f1ade el WhatsApp de Amy para obtener una respuesta correcta y un precio con descuento!<\/strong><\/p>\n<p><img fetchpriority=\"high\" decoding=\"async\" class=\"size-full wp-image-2932\" src=\"https:\/\/vapestornado.com\/wp-content\/uploads\/2024\/12\/Vape-Wholesale.jpg\" alt=\"Vape al por mayor\" width=\"229\" height=\"300\" \/><\/p>\n<h3><a href=\"https:\/\/wa.me\/8617776015835\"><span style=\"color: #ff0000;\"><strong>WhatsApp: +86 17776015835<\/strong><\/span><\/a><\/h3>","protected":false},"featured_media":4385,"comment_status":"open","ping_status":"closed","template":"","meta":{"_acf_changed":false,"_uag_custom_page_level_css":"","_lmt_disableupdate":"no","_lmt_disable":"","_monsterinsights_skip_tracking":false,"_monsterinsights_sitenote_active":false,"_monsterinsights_sitenote_note":"","_monsterinsights_sitenote_category":0,"site-sidebar-layout":"default","site-content-layout":"","ast-site-content-layout":"default","site-content-style":"default","site-sidebar-style":"default","ast-global-header-display":"","ast-banner-title-visibility":"","ast-main-header-display":"","ast-hfb-above-header-display":"","ast-hfb-below-header-display":"","ast-hfb-mobile-header-display":"","site-post-title":"","ast-breadcrumbs-content":"","ast-featured-img":"","footer-sml-layout":"","ast-disable-related-posts":"","theme-transparent-header-meta":"default","adv-header-id-meta":"","stick-header-meta":"","header-above-stick-meta":"","header-main-stick-meta":"","header-below-stick-meta":"","astra-migrate-meta-layouts":"set","ast-page-background-enabled":"default","ast-page-background-meta":{"desktop":{"background-color":"","background-image":"","background-repeat":"repeat","background-position":"center center","background-size":"auto","background-attachment":"scroll","background-type":"","background-media":"","overlay-type":"","overlay-color":"","overlay-opacity":"","overlay-gradient":""},"tablet":{"background-color":"","background-image":"","background-repeat":"repeat","background-position":"center center","background-size":"auto","background-attachment":"scroll","background-type":"","background-media":"","overlay-type":"","overlay-color":"","overlay-opacity":"","overlay-gradient":""},"mobile":{"background-color":"","background-image":"","background-repeat":"repeat","background-position":"center center","background-size":"auto","background-attachment":"scroll","background-type":"","background-media":"","overlay-type":"","overlay-color":"","overlay-opacity":"","overlay-gradient":""}},"ast-content-background-meta":{"desktop":{"background-color":"var(--ast-global-color-5)","background-image":"","background-repeat":"repeat","background-position":"center center","background-size":"auto","background-attachment":"scroll","background-type":"","background-media":"","overlay-type":"","overlay-color":"","overlay-opacity":"","overlay-gradient":""},"tablet":{"background-color":"var(--ast-global-color-5)","background-image":"","background-repeat":"repeat","background-position":"center center","background-size":"auto","background-attachment":"scroll","background-type":"","background-media":"","overlay-type":"","overlay-color":"","overlay-opacity":"","overlay-gradient":""},"mobile":{"background-color":"var(--ast-global-color-5)","background-image":"","background-repeat":"repeat","background-position":"center center","background-size":"auto","background-attachment":"scroll","background-type":"","background-media":"","overlay-type":"","overlay-color":"","overlay-opacity":"","overlay-gradient":""}},"_joinchat":[]},"product_brand":[],"product_cat":[343,149,153,156,157,159,142,146,290],"product_tag":[384,380,368,381,383,382],"class_list":{"0":"post-4387","1":"product","2":"type-product","3":"status-publish","4":"has-post-thumbnail","6":"product_cat-60000-puff","7":"product_cat-buy-disposable-vapes-in-austria","8":"product_cat-buy-disposable-vapes-in-italy","9":"product_cat-buy-disposable-vapes-in-poland","10":"product_cat-buy-disposable-vapes-in-portugal","11":"product_cat-buy-disposable-vapes-in-sweden","12":"product_cat-digital-box-disposable-vapes","13":"product_cat-rechargeable-disposable-vapes","14":"product_cat-vopk-vape","15":"product_tag-3-in-1-disposable-vape","16":"product_tag-disposable-vapes-online","17":"product_tag-disposable-vapor","18":"product_tag-vapes-online-wholesale","19":"product_tag-vopk-60000-puff","20":"product_tag-vopk-triple-60k","21":"desktop-align-left","22":"tablet-align-left","23":"mobile-align-left","25":"first","26":"instock","27":"sale","28":"shipping-taxable","29":"purchasable","30":"product-type-simple"},"acf":[],"uagb_featured_image_src":{"full":["https:\/\/vapestornado.com\/wp-content\/uploads\/2025\/09\/VOPK-Tripe-60000-Puffs-Pen-Cartridge-Wholesale.webp",800,800,false],"thumbnail":["https:\/\/vapestornado.com\/wp-content\/uploads\/2025\/09\/VOPK-Tripe-60000-Puffs-Pen-Cartridge-Wholesale-150x150.webp",150,150,true],"medium":["https:\/\/vapestornado.com\/wp-content\/uploads\/2025\/09\/VOPK-Tripe-60000-Puffs-Pen-Cartridge-Wholesale-300x300.webp",300,300,true],"medium_large":["https:\/\/vapestornado.com\/wp-content\/uploads\/2025\/09\/VOPK-Tripe-60000-Puffs-Pen-Cartridge-Wholesale-768x768.webp",768,768,true],"large":["https:\/\/vapestornado.com\/wp-content\/uploads\/2025\/09\/VOPK-Tripe-60000-Puffs-Pen-Cartridge-Wholesale.webp",800,800,false],"1536x1536":["https:\/\/vapestornado.com\/wp-content\/uploads\/2025\/09\/VOPK-Tripe-60000-Puffs-Pen-Cartridge-Wholesale.webp",800,800,false],"2048x2048":["https:\/\/vapestornado.com\/wp-content\/uploads\/2025\/09\/VOPK-Tripe-60000-Puffs-Pen-Cartridge-Wholesale.webp",800,800,false],"trp-custom-language-flag":["https:\/\/vapestornado.com\/wp-content\/uploads\/2025\/09\/VOPK-Tripe-60000-Puffs-Pen-Cartridge-Wholesale-12x12.webp",12,12,true],"woocommerce_thumbnail":["https:\/\/vapestornado.com\/wp-content\/uploads\/2025\/09\/VOPK-Tripe-60000-Puffs-Pen-Cartridge-Wholesale-300x300.webp",300,300,true],"woocommerce_single":["https:\/\/vapestornado.com\/wp-content\/uploads\/2025\/09\/VOPK-Tripe-60000-Puffs-Pen-Cartridge-Wholesale-600x600.webp",600,600,true],"woocommerce_gallery_thumbnail":["https:\/\/vapestornado.com\/wp-content\/uploads\/2025\/09\/VOPK-Tripe-60000-Puffs-Pen-Cartridge-Wholesale-100x100.webp",100,100,true]},"uagb_author_info":{"display_name":"ESAMY","author_link":"https:\/\/vapestornado.com\/es\/author\/"},"uagb_comment_info":1,"uagb_excerpt":"Vopk Triple 60K 60000 Puffs Disposable Vape \u2013 Best Vape to Buy Europe Vopk Triple 60000 Puffs Rechargeable Disposable Vape with 3-in-1 Flavor Best Vape to Buy \u2013 Vopk Triple 60K 60000 Puffs with LED Screen &amp; Type-C Add Amy's whatsapp to get right reply and discount price! WhatsApp: +86 17776015835","_links":{"self":[{"href":"https:\/\/vapestornado.com\/es\/wp-json\/wp\/v2\/product\/4387","targetHints":{"allow":["GET"]}}],"collection":[{"href":"https:\/\/vapestornado.com\/es\/wp-json\/wp\/v2\/product"}],"about":[{"href":"https:\/\/vapestornado.com\/es\/wp-json\/wp\/v2\/types\/product"}],"replies":[{"embeddable":true,"href":"https:\/\/vapestornado.com\/es\/wp-json\/wp\/v2\/comments?post=4387"}],"wp:featuredmedia":[{"embeddable":true,"href":"https:\/\/vapestornado.com\/es\/wp-json\/wp\/v2\/media\/4385"}],"wp:attachment":[{"href":"https:\/\/vapestornado.com\/es\/wp-json\/wp\/v2\/media?parent=4387"}],"wp:term":[{"taxonomy":"product_brand","embeddable":true,"href":"https:\/\/vapestornado.com\/es\/wp-json\/wp\/v2\/product_brand?post=4387"},{"taxonomy":"product_cat","embeddable":true,"href":"https:\/\/vapestornado.com\/es\/wp-json\/wp\/v2\/product_cat?post=4387"},{"taxonomy":"product_tag","embeddable":true,"href":"https:\/\/vapestornado.com\/es\/wp-json\/wp\/v2\/product_tag?post=4387"}],"curies":[{"name":"wp","href":"https:\/\/api.w.org\/{rel}","templated":true}]}}