{"id":4386,"date":"2025-09-25T07:52:37","date_gmt":"2025-09-25T07:52:37","guid":{"rendered":"https:\/\/vapestornado.com\/?post_type=product&#038;p=4386"},"modified":"2025-09-29T09:40:45","modified_gmt":"2025-09-29T09:40:45","slug":"aivono-fatbear-80k-best-3-in-1-vape-led-display-disposable-vape-pen","status":"publish","type":"product","link":"https:\/\/vapestornado.com\/es\/product\/aivono-fatbear-80k-best-3-in-1-vape-led-display-disposable-vape-pen\/","title":{"rendered":"AIVONO FATBEAR 80K Mejor 3 en 1 Vape LED Pantalla Descartable"},"content":{"rendered":"<h2 data-pm-slice=\"1 1 []\">AIVONO FATBEAR 80K Vape desechable con pantalla LED 3 en 1 \u2013 Mejor vape desechable al por mayor<\/h2>\n<p data-start=\"305\" data-end=\"593\">El <strong data-start=\"309\" data-end=\"331\">AIVONO FATBEAR 80K<\/strong> es el definitivo <strong data-start=\"348\" data-end=\"365\">big puff vape<\/strong> dise\u00f1ado para potencia, sabor y comodidad. Ofreciendo hasta <strong data-start=\"423\" data-end=\"439\">80000 caladas<\/strong> con una capacidad de e-l\u00edquido de <strong data-start=\"455\" data-end=\"481\">58mL<\/strong>, este <strong data-start=\"488\" data-end=\"523\">Vape desechable con pantalla LED<\/strong> est\u00e1 dise\u00f1ado para un rendimiento duradero y una satisfacci\u00f3n suave.<\/p>\n<p data-start=\"595\" data-end=\"945\">Con un <strong data-start=\"607\" data-end=\"638\">Sistema de cambio de sabor 3 en 1<\/strong>, el <strong data-start=\"644\" data-end=\"668\">AIVONO FATBEAR 80000<\/strong> te permite rotar instant\u00e1neamente entre tres sabores en un solo dispositivo, ofreci\u00e9ndote variedad continua sin cambiar de cartuchos. El <strong data-start=\"786\" data-end=\"804\">bobina de malla de 1.0\u03a9<\/strong> proporciona vapor denso y sabor intenso, mientras que el <strong data-start=\"852\" data-end=\"883\">bater\u00eda recargable de 650 mAh<\/strong> con <strong data-start=\"889\" data-end=\"913\">carga r\u00e1pida Tipo-C<\/strong> garantiza un uso confiable durante todo el d\u00eda.<\/p>\n<p data-start=\"947\" data-end=\"1325\">Mant\u00e9n el control con el <strong data-start=\"972\" data-end=\"993\">pantalla LED inteligente<\/strong>, mostrando en tiempo real los niveles de e-l\u00edquido y bater\u00eda. Con opciones flexibles de nicotina (0%, 2%, 3%, 5%), este dispositivo es perfecto tanto para vapeadores ocasionales como para los m\u00e1s habituales. Elegante, potente y dise\u00f1ado para la resistencia, el <strong data-start=\"1191\" data-end=\"1213\">AIVONO 80K<\/strong> es el <strong data-start=\"1221\" data-end=\"1255\">mejor vape desechable al por mayor<\/strong> para minoristas europeos y la opci\u00f3n preferida para vapear<\/p>\n<p><strong><span style=\"color: #ff0000;\">\u00a1A\u00f1ade el whatsapp de Amy para obtener una respuesta inmediata y cup\u00f3n para vaper!<\/span><\/strong><\/p>\n<p><img fetchpriority=\"high\" decoding=\"async\" class=\"size-full wp-image-2932\" src=\"https:\/\/vapestornado.com\/wp-content\/uploads\/2024\/12\/Vape-Wholesale.jpg\" alt=\"Vape al por mayor\" width=\"229\" height=\"300\" \/><\/p>\n<h3><a href=\"https:\/\/wa.me\/8617776015835\" target=\"_blank\" rel=\"noopener\"><span style=\"color: #ff0000;\"><strong>WhatsApp: +86 17776015835<\/strong><\/span><\/a><\/h3>\n<p>&nbsp;<\/p>\n<h2><strong>AIVONO AIM FATBEAR 80K Caracter\u00edsticas del producto<\/strong><\/h2>\n<ul>\n<li data-start=\"1357\" data-end=\"1402\">\n<p data-start=\"1359\" data-end=\"1402\">Hasta <strong data-start=\"1365\" data-end=\"1381\">80.000 puffs<\/strong> con capacidad de 58mL<\/p>\n<\/li>\n<li data-start=\"1403\" data-end=\"1453\">\n<p data-start=\"1405\" data-end=\"1453\"><strong data-start=\"1405\" data-end=\"1431\">rotaci\u00f3n de sabores 3 en 1<\/strong> para variedad sin parar<\/p>\n<\/li>\n<li data-start=\"1454\" data-end=\"1515\">\n<p data-start=\"1456\" data-end=\"1515\"><strong data-start=\"1456\" data-end=\"1487\">bater\u00eda recargable de 650 mAh<\/strong> con carga r\u00e1pida tipo C<\/p>\n<\/li>\n<li data-start=\"1516\" data-end=\"1568\">\n<p data-start=\"1518\" data-end=\"1568\"><strong data-start=\"1518\" data-end=\"1533\">pantalla LED<\/strong> rastrea niveles de e-l\u00edquido y bater\u00eda<\/p>\n<\/li>\n<li data-start=\"1569\" data-end=\"1629\">\n<p data-start=\"1571\" data-end=\"1629\"><strong data-start=\"1571\" data-end=\"1589\">bobina de malla de 1.0\u03a9<\/strong> para nubes consistentes y sabor intenso<\/p>\n<\/li>\n<li data-start=\"1630\" data-end=\"1665\">\n<p data-start=\"1632\" data-end=\"1665\">Opciones de nicotina: 0%, 2%, 3%, 5%<\/p>\n<\/li>\n<\/ul>\n<h2 class=\"product-title\"><strong>Lista de sabores 3 en 1 de AIVONO AIM FATBEAR 80K<\/strong><\/h2>\n<p data-start=\"2550\" data-end=\"2736\">1. Ar\u00e1ndano Frambuesa \/ Lim\u00f3n Hielo \/ Pi\u00f1a Hielo<br \/>\n2. Fresa Hielo \/ Sand\u00eda Hielo \/ Chicle<br \/>\n3. Mango Hielo \/ Pi\u00f1a Coco \/ Durazno Hielo<br \/>\n4. Soda de Cereza Hielo \/ Cola Hielo \/ Mel\u00f3n Honeydew<br \/>\n5. Uva \/ Menta \/ Helado de Ar\u00e1ndano<br \/>\n6. Manzana \u00c1cida \/ Fresa Pl\u00e1tano \/ Mango \u00c1cido Pi\u00f1a<br \/>\n7. Frambuesa Mixta \/ Fresa Kiwi \/ Fresa Sand\u00eda<br \/>\n8. Kiwi Fruta de la Pasi\u00f3n \/ Love66 \/ Mango Hielo<br \/>\n9. Sand\u00eda Hielo \/ Durazno Baya \/ Cola de Cereza<br \/>\n10. Red Bull \/ Fresa Sand\u00eda \/ Caramelo de Frambuesa<\/p>\n<figure id=\"attachment_4397\" aria-describedby=\"caption-attachment-4397\" style=\"width: 300px\" class=\"wp-caption alignnone\"><img decoding=\"async\" class=\"size-medium wp-image-4397\" src=\"https:\/\/vapestornado.com\/wp-content\/uploads\/2025\/09\/Aivono-Aim-Fatbear-Triple-3-in-1-Disposable-Vape-Wholesale-Cheap-Price-300x300.webp\" alt=\"Aivono Aim Fatbear Triple 3 en 1 Vape desechable al por mayor a precio barato\" width=\"300\" height=\"300\" srcset=\"https:\/\/vapestornado.com\/wp-content\/uploads\/2025\/09\/Aivono-Aim-Fatbear-Triple-3-in-1-Disposable-Vape-Wholesale-Cheap-Price-300x300.webp 300w, https:\/\/vapestornado.com\/wp-content\/uploads\/2025\/09\/Aivono-Aim-Fatbear-Triple-3-in-1-Disposable-Vape-Wholesale-Cheap-Price-150x150.webp 150w, https:\/\/vapestornado.com\/wp-content\/uploads\/2025\/09\/Aivono-Aim-Fatbear-Triple-3-in-1-Disposable-Vape-Wholesale-Cheap-Price-768x768.webp 768w, https:\/\/vapestornado.com\/wp-content\/uploads\/2025\/09\/Aivono-Aim-Fatbear-Triple-3-in-1-Disposable-Vape-Wholesale-Cheap-Price-12x12.webp 12w, https:\/\/vapestornado.com\/wp-content\/uploads\/2025\/09\/Aivono-Aim-Fatbear-Triple-3-in-1-Disposable-Vape-Wholesale-Cheap-Price-600x600.webp 600w, https:\/\/vapestornado.com\/wp-content\/uploads\/2025\/09\/Aivono-Aim-Fatbear-Triple-3-in-1-Disposable-Vape-Wholesale-Cheap-Price-100x100.webp 100w, https:\/\/vapestornado.com\/wp-content\/uploads\/2025\/09\/Aivono-Aim-Fatbear-Triple-3-in-1-Disposable-Vape-Wholesale-Cheap-Price.webp 800w\" sizes=\"(max-width: 300px) 100vw, 300px\" \/><figcaption id=\"caption-attachment-4397\" class=\"wp-caption-text\">Aivono Aim Fatbear Triple 3 en 1 Vape desechable al por mayor a precio barato<\/figcaption><\/figure>\n<div class=\"flex-shrink-0 flex flex-col relative items-end\">\n<div class=\"pt-0\">\n<div class=\"gizmo-bot-avatar flex h-8 w-8 items-center justify-center overflow-hidden rounded-full\">\n<div class=\"relative p-1 rounded-sm flex items-center justify-center bg-token-main-surface-primary text-token-text-primary h-8 w-8\">\n<h2 data-start=\"1200\" data-end=\"1487\">Vapes Tornado \u2013 Tu tienda mayorista en l\u00ednea de vaporizadores para las mejores marcas de vapeo<\/h2>\n<p data-start=\"1200\" data-end=\"1487\"><strong data-start=\"141\" data-end=\"177\">Tienda de vapores en l\u00ednea Tornado Vape<\/strong> es tu fuente confiable para <strong data-start=\"205\" data-end=\"270\">vaporizadores desechables premium y cigarrillos electr\u00f3nicos al por mayor en Europa<\/strong>. Contamos con marcas l\u00edderes en ventas como <strong data-start=\"307\" data-end=\"362\"><a href=\"https:\/\/vapestornado.com\/es\/product\/vozol-gear-shisha-25k-25000-puffs-best-dtl-disposable-vape-hookah-cheap-price\/\">VOZOL BAR VAPE<\/a>, <a href=\"https:\/\/vapestornado.com\/es\/product\/randm-12000-puffs-fumot-digital-disposable-vape-wholesale-price\/\">Fumot VAPE<\/a>, <a href=\"https:\/\/vapestornado.com\/es\/product\/original-wga-ultra-35k-35000-puff-rechargeable-crystal-disposable-nicotine-vape-best-discount-price\/\">WGA VAPE<\/a>, Bang Vape<\/strong>, y m\u00e1s, asegurando calidad y variedad para cada cliente. Ya seas un vaporizador individual o un comprador mayorista, entregamos <strong data-start=\"481\" data-end=\"550\">dispositivos de alto rendimiento, dise\u00f1os elegantes y precios competitivos<\/strong> para satisfacer tus necesidades.<\/p>\n<h2 data-start=\"2064\" data-end=\"2115\">Preguntas frecuentes sobre AIVONO AIM FATBEAR 80K Vape desechable<\/h2>\n<p data-start=\"1722\" data-end=\"1875\"><strong data-start=\"1722\" data-end=\"1782\">1. \u00bfCu\u00e1ntas caladas proporciona el AIVONO FATBEAR 80000?<\/strong><br data-start=\"1782\" data-end=\"1785\" \/>Ofrece hasta <strong data-start=\"1803\" data-end=\"1819\">80.000 puffs<\/strong>, convirti\u00e9ndolo en uno de los vapes de gran duraci\u00f3n con m\u00e1s caladas.<\/p>\n<p data-start=\"1877\" data-end=\"2004\"><strong data-start=\"1877\" data-end=\"1922\">2. \u00bfPuedo recargar el AIVONO FATBEAR 80K?<\/strong><br data-start=\"1922\" data-end=\"1925\" \/>S\u00ed, viene con un <strong data-start=\"1946\" data-end=\"1984\">Bater\u00eda recargable Tipo-C de 650 mAh<\/strong> para un uso prolongado.<\/p>\n<p data-start=\"2006\" data-end=\"2196\"><strong data-start=\"2006\" data-end=\"2064\">3. \u00bfQu\u00e9 hace que este sea el mejor vape desechable al por mayor?<\/strong><br data-start=\"2064\" data-end=\"2067\" \/>Su <strong data-start=\"2071\" data-end=\"2129\">Sistema de sabor 3 en 1, gran cantidad de caladas y pantalla LED<\/strong> lo hace muy atractivo tanto para los consumidores como para los mayoristas de la UE.<\/p>\n<p data-start=\"2198\" data-end=\"2331\"><strong data-start=\"2198\" data-end=\"2243\">4. \u00bfQu\u00e9 niveles de nicotina est\u00e1n disponibles?<\/strong><br data-start=\"2243\" data-end=\"2246\" \/>Puedes elegir entre <strong data-start=\"2269\" data-end=\"2298\">0%, 2%, 3% o 5% de nicotina<\/strong>, dependiendo de tu preferencia.<\/p>\n<p data-start=\"2333\" data-end=\"2487\"><strong data-start=\"2333\" data-end=\"2388\">5. \u00bfEl AIVONO FATBEAR 80K tiene opciones de sabor?<\/strong><br data-start=\"2388\" data-end=\"2391\" \/>S\u00ed, viene en <strong data-start=\"2408\" data-end=\"2448\">10 combinaciones \u00fanicas de triple sabor<\/strong>, ofreciendo algo para cada gusto.<\/p>\n<\/div>\n<\/div>\n<\/div>\n<\/div>","protected":false},"excerpt":{"rendered":"<p data-start=\"2774\" data-end=\"2854\">AIVONO FATBEAR 80K Big Puff Vape \u2013 Mejor cigarrillo electr\u00f3nico desechable con pantalla LED 3 en 1<\/p>\n<p data-start=\"2858\" data-end=\"2937\">AIVONO FATBEAR 80000 Puffs Vape desechable recargable \u2013 Venta al por mayor en Europa<\/p>\n<p data-start=\"2941\" data-end=\"3026\">Mejor vape desechable al por mayor \u2013 AIVONO FATBEAR 80K con pantalla LED y sabor 3 en 1<\/p>\n<p data-start=\"2159\" data-end=\"2246\">\n<p><strong>\u00a1A\u00f1ade el WhatsApp de Amy para obtener una respuesta correcta y un precio con descuento!<\/strong><\/p>\n<p><img fetchpriority=\"high\" decoding=\"async\" class=\"size-full wp-image-2932\" src=\"https:\/\/vapestornado.com\/wp-content\/uploads\/2024\/12\/Vape-Wholesale.jpg\" alt=\"Vape al por mayor\" width=\"229\" height=\"300\" \/><\/p>\n<h3><a href=\"https:\/\/wa.me\/8617776015835\"><span style=\"color: #ff0000;\"><strong>WhatsApp: +86 17776015835<\/strong><\/span><\/a><\/h3>","protected":false},"featured_media":4396,"comment_status":"open","ping_status":"closed","template":"","meta":{"_acf_changed":false,"_uag_custom_page_level_css":"","_lmt_disableupdate":"no","_lmt_disable":"","_monsterinsights_skip_tracking":false,"_monsterinsights_sitenote_active":false,"_monsterinsights_sitenote_note":"","_monsterinsights_sitenote_category":0,"site-sidebar-layout":"default","site-content-layout":"","ast-site-content-layout":"default","site-content-style":"default","site-sidebar-style":"default","ast-global-header-display":"","ast-banner-title-visibility":"","ast-main-header-display":"","ast-hfb-above-header-display":"","ast-hfb-below-header-display":"","ast-hfb-mobile-header-display":"","site-post-title":"","ast-breadcrumbs-content":"","ast-featured-img":"","footer-sml-layout":"","ast-disable-related-posts":"","theme-transparent-header-meta":"default","adv-header-id-meta":"","stick-header-meta":"","header-above-stick-meta":"","header-main-stick-meta":"","header-below-stick-meta":"","astra-migrate-meta-layouts":"set","ast-page-background-enabled":"default","ast-page-background-meta":{"desktop":{"background-color":"","background-image":"","background-repeat":"repeat","background-position":"center center","background-size":"auto","background-attachment":"scroll","background-type":"","background-media":"","overlay-type":"","overlay-color":"","overlay-opacity":"","overlay-gradient":""},"tablet":{"background-color":"","background-image":"","background-repeat":"repeat","background-position":"center center","background-size":"auto","background-attachment":"scroll","background-type":"","background-media":"","overlay-type":"","overlay-color":"","overlay-opacity":"","overlay-gradient":""},"mobile":{"background-color":"","background-image":"","background-repeat":"repeat","background-position":"center center","background-size":"auto","background-attachment":"scroll","background-type":"","background-media":"","overlay-type":"","overlay-color":"","overlay-opacity":"","overlay-gradient":""}},"ast-content-background-meta":{"desktop":{"background-color":"var(--ast-global-color-5)","background-image":"","background-repeat":"repeat","background-position":"center center","background-size":"auto","background-attachment":"scroll","background-type":"","background-media":"","overlay-type":"","overlay-color":"","overlay-opacity":"","overlay-gradient":""},"tablet":{"background-color":"var(--ast-global-color-5)","background-image":"","background-repeat":"repeat","background-position":"center center","background-size":"auto","background-attachment":"scroll","background-type":"","background-media":"","overlay-type":"","overlay-color":"","overlay-opacity":"","overlay-gradient":""},"mobile":{"background-color":"var(--ast-global-color-5)","background-image":"","background-repeat":"repeat","background-position":"center center","background-size":"auto","background-attachment":"scroll","background-type":"","background-media":"","overlay-type":"","overlay-color":"","overlay-opacity":"","overlay-gradient":""}},"_joinchat":[]},"product_brand":[],"product_cat":[344,176,149,153,156,158,142,143,144,146],"product_tag":[385,355,380,368,381],"class_list":{"0":"post-4386","1":"product","2":"type-product","3":"status-publish","4":"has-post-thumbnail","6":"product_cat-80000-puff","7":"product_cat-aivono-vape","8":"product_cat-buy-disposable-vapes-in-austria","9":"product_cat-buy-disposable-vapes-in-italy","10":"product_cat-buy-disposable-vapes-in-poland","11":"product_cat-buy-disposable-vapes-in-spain","12":"product_cat-digital-box-disposable-vapes","13":"product_cat-dual-mesh-disposable-vapes","14":"product_cat-low-nicotine-disposable-vapes","15":"product_cat-rechargeable-disposable-vapes","16":"product_tag-aivono-fatbear-80k","17":"product_tag-big-puff-vape","18":"product_tag-disposable-vapes-online","19":"product_tag-disposable-vapor","20":"product_tag-vapes-online-wholesale","21":"desktop-align-left","22":"tablet-align-left","23":"mobile-align-left","25":"first","26":"instock","27":"sale","28":"shipping-taxable","29":"purchasable","30":"product-type-simple"},"acf":[],"uagb_featured_image_src":{"full":["https:\/\/vapestornado.com\/wp-content\/uploads\/2025\/09\/Aivono-Aim-Fatbear-80000-Puffs-Disposable-Vape-Flavor-Adjustable.webp",800,800,false],"thumbnail":["https:\/\/vapestornado.com\/wp-content\/uploads\/2025\/09\/Aivono-Aim-Fatbear-80000-Puffs-Disposable-Vape-Flavor-Adjustable-150x150.webp",150,150,true],"medium":["https:\/\/vapestornado.com\/wp-content\/uploads\/2025\/09\/Aivono-Aim-Fatbear-80000-Puffs-Disposable-Vape-Flavor-Adjustable-300x300.webp",300,300,true],"medium_large":["https:\/\/vapestornado.com\/wp-content\/uploads\/2025\/09\/Aivono-Aim-Fatbear-80000-Puffs-Disposable-Vape-Flavor-Adjustable-768x768.webp",768,768,true],"large":["https:\/\/vapestornado.com\/wp-content\/uploads\/2025\/09\/Aivono-Aim-Fatbear-80000-Puffs-Disposable-Vape-Flavor-Adjustable.webp",800,800,false],"1536x1536":["https:\/\/vapestornado.com\/wp-content\/uploads\/2025\/09\/Aivono-Aim-Fatbear-80000-Puffs-Disposable-Vape-Flavor-Adjustable.webp",800,800,false],"2048x2048":["https:\/\/vapestornado.com\/wp-content\/uploads\/2025\/09\/Aivono-Aim-Fatbear-80000-Puffs-Disposable-Vape-Flavor-Adjustable.webp",800,800,false],"trp-custom-language-flag":["https:\/\/vapestornado.com\/wp-content\/uploads\/2025\/09\/Aivono-Aim-Fatbear-80000-Puffs-Disposable-Vape-Flavor-Adjustable-12x12.webp",12,12,true],"woocommerce_thumbnail":["https:\/\/vapestornado.com\/wp-content\/uploads\/2025\/09\/Aivono-Aim-Fatbear-80000-Puffs-Disposable-Vape-Flavor-Adjustable-300x300.webp",300,300,true],"woocommerce_single":["https:\/\/vapestornado.com\/wp-content\/uploads\/2025\/09\/Aivono-Aim-Fatbear-80000-Puffs-Disposable-Vape-Flavor-Adjustable-600x600.webp",600,600,true],"woocommerce_gallery_thumbnail":["https:\/\/vapestornado.com\/wp-content\/uploads\/2025\/09\/Aivono-Aim-Fatbear-80000-Puffs-Disposable-Vape-Flavor-Adjustable-100x100.webp",100,100,true]},"uagb_author_info":{"display_name":"ESAMY","author_link":"https:\/\/vapestornado.com\/es\/author\/"},"uagb_comment_info":1,"uagb_excerpt":"AIVONO FATBEAR 80K Big Puff Vape \u2013 Best 3-in-1 LED Display Disposable Vape Pen AIVONO FATBEAR 80000 Puffs Rechargeable Disposable Vape \u2013 Wholesale in Europe Best Wholesale Disposable Vape \u2013 AIVONO FATBEAR 80K with LED Screen &amp; 3-in-1 Flavor Add Amy's whatsapp to get right reply and discount price! WhatsApp: +86 17776015835","_links":{"self":[{"href":"https:\/\/vapestornado.com\/es\/wp-json\/wp\/v2\/product\/4386","targetHints":{"allow":["GET"]}}],"collection":[{"href":"https:\/\/vapestornado.com\/es\/wp-json\/wp\/v2\/product"}],"about":[{"href":"https:\/\/vapestornado.com\/es\/wp-json\/wp\/v2\/types\/product"}],"replies":[{"embeddable":true,"href":"https:\/\/vapestornado.com\/es\/wp-json\/wp\/v2\/comments?post=4386"}],"wp:featuredmedia":[{"embeddable":true,"href":"https:\/\/vapestornado.com\/es\/wp-json\/wp\/v2\/media\/4396"}],"wp:attachment":[{"href":"https:\/\/vapestornado.com\/es\/wp-json\/wp\/v2\/media?parent=4386"}],"wp:term":[{"taxonomy":"product_brand","embeddable":true,"href":"https:\/\/vapestornado.com\/es\/wp-json\/wp\/v2\/product_brand?post=4386"},{"taxonomy":"product_cat","embeddable":true,"href":"https:\/\/vapestornado.com\/es\/wp-json\/wp\/v2\/product_cat?post=4386"},{"taxonomy":"product_tag","embeddable":true,"href":"https:\/\/vapestornado.com\/es\/wp-json\/wp\/v2\/product_tag?post=4386"}],"curies":[{"name":"wp","href":"https:\/\/api.w.org\/{rel}","templated":true}]}}