{"id":4369,"date":"2025-09-20T09:23:19","date_gmt":"2025-09-20T09:23:19","guid":{"rendered":"https:\/\/vapestornado.com\/?post_type=product&#038;p=4369"},"modified":"2025-09-23T08:18:09","modified_gmt":"2025-09-23T08:18:09","slug":"okso-70000-puff-3-in-1-flavor-adjustable-disposable-vape-pod","status":"publish","type":"product","link":"https:\/\/vapestornado.com\/es\/product\/okso-70000-puff-3-in-1-flavor-adjustable-disposable-vape-pod\/","title":{"rendered":"OKSO 70000 caladas 3 en 1 sabor, vaporizador desechable ajustable con cartucho"},"content":{"rendered":"<h2 data-pm-slice=\"1 1 []\">OKSO 70000 caladas 3 en 1 sabor, vaporizador desechable ajustable con cartucho<\/h2>\n<p data-start=\"204\" data-end=\"627\">El <strong data-start=\"208\" data-end=\"247\">OKSO Vape desechable de 70000 caladas<\/strong> est\u00e1 dise\u00f1ado para vapear que desean m\u00e1ximo rendimiento y variedad en un dispositivo elegante. Con un <strong data-start=\"338\" data-end=\"367\">impresionante cantidad de 70k caladas<\/strong>, una <strong data-start=\"371\" data-end=\"395\">sistema de sabor 3 en 1<\/strong>, y <strong data-start=\"401\" data-end=\"423\">flujo de aire ajustable<\/strong>, establece un nuevo est\u00e1ndar para vaporizadores desechables de larga duraci\u00f3n. Cada cartucho contiene <strong data-start=\"498\" data-end=\"526\">48mL de e-l\u00edquido (16mL \u00d7 3)<\/strong>, ofreci\u00e9ndote tres opciones de sabor audaces en un solo dispositivo \u2014 cambia libremente y disfruta de un sabor fresco en cualquier momento.<\/p>\n<p data-start=\"629\" data-end=\"1100\">El <strong data-start=\"633\" data-end=\"650\">OKSO 70k caladas<\/strong> viene equipado con <strong data-start=\"671\" data-end=\"702\">tecnolog\u00eda de triple bobina de malla<\/strong> para vapor suave, denso y sabor consistente de principio a fin. Su <strong data-start=\"774\" data-end=\"812\">Bater\u00eda recargable Tipo-C de 650 mAh<\/strong> y el <strong data-start=\"817\" data-end=\"839\">pantalla LED<\/strong> te mantiene informado sobre los niveles de aceite y energ\u00eda, asegurando cero sorpresas. Dise\u00f1ado pensando en los vapear de la UE, este cartucho equilibra <strong data-start=\"959\" data-end=\"976\">gran capacidad<\/strong>, <strong data-start=\"978\" data-end=\"1000\">flexibilidad de sabor<\/strong>, y <strong data-start=\"1006\" data-end=\"1023\">dise\u00f1o moderno<\/strong>, lo que lo convierte en uno de los <strong data-start=\"1046\" data-end=\"1097\">mejor sabor ajustable de vaporizadores desechables de 2025<\/strong>.<\/p>\n<p data-start=\"1102\" data-end=\"1247\">Ya sea para <strong data-start=\"1114\" data-end=\"1134\">compradores al por mayor<\/strong> or <strong data-start=\"1138\" data-end=\"1158\">usuarios individuales<\/strong>, el <strong data-start=\"1164\" data-end=\"1183\">OKSO 70000 caladas<\/strong> es una opci\u00f3n principal en el mercado de vaporizadores desechables.<\/p>\n<p><strong><span style=\"color: #ff0000;\">\u00a1A\u00f1ade el whatsapp de Amy para obtener una respuesta inmediata y cup\u00f3n para vaper!<\/span><\/strong><\/p>\n<p><img fetchpriority=\"high\" decoding=\"async\" class=\"size-full wp-image-2932\" src=\"https:\/\/vapestornado.com\/wp-content\/uploads\/2024\/12\/Vape-Wholesale.jpg\" alt=\"Vape al por mayor\" width=\"229\" height=\"300\" \/><\/p>\n<h3><a href=\"https:\/\/wa.me\/8617776015835\" target=\"_blank\" rel=\"noopener\"><span style=\"color: #ff0000;\"><strong>WhatsApp: +86 17776015835<\/strong><\/span><\/a><\/h3>\n<p>&nbsp;<\/p>\n<h2><strong>Caracter\u00edsticas del producto OKSO 70000 Puff<\/strong><\/h2>\n<p>Caladas: 70000 caladas<br \/>\nN\u00facleo: Bobina de malla *3<br \/>\nE-l\u00edquido: 48ml (16ml*3)<br \/>\nNicotina: 0%\/2%\/3%\/5%<br \/>\nBater\u00eda: 650mah, recargable con Tipo C<br \/>\nPantalla LED para aceite y bater\u00eda<br \/>\nPeso del producto: 134.5g\/ud<br \/>\nTama\u00f1o del producto: 45*44*127mm<\/p>\n<figure id=\"attachment_4365\" aria-describedby=\"caption-attachment-4365\" style=\"width: 300px\" class=\"wp-caption alignnone\"><img decoding=\"async\" class=\"size-medium wp-image-4365\" src=\"https:\/\/vapestornado.com\/wp-content\/uploads\/2025\/09\/OKSO-3in1-70000-Puffs-Disposable-Vape-300x300.webp\" alt=\"Vaporizador desechable 3 en 1 OKSO 70000 Puffs\" width=\"300\" height=\"300\" srcset=\"https:\/\/vapestornado.com\/wp-content\/uploads\/2025\/09\/OKSO-3in1-70000-Puffs-Disposable-Vape-300x300.webp 300w, https:\/\/vapestornado.com\/wp-content\/uploads\/2025\/09\/OKSO-3in1-70000-Puffs-Disposable-Vape-150x150.webp 150w, https:\/\/vapestornado.com\/wp-content\/uploads\/2025\/09\/OKSO-3in1-70000-Puffs-Disposable-Vape-768x768.webp 768w, https:\/\/vapestornado.com\/wp-content\/uploads\/2025\/09\/OKSO-3in1-70000-Puffs-Disposable-Vape-12x12.webp 12w, https:\/\/vapestornado.com\/wp-content\/uploads\/2025\/09\/OKSO-3in1-70000-Puffs-Disposable-Vape-600x600.webp 600w, https:\/\/vapestornado.com\/wp-content\/uploads\/2025\/09\/OKSO-3in1-70000-Puffs-Disposable-Vape-100x100.webp 100w, https:\/\/vapestornado.com\/wp-content\/uploads\/2025\/09\/OKSO-3in1-70000-Puffs-Disposable-Vape.webp 800w\" sizes=\"(max-width: 300px) 100vw, 300px\" \/><figcaption id=\"caption-attachment-4365\" class=\"wp-caption-text\">Vaporizador desechable 3 en 1 OKSO 70000 Puffs<\/figcaption><\/figure>\n<h2 class=\"product-title\"><strong>Lista de sabores de OKSO 70000 Puff<\/strong><\/h2>\n<p data-start=\"2550\" data-end=\"2736\">1. Ar\u00e1ndano con frambuesa\\Frutas mixtas\\Manzana con durazno<br \/>\n2. Sand\u00eda con hielo\\Se\u00f1or Azul\\Uva verde con sand\u00eda<br \/>\n3. Fresa con hielo\\Jugo de la jungla\\Mel\u00f3n drag\u00f3n<br \/>\n4. Uva con hielo\\ Grosella negra con hielo\\Mermelada de bayas<br \/>\n5. Cereza con hielo\\Dos manzanas\\Fresa con frambuesa y cereza con hielo<br \/>\n6. Durazno Jugoso\\Cola de Cereza\\Caramelo Suave de Cereza<br \/>\n7. Fresa Kiwi\\Chicle de Sand\u00eda\\Mango Triple con hielo<br \/>\n8. Kiwi Fruta de la Pasi\u00f3n Guayaba\\Hielo de Cola\\Mango con Fruta de la Pasi\u00f3n y hielo<br \/>\n9. Pi\u00f1a con hielo\\Fresa y Sand\u00eda\\Uva y Fresa<br \/>\n10. Menta Fresca\\Lim\u00f3n Lima\\Mojito de Sand\u00eda<\/p>\n<div class=\"flex-shrink-0 flex flex-col relative items-end\">\n<div class=\"pt-0\">\n<div class=\"gizmo-bot-avatar flex h-8 w-8 items-center justify-center overflow-hidden rounded-full\">\n<div class=\"relative p-1 rounded-sm flex items-center justify-center bg-token-main-surface-primary text-token-text-primary h-8 w-8\">\n<h2 data-start=\"1200\" data-end=\"1487\">Vapes Tornado \u2013 Tu Tienda Vape Online al por Mayor para las Mejores Marcas de Vape de Europa<\/h2>\n<p data-start=\"1200\" data-end=\"1487\"><strong data-start=\"213\" data-end=\"248\">Tienda de vapores en l\u00ednea Tornado Vape<\/strong> es tu destino de confianza para vapes desechables de alta calidad y cigarrillos electr\u00f3nicos al por mayor en toda Europa. Nos especializamos en ofrecer una amplia selecci\u00f3n de las<strong data-start=\"403\" data-end=\"431\">\u00a0marcas de vapeo populares<\/strong>, incluyendo <strong data-start=\"443\" data-end=\"502\"><a href=\"https:\/\/vapestornado.com\/es\/product-category\/elf-bar-vape\/\">VAPE ELF BAR<\/a>, Vapme VAPE, <a href=\"https:\/\/vapestornado.com\/es\/product\/vozol-gear-power-20k-20000-puffs-vape-rechargeable-disposable-box-bulk-buy-cheap-price\/\">VOZOL VAPE<\/a><\/strong><strong data-start=\"443\" data-end=\"502\">, y <a href=\"https:\/\/vapestornado.com\/es\/product-category\/bang-vape\/\">Bang Vaper<\/a><\/strong>. Nuestra tienda est\u00e1 construida para servir tanto a clientes individuales como a compradores al por mayor, proporcionando productos fiables que combinan un rendimiento s\u00f3lido, un dise\u00f1o elegante y precios competitivos.<\/p>\n<h2 data-start=\"2064\" data-end=\"2115\">Preguntas frecuentes sobre el vape desechable OKSO 70000 Puff<\/h2>\n<p data-start=\"1275\" data-end=\"1451\"><strong data-start=\"1275\" data-end=\"1351\">P1: \u00bfCu\u00e1ntos caladas proporciona el vape desechable OKSO 70000 Puff?<\/strong><br data-start=\"1351\" data-end=\"1354\" \/>R1: Hasta <strong data-start=\"1364\" data-end=\"1380\">70.000 caladas<\/strong> gracias a su gran capacidad de 48 mL de e-l\u00edquido y sus eficientes bobinas de malla.<\/p>\n<p data-start=\"1453\" data-end=\"1655\"><strong data-start=\"1453\" data-end=\"1528\">P2: \u00bfQu\u00e9 hace que el OKSO de 70k Puff sea diferente de otros vapores desechables?<\/strong><br data-start=\"1528\" data-end=\"1531\" \/>R2: Cuenta con un <strong data-start=\"1549\" data-end=\"1573\">sistema de sabor 3 en 1<\/strong> con flujo de aire ajustable, permiti\u00e9ndote disfrutar de tres sabores premium en un solo dispositivo.<\/p>\n<p data-start=\"1657\" data-end=\"1813\"><strong data-start=\"1657\" data-end=\"1701\">P3: \u00bfEl OKSO de 70000 Puff es recargable?<\/strong><br data-start=\"1701\" data-end=\"1704\" \/>R3: S\u00ed, tiene un <strong data-start=\"1722\" data-end=\"1760\">Bater\u00eda recargable Tipo-C de 650 mAh<\/strong> con una pantalla LED que muestra el estado del aceite y la bater\u00eda.<\/p>\n<p data-start=\"1815\" data-end=\"1979\"><strong data-start=\"1815\" data-end=\"1893\">P4: \u00bfQu\u00e9 niveles de nicotina est\u00e1n disponibles para el Vape Descartable OKSO 70k?<\/strong><br data-start=\"1893\" data-end=\"1896\" \/>R4: Las opciones incluyen <strong data-start=\"1916\" data-end=\"1946\">0%, 2%, 3% y 5% de nicotina<\/strong> para adaptarse a diferentes preferencias.<\/p>\n<p data-start=\"1981\" data-end=\"2177\"><strong data-start=\"1981\" data-end=\"2047\">P5: \u00bfPara qui\u00e9n est\u00e1 dise\u00f1ado el Vape Descartable OKSO 70k Puff?<\/strong><br data-start=\"2047\" data-end=\"2050\" \/>R5: Es ideal para <strong data-start=\"2069\" data-end=\"2119\">consumidores masculinos de 25 a 35 a\u00f1os en el mercado de Espa\u00f1a<\/strong> que desean una experiencia de vapeo duradera y llena de sabor.<\/p>\n<\/div>\n<\/div>\n<\/div>\n<\/div>","protected":false},"excerpt":{"rendered":"<p data-start=\"2514\" data-end=\"2583\"><strong data-start=\"2514\" data-end=\"2581\">OKSO 70K Puff Vape desechable 3 en 1 \u2013 Grandes caladas, sabor a\u00fan mayor<\/strong><\/p>\n<p data-start=\"2587\" data-end=\"2663\"><strong data-start=\"2587\" data-end=\"2661\">Venta al por mayor de OKSO Vape de 70000 caladas \u2013 Sabor triple, flujo de aire ajustable<\/strong><\/p>\n<p data-start=\"2667\" data-end=\"2739\"><strong data-start=\"2667\" data-end=\"2737\">OKSO Vape desechable de 70000 caladas \u2013 La mejor vape de 70K caladas en el mercado de la UE en 2025<\/strong><\/p>\n<p><strong>\u00a1A\u00f1ade el WhatsApp de Amy para obtener una respuesta correcta y un precio con descuento!<\/strong><\/p>\n<p><img fetchpriority=\"high\" decoding=\"async\" class=\"size-full wp-image-2932\" src=\"https:\/\/vapestornado.com\/wp-content\/uploads\/2024\/12\/Vape-Wholesale.jpg\" alt=\"Vape al por mayor\" width=\"229\" height=\"300\" \/><\/p>\n<h3><a href=\"https:\/\/wa.me\/8617776015835\"><span style=\"color: #ff0000;\"><strong>WhatsApp: +86 17776015835<\/strong><\/span><\/a><\/h3>","protected":false},"featured_media":4364,"comment_status":"open","ping_status":"closed","template":"","meta":{"_acf_changed":false,"_uag_custom_page_level_css":"","_lmt_disableupdate":"no","_lmt_disable":"","_monsterinsights_skip_tracking":false,"_monsterinsights_sitenote_active":false,"_monsterinsights_sitenote_note":"","_monsterinsights_sitenote_category":0,"site-sidebar-layout":"default","site-content-layout":"","ast-site-content-layout":"default","site-content-style":"default","site-sidebar-style":"default","ast-global-header-display":"","ast-banner-title-visibility":"","ast-main-header-display":"","ast-hfb-above-header-display":"","ast-hfb-below-header-display":"","ast-hfb-mobile-header-display":"","site-post-title":"","ast-breadcrumbs-content":"","ast-featured-img":"","footer-sml-layout":"","ast-disable-related-posts":"","theme-transparent-header-meta":"default","adv-header-id-meta":"","stick-header-meta":"","header-above-stick-meta":"","header-main-stick-meta":"","header-below-stick-meta":"","astra-migrate-meta-layouts":"set","ast-page-background-enabled":"default","ast-page-background-meta":{"desktop":{"background-color":"","background-image":"","background-repeat":"repeat","background-position":"center center","background-size":"auto","background-attachment":"scroll","background-type":"","background-media":"","overlay-type":"","overlay-color":"","overlay-opacity":"","overlay-gradient":""},"tablet":{"background-color":"","background-image":"","background-repeat":"repeat","background-position":"center center","background-size":"auto","background-attachment":"scroll","background-type":"","background-media":"","overlay-type":"","overlay-color":"","overlay-opacity":"","overlay-gradient":""},"mobile":{"background-color":"","background-image":"","background-repeat":"repeat","background-position":"center center","background-size":"auto","background-attachment":"scroll","background-type":"","background-media":"","overlay-type":"","overlay-color":"","overlay-opacity":"","overlay-gradient":""}},"ast-content-background-meta":{"desktop":{"background-color":"var(--ast-global-color-5)","background-image":"","background-repeat":"repeat","background-position":"center center","background-size":"auto","background-attachment":"scroll","background-type":"","background-media":"","overlay-type":"","overlay-color":"","overlay-opacity":"","overlay-gradient":""},"tablet":{"background-color":"var(--ast-global-color-5)","background-image":"","background-repeat":"repeat","background-position":"center center","background-size":"auto","background-attachment":"scroll","background-type":"","background-media":"","overlay-type":"","overlay-color":"","overlay-opacity":"","overlay-gradient":""},"mobile":{"background-color":"var(--ast-global-color-5)","background-image":"","background-repeat":"repeat","background-position":"center center","background-size":"auto","background-attachment":"scroll","background-type":"","background-media":"","overlay-type":"","overlay-color":"","overlay-opacity":"","overlay-gradient":""}},"_joinchat":[]},"product_brand":[],"product_cat":[149,153,156,158,142,143,144,146],"product_tag":[368,374,375,376],"class_list":{"0":"post-4369","1":"product","2":"type-product","3":"status-publish","4":"has-post-thumbnail","6":"product_cat-buy-disposable-vapes-in-austria","7":"product_cat-buy-disposable-vapes-in-italy","8":"product_cat-buy-disposable-vapes-in-poland","9":"product_cat-buy-disposable-vapes-in-spain","10":"product_cat-digital-box-disposable-vapes","11":"product_cat-dual-mesh-disposable-vapes","12":"product_cat-low-nicotine-disposable-vapes","13":"product_cat-rechargeable-disposable-vapes","14":"product_tag-disposable-vapor","15":"product_tag-okso-70000-puff","16":"product_tag-okso-70k-puff","17":"product_tag-okso-vape","18":"desktop-align-left","19":"tablet-align-left","20":"mobile-align-left","22":"first","23":"instock","24":"sale","25":"shipping-taxable","26":"purchasable","27":"product-type-simple"},"acf":[],"uagb_featured_image_src":{"full":["https:\/\/vapestornado.com\/wp-content\/uploads\/2025\/09\/OKSO-3-IN-1-70000-PUFF-Disposable-Vape-Wholesale-Price.webp",800,800,false],"thumbnail":["https:\/\/vapestornado.com\/wp-content\/uploads\/2025\/09\/OKSO-3-IN-1-70000-PUFF-Disposable-Vape-Wholesale-Price-150x150.webp",150,150,true],"medium":["https:\/\/vapestornado.com\/wp-content\/uploads\/2025\/09\/OKSO-3-IN-1-70000-PUFF-Disposable-Vape-Wholesale-Price-300x300.webp",300,300,true],"medium_large":["https:\/\/vapestornado.com\/wp-content\/uploads\/2025\/09\/OKSO-3-IN-1-70000-PUFF-Disposable-Vape-Wholesale-Price-768x768.webp",768,768,true],"large":["https:\/\/vapestornado.com\/wp-content\/uploads\/2025\/09\/OKSO-3-IN-1-70000-PUFF-Disposable-Vape-Wholesale-Price.webp",800,800,false],"1536x1536":["https:\/\/vapestornado.com\/wp-content\/uploads\/2025\/09\/OKSO-3-IN-1-70000-PUFF-Disposable-Vape-Wholesale-Price.webp",800,800,false],"2048x2048":["https:\/\/vapestornado.com\/wp-content\/uploads\/2025\/09\/OKSO-3-IN-1-70000-PUFF-Disposable-Vape-Wholesale-Price.webp",800,800,false],"trp-custom-language-flag":["https:\/\/vapestornado.com\/wp-content\/uploads\/2025\/09\/OKSO-3-IN-1-70000-PUFF-Disposable-Vape-Wholesale-Price-12x12.webp",12,12,true],"woocommerce_thumbnail":["https:\/\/vapestornado.com\/wp-content\/uploads\/2025\/09\/OKSO-3-IN-1-70000-PUFF-Disposable-Vape-Wholesale-Price-300x300.webp",300,300,true],"woocommerce_single":["https:\/\/vapestornado.com\/wp-content\/uploads\/2025\/09\/OKSO-3-IN-1-70000-PUFF-Disposable-Vape-Wholesale-Price-600x600.webp",600,600,true],"woocommerce_gallery_thumbnail":["https:\/\/vapestornado.com\/wp-content\/uploads\/2025\/09\/OKSO-3-IN-1-70000-PUFF-Disposable-Vape-Wholesale-Price-100x100.webp",100,100,true]},"uagb_author_info":{"display_name":"ESAMY","author_link":"https:\/\/vapestornado.com\/es\/author\/"},"uagb_comment_info":1,"uagb_excerpt":"OKSO 70K Puff 3-in-1 Disposable Vape \u2013 Big Puffs, Bigger Flavor Wholesale OKSO 70000 Puff Vape Pod \u2013 Triple Flavor, Adjustable Airflow OKSO 70000 Disposable Vape Pod \u2013 Best 70K Puff Vape 2025 EU Market Add Amy's whatsapp to get right reply and discount price! WhatsApp: +86 17776015835","_links":{"self":[{"href":"https:\/\/vapestornado.com\/es\/wp-json\/wp\/v2\/product\/4369","targetHints":{"allow":["GET"]}}],"collection":[{"href":"https:\/\/vapestornado.com\/es\/wp-json\/wp\/v2\/product"}],"about":[{"href":"https:\/\/vapestornado.com\/es\/wp-json\/wp\/v2\/types\/product"}],"replies":[{"embeddable":true,"href":"https:\/\/vapestornado.com\/es\/wp-json\/wp\/v2\/comments?post=4369"}],"wp:featuredmedia":[{"embeddable":true,"href":"https:\/\/vapestornado.com\/es\/wp-json\/wp\/v2\/media\/4364"}],"wp:attachment":[{"href":"https:\/\/vapestornado.com\/es\/wp-json\/wp\/v2\/media?parent=4369"}],"wp:term":[{"taxonomy":"product_brand","embeddable":true,"href":"https:\/\/vapestornado.com\/es\/wp-json\/wp\/v2\/product_brand?post=4369"},{"taxonomy":"product_cat","embeddable":true,"href":"https:\/\/vapestornado.com\/es\/wp-json\/wp\/v2\/product_cat?post=4369"},{"taxonomy":"product_tag","embeddable":true,"href":"https:\/\/vapestornado.com\/es\/wp-json\/wp\/v2\/product_tag?post=4369"}],"curies":[{"name":"wp","href":"https:\/\/api.w.org\/{rel}","templated":true}]}}