{"id":4126,"date":"2025-04-14T03:07:08","date_gmt":"2025-04-14T03:07:08","guid":{"rendered":"https:\/\/vapestornado.com\/?post_type=product&#038;p=4126"},"modified":"2025-12-05T06:58:11","modified_gmt":"2025-12-05T06:58:11","slug":"bang-box-50000-puff-50k-disposables-vape-pod-double-flavour","status":"publish","type":"product","link":"https:\/\/vapestornado.com\/es\/product\/bang-box-50000-puff-50k-disposables-vape-pod-double-flavour\/","title":{"rendered":"Bang Box 50000 caladas 50k vape desechable sabor doble"},"content":{"rendered":"<h2 data-pm-slice=\"1 1 []\">Bang Box 50000 caladas 50k vape desechable sabor doble<\/h2>\n<p data-start=\"1203\" data-end=\"1522\">Bang Box 50000 Puff combina un tanque de doble sabor de 45ml, bater\u00eda recargable Type-C de 850mAh, bobina de malla y una pantalla inteligente en un solo dispositivo dise\u00f1ado para ofrecer hasta 50.000 caladas sin reemplazos frecuentes.<\/p>\n<p data-start=\"568\" data-end=\"863\"><strong data-start=\"568\" data-end=\"608\">Hasta 50.000 caladas con un tanque de 45ml:<\/strong><br data-start=\"608\" data-end=\"611\" \/>Bang Box 50k est\u00e1 dise\u00f1ado para un uso diario prolongado. El <strong data-start=\"656\" data-end=\"684\">capacidad prellenada de 45ml<\/strong> soporta la <strong data-start=\"698\" data-end=\"720\">calificaci\u00f3n de 50.000 caladas<\/strong>, por lo que los usuarios generalmente duran mucho m\u00e1s entre cambios de dispositivo en comparaci\u00f3n con los desechables de 10k\u201320k. Esto tambi\u00e9n mantiene el coste por calada m\u00e1s estable con el tiempo.<\/p>\n<p data-start=\"865\" data-end=\"1176\"><strong data-start=\"865\" data-end=\"916\">Sistema de vapeo de doble sabor para cambio instant\u00e1neo:<\/strong><br data-start=\"916\" data-end=\"919\" \/>Dos perfiles de sabor est\u00e1n integrados en un solo dispositivo. La <strong data-start=\"970\" data-end=\"991\">configuraci\u00f3n de doble sabor<\/strong> permite a los usuarios cambiar de gustos cuando quieran sin llevar un segundo vape o esperar a rellenar. Es pr\u00e1ctico para personas que alternan entre perfiles dulces y fr\u00edos durante el d\u00eda.<\/p>\n<p data-start=\"1178\" data-end=\"1456\"><strong data-start=\"1178\" data-end=\"1220\">Bobina de malla para vapor y sabor estables:<\/strong><br data-start=\"1220\" data-end=\"1223\" \/>Bang Box 50000 puff usa <strong data-start=\"1237\" data-end=\"1261\">tecnolog\u00eda de bobina de malla<\/strong> para calentar el e-l\u00edquido de manera uniforme. Esto ayuda a evitar golpes \u00e1speros y secos y mantiene la salida de vapor suave en un tanque grande\u2014importante en dispositivos de alta capacidad donde la p\u00e9rdida de sabor puede aparecer tarde en el ciclo de vida.<\/p>\n<p data-start=\"1458\" data-end=\"1707\"><strong data-start=\"1458\" data-end=\"1507\">Pantalla digital inteligente para seguimiento en tiempo real:<\/strong><br data-start=\"1507\" data-end=\"1510\" \/>El <strong data-start=\"1514\" data-end=\"1530\">pantalla inteligente<\/strong> muestra <strong data-start=\"1537\" data-end=\"1573\">nivel de bater\u00eda y nivel de e-l\u00edquido<\/strong> a medida que vapeas. Esto elimina las conjeturas, para que los usuarios puedan recargar antes de que la bater\u00eda se agote y evitar golpes secos inesperados cerca del final del tanque.<\/p>\n<p data-start=\"1709\" data-end=\"1964\"><strong data-start=\"1709\" data-end=\"1748\">Bater\u00eda recargable Type-C de 850mAh:<\/strong><br data-start=\"1748\" data-end=\"1751\" \/>El <strong data-start=\"1755\" data-end=\"1773\">La bater\u00eda de 850mAh<\/strong> de tama\u00f1o para un tanque grande y un alto recuento de caladas. Con <strong data-start=\"1824\" data-end=\"1852\">carga r\u00e1pida USB Tipo-C<\/strong>, el tiempo de inactividad se mantiene corto y los usuarios pueden terminar la cantidad completa de l\u00edquido en lugar de desecharlo temprano por baja energ\u00eda.<\/p>\n<p data-start=\"666\" data-end=\"1235\"><strong style=\"font-size: 16px;\"><span style=\"color: #ff0000;\">\u00a1A\u00f1ade el WhatsApp de Amy para obtener una respuesta correcta y un precio con descuento!<\/span><\/strong><\/p>\n<p><img fetchpriority=\"high\" decoding=\"async\" class=\"size-full wp-image-2932\" src=\"https:\/\/vapestornado.com\/wp-content\/uploads\/2024\/12\/Vape-Wholesale.jpg\" alt=\"Vape al por mayor\" width=\"229\" height=\"300\" \/><\/p>\n<h3><a href=\"https:\/\/wa.me\/8617776015835\" target=\"_blank\" rel=\"noopener\"><span style=\"color: #ff0000;\"><strong>WhatsApp: +86 17776015835<\/strong><\/span><\/a><\/h3>\n<h2><\/h2>\n<h2 data-start=\"1258\" data-end=\"1303\"><strong data-start=\"1265\" data-end=\"1303\">Por qu\u00e9 el Bang Box 50k es una opci\u00f3n imprescindible<\/strong><\/h2>\n<table>\n<thead>\n<tr>\n<th>Caracter\u00edstica \/ Par\u00e1metro<\/th>\n<th align=\"right\">Especificaciones<\/th>\n<th>Explicaci\u00f3n<\/th>\n<\/tr>\n<\/thead>\n<tbody>\n<tr>\n<td>Nombre del producto<\/td>\n<td align=\"right\">Vape Desechable Bang Box 50000 Puffs<\/td>\n<td>Nomenclatura clara del modelo para pedidos repetidos y b\u00fasqueda.<\/td>\n<\/tr>\n<tr>\n<td>Capacidad de caladas<\/td>\n<td align=\"right\">Hasta 50.000 caladas<\/td>\n<td>Desechable de alto rendimiento; menos reemplazos.<\/td>\n<\/tr>\n<tr>\n<td>Volumen de E-L\u00edquido<\/td>\n<td align=\"right\">45ml precargado<\/td>\n<td>Tanque grande que soporta sesiones largas sin recargar.<\/td>\n<\/tr>\n<tr>\n<td>Sistema de sabor<\/td>\n<td align=\"right\">Vapeo de Doble Sabor<\/td>\n<td>Dos sabores en un solo dispositivo; cambia en cualquier momento.<\/td>\n<\/tr>\n<tr>\n<td>Tipo de Bobina<\/td>\n<td align=\"right\">Resistencia de malla<\/td>\n<td>Calentamiento uniforme = caladas m\u00e1s suaves y sabor m\u00e1s estable.<\/td>\n<\/tr>\n<tr>\n<td>Bater\u00eda<\/td>\n<td align=\"right\">Recarcable de 850mAh<\/td>\n<td>Recarga para usar todo el e-l\u00edquido en lugar de desperdiciar caladas.<\/td>\n<\/tr>\n<tr>\n<td>Carga<\/td>\n<td align=\"right\">USB Tipo-C<\/td>\n<td>Est\u00e1ndar de carga r\u00e1pida com\u00fan; acceso f\u00e1cil al cable.<\/td>\n<\/tr>\n<tr>\n<td>Pantalla<\/td>\n<td align=\"right\">Pantalla digital inteligente<\/td>\n<td>Muestra en tiempo real el nivel de bater\u00eda + e-l\u00edquido.<\/td>\n<\/tr>\n<tr>\n<td>Usuarios objetivo<\/td>\n<td align=\"right\">Vapear ocasionalmente o intensamente<\/td>\n<td>Gran capacidad con operaci\u00f3n sencilla que se adapta a ambos grupos.<\/td>\n<\/tr>\n<tr>\n<td>Ajuste al mercado<\/td>\n<td align=\"right\">Venta minorista y mayorista en Espa\u00f1a<\/td>\n<td>Alta cantidad de caladas + doble sabor soporta compras repetidas.<\/td>\n<\/tr>\n<\/tbody>\n<\/table>\n<h2 class=\"product-title\"><strong>Rese\u00f1a de sabores de vapeadores desechables Bang Box 50000 Puff<\/strong><\/h2>\n<article class=\"w-full text-token-text-primary focus-visible:outline-2 focus-visible:outline-offset-[-4px]\" dir=\"auto\" data-testid=\"conversation-turn-32\" data-scroll-anchor=\"false\">\n<div class=\"m-auto text-base py-[18px] px-6\">\n<div class=\"mx-auto flex flex-1 text-base gap-4 md:gap-5 lg:gap-6 md:max-w-3xl lg:max-w-[40rem] xl:max-w-[48rem]\">\n<div class=\"group\/conversation-turn relative flex w-full min-w-0 flex-col @xs\/thread:px-0 @sm\/thread:px-1.5 @md\/thread:px-4\">\n<div class=\"flex-col gap-1 md:gap-3\">\n<div class=\"flex max-w-full flex-col flex-grow\">\n<div class=\"min-h-8 text-message flex w-full flex-col items-end gap-2 whitespace-normal break-words text-start [.text-message+&amp;]:mt-5\" dir=\"auto\" data-message-author-role=\"user\" data-message-id=\"ffac41ca-1db4-431b-873a-32c4052956f1\">\n<div class=\"flex w-full flex-col gap-1 empty:hidden items-end rtl:items-start\">\n<div class=\"relative max-w-[var(--user-chat-width,70%)] rounded-3xl bg-token-message-surface px-5 py-2.5\">\n<div class=\"absolute bottom-0 right-full top-0 -mr-3.5 hidden pr-5 pt-2 [.group\/conversation-turn:hover_&amp;]:flex\">\n<div class=\"flex\">\n<article class=\"w-full text-token-text-primary focus-visible:outline-2 focus-visible:outline-offset-[-4px]\" dir=\"auto\" data-testid=\"conversation-turn-39\" data-scroll-anchor=\"true\">\n<div class=\"m-auto text-base py-[18px] px-6\">\n<div class=\"mx-auto flex flex-1 text-base gap-4 md:gap-5 lg:gap-6 md:max-w-3xl lg:max-w-[40rem] xl:max-w-[48rem]\">\n<div class=\"group\/conversation-turn relative flex w-full min-w-0 flex-col agent-turn @xs\/thread:px-0 @sm\/thread:px-1.5 @md\/thread:px-4\">\n<div class=\"flex-col gap-1 md:gap-3\">\n<div class=\"flex max-w-full flex-col flex-grow\">\n<div class=\"min-h-8 text-message flex w-full flex-col items-end gap-2 whitespace-normal break-words text-start [.text-message+&amp;]:mt-5\" dir=\"auto\" data-message-author-role=\"assistant\" data-message-id=\"55a23854-ec57-48dd-bd4f-6118f43d6241\" data-message-model-slug=\"gpt-4o\">\n<div class=\"flex w-full flex-col gap-1 empty:hidden first:pt-[3px]\">\n<div class=\"markdown prose w-full break-words dark:prose-invert light\">\n<p class=\"\" data-start=\"2451\" data-end=\"2502\">1.Fresa Kiwi<br \/>\n2.Chicle de sand\u00eda<br \/>\n3.Pi\u00f1a Mango Melocot\u00f3n<br \/>\n4.Toro Rojo<br \/>\n5.Jugo de Melocot\u00f3n<br \/>\n6.Manzana Pera<br \/>\n7.Hielo de Ar\u00e1ndano Azul<br \/>\n8.Hielo de Drag\u00f3n Negro<br \/>\n9.Hielo de Frambuesa \u00c1cida y Ar\u00e1ndano Azul<br \/>\n10.Caramelo de Fresa y Frambuesa<br \/>\n11.Hielo de Frambuesa Azul<br \/>\n12.Hielo de Fresa<\/p>\n<figure id=\"attachment_4121\" aria-describedby=\"caption-attachment-4121\" style=\"width: 851px\" class=\"wp-caption alignnone\"><img decoding=\"async\" class=\"wp-image-4121 size-full\" src=\"https:\/\/vapestornado.com\/wp-content\/uploads\/2025\/04\/Bang-Box-50000-Puff-50k-Vape.webp\" alt=\"Vape Bang Box 50000 Caladas 50k\" width=\"851\" height=\"851\" srcset=\"https:\/\/vapestornado.com\/wp-content\/uploads\/2025\/04\/Bang-Box-50000-Puff-50k-Vape.webp 851w, https:\/\/vapestornado.com\/wp-content\/uploads\/2025\/04\/Bang-Box-50000-Puff-50k-Vape-300x300.webp 300w, https:\/\/vapestornado.com\/wp-content\/uploads\/2025\/04\/Bang-Box-50000-Puff-50k-Vape-150x150.webp 150w, https:\/\/vapestornado.com\/wp-content\/uploads\/2025\/04\/Bang-Box-50000-Puff-50k-Vape-768x768.webp 768w, https:\/\/vapestornado.com\/wp-content\/uploads\/2025\/04\/Bang-Box-50000-Puff-50k-Vape-600x600.webp 600w, https:\/\/vapestornado.com\/wp-content\/uploads\/2025\/04\/Bang-Box-50000-Puff-50k-Vape-100x100.webp 100w\" sizes=\"(max-width: 851px) 100vw, 851px\" \/><figcaption id=\"caption-attachment-4121\" class=\"wp-caption-text\">Vape Bang Box 50000 Caladas 50k<\/figcaption><\/figure>\n<\/div>\n<\/div>\n<\/div>\n<\/div>\n<\/div>\n<\/div>\n<\/div>\n<\/div>\n<\/article>\n<\/div>\n<\/div>\n<\/div>\n<\/div>\n<\/div>\n<\/div>\n<\/div>\n<\/div>\n<\/div>\n<\/div>\n<\/article>\n<h2>\u00bfPor Qu\u00e9 Elegir Vapestornado para la Venta al por Mayor de Bang Box 50000 Caladas?<\/h2>\n<div class=\"flex-shrink-0 flex flex-col relative items-end\">\n<div class=\"pt-0\">\n<div class=\"gizmo-bot-avatar flex h-8 w-8 items-center justify-center overflow-hidden rounded-full\">\n<div class=\"relative p-1 rounded-sm flex items-center justify-center bg-token-main-surface-primary text-token-text-primary h-8 w-8\">\n<p>En Vapestornado, no solo vendemos vapes, ofrecemos valor, calidad y un servicio en el que puedes confiar. Como proveedor mayorista de confianza del <strong data-start=\"410\" data-end=\"449\">Vape Desechable Bang Box 50000 Puffs<\/strong>, ofrecemos <strong data-start=\"460\" data-end=\"488\">precios competitivos al por mayor<\/strong>, asegurando que obtenga las <strong data-start=\"511\" data-end=\"537\">tarifas mayoristas m\u00e1s bajas<\/strong> sin comprometer la autenticidad del producto. Nuestro equipo selecciona solo <strong data-start=\"608\" data-end=\"634\">productos 100% originales<\/strong> con rendimiento garantizado y consistencia de sabor. Con <strong data-start=\"692\" data-end=\"716\">env\u00edo global r\u00e1pido<\/strong>, un <strong data-start=\"730\" data-end=\"766\">gestor de cuentas dedicado para clientes mayoristas<\/strong>y actualizaciones de inventario en tiempo real, tu negocio se mantiene a la vanguardia del mercado. Ya seas una tienda de vapeo, distribuidor o vendedor en l\u00ednea, <strong data-start=\"901\" data-end=\"917\">Vapestornado<\/strong> es tu socio de confianza para <strong data-start=\"947\" data-end=\"994\">productos de alta demanda como Bang Box 50k Puff<\/strong>respaldados por un servicio profesional y ofertas inigualables.<\/p>\n<p data-start=\"559\" data-end=\"933\" data-is-last-node=\"\" data-is-only-node=\"\">Tambi\u00e9n tenemos otros vapeadores populares con pantalla como el <a href=\"https:\/\/vapestornado.com\/es\/product\/solaris-25000-puff-solar-charging-dispsoable-vape-kit-usa\/\">SOLARIS 25000 CALADAS<\/a>, <a href=\"https:\/\/vapestornado.com\/es\/product\/elfbar-planet-25000-wholesale-disposable-vape-kit-with-digital-screen\/\">ELF BAR Planet 25000<\/a>, <a href=\"https:\/\/vapestornado.com\/es\/product\/elfworld-ai22000-22k-puff-disposable-vape-pen-kit-best-seller-in-poland\/\">Elf WORLD AI 22000<\/a>, y m\u00e1s.<\/p>\n<\/div>\n<div class=\"relative p-1 rounded-sm flex items-center justify-center bg-token-main-surface-primary text-token-text-primary h-8 w-8\">\n<h2>PREGUNTAS FRECUENTES<\/h2>\n<p data-start=\"3043\" data-end=\"3258\"><strong data-start=\"3043\" data-end=\"3118\">1. \u00bfNecesitan los desechables un cargador especial para Bang Box 50000 Puff?<\/strong><br data-start=\"3118\" data-end=\"3121\" \/>No. La <strong data-start=\"3129\" data-end=\"3168\">Vape Desechable Bang Box 50000 Puffs<\/strong> utiliza <strong data-start=\"3174\" data-end=\"3188\">USB Tipo-C<\/strong>, por lo que cualquier cable Tipo-C est\u00e1ndar y un adaptador USB seguro funcionar\u00e1n.<\/p>\n<p data-start=\"3260\" data-end=\"3561\"><strong data-start=\"3260\" data-end=\"3350\">2. \u00bfCu\u00e1l desechable dura realmente m\u00e1s: Bang Box 50000 Puff o dispositivo Bang Box 30k?<\/strong><br data-start=\"3350\" data-end=\"3353\" \/>En uso cotidiano, el <strong data-start=\"3374\" data-end=\"3397\">Bang Box 50000 Caladas<\/strong> generalmente dura m\u00e1s porque combina <strong data-start=\"3441\" data-end=\"3500\">50,000 caladas, 45ml de e-l\u00edquido y una bater\u00eda recargable<\/strong>, mientras que la mayor\u00eda de los modelos de 30k llevan menos l\u00edquido y se agotan antes.<\/p>\n<p data-start=\"3563\" data-end=\"3814\"><strong data-start=\"3563\" data-end=\"3627\">3. \u00bfVale la pena el sistema de doble sabor de Bang Box 50000 Puff?<\/strong><br data-start=\"3627\" data-end=\"3630\" \/>S\u00ed, si la variedad de sabores importa. El <strong data-start=\"3665\" data-end=\"3705\">vape de doble sabor Bang Box 50000 Puff<\/strong> formato ofrece dos perfiles en un solo cuerpo, por lo que cambiar de sabor es inmediato y no requiere un segundo dispositivo.<\/p>\n<p data-start=\"3816\" data-end=\"4050\"><strong data-start=\"3816\" data-end=\"3886\">\u00bfEl Bang Box 50000 Puff mantiene el sabor fuerte cerca del final?<\/strong><br data-start=\"3886\" data-end=\"3889\" \/>El <strong data-start=\"3893\" data-end=\"3906\">resistencia de malla<\/strong> ayuda a mantener una distribuci\u00f3n uniforme del calor en un tanque grande, reduciendo la ca\u00edda del sabor en las \u00faltimas etapas y las caladas secas que pueden ocurrir en dispositivos desechables de alta capacidad.<\/p>\n<p data-start=\"4052\" data-end=\"4308\"><strong data-start=\"4052\" data-end=\"4122\">\u00bfPuedo llevar un vape desechable Bang Box 50000 Puff en un avi\u00f3n?<\/strong><br data-start=\"4122\" data-end=\"4125\" \/>La mayor\u00eda de las aerol\u00edneas permiten los desechables <strong data-start=\"4157\" data-end=\"4185\">solo en equipaje de mano<\/strong>, no en maletas facturadas, porque contienen bater\u00edas. Mant\u00e9n el <strong data-start=\"4246\" data-end=\"4269\">Bang Box 50000 Caladas<\/strong> sellado y sigue las reglas de la aerol\u00ednea\/locales.<\/p>\n<\/div>\n<\/div>\n<\/div>\n<\/div>","protected":false},"excerpt":{"rendered":"<p class=\"LC20lb MBeuO DKV0Md\">Bang Box 50000 Puff Vape desechable con tanque de doble sabor de 45ml<br \/>\nBang Box 50000 Puff Vape de doble sabor con pantalla digital inteligente<br \/>\nBang Box 50k Puff Dispositivo desechable recargable con bobina de malla y Tipo-C<\/p>\n<p><strong>\u00a1A\u00f1ade el WhatsApp de Amy para obtener una respuesta correcta y un precio con descuento!<\/strong><\/p>\n<p><img fetchpriority=\"high\" decoding=\"async\" class=\"size-full wp-image-2932\" src=\"https:\/\/vapestornado.com\/wp-content\/uploads\/2024\/12\/Vape-Wholesale.jpg\" alt=\"Vape al por mayor\" width=\"229\" height=\"300\" \/><\/p>\n<h3><a href=\"https:\/\/wa.me\/8617776015835\"><span style=\"color: #ff0000;\"><strong>WhatsApp: +86 17776015835<\/strong><\/span><\/a><\/h3>\n<p>&nbsp;<\/p>","protected":false},"featured_media":4122,"comment_status":"open","ping_status":"closed","template":"","meta":{"_acf_changed":false,"_uag_custom_page_level_css":"","_lmt_disableupdate":"no","_lmt_disable":"","_monsterinsights_skip_tracking":false,"_monsterinsights_sitenote_active":false,"_monsterinsights_sitenote_note":"","_monsterinsights_sitenote_category":0,"site-sidebar-layout":"default","site-content-layout":"","ast-site-content-layout":"default","site-content-style":"default","site-sidebar-style":"default","ast-global-header-display":"","ast-banner-title-visibility":"","ast-main-header-display":"","ast-hfb-above-header-display":"","ast-hfb-below-header-display":"","ast-hfb-mobile-header-display":"","site-post-title":"","ast-breadcrumbs-content":"","ast-featured-img":"","footer-sml-layout":"","ast-disable-related-posts":"","theme-transparent-header-meta":"default","adv-header-id-meta":"","stick-header-meta":"","header-above-stick-meta":"","header-main-stick-meta":"","header-below-stick-meta":"","astra-migrate-meta-layouts":"set","ast-page-background-enabled":"default","ast-page-background-meta":{"desktop":{"background-color":"","background-image":"","background-repeat":"repeat","background-position":"center center","background-size":"auto","background-attachment":"scroll","background-type":"","background-media":"","overlay-type":"","overlay-color":"","overlay-opacity":"","overlay-gradient":""},"tablet":{"background-color":"","background-image":"","background-repeat":"repeat","background-position":"center center","background-size":"auto","background-attachment":"scroll","background-type":"","background-media":"","overlay-type":"","overlay-color":"","overlay-opacity":"","overlay-gradient":""},"mobile":{"background-color":"","background-image":"","background-repeat":"repeat","background-position":"center center","background-size":"auto","background-attachment":"scroll","background-type":"","background-media":"","overlay-type":"","overlay-color":"","overlay-opacity":"","overlay-gradient":""}},"ast-content-background-meta":{"desktop":{"background-color":"var(--ast-global-color-5)","background-image":"","background-repeat":"repeat","background-position":"center center","background-size":"auto","background-attachment":"scroll","background-type":"","background-media":"","overlay-type":"","overlay-color":"","overlay-opacity":"","overlay-gradient":""},"tablet":{"background-color":"var(--ast-global-color-5)","background-image":"","background-repeat":"repeat","background-position":"center center","background-size":"auto","background-attachment":"scroll","background-type":"","background-media":"","overlay-type":"","overlay-color":"","overlay-opacity":"","overlay-gradient":""},"mobile":{"background-color":"var(--ast-global-color-5)","background-image":"","background-repeat":"repeat","background-position":"center center","background-size":"auto","background-attachment":"scroll","background-type":"","background-media":"","overlay-type":"","overlay-color":"","overlay-opacity":"","overlay-gradient":""}},"_joinchat":{"telephone":"17776015835"}},"product_brand":[],"product_cat":[192,64,150,151,142,146],"product_tag":[332,333,474,105,195,189],"class_list":{"0":"post-4126","1":"product","2":"type-product","3":"status-publish","4":"has-post-thumbnail","6":"product_cat-50000-puff","7":"product_cat-bangbox-vape","8":"product_cat-buy-disposable-vapes-in-belgium","9":"product_cat-buy-disposable-vapes-in-france","10":"product_cat-digital-box-disposable-vapes","11":"product_cat-rechargeable-disposable-vapes","12":"product_tag-bang-box-50000","13":"product_tag-bang-box-50k","14":"product_tag-bang-hot-sale-vape","15":"product_tag-digital-disposable-vape","16":"product_tag-dual-flavor-disposable-vape","17":"product_tag-puff-50k","18":"desktop-align-left","19":"tablet-align-left","20":"mobile-align-left","22":"first","23":"instock","24":"sale","25":"shipping-taxable","26":"purchasable","27":"product-type-simple"},"acf":[],"uagb_featured_image_src":{"full":["https:\/\/vapestornado.com\/wp-content\/uploads\/2025\/04\/Bang-Box-50000-Puff-Best-Double-Flavor-Vape-scaled.webp",2560,2560,false],"thumbnail":["https:\/\/vapestornado.com\/wp-content\/uploads\/2025\/04\/Bang-Box-50000-Puff-Best-Double-Flavor-Vape-150x150.webp",150,150,true],"medium":["https:\/\/vapestornado.com\/wp-content\/uploads\/2025\/04\/Bang-Box-50000-Puff-Best-Double-Flavor-Vape-300x300.webp",300,300,true],"medium_large":["https:\/\/vapestornado.com\/wp-content\/uploads\/2025\/04\/Bang-Box-50000-Puff-Best-Double-Flavor-Vape-768x768.webp",768,768,true],"large":["https:\/\/vapestornado.com\/wp-content\/uploads\/2025\/04\/Bang-Box-50000-Puff-Best-Double-Flavor-Vape-1024x1024.webp",1024,1024,true],"1536x1536":["https:\/\/vapestornado.com\/wp-content\/uploads\/2025\/04\/Bang-Box-50000-Puff-Best-Double-Flavor-Vape-1536x1536.webp",1536,1536,true],"2048x2048":["https:\/\/vapestornado.com\/wp-content\/uploads\/2025\/04\/Bang-Box-50000-Puff-Best-Double-Flavor-Vape-2048x2048.webp",2048,2048,true],"trp-custom-language-flag":["https:\/\/vapestornado.com\/wp-content\/uploads\/2025\/04\/Bang-Box-50000-Puff-Best-Double-Flavor-Vape-scaled.webp",12,12,false],"woocommerce_thumbnail":["https:\/\/vapestornado.com\/wp-content\/uploads\/2025\/04\/Bang-Box-50000-Puff-Best-Double-Flavor-Vape-300x300.webp",300,300,true],"woocommerce_single":["https:\/\/vapestornado.com\/wp-content\/uploads\/2025\/04\/Bang-Box-50000-Puff-Best-Double-Flavor-Vape-600x600.webp",600,600,true],"woocommerce_gallery_thumbnail":["https:\/\/vapestornado.com\/wp-content\/uploads\/2025\/04\/Bang-Box-50000-Puff-Best-Double-Flavor-Vape-100x100.webp",100,100,true]},"uagb_author_info":{"display_name":"ESAMY","author_link":"https:\/\/vapestornado.com\/es\/author\/"},"uagb_comment_info":0,"uagb_excerpt":"Bang Box 50000 Puff Disposable Vape with 45ml Dual-Flavor Tank Bang Box 50000 Puff Dual Flavour Vape with Smart Digital Display Bang Box 50k Puff Type-C Rechargeable Mesh Coil Disposable Device Add Amy's whatsapp to get right reply and discount price! WhatsApp: +86 17776015835 &nbsp;","_links":{"self":[{"href":"https:\/\/vapestornado.com\/es\/wp-json\/wp\/v2\/product\/4126","targetHints":{"allow":["GET"]}}],"collection":[{"href":"https:\/\/vapestornado.com\/es\/wp-json\/wp\/v2\/product"}],"about":[{"href":"https:\/\/vapestornado.com\/es\/wp-json\/wp\/v2\/types\/product"}],"replies":[{"embeddable":true,"href":"https:\/\/vapestornado.com\/es\/wp-json\/wp\/v2\/comments?post=4126"}],"wp:featuredmedia":[{"embeddable":true,"href":"https:\/\/vapestornado.com\/es\/wp-json\/wp\/v2\/media\/4122"}],"wp:attachment":[{"href":"https:\/\/vapestornado.com\/es\/wp-json\/wp\/v2\/media?parent=4126"}],"wp:term":[{"taxonomy":"product_brand","embeddable":true,"href":"https:\/\/vapestornado.com\/es\/wp-json\/wp\/v2\/product_brand?post=4126"},{"taxonomy":"product_cat","embeddable":true,"href":"https:\/\/vapestornado.com\/es\/wp-json\/wp\/v2\/product_cat?post=4126"},{"taxonomy":"product_tag","embeddable":true,"href":"https:\/\/vapestornado.com\/es\/wp-json\/wp\/v2\/product_tag?post=4126"}],"curies":[{"name":"wp","href":"https:\/\/api.w.org\/{rel}","templated":true}]}}