{"id":4044,"date":"2025-03-30T09:23:45","date_gmt":"2025-03-30T09:23:45","guid":{"rendered":"https:\/\/vapestornado.com\/?post_type=product&#038;p=4044"},"modified":"2025-08-23T11:57:41","modified_gmt":"2025-08-23T11:57:41","slug":"bang-king-30000-pro-puff-30k-disposable-device-wholesale-price","status":"publish","type":"product","link":"https:\/\/vapestornado.com\/es\/product\/bang-king-30000-pro-puff-30k-disposable-device-wholesale-price\/","title":{"rendered":"Bang King 30000 Pro Puff 30k Dispositivo Desechable Precio al por mayor"},"content":{"rendered":"<h1 data-pm-slice=\"1 1 []\">Bang King 30000 Pro Puff 30k Dispositivo Desechable Precio al por mayor<\/h1>\n<p>El <strong data-start=\"383\" data-end=\"427\">Vape Desechable Bang King 30000 Pro Puff<\/strong> est\u00e1 dise\u00f1ado para mayoristas y minoristas que desean almacenar un dispositivo premium de larga duraci\u00f3n. Ofreciendo hasta <strong data-start=\"537\" data-end=\"553\">30,000 caladas<\/strong>, este desechable ofrece sesiones prolongadas con una calidad de sabor constante. Su <strong data-start=\"634\" data-end=\"671\">capacidad de e-l\u00edquido precargado de 36 ml<\/strong> y el <strong data-start=\"676\" data-end=\"694\">bobina de malla de 1.0\u03a9<\/strong> garantiza un vapor suave y un sabor rico desde la primera inhalaci\u00f3n hasta la \u00faltima.<\/p>\n<p>Alimentado por una <strong data-start=\"787\" data-end=\"818\">bater\u00eda recargable de 850mAh<\/strong> con <strong data-start=\"824\" data-end=\"848\">carga r\u00e1pida Tipo-C<\/strong>, el Bang King 30K Pro Puff garantiza un uso ininterrumpido. Opciones de concentraci\u00f3n de nicotina de <strong data-start=\"936\" data-end=\"958\">0%, 2%, 3% y 5%<\/strong> lo hacen adecuado para una amplia gama de clientes, mientras que <strong data-start=\"1013\" data-end=\"1044\">12 sabores mezclados por expertos<\/strong> proporcionan versatilidad para cada preferencia de gusto.<\/p>\n<p>Para los compradores al por mayor, este dispositivo tiene un gran rendimiento en el <strong data-start=\"1159\" data-end=\"1195\">mercado de vape desechable al por mayor<\/strong>, combinando durabilidad, sabor premium y precios competitivos. Una opci\u00f3n fiable para las tiendas que buscan cigarrillos electr\u00f3nicos de gran capacidad y alta demanda.<\/p>\n<h2><strong>Caracter\u00edsticas Destacadas del Producto:<\/strong><\/h2>\n<p>\u2714\u00a0<strong>30,000 Caladas<\/strong>\u00a0\u2013 Rendimiento ultraduradero para un disfrute prolongado.<br \/>\n\u2714\u00a0<strong>Capacidad de E-L\u00edquido de 36 mL<\/strong>\u00a0\u2013 Sin necesidad de recargas, solo puro placer de vapeo.<br \/>\n\u2714\u00a0<strong>Sistema de Sabor \u00danico<\/strong>\u00a0\u2013 Sabores elaborados por expertos que se mantienen ricos y consistentes durante todo el uso.<br \/>\n\u2714\u00a0<strong>Puerto Recargable Tipo-C<\/strong>\u00a0\u2013 Equipado con un\u00a0<strong>La bater\u00eda de 850mAh<\/strong>\u00a0para sesiones ininterrumpidas.<br \/>\n\u2714\u00a0<strong>Resistencia de Malla de 1.0\u03a9<\/strong>\u00a0\u2013 Mejora la entrega de sabor para una experiencia m\u00e1s suave e intensa.<br \/>\n\u2714\u00a0<strong>M\u00faltiples Concentraciones de Nicotina (0%\/2%\/3%\/5%)<\/strong>\u00a0\u2013 Para todos los gustos.<br \/>\n\u2714\u00a0<strong>12 Deliciosos Sabores Disponibles<\/strong>\u00a0\u2013 Una variedad de opciones para todos los paladares.<\/p>\n<p>Perfecto para\u00a0<strong>compradores mayoristas y minoristas<\/strong>, el\u00a0<strong>Bang King 30K Pro Calada<\/strong>\u00a0es un vaporizador desechable de primer nivel que garantiza la satisfacci\u00f3n del cliente con su\u00a0<strong>gran cantidad de caladas, consistencia de sabor de primera calidad y conveniencia<\/strong>.<\/p>\n<p data-start=\"666\" data-end=\"1235\"><strong style=\"font-size: 16px;\"><span style=\"color: #ff0000;\">\u00a1A\u00f1ade el WhatsApp de Amy para obtener una respuesta correcta y un precio con descuento!<\/span><\/strong><\/p>\n<p><img fetchpriority=\"high\" decoding=\"async\" class=\"size-full wp-image-2932\" src=\"https:\/\/vapestornado.com\/wp-content\/uploads\/2024\/12\/Vape-Wholesale.jpg\" alt=\"Vape al por mayor\" width=\"229\" height=\"300\" \/><\/p>\n<h3><a href=\"https:\/\/wa.me\/8617776015835\" target=\"_blank\" rel=\"noopener\"><span style=\"color: #ff0000;\"><strong>WhatsApp: +86 17776015835<\/strong><\/span><\/a><\/h3>\n<p>&nbsp;<\/p>\n<h2><strong>Bang King 30000 Pro Caracter\u00edsticas Clave del Producto<\/strong><\/h2>\n<p>Marca: Bang King<br \/>\nNicotina: 0%\/2%\/3%\/5%<br \/>\nCaladas: 30000 caladas<br \/>\nBater\u00eda: 850 mAh<br \/>\nCapacidad: 36ML<br \/>\nResistencia: 1.0 \u03a9 bobina de malla<br \/>\nRecargable: tipo-C<br \/>\nDispositivo desechable<br \/>\n12 sabores disponibles<\/p>\n<p>&nbsp;<\/p>\n<figure id=\"attachment_4033\" aria-describedby=\"caption-attachment-4033\" style=\"width: 800px\" class=\"wp-caption alignnone\"><img decoding=\"async\" class=\"wp-image-4033 size-full\" src=\"https:\/\/vapestornado.com\/wp-content\/uploads\/2025\/03\/Bang-King-30K-30000-PRO-Puffs-Disposable-Vape-Pen.webp\" alt=\"Bol\u00edgrafo Vape Desechable Bang King 30K 30000 PRO Caladas\" width=\"800\" height=\"800\" srcset=\"https:\/\/vapestornado.com\/wp-content\/uploads\/2025\/03\/Bang-King-30K-30000-PRO-Puffs-Disposable-Vape-Pen.webp 800w, https:\/\/vapestornado.com\/wp-content\/uploads\/2025\/03\/Bang-King-30K-30000-PRO-Puffs-Disposable-Vape-Pen-300x300.webp 300w, https:\/\/vapestornado.com\/wp-content\/uploads\/2025\/03\/Bang-King-30K-30000-PRO-Puffs-Disposable-Vape-Pen-150x150.webp 150w, https:\/\/vapestornado.com\/wp-content\/uploads\/2025\/03\/Bang-King-30K-30000-PRO-Puffs-Disposable-Vape-Pen-768x768.webp 768w, https:\/\/vapestornado.com\/wp-content\/uploads\/2025\/03\/Bang-King-30K-30000-PRO-Puffs-Disposable-Vape-Pen-600x600.webp 600w, https:\/\/vapestornado.com\/wp-content\/uploads\/2025\/03\/Bang-King-30K-30000-PRO-Puffs-Disposable-Vape-Pen-100x100.webp 100w\" sizes=\"(max-width: 800px) 100vw, 800px\" \/><figcaption id=\"caption-attachment-4033\" class=\"wp-caption-text\">Bol\u00edgrafo Vape Desechable Bang King 30K 30000 PRO Caladas<\/figcaption><\/figure>\n<h2 class=\"product-title\"><strong>Lista de Sabores del Pod Desechable Bang King 30000 Caladas<\/strong><\/h2>\n<article class=\"w-full text-token-text-primary focus-visible:outline-2 focus-visible:outline-offset-[-4px]\" dir=\"auto\" data-testid=\"conversation-turn-32\" data-scroll-anchor=\"false\">\n<div class=\"m-auto text-base py-[18px] px-6\">\n<div class=\"mx-auto flex flex-1 text-base gap-4 md:gap-5 lg:gap-6 md:max-w-3xl lg:max-w-[40rem] xl:max-w-[48rem]\">\n<div class=\"group\/conversation-turn relative flex w-full min-w-0 flex-col @xs\/thread:px-0 @sm\/thread:px-1.5 @md\/thread:px-4\">\n<div class=\"flex-col gap-1 md:gap-3\">\n<div class=\"flex max-w-full flex-col flex-grow\">\n<div class=\"min-h-8 text-message flex w-full flex-col items-end gap-2 whitespace-normal break-words text-start [.text-message+&amp;]:mt-5\" dir=\"auto\" data-message-author-role=\"user\" data-message-id=\"ffac41ca-1db4-431b-873a-32c4052956f1\">\n<div class=\"flex w-full flex-col gap-1 empty:hidden items-end rtl:items-start\">\n<div class=\"relative max-w-[var(--user-chat-width,70%)] rounded-3xl bg-token-message-surface px-5 py-2.5\">\n<div class=\"absolute bottom-0 right-full top-0 -mr-3.5 hidden pr-5 pt-2 [.group\/conversation-turn:hover_&amp;]:flex\">\n<div class=\"flex\">\n<article class=\"w-full text-token-text-primary focus-visible:outline-2 focus-visible:outline-offset-[-4px]\" dir=\"auto\" data-testid=\"conversation-turn-39\" data-scroll-anchor=\"true\">\n<div class=\"m-auto text-base py-[18px] px-6\">\n<div class=\"mx-auto flex flex-1 text-base gap-4 md:gap-5 lg:gap-6 md:max-w-3xl lg:max-w-[40rem] xl:max-w-[48rem]\">\n<div class=\"group\/conversation-turn relative flex w-full min-w-0 flex-col agent-turn @xs\/thread:px-0 @sm\/thread:px-1.5 @md\/thread:px-4\">\n<div class=\"flex-col gap-1 md:gap-3\">\n<div class=\"flex max-w-full flex-col flex-grow\">\n<div class=\"min-h-8 text-message flex w-full flex-col items-end gap-2 whitespace-normal break-words text-start [.text-message+&amp;]:mt-5\" dir=\"auto\" data-message-author-role=\"assistant\" data-message-id=\"55a23854-ec57-48dd-bd4f-6118f43d6241\" data-message-model-slug=\"gpt-4o\">\n<div class=\"flex w-full flex-col gap-1 empty:hidden first:pt-[3px]\">\n<div class=\"markdown prose w-full break-words dark:prose-invert light\">\n<p>1.Fresa Sand\u00eda<br \/>\n2.Hielo de ar\u00e1ndano<br \/>\n3.Menta Fresca<br \/>\n4.Fresa Uva<br \/>\n5.Ar\u00e1ndano Rojo Cereza<br \/>\n6.Sand\u00eda<br \/>\n7. Fresa kiwi<br \/>\n8.Menta Frambuesa Azul<br \/>\n9.Triple Baya<br \/>\n10.Sand\u00eda Cereza<br \/>\n11.Frambuesa Chispa Oscura<br \/>\n12.Ar\u00e1ndano Frambuesa<\/p>\n<\/div>\n<\/div>\n<\/div>\n<\/div>\n<\/div>\n<\/div>\n<\/div>\n<\/div>\n<\/article>\n<\/div>\n<\/div>\n<\/div>\n<\/div>\n<\/div>\n<\/div>\n<\/div>\n<\/div>\n<\/div>\n<\/div>\n<\/article>\n<h2>\u00bfPor Qu\u00e9 Elegir Vapestornado para Comprar el Bang King 30000 Pro?<\/h2>\n<div class=\"flex-shrink-0 flex flex-col relative items-end\">\n<div class=\"pt-0\">\n<div class=\"gizmo-bot-avatar flex h-8 w-8 items-center justify-center overflow-hidden rounded-full\">\n<div class=\"relative p-1 rounded-sm flex items-center justify-center bg-token-main-surface-primary text-token-text-primary h-8 w-8\">\n<p>At\u00a0<strong>VapeTornado<\/strong>, nos enorgullecemos de ofrecer\u00a0<strong>productos de vapeo premium a precios inmejorables<\/strong>\u2014\u00a1y el Bang King 30000 Pro no es la excepci\u00f3n! Aqu\u00ed te explicamos por qu\u00e9 deber\u00edas comprarnos:<\/p>\n<p><strong>Los mejores precios al por mayor<\/strong>\u00a0\u2014 Ofrecemos\u00a0<strong>precios competitivos al por mayor<\/strong><span style=\"font-size: 16px;\">, lo que nos convierte en la mejor opci\u00f3n para revendedores y tiendas de vapeo.<\/span><\/p>\n<p><strong>Env\u00edo r\u00e1pido<\/strong>\u00a0\u2014 Reciba su pedido\u00a0<strong>de forma r\u00e1pida y segura<\/strong>, con opciones de env\u00edo a todo el mundo.<br \/>\n<strong>Productos 100% aut\u00e9nticos<\/strong>\u00a0\u2014 Sin imitaciones, solo\u00a0<strong>vapeadores desechables WASPE Triple genuinos<\/strong>\u00a0con calidad verificada.<br \/>\n<strong>Excelente atenci\u00f3n al cliente<\/strong>\u00a0\u2014 \u00bfTiene preguntas? Nuestros\u00a0<strong>expertos en vapeo<\/strong> est\u00e1n listos para ayudarle 24\/7.<\/p>\n<p data-start=\"559\" data-end=\"933\" data-is-last-node=\"\" data-is-only-node=\"\">Tambi\u00e9n tenemos otros vapeadores populares con pantalla como el <a href=\"https:\/\/vapestornado.com\/es\/product\/mesii-couple-50k-disposable-shisha-hookah-50000-puffs-vape-with-digital-display\/\">Mesii pareja 50000<\/a>, <a href=\"https:\/\/vapestornado.com\/es\/product\/vopk-cool-9000-puffs-disposable-vapes-bar-puff-9k\/\">VOPK 9000 Puff Vape Desechable<\/a>, <a href=\"https:\/\/vapestornado.com\/es\/product\/bang-beach-22000-20k-puff-disposable-vape-pen-with-screen-reddit-hot\/\">Bang Playa 22000<\/a>, y m\u00e1s.<\/p>\n<\/div>\n<div class=\"relative p-1 rounded-sm flex items-center justify-center bg-token-main-surface-primary text-token-text-primary h-8 w-8\">\n<h2>Preguntas frecuentes para Bang King 30000<\/h2>\n<h3><strong>1. \u00bfCu\u00e1nto dura el Bang King 30K Pro Puff?<\/strong><\/h3>\n<p>Con\u00a0<strong>30,000 caladas<\/strong>, este dispositivo puede durar significativamente m\u00e1s que los desechables est\u00e1ndar, dependiendo de la frecuencia de uso. Para vapeadores moderados, puede durar semanas o incluso meses.<\/p>\n<h3><strong>2. \u00bfEs recargable el Bang King 30K?<\/strong><\/h3>\n<p>\u00a1S\u00ed! Cuenta con un\u00a0<strong>Puerto recargable tipo C<\/strong>, lo que le permite maximizar el\u00a0<strong>capacidad de e-l\u00edquido de 36 mL<\/strong>\u00a0sin que el agotamiento de la bater\u00eda interrumpa su experiencia.<\/p>\n<h3><strong>3. \u00bfQu\u00e9 concentraciones de nicotina est\u00e1n disponibles?<\/strong><\/h3>\n<p>El\u00a0<strong>Bang King 30K Pro Calada<\/strong>\u00a0viene en\u00a0<strong>0% (sin nicotina), 2%, 3% y 5% de nicotina<\/strong>\u00a0opciones, para vapers ocasionales y habituales.<\/p>\n<h3><strong>4. \u00bfEl sabor se mantiene constante durante todo el uso?<\/strong><\/h3>\n<p>\u00a1Absolutamente! Gracias a su\u00a0<strong>sistema de sabor \u00fanico y bobina de malla de 1.0\u03a9<\/strong>, el sabor se mantiene rico y uniforme desde la primera calada hasta la \u00faltima.<\/p>\n<\/div>\n<\/div>\n<\/div>\n<\/div>","protected":false},"excerpt":{"rendered":"<p class=\"LC20lb MBeuO DKV0Md\">El <strong data-start=\"1343\" data-end=\"1374\">Vape Bang King 30K Pro Puff<\/strong> ofrece 30,000 inhalaciones, 36 ml de e-l\u00edquido y comodidad recargable. Un desechable fiable y sabroso a precios de mayoreo al por mayor.<\/p>\n<p><strong>\u00a1A\u00f1ade el WhatsApp de Amy para obtener una respuesta correcta y un precio con descuento!<\/strong><\/p>\n<p><img fetchpriority=\"high\" decoding=\"async\" class=\"size-full wp-image-2932\" src=\"https:\/\/vapestornado.com\/wp-content\/uploads\/2024\/12\/Vape-Wholesale.jpg\" alt=\"Vape al por mayor\" width=\"229\" height=\"300\" \/><\/p>\n<h3><a href=\"https:\/\/wa.me\/8617776015835\"><span style=\"color: #ff0000;\"><strong>WhatsApp: +86 17776015835<\/strong><\/span><\/a><\/h3>\n<p>&nbsp;<\/p>","protected":false},"featured_media":4037,"comment_status":"open","ping_status":"closed","template":"","meta":{"_acf_changed":false,"_uag_custom_page_level_css":"","_lmt_disableupdate":"no","_lmt_disable":"","_monsterinsights_skip_tracking":false,"_monsterinsights_sitenote_active":false,"_monsterinsights_sitenote_note":"","_monsterinsights_sitenote_category":0,"site-sidebar-layout":"default","site-content-layout":"","ast-site-content-layout":"default","site-content-style":"default","site-sidebar-style":"default","ast-global-header-display":"","ast-banner-title-visibility":"","ast-main-header-display":"","ast-hfb-above-header-display":"","ast-hfb-below-header-display":"","ast-hfb-mobile-header-display":"","site-post-title":"","ast-breadcrumbs-content":"","ast-featured-img":"","footer-sml-layout":"","ast-disable-related-posts":"","theme-transparent-header-meta":"default","adv-header-id-meta":"","stick-header-meta":"","header-above-stick-meta":"","header-main-stick-meta":"","header-below-stick-meta":"","astra-migrate-meta-layouts":"set","ast-page-background-enabled":"default","ast-page-background-meta":{"desktop":{"background-color":"","background-image":"","background-repeat":"repeat","background-position":"center center","background-size":"auto","background-attachment":"scroll","background-type":"","background-media":"","overlay-type":"","overlay-color":"","overlay-opacity":"","overlay-gradient":""},"tablet":{"background-color":"","background-image":"","background-repeat":"repeat","background-position":"center center","background-size":"auto","background-attachment":"scroll","background-type":"","background-media":"","overlay-type":"","overlay-color":"","overlay-opacity":"","overlay-gradient":""},"mobile":{"background-color":"","background-image":"","background-repeat":"repeat","background-position":"center center","background-size":"auto","background-attachment":"scroll","background-type":"","background-media":"","overlay-type":"","overlay-color":"","overlay-opacity":"","overlay-gradient":""}},"ast-content-background-meta":{"desktop":{"background-color":"var(--ast-global-color-5)","background-image":"","background-repeat":"repeat","background-position":"center center","background-size":"auto","background-attachment":"scroll","background-type":"","background-media":"","overlay-type":"","overlay-color":"","overlay-opacity":"","overlay-gradient":""},"tablet":{"background-color":"var(--ast-global-color-5)","background-image":"","background-repeat":"repeat","background-position":"center center","background-size":"auto","background-attachment":"scroll","background-type":"","background-media":"","overlay-type":"","overlay-color":"","overlay-opacity":"","overlay-gradient":""},"mobile":{"background-color":"var(--ast-global-color-5)","background-image":"","background-repeat":"repeat","background-position":"center center","background-size":"auto","background-attachment":"scroll","background-type":"","background-media":"","overlay-type":"","overlay-color":"","overlay-opacity":"","overlay-gradient":""}},"_joinchat":{"telephone":"17776015835"}},"product_brand":[],"product_cat":[67,63,151,144,146],"product_tag":[305,306,105,94,302],"class_list":{"0":"post-4044","1":"product","2":"type-product","3":"status-publish","4":"has-post-thumbnail","6":"product_cat-30000-puff","7":"product_cat-bangking","8":"product_cat-buy-disposable-vapes-in-france","9":"product_cat-low-nicotine-disposable-vapes","10":"product_cat-rechargeable-disposable-vapes","11":"product_tag-bang-king","12":"product_tag-bang-king-30000","13":"product_tag-digital-disposable-vape","14":"product_tag-rechargeable-disposable-vape","15":"product_tag-vape-box-mod","16":"desktop-align-left","17":"tablet-align-left","18":"mobile-align-left","20":"first","21":"instock","22":"sale","23":"shipping-taxable","24":"purchasable","25":"product-type-simple"},"acf":[],"uagb_featured_image_src":{"full":["https:\/\/vapestornado.com\/wp-content\/uploads\/2025\/03\/Bang-King-30000-Puffs-Disposable-Vape-Best-Price.webp",800,800,false],"thumbnail":["https:\/\/vapestornado.com\/wp-content\/uploads\/2025\/03\/Bang-King-30000-Puffs-Disposable-Vape-Best-Price-150x150.webp",150,150,true],"medium":["https:\/\/vapestornado.com\/wp-content\/uploads\/2025\/03\/Bang-King-30000-Puffs-Disposable-Vape-Best-Price-300x300.webp",300,300,true],"medium_large":["https:\/\/vapestornado.com\/wp-content\/uploads\/2025\/03\/Bang-King-30000-Puffs-Disposable-Vape-Best-Price-768x768.webp",768,768,true],"large":["https:\/\/vapestornado.com\/wp-content\/uploads\/2025\/03\/Bang-King-30000-Puffs-Disposable-Vape-Best-Price.webp",800,800,false],"1536x1536":["https:\/\/vapestornado.com\/wp-content\/uploads\/2025\/03\/Bang-King-30000-Puffs-Disposable-Vape-Best-Price.webp",800,800,false],"2048x2048":["https:\/\/vapestornado.com\/wp-content\/uploads\/2025\/03\/Bang-King-30000-Puffs-Disposable-Vape-Best-Price.webp",800,800,false],"trp-custom-language-flag":["https:\/\/vapestornado.com\/wp-content\/uploads\/2025\/03\/Bang-King-30000-Puffs-Disposable-Vape-Best-Price.webp",12,12,false],"woocommerce_thumbnail":["https:\/\/vapestornado.com\/wp-content\/uploads\/2025\/03\/Bang-King-30000-Puffs-Disposable-Vape-Best-Price-300x300.webp",300,300,true],"woocommerce_single":["https:\/\/vapestornado.com\/wp-content\/uploads\/2025\/03\/Bang-King-30000-Puffs-Disposable-Vape-Best-Price-600x600.webp",600,600,true],"woocommerce_gallery_thumbnail":["https:\/\/vapestornado.com\/wp-content\/uploads\/2025\/03\/Bang-King-30000-Puffs-Disposable-Vape-Best-Price-100x100.webp",100,100,true]},"uagb_author_info":{"display_name":"ESAMY","author_link":"https:\/\/vapestornado.com\/es\/author\/"},"uagb_comment_info":0,"uagb_excerpt":"The Bang King 30K Pro Puff Vape offers 30,000 puffs, 36ml e-liquid, and rechargeable convenience. A reliable, flavorful disposable at wholesale bulk prices. Add Amy's whatsapp to get right reply and discount price! WhatsApp: +86 17776015835 &nbsp;","_links":{"self":[{"href":"https:\/\/vapestornado.com\/es\/wp-json\/wp\/v2\/product\/4044","targetHints":{"allow":["GET"]}}],"collection":[{"href":"https:\/\/vapestornado.com\/es\/wp-json\/wp\/v2\/product"}],"about":[{"href":"https:\/\/vapestornado.com\/es\/wp-json\/wp\/v2\/types\/product"}],"replies":[{"embeddable":true,"href":"https:\/\/vapestornado.com\/es\/wp-json\/wp\/v2\/comments?post=4044"}],"wp:featuredmedia":[{"embeddable":true,"href":"https:\/\/vapestornado.com\/es\/wp-json\/wp\/v2\/media\/4037"}],"wp:attachment":[{"href":"https:\/\/vapestornado.com\/es\/wp-json\/wp\/v2\/media?parent=4044"}],"wp:term":[{"taxonomy":"product_brand","embeddable":true,"href":"https:\/\/vapestornado.com\/es\/wp-json\/wp\/v2\/product_brand?post=4044"},{"taxonomy":"product_cat","embeddable":true,"href":"https:\/\/vapestornado.com\/es\/wp-json\/wp\/v2\/product_cat?post=4044"},{"taxonomy":"product_tag","embeddable":true,"href":"https:\/\/vapestornado.com\/es\/wp-json\/wp\/v2\/product_tag?post=4044"}],"curies":[{"name":"wp","href":"https:\/\/api.w.org\/{rel}","templated":true}]}}