{"id":3939,"date":"2025-03-21T03:03:23","date_gmt":"2025-03-21T03:03:23","guid":{"rendered":"https:\/\/vapestornado.com\/?post_type=product&#038;p=3939"},"modified":"2025-12-04T07:55:19","modified_gmt":"2025-12-04T07:55:19","slug":"wholesale-vape-zooy-firzen-35000-puffs-fast-shipping-eu-warehouse","status":"publish","type":"product","link":"https:\/\/vapestornado.com\/es\/product\/wholesale-vape-zooy-firzen-35000-puffs-fast-shipping-eu-warehouse\/","title":{"rendered":"Venta al por mayor de Vape ZOOY Firzen 35000 Puffs Env\u00edo r\u00e1pido Almac\u00e9n de la UE"},"content":{"rendered":"<h1 data-pm-slice=\"1 1 []\">Venta al por mayor de Vape ZOOY Firzen 35000 Puffs Env\u00edo r\u00e1pido Almac\u00e9n de la UE<\/h1>\n<p>Si quieres un desechable de alta capacidad que dure mucho, te permita ajustar la intensidad del hielo y la nicotina, y se env\u00ede r\u00e1pidamente desde un almac\u00e9n de la UE, el ZOOY Firzen 35000 ofrece hasta 35,000 puffs con resistencias de malla dual, Control de Hielo y Nicotina de 3 niveles y recarga Tipo-C.<\/p>\n<p><strong>\u00bfPor qu\u00e9 los usuarios eligen el Vape ZOOY Firzen 35000 Puffs, un vape pen ajustable de nicotina y hielo?<\/strong><\/p>\n<ul>\n<li data-start=\"772\" data-end=\"970\">\n<p data-start=\"774\" data-end=\"970\"><strong data-start=\"774\" data-end=\"820\">Vida \u00fatil masiva sin recompras constantes:<\/strong> Este <strong data-start=\"826\" data-end=\"857\">Vape desechable de 35,000 puffs<\/strong> est\u00e1 construido para un uso prolongado con un <strong data-start=\"891\" data-end=\"915\">tanque prellenado de 30ml<\/strong>, por lo que reemplazas con mucha menos frecuencia que los dispositivos de 10k\u201320k.<\/p>\n<\/li>\n<li data-start=\"971\" data-end=\"1150\">\n<p data-start=\"973\" data-end=\"1150\"><strong data-start=\"973\" data-end=\"1022\">Control Ajustable de Hielo y Nicotina (3 niveles):<\/strong> Marca un ligero frescor o un golpe helado profundo, y elige tu intensidad de nicotina, ideal para usuarios que desean control en un desechable.<\/p>\n<\/li>\n<li data-start=\"1151\" data-end=\"1281\">\n<p data-start=\"1153\" data-end=\"1281\"><strong data-start=\"1153\" data-end=\"1181\">El sabor se mantiene consistente:<\/strong> <strong data-start=\"1182\" data-end=\"1206\">Resistencias de malla dual de 1.0\u03a9<\/strong> calientan uniformemente para un flujo de aire suave y un sabor estable desde la primera hasta la \u00faltima calada.<\/p>\n<\/li>\n<li data-start=\"1282\" data-end=\"1434\">\n<p data-start=\"1284\" data-end=\"1434\"><strong data-start=\"1284\" data-end=\"1316\">Recargable para un valor total:<\/strong> A <strong data-start=\"1319\" data-end=\"1360\">Desechable recargable Tipo-C de 650mAh<\/strong> la bater\u00eda te ayuda a terminar cada gota de e-l\u00edquido en lugar de agotarse antes de tiempo.<\/p>\n<\/li>\n<li data-start=\"1435\" data-end=\"1568\">\n<p data-start=\"1437\" data-end=\"1568\"><strong data-start=\"1437\" data-end=\"1468\">Env\u00edo r\u00e1pido desde almac\u00e9n de la UE:<\/strong> El stock llega r\u00e1pidamente para minoristas y revendedores que necesitan confiabilidad <strong data-start=\"1537\" data-end=\"1567\">entrega mayorista de vape EU<\/strong>.<\/p>\n<\/li>\n<\/ul>\n<p>Tambi\u00e9n tenemos otros vapeadores populares con pantalla como el <a href=\"https:\/\/vapestornado.com\/es\/product\/bang-leader-50000-puffs-50k-2-in-1-double-flavor-digital-disposable-vape-bulk-price\/\">L\u00edder BANG 50k<\/a>, <a href=\"https:\/\/vapestornado.com\/es\/product\/vopk-ultra-40000-puffs-2-in-1-digital-screen-rechargeable-disposable-vape\/\">Vapeador Desechable VOPK 40k Puff<\/a>, <a href=\"https:\/\/vapestornado.com\/es\/product\/vozol-gear-shisha-25k-25000-puffs-best-dtl-disposable-vape-hookah-cheap-price\/\">Vozol Gear Shisha 25000<\/a>, y m\u00e1s.<\/p>\n<p data-start=\"666\" data-end=\"1235\"><strong style=\"font-size: 16px;\"><span style=\"color: #ff0000;\">\u00a1A\u00f1ade el WhatsApp de Amy para obtener una respuesta correcta y un precio con descuento!<\/span><\/strong><\/p>\n<p><img fetchpriority=\"high\" decoding=\"async\" class=\"size-full wp-image-2932\" src=\"https:\/\/vapestornado.com\/wp-content\/uploads\/2024\/12\/Vape-Wholesale.jpg\" alt=\"Vape al por mayor\" width=\"229\" height=\"300\" \/><\/p>\n<h3><a href=\"https:\/\/wa.me\/8617776015835\" target=\"_blank\" rel=\"noopener\"><span style=\"color: #ff0000;\"><strong>WhatsApp: +86 17776015835<\/strong><\/span><\/a><\/h3>\n<p>&nbsp;<\/p>\n<h2><strong>Caracter\u00edsticas Clave del Producto ZOOY Firzen 35000<\/strong><\/h2>\n<table>\n<thead>\n<tr>\n<th>Par\u00e1metro<\/th>\n<th align=\"right\">Especificaciones<\/th>\n<th>Explicaci\u00f3n Humana<\/th>\n<\/tr>\n<\/thead>\n<tbody>\n<tr>\n<td>Marca<\/td>\n<td align=\"right\">ZOOY<\/td>\n<td>L\u00ednea reconocible para compras repetidas.<\/td>\n<\/tr>\n<tr>\n<td>Capacidad de caladas<\/td>\n<td align=\"right\">Hasta 35.000 caladas<\/td>\n<td>Vape desechable de alta capacidad que dura mucho m\u00e1s que los modelos est\u00e1ndar.<\/td>\n<\/tr>\n<tr>\n<td>Volumen de E-L\u00edquido<\/td>\n<td align=\"right\">Prellenado de 30ml<\/td>\n<td>Tanque grande que soporta una larga vida \u00fatil sin rellenar.<\/td>\n<\/tr>\n<tr>\n<td>Tipo de Bobina<\/td>\n<td align=\"right\">Resistencias de malla dual de 1.0\u03a9<\/td>\n<td>Calentamiento uniforme = flujo de aire m\u00e1s suave, sabor m\u00e1s intenso, menos desvanecimiento.<\/td>\n<\/tr>\n<tr>\n<td>Bater\u00eda<\/td>\n<td align=\"right\">Bater\u00eda recargable de 650mAh<\/td>\n<td>Recarga para terminar todo el l\u00edquido en lugar de desperdiciar caladas.<\/td>\n<\/tr>\n<tr>\n<td>Carga<\/td>\n<td align=\"right\">USB Tipo-C<\/td>\n<td>Est\u00e1ndar de carga moderno, r\u00e1pido y ampliamente compatible.<\/td>\n<\/tr>\n<tr>\n<td>Control de hielo y nicotina<\/td>\n<td align=\"right\">3 niveles ajustables<\/td>\n<td>Elige frescura ligera o hielo fuerte, y ajusta la sensaci\u00f3n de intensidad de nicotina.<\/td>\n<\/tr>\n<tr>\n<td>Iluminaci\u00f3n<\/td>\n<td align=\"right\">Dise\u00f1o de luz RGB (3 colores)<\/td>\n<td>Efecto visual elegante que destaca en mano y en estanter\u00edas.<\/td>\n<\/tr>\n<tr>\n<td>Peso del cuerpo<\/td>\n<td align=\"right\">90g<\/td>\n<td>Lo suficientemente ligero para llevar a diario.<\/td>\n<\/tr>\n<tr>\n<td>Tama\u00f1o<\/td>\n<td align=\"right\">103.5 \u00d7 45 \u00d7 21mm<\/td>\n<td>Forma compacta y apta para bolsillo.<\/td>\n<\/tr>\n<tr>\n<td>Opciones de sabor<\/td>\n<td align=\"right\">10 sabores<\/td>\n<td>Variedad para diferentes preferencias de los clientes.<\/td>\n<\/tr>\n<tr>\n<td>Env\u00edo<\/td>\n<td align=\"right\">Almac\u00e9n en Europa env\u00edo r\u00e1pido<\/td>\n<td>Entrega m\u00e1s r\u00e1pida y reposici\u00f3n de inventario mayorista m\u00e1s confiable en Europa.<\/td>\n<\/tr>\n<\/tbody>\n<\/table>\n<h2 class=\"product-title\"><strong>Lista de Sabores ZOOY Firzen 35000<\/strong><\/h2>\n<article class=\"w-full text-token-text-primary focus-visible:outline-2 focus-visible:outline-offset-[-4px]\" dir=\"auto\" data-testid=\"conversation-turn-32\" data-scroll-anchor=\"false\">\n<div class=\"m-auto text-base py-[18px] px-6\">\n<div class=\"mx-auto flex flex-1 text-base gap-4 md:gap-5 lg:gap-6 md:max-w-3xl lg:max-w-[40rem] xl:max-w-[48rem]\">\n<div class=\"group\/conversation-turn relative flex w-full min-w-0 flex-col @xs\/thread:px-0 @sm\/thread:px-1.5 @md\/thread:px-4\">\n<div class=\"flex-col gap-1 md:gap-3\">\n<div class=\"flex max-w-full flex-col flex-grow\">\n<div class=\"min-h-8 text-message flex w-full flex-col items-end gap-2 whitespace-normal break-words text-start [.text-message+&amp;]:mt-5\" dir=\"auto\" data-message-author-role=\"user\" data-message-id=\"ffac41ca-1db4-431b-873a-32c4052956f1\">\n<div class=\"flex w-full flex-col gap-1 empty:hidden items-end rtl:items-start\">\n<div class=\"relative max-w-[var(--user-chat-width,70%)] rounded-3xl bg-token-message-surface px-5 py-2.5\">\n<div class=\"absolute bottom-0 right-full top-0 -mr-3.5 hidden pr-5 pt-2 [.group\/conversation-turn:hover_&amp;]:flex\">\n<div class=\"flex\">\n<article class=\"w-full text-token-text-primary focus-visible:outline-2 focus-visible:outline-offset-[-4px]\" dir=\"auto\" data-testid=\"conversation-turn-39\" data-scroll-anchor=\"true\">\n<div class=\"m-auto text-base py-[18px] px-6\">\n<div class=\"mx-auto flex flex-1 text-base gap-4 md:gap-5 lg:gap-6 md:max-w-3xl lg:max-w-[40rem] xl:max-w-[48rem]\">\n<div class=\"group\/conversation-turn relative flex w-full min-w-0 flex-col agent-turn @xs\/thread:px-0 @sm\/thread:px-1.5 @md\/thread:px-4\">\n<div class=\"flex-col gap-1 md:gap-3\">\n<div class=\"flex max-w-full flex-col flex-grow\">\n<div class=\"min-h-8 text-message flex w-full flex-col items-end gap-2 whitespace-normal break-words text-start [.text-message+&amp;]:mt-5\" dir=\"auto\" data-message-author-role=\"assistant\" data-message-id=\"55a23854-ec57-48dd-bd4f-6118f43d6241\" data-message-model-slug=\"gpt-4o\">\n<div class=\"flex w-full flex-col gap-1 empty:hidden first:pt-[3px]\">\n<div class=\"markdown prose w-full break-words dark:prose-invert light\">\n<p>1.sand\u00eda helada<br \/>\n2.Uva de Aloe<br \/>\n3.Fresa Pl\u00e1tano<br \/>\n4.Fresa Frambuesa kiwi<br \/>\n5.Limonada de ar\u00e1ndano y frambuesa<br \/>\n6.Pi\u00f1a coco<br \/>\n7.Mentol<br \/>\n8. Fresa Sand\u00eda<br \/>\n9.Frutas del bosque<br \/>\n10.Mora ar\u00e1ndano<\/p>\n<\/div>\n<\/div>\n<\/div>\n<\/div>\n<\/div>\n<\/div>\n<\/div>\n<\/div>\n<\/article>\n<\/div>\n<\/div>\n<\/div>\n<\/div>\n<\/div>\n<\/div>\n<\/div>\n<\/div>\n<\/div>\n<\/div>\n<\/article>\n<div class=\"flex-shrink-0 flex flex-col relative items-end\">\n<div class=\"pt-0\">\n<div class=\"gizmo-bot-avatar flex h-8 w-8 items-center justify-center overflow-hidden rounded-full\">\n<div class=\"relative p-1 rounded-sm flex items-center justify-center bg-token-main-surface-primary text-token-text-primary h-8 w-8\">\n<figure id=\"attachment_3936\" aria-describedby=\"caption-attachment-3936\" style=\"width: 800px\" class=\"wp-caption alignnone\"><img decoding=\"async\" class=\"wp-image-3936 size-full\" src=\"https:\/\/vapestornado.com\/wp-content\/uploads\/2025\/03\/Zooy-Firzen-35000-Puffs-Vape-Pen-Low-Pirce.webp\" alt=\"Zooy Firzen 35000 Puffs Vape Pen Precio Bajo\" width=\"800\" height=\"800\" srcset=\"https:\/\/vapestornado.com\/wp-content\/uploads\/2025\/03\/Zooy-Firzen-35000-Puffs-Vape-Pen-Low-Pirce.webp 800w, https:\/\/vapestornado.com\/wp-content\/uploads\/2025\/03\/Zooy-Firzen-35000-Puffs-Vape-Pen-Low-Pirce-300x300.webp 300w, https:\/\/vapestornado.com\/wp-content\/uploads\/2025\/03\/Zooy-Firzen-35000-Puffs-Vape-Pen-Low-Pirce-150x150.webp 150w, https:\/\/vapestornado.com\/wp-content\/uploads\/2025\/03\/Zooy-Firzen-35000-Puffs-Vape-Pen-Low-Pirce-768x768.webp 768w, https:\/\/vapestornado.com\/wp-content\/uploads\/2025\/03\/Zooy-Firzen-35000-Puffs-Vape-Pen-Low-Pirce-600x600.webp 600w, https:\/\/vapestornado.com\/wp-content\/uploads\/2025\/03\/Zooy-Firzen-35000-Puffs-Vape-Pen-Low-Pirce-100x100.webp 100w\" sizes=\"(max-width: 800px) 100vw, 800px\" \/><figcaption id=\"caption-attachment-3936\" class=\"wp-caption-text\">Zooy Firzen 35000 Puffs Vape Pen Precio Bajo<\/figcaption><\/figure>\n<\/div>\n<div class=\"relative p-1 rounded-sm flex items-center justify-center bg-token-main-surface-primary text-token-text-primary h-8 w-8\">\n<h3>PREGUNTAS FRECUENTES<\/h3>\n<p data-start=\"1639\" data-end=\"1956\"><strong data-start=\"1639\" data-end=\"1734\">P: \u201cEstoy cansado de los desechables que se agotan demasiado r\u00e1pido. \u00bfRealmente durar\u00e1 el ZOOY Firzen 35000?\u201d<\/strong><br data-start=\"1734\" data-end=\"1737\" \/><strong data-start=\"1737\" data-end=\"1743\">A:<\/strong> S\u00ed. El <strong data-start=\"1753\" data-end=\"1796\">Vape desechable ZOOY Firzen 35000 caladas<\/strong> est\u00e1 dise\u00f1ado para sesiones largas con <strong data-start=\"1834\" data-end=\"1856\">hasta 35,000 caladas<\/strong> y una <strong data-start=\"1863\" data-end=\"1900\">Capacidad de e-l\u00edquido prellenado de 30ml<\/strong>. Para la mayor\u00eda de los usuarios, eso significa <strong data-start=\"1929\" data-end=\"1945\">semanas de uso<\/strong>, no d\u00edas.<\/p>\n<p data-start=\"1958\" data-end=\"2202\"><strong data-start=\"1958\" data-end=\"2020\">P: \u201c\u00bfLos desechables de muchas caladas pierden sabor a mitad de camino?\u201d<\/strong><br data-start=\"2020\" data-end=\"2023\" \/><strong data-start=\"2023\" data-end=\"2029\">A:<\/strong> Muchos lo hacen, pero Firzen est\u00e1 dise\u00f1ado para evitar eso. El <strong data-start=\"2081\" data-end=\"2111\">sistema de doble bobina de malla de 1.0\u03a9<\/strong> calienta el e-l\u00edquido de manera uniforme, manteniendo el vapor denso y el sabor suave durante toda la capacidad del tanque.<\/p>\n<p data-start=\"2204\" data-end=\"2546\"><strong data-start=\"2204\" data-end=\"2289\">P: \u201cQuiero control sobre la sensaci\u00f3n de fr\u00edo y el golpe de nicotina. \u00bfPuede un desechable hacer eso?\u201d<\/strong><br data-start=\"2289\" data-end=\"2292\" \/><strong data-start=\"2292\" data-end=\"2298\">A:<\/strong> Eso es exactamente para lo que sirve Firzen. Su <strong data-start=\"2338\" data-end=\"2364\">Control de hielo y nicotina<\/strong> ofrece <strong data-start=\"2371\" data-end=\"2398\">tres niveles de ajuste<\/strong>, permiti\u00e9ndote elegir una sensaci\u00f3n de frescura suave o un golpe de hielo fuerte, y ajustar la sensaci\u00f3n de nicotina seg\u00fan tu preferencia. Es una caracter\u00edstica rara en este nivel de capacidad.<\/p>\n<p data-start=\"2548\" data-end=\"2800\"><strong data-start=\"2548\" data-end=\"2605\">P: \u201c\u00bfDurar\u00e1 la bater\u00eda lo suficiente para 35k caladas?\u201d<\/strong><br data-start=\"2605\" data-end=\"2608\" \/><strong data-start=\"2608\" data-end=\"2614\">A:<\/strong> El dispositivo utiliza una <strong data-start=\"2633\" data-end=\"2664\">bater\u00eda recargable de 650 mAh<\/strong>, para que puedas recargar cuando sea necesario y seguir vaporizando hasta que se acabe el tanque. Con <strong data-start=\"2751\" data-end=\"2779\">carga r\u00e1pida USB Tipo-C<\/strong>, el tiempo de inactividad se mantiene bajo.<\/p>\n<p data-start=\"2802\" data-end=\"3024\"><strong data-start=\"2802\" data-end=\"2856\">P: \u201c\u00bfEs port\u00e1til o demasiado voluminoso para llevarlo a diario?\u201d<\/strong><br data-start=\"2856\" data-end=\"2859\" \/><strong data-start=\"2859\" data-end=\"2865\">A:<\/strong> Est\u00e1 dise\u00f1ado para ser pr\u00e1ctico. Con <strong data-start=\"2898\" data-end=\"2905\">90g<\/strong> y un cuerpo compacto <strong data-start=\"2920\" data-end=\"2941\">103.5 \u00d7 45 \u00d7 21mm<\/strong> , es ligero y f\u00e1cil de llevar en el bolsillo para desplazamientos, viajes y uso durante todo el d\u00eda.<\/p>\n<p data-start=\"3026\" data-end=\"3299\"><strong data-start=\"3026\" data-end=\"3083\">P: \u201c\u00bfQu\u00e9 sabores est\u00e1n disponibles y son realmente populares?\u201d<\/strong><br data-start=\"3083\" data-end=\"3086\" \/><strong data-start=\"3086\" data-end=\"3092\">A:<\/strong> Firzen viene en <strong data-start=\"3109\" data-end=\"3139\">10 perfiles favoritos del p\u00fablico<\/strong>, incluyendo <strong data-start=\"3151\" data-end=\"3204\">Sand\u00eda con hielo, Aloe Uva y Fresa Pl\u00e1tano<\/strong>. Estos son desi<\/p>\n<\/div>\n<\/div>\n<\/div>\n<\/div>","protected":false},"excerpt":{"rendered":"<p>Vape Desechable ZOOY Firzen 35000 Puffs para Sesiones de Larga Duraci\u00f3n<br \/>\nZOOY Firzen 35000 con Control de Hielo y Nicotina (3 Niveles) y Resistencias de Malla Dual<br \/>\nZOOY Firzen 35000 Desechable Recargable Tipo-C con Env\u00edo R\u00e1pido desde Almac\u00e9n de la UE<\/p>\n<p><strong>\u00a1A\u00f1ade el WhatsApp de Amy para obtener una respuesta correcta y un precio con descuento!<\/strong><\/p>\n<p><img fetchpriority=\"high\" decoding=\"async\" class=\"size-full wp-image-2932\" src=\"https:\/\/vapestornado.com\/wp-content\/uploads\/2024\/12\/Vape-Wholesale.jpg\" alt=\"Vape al por mayor\" width=\"229\" height=\"300\" \/><\/p>\n<h3><a href=\"https:\/\/wa.me\/8617776015835\"><span style=\"color: #ff0000;\"><strong>WhatsApp: +86 17776015835<\/strong><\/span><\/a><\/h3>\n<p>&nbsp;<\/p>","protected":false},"featured_media":3935,"comment_status":"open","ping_status":"closed","template":"","meta":{"_acf_changed":false,"_uag_custom_page_level_css":"","_lmt_disableupdate":"no","_lmt_disable":"","_monsterinsights_skip_tracking":false,"_monsterinsights_sitenote_active":false,"_monsterinsights_sitenote_note":"","_monsterinsights_sitenote_category":0,"site-sidebar-layout":"default","site-content-layout":"","ast-site-content-layout":"default","site-content-style":"default","site-sidebar-style":"default","ast-global-header-display":"","ast-banner-title-visibility":"","ast-main-header-display":"","ast-hfb-above-header-display":"","ast-hfb-below-header-display":"","ast-hfb-mobile-header-display":"","site-post-title":"","ast-breadcrumbs-content":"","ast-featured-img":"","footer-sml-layout":"","ast-disable-related-posts":"","theme-transparent-header-meta":"default","adv-header-id-meta":"","stick-header-meta":"","header-above-stick-meta":"","header-main-stick-meta":"","header-below-stick-meta":"","astra-migrate-meta-layouts":"set","ast-page-background-enabled":"default","ast-page-background-meta":{"desktop":{"background-color":"","background-image":"","background-repeat":"repeat","background-position":"center center","background-size":"auto","background-attachment":"scroll","background-type":"","background-media":"","overlay-type":"","overlay-color":"","overlay-opacity":"","overlay-gradient":""},"tablet":{"background-color":"","background-image":"","background-repeat":"repeat","background-position":"center center","background-size":"auto","background-attachment":"scroll","background-type":"","background-media":"","overlay-type":"","overlay-color":"","overlay-opacity":"","overlay-gradient":""},"mobile":{"background-color":"","background-image":"","background-repeat":"repeat","background-position":"center center","background-size":"auto","background-attachment":"scroll","background-type":"","background-media":"","overlay-type":"","overlay-color":"","overlay-opacity":"","overlay-gradient":""}},"ast-content-background-meta":{"desktop":{"background-color":"var(--ast-global-color-5)","background-image":"","background-repeat":"repeat","background-position":"center center","background-size":"auto","background-attachment":"scroll","background-type":"","background-media":"","overlay-type":"","overlay-color":"","overlay-opacity":"","overlay-gradient":""},"tablet":{"background-color":"var(--ast-global-color-5)","background-image":"","background-repeat":"repeat","background-position":"center center","background-size":"auto","background-attachment":"scroll","background-type":"","background-media":"","overlay-type":"","overlay-color":"","overlay-opacity":"","overlay-gradient":""},"mobile":{"background-color":"var(--ast-global-color-5)","background-image":"","background-repeat":"repeat","background-position":"center center","background-size":"auto","background-attachment":"scroll","background-type":"","background-media":"","overlay-type":"","overlay-color":"","overlay-opacity":"","overlay-gradient":""}},"_joinchat":{"telephone":"17776015835"}},"product_brand":[],"product_cat":[19,175,140,152,153,143,144,283],"product_tag":[471,282,281,94,93,280],"class_list":{"0":"post-3939","1":"product","2":"type-product","3":"status-publish","4":"has-post-thumbnail","6":"product_cat-vapes","7":"product_cat-35000-puff","8":"product_cat-big-puffs-disposable-vapes","9":"product_cat-buy-disposable-vapes-in-cermany","10":"product_cat-buy-disposable-vapes-in-italy","11":"product_cat-dual-mesh-disposable-vapes","12":"product_cat-low-nicotine-disposable-vapes","13":"product_cat-zooy-vape","14":"product_tag-35k-puff-vape","15":"product_tag-ice-adjustable","16":"product_tag-nicotine-adjustable","17":"product_tag-rechargeable-disposable-vape","18":"product_tag-vape-wholesale","19":"product_tag-zooy-firzen-35000","20":"desktop-align-left","21":"tablet-align-left","22":"mobile-align-left","24":"first","25":"instock","26":"sale","27":"shipping-taxable","28":"purchasable","29":"product-type-simple"},"acf":[],"uagb_featured_image_src":{"full":["https:\/\/vapestornado.com\/wp-content\/uploads\/2025\/03\/Zooy-Firzen-35000-Puffs-Vape-Near-Me.webp",800,800,false],"thumbnail":["https:\/\/vapestornado.com\/wp-content\/uploads\/2025\/03\/Zooy-Firzen-35000-Puffs-Vape-Near-Me-150x150.webp",150,150,true],"medium":["https:\/\/vapestornado.com\/wp-content\/uploads\/2025\/03\/Zooy-Firzen-35000-Puffs-Vape-Near-Me-300x300.webp",300,300,true],"medium_large":["https:\/\/vapestornado.com\/wp-content\/uploads\/2025\/03\/Zooy-Firzen-35000-Puffs-Vape-Near-Me-768x768.webp",768,768,true],"large":["https:\/\/vapestornado.com\/wp-content\/uploads\/2025\/03\/Zooy-Firzen-35000-Puffs-Vape-Near-Me.webp",800,800,false],"1536x1536":["https:\/\/vapestornado.com\/wp-content\/uploads\/2025\/03\/Zooy-Firzen-35000-Puffs-Vape-Near-Me.webp",800,800,false],"2048x2048":["https:\/\/vapestornado.com\/wp-content\/uploads\/2025\/03\/Zooy-Firzen-35000-Puffs-Vape-Near-Me.webp",800,800,false],"trp-custom-language-flag":["https:\/\/vapestornado.com\/wp-content\/uploads\/2025\/03\/Zooy-Firzen-35000-Puffs-Vape-Near-Me.webp",12,12,false],"woocommerce_thumbnail":["https:\/\/vapestornado.com\/wp-content\/uploads\/2025\/03\/Zooy-Firzen-35000-Puffs-Vape-Near-Me-300x300.webp",300,300,true],"woocommerce_single":["https:\/\/vapestornado.com\/wp-content\/uploads\/2025\/03\/Zooy-Firzen-35000-Puffs-Vape-Near-Me-600x600.webp",600,600,true],"woocommerce_gallery_thumbnail":["https:\/\/vapestornado.com\/wp-content\/uploads\/2025\/03\/Zooy-Firzen-35000-Puffs-Vape-Near-Me-100x100.webp",100,100,true]},"uagb_author_info":{"display_name":"ESAMY","author_link":"https:\/\/vapestornado.com\/es\/author\/"},"uagb_comment_info":0,"uagb_excerpt":"ZOOY Firzen 35000 Puffs Disposable Vape for Long-Lasting Sessions ZOOY Firzen 35000 with Ice &amp; Nicotine Control (3 Levels) and Dual Mesh Coils ZOOY Firzen 35000 Type-C Rechargeable Disposable with Fast EU Warehouse Shipping Add Amy's whatsapp to get right reply and discount price! WhatsApp: +86 17776015835 &nbsp;","_links":{"self":[{"href":"https:\/\/vapestornado.com\/es\/wp-json\/wp\/v2\/product\/3939","targetHints":{"allow":["GET"]}}],"collection":[{"href":"https:\/\/vapestornado.com\/es\/wp-json\/wp\/v2\/product"}],"about":[{"href":"https:\/\/vapestornado.com\/es\/wp-json\/wp\/v2\/types\/product"}],"replies":[{"embeddable":true,"href":"https:\/\/vapestornado.com\/es\/wp-json\/wp\/v2\/comments?post=3939"}],"wp:featuredmedia":[{"embeddable":true,"href":"https:\/\/vapestornado.com\/es\/wp-json\/wp\/v2\/media\/3935"}],"wp:attachment":[{"href":"https:\/\/vapestornado.com\/es\/wp-json\/wp\/v2\/media?parent=3939"}],"wp:term":[{"taxonomy":"product_brand","embeddable":true,"href":"https:\/\/vapestornado.com\/es\/wp-json\/wp\/v2\/product_brand?post=3939"},{"taxonomy":"product_cat","embeddable":true,"href":"https:\/\/vapestornado.com\/es\/wp-json\/wp\/v2\/product_cat?post=3939"},{"taxonomy":"product_tag","embeddable":true,"href":"https:\/\/vapestornado.com\/es\/wp-json\/wp\/v2\/product_tag?post=3939"}],"curies":[{"name":"wp","href":"https:\/\/api.w.org\/{rel}","templated":true}]}}