{"id":3932,"date":"2025-03-21T07:53:01","date_gmt":"2025-03-21T07:53:01","guid":{"rendered":"https:\/\/vapestornado.com\/?post_type=product&#038;p=3932"},"modified":"2025-12-04T07:38:02","modified_gmt":"2025-12-04T07:38:02","slug":"uwin-twins-crystal-40000-40k-puff-double-taste-best-disposable-vapes-2025","status":"publish","type":"product","link":"https:\/\/vapestornado.com\/es\/product\/uwin-twins-crystal-40000-40k-puff-double-taste-best-disposable-vapes-2025\/","title":{"rendered":"Uwin Twins Crystal 40000 40k caladas sabor doble mejores vapes desechables 2025"},"content":{"rendered":"<h2 data-pm-slice=\"1 1 []\">Uwin Twins Crystal 40000 Puff Vape desechable de doble sabor, pantalla inteligente, recargable por Type-C<\/h2>\n<p data-start=\"395\" data-end=\"690\"><span data-start=\"409\" data-end=\"458\">\u00bfQuieres una de alta calidad <\/span><strong data-start=\"409\" data-end=\"458\">vape desechable de 40000 caladas<\/strong> que dure semanas y no se vuelva aburrido a mitad de camino? La <strong data-start=\"524\" data-end=\"573\">Uwin Twins Crystal 40000 Puff Vaporizador Desechable<\/strong> est\u00e1 dise\u00f1ado para vapeadores que desean <strong data-start=\"603\" data-end=\"623\">vida \u00fatil seria<\/strong> adem\u00e1s <strong data-start=\"629\" data-end=\"652\">variedad real de sabores<\/strong> en un dispositivo limpio y de aspecto premium.<\/p>\n<h3 data-start=\"692\" data-end=\"734\">Por qu\u00e9 este dispositivo de 40K caladas vale la pena<\/h3>\n<p data-start=\"735\" data-end=\"1079\"><strong data-start=\"735\" data-end=\"770\">1) Verdadera durabilidad de alta capacidad<\/strong><br data-start=\"770\" data-end=\"773\" \/>Con <strong data-start=\"778\" data-end=\"800\">hasta 40,000 caladas<\/strong>, esto es un <strong data-start=\"821\" data-end=\"851\">vape desechable<\/strong> de primera categor\u00eda <strong data-start=\"1004\" data-end=\"1026\">dise\u00f1ado para uso a largo plazo. Comparado con modelos de 10k\u201320k, reduce dr\u00e1sticamente los reemplazos, convirti\u00e9ndolo en una opci\u00f3n preferida para quienes buscan el <\/strong><strong data-start=\"1032\" data-end=\"1071\">mejor<\/strong> vape desechable de mayor duraci\u00f3n, opci\u00f3n 40k<\/p>\n<p data-start=\"1081\" data-end=\"1493\"><strong data-start=\"1081\" data-end=\"1131\">.<\/strong><br data-start=\"1131\" data-end=\"1134\" \/>2) Cambio de doble sabor (2 en 1 Doble Sabor) <strong data-start=\"1144\" data-end=\"1187\">Este es un<\/strong> vape Uwin Twins Crystal 40K de doble sabor <strong data-start=\"1397\" data-end=\"1442\">vape desechable de doble sabor<\/strong>, este dispositivo est\u00e1 dise\u00f1ado espec\u00edficamente para esa experiencia.<\/p>\n<p data-start=\"1495\" data-end=\"1815\"><strong data-start=\"1495\" data-end=\"1543\">3) Sabor consistente desde el primer calada hasta la \u00faltima<\/strong><br data-start=\"1543\" data-end=\"1546\" \/>Los desechables de larga duraci\u00f3n a menudo tienen problemas con la p\u00e9rdida de sabor. Uwin Twins Crystal evita eso usando <strong data-start=\"1645\" data-end=\"1674\">tecnolog\u00eda de doble bobina de malla<\/strong>, manteniendo el vapor suave y el sabor estable incluso en lo profundo del tanque. Por eso, los usuarios frecuentes lo califican como uno de los modelos de alta capacidad m\u00e1s confiables.<\/p>\n<p data-start=\"1817\" data-end=\"2065\"><strong data-start=\"1817\" data-end=\"1857\">4) Pantalla LED inteligente para control total<\/strong><br data-start=\"1857\" data-end=\"1860\" \/>Ya no hay que adivinar. Este es un <strong data-start=\"1888\" data-end=\"1935\">vaporizador desechable con pantalla LED 40000 caladas<\/strong>, que muestra en tiempo real la duraci\u00f3n de la bater\u00eda y el nivel de e-l\u00edquido. Siempre sabes cu\u00e1ndo est\u00e1s bajo, cu\u00e1ndo recargar y cu\u00e1nto tiempo de vida queda.<\/p>\n<p data-start=\"2067\" data-end=\"2337\"><strong data-start=\"2067\" data-end=\"2118\">5) Recargable con Type-C para terminar cada gota<\/strong><br data-start=\"2118\" data-end=\"2121\" \/>El <strong data-start=\"2125\" data-end=\"2143\">La bater\u00eda de 850mAh<\/strong> adem\u00e1s <strong data-start=\"2149\" data-end=\"2173\">carga r\u00e1pida Tipo-C<\/strong> garantiza su uso hasta la \u00faltima gota. Como un <strong data-start=\"2215\" data-end=\"2274\">desechable recargable<\/strong>, <strong data-start=\"2215\" data-end=\"2274\">Uwin Crystal 40000\u00a0 <\/strong>te permite usar toda la capacidad de 32 ml sin desperdiciar caladas.<\/p>\n<p data-start=\"666\" data-end=\"1235\"><strong style=\"font-size: 16px;\"><span style=\"color: #ff0000;\">\u00a1A\u00f1ade el WhatsApp de Amy para obtener una respuesta correcta y un precio con descuento!<\/span><\/strong><\/p>\n<p><img fetchpriority=\"high\" decoding=\"async\" class=\"size-full wp-image-2932\" src=\"https:\/\/vapestornado.com\/wp-content\/uploads\/2024\/12\/Vape-Wholesale.jpg\" alt=\"Vape al por mayor\" width=\"229\" height=\"300\" \/><\/p>\n<h3><a href=\"https:\/\/wa.me\/8617776015835\" target=\"_blank\" rel=\"noopener\"><span style=\"color: #ff0000;\"><strong>WhatsApp: +86 17776015835<\/strong><\/span><\/a><\/h3>\n<p>&nbsp;<\/p>\n<h2><strong>Caracter\u00edsticas clave del producto Uwin Twins Crystal 40000<\/strong><\/h2>\n<table>\n<thead>\n<tr>\n<th>Par\u00e1metro<\/th>\n<th align=\"right\">Especificaciones<\/th>\n<th>Explicaci\u00f3n Humana<\/th>\n<\/tr>\n<\/thead>\n<tbody>\n<tr>\n<td>Nombre del producto<\/td>\n<td align=\"right\">Uwin Twins Crystal 40000 Puff Vaporizador Desechable<\/td>\n<td>F\u00e1cil de identificar en b\u00fasquedas y en estanter\u00edas minoristas.<\/td>\n<\/tr>\n<tr>\n<td>Capacidad de caladas<\/td>\n<td align=\"right\">Hasta 40,000 caladas<\/td>\n<td>Vaporizador desechable de larga duraci\u00f3n que requiere menos reemplazos.<\/td>\n<\/tr>\n<tr>\n<td>Volumen de E-L\u00edquido<\/td>\n<td align=\"right\">32ml<\/td>\n<td>Tanque grande que soporta el conteo completo de caladas sin recargas.<\/td>\n<\/tr>\n<tr>\n<td>Sistema de sabor<\/td>\n<td align=\"right\">Doble sabor 2-en-1<\/td>\n<td>Dos sabores en un solo dispositivo; cambia en cualquier momento para variar.<\/td>\n<\/tr>\n<tr>\n<td>Tipo de Bobina<\/td>\n<td align=\"right\">Bobinas de malla doble<\/td>\n<td>Calentamiento uniforme = sabor m\u00e1s rico, flujo de aire m\u00e1s suave, menos notas quemadas.<\/td>\n<\/tr>\n<tr>\n<td>Bater\u00eda<\/td>\n<td align=\"right\">Bater\u00eda recargable de 850mAh<\/td>\n<td>Lo suficientemente grande para un uso de muchas caladas; recarga en lugar de desperdiciar jugo.<\/td>\n<\/tr>\n<tr>\n<td>Carga<\/td>\n<td align=\"right\">Carga r\u00e1pida USB Tipo-C<\/td>\n<td>Puerto moderno con carga m\u00e1s r\u00e1pida y acceso f\u00e1cil al cable.<\/td>\n<\/tr>\n<tr>\n<td>Pantalla<\/td>\n<td align=\"right\">Pantalla LED inteligente<\/td>\n<td>Muestra el nivel de bater\u00eda + nivel de e-l\u00edquido para que siempre sepas qu\u00e9 queda.<\/td>\n<\/tr>\n<tr>\n<td>Opciones de nicotina<\/td>\n<td align=\"right\">2% \/ 5%<\/td>\n<td>Apto tanto para usuarios ocasionales como para vapeadores intensivos que buscan golpes m\u00e1s fuertes.<\/td>\n<\/tr>\n<tr>\n<td>Estilo de vapeo<\/td>\n<td align=\"right\">Tiro suave, vapor equilibrado<\/td>\n<td>Dise\u00f1ado para sesiones diarias c\u00f3modas y largos periodos de uso.<\/td>\n<\/tr>\n<\/tbody>\n<\/table>\n<figure id=\"attachment_3903\" aria-describedby=\"caption-attachment-3903\" style=\"width: 800px\" class=\"wp-caption alignnone\"><img decoding=\"async\" class=\"wp-image-3903 size-full\" src=\"https:\/\/vapestornado.com\/wp-content\/uploads\/2025\/03\/Best-Uwin-Twins-Crystal-40000-Puffs-Disposable-Vape.webp\" alt=\"Mejor Uwin Twins Crystal 40000 Puffs Vape Desechable\" width=\"800\" height=\"800\" srcset=\"https:\/\/vapestornado.com\/wp-content\/uploads\/2025\/03\/Best-Uwin-Twins-Crystal-40000-Puffs-Disposable-Vape.webp 800w, https:\/\/vapestornado.com\/wp-content\/uploads\/2025\/03\/Best-Uwin-Twins-Crystal-40000-Puffs-Disposable-Vape-300x300.webp 300w, https:\/\/vapestornado.com\/wp-content\/uploads\/2025\/03\/Best-Uwin-Twins-Crystal-40000-Puffs-Disposable-Vape-150x150.webp 150w, https:\/\/vapestornado.com\/wp-content\/uploads\/2025\/03\/Best-Uwin-Twins-Crystal-40000-Puffs-Disposable-Vape-768x768.webp 768w, https:\/\/vapestornado.com\/wp-content\/uploads\/2025\/03\/Best-Uwin-Twins-Crystal-40000-Puffs-Disposable-Vape-600x600.webp 600w, https:\/\/vapestornado.com\/wp-content\/uploads\/2025\/03\/Best-Uwin-Twins-Crystal-40000-Puffs-Disposable-Vape-100x100.webp 100w\" sizes=\"(max-width: 800px) 100vw, 800px\" \/><figcaption id=\"caption-attachment-3903\" class=\"wp-caption-text\">Mejor Uwin Twins Crystal 40000 Puffs Vape Desechable<\/figcaption><\/figure>\n<h2 class=\"product-title\"><strong>Lista de Sabores de Vapeo de Doble Sabor Uwin Twins Crystal 40000<\/strong><\/h2>\n<article class=\"w-full text-token-text-primary focus-visible:outline-2 focus-visible:outline-offset-[-4px]\" dir=\"auto\" data-testid=\"conversation-turn-32\" data-scroll-anchor=\"false\">\n<div class=\"m-auto text-base py-[18px] px-6\">\n<div class=\"mx-auto flex flex-1 text-base gap-4 md:gap-5 lg:gap-6 md:max-w-3xl lg:max-w-[40rem] xl:max-w-[48rem]\">\n<div class=\"group\/conversation-turn relative flex w-full min-w-0 flex-col @xs\/thread:px-0 @sm\/thread:px-1.5 @md\/thread:px-4\">\n<div class=\"flex-col gap-1 md:gap-3\">\n<div class=\"flex max-w-full flex-col flex-grow\">\n<div class=\"min-h-8 text-message flex w-full flex-col items-end gap-2 whitespace-normal break-words text-start [.text-message+&amp;]:mt-5\" dir=\"auto\" data-message-author-role=\"user\" data-message-id=\"ffac41ca-1db4-431b-873a-32c4052956f1\">\n<div class=\"flex w-full flex-col gap-1 empty:hidden items-end rtl:items-start\">\n<div class=\"relative max-w-[var(--user-chat-width,70%)] rounded-3xl bg-token-message-surface px-5 py-2.5\">\n<div class=\"absolute bottom-0 right-full top-0 -mr-3.5 hidden pr-5 pt-2 [.group\/conversation-turn:hover_&amp;]:flex\">\n<div class=\"flex\">\n<article class=\"w-full text-token-text-primary focus-visible:outline-2 focus-visible:outline-offset-[-4px]\" dir=\"auto\" data-testid=\"conversation-turn-39\" data-scroll-anchor=\"true\">\n<div class=\"m-auto text-base py-[18px] px-6\">\n<div class=\"mx-auto flex flex-1 text-base gap-4 md:gap-5 lg:gap-6 md:max-w-3xl lg:max-w-[40rem] xl:max-w-[48rem]\">\n<div class=\"group\/conversation-turn relative flex w-full min-w-0 flex-col agent-turn @xs\/thread:px-0 @sm\/thread:px-1.5 @md\/thread:px-4\">\n<div class=\"flex-col gap-1 md:gap-3\">\n<div class=\"flex max-w-full flex-col flex-grow\">\n<div class=\"min-h-8 text-message flex w-full flex-col items-end gap-2 whitespace-normal break-words text-start [.text-message+&amp;]:mt-5\" dir=\"auto\" data-message-author-role=\"assistant\" data-message-id=\"55a23854-ec57-48dd-bd4f-6118f43d6241\" data-message-model-slug=\"gpt-4o\">\n<div class=\"flex w-full flex-col gap-1 empty:hidden first:pt-[3px]\">\n<div class=\"markdown prose w-full break-words dark:prose-invert light\">\n<p>1.Ar\u00e1ndano Helado \/ Melocot\u00f3n de Verano Helado<br \/>\n2.Kiwi Fruta de la Pasi\u00f3n Guayaba \/ Ar\u00e1ndano Frambuesa<br \/>\n3.Fresa Kiwi \/ Uva Helada<br \/>\n4.Kiwi Fruta de la Pasi\u00f3n Guayaba \/ Doble Manzana<br \/>\n5.Fresa Sand\u00eda \/ Lim\u00f3n Lima<br \/>\n6.Ar\u00e1ndano Frambuesa \/ Cereza Helada<br \/>\n7.Fresa Frambuesa Cereza \/ Sr Azul<br \/>\n8.Melocot\u00f3n Mango Pi\u00f1a \/ Red Bull<br \/>\n9. Sand\u00eda Helada \/ Bayas Mixtas<br \/>\n10. Fresa Pl\u00e1tano \/ Amor 66 (Maracuy\u00e1 Mel\u00f3n Helado)<\/p>\n<\/div>\n<\/div>\n<\/div>\n<\/div>\n<\/div>\n<\/div>\n<\/div>\n<\/div>\n<\/article>\n<\/div>\n<\/div>\n<\/div>\n<\/div>\n<\/div>\n<\/div>\n<\/div>\n<\/div>\n<\/div>\n<\/div>\n<\/article>\n<h3>\u00bfPor qu\u00e9 elegir Vapestornado para la compra al por mayor de Uwin Twins Crystal 40000 Vape?<\/h3>\n<div class=\"flex-shrink-0 flex flex-col relative items-end\">\n<div class=\"pt-0\">\n<div class=\"gizmo-bot-avatar flex h-8 w-8 items-center justify-center overflow-hidden rounded-full\">\n<div class=\"relative p-1 rounded-sm flex items-center justify-center bg-token-main-surface-primary text-token-text-primary h-8 w-8\">\n<p data-start=\"88\" data-end=\"557\">Cuando se trata de <strong data-start=\"105\" data-end=\"154\">\u00a0comprar vapers desechables de alta calidad<\/strong>, <strong data-start=\"156\" data-end=\"172\">Vapestornado<\/strong> es la fuente de referencia para conseguir lo mejor <strong data-start=\"208\" data-end=\"271\">precios de f\u00e1brica, env\u00edo r\u00e1pido y un excelente servicio al cliente<\/strong>Comprar el Uwin Twins Crystal 40k de Vapestornado significa que obtienes <strong data-start=\"363\" data-end=\"400\">productos 100% aut\u00e9nticos y originales<\/strong> con lo \u00faltimo en <strong data-start=\"417\" data-end=\"515\">tecnolog\u00eda de pantalla digital, la comodidad de un conector recargable Tipo-C y una enorme capacidad de 50000 caladas<\/strong>\u2014todo ello a los <strong data-start=\"527\" data-end=\"554\">precios al por mayor m\u00e1s bajos<\/strong>.<\/p>\n<p data-start=\"559\" data-end=\"933\" data-is-last-node=\"\" data-is-only-node=\"\">Tambi\u00e9n tenemos otros vapeadores populares con pantalla como el <a href=\"https:\/\/vapestornado.com\/es\/product\/bang-leader-50000-puffs-50k-2-in-1-double-flavor-digital-disposable-vape-bulk-price\/\">L\u00edder BANG 50000<\/a>, <a href=\"https:\/\/vapestornado.com\/es\/product\/vopk-ultra-40000-puffs-2-in-1-digital-screen-rechargeable-disposable-vape\/\">VOPK 40000 Caladas Vaporizador Desechable<\/a>, <a href=\"https:\/\/vapestornado.com\/es\/product\/vozol-gear-shisha-25k-25000-puffs-best-dtl-disposable-vape-hookah-cheap-price\/\">Vozol Gear Shisha 25000<\/a>, y m\u00e1s.<\/p>\n<\/div>\n<div class=\"relative p-1 rounded-sm flex items-center justify-center bg-token-main-surface-primary text-token-text-primary h-8 w-8\">\n<h3>PREGUNTAS FRECUENTES<\/h3>\n<p data-start=\"1631\" data-end=\"2011\"><strong data-start=\"1631\" data-end=\"1735\">P: Necesito un desechable que realmente dure\u2014\u00bfel vape desechable Uwin Crystal 40000 con doble sabor, de 40000 caladas, llegar\u00e1 lejos?<\/strong><br data-start=\"1735\" data-end=\"1738\" \/><strong data-start=\"1738\" data-end=\"1744\">A:<\/strong> S\u00ed. El <strong data-start=\"1754\" data-end=\"1803\">Uwin Twins Crystal 40000 Puff Vaporizador Desechable<\/strong> est\u00e1 dise\u00f1ado para un uso prolongado con <strong data-start=\"1835\" data-end=\"1857\">hasta 40,000 caladas<\/strong> y una <strong data-start=\"1864\" data-end=\"1892\">capacidad prellenada de 32ml<\/strong>. Para la mayor\u00eda de los vapeadores, eso significa <strong data-start=\"1922\" data-end=\"1954\">semanas de sesiones consistentes<\/strong> en lugar de reemplazar desechables m\u00e1s peque\u00f1os cada pocos d\u00edas.<\/p>\n<p data-start=\"2013\" data-end=\"2266\"><strong data-start=\"2013\" data-end=\"2073\">P: \u00bfUn dispositivo de 40k caladas pierde sabor a mitad de camino?<\/strong><br data-start=\"2073\" data-end=\"2076\" \/><strong data-start=\"2076\" data-end=\"2082\">A:<\/strong> Eso es com\u00fan con bobinas b\u00e1sicas, pero este dispositivo usa <strong data-start=\"2136\" data-end=\"2155\">resistencias de doble malla<\/strong> que calienta el e-l\u00edquido de manera uniforme. El resultado es <strong data-start=\"2197\" data-end=\"2241\">una densidad de vapor estable y un sabor m\u00e1s suave<\/strong> desde la primera calada hasta la \u00faltima.<\/p>\n<p data-start=\"2268\" data-end=\"2578\"><strong data-start=\"2268\" data-end=\"2326\">P: Me aburro de un sabor. \u00bfNecesito dos dispositivos?<\/strong><br data-start=\"2326\" data-end=\"2329\" \/><strong data-start=\"2329\" data-end=\"2335\">A:<\/strong> No. La <strong data-start=\"2344\" data-end=\"2374\">Sistema de doble sabor 2 en 1<\/strong> te ofrece <strong data-start=\"2385\" data-end=\"2412\">dos sabores en un vapeo<\/strong>, y puedes cambiar sin esfuerzo siempre que cambie tu preferencia. Es ideal para variedad durante todo el d\u00eda, viajes o usuarios que disfrutan combinar un perfil dulce con uno fr\u00edo.<\/p>\n<p data-start=\"2580\" data-end=\"2830\"><strong data-start=\"2580\" data-end=\"2641\">P: \u00bfC\u00f3mo s\u00e9 cu\u00e1ndo es el momento de recargar o reemplazar?<\/strong><br data-start=\"2641\" data-end=\"2644\" \/><strong data-start=\"2644\" data-end=\"2650\">A:<\/strong> 2) Cambio de doble sabor (2 en 1 Doble Sabor) <strong data-start=\"2661\" data-end=\"2696\">vape desechable con pantalla LED<\/strong> que muestra <strong data-start=\"2708\" data-end=\"2752\">niveles de bater\u00eda y e-l\u00edquido en tiempo real<\/strong>. Siempre sabr\u00e1s qu\u00e9 queda\u2014sin sorpresas de bater\u00eda agotada, sin golpes secos repentinos.<\/p>\n<p data-start=\"2832\" data-end=\"3096\"><strong data-start=\"2832\" data-end=\"2901\">P: \u00bfLa bater\u00eda durar\u00e1 lo suficiente para un conteo de caladas tan alto?<\/strong><br data-start=\"2901\" data-end=\"2904\" \/><strong data-start=\"2904\" data-end=\"2910\">A:<\/strong> S\u00ed. El <strong data-start=\"2920\" data-end=\"2951\">bater\u00eda recargable de 850mAh<\/strong> est\u00e1 dise\u00f1ado para soportar dispositivos de alta capacidad. Y con <strong data-start=\"3007\" data-end=\"3031\">carga r\u00e1pida Tipo-C<\/strong>, puedes recargar r\u00e1pidamente y seguir usando toda la reserva de l\u00edquido.<\/p>\n<p data-start=\"3364\" data-end=\"3670\"><strong data-start=\"3364\" data-end=\"3418\">P: \u00bfPor qu\u00e9 este vape desechable 2 en 1 Uwin Crystal 40000 es una opci\u00f3n fuerte al por mayor para 2025?<\/strong><br data-start=\"3418\" data-end=\"3421\" \/><strong data-start=\"3421\" data-end=\"3427\">A:<\/strong> La demanda de <strong data-start=\"3439\" data-end=\"3471\">vapes desechables de 40,000 caladas<\/strong> est\u00e1 en aumento en Europa porque los usuarios quieren mayor duraci\u00f3n, conveniencia de doble sabor y un seguimiento m\u00e1s inteligente. Uwin Crystal combina los tres, haci\u00e9ndolo confiable para ventas repetidas y posicionamiento premium.<\/p>\n<\/div>\n<\/div>\n<\/div>\n<\/div>","protected":false},"excerpt":{"rendered":"<p>Uwin Twins Crystal 40000 40k Puff Vape Digital Precio al por Mayor<br \/>\nUwin Twins Crystal 40k Puff el mejor vape desechable en Espa\u00f1a<br \/>\nUwin Crystal 40000 40k Puff Precio Barato Comprar en l\u00ednea<\/p>\n<p><strong>\u00a1A\u00f1ade el WhatsApp de Amy para obtener una respuesta correcta y un precio con descuento!<\/strong><\/p>\n<p><img fetchpriority=\"high\" decoding=\"async\" class=\"size-full wp-image-2932\" src=\"https:\/\/vapestornado.com\/wp-content\/uploads\/2024\/12\/Vape-Wholesale.jpg\" alt=\"Vape al por mayor\" width=\"229\" height=\"300\" \/><\/p>\n<h3><a href=\"https:\/\/wa.me\/8617776015835\"><span style=\"color: #ff0000;\"><strong>WhatsApp: +86 17776015835<\/strong><\/span><\/a><\/h3>\n<p>&nbsp;<\/p>","protected":false},"featured_media":3908,"comment_status":"open","ping_status":"closed","template":"","meta":{"_acf_changed":false,"_uag_custom_page_level_css":"","_lmt_disableupdate":"no","_lmt_disable":"","_monsterinsights_skip_tracking":false,"_monsterinsights_sitenote_active":false,"_monsterinsights_sitenote_note":"","_monsterinsights_sitenote_category":0,"site-sidebar-layout":"default","site-content-layout":"","ast-site-content-layout":"default","site-content-style":"default","site-sidebar-style":"default","ast-global-header-display":"","ast-banner-title-visibility":"","ast-main-header-display":"","ast-hfb-above-header-display":"","ast-hfb-below-header-display":"","ast-hfb-mobile-header-display":"","site-post-title":"","ast-breadcrumbs-content":"","ast-featured-img":"","footer-sml-layout":"","ast-disable-related-posts":"","theme-transparent-header-meta":"default","adv-header-id-meta":"","stick-header-meta":"","header-above-stick-meta":"","header-main-stick-meta":"","header-below-stick-meta":"","astra-migrate-meta-layouts":"set","ast-page-background-enabled":"default","ast-page-background-meta":{"desktop":{"background-color":"","background-image":"","background-repeat":"repeat","background-position":"center center","background-size":"auto","background-attachment":"scroll","background-type":"","background-media":"","overlay-type":"","overlay-color":"","overlay-opacity":"","overlay-gradient":""},"tablet":{"background-color":"","background-image":"","background-repeat":"repeat","background-position":"center center","background-size":"auto","background-attachment":"scroll","background-type":"","background-media":"","overlay-type":"","overlay-color":"","overlay-opacity":"","overlay-gradient":""},"mobile":{"background-color":"","background-image":"","background-repeat":"repeat","background-position":"center center","background-size":"auto","background-attachment":"scroll","background-type":"","background-media":"","overlay-type":"","overlay-color":"","overlay-opacity":"","overlay-gradient":""}},"ast-content-background-meta":{"desktop":{"background-color":"var(--ast-global-color-5)","background-image":"","background-repeat":"repeat","background-position":"center center","background-size":"auto","background-attachment":"scroll","background-type":"","background-media":"","overlay-type":"","overlay-color":"","overlay-opacity":"","overlay-gradient":""},"tablet":{"background-color":"var(--ast-global-color-5)","background-image":"","background-repeat":"repeat","background-position":"center center","background-size":"auto","background-attachment":"scroll","background-type":"","background-media":"","overlay-type":"","overlay-color":"","overlay-opacity":"","overlay-gradient":""},"mobile":{"background-color":"var(--ast-global-color-5)","background-image":"","background-repeat":"repeat","background-position":"center center","background-size":"auto","background-attachment":"scroll","background-type":"","background-media":"","overlay-type":"","overlay-color":"","overlay-opacity":"","overlay-gradient":""}},"_joinchat":{"telephone":"17776015835"}},"product_brand":[],"product_cat":[19,65,151,154,141,142,233],"product_tag":[261,120,105,94,273,279,269],"class_list":{"0":"post-3932","1":"product","2":"type-product","3":"status-publish","4":"has-post-thumbnail","6":"product_cat-vapes","7":"product_cat-40000-puff","8":"product_cat-buy-disposable-vapes-in-france","9":"product_cat-buy-disposable-vapes-in-netherlands","10":"product_cat-crystal-disposable-vapes","11":"product_cat-digital-box-disposable-vapes","12":"product_cat-uwin-vape","13":"product_tag-2-in-1-double-flavor-vape","14":"product_tag-crystal-vape","15":"product_tag-digital-disposable-vape","16":"product_tag-rechargeable-disposable-vape","17":"product_tag-twins-flavor-vape-pod","18":"product_tag-uwin-twins-crystal-40000","19":"product_tag-vape-with-screen","20":"desktop-align-left","21":"tablet-align-left","22":"mobile-align-left","24":"first","25":"instock","26":"sale","27":"shipping-taxable","28":"purchasable","29":"product-type-simple"},"acf":[],"uagb_featured_image_src":{"full":["https:\/\/vapestornado.com\/wp-content\/uploads\/2025\/03\/Uwin-Twins-Crystal-40000-Puffs-Two-Flavors-in-Vape.webp",800,800,false],"thumbnail":["https:\/\/vapestornado.com\/wp-content\/uploads\/2025\/03\/Uwin-Twins-Crystal-40000-Puffs-Two-Flavors-in-Vape-150x150.webp",150,150,true],"medium":["https:\/\/vapestornado.com\/wp-content\/uploads\/2025\/03\/Uwin-Twins-Crystal-40000-Puffs-Two-Flavors-in-Vape-300x300.webp",300,300,true],"medium_large":["https:\/\/vapestornado.com\/wp-content\/uploads\/2025\/03\/Uwin-Twins-Crystal-40000-Puffs-Two-Flavors-in-Vape-768x768.webp",768,768,true],"large":["https:\/\/vapestornado.com\/wp-content\/uploads\/2025\/03\/Uwin-Twins-Crystal-40000-Puffs-Two-Flavors-in-Vape.webp",800,800,false],"1536x1536":["https:\/\/vapestornado.com\/wp-content\/uploads\/2025\/03\/Uwin-Twins-Crystal-40000-Puffs-Two-Flavors-in-Vape.webp",800,800,false],"2048x2048":["https:\/\/vapestornado.com\/wp-content\/uploads\/2025\/03\/Uwin-Twins-Crystal-40000-Puffs-Two-Flavors-in-Vape.webp",800,800,false],"trp-custom-language-flag":["https:\/\/vapestornado.com\/wp-content\/uploads\/2025\/03\/Uwin-Twins-Crystal-40000-Puffs-Two-Flavors-in-Vape.webp",12,12,false],"woocommerce_thumbnail":["https:\/\/vapestornado.com\/wp-content\/uploads\/2025\/03\/Uwin-Twins-Crystal-40000-Puffs-Two-Flavors-in-Vape-300x300.webp",300,300,true],"woocommerce_single":["https:\/\/vapestornado.com\/wp-content\/uploads\/2025\/03\/Uwin-Twins-Crystal-40000-Puffs-Two-Flavors-in-Vape-600x600.webp",600,600,true],"woocommerce_gallery_thumbnail":["https:\/\/vapestornado.com\/wp-content\/uploads\/2025\/03\/Uwin-Twins-Crystal-40000-Puffs-Two-Flavors-in-Vape-100x100.webp",100,100,true]},"uagb_author_info":{"display_name":"ESAMY","author_link":"https:\/\/vapestornado.com\/es\/author\/"},"uagb_comment_info":0,"uagb_excerpt":"Uwin Twins Crystal 40000 40k Puff Digital Vape Wholesale Price Uwin Twins Crystal 40k Puff Best Disposable Vape in Netherlands Uwin Crystal 40000 40k Puff Cheap\u00a0Price Buy online Add Amy's whatsapp to get right reply and discount price! WhatsApp: +86 17776015835 &nbsp;","_links":{"self":[{"href":"https:\/\/vapestornado.com\/es\/wp-json\/wp\/v2\/product\/3932","targetHints":{"allow":["GET"]}}],"collection":[{"href":"https:\/\/vapestornado.com\/es\/wp-json\/wp\/v2\/product"}],"about":[{"href":"https:\/\/vapestornado.com\/es\/wp-json\/wp\/v2\/types\/product"}],"replies":[{"embeddable":true,"href":"https:\/\/vapestornado.com\/es\/wp-json\/wp\/v2\/comments?post=3932"}],"wp:featuredmedia":[{"embeddable":true,"href":"https:\/\/vapestornado.com\/es\/wp-json\/wp\/v2\/media\/3908"}],"wp:attachment":[{"href":"https:\/\/vapestornado.com\/es\/wp-json\/wp\/v2\/media?parent=3932"}],"wp:term":[{"taxonomy":"product_brand","embeddable":true,"href":"https:\/\/vapestornado.com\/es\/wp-json\/wp\/v2\/product_brand?post=3932"},{"taxonomy":"product_cat","embeddable":true,"href":"https:\/\/vapestornado.com\/es\/wp-json\/wp\/v2\/product_cat?post=3932"},{"taxonomy":"product_tag","embeddable":true,"href":"https:\/\/vapestornado.com\/es\/wp-json\/wp\/v2\/product_tag?post=3932"}],"curies":[{"name":"wp","href":"https:\/\/api.w.org\/{rel}","templated":true}]}}