{"id":3898,"date":"2025-03-19T07:31:04","date_gmt":"2025-03-19T07:31:04","guid":{"rendered":"https:\/\/vapestornado.com\/?post_type=product&#038;p=3898"},"modified":"2025-08-23T11:44:33","modified_gmt":"2025-08-23T11:44:33","slug":"zooy-zero-45000-45k-puff-touch-screen-disposable-vape-wholesale","status":"publish","type":"product","link":"https:\/\/vapestornado.com\/es\/product\/zooy-zero-45000-45k-puff-touch-screen-disposable-vape-wholesale\/","title":{"rendered":"ZOOY Zero 45000 45K Puff Vaporizador Desechable con Pantalla T\u00e1ctil al por Mayor"},"content":{"rendered":"<h1 data-pm-slice=\"1 1 []\">ZOOY Zero 45000 45K Puff Vaporizador Desechable con Pantalla T\u00e1ctil al por Mayor<\/h1>\n<p data-start=\"184\" data-end=\"550\">El <strong data-start=\"188\" data-end=\"242\">Vape desechable con pantalla t\u00e1ctil ZOOY Zero 45000 Puffs<\/strong> re\u00fane tecnolog\u00eda de vanguardia y un rendimiento duradero, lo que lo convierte en una opci\u00f3n s\u00f3lida para <strong data-start=\"343\" data-end=\"383\">distribuidores y minoristas al por mayor<\/strong>. Con una impresionante <strong data-start=\"404\" data-end=\"428\">capacidad de 45,000 caladas<\/strong> y un gran <strong data-start=\"441\" data-end=\"468\">dep\u00f3sito de e-l\u00edquido de 35 ml<\/strong>, ofrece un valor excepcional para los clientes que buscan resistencia y fiabilidad.<\/p>\n<p data-start=\"552\" data-end=\"880\">Una pantalla incorporada <strong data-start=\"563\" data-end=\"585\">pantalla t\u00e1ctil inteligente<\/strong> distingue a este dispositivo, brindando a los usuarios visibilidad en tiempo real del conteo de caladas, el nivel de bater\u00eda y el e-l\u00edquido restante. Alimentado por una bater\u00eda duradera <strong data-start=\"719\" data-end=\"743\">bater\u00eda recargable<\/strong> con <strong data-start=\"749\" data-end=\"773\">carga r\u00e1pida Tipo-C<\/strong>, el ZOOY Zero minimiza el tiempo de inactividad y garantiza una experiencia consistente tanto para vapeadores intensivos como ocasionales.<\/p>\n<p data-start=\"882\" data-end=\"1248\">Con <strong data-start=\"887\" data-end=\"930\">opciones de sal de nicotina de 2%, 3% y 5%<\/strong>, el ZOOY Zero se adapta a diferentes preferencias. El <strong data-start=\"983\" data-end=\"1012\">sistema de flujo de aire ajustable<\/strong> permite a los usuarios alternar entre caladas suaves y nubes densas, atendiendo a los estilos de vapeo MTL y DTL. Elegante, compacto y port\u00e1til, combina la practicidad con una est\u00e9tica premium, ideal para tiendas dirigidas al mercado europeo.<\/p>\n<p data-start=\"1250\" data-end=\"1445\">Para los mayoristas, el <strong data-start=\"1271\" data-end=\"1306\">Vape con pantalla t\u00e1ctil ZOOY Zero 45K<\/strong> ofrece una mezcla convincente de <strong data-start=\"1334\" data-end=\"1392\">innovaci\u00f3n, precios favorables para compras al por mayor y atractivo para el consumidor<\/strong>, lo que lo convierte en una adici\u00f3n rentable a cualquier inventario.<\/p>\n<p data-start=\"666\" data-end=\"1235\"><strong style=\"font-size: 16px;\"><span style=\"color: #ff0000;\">\u00a1A\u00f1ade el WhatsApp de Amy para obtener una respuesta correcta y un precio con descuento!<\/span><\/strong><\/p>\n<p><img fetchpriority=\"high\" decoding=\"async\" class=\"size-full wp-image-2932\" src=\"https:\/\/vapestornado.com\/wp-content\/uploads\/2024\/12\/Vape-Wholesale.jpg\" alt=\"Vape al por mayor\" width=\"229\" height=\"300\" \/><\/p>\n<h3><a href=\"https:\/\/wa.me\/8617776015835\" target=\"_blank\" rel=\"noopener\"><span style=\"color: #ff0000;\"><strong>WhatsApp: +86 17776015835<\/strong><\/span><\/a><\/h3>\n<p>&nbsp;<\/p>\n<h2><strong>Caracter\u00edsticas clave del producto ZOOY Zero 45000 Puff Crystal Vape<\/strong><\/h2>\n<p>Marca: ZOOY Vape<br \/>\nCapacidad de caladas: Hasta 45000 caladas<br \/>\nL\u00edquido electr\u00f3nico: 35mL<br \/>\nConcentraciones de Nicotina: 0%, 2%, 3%, 5%<br \/>\nBater\u00eda: Bater\u00eda recargable de 1000mAh<br \/>\nCarga: Carga r\u00e1pida Tipo-C<br \/>\nTipo de Bobina: Bobina de malla doble para una mejor producci\u00f3n de vapor y sabor<br \/>\nPantalla: Pantalla digital para la vida de la bater\u00eda y los niveles de l\u00edquido electr\u00f3nico<\/p>\n<h2 class=\"product-title\"><strong>Lista de sabores de ZOOY Zero 45k Puff Box Vape<\/strong><\/h2>\n<article class=\"w-full text-token-text-primary focus-visible:outline-2 focus-visible:outline-offset-[-4px]\" dir=\"auto\" data-testid=\"conversation-turn-32\" data-scroll-anchor=\"false\">\n<div class=\"m-auto text-base py-[18px] px-6\">\n<div class=\"mx-auto flex flex-1 text-base gap-4 md:gap-5 lg:gap-6 md:max-w-3xl lg:max-w-[40rem] xl:max-w-[48rem]\">\n<div class=\"group\/conversation-turn relative flex w-full min-w-0 flex-col @xs\/thread:px-0 @sm\/thread:px-1.5 @md\/thread:px-4\">\n<div class=\"flex-col gap-1 md:gap-3\">\n<div class=\"flex max-w-full flex-col flex-grow\">\n<div class=\"min-h-8 text-message flex w-full flex-col items-end gap-2 whitespace-normal break-words text-start [.text-message+&amp;]:mt-5\" dir=\"auto\" data-message-author-role=\"user\" data-message-id=\"ffac41ca-1db4-431b-873a-32c4052956f1\">\n<div class=\"flex w-full flex-col gap-1 empty:hidden items-end rtl:items-start\">\n<div class=\"relative max-w-[var(--user-chat-width,70%)] rounded-3xl bg-token-message-surface px-5 py-2.5\">\n<div class=\"absolute bottom-0 right-full top-0 -mr-3.5 hidden pr-5 pt-2 [.group\/conversation-turn:hover_&amp;]:flex\">\n<div class=\"flex\">\n<article class=\"w-full text-token-text-primary focus-visible:outline-2 focus-visible:outline-offset-[-4px]\" dir=\"auto\" data-testid=\"conversation-turn-39\" data-scroll-anchor=\"true\">\n<div class=\"m-auto text-base py-[18px] px-6\">\n<div class=\"mx-auto flex flex-1 text-base gap-4 md:gap-5 lg:gap-6 md:max-w-3xl lg:max-w-[40rem] xl:max-w-[48rem]\">\n<div class=\"group\/conversation-turn relative flex w-full min-w-0 flex-col agent-turn @xs\/thread:px-0 @sm\/thread:px-1.5 @md\/thread:px-4\">\n<div class=\"flex-col gap-1 md:gap-3\">\n<div class=\"flex max-w-full flex-col flex-grow\">\n<div class=\"min-h-8 text-message flex w-full flex-col items-end gap-2 whitespace-normal break-words text-start [.text-message+&amp;]:mt-5\" dir=\"auto\" data-message-author-role=\"assistant\" data-message-id=\"55a23854-ec57-48dd-bd4f-6118f43d6241\" data-message-model-slug=\"gpt-4o\">\n<div class=\"flex w-full flex-col gap-1 empty:hidden first:pt-[3px]\">\n<div class=\"markdown prose w-full break-words dark:prose-invert light\">\n<p>1.Hielo de sand\u00eda<br \/>\n2.Hielo de ar\u00e1ndano <strong><span style=\"color: #ff0000;\">&gt;&gt;&gt;&gt; \u00a1Caliente!<\/span><\/strong><br \/>\n3. Fresa sand\u00eda<br \/>\n4.Cola lim\u00f3n<br \/>\n5.Fresa Kiwi <strong><span style=\"color: #ff0000;\">&gt;&gt;&gt;&gt; \u00a1Caliente!<\/span><\/strong><br \/>\n6.Manzana uva<br \/>\n7.Naranja fresa pop<br \/>\n8.Hielo de Frambuesa Azul <strong><span style=\"color: #ff0000;\">&gt;&gt;&gt;&gt; \u00a1Caliente!<\/span><\/strong><br \/>\n9.Ar\u00e1ndano y sand\u00eda <strong><span style=\"color: #ff0000;\">&gt;&gt;&gt;&gt; \u00a1Mejor!<\/span><\/strong><br \/>\n10.Mango, maracuy\u00e1 y guayaba<\/p>\n<figure id=\"attachment_3895\" aria-describedby=\"caption-attachment-3895\" style=\"width: 800px\" class=\"wp-caption alignnone\"><img decoding=\"async\" class=\"wp-image-3895 size-full\" src=\"https:\/\/vapestornado.com\/wp-content\/uploads\/2025\/03\/Zooy-Zero-45000-Puff-Vape-Bulk-Buy.webp\" alt=\"Compra al por mayor de Zooy Zero 45000 Puff Vape\" width=\"800\" height=\"800\" srcset=\"https:\/\/vapestornado.com\/wp-content\/uploads\/2025\/03\/Zooy-Zero-45000-Puff-Vape-Bulk-Buy.webp 800w, https:\/\/vapestornado.com\/wp-content\/uploads\/2025\/03\/Zooy-Zero-45000-Puff-Vape-Bulk-Buy-300x300.webp 300w, https:\/\/vapestornado.com\/wp-content\/uploads\/2025\/03\/Zooy-Zero-45000-Puff-Vape-Bulk-Buy-150x150.webp 150w, https:\/\/vapestornado.com\/wp-content\/uploads\/2025\/03\/Zooy-Zero-45000-Puff-Vape-Bulk-Buy-768x768.webp 768w, https:\/\/vapestornado.com\/wp-content\/uploads\/2025\/03\/Zooy-Zero-45000-Puff-Vape-Bulk-Buy-600x600.webp 600w, https:\/\/vapestornado.com\/wp-content\/uploads\/2025\/03\/Zooy-Zero-45000-Puff-Vape-Bulk-Buy-100x100.webp 100w\" sizes=\"(max-width: 800px) 100vw, 800px\" \/><figcaption id=\"caption-attachment-3895\" class=\"wp-caption-text\">Compra al por mayor de Zooy Zero 45000 Puff Vape<\/figcaption><\/figure>\n<\/div>\n<\/div>\n<\/div>\n<\/div>\n<\/div>\n<\/div>\n<\/div>\n<\/div>\n<\/article>\n<\/div>\n<\/div>\n<\/div>\n<\/div>\n<\/div>\n<\/div>\n<\/div>\n<\/div>\n<\/div>\n<\/div>\n<\/article>\n<h3>\u00bfPor qu\u00e9 elegir Vapestornado para la compra al por mayor de los vapes digitales ZOOY Zero 45000 45K Puffs?<\/h3>\n<div class=\"flex-shrink-0 flex flex-col relative items-end\">\n<div class=\"pt-0\">\n<div class=\"gizmo-bot-avatar flex h-8 w-8 items-center justify-center overflow-hidden rounded-full\">\n<div class=\"relative p-1 rounded-sm flex items-center justify-center bg-token-main-surface-primary text-token-text-primary h-8 w-8\">\n<p data-start=\"88\" data-end=\"557\">Cuando se trata de <strong data-start=\"105\" data-end=\"154\">\u00a0comprar vapers desechables de alta calidad<\/strong>, <strong data-start=\"156\" data-end=\"172\">Vapestornado<\/strong> es la fuente de referencia para conseguir lo mejor <strong data-start=\"208\" data-end=\"271\">precios de f\u00e1brica, env\u00edo r\u00e1pido y un excelente servicio al cliente<\/strong>. Comprar el <strong data-start=\"284\" data-end=\"322\">Vape digital ZOOY Zero 45000 Puffs<\/strong> al por mayor en Vapestornado significa que obtienes <strong data-start=\"363\" data-end=\"400\">productos 100% aut\u00e9nticos y originales<\/strong> con lo \u00faltimo en <strong data-start=\"417\" data-end=\"515\">tecnolog\u00eda de pantalla digital, la conveniencia de ser recargable con Type-C y una masiva capacidad de 45000 caladas<\/strong>\u2014todo ello a los <strong data-start=\"527\" data-end=\"554\">precios al por mayor m\u00e1s bajos<\/strong>.<\/p>\n<p data-start=\"559\" data-end=\"933\" data-is-last-node=\"\" data-is-only-node=\"\">Con <strong data-start=\"564\" data-end=\"641\">descuentos por pedidos al por mayor, inventario confiable y un proceso de pedido fluido<\/strong>, Vapestornado asegura que los <strong data-start=\"664\" data-end=\"713\">propietarios de tiendas de vapeo, distribuidores y minoristas<\/strong> obtengan una <strong data-start=\"720\" data-end=\"760\">oferta rentable en productos de alta gama<\/strong>. No te pierdas <strong data-start=\"780\" data-end=\"839\">uno de los vapes desechables recargables m\u00e1s solicitados<\/strong>\u2014\u00a1pide tu <strong data-start=\"851\" data-end=\"884\">ZOOY Zero 45000 al por mayor hoy mismo<\/strong> y haz que tus clientes vuelvan por m\u00e1s!<\/p>\n<p data-start=\"559\" data-end=\"933\" data-is-last-node=\"\" data-is-only-node=\"\">Tambi\u00e9n tenemos algunos otros vapes de gran venta con pantalla como <a href=\"https:\/\/vapestornado.com\/es\/product\/waspe-fihp-30000-puffs-smart-screen-vape-2-5-nicotine-wholesal\/\">WASPE 30K Modo de Vapeo Dual<\/a>, <a href=\"https:\/\/vapestornado.com\/es\/product\/vopk-ultra-40000-puffs-2-in-1-digital-screen-rechargeable-disposable-vape\/\">VOPK 40000 Caladas Vaporizador Desechable<\/a>, <a href=\"https:\/\/vapestornado.com\/es\/product\/vapsolo-galaxy-30000-vapers-30k-puff-disposable-vape-e-cigarette-with-smart-screen\/\">Vapsolo Galaxy 30000<\/a>, y m\u00e1s.<\/p>\n<\/div>\n<div class=\"relative p-1 rounded-sm flex items-center justify-center bg-token-main-surface-primary text-token-text-primary h-8 w-8\">\n<h3>Preguntas frecuentes sobre el Vaper Desechable Bang Leader 50k Puffs<\/h3>\n<p data-start=\"1367\" data-end=\"1549\"><strong data-start=\"1367\" data-end=\"1413\">1. \u00bfCu\u00e1nto dura el ZOOY Zero 45000?<\/strong><br data-start=\"1413\" data-end=\"1416\" \/>Con un <strong data-start=\"1423\" data-end=\"1446\">capacidad de 45000 caladas<\/strong> y el <strong data-start=\"1451\" data-end=\"1471\">35 ml de e-l\u00edquido<\/strong>, este vape est\u00e1 dise\u00f1ado para durar mucho m\u00e1s que los desechables est\u00e1ndar.<\/p>\n<p data-start=\"1551\" data-end=\"1775\"><strong data-start=\"1551\" data-end=\"1602\">2. \u00bfQu\u00e9 hace especial a la pantalla inteligente?<\/strong><br data-start=\"1602\" data-end=\"1605\" \/>El <strong data-start=\"1609\" data-end=\"1633\">pantalla t\u00e1ctil<\/strong> proporciona actualizaciones en tiempo real sobre <strong data-start=\"1664\" data-end=\"1715\">estado de la bater\u00eda, recuento de caladas y niveles de e-l\u00edquido<\/strong>, lo que te da un control total sobre tu experiencia de vapeo.<\/p>\n<p data-start=\"1777\" data-end=\"1934\"><strong data-start=\"1777\" data-end=\"1820\">3. \u00bfEs recargable el ZOOY Zero 45000?<\/strong><br data-start=\"1820\" data-end=\"1823\" \/>\u00a1S\u00ed! Cuenta con un <strong data-start=\"1842\" data-end=\"1873\">sistema de carga r\u00e1pida Tipo-C<\/strong>, lo que te permite recargarlo r\u00e1pidamente y prolongar su vida \u00fatil.<\/p>\n<p data-start=\"1936\" data-end=\"2093\"><strong data-start=\"1936\" data-end=\"1978\">4. \u00bfQu\u00e9 niveles de nicotina est\u00e1n disponibles?<\/strong><br data-start=\"1978\" data-end=\"1981\" \/>Este dispositivo est\u00e1 disponible en concentraciones de sal de nicotina de <strong data-start=\"2002\" data-end=\"2039\">2%, 3% y 5%<\/strong>, lo que garantiza opciones para diferentes preferencias de vapeo.<\/p>\n<p data-start=\"2095\" data-end=\"2317\"><strong data-start=\"2095\" data-end=\"2158\">5. \u00bfD\u00f3nde puedo comprar el ZOOY Zero 45000 a precios al por mayor?<\/strong><br data-start=\"2158\" data-end=\"2161\" \/>Para <strong data-start=\"2165\" data-end=\"2202\">pedidos al por mayor y precios de mayorista<\/strong>, visita <strong data-start=\"2210\" data-end=\"2243\">la tienda de vapers en l\u00ednea Vapestornado<\/strong>, tu fuente confiable para <strong data-start=\"2269\" data-end=\"2314\">vapeadores desechables asequibles y de alta calidad<\/strong>.<\/p>\n<\/div>\n<\/div>\n<\/div>\n<\/div>","protected":false},"excerpt":{"rendered":"<p>El <strong data-start=\"1489\" data-end=\"1513\">Vape ZOOY Zero 45000<\/strong> ofrece una capacidad de caladas masiva, pantalla t\u00e1ctil inteligente y alimentaci\u00f3n recargable Tipo-C. Un desechable premium construido para <strong data-start=\"1628\" data-end=\"1663\">compradores mayoristas en grandes cantidades en Europa<\/strong>.<\/p>\n<p><strong>\u00a1A\u00f1ade el WhatsApp de Amy para obtener una respuesta correcta y un precio con descuento!<\/strong><\/p>\n<p><img fetchpriority=\"high\" decoding=\"async\" class=\"size-full wp-image-2932\" src=\"https:\/\/vapestornado.com\/wp-content\/uploads\/2024\/12\/Vape-Wholesale.jpg\" alt=\"Vape al por mayor\" width=\"229\" height=\"300\" \/><\/p>\n<h3><a href=\"https:\/\/wa.me\/8617776015835\"><span style=\"color: #ff0000;\"><strong>WhatsApp: +86 17776015835<\/strong><\/span><\/a><\/h3>\n<p>&nbsp;<\/p>","protected":false},"featured_media":3897,"comment_status":"open","ping_status":"closed","template":"","meta":{"_acf_changed":false,"_uag_custom_page_level_css":"","_lmt_disableupdate":"no","_lmt_disable":"","_monsterinsights_skip_tracking":false,"_monsterinsights_sitenote_active":false,"_monsterinsights_sitenote_note":"","_monsterinsights_sitenote_category":0,"site-sidebar-layout":"default","site-content-layout":"","ast-site-content-layout":"default","site-content-style":"default","site-sidebar-style":"default","ast-global-header-display":"","ast-banner-title-visibility":"","ast-main-header-display":"","ast-hfb-above-header-display":"","ast-hfb-below-header-display":"","ast-hfb-mobile-header-display":"","site-post-title":"","ast-breadcrumbs-content":"","ast-featured-img":"","footer-sml-layout":"","ast-disable-related-posts":"","theme-transparent-header-meta":"default","adv-header-id-meta":"","stick-header-meta":"","header-above-stick-meta":"","header-main-stick-meta":"","header-below-stick-meta":"","astra-migrate-meta-layouts":"set","ast-page-background-enabled":"default","ast-page-background-meta":{"desktop":{"background-color":"","background-image":"","background-repeat":"repeat","background-position":"center center","background-size":"auto","background-attachment":"scroll","background-type":"","background-media":"","overlay-type":"","overlay-color":"","overlay-opacity":"","overlay-gradient":""},"tablet":{"background-color":"","background-image":"","background-repeat":"repeat","background-position":"center center","background-size":"auto","background-attachment":"scroll","background-type":"","background-media":"","overlay-type":"","overlay-color":"","overlay-opacity":"","overlay-gradient":""},"mobile":{"background-color":"","background-image":"","background-repeat":"repeat","background-position":"center center","background-size":"auto","background-attachment":"scroll","background-type":"","background-media":"","overlay-type":"","overlay-color":"","overlay-opacity":"","overlay-gradient":""}},"ast-content-background-meta":{"desktop":{"background-color":"var(--ast-global-color-5)","background-image":"","background-repeat":"repeat","background-position":"center center","background-size":"auto","background-attachment":"scroll","background-type":"","background-media":"","overlay-type":"","overlay-color":"","overlay-opacity":"","overlay-gradient":""},"tablet":{"background-color":"var(--ast-global-color-5)","background-image":"","background-repeat":"repeat","background-position":"center center","background-size":"auto","background-attachment":"scroll","background-type":"","background-media":"","overlay-type":"","overlay-color":"","overlay-opacity":"","overlay-gradient":""},"mobile":{"background-color":"var(--ast-global-color-5)","background-image":"","background-repeat":"repeat","background-position":"center center","background-size":"auto","background-attachment":"scroll","background-type":"","background-media":"","overlay-type":"","overlay-color":"","overlay-opacity":"","overlay-gradient":""}},"_joinchat":{"telephone":"17776015835"}},"product_brand":[],"product_cat":[265,154,155,142,283],"product_tag":[94,268,267,93,269,266],"class_list":{"0":"post-3898","1":"product","2":"type-product","3":"status-publish","4":"has-post-thumbnail","6":"product_cat-45000-puff","7":"product_cat-buy-disposable-vapes-in-netherlands","8":"product_cat-buy-disposable-vapes-in-norway","9":"product_cat-digital-box-disposable-vapes","10":"product_cat-zooy-vape","11":"product_tag-rechargeable-disposable-vape","12":"product_tag-touch-screen-vape","13":"product_tag-vape-from-eu-warehouse","14":"product_tag-vape-wholesale","15":"product_tag-vape-with-screen","16":"product_tag-zooy-zero-45k","17":"desktop-align-left","18":"tablet-align-left","19":"mobile-align-left","21":"first","22":"instock","23":"sale","24":"shipping-taxable","25":"purchasable","26":"product-type-simple"},"acf":[],"uagb_featured_image_src":{"full":["https:\/\/vapestornado.com\/wp-content\/uploads\/2025\/03\/ZOOY-ZERO-45000-Puffs-Wholesale-Good-Price.webp",800,800,false],"thumbnail":["https:\/\/vapestornado.com\/wp-content\/uploads\/2025\/03\/ZOOY-ZERO-45000-Puffs-Wholesale-Good-Price-150x150.webp",150,150,true],"medium":["https:\/\/vapestornado.com\/wp-content\/uploads\/2025\/03\/ZOOY-ZERO-45000-Puffs-Wholesale-Good-Price-300x300.webp",300,300,true],"medium_large":["https:\/\/vapestornado.com\/wp-content\/uploads\/2025\/03\/ZOOY-ZERO-45000-Puffs-Wholesale-Good-Price-768x768.webp",768,768,true],"large":["https:\/\/vapestornado.com\/wp-content\/uploads\/2025\/03\/ZOOY-ZERO-45000-Puffs-Wholesale-Good-Price.webp",800,800,false],"1536x1536":["https:\/\/vapestornado.com\/wp-content\/uploads\/2025\/03\/ZOOY-ZERO-45000-Puffs-Wholesale-Good-Price.webp",800,800,false],"2048x2048":["https:\/\/vapestornado.com\/wp-content\/uploads\/2025\/03\/ZOOY-ZERO-45000-Puffs-Wholesale-Good-Price.webp",800,800,false],"trp-custom-language-flag":["https:\/\/vapestornado.com\/wp-content\/uploads\/2025\/03\/ZOOY-ZERO-45000-Puffs-Wholesale-Good-Price.webp",12,12,false],"woocommerce_thumbnail":["https:\/\/vapestornado.com\/wp-content\/uploads\/2025\/03\/ZOOY-ZERO-45000-Puffs-Wholesale-Good-Price-300x300.webp",300,300,true],"woocommerce_single":["https:\/\/vapestornado.com\/wp-content\/uploads\/2025\/03\/ZOOY-ZERO-45000-Puffs-Wholesale-Good-Price-600x600.webp",600,600,true],"woocommerce_gallery_thumbnail":["https:\/\/vapestornado.com\/wp-content\/uploads\/2025\/03\/ZOOY-ZERO-45000-Puffs-Wholesale-Good-Price-100x100.webp",100,100,true]},"uagb_author_info":{"display_name":"ESAMY","author_link":"https:\/\/vapestornado.com\/es\/author\/"},"uagb_comment_info":0,"uagb_excerpt":"The ZOOY Zero 45000 Vape delivers massive puff capacity, smart touch screen, and Type-C rechargeable power. A premium disposable built for bulk wholesale buyers in Europe. Add Amy's whatsapp to get right reply and discount price! WhatsApp: +86 17776015835 &nbsp;","_links":{"self":[{"href":"https:\/\/vapestornado.com\/es\/wp-json\/wp\/v2\/product\/3898","targetHints":{"allow":["GET"]}}],"collection":[{"href":"https:\/\/vapestornado.com\/es\/wp-json\/wp\/v2\/product"}],"about":[{"href":"https:\/\/vapestornado.com\/es\/wp-json\/wp\/v2\/types\/product"}],"replies":[{"embeddable":true,"href":"https:\/\/vapestornado.com\/es\/wp-json\/wp\/v2\/comments?post=3898"}],"wp:featuredmedia":[{"embeddable":true,"href":"https:\/\/vapestornado.com\/es\/wp-json\/wp\/v2\/media\/3897"}],"wp:attachment":[{"href":"https:\/\/vapestornado.com\/es\/wp-json\/wp\/v2\/media?parent=3898"}],"wp:term":[{"taxonomy":"product_brand","embeddable":true,"href":"https:\/\/vapestornado.com\/es\/wp-json\/wp\/v2\/product_brand?post=3898"},{"taxonomy":"product_cat","embeddable":true,"href":"https:\/\/vapestornado.com\/es\/wp-json\/wp\/v2\/product_cat?post=3898"},{"taxonomy":"product_tag","embeddable":true,"href":"https:\/\/vapestornado.com\/es\/wp-json\/wp\/v2\/product_tag?post=3898"}],"curies":[{"name":"wp","href":"https:\/\/api.w.org\/{rel}","templated":true}]}}