{"id":3863,"date":"2025-03-17T02:44:11","date_gmt":"2025-03-17T02:44:11","guid":{"rendered":"https:\/\/vapestornado.com\/?post_type=product&#038;p=3863"},"modified":"2025-08-22T11:44:19","modified_gmt":"2025-08-22T11:44:19","slug":"factory-wholesale-waspe-tornado-15000-puff-15k-vape-pen-kit","status":"publish","type":"product","link":"https:\/\/vapestornado.com\/es\/product\/factory-wholesale-waspe-tornado-15000-puff-15k-vape-pen-kit\/","title":{"rendered":"Kit de pluma de vape desechable Waspe Tornado 15000 Puff 15K al por mayor de f\u00e1brica"},"content":{"rendered":"<h1 data-pm-slice=\"1 1 []\">Kit de pluma de vape desechable Waspe Tornado 15000 Puff 15K al por mayor de f\u00e1brica<\/h1>\n<h3 data-start=\"0\" data-end=\"98\"><strong data-start=\"4\" data-end=\"96\">Kit de vaporizador Waspe Tornado Puff 15000 al por mayor de f\u00e1brica - recargable<\/strong><\/h3>\n<p data-start=\"100\" data-end=\"562\">El <strong data-start=\"302\" data-end=\"343\">Waspe Tornado 15000 Puff Kit de cigarrillo electr\u00f3nico<\/strong> est\u00e1 dise\u00f1ado para el rendimiento, la comodidad y el valor al por mayor. Con una <strong data-start=\"416\" data-end=\"442\">capacidad de e-l\u00edquido de 22 ml<\/strong> y hasta <strong data-start=\"453\" data-end=\"469\">15.000 caladas<\/strong>, garantiza un uso prolongado, lo que lo convierte en una excelente opci\u00f3n tanto para minoristas como para usuarios finales.<\/p>\n<h4 data-start=\"564\" data-end=\"618\"><strong data-start=\"569\" data-end=\"616\">15000 caladas \u2013 Satisfacci\u00f3n de vapeo prolongada<\/strong><\/h4>\n<p data-start=\"619\" data-end=\"834\">Con una impresionante <strong data-start=\"638\" data-end=\"665\">15,000 caladas por dispositivo<\/strong>, el Waspe Tornado 15K asegura un <strong data-start=\"697\" data-end=\"717\">uso duradero<\/strong>, lo que lo convierte en una opci\u00f3n rentable tanto para <strong data-start=\"762\" data-end=\"793\">vapeadores ocasionales como para minoristas<\/strong> que buscan <strong data-start=\"806\" data-end=\"831\">vapers desechables a granel<\/strong>.<\/p>\n<h4 data-start=\"836\" data-end=\"895\"><strong data-start=\"841\" data-end=\"893\">Bater\u00eda recargable de 850mAh \u2013 Sin l\u00edquido de vapeo desperdiciado<\/strong><\/h4>\n<p data-start=\"896\" data-end=\"1166\">A diferencia de los desechables tradicionales, este <strong data-start=\"933\" data-end=\"961\">vapeador es recargable<\/strong>, lo que te permite disfrutar de cada gota de <strong data-start=\"999\" data-end=\"1027\">22 ml de e-l\u00edquido precargado<\/strong>. La <strong data-start=\"1033\" data-end=\"1051\">La bater\u00eda de 850mAh<\/strong> proporciona una potencia fiable, y con <strong data-start=\"1086\" data-end=\"1110\">carga r\u00e1pida Tipo-C<\/strong>, pasar\u00e1s menos tiempo esperando y m\u00e1s tiempo vapeando.<\/p>\n<h4 data-start=\"1168\" data-end=\"1216\"><strong data-start=\"1173\" data-end=\"1214\">Pantalla digital LCD: mant\u00e9n el control<\/strong><\/h4>\n<p data-start=\"1217\" data-end=\"1406\">\u00a1Olvida adivinar cu\u00e1ndo es el momento de recargar! La <strong data-start=\"1274\" data-end=\"1288\">pantalla LCD<\/strong> incorporada te proporciona actualizaciones en tiempo real sobre tu <strong data-start=\"1325\" data-end=\"1361\">la duraci\u00f3n de la bater\u00eda y los niveles de e-l\u00edquido<\/strong>, asegurando una experiencia de vapeo sin complicaciones.<\/p>\n<h4 data-start=\"1408\" data-end=\"1475\"><strong data-start=\"1413\" data-end=\"1473\">Tecnolog\u00eda de bobina de malla: m\u00e1ximo sabor<\/strong><\/h4>\n<p data-start=\"1476\" data-end=\"1716\">Equipado con una <strong data-start=\"1493\" data-end=\"1515\">bobina de malla avanzada<\/strong>, el Waspe 15000 ofrece <strong data-start=\"1542\" data-end=\"1571\">sabores ricos y con cuerpo<\/strong> con cada calada. Ya sea que te gusten los <strong data-start=\"1606\" data-end=\"1645\">vapeadores afrutados, helados o inspirados en refrescos<\/strong>, el <strong data-start=\"1651\" data-end=\"1674\">selecci\u00f3n de 12 sabores<\/strong> garantiza que hay algo para todos.<\/p>\n<h4 data-start=\"1718\" data-end=\"1773\"><strong data-start=\"1723\" data-end=\"1771\">Opciones de concentraci\u00f3n de nicotina: 0%, 2%, 3%<\/strong><\/h4>\n<p data-start=\"1774\" data-end=\"1901\">Para satisfacer a todos los vapeadores, el Waspe Tornado 15000 ofrece <strong data-start=\"1829\" data-end=\"1867\">m\u00faltiples opciones de concentraci\u00f3n de nicotina<\/strong> para adaptarse a diferentes preferencias:<\/p>\n<ul data-start=\"1902\" data-end=\"2150\">\n<li data-start=\"1902\" data-end=\"1992\"><strong data-start=\"1904\" data-end=\"1926\">0% (Sin nicotina)<\/strong> \u2013 Ideal para amantes del sabor que prefieren una experiencia pura y suave.<\/li>\n<li data-start=\"1993\" data-end=\"2059\"><strong data-start=\"1995\" data-end=\"2006\">2%<\/strong> \u2013 Concentraciones de nicotina equilibradas para vapeadores moderados.<\/li>\n<li data-start=\"2060\" data-end=\"2150\"><strong data-start=\"2062\" data-end=\"2075\">5% (50mg)<\/strong> \u2013 Fuerte golpe de nicotina para aquellos que disfrutan de una sesi\u00f3n de vapeo m\u00e1s intensa.<\/li>\n<\/ul>\n<h4 data-start=\"2152\" data-end=\"2204\"><strong data-start=\"2157\" data-end=\"2202\">Precio al por mayor<\/strong><\/h4>\n<p data-start=\"2205\" data-end=\"2410\">Perfecto para propietarios de tiendas de vapeo, distribuidores y compradores al por mayor, el Waspe Tornado Puff 15000 est\u00e1 disponible en <strong data-start=\"2311\" data-end=\"2335\">precios bajos al por mayor<\/strong>. Haz tu pedido al por mayor y <strong data-start=\"2355\" data-end=\"2407\">obtener vapes desechables premium a precios inmejorables<\/strong>.<\/p>\n<p><strong><span style=\"color: #ff0000;\">\u00a1A\u00f1ade el WhatsApp de Amy para obtener una respuesta correcta y un precio con descuento!<\/span><\/strong><\/p>\n<p><img fetchpriority=\"high\" decoding=\"async\" class=\"size-full wp-image-2932\" src=\"https:\/\/vapestornado.com\/wp-content\/uploads\/2024\/12\/Vape-Wholesale.jpg\" alt=\"Vape al por mayor\" width=\"229\" height=\"300\" \/><\/p>\n<h3><a href=\"https:\/\/wa.me\/8617776015835\" target=\"_blank\" rel=\"noopener\"><span style=\"color: #ff0000;\"><strong>WhatsApp: +86 17776015835<\/strong><\/span><\/a><\/h3>\n<p>&nbsp;<\/p>\n<h2><strong>Caracter\u00edsticas clave del producto Waspe Tornado 15000 Puff<\/strong><\/h2>\n<p>Marca: WASPE<br \/>\nCaladas: 15000<br \/>\nBater\u00eda: 850 mah Recargable<br \/>\nPantalla: Pantalla digital LED<br \/>\nNicotina: 0% 2% 3% 5%<br \/>\nCapacidad de l\u00edquido: 22 ml<br \/>\nResistencia: Malla<\/p>\n<figure id=\"attachment_3847\" aria-describedby=\"caption-attachment-3847\" style=\"width: 800px\" class=\"wp-caption alignnone\"><img decoding=\"async\" class=\"wp-image-3847 size-full\" src=\"https:\/\/vapestornado.com\/wp-content\/uploads\/2025\/03\/Tornado-15k-Puff-Waspe-Vape.webp\" alt=\"Vape Waspe Tornado 15k Caladas\" width=\"800\" height=\"800\" srcset=\"https:\/\/vapestornado.com\/wp-content\/uploads\/2025\/03\/Tornado-15k-Puff-Waspe-Vape.webp 800w, https:\/\/vapestornado.com\/wp-content\/uploads\/2025\/03\/Tornado-15k-Puff-Waspe-Vape-300x300.webp 300w, https:\/\/vapestornado.com\/wp-content\/uploads\/2025\/03\/Tornado-15k-Puff-Waspe-Vape-150x150.webp 150w, https:\/\/vapestornado.com\/wp-content\/uploads\/2025\/03\/Tornado-15k-Puff-Waspe-Vape-768x768.webp 768w, https:\/\/vapestornado.com\/wp-content\/uploads\/2025\/03\/Tornado-15k-Puff-Waspe-Vape-600x600.webp 600w, https:\/\/vapestornado.com\/wp-content\/uploads\/2025\/03\/Tornado-15k-Puff-Waspe-Vape-100x100.webp 100w\" sizes=\"(max-width: 800px) 100vw, 800px\" \/><figcaption id=\"caption-attachment-3847\" class=\"wp-caption-text\">Vape Waspe Tornado 15k Caladas<\/figcaption><\/figure>\n<h2 class=\"product-title\"><strong>Lista de sabores de vape Waspe Tornado 15k Smart<\/strong><\/h2>\n<article class=\"group\/turn w-full text-token-text-primary focus-visible:outline-2 focus-visible:outline-offset-[-4px]\" dir=\"auto\" data-testid=\"conversation-turn-61\" data-scroll-anchor=\"true\">\n<div class=\"text-base my-auto mx-auto py-[18px] px-6\">\n<div class=\"mx-auto flex flex-1 text-base gap-4 md:gap-5 lg:gap-6 md:max-w-3xl lg:max-w-[40rem] xl:max-w-[48rem]\">\n<div class=\"group\/conversation-turn relative flex w-full min-w-0 flex-col agent-turn @xs\/thread:px-0 @sm\/thread:px-1.5 @md\/thread:px-4\">\n<div class=\"flex-col gap-1 md:gap-3\">\n<div class=\"flex max-w-full flex-col flex-grow\">\n<div class=\"min-h-8 text-message relative flex w-full flex-col items-end gap-2 whitespace-normal break-words text-start [.text-message+&amp;]:mt-5\" dir=\"auto\" data-message-author-role=\"assistant\" data-message-id=\"762d7e41-70d5-4ddf-94cb-85ef5025d3a8\" data-message-model-slug=\"gpt-4o\">\n<div class=\"flex w-full flex-col gap-1 empty:hidden first:pt-[3px]\">\n<div class=\"markdown prose w-full break-words dark:prose-invert light\">\n<p>1. Hielo de sand\u00eda <strong><span style=\"color: #ff0000;\">&gt;&gt;&gt;&gt; \u00a1Caliente!<\/span><\/strong><br \/>\n2. Fresa Sand\u00eda <strong><span style=\"color: #ff0000;\">&gt;&gt;&gt;&gt; \u00a1Caliente!<\/span><\/strong><br \/>\n3. Refresco de naranja<br \/>\n4. Manzana doble<br \/>\n5. Fresa kiwi <strong><span style=\"color: #ff0000;\">&gt;&gt;&gt;&gt; \u00a1Caliente!<\/span><\/strong><br \/>\n6. Hielo de cereza<br \/>\n7. Uva de aloe<br \/>\n8. Frutos del bosque mixtos <strong><span style=\"color: #ff0000;\">&gt;&gt;&gt;&gt; \u00a1Mejor!<\/span><\/strong><br \/>\n9. Hielo de ar\u00e1ndano<br \/>\n10. Fresa Mango <strong><span style=\"color: #ff0000;\">&gt;&gt;&gt;&gt; \u00a1Caliente!<\/span><\/strong><br \/>\n11. Lim\u00f3n de frambuesa azul<br \/>\n12. Hielo de melocot\u00f3n <strong><span style=\"color: #ff0000;\">&gt;&gt;&gt;&gt; \u00a1Caliente!<\/span><\/strong><\/p>\n<\/div>\n<\/div>\n<\/div>\n<\/div>\n<\/div>\n<\/div>\n<\/div>\n<\/div>\n<\/article>\n<article class=\"w-full text-token-text-primary focus-visible:outline-2 focus-visible:outline-offset-[-4px]\" dir=\"auto\" data-testid=\"conversation-turn-32\" data-scroll-anchor=\"false\">\n<div class=\"m-auto text-base py-[18px] px-6\">\n<div class=\"mx-auto flex flex-1 text-base gap-4 md:gap-5 lg:gap-6 md:max-w-3xl lg:max-w-[40rem] xl:max-w-[48rem]\">\n<div class=\"group\/conversation-turn relative flex w-full min-w-0 flex-col @xs\/thread:px-0 @sm\/thread:px-1.5 @md\/thread:px-4\">\n<div class=\"flex-col gap-1 md:gap-3\">\n<div class=\"flex max-w-full flex-col flex-grow\">\n<div class=\"min-h-8 text-message flex w-full flex-col items-end gap-2 whitespace-normal break-words text-start [.text-message+&amp;]:mt-5\" dir=\"auto\" data-message-author-role=\"user\" data-message-id=\"ffac41ca-1db4-431b-873a-32c4052956f1\">\n<div class=\"flex w-full flex-col gap-1 empty:hidden items-end rtl:items-start\">\n<div class=\"relative max-w-[var(--user-chat-width,70%)] rounded-3xl bg-token-message-surface px-5 py-2.5\">\n<div class=\"absolute bottom-0 right-full top-0 -mr-3.5 hidden pr-5 pt-2 [.group\/conversation-turn:hover_&amp;]:flex\">\n<div class=\"flex\">\n<article class=\"w-full text-token-text-primary focus-visible:outline-2 focus-visible:outline-offset-[-4px]\" dir=\"auto\" data-testid=\"conversation-turn-39\" data-scroll-anchor=\"true\">\n<div class=\"m-auto text-base py-[18px] px-6\">\n<div class=\"mx-auto flex flex-1 text-base gap-4 md:gap-5 lg:gap-6 md:max-w-3xl lg:max-w-[40rem] xl:max-w-[48rem]\">\n<div class=\"group\/conversation-turn relative flex w-full min-w-0 flex-col agent-turn @xs\/thread:px-0 @sm\/thread:px-1.5 @md\/thread:px-4\">\n<div class=\"flex-col gap-1 md:gap-3\">\n<div class=\"flex max-w-full flex-col flex-grow\">\n<div class=\"min-h-8 text-message flex w-full flex-col items-end gap-2 whitespace-normal break-words text-start [.text-message+&amp;]:mt-5\" dir=\"auto\" data-message-author-role=\"assistant\" data-message-id=\"55a23854-ec57-48dd-bd4f-6118f43d6241\" data-message-model-slug=\"gpt-4o\">\n<div class=\"flex w-full flex-col gap-1 empty:hidden first:pt-[3px]\">\n<div class=\"markdown prose w-full break-words dark:prose-invert light\"><\/div>\n<\/div>\n<\/div>\n<\/div>\n<\/div>\n<\/div>\n<\/div>\n<\/div>\n<\/article>\n<\/div>\n<\/div>\n<\/div>\n<\/div>\n<\/div>\n<\/div>\n<\/div>\n<\/div>\n<\/div>\n<\/div>\n<\/article>\n<h3>\u00bfPor qu\u00e9 elegir Vapestornado para pedidos al por mayor de vapes digitales Waspe Tornado 15k?<\/h3>\n<div class=\"flex-shrink-0 flex flex-col relative items-end\">\n<div class=\"pt-0\">\n<div class=\"gizmo-bot-avatar flex h-8 w-8 items-center justify-center overflow-hidden rounded-full\">\n<div class=\"relative p-1 rounded-sm flex items-center justify-center bg-token-main-surface-primary text-token-text-primary h-8 w-8\">\n<p data-start=\"75\" data-end=\"479\">Cuando se trata de <strong data-start=\"92\" data-end=\"117\">vapers desechables a granel<\/strong>, <strong data-start=\"119\" data-end=\"152\">la tienda de vapers en l\u00ednea Vapestornado<\/strong> es el destino ideal para <strong data-start=\"182\" data-end=\"202\">compradores al por mayor<\/strong> que buscan <strong data-start=\"215\" data-end=\"257\">precios asequibles y calidad de primer nivel<\/strong>. Ofrecemos <strong data-start=\"268\" data-end=\"299\">precios exclusivos al por mayor<\/strong> en la <strong data-start=\"307\" data-end=\"333\">Vape WASPE 15000 Caladas<\/strong>, permitiendo a minoristas y distribuidores abastecerse de uno de los m\u00e1s demandados <strong data-start=\"412\" data-end=\"445\">vapes desechables recargables<\/strong> m\u00e1s demandados, con una <strong data-start=\"453\" data-end=\"476\">pantalla digital LCD<\/strong>.<\/p>\n<\/div>\n<div class=\"relative p-1 rounded-sm flex items-center justify-center bg-token-main-surface-primary text-token-text-primary h-8 w-8\">\n<h3>Preguntas Frecuentes sobre el Cigarrillo Electr\u00f3nico Desechable Waspe Tornado 15k<\/h3>\n<p data-start=\"2462\" data-end=\"2654\"><strong data-start=\"2462\" data-end=\"2522\">1. \u00bfCu\u00e1nto dura el Vape Waspe Tornado Puff 15000?<\/strong><br data-start=\"2522\" data-end=\"2525\" \/>Con <strong data-start=\"2530\" data-end=\"2557\">15,000 caladas por dispositivo<\/strong>, este vape est\u00e1 dise\u00f1ado para un uso prolongado. La vida \u00fatil real depende de su frecuencia de vapeo.<\/p>\n<p data-start=\"2656\" data-end=\"2835\"><strong data-start=\"2656\" data-end=\"2706\">2. \u00bfEs recargable el Vape Waspe 15000 Caladas?<\/strong><br data-start=\"2706\" data-end=\"2709\" \/>\u00a1S\u00ed! Cuenta con una <strong data-start=\"2729\" data-end=\"2760\">bater\u00eda recargable de 850mAh<\/strong> con <strong data-start=\"2766\" data-end=\"2785\">carga Tipo-C<\/strong>, asegurando m\u00e1xima eficiencia y m\u00ednimo desperdicio.<\/p>\n<p data-start=\"2837\" data-end=\"3005\"><strong data-start=\"2837\" data-end=\"2875\">3. \u00bfQu\u00e9 muestra la pantalla LCD?<\/strong><br data-start=\"2875\" data-end=\"2878\" \/>El <strong data-start=\"2882\" data-end=\"2896\">pantalla LCD<\/strong> proporciona actualizaciones en tiempo real sobre <strong data-start=\"2927\" data-end=\"2963\">la duraci\u00f3n de la bater\u00eda y los niveles de e-l\u00edquido<\/strong>, lo que facilita la supervisi\u00f3n de tu dispositivo.<\/p>\n<p data-start=\"3007\" data-end=\"3175\"><strong data-start=\"3007\" data-end=\"3052\">4. \u00bfQu\u00e9 concentraciones de nicotina est\u00e1n disponibles?<\/strong><br data-start=\"3052\" data-end=\"3055\" \/>Este vaper viene en <strong data-start=\"3074\" data-end=\"3115\">0%, 2%, 3% y 5%<\/strong>, permitiendo a los usuarios elegir su nivel de nicotina preferido.<\/p>\n<p data-start=\"3177\" data-end=\"3407\"><strong data-start=\"3177\" data-end=\"3244\">5. \u00bfD\u00f3nde puedo comprar el Waspe Tornado 15000 a precios mayoristas?<\/strong><br data-start=\"3244\" data-end=\"3247\" \/>Para <strong data-start=\"3251\" data-end=\"3293\">compras a granel y descuentos al por mayor<\/strong>, visita <strong data-start=\"3301\" data-end=\"3334\">la tienda de vapers en l\u00ednea Vapestornado<\/strong>, tu fuente confiable para <strong data-start=\"3360\" data-end=\"3404\">vapes desechables recargables asequibles<\/strong>.<\/p>\n<\/div>\n<\/div>\n<\/div>\n<\/div>","protected":false},"excerpt":{"rendered":"<p>Vape desechable Waspe Tornado 15000 Puff bajo en nicotina al por mayor<br \/>\nKit de vaporizador desechable Waspe Tornado 15K, precio de f\u00e1brica<br \/>\nPod desechable WASPE 15000 con pantalla digital, mejor sabor en oferta<\/p>\n<p><strong>\u00a1A\u00f1ade el WhatsApp de Amy para obtener una respuesta correcta y un precio con descuento!<\/strong><\/p>\n<p><img fetchpriority=\"high\" decoding=\"async\" class=\"size-full wp-image-2932\" src=\"https:\/\/vapestornado.com\/wp-content\/uploads\/2024\/12\/Vape-Wholesale.jpg\" alt=\"Vape al por mayor\" width=\"229\" height=\"300\" \/><\/p>\n<h3><a href=\"https:\/\/wa.me\/8617776015835\"><span style=\"color: #ff0000;\"><strong>WhatsApp: +86 17776015835<\/strong><\/span><\/a><\/h3>\n<p>&nbsp;<\/p>","protected":false},"featured_media":3846,"comment_status":"open","ping_status":"closed","template":"","meta":{"_acf_changed":false,"_uag_custom_page_level_css":"","_lmt_disableupdate":"no","_lmt_disable":"","_monsterinsights_skip_tracking":false,"_monsterinsights_sitenote_active":false,"_monsterinsights_sitenote_note":"","_monsterinsights_sitenote_category":0,"site-sidebar-layout":"default","site-content-layout":"","ast-site-content-layout":"default","site-content-style":"default","site-sidebar-style":"default","ast-global-header-display":"","ast-banner-title-visibility":"","ast-main-header-display":"","ast-hfb-above-header-display":"","ast-hfb-below-header-display":"","ast-hfb-mobile-header-display":"","site-post-title":"","ast-breadcrumbs-content":"","ast-featured-img":"","footer-sml-layout":"","ast-disable-related-posts":"","theme-transparent-header-meta":"default","adv-header-id-meta":"","stick-header-meta":"","header-above-stick-meta":"","header-main-stick-meta":"","header-below-stick-meta":"","astra-migrate-meta-layouts":"set","ast-page-background-enabled":"default","ast-page-background-meta":{"desktop":{"background-color":"","background-image":"","background-repeat":"repeat","background-position":"center center","background-size":"auto","background-attachment":"scroll","background-type":"","background-media":"","overlay-type":"","overlay-color":"","overlay-opacity":"","overlay-gradient":""},"tablet":{"background-color":"","background-image":"","background-repeat":"repeat","background-position":"center center","background-size":"auto","background-attachment":"scroll","background-type":"","background-media":"","overlay-type":"","overlay-color":"","overlay-opacity":"","overlay-gradient":""},"mobile":{"background-color":"","background-image":"","background-repeat":"repeat","background-position":"center center","background-size":"auto","background-attachment":"scroll","background-type":"","background-media":"","overlay-type":"","overlay-color":"","overlay-opacity":"","overlay-gradient":""}},"ast-content-background-meta":{"desktop":{"background-color":"var(--ast-global-color-5)","background-image":"","background-repeat":"repeat","background-position":"center center","background-size":"auto","background-attachment":"scroll","background-type":"","background-media":"","overlay-type":"","overlay-color":"","overlay-opacity":"","overlay-gradient":""},"tablet":{"background-color":"var(--ast-global-color-5)","background-image":"","background-repeat":"repeat","background-position":"center center","background-size":"auto","background-attachment":"scroll","background-type":"","background-media":"","overlay-type":"","overlay-color":"","overlay-opacity":"","overlay-gradient":""},"mobile":{"background-color":"var(--ast-global-color-5)","background-image":"","background-repeat":"repeat","background-position":"center center","background-size":"auto","background-attachment":"scroll","background-type":"","background-media":"","overlay-type":"","overlay-color":"","overlay-opacity":"","overlay-gradient":""}},"_joinchat":{"telephone":"17776015835"}},"product_brand":[],"product_cat":[19,71,152,154,142,148],"product_tag":[97,94,241,93,259,258],"class_list":{"0":"post-3863","1":"product","2":"type-product","3":"status-publish","4":"has-post-thumbnail","6":"product_cat-vapes","7":"product_cat-15000-puff","8":"product_cat-buy-disposable-vapes-in-cermany","9":"product_cat-buy-disposable-vapes-in-netherlands","10":"product_cat-digital-box-disposable-vapes","11":"product_cat-tornado-disposable-vapes","12":"product_tag-hot-sale-disposable-vape","13":"product_tag-rechargeable-disposable-vape","14":"product_tag-smart-screen-disposable-vape","15":"product_tag-vape-wholesale","16":"product_tag-waspe-tornado-15000","17":"product_tag-waspe-tornado-15k","18":"desktop-align-left","19":"tablet-align-left","20":"mobile-align-left","22":"first","23":"instock","24":"sale","25":"shipping-taxable","26":"purchasable","27":"product-type-simple"},"acf":[],"uagb_featured_image_src":{"full":["https:\/\/vapestornado.com\/wp-content\/uploads\/2025\/03\/Best-Selling-Disposable-Vape-Waspe-15000-Puffs.webp",800,800,false],"thumbnail":["https:\/\/vapestornado.com\/wp-content\/uploads\/2025\/03\/Best-Selling-Disposable-Vape-Waspe-15000-Puffs-150x150.webp",150,150,true],"medium":["https:\/\/vapestornado.com\/wp-content\/uploads\/2025\/03\/Best-Selling-Disposable-Vape-Waspe-15000-Puffs-300x300.webp",300,300,true],"medium_large":["https:\/\/vapestornado.com\/wp-content\/uploads\/2025\/03\/Best-Selling-Disposable-Vape-Waspe-15000-Puffs-768x768.webp",768,768,true],"large":["https:\/\/vapestornado.com\/wp-content\/uploads\/2025\/03\/Best-Selling-Disposable-Vape-Waspe-15000-Puffs.webp",800,800,false],"1536x1536":["https:\/\/vapestornado.com\/wp-content\/uploads\/2025\/03\/Best-Selling-Disposable-Vape-Waspe-15000-Puffs.webp",800,800,false],"2048x2048":["https:\/\/vapestornado.com\/wp-content\/uploads\/2025\/03\/Best-Selling-Disposable-Vape-Waspe-15000-Puffs.webp",800,800,false],"trp-custom-language-flag":["https:\/\/vapestornado.com\/wp-content\/uploads\/2025\/03\/Best-Selling-Disposable-Vape-Waspe-15000-Puffs.webp",12,12,false],"woocommerce_thumbnail":["https:\/\/vapestornado.com\/wp-content\/uploads\/2025\/03\/Best-Selling-Disposable-Vape-Waspe-15000-Puffs-300x300.webp",300,300,true],"woocommerce_single":["https:\/\/vapestornado.com\/wp-content\/uploads\/2025\/03\/Best-Selling-Disposable-Vape-Waspe-15000-Puffs-600x600.webp",600,600,true],"woocommerce_gallery_thumbnail":["https:\/\/vapestornado.com\/wp-content\/uploads\/2025\/03\/Best-Selling-Disposable-Vape-Waspe-15000-Puffs-100x100.webp",100,100,true]},"uagb_author_info":{"display_name":"ESAMY","author_link":"https:\/\/vapestornado.com\/es\/author\/"},"uagb_comment_info":0,"uagb_excerpt":"Wholesale Waspe Tornado 15000 Puff Low Nicotine Disposable Vape Waspe Tornado 15K Disposable Vape Pen Kit\u00a0 Factory Price WASPE 15000 Digital Screen Disposable Pod Best Flavor on Sale Add Amy's whatsapp to get right reply and discount price! WhatsApp: +86 17776015835 &nbsp;","_links":{"self":[{"href":"https:\/\/vapestornado.com\/es\/wp-json\/wp\/v2\/product\/3863","targetHints":{"allow":["GET"]}}],"collection":[{"href":"https:\/\/vapestornado.com\/es\/wp-json\/wp\/v2\/product"}],"about":[{"href":"https:\/\/vapestornado.com\/es\/wp-json\/wp\/v2\/types\/product"}],"replies":[{"embeddable":true,"href":"https:\/\/vapestornado.com\/es\/wp-json\/wp\/v2\/comments?post=3863"}],"wp:featuredmedia":[{"embeddable":true,"href":"https:\/\/vapestornado.com\/es\/wp-json\/wp\/v2\/media\/3846"}],"wp:attachment":[{"href":"https:\/\/vapestornado.com\/es\/wp-json\/wp\/v2\/media?parent=3863"}],"wp:term":[{"taxonomy":"product_brand","embeddable":true,"href":"https:\/\/vapestornado.com\/es\/wp-json\/wp\/v2\/product_brand?post=3863"},{"taxonomy":"product_cat","embeddable":true,"href":"https:\/\/vapestornado.com\/es\/wp-json\/wp\/v2\/product_cat?post=3863"},{"taxonomy":"product_tag","embeddable":true,"href":"https:\/\/vapestornado.com\/es\/wp-json\/wp\/v2\/product_tag?post=3863"}],"curies":[{"name":"wp","href":"https:\/\/api.w.org\/{rel}","templated":true}]}}