{"id":3796,"date":"2025-02-19T07:21:03","date_gmt":"2025-02-19T07:21:03","guid":{"rendered":"https:\/\/vapestornado.com\/?post_type=product&#038;p=3796"},"modified":"2025-08-23T09:18:00","modified_gmt":"2025-08-23T09:18:00","slug":"waspe-12000-digital-box-12k-puff-vapes-disposable-wholesale-price","status":"publish","type":"product","link":"https:\/\/vapestornado.com\/es\/product\/waspe-12000-digital-box-12k-puff-vapes-disposable-wholesale-price\/","title":{"rendered":"Waspe 12000 Digital Box 12k caladas vapes desechables precio al por mayor"},"content":{"rendered":"<h1 data-pm-slice=\"1 1 []\">Waspe 12000 Digital Box 12k caladas vapes desechables precio al por mayor<del><br \/>\n<\/del><\/h1>\n<p data-start=\"235\" data-end=\"489\">El <strong data-start=\"239\" data-end=\"282\">Vape Desechable Waspe 12000 Digital Box<\/strong> combina capacidad, rendimiento y conveniencia en un dispositivo elegante. Con hasta <strong data-start=\"363\" data-end=\"379\">12,000 inhalaciones<\/strong> y una <strong data-start=\"386\" data-end=\"408\">tanque de e-l\u00edquido de 25 ml<\/strong>, ofrece sesiones de larga duraci\u00f3n que atraen tanto a usuarios ocasionales como intensivos.<\/p>\n<p data-start=\"491\" data-end=\"721\">Equipado con una <strong data-start=\"508\" data-end=\"538\">pantalla digital integrada<\/strong>, los usuarios pueden monitorear f\u00e1cilmente el conteo de caladas y la duraci\u00f3n de la bater\u00eda en tiempo real. El <strong data-start=\"611\" data-end=\"642\">bater\u00eda recargable de 650 mAh<\/strong> con <strong data-start=\"648\" data-end=\"672\">carga r\u00e1pida Tipo-C<\/strong> garantiza un uso eficiente sin desperdicio de e-l\u00edquido.<\/p>\n<p data-start=\"723\" data-end=\"948\">Usando <strong data-start=\"729\" data-end=\"758\">tecnolog\u00eda de doble bobina de malla<\/strong>, el Waspe 12K proporciona una producci\u00f3n de vapor suave y un sabor rico en una amplia selecci\u00f3n de mezclas. Disponible en niveles de nicotina de <strong data-start=\"890\" data-end=\"908\">0%, 2% y 5%<\/strong>, satisface todas las preferencias de vapeo.<\/p>\n<p data-start=\"950\" data-end=\"1150\">Para mayoristas y minoristas, el <strong data-start=\"985\" data-end=\"1017\">Vape Waspe 12000 Digital Box<\/strong> ofrece un fuerte potencial de reventa gracias a su combinaci\u00f3n de alto conteo de caladas, caracter\u00edsticas avanzadas y precios competitivos al por mayor.<\/p>\n<p><strong><span style=\"color: #ff0000;\">\u00a1A\u00f1ade el WhatsApp de Amy para obtener una respuesta correcta y un cup\u00f3n de vape!<\/span><\/strong><\/p>\n<p><img fetchpriority=\"high\" decoding=\"async\" class=\"size-full wp-image-2932\" src=\"https:\/\/vapestornado.com\/wp-content\/uploads\/2024\/12\/Vape-Wholesale.jpg\" alt=\"Vape al por mayor\" width=\"229\" height=\"300\" \/><\/p>\n<h3><a href=\"https:\/\/wa.me\/8617776015835\" target=\"_blank\" rel=\"noopener\"><span style=\"color: #ff0000;\"><strong>WhatsApp: +86 17776015835<\/strong><\/span><\/a><\/h3>\n<p>&nbsp;<\/p>\n<h2><strong>Caracter\u00edsticas del producto Waspe 12000 Digital Box 12k<\/strong><\/h2>\n<p>Puff: 12000 caladas<br \/>\nResistencia de malla doble de 1.0ohm<br \/>\nBater\u00eda: A650mAh<br \/>\nE-jugo: 20ml<br \/>\nNicotina: 2%\/5% Nicotina<br \/>\nRecargable tipo C<br \/>\nPantalla que muestra el aceite y la bater\u00eda<\/p>\n<h2 class=\"product-title\"><strong>Lista de sabores de Waspe Digital Box 12k<\/strong><\/h2>\n<p>1 Hielo de sand\u00eda<strong> <span style=\"color: #ff0000;\">&gt;&gt;&gt;&gt; \u00a1Caliente!<\/span><\/strong><br \/>\n2 Hielo de frambuesa azul <strong><span style=\"color: #ff0000;\">&gt;&gt;&gt;&gt; \u00a1Caliente!<\/span><\/strong><br \/>\n3 Hielo de uva<br \/>\n4 Sand\u00eda de fresa <strong><span style=\"color: #ff0000;\">&gt;&gt;&gt;&gt; \u00a1Caliente!<\/span><\/strong><br \/>\n5 Bayas mixtas <strong><span style=\"color: #ff0000;\">&gt;&gt;&gt;&gt; \u00a1Mejor!<\/span><\/strong><br \/>\n6 Donas de fresa<br \/>\n7 Frambuesa de ar\u00e1ndanos <strong><span style=\"color: #ff0000;\">&gt;&gt;&gt;&gt; \u00a1Caliente!<\/span><\/strong><br \/>\n8 Cereza de frambuesa y fresa <strong><span style=\"color: #ff0000;\">&gt;&gt;&gt;&gt; \u00a1Caliente!<\/span><\/strong><br \/>\n9 Melocot\u00f3n de mango y sand\u00eda<br \/>\n10 Jugo de pera y vino tinto<\/p>\n<article class=\"w-full text-token-text-primary focus-visible:outline-2 focus-visible:outline-offset-[-4px]\" dir=\"auto\" data-testid=\"conversation-turn-32\" data-scroll-anchor=\"false\">\n<div class=\"m-auto text-base py-[18px] px-6\">\n<div class=\"mx-auto flex flex-1 text-base gap-4 md:gap-5 lg:gap-6 md:max-w-3xl lg:max-w-[40rem] xl:max-w-[48rem]\">\n<div class=\"group\/conversation-turn relative flex w-full min-w-0 flex-col @xs\/thread:px-0 @sm\/thread:px-1.5 @md\/thread:px-4\">\n<div class=\"flex-col gap-1 md:gap-3\">\n<div class=\"flex max-w-full flex-col flex-grow\">\n<div class=\"min-h-8 text-message flex w-full flex-col items-end gap-2 whitespace-normal break-words text-start [.text-message+&amp;]:mt-5\" dir=\"auto\" data-message-author-role=\"user\" data-message-id=\"ffac41ca-1db4-431b-873a-32c4052956f1\">\n<div class=\"flex w-full flex-col gap-1 empty:hidden items-end rtl:items-start\">\n<div class=\"relative max-w-[var(--user-chat-width,70%)] rounded-3xl bg-token-message-surface px-5 py-2.5\">\n<div class=\"absolute bottom-0 right-full top-0 -mr-3.5 hidden pr-5 pt-2 [.group\/conversation-turn:hover_&amp;]:flex\">\n<div class=\"flex\">\n<article class=\"w-full text-token-text-primary focus-visible:outline-2 focus-visible:outline-offset-[-4px]\" dir=\"auto\" data-testid=\"conversation-turn-39\" data-scroll-anchor=\"true\">\n<div class=\"m-auto text-base py-[18px] px-6\">\n<div class=\"mx-auto flex flex-1 text-base gap-4 md:gap-5 lg:gap-6 md:max-w-3xl lg:max-w-[40rem] xl:max-w-[48rem]\">\n<div class=\"group\/conversation-turn relative flex w-full min-w-0 flex-col agent-turn @xs\/thread:px-0 @sm\/thread:px-1.5 @md\/thread:px-4\">\n<div class=\"flex-col gap-1 md:gap-3\">\n<div class=\"flex max-w-full flex-col flex-grow\">\n<div class=\"min-h-8 text-message flex w-full flex-col items-end gap-2 whitespace-normal break-words text-start [.text-message+&amp;]:mt-5\" dir=\"auto\" data-message-author-role=\"assistant\" data-message-id=\"55a23854-ec57-48dd-bd4f-6118f43d6241\" data-message-model-slug=\"gpt-4o\">\n<div class=\"flex w-full flex-col gap-1 empty:hidden first:pt-[3px]\">\n<div class=\"markdown prose w-full break-words dark:prose-invert light\">\n<figure id=\"attachment_3816\" aria-describedby=\"caption-attachment-3816\" style=\"width: 800px\" class=\"wp-caption alignnone\"><img decoding=\"async\" class=\"wp-image-3816 size-full\" src=\"https:\/\/vapestornado.com\/wp-content\/uploads\/2025\/03\/Waspe-12k-Puffs-Digital-Box.webp\" alt=\"Caja Digital Waspe 12k Puffs\" width=\"800\" height=\"800\" srcset=\"https:\/\/vapestornado.com\/wp-content\/uploads\/2025\/03\/Waspe-12k-Puffs-Digital-Box.webp 800w, https:\/\/vapestornado.com\/wp-content\/uploads\/2025\/03\/Waspe-12k-Puffs-Digital-Box-300x300.webp 300w, https:\/\/vapestornado.com\/wp-content\/uploads\/2025\/03\/Waspe-12k-Puffs-Digital-Box-150x150.webp 150w, https:\/\/vapestornado.com\/wp-content\/uploads\/2025\/03\/Waspe-12k-Puffs-Digital-Box-768x768.webp 768w, https:\/\/vapestornado.com\/wp-content\/uploads\/2025\/03\/Waspe-12k-Puffs-Digital-Box-600x600.webp 600w, https:\/\/vapestornado.com\/wp-content\/uploads\/2025\/03\/Waspe-12k-Puffs-Digital-Box-100x100.webp 100w\" sizes=\"(max-width: 800px) 100vw, 800px\" \/><figcaption id=\"caption-attachment-3816\" class=\"wp-caption-text\">Caja Digital Waspe 12k Puffs<\/figcaption><\/figure>\n<\/div>\n<\/div>\n<\/div>\n<\/div>\n<\/div>\n<\/div>\n<\/div>\n<\/div>\n<\/article>\n<\/div>\n<\/div>\n<\/div>\n<\/div>\n<\/div>\n<\/div>\n<\/div>\n<\/div>\n<\/div>\n<\/div>\n<\/article>\n<h3>\u00bfPor qu\u00e9 elegir vapestornado para la venta al por mayor de vape desechable Waspe Digital Box 12000 Puff?<\/h3>\n<div class=\"flex-shrink-0 flex flex-col relative items-end\">\n<div class=\"pt-0\">\n<div class=\"gizmo-bot-avatar flex h-8 w-8 items-center justify-center overflow-hidden rounded-full\">\n<div class=\"relative p-1 rounded-sm flex items-center justify-center bg-token-main-surface-primary text-token-text-primary h-8 w-8\">\n<p>Bienvenido a vapestornado, tu tienda de vapeo en l\u00ednea de confianza para vapes desechables premium. Con m\u00e1s de 5 a\u00f1os de experiencia, te traemos marcas populares de vapeo desechable como Fumot RandM Vape, Vapme, Bang Vape, Waspe Vape y WGA Vape, etc.<\/p>\n<p>Nuestra gama incluye vapes desechables de doble sabor de gran venta como el <a href=\"https:\/\/vapestornado.com\/es\/product\/waspe-fihp-36000-36k-puff-twins-flavor-rechargeable-disposable-vape-bulk-buy-at-wholesale-prices\/\">FIHP 36K Caladas Sabor Gemelo<\/a>, <a href=\"https:\/\/vapestornado.com\/es\/product\/waspe-crystal-40000-puffs-40k-double-flavor-rechargeable-disposable-vapes-cheap-price\/\">WASPE Crystal 40k Doble Sabor<\/a> y opciones ricas en sabor como el <a href=\"https:\/\/vapestornado.com\/es\/product\/razzbar-15000-puffs-rechargeable-disposable-vape-bulk-buy-at-cheap-prices\/\">RAZZBAR 15000 Caladas<\/a>. Cada producto se elige centr\u00e1ndose en la calidad, el valor y la variedad, lo que garantiza que encuentre la combinaci\u00f3n perfecta para sus necesidades. Descubra un servicio excepcional y una amplia gama de los mejores productos a precio mayorista en vapestornado.<\/p>\n<\/div>\n<h3><\/h3>\n<div class=\"relative p-1 rounded-sm flex items-center justify-center bg-token-main-surface-primary text-token-text-primary h-8 w-8\">\n<h3>Preguntas frecuentes sobre el vape desechable Waspe 12000 Puffs<\/h3>\n<\/div>\n<\/div>\n<\/div>\n<\/div>\n<div class=\"flex-shrink-0 flex flex-col relative items-end\">\n<div class=\"pt-0\">\n<div class=\"gizmo-bot-avatar flex h-8 w-8 items-center justify-center overflow-hidden rounded-full\">\n<div class=\"relative p-1 rounded-sm flex items-center justify-center bg-token-main-surface-primary text-token-text-primary h-8 w-8\">\n<div class=\"mb-2 flex gap-3 empty:hidden -ml-2\">\n<p data-pm-slice=\"1 1 []\"><strong>1. \u00bfCu\u00e1nto dura el Waspe 12000?<\/strong><\/p>\n<p data-pm-slice=\"1 1 []\">El Waspe 12000 proporciona <strong>hasta 12,000 inhalaciones<\/strong>, lo que lo convierte en uno de los vapes desechables de mayor duraci\u00f3n en el mercado. Con su <strong>bater\u00eda recargable<\/strong>, puedes disfrutar de un vapeo ininterrumpido durante un per\u00edodo prolongado.<\/p>\n<p><strong>2. \u00bfEl Waspe 12000 tiene una pantalla digital?<\/strong><\/p>\n<p>\u00a1S\u00ed! El <strong>pantalla digital<\/strong> incorporado te permite rastrear la duraci\u00f3n de la bater\u00eda y el conteo de inhalaciones en tiempo real, ofreciendo una experiencia de vapeo perfecta.<\/p>\n<p><strong>3. \u00bfQu\u00e9 sabores est\u00e1n disponibles para el Waspe 12000?<\/strong><\/p>\n<p>Este vape viene en una <strong>amplia variedad de sabores<\/strong>, incluyendo opciones frutales, mentoladas y de tabaco cl\u00e1sico. \u00a1Hay algo para cada preferencia de sabor!<\/p>\n<p><strong>4. \u00bfEl Waspe 12000 es recargable?<\/strong><\/p>\n<p>\u00a1Absolutamente! El Waspe 12000 cuenta con un <strong>carga r\u00e1pida Tipo-C<\/strong> puerto, para que puedas recargar r\u00e1pidamente y seguir vapeando sin largos tiempos de espera.<\/p>\n<p><strong>5. \u00bfD\u00f3nde puedo comprar el Waspe 12000 a precios de mayorista?<\/strong><\/p>\n<p>Para obtener los mejores <strong>precios al por mayor<\/strong>, consulta <strong>la tienda de vapers en l\u00ednea Vapestornado<\/strong>, tu fuente confiable para <strong>vapes desechables baratos<\/strong> y compras al por mayor.<\/p>\n<h4>\u00bfC\u00f3mo ordenar?<\/h4>\n<p><strong>1. \u00bfQu\u00e9 m\u00e9todos de pago aceptan?<\/strong><br \/>\nAceptamos transferencia IBAN y <span style=\"font-size: 16px;\">Western Union<\/span>\u00a0para transacciones seguras y convenientes.<\/p>\n<p><strong>2. \u00bfC\u00f3mo puedo rastrear mi pedido?<\/strong><br \/>\nDespu\u00e9s de que se env\u00ede su pedido, <span class=\"selectable-text copyable-text false\">mantendremos actualizada la traza de los cargamentos hasta que los reciba<\/span>.<\/p>\n<p><strong>3. \u00bfCu\u00e1l es el tiempo estimado de env\u00edo?<\/strong><\/p>\n<ul>\n<li>Env\u00edo desde <strong>Almacenes en China<\/strong> tarda aproximadamente <strong>7-14 d\u00edas h\u00e1biles<\/strong>.<\/li>\n<li>Env\u00edo desde <strong>Almacenes europeos<\/strong> normalmente tarda <strong>3-6 d\u00edas h\u00e1biles<\/strong>.<\/li>\n<\/ul>\n<p><strong>4. \u00bfC\u00f3mo puedo obtener una entrega m\u00e1s r\u00e1pida?<\/strong><br \/>\nPara una entrega m\u00e1s r\u00e1pida, recomendamos realizar el pedido desde nuestro <strong>almac\u00e9n europeo<\/strong>, que ofrece tiempos de env\u00edo m\u00e1s r\u00e1pidos.<\/p>\n<p><strong>5. \u00bfC\u00f3mo devuelvo un art\u00edculo?<\/strong><br \/>\nPara devolver un art\u00edculo, p\u00f3ngase en contacto con nuestro equipo de atenci\u00f3n al cliente para obtener instrucciones detalladas sobre el proceso de devoluci\u00f3n.<\/p>\n<p><strong>6. \u00bfOfrecen env\u00edos internacionales?<\/strong><br \/>\nS\u00ed, realizamos env\u00edos a la mayor\u00eda de los pa\u00edses y gestionamos el <strong>despacho de aduanas<\/strong> para una experiencia de entrega sin problemas.<\/p>\n<p><strong>7. \u00bfQu\u00e9 ocurre si recibo un producto da\u00f1ado o defectuoso?<\/strong><br \/>\nSi su art\u00edculo est\u00e1 da\u00f1ado o defectuoso, p\u00f3ngase en contacto con el servicio de atenci\u00f3n al cliente para obtener un <strong>reemplazo o reembolso<\/strong>.<\/p>\n<p><strong>8. \u00bfC\u00f3mo puedo contactar con el servicio de atenci\u00f3n al cliente?<\/strong><br \/>\nPuede contactarnos a trav\u00e9s de <strong>correo electr\u00f3nico, WhatsApp o chat en vivo<\/strong> en nuestro sitio web para cualquier ayuda.<\/p>\n<\/div>\n<\/div>\n<\/div>\n<\/div>\n<\/div>","protected":false},"excerpt":{"rendered":"<p><strong>Enormes 12000 inhalaciones<\/strong> para un uso prolongado \u2714 <strong>Recargable<\/strong> con <strong>puerto Tipo-C de carga r\u00e1pida<\/strong> \u2714 <strong>Pantalla digital<\/strong> para monitoreo en tiempo real de la bater\u00eda <strong>Variedad de sabores<\/strong> para adaptarse a todas las preferencias de gusto \u2714 <strong>Resistencia de malla dual de alta calidad<\/strong> para una mejor producci\u00f3n de vapor \u2714 <strong>Precios bajos al por mayor<\/strong> para compradores al por mayor<\/p>\n<p>Obtenga las mejores ofertas en <strong>Caja Digital Waspe 12000 12K Puff Vapes<\/strong> \u00a1ahora mismo! <strong>\u00a1Los vapes desechables al por mayor<\/strong> nunca han sido m\u00e1s asequibles!<\/p>\n<p><strong>\u00a1A\u00f1ade el WhatsApp de Amy para obtener una respuesta correcta y un cup\u00f3n de vape!<\/strong><\/p>\n<p><img fetchpriority=\"high\" decoding=\"async\" class=\"size-full wp-image-2932\" src=\"https:\/\/vapestornado.com\/wp-content\/uploads\/2024\/12\/Vape-Wholesale.jpg\" alt=\"Vape al por mayor\" width=\"229\" height=\"300\" \/><\/p>\n<h3><a href=\"https:\/\/wa.me\/8617776015835\"><span style=\"color: #ff0000;\"><strong>WhatsApp: +86 17776015835<\/strong><\/span><\/a><\/h3>\n<p>&nbsp;<\/p>","protected":false},"featured_media":3815,"comment_status":"open","ping_status":"closed","template":"","meta":{"_acf_changed":false,"_uag_custom_page_level_css":"","_lmt_disableupdate":"no","_lmt_disable":"","_monsterinsights_skip_tracking":false,"_monsterinsights_sitenote_active":false,"_monsterinsights_sitenote_note":"","_monsterinsights_sitenote_category":0,"site-sidebar-layout":"default","site-content-layout":"","ast-site-content-layout":"default","site-content-style":"default","site-sidebar-style":"default","ast-global-header-display":"","ast-banner-title-visibility":"","ast-main-header-display":"","ast-hfb-above-header-display":"","ast-hfb-below-header-display":"","ast-hfb-mobile-header-display":"","site-post-title":"","ast-breadcrumbs-content":"","ast-featured-img":"","footer-sml-layout":"","ast-disable-related-posts":"","theme-transparent-header-meta":"default","adv-header-id-meta":"","stick-header-meta":"","header-above-stick-meta":"","header-main-stick-meta":"","header-below-stick-meta":"","astra-migrate-meta-layouts":"set","ast-page-background-enabled":"default","ast-page-background-meta":{"desktop":{"background-color":"","background-image":"","background-repeat":"repeat","background-position":"center center","background-size":"auto","background-attachment":"scroll","background-type":"","background-media":"","overlay-type":"","overlay-color":"","overlay-opacity":"","overlay-gradient":""},"tablet":{"background-color":"","background-image":"","background-repeat":"repeat","background-position":"center center","background-size":"auto","background-attachment":"scroll","background-type":"","background-media":"","overlay-type":"","overlay-color":"","overlay-opacity":"","overlay-gradient":""},"mobile":{"background-color":"","background-image":"","background-repeat":"repeat","background-position":"center center","background-size":"auto","background-attachment":"scroll","background-type":"","background-media":"","overlay-type":"","overlay-color":"","overlay-opacity":"","overlay-gradient":""}},"ast-content-background-meta":{"desktop":{"background-color":"var(--ast-global-color-5)","background-image":"","background-repeat":"repeat","background-position":"center center","background-size":"auto","background-attachment":"scroll","background-type":"","background-media":"","overlay-type":"","overlay-color":"","overlay-opacity":"","overlay-gradient":""},"tablet":{"background-color":"var(--ast-global-color-5)","background-image":"","background-repeat":"repeat","background-position":"center center","background-size":"auto","background-attachment":"scroll","background-type":"","background-media":"","overlay-type":"","overlay-color":"","overlay-opacity":"","overlay-gradient":""},"mobile":{"background-color":"var(--ast-global-color-5)","background-image":"","background-repeat":"repeat","background-position":"center center","background-size":"auto","background-attachment":"scroll","background-type":"","background-media":"","overlay-type":"","overlay-color":"","overlay-opacity":"","overlay-gradient":""}},"_joinchat":{"telephone":"17776015835"}},"product_brand":[],"product_cat":[19,72,151,155,160,142,146,60],"product_tag":[247,105,97,94,241,93,248],"class_list":{"0":"post-3796","1":"product","2":"type-product","3":"status-publish","4":"has-post-thumbnail","6":"product_cat-vapes","7":"product_cat-12000-puff","8":"product_cat-buy-disposable-vapes-in-france","9":"product_cat-buy-disposable-vapes-in-norway","10":"product_cat-buy-disposable-vapes-in-switzerland","11":"product_cat-digital-box-disposable-vapes","12":"product_cat-rechargeable-disposable-vapes","13":"product_cat-waspe-fihp-vape","14":"product_tag-12k-puff","15":"product_tag-digital-disposable-vape","16":"product_tag-hot-sale-disposable-vape","17":"product_tag-rechargeable-disposable-vape","18":"product_tag-smart-screen-disposable-vape","19":"product_tag-vape-wholesale","20":"product_tag-waspe-12000-digital-box","21":"desktop-align-left","22":"tablet-align-left","23":"mobile-align-left","25":"first","26":"instock","27":"sale","28":"shipping-taxable","29":"purchasable","30":"product-type-simple"},"acf":[],"uagb_featured_image_src":{"full":["https:\/\/vapestornado.com\/wp-content\/uploads\/2025\/03\/WASPE-12k-Puff-Disposable-Vape-Bulk-Buy.webp",800,800,false],"thumbnail":["https:\/\/vapestornado.com\/wp-content\/uploads\/2025\/03\/WASPE-12k-Puff-Disposable-Vape-Bulk-Buy-150x150.webp",150,150,true],"medium":["https:\/\/vapestornado.com\/wp-content\/uploads\/2025\/03\/WASPE-12k-Puff-Disposable-Vape-Bulk-Buy-300x300.webp",300,300,true],"medium_large":["https:\/\/vapestornado.com\/wp-content\/uploads\/2025\/03\/WASPE-12k-Puff-Disposable-Vape-Bulk-Buy-768x768.webp",768,768,true],"large":["https:\/\/vapestornado.com\/wp-content\/uploads\/2025\/03\/WASPE-12k-Puff-Disposable-Vape-Bulk-Buy.webp",800,800,false],"1536x1536":["https:\/\/vapestornado.com\/wp-content\/uploads\/2025\/03\/WASPE-12k-Puff-Disposable-Vape-Bulk-Buy.webp",800,800,false],"2048x2048":["https:\/\/vapestornado.com\/wp-content\/uploads\/2025\/03\/WASPE-12k-Puff-Disposable-Vape-Bulk-Buy.webp",800,800,false],"trp-custom-language-flag":["https:\/\/vapestornado.com\/wp-content\/uploads\/2025\/03\/WASPE-12k-Puff-Disposable-Vape-Bulk-Buy.webp",12,12,false],"woocommerce_thumbnail":["https:\/\/vapestornado.com\/wp-content\/uploads\/2025\/03\/WASPE-12k-Puff-Disposable-Vape-Bulk-Buy-300x300.webp",300,300,true],"woocommerce_single":["https:\/\/vapestornado.com\/wp-content\/uploads\/2025\/03\/WASPE-12k-Puff-Disposable-Vape-Bulk-Buy-600x600.webp",600,600,true],"woocommerce_gallery_thumbnail":["https:\/\/vapestornado.com\/wp-content\/uploads\/2025\/03\/WASPE-12k-Puff-Disposable-Vape-Bulk-Buy-100x100.webp",100,100,true]},"uagb_author_info":{"display_name":"ESAMY","author_link":"https:\/\/vapestornado.com\/es\/author\/"},"uagb_comment_info":0,"uagb_excerpt":"Massive 12000 puffs for extended usage \u2714 Rechargeable with fast-charging Type-C port \u2714 Digital display for real-time monitoring of battery &amp; puffs \u2714 Variety of flavors to suit all taste preferences \u2714 High-quality dual mesh coil for enhanced vapor production \u2714 Low wholesale prices for bulk buyers Get the best deals on Waspe 12000 Digital&hellip;","_links":{"self":[{"href":"https:\/\/vapestornado.com\/es\/wp-json\/wp\/v2\/product\/3796","targetHints":{"allow":["GET"]}}],"collection":[{"href":"https:\/\/vapestornado.com\/es\/wp-json\/wp\/v2\/product"}],"about":[{"href":"https:\/\/vapestornado.com\/es\/wp-json\/wp\/v2\/types\/product"}],"replies":[{"embeddable":true,"href":"https:\/\/vapestornado.com\/es\/wp-json\/wp\/v2\/comments?post=3796"}],"wp:featuredmedia":[{"embeddable":true,"href":"https:\/\/vapestornado.com\/es\/wp-json\/wp\/v2\/media\/3815"}],"wp:attachment":[{"href":"https:\/\/vapestornado.com\/es\/wp-json\/wp\/v2\/media?parent=3796"}],"wp:term":[{"taxonomy":"product_brand","embeddable":true,"href":"https:\/\/vapestornado.com\/es\/wp-json\/wp\/v2\/product_brand?post=3796"},{"taxonomy":"product_cat","embeddable":true,"href":"https:\/\/vapestornado.com\/es\/wp-json\/wp\/v2\/product_cat?post=3796"},{"taxonomy":"product_tag","embeddable":true,"href":"https:\/\/vapestornado.com\/es\/wp-json\/wp\/v2\/product_tag?post=3796"}],"curies":[{"name":"wp","href":"https:\/\/api.w.org\/{rel}","templated":true}]}}