{"id":3788,"date":"2025-02-18T03:50:57","date_gmt":"2025-02-18T03:50:57","guid":{"rendered":"https:\/\/vapestornado.com\/?post_type=product&#038;p=3788"},"modified":"2025-08-23T09:28:52","modified_gmt":"2025-08-23T09:28:52","slug":"jnr-nicotine-pouches-25mg-15-flavours-shop-online-lower-price","status":"publish","type":"product","link":"https:\/\/vapestornado.com\/es\/product\/jnr-nicotine-pouches-25mg-15-flavours-shop-online-lower-price\/","title":{"rendered":"Bolsas de Nicotina JNR 25mg M\u00e1s de 15 Sabores Compra Online a Bajo Precio"},"content":{"rendered":"<h1 class=\"product-title\">Bolsas de Nicotina JNR 25mg M\u00e1s de 15 Sabores Compra Online a Bajo Precio<\/h1>\n<p data-start=\"263\" data-end=\"535\">El <strong data-start=\"267\" data-end=\"296\">Bolsas de nicotina JNR 25mg<\/strong> est\u00e1n dise\u00f1adas para usuarios que desean una experiencia de nicotina fuerte y efectiva sin fumar ni vapear. Cada bolsa contiene <strong data-start=\"419\" data-end=\"439\">25 mg de nicotina<\/strong>, proporcionando una liberaci\u00f3n r\u00e1pida y potente ideal para usuarios experimentados que buscan intensidad y concentraci\u00f3n.<\/p>\n<p data-start=\"537\" data-end=\"781\">Hechas de <strong data-start=\"547\" data-end=\"583\">fibras de origen vegetal sin tabaco<\/strong>, estas bolsas delgadas se ajustan c\u00f3modamente debajo del labio superior sin ensuciar, sin saliva y sin olor persistente. El dise\u00f1o discreto las hace f\u00e1ciles de usar en cualquier momento: en el trabajo, mientras viaja o en entornos sociales.<\/p>\n<p data-start=\"783\" data-end=\"1056\">Disponible en <strong data-start=\"796\" data-end=\"811\">M\u00e1s de 15 sabores<\/strong> incluidos Menta, C\u00edtricos y Bayas, las <strong data-start=\"851\" data-end=\"880\">Bolsas de Nicotina JNR de 25 mg<\/strong> combinan fuerza con un sabor refrescante. Ofrecen una alternativa conveniente y sin humo para cualquiera que busque una opci\u00f3n de nicotina potente y de alta calidad a un precio competitivo.<\/p>\n<p><strong>\u00a1A\u00f1ade el WhatsApp de Amy para obtener una respuesta correcta y un precio con descuento!<\/strong><\/p>\n<p><img fetchpriority=\"high\" decoding=\"async\" class=\"size-full wp-image-2932\" src=\"https:\/\/vapestornado.com\/wp-content\/uploads\/2024\/12\/Vape-Wholesale.jpg\" alt=\"Vape al por mayor\" width=\"229\" height=\"300\" \/><\/p>\n<h3><a href=\"https:\/\/wa.me\/8617776015835\" target=\"_blank\" rel=\"noopener\"><span style=\"color: #ff0000;\"><strong>WhatsApp: +86 17776015835<\/strong><\/span><\/a><\/h3>\n<p>&nbsp;<\/p>\n<h2><strong>Caracter\u00edsticas del producto JNR Nicotine Pouches 25mg<\/strong><\/h2>\n<p>Marca: JNR<br \/>\nConcentraci\u00f3n de nicotina: 25 mg por bolsa<br \/>\nN\u00famero de bolsas: 20 unidades por lata<\/p>\n<figure id=\"attachment_3773\" aria-describedby=\"caption-attachment-3773\" style=\"width: 1000px\" class=\"wp-caption alignnone\"><img decoding=\"async\" class=\"wp-image-3773 size-full\" src=\"https:\/\/vapestornado.com\/wp-content\/uploads\/2025\/02\/Hot-Selling-JNR-Nicotine-Pouches-25mg.webp\" alt=\"JNR Nicotine Pouches 25mg m\u00e1s vendidos\" width=\"1000\" height=\"1000\" srcset=\"https:\/\/vapestornado.com\/wp-content\/uploads\/2025\/02\/Hot-Selling-JNR-Nicotine-Pouches-25mg.webp 1000w, https:\/\/vapestornado.com\/wp-content\/uploads\/2025\/02\/Hot-Selling-JNR-Nicotine-Pouches-25mg-300x300.webp 300w, https:\/\/vapestornado.com\/wp-content\/uploads\/2025\/02\/Hot-Selling-JNR-Nicotine-Pouches-25mg-150x150.webp 150w, https:\/\/vapestornado.com\/wp-content\/uploads\/2025\/02\/Hot-Selling-JNR-Nicotine-Pouches-25mg-768x768.webp 768w, https:\/\/vapestornado.com\/wp-content\/uploads\/2025\/02\/Hot-Selling-JNR-Nicotine-Pouches-25mg-600x600.webp 600w, https:\/\/vapestornado.com\/wp-content\/uploads\/2025\/02\/Hot-Selling-JNR-Nicotine-Pouches-25mg-100x100.webp 100w\" sizes=\"(max-width: 1000px) 100vw, 1000px\" \/><figcaption id=\"caption-attachment-3773\" class=\"wp-caption-text\">JNR Nicotine Pouches 25mg m\u00e1s vendidos<\/figcaption><\/figure>\n<h2 class=\"product-title\"><strong>Lista de sabores de las bolsas de nicotina JNR de 25mg<\/strong><\/h2>\n<ol data-start=\"59\" data-end=\"318\" data-is-last-node=\"\">\n<li data-start=\"59\" data-end=\"76\">Cereza negra<\/li>\n<li data-start=\"77\" data-end=\"95\">Helado de Frambuesa Azul<\/li>\n<li data-start=\"96\" data-end=\"115\">Menta ar\u00e1ndano<\/li>\n<li data-start=\"116\" data-end=\"135\">C\u00edtricos refrescantes<\/li>\n<li data-start=\"136\" data-end=\"151\">Cola efervescente<\/li>\n<li data-start=\"152\" data-end=\"163\">Congelado<\/li>\n<li data-start=\"164\" data-end=\"177\">Fr\u00edo helado<\/li>\n<li data-start=\"178\" data-end=\"191\">Menta Helada<\/li>\n<li data-start=\"192\" data-end=\"210\">Hierbabuena Helada<\/li>\n<li data-start=\"211\" data-end=\"228\">Baya Mixta<\/li>\n<li data-start=\"229\" data-end=\"246\">Caramelo Blando<\/li>\n<li data-start=\"247\" data-end=\"267\">Hielo de fresa<\/li>\n<li data-start=\"268\" data-end=\"282\">Tropical<\/li>\n<li data-start=\"283\" data-end=\"299\">Manzana Doble<\/li>\n<li data-start=\"300\" data-end=\"318\" data-is-last-node=\"\">Hielo de sand\u00eda<\/li>\n<\/ol>\n<h3 class=\"product-title\">\u00bfSon beneficiosas las bolsitas de nicotina?<\/h3>\n<article class=\"w-full text-token-text-primary focus-visible:outline-2 focus-visible:outline-offset-[-4px]\" dir=\"auto\" data-testid=\"conversation-turn-32\" data-scroll-anchor=\"false\">\n<div class=\"m-auto text-base py-[18px] px-6\">\n<div class=\"mx-auto flex flex-1 text-base gap-4 md:gap-5 lg:gap-6 md:max-w-3xl lg:max-w-[40rem] xl:max-w-[48rem]\">\n<div class=\"group\/conversation-turn relative flex w-full min-w-0 flex-col @xs\/thread:px-0 @sm\/thread:px-1.5 @md\/thread:px-4\">\n<div class=\"flex-col gap-1 md:gap-3\">\n<div class=\"flex max-w-full flex-col flex-grow\">\n<div class=\"min-h-8 text-message flex w-full flex-col items-end gap-2 whitespace-normal break-words text-start [.text-message+&amp;]:mt-5\" dir=\"auto\" data-message-author-role=\"user\" data-message-id=\"ffac41ca-1db4-431b-873a-32c4052956f1\">\n<div class=\"flex w-full flex-col gap-1 empty:hidden items-end rtl:items-start\">\n<div class=\"relative max-w-[var(--user-chat-width,70%)] rounded-3xl bg-token-message-surface px-5 py-2.5\">\n<div class=\"absolute bottom-0 right-full top-0 -mr-3.5 hidden pr-5 pt-2 [.group\/conversation-turn:hover_&amp;]:flex\">\n<div class=\"flex\"><\/div>\n<\/div>\n<\/div>\n<\/div>\n<\/div>\n<\/div>\n<\/div>\n<\/div>\n<\/div>\n<\/div>\n<\/article>\n<article class=\"w-full text-token-text-primary focus-visible:outline-2 focus-visible:outline-offset-[-4px]\" dir=\"auto\" data-testid=\"conversation-turn-33\" data-scroll-anchor=\"true\">\n<div class=\"m-auto text-base py-[18px] px-6\">\n<div class=\"mx-auto flex flex-1 text-base gap-4 md:gap-5 lg:gap-6 md:max-w-3xl lg:max-w-[40rem] xl:max-w-[48rem]\">\n<div class=\"group\/conversation-turn relative flex w-full min-w-0 flex-col agent-turn @xs\/thread:px-0 @sm\/thread:px-1.5 @md\/thread:px-4\">\n<div class=\"flex-col gap-1 md:gap-3\">\n<div class=\"flex max-w-full flex-col flex-grow\">\n<div class=\"min-h-8 text-message flex w-full flex-col items-end gap-2 whitespace-normal break-words text-start [.text-message+&amp;]:mt-5\" dir=\"auto\" data-message-author-role=\"assistant\" data-message-id=\"e542e950-e3a5-4b1a-98f8-7584a2f9bc41\" data-message-model-slug=\"gpt-4o\">\n<div class=\"flex w-full flex-col gap-1 empty:hidden first:pt-[3px]\">\n<div class=\"markdown prose w-full break-words dark:prose-invert light\">\n<article class=\"w-full text-token-text-primary focus-visible:outline-2 focus-visible:outline-offset-[-4px]\" dir=\"auto\" data-testid=\"conversation-turn-35\" data-scroll-anchor=\"true\">\n<div class=\"m-auto text-base py-[18px] px-6\">\n<div class=\"mx-auto flex flex-1 text-base gap-4 md:gap-5 lg:gap-6 md:max-w-3xl lg:max-w-[40rem] xl:max-w-[48rem]\">\n<div class=\"group\/conversation-turn relative flex w-full min-w-0 flex-col agent-turn @xs\/thread:px-0 @sm\/thread:px-1.5 @md\/thread:px-4\">\n<div class=\"flex-col gap-1 md:gap-3\">\n<div class=\"flex max-w-full flex-col flex-grow\">\n<div class=\"min-h-8 text-message flex w-full flex-col items-end gap-2 whitespace-normal break-words text-start [.text-message+&amp;]:mt-5\" dir=\"auto\" data-message-author-role=\"assistant\" data-message-id=\"19ad7ab6-95d5-4367-834a-f160e402f0d6\" data-message-model-slug=\"gpt-4o\">\n<div class=\"flex w-full flex-col gap-1 empty:hidden first:pt-[3px]\">\n<div class=\"markdown prose w-full break-words dark:prose-invert light\">\n<p>Para los fumadores que intentan dejar de fumar, las bolsitas de nicotina ofrecen una alternativa m\u00e1s limpia y sin tabaco. Si bien la nicotina en s\u00ed misma puede tener riesgos para la salud, las bolsitas eliminan los efectos nocivos de fumar, lo que las convierte en una opci\u00f3n m\u00e1s saludable para los fumadores actuales que buscan reducir los da\u00f1os. Fumar se considera la forma menos saludable de consumir nicotina, por lo que cambiar a las bolsitas de nicotina puede ser un paso positivo para los usuarios preocupados por su salud.<\/p>\n<\/div>\n<\/div>\n<\/div>\n<\/div>\n<\/div>\n<\/div>\n<\/div>\n<\/div>\n<\/article>\n<\/div>\n<\/div>\n<\/div>\n<\/div>\n<\/div>\n<\/div>\n<\/div>\n<\/div>\n<\/article>\n<h3>\u00bfPor qu\u00e9 elegir vapestornado para la venta al por mayor de bolsitas de nicotina JNR?<\/h3>\n<div class=\"flex-shrink-0 flex flex-col relative items-end\">\n<div class=\"pt-0\">\n<div class=\"gizmo-bot-avatar flex h-8 w-8 items-center justify-center overflow-hidden rounded-full\">\n<div class=\"relative p-1 rounded-sm flex items-center justify-center bg-token-main-surface-primary text-token-text-primary h-8 w-8\">\n<p>Bienvenido a vapestornado, tu tienda de vapeo en l\u00ednea de confianza para vapes desechables premium. Con m\u00e1s de 5 a\u00f1os de experiencia, te traemos marcas populares de vapeo desechable como Fumot RandM Vape, Vapme, Bang Vape, Waspe Vape y WGA Vape, etc.<\/p>\n<p>Nuestra gama incluye vapes desechables de doble sabor de gran venta como el <a href=\"https:\/\/vapestornado.com\/es\/product\/bang-king-35k-35000-puffs-2-in-1-dual-flavour-disposable-vape-wholesale-cheap-price\/\">Bang King 35k 35000 inhalaciones<\/a>, <a href=\"https:\/\/vapestornado.com\/es\/product\/waspe-crystal-40000-puffs-40k-double-flavor-rechargeable-disposable-vapes-cheap-price\/\">WASPE Crystal 40k Doble Sabor<\/a> y opciones ricas en sabor como el <a href=\"https:\/\/vapestornado.com\/es\/product\/razzbar-15000-puffs-rechargeable-disposable-vape-bulk-buy-at-cheap-prices\/\">RAZZBAR 15000 Caladas<\/a>. Cada producto se elige centr\u00e1ndose en la calidad, el valor y la variedad, lo que garantiza que encuentre la combinaci\u00f3n perfecta para sus necesidades. Descubra un servicio excepcional y una amplia gama de los mejores productos a precio mayorista en vapestornado.<\/p>\n<\/div>\n<h3><\/h3>\n<div class=\"relative p-1 rounded-sm flex items-center justify-center bg-token-main-surface-primary text-token-text-primary h-8 w-8\">\n<h3>Preguntas frecuentes sobre las bolsitas de nicotina JNR<\/h3>\n<\/div>\n<\/div>\n<\/div>\n<\/div>\n<div class=\"flex-shrink-0 flex flex-col relative items-end\">\n<div class=\"pt-0\">\n<div class=\"gizmo-bot-avatar flex h-8 w-8 items-center justify-center overflow-hidden rounded-full\">\n<div class=\"relative p-1 rounded-sm flex items-center justify-center bg-token-main-surface-primary text-token-text-primary h-8 w-8\">\n<div class=\"mb-2 flex gap-3 empty:hidden -ml-2\">\n<p data-start=\"42\" data-end=\"510\"><strong data-start=\"42\" data-end=\"152\">1. \u00bfCu\u00e1les son los principales beneficios de usar bolsitas de nicotina JNR de 25mg en comparaci\u00f3n con el tabaquismo o el vapeo tradicional?<\/strong><br data-start=\"152\" data-end=\"155\" \/>Las bolsitas de nicotina JNR de 25mg ofrecen una experiencia de nicotina m\u00e1s limpia y discreta sin la necesidad de fumar o vapear. Hechas con ingredientes sin tabaco, proporcionan una opci\u00f3n sin humo y sin olor para el consumo de nicotina. Las bolsitas delgadas y port\u00e1tiles se pueden usar en cualquier momento y lugar, lo que las convierte en una alternativa conveniente a los productos de tabaco tradicionales.<\/p>\n<p data-start=\"512\" data-end=\"893\"><strong data-start=\"512\" data-end=\"625\">2. \u00bfCu\u00e1nto dura la sensaci\u00f3n de hormigueo al usar una bolsita de nicotina JNR y qu\u00e9 indica?<\/strong><br data-start=\"625\" data-end=\"628\" \/>Cuando colocas una bolsita de nicotina JNR de 25mg debajo del labio, sentir\u00e1s una sensaci\u00f3n de hormigueo que generalmente dura unos 15 minutos. Esta sensaci\u00f3n indica la liberaci\u00f3n de nicotina y es una se\u00f1al de que la bolsita est\u00e1 funcionando como se espera, proporcionando un fuerte golpe de nicotina.<\/p>\n<p data-start=\"895\" data-end=\"1290\"><strong data-start=\"895\" data-end=\"995\">3. \u00bfPueden las bolsitas de nicotina JNR de 25mg ayudar a los fumadores a dejar de fumar y qu\u00e9 las convierte en una alternativa m\u00e1s saludable?<\/strong><br data-start=\"995\" data-end=\"998\" \/>S\u00ed, las bolsitas de nicotina JNR pueden ayudar a los fumadores a dejar de fumar al proporcionar una opci\u00f3n sin tabaco y sin humo para el consumo de nicotina. Dado que no contienen tabaco, eliminan los efectos nocivos de fumar, lo que las convierte en una alternativa m\u00e1s saludable para aquellos que intentan reducir o dejar el consumo de tabaco.<\/p>\n<p data-start=\"1292\" data-end=\"1826\"><strong data-start=\"1292\" data-end=\"1409\">4. \u00bfQu\u00e9 sabores est\u00e1n disponibles para las bolsitas de nicotina JNR de 25mg y cu\u00e1l ofrece la experiencia m\u00e1s refrescante?<\/strong><br data-start=\"1409\" data-end=\"1412\" \/>Las bolsitas de nicotina JNR est\u00e1n disponibles en una variedad de sabores refrescantes, incluyendo cereza negra, frambuesa azul helada, menta con ar\u00e1ndano, enfriamiento c\u00edtrico, mezcla de bayas, fresa helada y m\u00e1s. Para una experiencia refrescante, muchos usuarios disfrutan de la sensaci\u00f3n refrescante de sabores como menta helada, frambuesa azul helada y fresa helada.<\/p>\n<p data-start=\"1828\" data-end=\"2274\" data-is-last-node=\"\"><strong data-start=\"1828\" data-end=\"1932\">5. \u00bfC\u00f3mo debo colocar correctamente una bolsita de nicotina JNR para un uso m\u00e1s c\u00f3modo y efectivo?<\/strong><br data-start=\"1932\" data-end=\"1935\" \/>Para usar una bolsita de nicotina JNR, simplemente coloca una bolsita debajo de tu labio superior o inferior. Y comenzar\u00e1s a sentir los efectos en unos minutos. El dise\u00f1o discreto te permite disfrutar de tu experiencia con la nicotina sin ning\u00fan desorden ni olor fuerte.<\/p>\n<h2>\u00bfC\u00f3mo ordenar?<\/h2>\n<p><strong>1. \u00bfQu\u00e9 m\u00e9todos de pago aceptan?<\/strong><br \/>\nAceptamos transferencia IBAN y <span style=\"font-size: 16px;\">Western Union<\/span>\u00a0para transacciones seguras y convenientes.<\/p>\n<p><strong>2. \u00bfC\u00f3mo puedo rastrear mi pedido?<\/strong><br \/>\nDespu\u00e9s de que se env\u00ede su pedido, <span class=\"selectable-text copyable-text false\">mantendremos actualizada la traza de los cargamentos hasta que los reciba<\/span>.<\/p>\n<p><strong>3. \u00bfCu\u00e1l es el tiempo estimado de env\u00edo?<\/strong><\/p>\n<ul>\n<li>Env\u00edo desde <strong>Almacenes en China<\/strong> tarda aproximadamente <strong>7-14 d\u00edas h\u00e1biles<\/strong>.<\/li>\n<li>Env\u00edo desde <strong>Almacenes europeos<\/strong> normalmente tarda <strong>3-6 d\u00edas h\u00e1biles<\/strong>.<\/li>\n<\/ul>\n<p><strong>4. \u00bfC\u00f3mo puedo obtener una entrega m\u00e1s r\u00e1pida?<\/strong><br \/>\nPara una entrega m\u00e1s r\u00e1pida, recomendamos realizar el pedido desde nuestro <strong>almac\u00e9n europeo<\/strong>, que ofrece tiempos de env\u00edo m\u00e1s r\u00e1pidos.<\/p>\n<p><strong>5. \u00bfC\u00f3mo devuelvo un art\u00edculo?<\/strong><br \/>\nPara devolver un art\u00edculo, p\u00f3ngase en contacto con nuestro equipo de atenci\u00f3n al cliente para obtener instrucciones detalladas sobre el proceso de devoluci\u00f3n.<\/p>\n<p><strong>6. \u00bfOfrecen env\u00edos internacionales?<\/strong><br \/>\nS\u00ed, realizamos env\u00edos a la mayor\u00eda de los pa\u00edses y gestionamos el <strong>despacho de aduanas<\/strong> para una experiencia de entrega sin problemas.<\/p>\n<p><strong>7. \u00bfQu\u00e9 ocurre si recibo un producto da\u00f1ado o defectuoso?<\/strong><br \/>\nSi su art\u00edculo est\u00e1 da\u00f1ado o defectuoso, p\u00f3ngase en contacto con el servicio de atenci\u00f3n al cliente para obtener un <strong>reemplazo o reembolso<\/strong>.<\/p>\n<p><strong>8. \u00bfC\u00f3mo puedo contactar con el servicio de atenci\u00f3n al cliente?<\/strong><br \/>\nPuede contactarnos a trav\u00e9s de <strong>correo electr\u00f3nico, WhatsApp o chat en vivo<\/strong> en nuestro sitio web para cualquier ayuda.<\/p>\n<\/div>\n<\/div>\n<\/div>\n<\/div>\n<\/div>","protected":false},"excerpt":{"rendered":"<p>JNR Nicotine Pouches 25mg Venta al por mayor<br \/>\nJNR Nicotine Pouches 25mg Venta al por mayor<br \/>\nMejor precio JNR Nicotine Pouches 25mg<\/p>\n<p><strong>\u00a1A\u00f1ade el WhatsApp de Amy para obtener una respuesta correcta y un cup\u00f3n de vape!<\/strong><\/p>\n<p><img fetchpriority=\"high\" decoding=\"async\" class=\"size-full wp-image-2932\" src=\"https:\/\/vapestornado.com\/wp-content\/uploads\/2024\/12\/Vape-Wholesale.jpg\" alt=\"Vape al por mayor\" width=\"229\" height=\"300\" \/><\/p>\n<h3><a href=\"https:\/\/wa.me\/8617776015835\"><span style=\"color: #ff0000;\"><strong>WhatsApp: +86 17776015835<\/strong><\/span><\/a><\/h3>\n<p>&nbsp;<\/p>","protected":false},"featured_media":3777,"comment_status":"open","ping_status":"closed","template":"","meta":{"_acf_changed":false,"_uag_custom_page_level_css":"","_lmt_disableupdate":"no","_lmt_disable":"","_monsterinsights_skip_tracking":false,"_monsterinsights_sitenote_active":false,"_monsterinsights_sitenote_note":"","_monsterinsights_sitenote_category":0,"site-sidebar-layout":"default","site-content-layout":"","ast-site-content-layout":"default","site-content-style":"default","site-sidebar-style":"default","ast-global-header-display":"","ast-banner-title-visibility":"","ast-main-header-display":"","ast-hfb-above-header-display":"","ast-hfb-below-header-display":"","ast-hfb-mobile-header-display":"","site-post-title":"","ast-breadcrumbs-content":"","ast-featured-img":"","footer-sml-layout":"","ast-disable-related-posts":"","theme-transparent-header-meta":"default","adv-header-id-meta":"","stick-header-meta":"","header-above-stick-meta":"","header-main-stick-meta":"","header-below-stick-meta":"","astra-migrate-meta-layouts":"set","ast-page-background-enabled":"default","ast-page-background-meta":{"desktop":{"background-color":"","background-image":"","background-repeat":"repeat","background-position":"center center","background-size":"auto","background-attachment":"scroll","background-type":"","background-media":"","overlay-type":"","overlay-color":"","overlay-opacity":"","overlay-gradient":""},"tablet":{"background-color":"","background-image":"","background-repeat":"repeat","background-position":"center center","background-size":"auto","background-attachment":"scroll","background-type":"","background-media":"","overlay-type":"","overlay-color":"","overlay-opacity":"","overlay-gradient":""},"mobile":{"background-color":"","background-image":"","background-repeat":"repeat","background-position":"center center","background-size":"auto","background-attachment":"scroll","background-type":"","background-media":"","overlay-type":"","overlay-color":"","overlay-opacity":"","overlay-gradient":""}},"ast-content-background-meta":{"desktop":{"background-color":"var(--ast-global-color-5)","background-image":"","background-repeat":"repeat","background-position":"center center","background-size":"auto","background-attachment":"scroll","background-type":"","background-media":"","overlay-type":"","overlay-color":"","overlay-opacity":"","overlay-gradient":""},"tablet":{"background-color":"var(--ast-global-color-5)","background-image":"","background-repeat":"repeat","background-position":"center center","background-size":"auto","background-attachment":"scroll","background-type":"","background-media":"","overlay-type":"","overlay-color":"","overlay-opacity":"","overlay-gradient":""},"mobile":{"background-color":"var(--ast-global-color-5)","background-image":"","background-repeat":"repeat","background-position":"center center","background-size":"auto","background-attachment":"scroll","background-type":"","background-media":"","overlay-type":"","overlay-color":"","overlay-opacity":"","overlay-gradient":""}},"_joinchat":{"telephone":"17776015835"}},"product_brand":[],"product_cat":[19,140,149,150,152,157],"product_tag":[244,242,243],"class_list":{"0":"post-3788","1":"product","2":"type-product","3":"status-publish","4":"has-post-thumbnail","6":"product_cat-vapes","7":"product_cat-big-puffs-disposable-vapes","8":"product_cat-buy-disposable-vapes-in-austria","9":"product_cat-buy-disposable-vapes-in-belgium","10":"product_cat-buy-disposable-vapes-in-cermany","11":"product_cat-buy-disposable-vapes-in-portugal","12":"product_tag-jnr-nicotine-pouches","13":"product_tag-jnr-nicotine-pouches-25mg","14":"product_tag-nicotine-pouches","15":"desktop-align-left","16":"tablet-align-left","17":"mobile-align-left","19":"first","20":"instock","21":"sale","22":"shipping-taxable","23":"purchasable","24":"product-type-simple"},"acf":[],"uagb_featured_image_src":{"full":["https:\/\/vapestornado.com\/wp-content\/uploads\/2025\/02\/JNR-Nicotine-Pouches-Wholesale.webp",1000,1000,false],"thumbnail":["https:\/\/vapestornado.com\/wp-content\/uploads\/2025\/02\/JNR-Nicotine-Pouches-Wholesale-150x150.webp",150,150,true],"medium":["https:\/\/vapestornado.com\/wp-content\/uploads\/2025\/02\/JNR-Nicotine-Pouches-Wholesale-300x300.webp",300,300,true],"medium_large":["https:\/\/vapestornado.com\/wp-content\/uploads\/2025\/02\/JNR-Nicotine-Pouches-Wholesale-768x768.webp",768,768,true],"large":["https:\/\/vapestornado.com\/wp-content\/uploads\/2025\/02\/JNR-Nicotine-Pouches-Wholesale.webp",1000,1000,false],"1536x1536":["https:\/\/vapestornado.com\/wp-content\/uploads\/2025\/02\/JNR-Nicotine-Pouches-Wholesale.webp",1000,1000,false],"2048x2048":["https:\/\/vapestornado.com\/wp-content\/uploads\/2025\/02\/JNR-Nicotine-Pouches-Wholesale.webp",1000,1000,false],"trp-custom-language-flag":["https:\/\/vapestornado.com\/wp-content\/uploads\/2025\/02\/JNR-Nicotine-Pouches-Wholesale.webp",12,12,false],"woocommerce_thumbnail":["https:\/\/vapestornado.com\/wp-content\/uploads\/2025\/02\/JNR-Nicotine-Pouches-Wholesale-300x300.webp",300,300,true],"woocommerce_single":["https:\/\/vapestornado.com\/wp-content\/uploads\/2025\/02\/JNR-Nicotine-Pouches-Wholesale-600x600.webp",600,600,true],"woocommerce_gallery_thumbnail":["https:\/\/vapestornado.com\/wp-content\/uploads\/2025\/02\/JNR-Nicotine-Pouches-Wholesale-100x100.webp",100,100,true]},"uagb_author_info":{"display_name":"ESAMY","author_link":"https:\/\/vapestornado.com\/es\/author\/"},"uagb_comment_info":0,"uagb_excerpt":"JNR Nicotine Pouches 25mg Wholesale Hot Selling JNR Nicotine Pouches 25mg Bulk Buy Best JNR Nicotine Pouches 25mg Cheap Price Add Amy's whatsapp get right reply and vape vape coupon! WhatsApp: +86 17776015835 &nbsp;","_links":{"self":[{"href":"https:\/\/vapestornado.com\/es\/wp-json\/wp\/v2\/product\/3788","targetHints":{"allow":["GET"]}}],"collection":[{"href":"https:\/\/vapestornado.com\/es\/wp-json\/wp\/v2\/product"}],"about":[{"href":"https:\/\/vapestornado.com\/es\/wp-json\/wp\/v2\/types\/product"}],"replies":[{"embeddable":true,"href":"https:\/\/vapestornado.com\/es\/wp-json\/wp\/v2\/comments?post=3788"}],"wp:featuredmedia":[{"embeddable":true,"href":"https:\/\/vapestornado.com\/es\/wp-json\/wp\/v2\/media\/3777"}],"wp:attachment":[{"href":"https:\/\/vapestornado.com\/es\/wp-json\/wp\/v2\/media?parent=3788"}],"wp:term":[{"taxonomy":"product_brand","embeddable":true,"href":"https:\/\/vapestornado.com\/es\/wp-json\/wp\/v2\/product_brand?post=3788"},{"taxonomy":"product_cat","embeddable":true,"href":"https:\/\/vapestornado.com\/es\/wp-json\/wp\/v2\/product_cat?post=3788"},{"taxonomy":"product_tag","embeddable":true,"href":"https:\/\/vapestornado.com\/es\/wp-json\/wp\/v2\/product_tag?post=3788"}],"curies":[{"name":"wp","href":"https:\/\/api.w.org\/{rel}","templated":true}]}}