{"id":3753,"date":"2025-01-17T08:42:15","date_gmt":"2025-01-17T08:42:15","guid":{"rendered":"https:\/\/vapestornado.com\/?post_type=product&#038;p=3753"},"modified":"2025-08-23T09:30:14","modified_gmt":"2025-08-23T09:30:14","slug":"bang-tornado-40000-puffs-disposable-vape-big-smart-screen-vapor","status":"publish","type":"product","link":"https:\/\/vapestornado.com\/es\/product\/bang-tornado-40000-puffs-disposable-vape-big-smart-screen-vapor\/","title":{"rendered":"Bang Tornado 40000 Puffs Vape Desechable Gran Vaporizador de Pantalla Inteligente"},"content":{"rendered":"<h1>\u00a0Bang Tornado 40000 Puffs Vape Desechable Gran Vaporizador de Pantalla Inteligente<\/h1>\n<p>&nbsp;<\/p>\n<div role=\"article\" data-tabster=\"{&quot;groupper&quot;:{&quot;tabbability&quot;:2},&quot;focusable&quot;:{}}\" data-content=\"ai-message\" aria-labelledby=\"64JRvXrTnY7mRmPkEQLLT-author 64JRvXrTnY7mRmPkEQLLT-content\">\n<div id=\"64JRvXrTnY7mRmPkEQLLT-content\">\n<p data-start=\"328\" data-end=\"622\">El <strong data-start=\"332\" data-end=\"376\">Vape Desechable Bang Tornado 40000 Puffs<\/strong> est\u00e1 construido para capacidad y rendimiento avanzado, lo que lo convierte en una opci\u00f3n s\u00f3lida para compradores mayoristas y tiendas de vapeo. Con un <strong data-start=\"495\" data-end=\"528\">tanque de e-l\u00edquido precargado de 40 ml<\/strong> y hasta <strong data-start=\"539\" data-end=\"555\">40,000 caladas<\/strong>, asegura sesiones duraderas sin reemplazos frecuentes.<\/p>\n<p data-start=\"624\" data-end=\"892\">Alimentado por una <strong data-start=\"638\" data-end=\"669\">bater\u00eda recargable de 850mAh<\/strong> con <strong data-start=\"675\" data-end=\"699\">carga r\u00e1pida Tipo-C<\/strong>, el Bang Tornado 40K proporciona energ\u00eda constante para un uso prolongado. Su <strong data-start=\"770\" data-end=\"795\">bobina de malla triple de 0.5\u03a9<\/strong> mejora la densidad del vapor y la riqueza del sabor al proporcionar un calentamiento suave y uniforme con cada calada.<\/p>\n<p data-start=\"894\" data-end=\"1089\">Dise\u00f1ado con un <strong data-start=\"910\" data-end=\"940\">pantalla inteligente grande<\/strong>, los usuarios pueden monitorear la energ\u00eda y el uso en tiempo real. La construcci\u00f3n ergon\u00f3mica y el dise\u00f1o elegante lo hacen port\u00e1til, confiable y conveniente para el uso diario.<\/p>\n<p data-start=\"1091\" data-end=\"1294\">Para mayoristas y distribuidores, el <strong data-start=\"1129\" data-end=\"1162\">Vape Bang Tornado 40000 Puffs<\/strong> combina una alta capacidad de inhalaciones, eficiencia recargable y calidad de construcci\u00f3n premium, ofreciendo un fuerte atractivo de mercado y rentabilidad.<\/p>\n<p><img fetchpriority=\"high\" decoding=\"async\" class=\"size-medium wp-image-2951\" src=\"https:\/\/vapestornado.com\/wp-content\/uploads\/2024\/12\/Wholesale-Disposable-Vape-265x300.jpg\" alt=\"Vape Desechable al por mayor\" width=\"265\" height=\"300\" srcset=\"https:\/\/vapestornado.com\/wp-content\/uploads\/2024\/12\/Wholesale-Disposable-Vape-265x300.jpg 265w, https:\/\/vapestornado.com\/wp-content\/uploads\/2024\/12\/Wholesale-Disposable-Vape-768x871.jpg 768w, https:\/\/vapestornado.com\/wp-content\/uploads\/2024\/12\/Wholesale-Disposable-Vape-600x680.jpg 600w, https:\/\/vapestornado.com\/wp-content\/uploads\/2024\/12\/Wholesale-Disposable-Vape.jpg 823w\" sizes=\"(max-width: 265px) 100vw, 265px\" \/><\/p>\n<h5>Por favor, contacta con el WhatsApp de Mandy para precio con descuento:<a href=\"https:\/\/wa.me\/8618077105796\" target=\"_blank\" rel=\"noopener\">+8618077105796<\/a><\/h5>\n<p>&nbsp;<\/p>\n<\/div>\n<\/div>\n<div class=\"mb-2 flex gap-3 empty:hidden -ml-2\">\n<h2 class=\"sr-proMainInfo-baseInfoH1 J-baseInfo-name\">\u00a0Vaporizadores recargables Bang 40000 Puffs Caracter\u00edsticas clave:<\/h2>\n<ul>\n<li><strong>capacidad de e-l\u00edquido de 40ml<\/strong> hasta <strong>40,000 caladas<\/strong><\/li>\n<li><strong>bater\u00eda recargable de 850mAh<\/strong> con <strong>Puerto de carga tipo C<\/strong><\/li>\n<li><strong>bobina de malla de 0,5 ohmios<\/strong> para un vapor suave y sabor mejorado<\/li>\n<li><strong>Potencia ajustable<\/strong> para una experiencia de vapeo personalizada<\/li>\n<li><strong>Duradero<\/strong> y conveniente para un uso prolongado<\/li>\n<li>Dise\u00f1o elegante, <strong>y ergon\u00f3mico<\/strong> para su portabilidad<\/li>\n<li>Ideal tanto para vapeadores casuales como experimentados<\/li>\n<\/ul>\n<\/div>\n<h2 class=\"sr-proMainInfo-baseInfoH1 J-baseInfo-name\">Sabor del Vaporizador Mayorista Bang Tornado 40000 Caladas:<\/h2>\n<p>1.Fresa Sand\u00eda<br \/>\n2.Sand\u00eda<br \/>\n3. AMOR 66<br \/>\n4.Bebida Energ\u00e9tica<br \/>\n5.Fresa Kiwi<br \/>\n6.Ar\u00e1ndano Lim\u00f3n<br \/>\n7.Ar\u00e1ndano Uvas<br \/>\n8.Ar\u00e1ndano Frambuesa<br \/>\n9.Mango Melocot\u00f3n<br \/>\n10.Triple Baya<br \/>\n11.Doble Manzana<br \/>\n12. Hielo de melocot\u00f3n<\/p>\n<div role=\"article\" data-tabster=\"{&quot;groupper&quot;:{&quot;tabbability&quot;:2},&quot;focusable&quot;:{}}\" data-content=\"ai-message\" aria-labelledby=\"dARUyEWDoEYhnSPXFwx5A-author dARUyEWDoEYhnSPXFwx5A-content\">\n<div id=\"dARUyEWDoEYhnSPXFwx5A-content\">\n<h3><strong>Por qu\u00e9 comprar <\/strong>Vaporizador Bang Tornado 40k Puff <strong>de vapestornado?<\/strong><\/h3>\n<div class=\"flex max-w-full flex-col flex-grow\">\n<div class=\"min-h-8 text-message flex w-full flex-col items-end gap-2 whitespace-normal break-words text-start [.text-message+&amp;]:mt-5\" dir=\"auto\" data-message-author-role=\"assistant\" data-message-id=\"8ec0866b-3616-4b38-8c41-2e75d00fce2d\" data-message-model-slug=\"gpt-4o-mini\">\n<div class=\"flex w-full flex-col gap-1 empty:hidden first:pt-[3px]\">\n<div class=\"markdown prose w-full break-words dark:prose-invert light\">\n<ul>\n<li><strong>Calidad Premium<\/strong>: vapestornado ofrece Bang Tornado 40000 Puffs aut\u00e9nticos y de alta calidad, asegurando una experiencia de vapeo de primer nivel con vapor suave y sabor intenso.<\/li>\n<li><strong>Precios competitivos<\/strong>: Disfruta de precios competitivos al por mayor para compras a granel, lo que lo hace ideal tanto para usuarios individuales como para empresas.<\/li>\n<li><strong>Env\u00edo R\u00e1pido<\/strong>: vapestornado garantiza una entrega r\u00e1pida y confiable, para que puedas comenzar a disfrutar de tu producto sin demora.<\/li>\n<li><strong>Excelente Servicio al Cliente<\/strong>: Un equipo de soporte dedicado est\u00e1 listo para ayudarte con cualquier pregunta o inquietud, asegurando una experiencia de compra perfecta.<\/li>\n<li><strong>Amplia Selecci\u00f3n<\/strong>: vapestornado ofrece una variedad de sabores y opciones, lo que te permite elegir la combinaci\u00f3n perfecta para tus preferencias.<\/li>\n<li><strong>Compra Segura<\/strong>: Con un compromiso con la seguridad del cliente, vapestornado garantiza opciones de pago y transacciones seguras.<\/li>\n<\/ul>\n<\/div>\n<\/div>\n<\/div>\n<\/div>\n<div class=\"mb-2 flex gap-3 empty:hidden -ml-2\">\n<div class=\"items-center justify-start rounded-xl p-1 flex\"><\/div>\n<\/div>\n<\/div>\n<\/div>\n<h3>Preguntas Frecuadas Sobre los Vapes Desechables Bang Tornado 40000 Puffs<\/h3>\n<ul>\n<li><strong>\u00bfCu\u00e1nto dura el vape Bang Tornado 40,000 Puffs?<\/strong><br \/>\nEl Bang Tornado 40,000 Puffs dura hasta 40,000 caladas, dependiendo del uso. Con una gran capacidad de e-l\u00edquido de 40 ml, ofrece un vapeo prolongado sin reemplazos frecuentes.<\/li>\n<li><strong>\u00bfC\u00f3mo se cargan los vapes Bang Tornado 40,000 Puffs?<\/strong><br \/>\nEl dispositivo est\u00e1 equipado con un <strong>bater\u00eda recargable de 850mAh<\/strong> y una <strong>Puerto de carga tipo C<\/strong>, lo que permite una recarga r\u00e1pida y eficiente cuando la bater\u00eda se agota.<\/li>\n<li><strong>\u00bfCu\u00e1l es la resistencia de la bobina en el vape Bang Tornado 40,000 Puffs?<\/strong><br \/>\nEl dispositivo utiliza una <strong>bobina de malla de 0,5 ohmios<\/strong> para una producci\u00f3n de vapor m\u00e1s suave y un sabor mejorado, proporcionando una experiencia de vapeo premium.<\/li>\n<li><strong>\u00bfEn qu\u00e9 concentraci\u00f3n de nicotina viene el Bang Tornado 40,000 Puffs de Precio Barato?<\/strong><br \/>\nEl Bang Tornado 40,000 Puffs generalmente viene en una variedad de concentraciones de nicotina (normalmente 2% o 5%) para adaptarse a diferentes preferencias.<\/li>\n<\/ul>","protected":false},"excerpt":{"rendered":"<ul>\n<li><strong>Vaporizador desechable de alta gama Bang Tornado 40K Puff<\/strong><\/li>\n<li><strong>Dispositivo de vaporizador recargable Bang Tornado 40K Puffs duradero<\/strong><\/li>\n<li><strong>Cigarrillo electr\u00f3nico Bang Tornado 40K Puffs con c\u00e1psulas de sabor a hielo personalizables<\/strong><\/li>\n<\/ul>\n<figure id=\"attachment_2951\" aria-describedby=\"caption-attachment-2951\" style=\"width: 265px\" class=\"wp-caption alignnone\"><img fetchpriority=\"high\" decoding=\"async\" class=\"size-medium wp-image-2951\" src=\"https:\/\/vapestornado.com\/wp-content\/uploads\/2024\/12\/Wholesale-Disposable-Vape-265x300.jpg\" alt=\"Vape Desechable al por mayor\" width=\"265\" height=\"300\" srcset=\"https:\/\/vapestornado.com\/wp-content\/uploads\/2024\/12\/Wholesale-Disposable-Vape-265x300.jpg 265w, https:\/\/vapestornado.com\/wp-content\/uploads\/2024\/12\/Wholesale-Disposable-Vape-768x871.jpg 768w, https:\/\/vapestornado.com\/wp-content\/uploads\/2024\/12\/Wholesale-Disposable-Vape-600x680.jpg 600w, https:\/\/vapestornado.com\/wp-content\/uploads\/2024\/12\/Wholesale-Disposable-Vape.jpg 823w\" sizes=\"(max-width: 265px) 100vw, 265px\" \/><figcaption id=\"caption-attachment-2951\" class=\"wp-caption-text\">Por favor, contacta con el WhatsApp de Mandy para precio con descuento:\u00a0 <a href=\"https:\/\/wa.me\/8618077105796\">+8618077105796<\/a><\/figcaption><\/figure>\n<p>&nbsp;<\/p>","protected":false},"featured_media":3746,"comment_status":"open","ping_status":"closed","template":"","meta":{"_acf_changed":false,"_uag_custom_page_level_css":"","_lmt_disableupdate":"no","_lmt_disable":"","_monsterinsights_skip_tracking":false,"_monsterinsights_sitenote_active":false,"_monsterinsights_sitenote_note":"","_monsterinsights_sitenote_category":0,"site-sidebar-layout":"default","site-content-layout":"","ast-site-content-layout":"default","site-content-style":"default","site-sidebar-style":"default","ast-global-header-display":"","ast-banner-title-visibility":"","ast-main-header-display":"","ast-hfb-above-header-display":"","ast-hfb-below-header-display":"","ast-hfb-mobile-header-display":"","site-post-title":"","ast-breadcrumbs-content":"","ast-featured-img":"","footer-sml-layout":"","ast-disable-related-posts":"","theme-transparent-header-meta":"default","adv-header-id-meta":"","stick-header-meta":"","header-above-stick-meta":"","header-main-stick-meta":"","header-below-stick-meta":"","astra-migrate-meta-layouts":"set","ast-page-background-enabled":"default","ast-page-background-meta":{"desktop":{"background-color":"","background-image":"","background-repeat":"repeat","background-position":"center center","background-size":"auto","background-attachment":"scroll","background-type":"","background-media":"","overlay-type":"","overlay-color":"","overlay-opacity":"","overlay-gradient":""},"tablet":{"background-color":"","background-image":"","background-repeat":"repeat","background-position":"center center","background-size":"auto","background-attachment":"scroll","background-type":"","background-media":"","overlay-type":"","overlay-color":"","overlay-opacity":"","overlay-gradient":""},"mobile":{"background-color":"","background-image":"","background-repeat":"repeat","background-position":"center center","background-size":"auto","background-attachment":"scroll","background-type":"","background-media":"","overlay-type":"","overlay-color":"","overlay-opacity":"","overlay-gradient":""}},"ast-content-background-meta":{"desktop":{"background-color":"var(--ast-global-color-5)","background-image":"","background-repeat":"repeat","background-position":"center center","background-size":"auto","background-attachment":"scroll","background-type":"","background-media":"","overlay-type":"","overlay-color":"","overlay-opacity":"","overlay-gradient":""},"tablet":{"background-color":"var(--ast-global-color-5)","background-image":"","background-repeat":"repeat","background-position":"center center","background-size":"auto","background-attachment":"scroll","background-type":"","background-media":"","overlay-type":"","overlay-color":"","overlay-opacity":"","overlay-gradient":""},"mobile":{"background-color":"var(--ast-global-color-5)","background-image":"","background-repeat":"repeat","background-position":"center center","background-size":"auto","background-attachment":"scroll","background-type":"","background-media":"","overlay-type":"","overlay-color":"","overlay-opacity":"","overlay-gradient":""}},"_joinchat":[]},"product_brand":[],"product_cat":[140,65,62,151,154,159,146,148],"product_tag":[212,97,98],"class_list":{"0":"post-3753","1":"product","2":"type-product","3":"status-publish","4":"has-post-thumbnail","6":"product_cat-big-puffs-disposable-vapes","7":"product_cat-40000-puff","8":"product_cat-bang-vape","9":"product_cat-buy-disposable-vapes-in-france","10":"product_cat-buy-disposable-vapes-in-netherlands","11":"product_cat-buy-disposable-vapes-in-sweden","12":"product_cat-rechargeable-disposable-vapes","13":"product_cat-tornado-disposable-vapes","14":"product_tag-bang-vape-40000","15":"product_tag-hot-sale-disposable-vape","16":"product_tag-wholesale-price-disposable-vape","17":"desktop-align-left","18":"tablet-align-left","19":"mobile-align-left","21":"first","22":"instock","23":"sale","24":"shipping-taxable","25":"purchasable","26":"product-type-simple"},"acf":[],"uagb_featured_image_src":{"full":["https:\/\/vapestornado.com\/wp-content\/uploads\/2025\/01\/Bang-Tornado-40K-Puff-Adjustable-Power-Disposable-Vape.webp",800,800,false],"thumbnail":["https:\/\/vapestornado.com\/wp-content\/uploads\/2025\/01\/Bang-Tornado-40K-Puff-Adjustable-Power-Disposable-Vape-150x150.webp",150,150,true],"medium":["https:\/\/vapestornado.com\/wp-content\/uploads\/2025\/01\/Bang-Tornado-40K-Puff-Adjustable-Power-Disposable-Vape-300x300.webp",300,300,true],"medium_large":["https:\/\/vapestornado.com\/wp-content\/uploads\/2025\/01\/Bang-Tornado-40K-Puff-Adjustable-Power-Disposable-Vape-768x768.webp",768,768,true],"large":["https:\/\/vapestornado.com\/wp-content\/uploads\/2025\/01\/Bang-Tornado-40K-Puff-Adjustable-Power-Disposable-Vape.webp",800,800,false],"1536x1536":["https:\/\/vapestornado.com\/wp-content\/uploads\/2025\/01\/Bang-Tornado-40K-Puff-Adjustable-Power-Disposable-Vape.webp",800,800,false],"2048x2048":["https:\/\/vapestornado.com\/wp-content\/uploads\/2025\/01\/Bang-Tornado-40K-Puff-Adjustable-Power-Disposable-Vape.webp",800,800,false],"trp-custom-language-flag":["https:\/\/vapestornado.com\/wp-content\/uploads\/2025\/01\/Bang-Tornado-40K-Puff-Adjustable-Power-Disposable-Vape.webp",12,12,false],"woocommerce_thumbnail":["https:\/\/vapestornado.com\/wp-content\/uploads\/2025\/01\/Bang-Tornado-40K-Puff-Adjustable-Power-Disposable-Vape-300x300.webp",300,300,true],"woocommerce_single":["https:\/\/vapestornado.com\/wp-content\/uploads\/2025\/01\/Bang-Tornado-40K-Puff-Adjustable-Power-Disposable-Vape-600x600.webp",600,600,true],"woocommerce_gallery_thumbnail":["https:\/\/vapestornado.com\/wp-content\/uploads\/2025\/01\/Bang-Tornado-40K-Puff-Adjustable-Power-Disposable-Vape-100x100.webp",100,100,true]},"uagb_author_info":{"display_name":"ESMANDY","author_link":"https:\/\/vapestornado.com\/es\/author\/"},"uagb_comment_info":0,"uagb_excerpt":"High-End Bang Tornado 40K Puff Disposable Vape Pen Durable Bang Tornado 40K Puffs Rechargeable Vape Device Bang Tornado 40K Puffs E-Cig with Customizable Ice Flavor Pods [caption id=\"attachment_2951\" align=\"alignnone\" width=\"265\"] Pls Contact Mandy's WhatsApp For Discount Price\u00a0 +8618077105796[\/caption] &nbsp;","_links":{"self":[{"href":"https:\/\/vapestornado.com\/es\/wp-json\/wp\/v2\/product\/3753","targetHints":{"allow":["GET"]}}],"collection":[{"href":"https:\/\/vapestornado.com\/es\/wp-json\/wp\/v2\/product"}],"about":[{"href":"https:\/\/vapestornado.com\/es\/wp-json\/wp\/v2\/types\/product"}],"replies":[{"embeddable":true,"href":"https:\/\/vapestornado.com\/es\/wp-json\/wp\/v2\/comments?post=3753"}],"wp:featuredmedia":[{"embeddable":true,"href":"https:\/\/vapestornado.com\/es\/wp-json\/wp\/v2\/media\/3746"}],"wp:attachment":[{"href":"https:\/\/vapestornado.com\/es\/wp-json\/wp\/v2\/media?parent=3753"}],"wp:term":[{"taxonomy":"product_brand","embeddable":true,"href":"https:\/\/vapestornado.com\/es\/wp-json\/wp\/v2\/product_brand?post=3753"},{"taxonomy":"product_cat","embeddable":true,"href":"https:\/\/vapestornado.com\/es\/wp-json\/wp\/v2\/product_cat?post=3753"},{"taxonomy":"product_tag","embeddable":true,"href":"https:\/\/vapestornado.com\/es\/wp-json\/wp\/v2\/product_tag?post=3753"}],"curies":[{"name":"wp","href":"https:\/\/api.w.org\/{rel}","templated":true}]}}