{"id":3745,"date":"2025-01-14T09:29:58","date_gmt":"2025-01-14T09:29:58","guid":{"rendered":"https:\/\/vapestornado.com\/?post_type=product&#038;p=3745"},"modified":"2025-08-23T09:30:57","modified_gmt":"2025-08-23T09:30:57","slug":"high-capacity-bang-28000-puffs-disposable-e-cigarette","status":"publish","type":"product","link":"https:\/\/vapestornado.com\/es\/product\/high-capacity-bang-28000-puffs-disposable-e-cigarette\/","title":{"rendered":"Cigarrillo Electr\u00f3nico Desechable Bang 28000 Puffs de Alta Capacidad"},"content":{"rendered":"<h1>Cigarrillo Electr\u00f3nico Desechable Bang 28000 Puffs de Alta Capacidad<\/h1>\n<p>&nbsp;<\/p>\n<div role=\"article\" data-tabster=\"{&quot;groupper&quot;:{&quot;tabbability&quot;:2},&quot;focusable&quot;:{}}\" data-content=\"ai-message\" aria-labelledby=\"64JRvXrTnY7mRmPkEQLLT-author 64JRvXrTnY7mRmPkEQLLT-content\">\n<div id=\"64JRvXrTnY7mRmPkEQLLT-content\">\n<p data-start=\"313\" data-end=\"602\">El <strong data-start=\"317\" data-end=\"353\">Vaper Desechable Bang 28000 Puffs<\/strong> ofrece un rendimiento y una comodidad extendidos con un masivo <strong data-start=\"415\" data-end=\"439\">28,000 caladas<\/strong> y una <strong data-start=\"446\" data-end=\"479\">30 ml de e-l\u00edquido precargado<\/strong>. Usando <strong data-start=\"487\" data-end=\"520\">tecnolog\u00eda avanzada de resistencia de malla<\/strong>, garantiza un sabor constante y una producci\u00f3n de vapor suave de principio a fin.<\/p>\n<p data-start=\"604\" data-end=\"814\">Disponible en <strong data-start=\"617\" data-end=\"656\">opciones de nicotina de 0%, 2%, 3% y 5%<\/strong>, el Bang 28K se adapta a todas las preferencias, mientras que la <strong data-start=\"708\" data-end=\"732\">nivel de hielo ajustable<\/strong> permite a los usuarios personalizar la intensidad de enfriamiento para un refrescante efecto mentolado.<\/p>\n<p data-start=\"816\" data-end=\"1116\">Alimentado por una <strong data-start=\"829\" data-end=\"860\">bater\u00eda recargable de 650 mAh<\/strong> con <strong data-start=\"866\" data-end=\"890\">carga r\u00e1pida Tipo-C<\/strong>, este dispositivo minimiza el tiempo de inactividad y admite un uso fiable durante todo el d\u00eda. Su <strong data-start=\"962\" data-end=\"1001\">directo a pulm\u00f3n (DTL)<\/strong> produce densas nubes de vapor y sabores intensos, lo que lo hace ideal para vapeadores que desean tanto capacidad como rendimiento.<\/p>\n<p data-start=\"1118\" data-end=\"1279\">Para mayoristas y distribuidores, el <strong data-start=\"1156\" data-end=\"1181\">Vape Bang 28000 Puffs<\/strong> ofrece un fuerte atractivo con un alto recuento de caladas, opciones de personalizaci\u00f3n y una calidad de construcci\u00f3n fiable.<\/p>\n<hr data-start=\"1281\" data-end=\"1284\" \/>\n<h3 data-start=\"1286\" data-end=\"1312\">Descripci\u00f3n Meta SEO<\/h3>\n<\/div>\n<\/div>\n<div class=\"flex max-w-full flex-col flex-grow\">\n<div class=\"min-h-8 text-message flex w-full flex-col items-end gap-2 whitespace-normal break-words text-start [.text-message+&amp;]:mt-5\" dir=\"auto\" data-message-author-role=\"assistant\" data-message-id=\"cdb991c0-f594-4bff-b2d5-fbbdd7ce9e54\" data-message-model-slug=\"gpt-4o-mini\">\n<div class=\"flex w-full flex-col gap-1 empty:hidden first:pt-[3px]\">\n<div class=\"markdown prose w-full break-words dark:prose-invert light\"><\/div>\n<\/div>\n<\/div>\n<\/div>\n<div class=\"mb-2 flex gap-3 empty:hidden -ml-2\">\n<h2 class=\"sr-proMainInfo-baseInfoH1 J-baseInfo-name\">Caracter\u00edsticas clave del vaporizador desechable Top Sale 28000 caladas:<\/h2>\n<ul>\n<li><strong>Conteo masivo de caladas<\/strong>: Proporciona hasta <strong>28.000 caladas<\/strong>, lo que ofrece sesiones de vapeo prolongadas sin reemplazos frecuentes.<\/li>\n<li><strong>Generosa capacidad de l\u00edquido<\/strong>: Precargado con <strong>30 ml de l\u00edquido de alta calidad<\/strong> para un sabor consistente y una producci\u00f3n de vapor suave.<\/li>\n<li><strong>Concentraciones de Nicotina Personalizables<\/strong>: Disponible en concentraciones de <strong>0%, 2%, 3% o 5% de nicotina<\/strong>, satisfaciendo diferentes preferencias y necesidades de vapeo.<\/li>\n<li><strong>Bobina de malla avanzada<\/strong>: Incorpora una <strong>bobina de malla de 1.0\u03a9<\/strong> para una densidad de vapor mejorada, sabores audaces y caladas suaves.<\/li>\n<li><strong>Nivel de hielo ajustable<\/strong>: Personaliza tu experiencia de vapeo con un <strong>efecto refrescante ajustable<\/strong>, perfecto para una refrescante sensaci\u00f3n a mentol.<\/li>\n<li><strong>Bater\u00eda recargable<\/strong>: Alimentado por una <strong>bater\u00eda recargable de 650 mAh<\/strong>, lo que garantiza un rendimiento fiable durante la vida \u00fatil del dispositivo.<\/li>\n<li><strong>Carga r\u00e1pida tipo C<\/strong>: Equipado con tecnolog\u00eda de <strong>carga r\u00e1pida tipo C<\/strong> para un tiempo de inactividad m\u00ednimo y recargas eficientes.<\/li>\n<li><strong>Flujo de Aire Directo a Pulm\u00f3n (DTL)<\/strong>: Dise\u00f1ado para <strong>vapeo DTL<\/strong>, ofreciendo nubes densas y sabores intensos.<\/li>\n<li><strong>Dise\u00f1o port\u00e1til y elegante<\/strong>: Compacto, ligero y elegante, lo que lo hace ideal para viajar o para el uso diario.<\/li>\n<li><strong>Ecol\u00f3gico y Desechable<\/strong>: Dise\u00f1ado para la comodidad y la sostenibilidad, ofreciendo una eliminaci\u00f3n sin complicaciones despu\u00e9s de su uso.<\/li>\n<\/ul>\n<\/div>\n<p><img fetchpriority=\"high\" decoding=\"async\" class=\"wp-image-2951\" src=\"https:\/\/vapestornado.com\/wp-content\/uploads\/2024\/12\/Wholesale-Disposable-Vape-265x300.jpg\" alt=\"Vape Desechable al por mayor\" width=\"313\" height=\"354\" srcset=\"https:\/\/vapestornado.com\/wp-content\/uploads\/2024\/12\/Wholesale-Disposable-Vape-265x300.jpg 265w, https:\/\/vapestornado.com\/wp-content\/uploads\/2024\/12\/Wholesale-Disposable-Vape-768x871.jpg 768w, https:\/\/vapestornado.com\/wp-content\/uploads\/2024\/12\/Wholesale-Disposable-Vape-600x680.jpg 600w, https:\/\/vapestornado.com\/wp-content\/uploads\/2024\/12\/Wholesale-Disposable-Vape.jpg 823w\" sizes=\"(max-width: 313px) 100vw, 313px\" \/><\/p>\n<h5>Por favor, contacta con el WhatsApp de Mandy para precio con descuento:<a href=\"https:\/\/wa.me\/8618077105796\" target=\"_blank\" rel=\"noopener\">+8618077105796<\/a><\/h5>\n<p>&nbsp;<\/p>\n<h3 class=\"sr-proMainInfo-baseInfoH1 J-baseInfo-name\">bangvape 28k Puffs Vapes al por mayor Sabor:<\/h3>\n<p>1.Fresa Sand\u00eda<br \/>\n2.Hielo de ar\u00e1ndano<br \/>\n3.Sangre y arena<br \/>\n4.Pi\u00f1a Coco<br \/>\n5. Pl\u00e1tano de fresa<br \/>\n6.Frutas Mixtas<br \/>\n7.Ar\u00e1ndanos Frambuesas<br \/>\n8. Melocot\u00f3n Helado<br \/>\n9.Mango Melocot\u00f3n<br \/>\n10.Sand\u00eda<br \/>\n11.Uva Helada<br \/>\n12.Fresa Kiwi<\/p>\n<div role=\"article\" data-tabster=\"{&quot;groupper&quot;:{&quot;tabbability&quot;:2},&quot;focusable&quot;:{}}\" data-content=\"ai-message\" aria-labelledby=\"dARUyEWDoEYhnSPXFwx5A-author dARUyEWDoEYhnSPXFwx5A-content\">\n<div id=\"dARUyEWDoEYhnSPXFwx5A-content\">\n<h3><strong>Por qu\u00e9 comprar HQ Bang 28000 caladas <\/strong>\u00a0vapeadores\u00a0<strong>de vapestornado?<\/strong><\/h3>\n<ul>\n<li><strong>Productos aut\u00e9nticos garantizados<\/strong><br \/>\nvapestornado asegura que reciba vapeadores <strong>Bang 28000 caladas genuinos<\/strong>, lo que proporciona una calidad superior y un rendimiento confiable con cada compra.<\/li>\n<li><strong>Precios inigualables<\/strong><br \/>\nDisfrute de precios competitivos y ofertas exclusivas en vapeadores desechables de alta capacidad, lo que convierte a vapestornado en el destino ideal para pedidos al por mayor o individuales.<\/li>\n<li><strong>Env\u00edo r\u00e1pido a toda Espa\u00f1a<\/strong><br \/>\nCon un enfoque en la comodidad del cliente, vapestornado ofrece <strong>env\u00edos r\u00e1pidos y fiables<\/strong> a Espa\u00f1a, lo que garantiza una entrega a tiempo.<\/li>\n<li><strong>Soporte centrado en el cliente<\/strong><br \/>\nBenef\u00edciese de un <strong>servicio de atenci\u00f3n al cliente dedicado<\/strong> para ayudar con consultas, haciendo que su experiencia de compra sea fluida y sin complicaciones.<\/li>\n<li><strong>Experiencia de vapeo de primer nivel<\/strong><br \/>\nLos vapers Bang 28000 Puffs cuentan con tecnolog\u00eda avanzada <strong>tecnolog\u00eda de bobina de malla<\/strong>, <strong>niveles de hielo ajustables<\/strong>, y <strong>flujo de aire Directo-a-Pulm\u00f3n (DTL)<\/strong>, garantizando sabores intensos, nubes densas y sensaciones de frescor personalizadas.<\/li>\n<li><strong>Ecol\u00f3gico y conveniente<\/strong><br \/>\nvapestornado apoya el vapeo responsable con el medio ambiente con vapers desechables de alta calidad dise\u00f1ados para un uso sin complicaciones y una f\u00e1cil eliminaci\u00f3n.<\/li>\n<\/ul>\n<\/div>\n<\/div>\n<h3>Preguntas frecuentes sobre el nuevo Vaper Bang 28000 Puffs<\/h3>\n<p><strong>1. \u00bfC\u00f3mo puedo rastrear mi pedido de Bang 28000 Puffs?<\/strong><br \/>\nRastrear su pedido es simple. Una vez que su pedido sea confirmado, recibir\u00e1 un n\u00famero de seguimiento a trav\u00e9s de WhatsApp. Use este n\u00famero en el sitio web del transportista para monitorear el progreso de la entrega de su paquete. Para obtener ayuda adicional, no dude en contactar a nuestro equipo de servicio al cliente.<\/p>\n<p><strong>2. \u00bfPuedo especificar sabores para productos seleccionados al azar?<\/strong><br \/>\n\u00a1S\u00ed, puede! Si bien algunos paquetes de productos vienen con sabores preseleccionados, hacemos todo lo posible para adaptarnos a las preferencias de sabores espec\u00edficos. Simplemente deje una nota durante el proceso de pago o contacte a nuestro servicio de atenci\u00f3n al cliente con su solicitud. Nos aseguraremos de que sus sabores preferidos se incluyan si est\u00e1n en stock.<\/p>\n<p><strong>3. \u00bfQu\u00e9 hace que los vapers Bang 28000 Puffs sean \u00fanicos?<\/strong><br \/>\nEl <strong>Vaper Desechable Bang 28000 Puffs<\/strong> ofrece una gran cantidad de caladas, <strong>capacidad de e-l\u00edquido de 30 ml<\/strong>, niveles de hielo ajustables y tecnolog\u00eda avanzada de resistencia de malla. Est\u00e1 dise\u00f1ado para la comodidad, el uso duradero y una experiencia de vapeo personalizable.<\/p>","protected":false},"excerpt":{"rendered":"<ul>\n<li>Vaporizador desechable premium Bang 28000 Puffs<\/li>\n<li>Vaporizador recargable de larga duraci\u00f3n Bang 28000 Puffs<\/li>\n<li>Cigarrillo electr\u00f3nico Bang 28000 Puffs con pods de hielo ajustables<\/li>\n<\/ul>\n<figure id=\"attachment_2951\" aria-describedby=\"caption-attachment-2951\" style=\"width: 265px\" class=\"wp-caption alignnone\"><img decoding=\"async\" class=\"size-medium wp-image-2951\" src=\"https:\/\/vapestornado.com\/wp-content\/uploads\/2024\/12\/Wholesale-Disposable-Vape-265x300.jpg\" alt=\"Vape Desechable al por mayor\" width=\"265\" height=\"300\" srcset=\"https:\/\/vapestornado.com\/wp-content\/uploads\/2024\/12\/Wholesale-Disposable-Vape-265x300.jpg 265w, https:\/\/vapestornado.com\/wp-content\/uploads\/2024\/12\/Wholesale-Disposable-Vape-768x871.jpg 768w, https:\/\/vapestornado.com\/wp-content\/uploads\/2024\/12\/Wholesale-Disposable-Vape-600x680.jpg 600w, https:\/\/vapestornado.com\/wp-content\/uploads\/2024\/12\/Wholesale-Disposable-Vape.jpg 823w\" sizes=\"(max-width: 265px) 100vw, 265px\" \/><figcaption id=\"caption-attachment-2951\" class=\"wp-caption-text\">Por favor, contacta con el WhatsApp de Mandy para precio con descuento:\u00a0 <a href=\"https:\/\/wa.me\/8618077105796\">+8618077105796<\/a><\/figcaption><\/figure>\n<p>&nbsp;<\/p>","protected":false},"featured_media":3738,"comment_status":"open","ping_status":"closed","template":"","meta":{"_acf_changed":false,"_uag_custom_page_level_css":"","_lmt_disableupdate":"no","_lmt_disable":"","_monsterinsights_skip_tracking":false,"_monsterinsights_sitenote_active":false,"_monsterinsights_sitenote_note":"","_monsterinsights_sitenote_category":0,"site-sidebar-layout":"default","site-content-layout":"","ast-site-content-layout":"default","site-content-style":"default","site-sidebar-style":"default","ast-global-header-display":"","ast-banner-title-visibility":"","ast-main-header-display":"","ast-hfb-above-header-display":"","ast-hfb-below-header-display":"","ast-hfb-mobile-header-display":"","site-post-title":"","ast-breadcrumbs-content":"","ast-featured-img":"","footer-sml-layout":"","ast-disable-related-posts":"","theme-transparent-header-meta":"default","adv-header-id-meta":"","stick-header-meta":"","header-above-stick-meta":"","header-main-stick-meta":"","header-below-stick-meta":"","astra-migrate-meta-layouts":"set","ast-page-background-enabled":"default","ast-page-background-meta":{"desktop":{"background-color":"","background-image":"","background-repeat":"repeat","background-position":"center center","background-size":"auto","background-attachment":"scroll","background-type":"","background-media":"","overlay-type":"","overlay-color":"","overlay-opacity":"","overlay-gradient":""},"tablet":{"background-color":"","background-image":"","background-repeat":"repeat","background-position":"center center","background-size":"auto","background-attachment":"scroll","background-type":"","background-media":"","overlay-type":"","overlay-color":"","overlay-opacity":"","overlay-gradient":""},"mobile":{"background-color":"","background-image":"","background-repeat":"repeat","background-position":"center center","background-size":"auto","background-attachment":"scroll","background-type":"","background-media":"","overlay-type":"","overlay-color":"","overlay-opacity":"","overlay-gradient":""}},"ast-content-background-meta":{"desktop":{"background-color":"var(--ast-global-color-5)","background-image":"","background-repeat":"repeat","background-position":"center center","background-size":"auto","background-attachment":"scroll","background-type":"","background-media":"","overlay-type":"","overlay-color":"","overlay-opacity":"","overlay-gradient":""},"tablet":{"background-color":"var(--ast-global-color-5)","background-image":"","background-repeat":"repeat","background-position":"center center","background-size":"auto","background-attachment":"scroll","background-type":"","background-media":"","overlay-type":"","overlay-color":"","overlay-opacity":"","overlay-gradient":""},"mobile":{"background-color":"var(--ast-global-color-5)","background-image":"","background-repeat":"repeat","background-position":"center center","background-size":"auto","background-attachment":"scroll","background-type":"","background-media":"","overlay-type":"","overlay-color":"","overlay-opacity":"","overlay-gradient":""}},"_joinchat":{"telephone":"+8618077105796"}},"product_brand":[],"product_cat":[235,150,153,144],"product_tag":[236,97,98],"class_list":{"0":"post-3745","1":"product","2":"type-product","3":"status-publish","4":"has-post-thumbnail","6":"product_cat-28000-puff","7":"product_cat-buy-disposable-vapes-in-belgium","8":"product_cat-buy-disposable-vapes-in-italy","9":"product_cat-low-nicotine-disposable-vapes","10":"product_tag-bang-28000-puffs","11":"product_tag-hot-sale-disposable-vape","12":"product_tag-wholesale-price-disposable-vape","13":"desktop-align-left","14":"tablet-align-left","15":"mobile-align-left","17":"first","18":"instock","19":"sale","20":"shipping-taxable","21":"purchasable","22":"product-type-simple"},"acf":[],"uagb_featured_image_src":{"full":["https:\/\/vapestornado.com\/wp-content\/uploads\/2025\/01\/Bang-28000-Puffs-Ultimate-Long-Lasting-Vape.webp",800,800,false],"thumbnail":["https:\/\/vapestornado.com\/wp-content\/uploads\/2025\/01\/Bang-28000-Puffs-Ultimate-Long-Lasting-Vape-150x150.webp",150,150,true],"medium":["https:\/\/vapestornado.com\/wp-content\/uploads\/2025\/01\/Bang-28000-Puffs-Ultimate-Long-Lasting-Vape-300x300.webp",300,300,true],"medium_large":["https:\/\/vapestornado.com\/wp-content\/uploads\/2025\/01\/Bang-28000-Puffs-Ultimate-Long-Lasting-Vape-768x768.webp",768,768,true],"large":["https:\/\/vapestornado.com\/wp-content\/uploads\/2025\/01\/Bang-28000-Puffs-Ultimate-Long-Lasting-Vape.webp",800,800,false],"1536x1536":["https:\/\/vapestornado.com\/wp-content\/uploads\/2025\/01\/Bang-28000-Puffs-Ultimate-Long-Lasting-Vape.webp",800,800,false],"2048x2048":["https:\/\/vapestornado.com\/wp-content\/uploads\/2025\/01\/Bang-28000-Puffs-Ultimate-Long-Lasting-Vape.webp",800,800,false],"trp-custom-language-flag":["https:\/\/vapestornado.com\/wp-content\/uploads\/2025\/01\/Bang-28000-Puffs-Ultimate-Long-Lasting-Vape.webp",12,12,false],"woocommerce_thumbnail":["https:\/\/vapestornado.com\/wp-content\/uploads\/2025\/01\/Bang-28000-Puffs-Ultimate-Long-Lasting-Vape-300x300.webp",300,300,true],"woocommerce_single":["https:\/\/vapestornado.com\/wp-content\/uploads\/2025\/01\/Bang-28000-Puffs-Ultimate-Long-Lasting-Vape-600x600.webp",600,600,true],"woocommerce_gallery_thumbnail":["https:\/\/vapestornado.com\/wp-content\/uploads\/2025\/01\/Bang-28000-Puffs-Ultimate-Long-Lasting-Vape-100x100.webp",100,100,true]},"uagb_author_info":{"display_name":"ESMANDY","author_link":"https:\/\/vapestornado.com\/es\/author\/"},"uagb_comment_info":0,"uagb_excerpt":"Premium Bang 28000 Puffs Disposable Vape Pen Long-Lasting Bang 28000 Puff Rechargeable Vape Bang 28000 Puffs E-Cigarette with Adjustable Ice Vape Pods [caption id=\"attachment_2951\" align=\"alignnone\" width=\"265\"] Pls Contact Mandy's WhatsApp For Discount Price\u00a0 +8618077105796[\/caption] &nbsp;","_links":{"self":[{"href":"https:\/\/vapestornado.com\/es\/wp-json\/wp\/v2\/product\/3745","targetHints":{"allow":["GET"]}}],"collection":[{"href":"https:\/\/vapestornado.com\/es\/wp-json\/wp\/v2\/product"}],"about":[{"href":"https:\/\/vapestornado.com\/es\/wp-json\/wp\/v2\/types\/product"}],"replies":[{"embeddable":true,"href":"https:\/\/vapestornado.com\/es\/wp-json\/wp\/v2\/comments?post=3745"}],"wp:featuredmedia":[{"embeddable":true,"href":"https:\/\/vapestornado.com\/es\/wp-json\/wp\/v2\/media\/3738"}],"wp:attachment":[{"href":"https:\/\/vapestornado.com\/es\/wp-json\/wp\/v2\/media?parent=3745"}],"wp:term":[{"taxonomy":"product_brand","embeddable":true,"href":"https:\/\/vapestornado.com\/es\/wp-json\/wp\/v2\/product_brand?post=3745"},{"taxonomy":"product_cat","embeddable":true,"href":"https:\/\/vapestornado.com\/es\/wp-json\/wp\/v2\/product_cat?post=3745"},{"taxonomy":"product_tag","embeddable":true,"href":"https:\/\/vapestornado.com\/es\/wp-json\/wp\/v2\/product_tag?post=3745"}],"curies":[{"name":"wp","href":"https:\/\/api.w.org\/{rel}","templated":true}]}}