{"id":3734,"date":"2025-01-13T08:21:51","date_gmt":"2025-01-13T08:21:51","guid":{"rendered":"https:\/\/vapestornado.com\/?post_type=product&#038;p=3734"},"modified":"2025-08-23T09:32:47","modified_gmt":"2025-08-23T09:32:47","slug":"waspe-crystal-40000-puffs-40k-double-flavor-rechargeable-disposable-vapes-cheap-price","status":"publish","type":"product","link":"https:\/\/vapestornado.com\/es\/product\/waspe-crystal-40000-puffs-40k-double-flavor-rechargeable-disposable-vapes-cheap-price\/","title":{"rendered":"WASPE Crystal 40000 Puffs 40k Vapes Desechables Recargables de Doble Sabor Precio Barato"},"content":{"rendered":"<h1 class=\"product-title\">WASPE Crystal 40000 Puffs 40k Vapes Desechables Recargables de Doble Sabor Precio Barato<\/h1>\n<p>El <strong>WASPE Crystal 40000 caladas<\/strong> es un dispositivo de primera categor\u00eda <strong>vaper desechable recargable<\/strong> dise\u00f1ado para vapeadores que buscan una experiencia prolongada, sabrosa y personalizable. Con su enorme cantidad de caladas, <strong>flujo de aire ajustable<\/strong>e innovadora <strong>tecnolog\u00eda 2 sabores en 1<\/strong> se destaca entre los <strong>las mejores marcas de vape desechables<\/strong> a un incre\u00edble <strong>precio al por mayor barato<\/strong>.<\/p>\n<p>Con una impresionante <strong>40,000 caladas<\/strong>, este dispositivo ofrece una de las capacidades m\u00e1s altas en el mercado de vapes desechables, asegurando un disfrute duradero sin reemplazos frecuentes. La <strong>tecnolog\u00eda de doble sabor<\/strong> combina dos sabores complementarios en un solo dispositivo, permitiendo a los usuarios cambiar entre ellos sin esfuerzo y disfrutar de una experiencia de vapeo din\u00e1mica.<\/p>\n<p data-start=\"598\" data-end=\"841\">El <strong data-start=\"602\" data-end=\"624\">sistema de doble sabor<\/strong> permite a los usuarios alternar entre dos mezclas en un solo dispositivo, proporcionando variedad y frescura en cada sesi\u00f3n. Combinado con <strong data-start=\"744\" data-end=\"766\">flujo de aire ajustable<\/strong>, permite a los vapeadores personalizar su calada, desde golpes fuertes hasta nubes m\u00e1s suaves.<\/p>\n<p data-start=\"843\" data-end=\"1081\">Equipado con <strong data-start=\"857\" data-end=\"881\">resistencias de malla dual de 0.9\u03a9<\/strong>, el WASPE Crystal mejora la consistencia del sabor y la densidad del vapor. Disponible en <strong data-start=\"961\" data-end=\"998\">concentraciones de nicotina 0%, 2% y 5%<\/strong>, se adapta a diferentes preferencias, desde el uso sin nicotina hasta golpes de garganta m\u00e1s fuertes.<\/p>\n<p data-start=\"1083\" data-end=\"1291\">Alimentado por una <strong data-start=\"1097\" data-end=\"1128\">bater\u00eda recargable de 850mAh<\/strong> con <strong data-start=\"1134\" data-end=\"1158\">carga r\u00e1pida Tipo-C<\/strong>, este dispositivo minimiza el tiempo de inactividad. Una <strong data-start=\"1194\" data-end=\"1217\">pantalla digital LED<\/strong> pantalla muestra los niveles de bater\u00eda y e-l\u00edquido en tiempo real, dando a los usuarios control total.<\/p>\n<p data-start=\"1293\" data-end=\"1484\">Para mayoristas y minoristas, el <strong data-start=\"1328\" data-end=\"1354\">Vape WASPE Crystal 40K<\/strong> se empaqueta eficientemente con <strong data-start=\"1384\" data-end=\"1424\">200 unidades por caja y 10 por paquete<\/strong>, lo que lo convierte en una opci\u00f3n rentable al por mayor para la distribuci\u00f3n.<\/p>\n<p>Para aquellos que buscan <strong>comprar al por mayor<\/strong>, el WASPE Crystal ofrece excelentes opciones de venta al por mayor con un empaquetado de <strong>200 piezas por caja de cart\u00f3n y 10 piezas por caja<\/strong>, lo que lo hace perfecto para minoristas y distribuidores. El peso bruto total de 22,5 kg garantiza un env\u00edo eficiente y rentable para los compradores a granel.<\/p>\n<p><strong>\u00a1A\u00f1ade a Amy en Whatsapp para obtener una respuesta r\u00e1pida y cupones de vapeo!<\/strong><\/p>\n<p><img fetchpriority=\"high\" decoding=\"async\" class=\"size-full wp-image-2932\" src=\"https:\/\/vapestornado.com\/wp-content\/uploads\/2024\/12\/Vape-Wholesale.jpg\" alt=\"Vape al por mayor\" width=\"229\" height=\"300\" \/><\/p>\n<h3><a href=\"https:\/\/wa.me\/8617776015835\" target=\"_blank\" rel=\"noopener\"><span style=\"color: #ff0000;\"><strong>WhatsApp: +86 17776015835<\/strong><\/span><\/a><\/h3>\n<p>&nbsp;<\/p>\n<h2><strong>Caracter\u00edsticas del producto WASPE Crystal 40000<\/strong><\/h2>\n<ol>\n<li><strong>Caladas M\u00e1ximas<\/strong>: 40000<\/li>\n<li><strong>Sabores Duales<\/strong>: 20000 Caladas + 20000 Caladas = 40000 Caladas<\/li>\n<li><strong>Concentraci\u00f3n de Nicotina<\/strong>: 0% \/ 2% \/ 3% \/ 5%<\/li>\n<li><strong>Capacidad Precargada<\/strong>: 32mL<\/li>\n<li><strong>Capacidad de Bater\u00eda<\/strong>: 850mAh<\/li>\n<li><strong>Puerto de Carga<\/strong>: USB Tipo-C<\/li>\n<li><strong>Operaci\u00f3n<\/strong>: Activaci\u00f3n por inhalaci\u00f3n<\/li>\n<li><strong>Bobina de malla dual de 0.9ohm<\/strong><\/li>\n<li><strong>Pantalla LED<\/strong><\/li>\n<li><strong>Indicador de nivel de bater\u00eda<\/strong><\/li>\n<li><strong>Indicador de nivel de e-l\u00edquido<\/strong><\/li>\n<\/ol>\n<h2 class=\"product-title\"><strong>Lista de sabores WASPE Crystal 40000<\/strong><\/h2>\n<p>1. Sand\u00eda helada<br \/>\n2. Red Bull helado<br \/>\n3. Fresa Red Bull<br \/>\n4. Caramelo de ar\u00e1ndanos<br \/>\n5. Fresa kiwi<br \/>\n6. Ar\u00e1ndano Frambuesa<br \/>\n7. Fresa Frambuesa Cereza<br \/>\n8. Melocot\u00f3n Helado<br \/>\n9. Fresa Pl\u00e1tano<br \/>\n10. Uva Helada<br \/>\n11. Bayas Mixtas<br \/>\n12. Ar\u00e1ndano Helado<\/p>\n<h3 class=\"product-title\"><strong>An\u00e1lisis Detallado de la Lista de Sabores de WASPE Crystal 40000 Puffs<\/strong><\/h3>\n<ol>\n<li><strong>Sand\u00eda Helada<\/strong> \u2013 Una refrescante mezcla de sand\u00eda fresca con un toque \u00e1cido de lim\u00f3n y lima.<\/li>\n<li><strong>Ar\u00e1ndano Helado<\/strong> \u2013 Dulces ar\u00e1ndanos se encuentran con la deliciosa efervescencia de la cereza cola con un final helado.<\/li>\n<li><strong>Bayas Mixtas<\/strong> \u2013 Una mezcla afrutada de bayas mixtas con el toque \u00e1cido de la limonada de frambuesa.<\/li>\n<li><strong>Uva Helada<\/strong> \u2013 Sabor a uva jugosa combinado con el ex\u00f3tico frescor del hielo de drag\u00f3n negro.<\/li>\n<li><strong>Fresa Pl\u00e1tano<\/strong> \u2013 Una fusi\u00f3n tropical de pl\u00e1tano cremoso, fresa dulce y pi\u00f1a coco helada.<\/li>\n<li><strong>Melocot\u00f3n Helado<\/strong> \u2013 Suave melocot\u00f3n helado mezclado con jugosa sand\u00eda y mango.<\/li>\n<li><strong>Fresa Frambuesa Cereza<\/strong> \u2013 Una deliciosa mezcla de fresas, frambuesas, cerezas y el misterioso sabor Love 666.<\/li>\n<li><strong>Ar\u00e1ndano Frambuesa<\/strong> \u2013 Dulces ar\u00e1ndanos y frambuesas mezclados con melocot\u00f3n y bayas heladas.<\/li>\n<li><strong>Fresa Kiwi<\/strong> \u2013 Una deliciosa mezcla de dulces fresas con kiwi \u00e1cido y cereza.<\/li>\n<li><strong>Caramelo de Ar\u00e1ndano<\/strong> \u2013 Una dulzura de ar\u00e1ndano similar a la de un caramelo combinada con jugosa sand\u00eda y fresa.<\/li>\n<li><strong>Fresa Red Bull<\/strong> \u2013 Una mezcla \u00fanica del sabor energizante de Red Bull con cereza y ar\u00e1ndano dulce.<\/li>\n<li><strong>Red Bull Helado<\/strong> \u2013 Un refrescante Red Bull helado combinado con mango y fresa dulce.<\/li>\n<\/ol>\n<h3>\u00bfPor qu\u00e9 elegir vapestornado para la venta al por mayor del vaporizador WASPE Crystal 40000?<\/h3>\n<div class=\"flex-shrink-0 flex flex-col relative items-end\">\n<div class=\"pt-0\">\n<div class=\"gizmo-bot-avatar flex h-8 w-8 items-center justify-center overflow-hidden rounded-full\">\n<div class=\"relative p-1 rounded-sm flex items-center justify-center bg-token-main-surface-primary text-token-text-primary h-8 w-8\">\n<p>Bienvenido a vapestornado, tu tienda de vapeo en l\u00ednea de confianza para vapers desechables de primera calidad. Con m\u00e1s de 5 a\u00f1os de experiencia, te traemos marcas populares de vapers desechables como Fumot RandM Vape, <a href=\"https:\/\/vapestornado.com\/es\/product\/vapme-crystal-7000-puffs-rechargeable-disposable-vape-wholesale-cheap-price\/\">Vapme<\/a>, Bang Vape, Waspe Vape y WGA Vape, ect.<\/p>\n<p>Nuestra gama incluye vapers de gran venta como el <a href=\"https:\/\/vapestornado.com\/es\/product\/fumot-randm-tornado-15000-puffs-rechargeable-disposable-vape-wholesale\/\">Tornado RandM 15000<\/a>y opciones ricas en sabor como el <a href=\"https:\/\/vapestornado.com\/es\/product\/waspe-40000-puffs-double-flavour-led-display-disposable-vape-wholesale\/\">WASPE Sabor Doble 40000 Caladas<\/a> . Cada producto se elige centr\u00e1ndose en la calidad, el valor y la variedad, lo que garantiza que encuentre la combinaci\u00f3n perfecta para sus necesidades. Descubra un servicio excepcional y una amplia gama de los mejores productos a precio mayorista en vapestornado.<\/p>\n<\/div>\n<h3><\/h3>\n<div class=\"relative p-1 rounded-sm flex items-center justify-center bg-token-main-surface-primary text-token-text-primary h-8 w-8\">\n<h3>Preguntas frecuentes sobre el vaporizador desechable WASPE Crystal 40000<\/h3>\n<\/div>\n<\/div>\n<\/div>\n<\/div>\n<div class=\"flex-shrink-0 flex flex-col relative items-end\">\n<div class=\"pt-0\">\n<div class=\"gizmo-bot-avatar flex h-8 w-8 items-center justify-center overflow-hidden rounded-full\">\n<div class=\"relative p-1 rounded-sm flex items-center justify-center bg-token-main-surface-primary text-token-text-primary h-8 w-8\">\n<div class=\"mb-2 flex gap-3 empty:hidden -ml-2\">\n<ol>\n<li><strong>\u00bfCu\u00e1nto tiempo tarda en cargarse por completo el WASPE Crystal?<\/strong>\n<ul>\n<li>Con la carga r\u00e1pida Tipo-C, el dispositivo tarda aproximadamente 1 hora en cargarse por completo.<\/li>\n<\/ul>\n<\/li>\n<li><strong>\u00bfD\u00f3nde puedo comprar el WASPE Crystal a precio mayorista?<\/strong>\n<ul>\n<li>Puedes comprarlo a precios mayoristas en vapestornado, que ofrece excelentes ofertas y opciones a granel.<\/li>\n<\/ul>\n<\/li>\n<li><strong>\u00bfC\u00f3mo funciona el sistema de doble sabor?<\/strong>\n<ul>\n<li>Simplemente ajusta la configuraci\u00f3n del flujo de aire para cambiar sin problemas entre los dos sabores.<\/li>\n<\/ul>\n<\/li>\n<li><strong>\u00bfEs el WASPE Crystal adecuado para principiantes?<\/strong>\n<ul>\n<li>S\u00ed, es f\u00e1cil de usar y ofrece una opci\u00f3n de nicotina al 0%, lo que lo hace perfecto para principiantes.<\/li>\n<\/ul>\n<\/li>\n<li><strong>\u00bfQu\u00e9 tipo de carga admite el WASPE Crystal?<\/strong>\n<ul>\n<li>Admite la carga Tipo-C, lo que lo hace compatible con la mayor\u00eda de los cargadores modernos.<\/li>\n<\/ul>\n<\/li>\n<\/ol>\n<h2>\u00bfC\u00f3mo ordenar?<\/h2>\n<p><strong>1. \u00bfQu\u00e9 m\u00e9todos de pago aceptan?<\/strong><br \/>\nAceptamos transferencia IBAN y <span style=\"font-size: 16px;\">Western Union<\/span>\u00a0para transacciones seguras y convenientes.<\/p>\n<p><strong>2. \u00bfC\u00f3mo puedo rastrear mi pedido?<\/strong><br \/>\nDespu\u00e9s de que se env\u00ede su pedido, <span class=\"selectable-text copyable-text false\">mantendremos actualizada la traza de los cargamentos hasta que los reciba<\/span>.<\/p>\n<p><strong>3. \u00bfCu\u00e1l es el tiempo estimado de env\u00edo?<\/strong><\/p>\n<ul>\n<li>Env\u00edo desde <strong>Almacenes en China<\/strong> tarda aproximadamente <strong>7-14 d\u00edas h\u00e1biles<\/strong>.<\/li>\n<li>Env\u00edo desde <strong>Almacenes europeos<\/strong> normalmente tarda <strong>3-6 d\u00edas h\u00e1biles<\/strong>.<\/li>\n<\/ul>\n<p><strong>4. \u00bfC\u00f3mo puedo obtener una entrega m\u00e1s r\u00e1pida?<\/strong><br \/>\nPara una entrega m\u00e1s r\u00e1pida, recomendamos realizar el pedido desde nuestro <strong>almac\u00e9n europeo<\/strong>, que ofrece tiempos de env\u00edo m\u00e1s r\u00e1pidos.<\/p>\n<p><strong>5. \u00bfC\u00f3mo devuelvo un art\u00edculo?<\/strong><br \/>\nPara devolver un art\u00edculo, p\u00f3ngase en contacto con nuestro equipo de atenci\u00f3n al cliente para obtener instrucciones detalladas sobre el proceso de devoluci\u00f3n.<\/p>\n<p><strong>6. \u00bfOfrecen env\u00edos internacionales?<\/strong><br \/>\nS\u00ed, realizamos env\u00edos a la mayor\u00eda de los pa\u00edses y gestionamos el <strong>despacho de aduanas<\/strong> para una experiencia de entrega sin problemas.<\/p>\n<p><strong>7. \u00bfQu\u00e9 ocurre si recibo un producto da\u00f1ado o defectuoso?<\/strong><br \/>\nSi su art\u00edculo est\u00e1 da\u00f1ado o defectuoso, p\u00f3ngase en contacto con el servicio de atenci\u00f3n al cliente para obtener un <strong>reemplazo o reembolso<\/strong>.<\/p>\n<p><strong>8. \u00bfC\u00f3mo puedo contactar con el servicio de atenci\u00f3n al cliente?<\/strong><br \/>\nPuede contactarnos a trav\u00e9s de <strong>correo electr\u00f3nico, WhatsApp o chat en vivo<\/strong> en nuestro sitio web para cualquier ayuda.<\/p>\n<\/div>\n<\/div>\n<\/div>\n<\/div>\n<\/div>","protected":false},"excerpt":{"rendered":"<p>Mejor Waspe Crystal Vape 40000 Puffs Doble Sabor Bajo Contenido de Nicotina Vape Desechable Venta al por Mayor<br \/>\nWASPE Crystal 40000 Puffs Doble Sabor Pantalla LED Vape Desechable Compra a Granel<br \/>\nWASPE Crystal 40000 Puffs 2 en 1 Sabor Vapes Desechables Recargables Precio Barato<\/p>\n<p><strong>\u00a1A\u00f1ade el WhatsApp de Amy para obtener una respuesta correcta y un cup\u00f3n de vape!<\/strong><\/p>\n<p><img fetchpriority=\"high\" decoding=\"async\" class=\"size-full wp-image-2932\" src=\"https:\/\/vapestornado.com\/wp-content\/uploads\/2024\/12\/Vape-Wholesale.jpg\" alt=\"Vape al por mayor\" width=\"229\" height=\"300\" \/><\/p>\n<h3><a href=\"https:\/\/wa.me\/8617776015835\"><span style=\"color: #ff0000;\"><strong>WhatsApp: +86 17776015835<\/strong><\/span><\/a><\/h3>\n<p>&nbsp;<\/p>","protected":false},"featured_media":3756,"comment_status":"open","ping_status":"closed","template":"","meta":{"_acf_changed":false,"_uag_custom_page_level_css":"","_lmt_disableupdate":"no","_lmt_disable":"","_monsterinsights_skip_tracking":false,"_monsterinsights_sitenote_active":false,"_monsterinsights_sitenote_note":"","_monsterinsights_sitenote_category":0,"site-sidebar-layout":"default","site-content-layout":"","ast-site-content-layout":"default","site-content-style":"default","site-sidebar-style":"default","ast-global-header-display":"","ast-banner-title-visibility":"","ast-main-header-display":"","ast-hfb-above-header-display":"","ast-hfb-below-header-display":"","ast-hfb-mobile-header-display":"","site-post-title":"","ast-breadcrumbs-content":"","ast-featured-img":"","footer-sml-layout":"","ast-disable-related-posts":"","theme-transparent-header-meta":"default","adv-header-id-meta":"","stick-header-meta":"","header-above-stick-meta":"","header-main-stick-meta":"","header-below-stick-meta":"","astra-migrate-meta-layouts":"set","ast-page-background-enabled":"default","ast-page-background-meta":{"desktop":{"background-color":"","background-image":"","background-repeat":"repeat","background-position":"center center","background-size":"auto","background-attachment":"scroll","background-type":"","background-media":"","overlay-type":"","overlay-color":"","overlay-opacity":"","overlay-gradient":""},"tablet":{"background-color":"","background-image":"","background-repeat":"repeat","background-position":"center center","background-size":"auto","background-attachment":"scroll","background-type":"","background-media":"","overlay-type":"","overlay-color":"","overlay-opacity":"","overlay-gradient":""},"mobile":{"background-color":"","background-image":"","background-repeat":"repeat","background-position":"center center","background-size":"auto","background-attachment":"scroll","background-type":"","background-media":"","overlay-type":"","overlay-color":"","overlay-opacity":"","overlay-gradient":""}},"ast-content-background-meta":{"desktop":{"background-color":"var(--ast-global-color-5)","background-image":"","background-repeat":"repeat","background-position":"center center","background-size":"auto","background-attachment":"scroll","background-type":"","background-media":"","overlay-type":"","overlay-color":"","overlay-opacity":"","overlay-gradient":""},"tablet":{"background-color":"var(--ast-global-color-5)","background-image":"","background-repeat":"repeat","background-position":"center center","background-size":"auto","background-attachment":"scroll","background-type":"","background-media":"","overlay-type":"","overlay-color":"","overlay-opacity":"","overlay-gradient":""},"mobile":{"background-color":"var(--ast-global-color-5)","background-image":"","background-repeat":"repeat","background-position":"center center","background-size":"auto","background-attachment":"scroll","background-type":"","background-media":"","overlay-type":"","overlay-color":"","overlay-opacity":"","overlay-gradient":""}},"_joinchat":{"telephone":"+8617776015835"}},"product_brand":[],"product_cat":[19,65,140,153,155,141,142,60],"product_tag":[120,97,94,93,237,163],"class_list":{"0":"post-3734","1":"product","2":"type-product","3":"status-publish","4":"has-post-thumbnail","6":"product_cat-vapes","7":"product_cat-40000-puff","8":"product_cat-big-puffs-disposable-vapes","9":"product_cat-buy-disposable-vapes-in-italy","10":"product_cat-buy-disposable-vapes-in-norway","11":"product_cat-crystal-disposable-vapes","12":"product_cat-digital-box-disposable-vapes","13":"product_cat-waspe-fihp-vape","14":"product_tag-crystal-vape","15":"product_tag-hot-sale-disposable-vape","16":"product_tag-rechargeable-disposable-vape","17":"product_tag-vape-wholesale","18":"product_tag-waspe-crystal-40000","19":"product_tag-waspe-vape","20":"desktop-align-left","21":"tablet-align-left","22":"mobile-align-left","24":"first","25":"instock","26":"sale","27":"shipping-taxable","28":"purchasable","29":"product-type-simple"},"acf":[],"uagb_featured_image_src":{"full":["https:\/\/vapestornado.com\/wp-content\/uploads\/2025\/01\/WASPE-40000-Puffs-Crystal-Disposable-Vape-Wholesale-Price.webp",1000,1000,false],"thumbnail":["https:\/\/vapestornado.com\/wp-content\/uploads\/2025\/01\/WASPE-40000-Puffs-Crystal-Disposable-Vape-Wholesale-Price-150x150.webp",150,150,true],"medium":["https:\/\/vapestornado.com\/wp-content\/uploads\/2025\/01\/WASPE-40000-Puffs-Crystal-Disposable-Vape-Wholesale-Price-300x300.webp",300,300,true],"medium_large":["https:\/\/vapestornado.com\/wp-content\/uploads\/2025\/01\/WASPE-40000-Puffs-Crystal-Disposable-Vape-Wholesale-Price-768x768.webp",768,768,true],"large":["https:\/\/vapestornado.com\/wp-content\/uploads\/2025\/01\/WASPE-40000-Puffs-Crystal-Disposable-Vape-Wholesale-Price.webp",1000,1000,false],"1536x1536":["https:\/\/vapestornado.com\/wp-content\/uploads\/2025\/01\/WASPE-40000-Puffs-Crystal-Disposable-Vape-Wholesale-Price.webp",1000,1000,false],"2048x2048":["https:\/\/vapestornado.com\/wp-content\/uploads\/2025\/01\/WASPE-40000-Puffs-Crystal-Disposable-Vape-Wholesale-Price.webp",1000,1000,false],"trp-custom-language-flag":["https:\/\/vapestornado.com\/wp-content\/uploads\/2025\/01\/WASPE-40000-Puffs-Crystal-Disposable-Vape-Wholesale-Price.webp",12,12,false],"woocommerce_thumbnail":["https:\/\/vapestornado.com\/wp-content\/uploads\/2025\/01\/WASPE-40000-Puffs-Crystal-Disposable-Vape-Wholesale-Price-300x300.webp",300,300,true],"woocommerce_single":["https:\/\/vapestornado.com\/wp-content\/uploads\/2025\/01\/WASPE-40000-Puffs-Crystal-Disposable-Vape-Wholesale-Price-600x600.webp",600,600,true],"woocommerce_gallery_thumbnail":["https:\/\/vapestornado.com\/wp-content\/uploads\/2025\/01\/WASPE-40000-Puffs-Crystal-Disposable-Vape-Wholesale-Price-100x100.webp",100,100,true]},"uagb_author_info":{"display_name":"ESAMY","author_link":"https:\/\/vapestornado.com\/es\/author\/"},"uagb_comment_info":0,"uagb_excerpt":"Best Waspe Crystal Vape 40000 Puffs Dual Flavors Low Nicotine Disposable Vape Wholesale WASPE Crystal 40000 Puffs Double Flavor LED Display Disposable Vape Bulk Buy WASPE Crystal 40000 Puffs 2 in 1 Flavor Rechargeable Disposable Vapes Cheap Price Add Amy's whatsapp get right reply and vape vape coupon! WhatsApp: +86 17776015835 &nbsp;","_links":{"self":[{"href":"https:\/\/vapestornado.com\/es\/wp-json\/wp\/v2\/product\/3734","targetHints":{"allow":["GET"]}}],"collection":[{"href":"https:\/\/vapestornado.com\/es\/wp-json\/wp\/v2\/product"}],"about":[{"href":"https:\/\/vapestornado.com\/es\/wp-json\/wp\/v2\/types\/product"}],"replies":[{"embeddable":true,"href":"https:\/\/vapestornado.com\/es\/wp-json\/wp\/v2\/comments?post=3734"}],"wp:featuredmedia":[{"embeddable":true,"href":"https:\/\/vapestornado.com\/es\/wp-json\/wp\/v2\/media\/3756"}],"wp:attachment":[{"href":"https:\/\/vapestornado.com\/es\/wp-json\/wp\/v2\/media?parent=3734"}],"wp:term":[{"taxonomy":"product_brand","embeddable":true,"href":"https:\/\/vapestornado.com\/es\/wp-json\/wp\/v2\/product_brand?post=3734"},{"taxonomy":"product_cat","embeddable":true,"href":"https:\/\/vapestornado.com\/es\/wp-json\/wp\/v2\/product_cat?post=3734"},{"taxonomy":"product_tag","embeddable":true,"href":"https:\/\/vapestornado.com\/es\/wp-json\/wp\/v2\/product_tag?post=3734"}],"curies":[{"name":"wp","href":"https:\/\/api.w.org\/{rel}","templated":true}]}}