{"id":3726,"date":"2025-01-13T07:22:44","date_gmt":"2025-01-13T07:22:44","guid":{"rendered":"https:\/\/vapestornado.com\/?post_type=product&#038;p=3726"},"modified":"2025-08-23T12:33:57","modified_gmt":"2025-08-23T12:33:57","slug":"bang-king-35k-35000-puffs-2-in-1-dual-flavour-disposable-vape-wholesale-cheap-price","status":"publish","type":"product","link":"https:\/\/vapestornado.com\/es\/product\/bang-king-35k-35000-puffs-2-in-1-dual-flavour-disposable-vape-wholesale-cheap-price\/","title":{"rendered":"Bang King 35K 35000 Caladas 2 en 1 Vape Desechable de Doble Sabor Precio Barato al por Mayor"},"content":{"rendered":"<h1 class=\"product-title\">Bang King 35K 35000 Caladas 2 en 1 Vape Desechable de Doble Sabor Precio Barato al por Mayor<\/h1>\n<p>&nbsp;<\/p>\n<p>\u00bfPor qu\u00e9 el <strong>Bang King 35K 35000 Caladas 2 en 1 Vape Desechable de Doble Sabor<\/strong> se est\u00e1 volviendo popular? Este dispositivo combina conveniencia, sabor y asequibilidad, todo en uno. Con una elegante pantalla digital, un impresionante n\u00famero de caladas y dos sabores distintos en un solo dispositivo, este vape redefine lo que los vapes desechables pueden ofrecer.<\/p>\n<p>\u00a1D\u00edgale adi\u00f3s a los reemplazos frecuentes! Con la friolera de <strong>35,000 caladas<\/strong>, el Bang King 35K asegura una satisfacci\u00f3n duradera, convirti\u00e9ndolo en uno de los m\u00e1s <strong>vapes desechables populares<\/strong> en el mercado. \u00bfPor qu\u00e9 conformarse con un solo sabor cuando puede tener dos? Disfrute del <strong>dise\u00f1o de sabor 2 en 1<\/strong>, que le permite cambiar entre dos sabores incre\u00edbles en un solo dispositivo. Saboree el doble de sabor, todo en un elegante paquete. Mantenga el control con la <strong>pantalla t\u00e1ctil LED<\/strong>. Muestra la duraci\u00f3n de la bater\u00eda, los niveles de e-l\u00edquido y le permite ajustar el flujo de aire y la configuraci\u00f3n de energ\u00eda para una experiencia personalizable.<\/p>\n<p>Con tres modos de flujo de aire, puede ajustar f\u00e1cilmente la calada para que se adapte a su preferencia. Ya sea que prefiera caladas suaves o robustas, este vape se adapta a usted. La <strong>bater\u00eda recargable de 700mAh<\/strong> y el <strong>carga Tipo-C<\/strong> garantiza recargas r\u00e1pidas y eficientes, manteniendo su dispositivo encendido durante todo el d\u00eda. El <strong>tanque de e-l\u00edquido de 35ML<\/strong> reduce la necesidad de recargas frecuentes, ofreciendo un vapeo m\u00e1s ininterrumpido. Perfecto para compradores al por mayor, el <strong>precio al por mayor<\/strong> lo hace ideal para revendedores y entusiastas del vapeo que buscan la mejor oferta.<\/p>\n<p><span style=\"color: #ff0000;\"><strong>\u00a1A\u00f1ade a Amy en Whatsapp para obtener una respuesta r\u00e1pida y cupones de vapeo!<\/strong><\/span><\/p>\n<p><img fetchpriority=\"high\" decoding=\"async\" class=\"size-full wp-image-2932\" src=\"https:\/\/vapestornado.com\/wp-content\/uploads\/2024\/12\/Vape-Wholesale.jpg\" alt=\"Vape al por mayor\" width=\"229\" height=\"300\" \/><\/p>\n<h3><a href=\"https:\/\/wa.me\/8617776015835\" target=\"_blank\" rel=\"noopener\"><span style=\"color: #ff0000;\"><strong>WhatsApp: +86 17776015835<\/strong><\/span><\/a><\/h3>\n<p>&nbsp;<\/p>\n<h2 class=\"product-title\"><strong>Caracter\u00edsticas del producto Bang King 35K<\/strong><\/h2>\n<div role=\"article\" data-tabster=\"{&quot;groupper&quot;:{&quot;tabbability&quot;:2},&quot;focusable&quot;:{}}\" data-content=\"ai-message\" aria-labelledby=\"juhNTJ6o7Gk1cgwZMJgv2-author juhNTJ6o7Gk1cgwZMJgv2-content\">\n<div id=\"juhNTJ6o7Gk1cgwZMJgv2-content\">\n<div role=\"article\" data-tabster=\"{&quot;groupper&quot;:{&quot;tabbability&quot;:2},&quot;focusable&quot;:{}}\" data-content=\"ai-message\" aria-labelledby=\"x4EZuCZWrTbh3weWUt7CU-author x4EZuCZWrTbh3weWUt7CU-content\">\n<div id=\"x4EZuCZWrTbh3weWUt7CU-content\">\n<div class=\"flex max-w-full flex-col flex-grow\">\n<div class=\"min-h-8 text-message flex w-full flex-col items-end gap-2 whitespace-normal break-words text-start [.text-message+&amp;]:mt-5\" dir=\"auto\" data-message-author-role=\"assistant\" data-message-id=\"52c6e00a-252f-4104-805d-2f1a84739c71\" data-message-model-slug=\"gpt-4o\">\n<div class=\"flex w-full flex-col gap-1 empty:hidden first:pt-[3px]\">\n<div class=\"markdown prose w-full break-words dark:prose-invert light\">\n<div class=\"flex max-w-full flex-col flex-grow\">\n<div class=\"min-h-8 text-message flex w-full flex-col items-end gap-2 whitespace-normal break-words text-start [.text-message+&amp;]:mt-5\" dir=\"auto\" data-message-author-role=\"assistant\" data-message-id=\"3c321776-aace-4a97-95f3-35c104de1c0a\" data-message-model-slug=\"gpt-4o\">\n<div class=\"flex w-full flex-col gap-1 empty:hidden first:pt-[3px]\">\n<div class=\"markdown prose w-full break-words dark:prose-invert light\">\n<h3><\/h3>\n<ul>\n<li><strong>Caladas:<\/strong> Hasta 35.000<\/li>\n<li><strong>Bater\u00eda:<\/strong> 700mAh recargable con carga Tipo-C<\/li>\n<li><strong>Sabores:<\/strong> Doble sabor en un dispositivo<\/li>\n<li><strong>Flujo de aire:<\/strong> Personalizable con tres modos<\/li>\n<li><strong>Capacidad de E-l\u00edquido:<\/strong> 35ML<\/li>\n<li><strong>Pantalla digital:<\/strong> Pantalla t\u00e1ctil LED para monitoreo y ajustes<\/li>\n<li><strong>Portabilidad:<\/strong> Dise\u00f1o ligero, perfecto para llevar<\/li>\n<\/ul>\n<\/div>\n<\/div>\n<\/div>\n<\/div>\n<\/div>\n<\/div>\n<\/div>\n<\/div>\n<div class=\"mb-2 flex gap-3 empty:hidden -ml-2\">\n<figure id=\"attachment_3733\" aria-describedby=\"caption-attachment-3733\" style=\"width: 800px\" class=\"wp-caption alignnone\"><img decoding=\"async\" class=\"wp-image-3733 size-full\" src=\"https:\/\/vapestornado.com\/wp-content\/uploads\/2025\/01\/Bangking-Vape-36000-Disposable-Vape-Wholesale.webp\" alt=\"Venta al por mayor de vape desechable Bangking Vape 35000\" width=\"800\" height=\"800\" srcset=\"https:\/\/vapestornado.com\/wp-content\/uploads\/2025\/01\/Bangking-Vape-36000-Disposable-Vape-Wholesale.webp 800w, https:\/\/vapestornado.com\/wp-content\/uploads\/2025\/01\/Bangking-Vape-36000-Disposable-Vape-Wholesale-300x300.webp 300w, https:\/\/vapestornado.com\/wp-content\/uploads\/2025\/01\/Bangking-Vape-36000-Disposable-Vape-Wholesale-150x150.webp 150w, https:\/\/vapestornado.com\/wp-content\/uploads\/2025\/01\/Bangking-Vape-36000-Disposable-Vape-Wholesale-768x768.webp 768w, https:\/\/vapestornado.com\/wp-content\/uploads\/2025\/01\/Bangking-Vape-36000-Disposable-Vape-Wholesale-600x600.webp 600w, https:\/\/vapestornado.com\/wp-content\/uploads\/2025\/01\/Bangking-Vape-36000-Disposable-Vape-Wholesale-100x100.webp 100w\" sizes=\"(max-width: 800px) 100vw, 800px\" \/><figcaption id=\"caption-attachment-3733\" class=\"wp-caption-text\">Venta al por mayor de vape desechable Bangking Vape 35000<\/figcaption><\/figure>\n<\/div>\n<\/div>\n<\/div>\n<\/div>\n<\/div>\n<h2 class=\"product-title\"><strong>Sabor popular para Bang King 35K<\/strong><strong>\u00a0<\/strong><strong>Vapes Desechables<\/strong><\/h2>\n<p>Ya sea que prefiera una escapada tropical o un deleite helado, <strong>Bangking 35000 Puffs Vape Desechable de Doble Sabor<\/strong> \u00a1tiene la combinaci\u00f3n perfecta para mantener sus papilas gustativas satisfechas! \u00bfCu\u00e1l es el sabor popular para BANG KING 35000 Vape? Por favor, averig\u00fce lo que dicen nuestros clientes.<\/p>\n<p>1.Blue Razz Ice + Juicy Peach Ice<br \/>\n2. Fresa Sand\u00eda + Hielo de Sand\u00eda <span style=\"color: #ff0000;\"><strong>&gt;&gt;&gt;&gt; \u00a1Caliente!<\/strong><\/span><br \/>\n3. Fresa Pl\u00e1tano + Doble Manzana<br \/>\n4. Hielo de Triple Baya + Fruta Tropical<br \/>\n5. Bomba de Cereza + Hielo de Uva <span style=\"color: #ff0000;\"><strong>&gt;&gt;&gt;&gt; \u00a1Caliente!<\/strong><\/span><br \/>\n6. Melocot\u00f3n Mango + Fresa Mango<br \/>\n7. Mango Lima + Menta Fresca<br \/>\n8. Cherry Pop + Mr. Blue<br \/>\n9. Hielo de Drag\u00f3n Negro + Fresa Kiwi<br \/>\n10. Red Bull + Melocot\u00f3n Baya <span style=\"color: #ff0000;\"><strong>&gt;&gt;&gt;&gt; \u00a1Caliente!<\/strong><\/span><br \/>\n11. Lim\u00f3n Rosado + Mr. Blue<br \/>\n12. Kiwi, maracuy\u00e1, guayaba + cereza azul y lim\u00f3n<\/p>\n<div class=\"flex-shrink-0 flex flex-col relative items-end\">\n<div class=\"pt-0\">\n<div class=\"gizmo-bot-avatar flex h-8 w-8 items-center justify-center overflow-hidden rounded-full\">\n<div class=\"relative p-1 rounded-sm flex items-center justify-center bg-token-main-surface-primary text-token-text-primary h-8 w-8\">\n<h3>Preguntas frecuentes sobre el Bang King 35K Puffs Recargable<strong>\u00a0<\/strong>Vape Desechable<\/h3>\n<h3><\/h3>\n<p><strong>1. \u00bfD\u00f3nde puedo comprar Bang King 35K a precios de mayorista en Espa\u00f1a?<\/strong><br \/>\nPuedes comprarlo en Vapestornado<strong>\u00a0tienda de vapeo online<\/strong> o consultar con tu distribuidor local para obtener las mejores ofertas.<\/p>\n<p><strong>2. \u00bfC\u00f3mo s\u00e9 cu\u00e1ndo el e-l\u00edquido se est\u00e1 agotando?<\/strong><br \/>\nEl <strong>pantalla digital<\/strong> muestra los niveles de e-l\u00edquido, manteni\u00e9ndote informado en todo momento.<\/p>\n<p><strong>3. \u00bfC\u00f3mo recargo el Bang King 35000?<\/strong><br \/>\nSimplemente usa el <strong>Puerto de carga tipo C<\/strong> para una recarga r\u00e1pida y sin complicaciones.<\/p>\n<p><strong>4. \u00bfQu\u00e9 hace que este vape Bang King 35k destaque entre otras marcas de vape desechables?<\/strong><br \/>\nEl <strong>dise\u00f1o de doble sabor<\/strong>, <strong>flujo de aire personalizable<\/strong>, y masivo <strong>35,000 caladas<\/strong> lo distinguen, convirti\u00e9ndolo en uno de los <strong>vapes desechables m\u00e1s populares<\/strong>.<\/p>\n<p><strong>5. \u00bfPuedo ajustar el flujo de aire a mi preferencia?<\/strong><br \/>\n\u00a1S\u00ed! El dispositivo ofrece <strong>tres modos de flujo de aire<\/strong> para asegurar que obtengas la calada perfecta cada vez.<\/p>\n<p><strong>6. \u00bfSon los sabores adecuados para preferencias bajas de nicotina?<\/strong><br \/>\nAbsolutamente. El Bang King 35K ofrece <strong>niveles de nicotina personalizables<\/strong> en 0%, 2% y 5%.<\/p>\n<div class=\"flex max-w-full flex-col flex-grow\">\n<div class=\"min-h-8 text-message flex w-full flex-col items-end gap-2 whitespace-normal break-words text-start [.text-message+&amp;]:mt-5\" dir=\"auto\" data-message-author-role=\"assistant\" data-message-id=\"4dc48248-df95-45bd-b800-6dedb43cf7f1\" data-message-model-slug=\"gpt-4o\">\n<div class=\"flex w-full flex-col gap-1 empty:hidden first:pt-[3px]\"><\/div>\n<\/div>\n<\/div>\n<\/div>\n<\/div>\n<\/div>\n<\/div>\n<div class=\"flex-shrink-0 flex flex-col relative items-end\">\n<div class=\"pt-0\">\n<div class=\"gizmo-bot-avatar flex h-8 w-8 items-center justify-center overflow-hidden rounded-full\">\n<div class=\"relative p-1 rounded-sm flex items-center justify-center bg-token-main-surface-primary text-token-text-primary h-8 w-8\">\n<div class=\"mb-2 flex gap-3 empty:hidden -ml-2\">\n<div role=\"article\" data-tabster=\"{&quot;groupper&quot;:{&quot;tabbability&quot;:2},&quot;focusable&quot;:{}}\" data-content=\"ai-message\" aria-labelledby=\"Vdt5ez4X7Tg813x6rFVha-author Vdt5ez4X7Tg813x6rFVha-content\">\n<div id=\"Vdt5ez4X7Tg813x6rFVha-content\">\n<div role=\"article\" data-tabster=\"{&quot;groupper&quot;:{&quot;tabbability&quot;:2},&quot;focusable&quot;:{}}\" data-content=\"ai-message\" aria-labelledby=\"o968oC7CEo2fGHsGdsRYC-author o968oC7CEo2fGHsGdsRYC-content\">\n<div id=\"o968oC7CEo2fGHsGdsRYC-content\">\n<h3>\u00bfPor qu\u00e9 elegir vapestornado para la venta al por mayor de vapes desechables Uwin Crystal 20000 Shisha Hookah?<\/h3>\n<div class=\"flex-shrink-0 flex flex-col relative items-end\">\n<div class=\"pt-0\">\n<div class=\"gizmo-bot-avatar flex h-8 w-8 items-center justify-center overflow-hidden rounded-full\">\n<div class=\"relative p-1 rounded-sm flex items-center justify-center bg-token-main-surface-primary text-token-text-primary h-8 w-8\">\n<p>En la creciente competencia en la industria de los vapes desechables, vapestornado, una plataforma global l\u00edder en soluciones de cigarrillos electr\u00f3nicos al por mayor, ha presentado el innovador vape desechable Bang King 35K Puffs. Con su llamativo dise\u00f1o de cristal y caracter\u00edsticas multifuncionales, este innovador producto combina estilo con funcionalidad. Ofreciendo una amplia selecci\u00f3n de sabores afrutados, su objetivo es satisfacer los diversos gustos de los vapeadores.<\/p>\n<p>vapestornado es tu tienda de vapeo online de confianza para vapes desechables de alta calidad. Te traemos marcas de vapes desechables de gran venta como Waspe Vape, y WGA Vape, Fumot RandM Vape, Vozol Vape, Bang Vape, ect.<\/p>\n<p>Nuestra gama incluye los vapes desechables m\u00e1s populares como el <a href=\"https:\/\/vapestornado.com\/es\/product\/randm-tornado-30000-puffs-music-rechargeable-disposable-vape-pen-wholesale\/\">Randm Tornado 30000<\/a>y opciones ricas en sabor como el <a href=\"https:\/\/vapestornado.com\/es\/product\/uwin-crystal-20000-shisha-hookah-20k-puffs-disposable-vape-factory-cheap-price\/\"> Uwin Crystal 20000 Caladas<\/a> . Cada producto se elige centr\u00e1ndose en la calidad, el valor y la variedad, lo que garantiza que encuentre la combinaci\u00f3n perfecta para sus necesidades. Descubra un servicio excepcional y una amplia gama de los mejores productos a precio mayorista en vapestornado.<\/p>\n<\/div>\n<p>&nbsp;<\/p>\n<p><strong>Otros Vapers Desechables de Gran Venta<\/strong><\/p>\n<p><a href=\"https:\/\/vapestornado.com\/es\/product\/fumot-randm-tornado-25000-puffs-touch-disposable-vape-wholesale-online\/\">Fumot 25000 Caladas <span style=\"color: #ff0000;\"><strong>&gt;&gt;&gt;&gt; \u00a1Ir!<\/strong><\/span><\/a><\/p>\n<p><a href=\"https:\/\/vapestornado.com\/es\/product\/bang-36000-smart-disposable-vape-wholesale-shop-online\/\">Bang 36000 Caladas<span style=\"color: #ff0000;\"><strong>&gt;&gt;&gt;&gt; \u00a1Ir!<\/strong><\/span><\/a><\/p>\n<p><a href=\"https:\/\/vapestornado.com\/es\/product\/randm-tornado-9000-puffs-rechargeable-disposable-vape-wholesale-online\/\">RandM Tornado 9000 <span style=\"color: #ff0000;\"><strong>&gt;&gt;&gt;&gt; \u00a1Ir!<\/strong><\/span><\/a><\/p>\n<\/div>\n<\/div>\n<\/div>\n<p>&nbsp;<\/p>\n<\/div>\n<\/div>\n<\/div>\n<\/div>\n<\/div>\n<\/div>\n<\/div>\n<\/div>\n<\/div>","protected":false},"excerpt":{"rendered":"<p>Bang King 35000 Caladas Pantalla Inteligente Desechable al por Mayor<br \/>\nBang King 35000 Caladas Vape Desechable Compra al por Mayor<br \/>\nBang King Tornado 35000 35K Caladas Vape Desechable Pen<\/p>\n<p><strong>\u00a1A\u00f1ade el whatsapp de Amy para obtener una respuesta inmediata y cup\u00f3n para vaper!<\/strong><\/p>\n<p><img fetchpriority=\"high\" decoding=\"async\" class=\"size-full wp-image-2932\" src=\"https:\/\/vapestornado.com\/wp-content\/uploads\/2024\/12\/Vape-Wholesale.jpg\" alt=\"Vape al por mayor\" width=\"229\" height=\"300\" \/><\/p>\n<h3><a href=\"https:\/\/wa.me\/8617776015835\"><span style=\"color: #ff0000;\"><strong>WhatsApp: +86 17776015835<\/strong><\/span><\/a><\/h3>\n<p>&nbsp;<\/p>","protected":false},"featured_media":3731,"comment_status":"open","ping_status":"closed","template":"","meta":{"_acf_changed":false,"_uag_custom_page_level_css":"","_lmt_disableupdate":"no","_lmt_disable":"","_monsterinsights_skip_tracking":false,"_monsterinsights_sitenote_active":false,"_monsterinsights_sitenote_note":"","_monsterinsights_sitenote_category":0,"site-sidebar-layout":"default","site-content-layout":"","ast-site-content-layout":"default","site-content-style":"default","site-sidebar-style":"default","ast-global-header-display":"","ast-banner-title-visibility":"","ast-main-header-display":"","ast-hfb-above-header-display":"","ast-hfb-below-header-display":"","ast-hfb-mobile-header-display":"","site-post-title":"","ast-breadcrumbs-content":"","ast-featured-img":"","footer-sml-layout":"","ast-disable-related-posts":"","theme-transparent-header-meta":"default","adv-header-id-meta":"","stick-header-meta":"","header-above-stick-meta":"","header-main-stick-meta":"","header-below-stick-meta":"","astra-migrate-meta-layouts":"set","ast-page-background-enabled":"default","ast-page-background-meta":{"desktop":{"background-color":"","background-image":"","background-repeat":"repeat","background-position":"center center","background-size":"auto","background-attachment":"scroll","background-type":"","background-media":"","overlay-type":"","overlay-color":"","overlay-opacity":"","overlay-gradient":""},"tablet":{"background-color":"","background-image":"","background-repeat":"repeat","background-position":"center center","background-size":"auto","background-attachment":"scroll","background-type":"","background-media":"","overlay-type":"","overlay-color":"","overlay-opacity":"","overlay-gradient":""},"mobile":{"background-color":"","background-image":"","background-repeat":"repeat","background-position":"center center","background-size":"auto","background-attachment":"scroll","background-type":"","background-media":"","overlay-type":"","overlay-color":"","overlay-opacity":"","overlay-gradient":""}},"ast-content-background-meta":{"desktop":{"background-color":"var(--ast-global-color-5)","background-image":"","background-repeat":"repeat","background-position":"center center","background-size":"auto","background-attachment":"scroll","background-type":"","background-media":"","overlay-type":"","overlay-color":"","overlay-opacity":"","overlay-gradient":""},"tablet":{"background-color":"var(--ast-global-color-5)","background-image":"","background-repeat":"repeat","background-position":"center center","background-size":"auto","background-attachment":"scroll","background-type":"","background-media":"","overlay-type":"","overlay-color":"","overlay-opacity":"","overlay-gradient":""},"mobile":{"background-color":"var(--ast-global-color-5)","background-image":"","background-repeat":"repeat","background-position":"center center","background-size":"auto","background-attachment":"scroll","background-type":"","background-media":"","overlay-type":"","overlay-color":"","overlay-opacity":"","overlay-gradient":""}},"_joinchat":{"telephone":"+8617776015835"}},"product_brand":[],"product_cat":[175,63,153,155,159,143,146],"product_tag":[196,234,165,198,97,166,94],"class_list":{"0":"post-3726","1":"product","2":"type-product","3":"status-publish","4":"has-post-thumbnail","6":"product_cat-35000-puff","7":"product_cat-bangking","8":"product_cat-buy-disposable-vapes-in-italy","9":"product_cat-buy-disposable-vapes-in-norway","10":"product_cat-buy-disposable-vapes-in-sweden","11":"product_cat-dual-mesh-disposable-vapes","12":"product_cat-rechargeable-disposable-vapes","13":"product_tag-bang-vape","14":"product_tag-bangking-35000","15":"product_tag-cheap-vapes","16":"product_tag-double-flavor-disposable-vape","17":"product_tag-hot-sale-disposable-vape","18":"product_tag-low-nicotine-vape","19":"product_tag-rechargeable-disposable-vape","20":"desktop-align-left","21":"tablet-align-left","22":"mobile-align-left","24":"first","25":"instock","26":"sale","27":"shipping-taxable","28":"purchasable","29":"product-type-simple"},"acf":[],"uagb_featured_image_src":{"full":["https:\/\/vapestornado.com\/wp-content\/uploads\/2025\/01\/Bang-Vape-Bangking-36k-Disposable-Vape-Bulk-Price.webp",800,800,false],"thumbnail":["https:\/\/vapestornado.com\/wp-content\/uploads\/2025\/01\/Bang-Vape-Bangking-36k-Disposable-Vape-Bulk-Price-150x150.webp",150,150,true],"medium":["https:\/\/vapestornado.com\/wp-content\/uploads\/2025\/01\/Bang-Vape-Bangking-36k-Disposable-Vape-Bulk-Price-300x300.webp",300,300,true],"medium_large":["https:\/\/vapestornado.com\/wp-content\/uploads\/2025\/01\/Bang-Vape-Bangking-36k-Disposable-Vape-Bulk-Price-768x768.webp",768,768,true],"large":["https:\/\/vapestornado.com\/wp-content\/uploads\/2025\/01\/Bang-Vape-Bangking-36k-Disposable-Vape-Bulk-Price.webp",800,800,false],"1536x1536":["https:\/\/vapestornado.com\/wp-content\/uploads\/2025\/01\/Bang-Vape-Bangking-36k-Disposable-Vape-Bulk-Price.webp",800,800,false],"2048x2048":["https:\/\/vapestornado.com\/wp-content\/uploads\/2025\/01\/Bang-Vape-Bangking-36k-Disposable-Vape-Bulk-Price.webp",800,800,false],"trp-custom-language-flag":["https:\/\/vapestornado.com\/wp-content\/uploads\/2025\/01\/Bang-Vape-Bangking-36k-Disposable-Vape-Bulk-Price.webp",12,12,false],"woocommerce_thumbnail":["https:\/\/vapestornado.com\/wp-content\/uploads\/2025\/01\/Bang-Vape-Bangking-36k-Disposable-Vape-Bulk-Price-300x300.webp",300,300,true],"woocommerce_single":["https:\/\/vapestornado.com\/wp-content\/uploads\/2025\/01\/Bang-Vape-Bangking-36k-Disposable-Vape-Bulk-Price-600x600.webp",600,600,true],"woocommerce_gallery_thumbnail":["https:\/\/vapestornado.com\/wp-content\/uploads\/2025\/01\/Bang-Vape-Bangking-36k-Disposable-Vape-Bulk-Price-100x100.webp",100,100,true]},"uagb_author_info":{"display_name":"ESAMY","author_link":"https:\/\/vapestornado.com\/es\/author\/"},"uagb_comment_info":0,"uagb_excerpt":"Bang King 35000 Puffs Smart Screen Wholesale Disposable Bang King 35000 Puffs Disposable Vape Bulk Buy Bang King Tornado 35000 35K Puffs Disposable Vape Pen Add Amy's whatsapp get right reply and vape coupon! WhatsApp: +86 17776015835 &nbsp;","_links":{"self":[{"href":"https:\/\/vapestornado.com\/es\/wp-json\/wp\/v2\/product\/3726","targetHints":{"allow":["GET"]}}],"collection":[{"href":"https:\/\/vapestornado.com\/es\/wp-json\/wp\/v2\/product"}],"about":[{"href":"https:\/\/vapestornado.com\/es\/wp-json\/wp\/v2\/types\/product"}],"replies":[{"embeddable":true,"href":"https:\/\/vapestornado.com\/es\/wp-json\/wp\/v2\/comments?post=3726"}],"wp:featuredmedia":[{"embeddable":true,"href":"https:\/\/vapestornado.com\/es\/wp-json\/wp\/v2\/media\/3731"}],"wp:attachment":[{"href":"https:\/\/vapestornado.com\/es\/wp-json\/wp\/v2\/media?parent=3726"}],"wp:term":[{"taxonomy":"product_brand","embeddable":true,"href":"https:\/\/vapestornado.com\/es\/wp-json\/wp\/v2\/product_brand?post=3726"},{"taxonomy":"product_cat","embeddable":true,"href":"https:\/\/vapestornado.com\/es\/wp-json\/wp\/v2\/product_cat?post=3726"},{"taxonomy":"product_tag","embeddable":true,"href":"https:\/\/vapestornado.com\/es\/wp-json\/wp\/v2\/product_tag?post=3726"}],"curies":[{"name":"wp","href":"https:\/\/api.w.org\/{rel}","templated":true}]}}