{"id":3724,"date":"2025-01-11T02:00:22","date_gmt":"2025-01-11T02:00:22","guid":{"rendered":"https:\/\/vapestornado.com\/?post_type=product&#038;p=3724"},"modified":"2025-08-23T12:33:40","modified_gmt":"2025-08-23T12:33:40","slug":"uwin-crystal-20000-shisha-hookah-20k-puffs-disposable-vape-factory-cheap-price","status":"publish","type":"product","link":"https:\/\/vapestornado.com\/es\/product\/uwin-crystal-20000-shisha-hookah-20k-puffs-disposable-vape-factory-cheap-price\/","title":{"rendered":"Uwin Crystal 20000 Shisha Hookah 20K Puffs Vape Desechable Precio Barato de F\u00e1brica"},"content":{"rendered":"<h1 class=\"product-title\">Uwin Crystal 20000 Shisha Hookah 20K Puffs Vape Desechable Precio Barato de F\u00e1brica<\/h1>\n<p>El <strong>Uwin Cristal 20000<\/strong> Caladas es tu soluci\u00f3n de vapeo definitiva, ofreciendo un rendimiento, asequibilidad y variedad incre\u00edbles. Con un dise\u00f1o elegante <strong>dise\u00f1o de cristal<\/strong> y el <strong>precio barato de f\u00e1brica<\/strong>, este <strong>vape desechable<\/strong> es perfecto para aquellos que buscan calidad premium a un costo econ\u00f3mico. Obt\u00e9n <strong>20,000 caladas<\/strong> por dispositivo, asegurando una satisfacci\u00f3n a largo plazo sin la necesidad de reemplazos frecuentes. Ideal para usuarios que desean el m\u00e1ximo valor y el m\u00ednimo esfuerzo.<\/p>\n<p>\u00bfBuscas <strong>vapes baratos<\/strong> con calidad de primera? El Uwin Shisha Hookah 20K est\u00e1 disponible a <strong>precios directos de f\u00e1brica<\/strong>, lo que lo convierte en una excelente opci\u00f3n para mayoristas y compradores individuales. La avanzada <strong>resistencia de malla de 0.8\u03a9<\/strong> garantiza una experiencia de vapeo sabrosa y suave. Combinado con 12 opciones de sabor, es perfecto para los entusiastas del sabor.<\/p>\n<p>Elige tu concentraci\u00f3n de nicotina ideal, Uwin Crystal 20000 viene con opciones de nicotina que van desde <strong>0%, 2% y 5%<\/strong>, lo que hace que este dispositivo sea vers\u00e1til para cualquier vapeador. Su dise\u00f1o port\u00e1til y ergon\u00f3mico <strong>dise\u00f1o de cristal<\/strong> es perfecto para los usuarios que valoran tanto la forma como la funci\u00f3n, lo que lo convierte en uno de los <strong>vapes desechables m\u00e1s populares<\/strong> hoy. Consigue el <strong>Uwin Cristal 20000 Puff Shisha Pipa de Agua <\/strong>\u00a0hoy mismo y disfruta de la combinaci\u00f3n perfecta de estilo, sabor y valor.<\/p>\n<p><span style=\"color: #ff0000;\"><strong>\u00a1A\u00f1ade a Amy en Whatsapp para obtener una respuesta r\u00e1pida y cupones de vapeo!<\/strong><\/span><\/p>\n<p><img fetchpriority=\"high\" decoding=\"async\" class=\"size-full wp-image-2932\" src=\"https:\/\/vapestornado.com\/wp-content\/uploads\/2024\/12\/Vape-Wholesale.jpg\" alt=\"Vape al por mayor\" width=\"229\" height=\"300\" \/><\/p>\n<h3><a href=\"https:\/\/wa.me\/8617776015835\" target=\"_blank\" rel=\"noopener\"><span style=\"color: #ff0000;\"><strong>WhatsApp: +86 17776015835<\/strong><\/span><\/a><\/h3>\n<p>&nbsp;<\/p>\n<h2 class=\"product-title\"><strong>Caracter\u00edsticas del producto Uwin Crystal 20000<\/strong><\/h2>\n<div role=\"article\" data-tabster=\"{&quot;groupper&quot;:{&quot;tabbability&quot;:2},&quot;focusable&quot;:{}}\" data-content=\"ai-message\" aria-labelledby=\"juhNTJ6o7Gk1cgwZMJgv2-author juhNTJ6o7Gk1cgwZMJgv2-content\">\n<div id=\"juhNTJ6o7Gk1cgwZMJgv2-content\">\n<div role=\"article\" data-tabster=\"{&quot;groupper&quot;:{&quot;tabbability&quot;:2},&quot;focusable&quot;:{}}\" data-content=\"ai-message\" aria-labelledby=\"x4EZuCZWrTbh3weWUt7CU-author x4EZuCZWrTbh3weWUt7CU-content\">\n<div id=\"x4EZuCZWrTbh3weWUt7CU-content\">\n<div class=\"flex max-w-full flex-col flex-grow\">\n<div class=\"min-h-8 text-message flex w-full flex-col items-end gap-2 whitespace-normal break-words text-start [.text-message+&amp;]:mt-5\" dir=\"auto\" data-message-author-role=\"assistant\" data-message-id=\"52c6e00a-252f-4104-805d-2f1a84739c71\" data-message-model-slug=\"gpt-4o\">\n<div class=\"flex w-full flex-col gap-1 empty:hidden first:pt-[3px]\">\n<div class=\"markdown prose w-full break-words dark:prose-invert light\">\n<div class=\"flex max-w-full flex-col flex-grow\">\n<div class=\"min-h-8 text-message flex w-full flex-col items-end gap-2 whitespace-normal break-words text-start [.text-message+&amp;]:mt-5\" dir=\"auto\" data-message-author-role=\"assistant\" data-message-id=\"3c321776-aace-4a97-95f3-35c104de1c0a\" data-message-model-slug=\"gpt-4o\">\n<div class=\"flex w-full flex-col gap-1 empty:hidden first:pt-[3px]\">\n<div class=\"markdown prose w-full break-words dark:prose-invert light\">\n<h3><\/h3>\n<ol>\n<li><strong>Alto n\u00famero de inhalaciones<\/strong>: Ofrece hasta 20.000 inhalaciones para un uso prolongado.<\/li>\n<li><strong>Opciones de nicotina<\/strong>: Disponible en niveles de nicotina de 0%, 2%, 3% y 5%.<\/li>\n<li><strong>Dise\u00f1o de cristal<\/strong>: Dise\u00f1o ergon\u00f3mico elegante, ligero y port\u00e1til.<\/li>\n<li><strong>Tecnolog\u00eda de bobina de malla<\/strong>: La bobina de malla de 0,8 \u03a9 garantiza un vapor suave y un sabor rico.<\/li>\n<li><strong>Variedad de sabores<\/strong>: Ofrece 12 sabores \u00fanicos para satisfacer diversos gustos.<\/li>\n<li><strong>Gran capacidad de e-l\u00edquido<\/strong>: 22 ml de e-l\u00edquido precargado reducen las recargas frecuentes.<\/li>\n<li><strong>Bater\u00eda recargable<\/strong>: Bater\u00eda de cobalto de 650 mAh con carga r\u00e1pida Tipo-C.<\/li>\n<li><strong>Precios al por mayor asequibles<\/strong>: Perfecto para compras al por mayor con gran valor.<\/li>\n<\/ol>\n<\/div>\n<\/div>\n<\/div>\n<\/div>\n<div class=\"mb-2 flex gap-3 empty:hidden -ml-2\">\n<div class=\"items-center justify-start rounded-xl p-1 flex\"><\/div>\n<\/div>\n<\/div>\n<\/div>\n<\/div>\n<\/div>\n<div class=\"mb-2 flex gap-3 empty:hidden -ml-2\">\n<figure id=\"attachment_3719\" aria-describedby=\"caption-attachment-3719\" style=\"width: 800px\" class=\"wp-caption alignnone\"><img decoding=\"async\" class=\"wp-image-3719 size-full\" src=\"https:\/\/vapestornado.com\/wp-content\/uploads\/2025\/01\/Hookah-Shisha-20k-20000-Puffs-E-Disposable-Vape.webp\" alt=\"Vape Desechable de Narguile Shisha 20k 20000 Puffs E\" width=\"800\" height=\"800\" srcset=\"https:\/\/vapestornado.com\/wp-content\/uploads\/2025\/01\/Hookah-Shisha-20k-20000-Puffs-E-Disposable-Vape.webp 800w, https:\/\/vapestornado.com\/wp-content\/uploads\/2025\/01\/Hookah-Shisha-20k-20000-Puffs-E-Disposable-Vape-300x300.webp 300w, https:\/\/vapestornado.com\/wp-content\/uploads\/2025\/01\/Hookah-Shisha-20k-20000-Puffs-E-Disposable-Vape-150x150.webp 150w, https:\/\/vapestornado.com\/wp-content\/uploads\/2025\/01\/Hookah-Shisha-20k-20000-Puffs-E-Disposable-Vape-768x768.webp 768w, https:\/\/vapestornado.com\/wp-content\/uploads\/2025\/01\/Hookah-Shisha-20k-20000-Puffs-E-Disposable-Vape-600x600.webp 600w, https:\/\/vapestornado.com\/wp-content\/uploads\/2025\/01\/Hookah-Shisha-20k-20000-Puffs-E-Disposable-Vape-100x100.webp 100w\" sizes=\"(max-width: 800px) 100vw, 800px\" \/><figcaption id=\"caption-attachment-3719\" class=\"wp-caption-text\">Vape Desechable de Narguile Shisha 20k 20000 Puffs E<\/figcaption><\/figure>\n<\/div>\n<\/div>\n<\/div>\n<\/div>\n<\/div>\n<h2 class=\"product-title\"><strong>Sabor Popular para Uwin Crystal 20k<\/strong><strong>\u00a0<\/strong><strong>Vapes Desechables<\/strong><\/h2>\n<p>Uwin Crystal 20000 ofrece una impresionante selecci\u00f3n de 12 sabores distintos, que satisfacen todas las preferencias de gusto. \u00bfCu\u00e1les son los sabores m\u00e1s populares para Uwin Crystal 20k? Cada sabor ofrece una experiencia de vapeo \u00fanica, pero Mixed Berries y Lemon Mint se encuentran constantemente entre las mejores opciones por sus perfiles vibrantes, bien equilibrados y satisfactorios. Estos sabores hacen de Uwin Crystal 20000 un destacado en el mundo de los vapes desechables. \u00a1Explora los 12 sabores y encuentra tu favorito hoy!<\/p>\n<ol>\n<li>Sand\u00eda<\/li>\n<li>Mango Helado<\/li>\n<li>Ar\u00e1ndano Frambuesa <span style=\"color: #ff0000;\"><strong>&gt;&gt;&gt;&gt; \u00a1Caliente!<\/strong><\/span><\/li>\n<li>Uva Menta<\/li>\n<li>Maracuy\u00e1<\/li>\n<li>Fresa Kiwi<\/li>\n<li>Doble Manzana<\/li>\n<li>Melocot\u00f3n Helado<\/li>\n<li>Pi\u00f1a Coco<\/li>\n<li>Frutos Rojos<span style=\"color: #ff0000;\"><strong>&gt;&gt;&gt;&gt; \u00a1Lo mejor!<\/strong><\/span><\/li>\n<li>Lim\u00f3n Menta <span style=\"color: #ff0000;\"><strong>&gt;&gt;&gt;&gt; \u00a1Caliente!<\/strong><\/span><\/li>\n<li>Naranja Explosiva<\/li>\n<\/ol>\n<div class=\"flex-shrink-0 flex flex-col relative items-end\">\n<div class=\"pt-0\">\n<div class=\"gizmo-bot-avatar flex h-8 w-8 items-center justify-center overflow-hidden rounded-full\">\n<div class=\"relative p-1 rounded-sm flex items-center justify-center bg-token-main-surface-primary text-token-text-primary h-8 w-8\">\n<h3>Preguntas frecuentes sobre Uwin Crystal 20000 Shisha Hookah Recargable<strong>\u00a0<\/strong>Vape Desechable<\/h3>\n<h3><\/h3>\n<h4><strong>1. \u00bfPor qu\u00e9 elegir la Uwin Shisha Hookah 20K?<\/strong><\/h4>\n<p>Con <strong>20,000 caladas<\/strong>, niveles de nicotina personalizables y un elegante dise\u00f1o de cristal, este dispositivo es pr\u00e1ctico y elegante.<\/p>\n<h4><strong>2. \u00bfEs este vape econ\u00f3mico?<\/strong><\/h4>\n<p>\u00a1S\u00ed! Est\u00e1 disponible en <strong>precios baratos de f\u00e1brica<\/strong>, perfecto para aquellos que buscan <strong>vapes baratos<\/strong> sin sacrificar la calidad.<\/p>\n<h4><strong>3. \u00bfQu\u00e9 sabores est\u00e1n disponibles?<\/strong><\/h4>\n<p>El Uwin Shisha Hookah 20K ofrece 12 sabores \u00fanicos, como <strong>Mango Helado<\/strong>, <strong>Melocot\u00f3n Helado<\/strong>, y <strong>Limonada Rosa<\/strong>.<\/p>\n<h4><strong>4. \u00bfPara qui\u00e9n es ideal este dispositivo?<\/strong><\/h4>\n<p>Es perfecto para todos los usuarios, desde vapeadores ocasionales hasta entusiastas experimentados, gracias a su alto n\u00famero de caladas, amplia gama de sabores y precio asequible.<\/p>\n<h4><strong>5. \u00bfD\u00f3nde comprar vapes desechables como este?<\/strong><\/h4>\n<p>Compra en <strong><a href=\"https:\/\/vapestornado.com\/es\/\" target=\"_new\" rel=\"noopener\">la tienda de vapeo en l\u00ednea vapestornado<\/a><\/strong>, uno de los <strong>sitios de vape desechables m\u00e1s populares<\/strong>, para obtener las mejores ofertas en el Uwin Shisha Hookah 20K.<\/p>\n<div class=\"flex max-w-full flex-col flex-grow\">\n<div class=\"min-h-8 text-message flex w-full flex-col items-end gap-2 whitespace-normal break-words text-start [.text-message+&amp;]:mt-5\" dir=\"auto\" data-message-author-role=\"assistant\" data-message-id=\"4dc48248-df95-45bd-b800-6dedb43cf7f1\" data-message-model-slug=\"gpt-4o\">\n<div class=\"flex w-full flex-col gap-1 empty:hidden first:pt-[3px]\"><\/div>\n<\/div>\n<\/div>\n<\/div>\n<\/div>\n<\/div>\n<\/div>\n<div class=\"flex-shrink-0 flex flex-col relative items-end\">\n<div class=\"pt-0\">\n<div class=\"gizmo-bot-avatar flex h-8 w-8 items-center justify-center overflow-hidden rounded-full\">\n<div class=\"relative p-1 rounded-sm flex items-center justify-center bg-token-main-surface-primary text-token-text-primary h-8 w-8\">\n<div class=\"mb-2 flex gap-3 empty:hidden -ml-2\">\n<div role=\"article\" data-tabster=\"{&quot;groupper&quot;:{&quot;tabbability&quot;:2},&quot;focusable&quot;:{}}\" data-content=\"ai-message\" aria-labelledby=\"Vdt5ez4X7Tg813x6rFVha-author Vdt5ez4X7Tg813x6rFVha-content\">\n<div id=\"Vdt5ez4X7Tg813x6rFVha-content\">\n<div role=\"article\" data-tabster=\"{&quot;groupper&quot;:{&quot;tabbability&quot;:2},&quot;focusable&quot;:{}}\" data-content=\"ai-message\" aria-labelledby=\"o968oC7CEo2fGHsGdsRYC-author o968oC7CEo2fGHsGdsRYC-content\">\n<div id=\"o968oC7CEo2fGHsGdsRYC-content\">\n<h3>\u00bfPor qu\u00e9 elegir vapestornado para la venta al por mayor de vapes desechables Uwin Crystal 20000 Shisha Hookah?<\/h3>\n<div class=\"flex-shrink-0 flex flex-col relative items-end\">\n<div class=\"pt-0\">\n<div class=\"gizmo-bot-avatar flex h-8 w-8 items-center justify-center overflow-hidden rounded-full\">\n<div class=\"relative p-1 rounded-sm flex items-center justify-center bg-token-main-surface-primary text-token-text-primary h-8 w-8\">\n<p>En la creciente competencia en la industria de los vapes desechables, vapestornado es una plataforma global l\u00edder para soluciones de cigarrillos electr\u00f3nicos al por mayor, ha presentado el innovador vape desechable Uwin Shisha Hookah Crystal 20000 Puffs. Con su llamativo dise\u00f1o de cristal y caracter\u00edsticas multifuncionales, este innovador producto combina a la perfecci\u00f3n estilo con funcionalidad. Ofreciendo una amplia selecci\u00f3n de sabores afrutados, su objetivo es satisfacer los diversos gustos de los vapeadores.<\/p>\n<p>vapestornado es tu tienda de vapeo online de confianza para vapes desechables de alta calidad. Con m\u00e1s de 5 a\u00f1os de experiencia, te traemos marcas de vapes desechables de gran venta como Waspe Vape, y WGA Vape, Fumot RandM Vape, Vozol Vape, Bang Vape, etc.<\/p>\n<p>Nuestra gama incluye los vapes desechables m\u00e1s populares como el <a href=\"https:\/\/vapestornado.com\/es\/product\/vapsolo-viking-12000-puffs-2-5-low-nicotine-bulk-buy-rechargeable-disposable-vapes-pen-wholesale-price\/\">VapSolo Viking 12000<\/a>y opciones ricas en sabor como el <a href=\"https:\/\/vapestornado.com\/es\/product\/uwin-crystal-10000-puffs-wholesale-disposable-vape-puff-10k-low-nicotine-rechargeable-vapes-pen-bulk-buy-wholesalepuffs-disposable-vape-wholesale-price-copy\/\"> Uwin Crystal 10000 Puff<\/a> . Cada producto se elige centr\u00e1ndose en la calidad, el valor y la variedad, lo que garantiza que encuentre la combinaci\u00f3n perfecta para sus necesidades. Descubra un servicio excepcional y una amplia gama de los mejores productos a precio mayorista en vapestornado.<\/p>\n<\/div>\n<p>&nbsp;<\/p>\n<p><strong>Otros Vapers Desechables de Gran Venta<\/strong><\/p>\n<p><a href=\"https:\/\/vapestornado.com\/es\/product\/china-factory-vapsolo-super-15000-puffs-disposable-wholesale-price-disposable-vape-rechargeable-disposable-vapes-pen-bulk-buy-wholesale\/\">Vapsolo S\u00faper 15000 Puff <span style=\"color: #ff0000;\"><strong>&gt;&gt;&gt;&gt; \u00a1Ir!<\/strong><\/span><\/a><\/p>\n<p><a href=\"https:\/\/vapestornado.com\/es\/product\/jnr-falcon-x-18000-puffs-disposable-vape-wholesale-price\/\">JNR Falcon X 18000 Puffs<span style=\"color: #ff0000;\"><strong>&gt;&gt;&gt;&gt; \u00a1Ir!<\/strong><\/span><\/a><\/p>\n<p><a href=\"https:\/\/vapestornado.com\/es\/product\/tornado-vape-uwin-35000-puff-35k-music-wholesale-price\/\">Tornado Vape Uwin 35000 <span style=\"color: #ff0000;\"><strong>&gt;&gt;&gt;&gt; \u00a1Ir!<\/strong><\/span><\/a><\/p>\n<\/div>\n<\/div>\n<\/div>\n<p>&nbsp;<\/p>\n<\/div>\n<\/div>\n<\/div>\n<\/div>\n<\/div>\n<\/div>\n<\/div>\n<\/div>\n<\/div>","protected":false},"excerpt":{"rendered":"<p>El Mejor Vape Desechable Uwin Shisha Hookah Crystal de 20000 Caladas<br \/>\nPrecio al por Mayor de Uwin Crystal 20k Puff Desechable Shisha Hookah<br \/>\nUwin Crystal 20000 Caladas Precio Barato Proveedor al por Mayor<\/p>\n<p><strong>\u00a1A\u00f1ade el whatsapp de Amy para obtener una respuesta inmediata y cup\u00f3n para vaper!<\/strong><\/p>\n<p><img fetchpriority=\"high\" decoding=\"async\" class=\"size-full wp-image-2932\" src=\"https:\/\/vapestornado.com\/wp-content\/uploads\/2024\/12\/Vape-Wholesale.jpg\" alt=\"Vape al por mayor\" width=\"229\" height=\"300\" \/><\/p>\n<h3><a href=\"https:\/\/wa.me\/8617776015835\"><span style=\"color: #ff0000;\"><strong>WhatsApp: +86 17776015835<\/strong><\/span><\/a><\/h3>\n<p>&nbsp;<\/p>","protected":false},"featured_media":3723,"comment_status":"open","ping_status":"closed","template":"","meta":{"_acf_changed":false,"_uag_custom_page_level_css":"","_lmt_disableupdate":"no","_lmt_disable":"","_monsterinsights_skip_tracking":false,"_monsterinsights_sitenote_active":false,"_monsterinsights_sitenote_note":"","_monsterinsights_sitenote_category":0,"site-sidebar-layout":"default","site-content-layout":"","ast-site-content-layout":"default","site-content-style":"default","site-sidebar-style":"default","ast-global-header-display":"","ast-banner-title-visibility":"","ast-main-header-display":"","ast-hfb-above-header-display":"","ast-hfb-below-header-display":"","ast-hfb-mobile-header-display":"","site-post-title":"","ast-breadcrumbs-content":"","ast-featured-img":"","footer-sml-layout":"","ast-disable-related-posts":"","theme-transparent-header-meta":"default","adv-header-id-meta":"","stick-header-meta":"","header-above-stick-meta":"","header-main-stick-meta":"","header-below-stick-meta":"","astra-migrate-meta-layouts":"set","ast-page-background-enabled":"default","ast-page-background-meta":{"desktop":{"background-color":"","background-image":"","background-repeat":"repeat","background-position":"center center","background-size":"auto","background-attachment":"scroll","background-type":"","background-media":"","overlay-type":"","overlay-color":"","overlay-opacity":"","overlay-gradient":""},"tablet":{"background-color":"","background-image":"","background-repeat":"repeat","background-position":"center center","background-size":"auto","background-attachment":"scroll","background-type":"","background-media":"","overlay-type":"","overlay-color":"","overlay-opacity":"","overlay-gradient":""},"mobile":{"background-color":"","background-image":"","background-repeat":"repeat","background-position":"center center","background-size":"auto","background-attachment":"scroll","background-type":"","background-media":"","overlay-type":"","overlay-color":"","overlay-opacity":"","overlay-gradient":""}},"ast-content-background-meta":{"desktop":{"background-color":"var(--ast-global-color-5)","background-image":"","background-repeat":"repeat","background-position":"center center","background-size":"auto","background-attachment":"scroll","background-type":"","background-media":"","overlay-type":"","overlay-color":"","overlay-opacity":"","overlay-gradient":""},"tablet":{"background-color":"var(--ast-global-color-5)","background-image":"","background-repeat":"repeat","background-position":"center center","background-size":"auto","background-attachment":"scroll","background-type":"","background-media":"","overlay-type":"","overlay-color":"","overlay-opacity":"","overlay-gradient":""},"mobile":{"background-color":"var(--ast-global-color-5)","background-image":"","background-repeat":"repeat","background-position":"center center","background-size":"auto","background-attachment":"scroll","background-type":"","background-media":"","overlay-type":"","overlay-color":"","overlay-opacity":"","overlay-gradient":""}},"_joinchat":{"telephone":"+8617776015835"}},"product_brand":[],"product_cat":[69,157,141,143,147,233],"product_tag":[165,120,97,166,94,232],"class_list":{"0":"post-3724","1":"product","2":"type-product","3":"status-publish","4":"has-post-thumbnail","6":"product_cat-20000-puff","7":"product_cat-buy-disposable-vapes-in-portugal","8":"product_cat-crystal-disposable-vapes","9":"product_cat-dual-mesh-disposable-vapes","10":"product_cat-shisha-hookah-disposable-vapes","11":"product_cat-uwin-vape","12":"product_tag-cheap-vapes","13":"product_tag-crystal-vape","14":"product_tag-hot-sale-disposable-vape","15":"product_tag-low-nicotine-vape","16":"product_tag-rechargeable-disposable-vape","17":"product_tag-uwin-crystal-20000","18":"desktop-align-left","19":"tablet-align-left","20":"mobile-align-left","22":"first","23":"instock","24":"sale","25":"shipping-taxable","26":"purchasable","27":"product-type-simple"},"acf":[],"uagb_featured_image_src":{"full":["https:\/\/vapestornado.com\/wp-content\/uploads\/2025\/01\/Uwin-Shisha-Hookah-Crystal-20000-Puffs-Disposable-Vape.webp",800,800,false],"thumbnail":["https:\/\/vapestornado.com\/wp-content\/uploads\/2025\/01\/Uwin-Shisha-Hookah-Crystal-20000-Puffs-Disposable-Vape-150x150.webp",150,150,true],"medium":["https:\/\/vapestornado.com\/wp-content\/uploads\/2025\/01\/Uwin-Shisha-Hookah-Crystal-20000-Puffs-Disposable-Vape-300x300.webp",300,300,true],"medium_large":["https:\/\/vapestornado.com\/wp-content\/uploads\/2025\/01\/Uwin-Shisha-Hookah-Crystal-20000-Puffs-Disposable-Vape-768x768.webp",768,768,true],"large":["https:\/\/vapestornado.com\/wp-content\/uploads\/2025\/01\/Uwin-Shisha-Hookah-Crystal-20000-Puffs-Disposable-Vape.webp",800,800,false],"1536x1536":["https:\/\/vapestornado.com\/wp-content\/uploads\/2025\/01\/Uwin-Shisha-Hookah-Crystal-20000-Puffs-Disposable-Vape.webp",800,800,false],"2048x2048":["https:\/\/vapestornado.com\/wp-content\/uploads\/2025\/01\/Uwin-Shisha-Hookah-Crystal-20000-Puffs-Disposable-Vape.webp",800,800,false],"trp-custom-language-flag":["https:\/\/vapestornado.com\/wp-content\/uploads\/2025\/01\/Uwin-Shisha-Hookah-Crystal-20000-Puffs-Disposable-Vape.webp",12,12,false],"woocommerce_thumbnail":["https:\/\/vapestornado.com\/wp-content\/uploads\/2025\/01\/Uwin-Shisha-Hookah-Crystal-20000-Puffs-Disposable-Vape-300x300.webp",300,300,true],"woocommerce_single":["https:\/\/vapestornado.com\/wp-content\/uploads\/2025\/01\/Uwin-Shisha-Hookah-Crystal-20000-Puffs-Disposable-Vape-600x600.webp",600,600,true],"woocommerce_gallery_thumbnail":["https:\/\/vapestornado.com\/wp-content\/uploads\/2025\/01\/Uwin-Shisha-Hookah-Crystal-20000-Puffs-Disposable-Vape-100x100.webp",100,100,true]},"uagb_author_info":{"display_name":"ESAMY","author_link":"https:\/\/vapestornado.com\/es\/author\/"},"uagb_comment_info":0,"uagb_excerpt":"Best Uwin Shisha Hookah Crystal 20000 Puffs Disposable Vape Uwin Crystal 20k Puff Disoisable Shisha Hookah Bulk Price Uwin crystal 20000 Puffs Cheap Price Wholesale Supplier Add Amy's whatsapp get right reply and vape coupon! WhatsApp: +86 17776015835 &nbsp;","_links":{"self":[{"href":"https:\/\/vapestornado.com\/es\/wp-json\/wp\/v2\/product\/3724","targetHints":{"allow":["GET"]}}],"collection":[{"href":"https:\/\/vapestornado.com\/es\/wp-json\/wp\/v2\/product"}],"about":[{"href":"https:\/\/vapestornado.com\/es\/wp-json\/wp\/v2\/types\/product"}],"replies":[{"embeddable":true,"href":"https:\/\/vapestornado.com\/es\/wp-json\/wp\/v2\/comments?post=3724"}],"wp:featuredmedia":[{"embeddable":true,"href":"https:\/\/vapestornado.com\/es\/wp-json\/wp\/v2\/media\/3723"}],"wp:attachment":[{"href":"https:\/\/vapestornado.com\/es\/wp-json\/wp\/v2\/media?parent=3724"}],"wp:term":[{"taxonomy":"product_brand","embeddable":true,"href":"https:\/\/vapestornado.com\/es\/wp-json\/wp\/v2\/product_brand?post=3724"},{"taxonomy":"product_cat","embeddable":true,"href":"https:\/\/vapestornado.com\/es\/wp-json\/wp\/v2\/product_cat?post=3724"},{"taxonomy":"product_tag","embeddable":true,"href":"https:\/\/vapestornado.com\/es\/wp-json\/wp\/v2\/product_tag?post=3724"}],"curies":[{"name":"wp","href":"https:\/\/api.w.org\/{rel}","templated":true}]}}