{"id":3716,"date":"2025-01-08T09:49:40","date_gmt":"2025-01-08T09:49:40","guid":{"rendered":"https:\/\/vapestornado.com\/?post_type=product&#038;p=3716"},"modified":"2025-08-23T09:33:37","modified_gmt":"2025-08-23T09:33:37","slug":"bood-twins-46000-puff-display-disposable-vape-cheap-price","status":"publish","type":"product","link":"https:\/\/vapestornado.com\/es\/product\/bood-twins-46000-puff-display-disposable-vape-cheap-price\/","title":{"rendered":"Bood Twins 46000 Puff Pantalla Vape Desechable Precio Barato"},"content":{"rendered":"<h1>Bood Twins 46000 Puff Pantalla Vape Desechable Precio Barato<\/h1>\n<p>&nbsp;<\/p>\n<div role=\"article\" data-tabster=\"{&quot;groupper&quot;:{&quot;tabbability&quot;:2},&quot;focusable&quot;:{}}\" data-content=\"ai-message\" aria-labelledby=\"64JRvXrTnY7mRmPkEQLLT-author 64JRvXrTnY7mRmPkEQLLT-content\">\n<div id=\"64JRvXrTnY7mRmPkEQLLT-content\">\n<p>El <strong data-start=\"341\" data-end=\"383\">Vape Desechable Bood Twins de 46000 Caladas<\/strong> est\u00e1 dise\u00f1ado para capacidad, rendimiento y versatilidad. Con hasta <strong data-start=\"448\" data-end=\"464\">46,000 caladas<\/strong> y una <strong data-start=\"471\" data-end=\"493\">sistema de doble sabor<\/strong>, permite a los usuarios cambiar entre dos mezclas en un solo dispositivo, proporcionando variedad y un disfrute duradero<\/p>\n<p>Equipado con una <strong>bobina de malla avanzada<\/strong>, el Bood Twins ofrece un vapor consistente, suave y sabroso con cada calada. Su <strong>elegante pantalla de pantalla completa<\/strong> a\u00f1ade un toque de sofisticaci\u00f3n y proporciona detalles esenciales de uso, por lo que es ideal para vapeadores conscientes del estilo. La bater\u00eda recargable garantiza que el dispositivo pueda ofrecer su capacidad total de caladas sin compromiso, eliminando la necesidad de reemplazos frecuentes.<\/p>\n<p>Este vaper desechable premium es perfecto para compradores mayoristas que buscan ofrecer productos de vanguardia a sus clientes. <strong>Bood Twins 46000 vapers de calada <\/strong>combina tecnolog\u00eda innovadora, dise\u00f1o elegante y un rendimiento inigualable, lo que lo convierte en una opci\u00f3n muy solicitada en la industria del vapeo. Para obtener las mejores ofertas al por mayor en Bood Twins 46000 Puffs, visita vapestornado<strong>.es<\/strong> y eleva tu inventario de vapeo hoy mismo.<\/p>\n<\/div>\n<\/div>\n<p><img fetchpriority=\"high\" decoding=\"async\" class=\"alignleft wp-image-2951 size-medium\" src=\"https:\/\/vapestornado.com\/wp-content\/uploads\/2024\/12\/Wholesale-Disposable-Vape-265x300.jpg\" alt=\"Vape Desechable al por mayor\" width=\"265\" height=\"300\" srcset=\"https:\/\/vapestornado.com\/wp-content\/uploads\/2024\/12\/Wholesale-Disposable-Vape-265x300.jpg 265w, https:\/\/vapestornado.com\/wp-content\/uploads\/2024\/12\/Wholesale-Disposable-Vape-768x871.jpg 768w, https:\/\/vapestornado.com\/wp-content\/uploads\/2024\/12\/Wholesale-Disposable-Vape-600x680.jpg 600w, https:\/\/vapestornado.com\/wp-content\/uploads\/2024\/12\/Wholesale-Disposable-Vape.jpg 823w\" sizes=\"(max-width: 265px) 100vw, 265px\" \/><\/p>\n<h5>Por favor, contacta con el WhatsApp de Mandy para precio con descuento:<a href=\"https:\/\/wa.me\/8618077105796\" target=\"_blank\" rel=\"noopener\">+8618077105796<\/a><\/h5>\n<div class=\"flex max-w-full flex-col flex-grow\">\n<div class=\"min-h-8 text-message flex w-full flex-col items-end gap-2 whitespace-normal break-words text-start [.text-message+&amp;]:mt-5\" dir=\"auto\" data-message-author-role=\"assistant\" data-message-id=\"cdb991c0-f594-4bff-b2d5-fbbdd7ce9e54\" data-message-model-slug=\"gpt-4o-mini\">\n<div class=\"flex w-full flex-col gap-1 empty:hidden first:pt-[3px]\">\n<div class=\"markdown prose w-full break-words dark:prose-invert light\"><\/div>\n<\/div>\n<\/div>\n<\/div>\n<div class=\"mb-2 flex gap-3 empty:hidden -ml-2\">\n<h2 class=\"sr-proMainInfo-baseInfoH1 J-baseInfo-name\">Vaper Mayorista Bood Twins 46000 Caladas Caracter\u00edsticas Clave:<\/h2>\n<ul>\n<li><strong>Conteo masivo de caladas<\/strong>: Disfruta de hasta 46.000 caladas, perfecto para un uso de larga duraci\u00f3n.<\/li>\n<li><strong>Sabores Duales<\/strong>: Dise\u00f1o innovador de doble sabor en un solo dispositivo para una experiencia de vapeo vers\u00e1til.<\/li>\n<li><strong>Tecnolog\u00eda de bobina de malla<\/strong>: Proporciona una producci\u00f3n de vapor suave y consistente con una entrega de sabor mejorada.<\/li>\n<li><strong>Pantalla Completa<\/strong>: Dise\u00f1o elegante y moderno con una pantalla f\u00e1cil de leer para informaci\u00f3n esencial.<\/li>\n<li><strong>Ventaja Mayorista<\/strong>: Ideal para compras a granel para satisfacer las demandas de los clientes de manera eficiente.<\/li>\n<\/ul>\n<\/div>\n<h2 class=\"sr-proMainInfo-baseInfoH1 J-baseInfo-name\">Sabor de Bood Twins 46000Puff:<\/h2>\n<p>1. Sand\u00eda<br \/>\n2. Manzana<br \/>\n3. Lima<br \/>\n4. Manzana Verde<br \/>\n5. Frambuesa \u00c1cida de Ar\u00e1ndanos<br \/>\n6. Grosella Negra Frambuesa<br \/>\n7. Melocot\u00f3n Mango<br \/>\n8. Uva<br \/>\n9. Limonada Rosa<br \/>\n10. Uva Verde<\/p>\n<div role=\"article\" data-tabster=\"{&quot;groupper&quot;:{&quot;tabbability&quot;:2},&quot;focusable&quot;:{}}\" data-content=\"ai-message\" aria-labelledby=\"dARUyEWDoEYhnSPXFwx5A-author dARUyEWDoEYhnSPXFwx5A-content\">\n<div id=\"dARUyEWDoEYhnSPXFwx5A-content\">\n<h2><strong>Por qu\u00e9 comprar <\/strong>Vape Bood Twins 46000puff <strong>de vapestornado?<\/strong><\/h2>\n<ul>\n<li><strong>Calidad Insuperable<\/strong>: En vapestornado, nos aseguramos de que cada vape desechable Bood Twins 46000 Puff cumpla con los m\u00e1s altos est\u00e1ndares de calidad, ofreciendo una experiencia de vapeo premium con sabores duales y tecnolog\u00eda de bobina de malla avanzada.<\/li>\n<li><strong>Precios competitivos<\/strong>: Disfrute de precios mayoristas exclusivos para pedidos a granel, lo que convierte a vapestornado en la opci\u00f3n ideal tanto para minoristas como para entusiastas del vapeo.<\/li>\n<li><strong>Env\u00edo Global<\/strong>: vapestornado ofrece env\u00edos internacionales confiables y eficientes a trav\u00e9s de Espa\u00f1a, garantizando la entrega oportuna de sus productos favoritos.<\/li>\n<li><strong>Autenticidad Garantizada<\/strong>: Todos los productos vendidos en vapestornado son 100% aut\u00e9nticos y verificados por su calidad, lo que le da tranquilidad en cada compra.<\/li>\n<li><strong>Soporte al Cliente Dedicado<\/strong>: Nuestro equipo de soporte experto y amigable est\u00e1 disponible para ayudarle con cualquier consulta, asegurando una experiencia de compra fluida y satisfactoria.<\/li>\n<\/ul>\n<\/div>\n<\/div>\n<h2>Preguntas frecuentes sobre la compra al por mayor de vapes desechables Bood Twins 46000 puffs en EUR<\/h2>\n<ul>\n<li><strong>\u00bfQu\u00e9 es el Vape Desechable Bood Twins 46000 Puffs?<\/strong><br \/>\nEl Bood Twins 46000 Puffs es un vaporizador desechable premium con una incre\u00edble capacidad de 46,000 caladas, sabores duales en un solo dispositivo, una bobina de malla para un sabor superior y una elegante pantalla completa.<\/li>\n<li><strong>\u00bfCu\u00e1nto cuesta la compra al por mayor de Bood Twins 46000 Puffs en EUR?<\/strong><br \/>\nEl precio para pedidos al por mayor depende de la cantidad comprada. vapestornado ofrece tarifas mayoristas competitivas en EUR para proporcionar el mejor valor para minoristas y compradores al por mayor.<\/li>\n<li><strong>\u00bfPuedo pagar los pedidos al por mayor en EUR?<\/strong><br \/>\nS\u00ed, vapestornado acepta pagos en EUR para compras al por mayor, lo que lo hace conveniente para los clientes europeos.<\/li>\n<li><strong>\u00bfCu\u00e1les son los beneficios de comprar la caja de vaporizador bood vape 46k puffs al por mayor?<\/strong><br \/>\nLa compra al por mayor garantiza un ahorro de costos significativo, disponibilidad constante del producto y mejores m\u00e1rgenes de ganancia para las empresas.<\/li>\n<li><strong>\u00bfvapestornado realiza env\u00edos a pa\u00edses europeos?<\/strong><br \/>\n\u00a1Absolutamente! vapestornado ofrece un env\u00edo r\u00e1pido y confiable a toda Europa, incluyendo Alemania, Francia, Espa\u00f1a y los Pa\u00edses Bajos.<\/li>\n<li><strong>\u00bfHay descuentos disponibles para pedidos grandes?<\/strong><br \/>\nS\u00ed, vapestornado ofrece precios escalonados y descuentos para cantidades mayores, garantizando el m\u00e1ximo ahorro para compradores al por mayor.<\/li>\n<li><strong>\u00bfCu\u00e1l es la cantidad m\u00ednima de pedido al por mayor?<\/strong><br \/>\nLa cantidad m\u00ednima de pedido es de 50 piezas. Contacta con el equipo de atenci\u00f3n al cliente de vapestornado para obtener detalles sobre los requisitos de compra al por mayor.<\/li>\n<\/ul>","protected":false},"excerpt":{"rendered":"<p><strong>Bood Twins 46000 Puffs Vaper Desechable con Pantalla LED<\/strong> a precios inmejorables. Disfruta de sabores duales, una elegante pantalla de pantalla completa y una tecnolog\u00eda de bobina de malla avanzada para una experiencia de vapeo premium.<\/p>\n<figure id=\"attachment_2951\" aria-describedby=\"caption-attachment-2951\" style=\"width: 265px\" class=\"wp-caption alignnone\"><img decoding=\"async\" class=\"size-medium wp-image-2951\" src=\"https:\/\/vapestornado.com\/wp-content\/uploads\/2024\/12\/Wholesale-Disposable-Vape-265x300.jpg\" alt=\"Vape Desechable al por mayor\" width=\"265\" height=\"300\" srcset=\"https:\/\/vapestornado.com\/wp-content\/uploads\/2024\/12\/Wholesale-Disposable-Vape-265x300.jpg 265w, https:\/\/vapestornado.com\/wp-content\/uploads\/2024\/12\/Wholesale-Disposable-Vape-768x871.jpg 768w, https:\/\/vapestornado.com\/wp-content\/uploads\/2024\/12\/Wholesale-Disposable-Vape-600x680.jpg 600w, https:\/\/vapestornado.com\/wp-content\/uploads\/2024\/12\/Wholesale-Disposable-Vape.jpg 823w\" sizes=\"(max-width: 265px) 100vw, 265px\" \/><figcaption id=\"caption-attachment-2951\" class=\"wp-caption-text\">Por favor, contacta con el WhatsApp de Mandy para precio con descuento:\u00a0 <a href=\"https:\/\/wa.me\/8618077105796\">+8618077105796<\/a><\/figcaption><\/figure>\n<p>&nbsp;<\/p>","protected":false},"featured_media":3713,"comment_status":"open","ping_status":"closed","template":"","meta":{"_acf_changed":false,"_uag_custom_page_level_css":"","_lmt_disableupdate":"no","_lmt_disable":"","_monsterinsights_skip_tracking":false,"_monsterinsights_sitenote_active":false,"_monsterinsights_sitenote_note":"","_monsterinsights_sitenote_category":0,"site-sidebar-layout":"default","site-content-layout":"","ast-site-content-layout":"default","site-content-style":"default","site-sidebar-style":"default","ast-global-header-display":"","ast-banner-title-visibility":"","ast-main-header-display":"","ast-hfb-above-header-display":"","ast-hfb-below-header-display":"","ast-hfb-mobile-header-display":"","site-post-title":"","ast-breadcrumbs-content":"","ast-featured-img":"","footer-sml-layout":"","ast-disable-related-posts":"","theme-transparent-header-meta":"default","adv-header-id-meta":"","stick-header-meta":"","header-above-stick-meta":"","header-main-stick-meta":"","header-below-stick-meta":"","astra-migrate-meta-layouts":"set","ast-page-background-enabled":"default","ast-page-background-meta":{"desktop":{"background-color":"","background-image":"","background-repeat":"repeat","background-position":"center center","background-size":"auto","background-attachment":"scroll","background-type":"","background-media":"","overlay-type":"","overlay-color":"","overlay-opacity":"","overlay-gradient":""},"tablet":{"background-color":"","background-image":"","background-repeat":"repeat","background-position":"center center","background-size":"auto","background-attachment":"scroll","background-type":"","background-media":"","overlay-type":"","overlay-color":"","overlay-opacity":"","overlay-gradient":""},"mobile":{"background-color":"","background-image":"","background-repeat":"repeat","background-position":"center center","background-size":"auto","background-attachment":"scroll","background-type":"","background-media":"","overlay-type":"","overlay-color":"","overlay-opacity":"","overlay-gradient":""}},"ast-content-background-meta":{"desktop":{"background-color":"var(--ast-global-color-5)","background-image":"","background-repeat":"repeat","background-position":"center center","background-size":"auto","background-attachment":"scroll","background-type":"","background-media":"","overlay-type":"","overlay-color":"","overlay-opacity":"","overlay-gradient":""},"tablet":{"background-color":"var(--ast-global-color-5)","background-image":"","background-repeat":"repeat","background-position":"center center","background-size":"auto","background-attachment":"scroll","background-type":"","background-media":"","overlay-type":"","overlay-color":"","overlay-opacity":"","overlay-gradient":""},"mobile":{"background-color":"var(--ast-global-color-5)","background-image":"","background-repeat":"repeat","background-position":"center center","background-size":"auto","background-attachment":"scroll","background-type":"","background-media":"","overlay-type":"","overlay-color":"","overlay-opacity":"","overlay-gradient":""}},"_joinchat":{"telephone":"+8618077105796"}},"product_brand":[],"product_cat":[230,193,149,160,146],"product_tag":[231,97,98],"class_list":{"0":"post-3716","1":"product","2":"type-product","3":"status-publish","4":"has-post-thumbnail","6":"product_cat-46000-puff","7":"product_cat-bood-disposable-vapes","8":"product_cat-buy-disposable-vapes-in-austria","9":"product_cat-buy-disposable-vapes-in-switzerland","10":"product_cat-rechargeable-disposable-vapes","11":"product_tag-bood-twins-46000-puff","12":"product_tag-hot-sale-disposable-vape","13":"product_tag-wholesale-price-disposable-vape","14":"desktop-align-left","15":"tablet-align-left","16":"mobile-align-left","18":"first","19":"instock","20":"sale","21":"shipping-taxable","22":"purchasable","23":"product-type-simple"},"acf":[],"uagb_featured_image_src":{"full":["https:\/\/vapestornado.com\/wp-content\/uploads\/2025\/01\/Bood-Twins-46000-Puffs-Top-Sale-Vape-In-Poland.webp",800,800,false],"thumbnail":["https:\/\/vapestornado.com\/wp-content\/uploads\/2025\/01\/Bood-Twins-46000-Puffs-Top-Sale-Vape-In-Poland-150x150.webp",150,150,true],"medium":["https:\/\/vapestornado.com\/wp-content\/uploads\/2025\/01\/Bood-Twins-46000-Puffs-Top-Sale-Vape-In-Poland-300x300.webp",300,300,true],"medium_large":["https:\/\/vapestornado.com\/wp-content\/uploads\/2025\/01\/Bood-Twins-46000-Puffs-Top-Sale-Vape-In-Poland-768x768.webp",768,768,true],"large":["https:\/\/vapestornado.com\/wp-content\/uploads\/2025\/01\/Bood-Twins-46000-Puffs-Top-Sale-Vape-In-Poland.webp",800,800,false],"1536x1536":["https:\/\/vapestornado.com\/wp-content\/uploads\/2025\/01\/Bood-Twins-46000-Puffs-Top-Sale-Vape-In-Poland.webp",800,800,false],"2048x2048":["https:\/\/vapestornado.com\/wp-content\/uploads\/2025\/01\/Bood-Twins-46000-Puffs-Top-Sale-Vape-In-Poland.webp",800,800,false],"trp-custom-language-flag":["https:\/\/vapestornado.com\/wp-content\/uploads\/2025\/01\/Bood-Twins-46000-Puffs-Top-Sale-Vape-In-Poland.webp",12,12,false],"woocommerce_thumbnail":["https:\/\/vapestornado.com\/wp-content\/uploads\/2025\/01\/Bood-Twins-46000-Puffs-Top-Sale-Vape-In-Poland-300x300.webp",300,300,true],"woocommerce_single":["https:\/\/vapestornado.com\/wp-content\/uploads\/2025\/01\/Bood-Twins-46000-Puffs-Top-Sale-Vape-In-Poland-600x600.webp",600,600,true],"woocommerce_gallery_thumbnail":["https:\/\/vapestornado.com\/wp-content\/uploads\/2025\/01\/Bood-Twins-46000-Puffs-Top-Sale-Vape-In-Poland-100x100.webp",100,100,true]},"uagb_author_info":{"display_name":"ESMANDY","author_link":"https:\/\/vapestornado.com\/es\/author\/"},"uagb_comment_info":0,"uagb_excerpt":"Bood Twins 46000 Puffs LED Display Disposable Vape at unbeatable prices. Enjoy dual flavors, a sleek full-screen display, and advanced mesh coil technology for a premium vaping experience. [caption id=\"attachment_2951\" align=\"alignnone\" width=\"265\"] Pls Contact Mandy's WhatsApp For Discount Price\u00a0 +8618077105796[\/caption] &nbsp;","_links":{"self":[{"href":"https:\/\/vapestornado.com\/es\/wp-json\/wp\/v2\/product\/3716","targetHints":{"allow":["GET"]}}],"collection":[{"href":"https:\/\/vapestornado.com\/es\/wp-json\/wp\/v2\/product"}],"about":[{"href":"https:\/\/vapestornado.com\/es\/wp-json\/wp\/v2\/types\/product"}],"replies":[{"embeddable":true,"href":"https:\/\/vapestornado.com\/es\/wp-json\/wp\/v2\/comments?post=3716"}],"wp:featuredmedia":[{"embeddable":true,"href":"https:\/\/vapestornado.com\/es\/wp-json\/wp\/v2\/media\/3713"}],"wp:attachment":[{"href":"https:\/\/vapestornado.com\/es\/wp-json\/wp\/v2\/media?parent=3716"}],"wp:term":[{"taxonomy":"product_brand","embeddable":true,"href":"https:\/\/vapestornado.com\/es\/wp-json\/wp\/v2\/product_brand?post=3716"},{"taxonomy":"product_cat","embeddable":true,"href":"https:\/\/vapestornado.com\/es\/wp-json\/wp\/v2\/product_cat?post=3716"},{"taxonomy":"product_tag","embeddable":true,"href":"https:\/\/vapestornado.com\/es\/wp-json\/wp\/v2\/product_tag?post=3716"}],"curies":[{"name":"wp","href":"https:\/\/api.w.org\/{rel}","templated":true}]}}