{"id":3700,"date":"2025-01-07T09:47:56","date_gmt":"2025-01-07T09:47:56","guid":{"rendered":"https:\/\/vapestornado.com\/?post_type=product&#038;p=3700"},"modified":"2025-08-23T09:34:23","modified_gmt":"2025-08-23T09:34:23","slug":"wholesale-price-bang-king-35000-puffs-tornado-vape","status":"publish","type":"product","link":"https:\/\/vapestornado.com\/es\/product\/wholesale-price-bang-king-35000-puffs-tornado-vape\/","title":{"rendered":"Precio al por mayor Bang King 35000 Puffs Tornado Vape"},"content":{"rendered":"<h1>Precio al por mayor Bang King 35000 Puffs Tornado Vape<\/h1>\n<p>&nbsp;<\/p>\n<div role=\"article\" data-tabster=\"{&quot;groupper&quot;:{&quot;tabbability&quot;:2},&quot;focusable&quot;:{}}\" data-content=\"ai-message\" aria-labelledby=\"64JRvXrTnY7mRmPkEQLLT-author 64JRvXrTnY7mRmPkEQLLT-content\">\n<div id=\"64JRvXrTnY7mRmPkEQLLT-content\">\n<p data-start=\"302\" data-end=\"548\">El <strong data-start=\"306\" data-end=\"347\">Vape Desechable Bang King 35000 Puffs<\/strong> ofrece capacidad, rendimiento y un sabor suave en un solo dispositivo. Con hasta <strong data-start=\"424\" data-end=\"440\">35,000 caladas<\/strong> y una <strong data-start=\"447\" data-end=\"480\">23 ml de tanque de e-l\u00edquido precargado<\/strong>, proporciona un uso duradero manteniendo un sabor consistente.<\/p>\n<p data-start=\"550\" data-end=\"829\">Equipado con un <strong data-start=\"566\" data-end=\"584\">bobina de malla de 0.6\u03a9<\/strong>, el Bang King 35K asegura un vapor rico y un flujo de aire constante. Un <strong data-start=\"645\" data-end=\"677\">bater\u00eda recargable de 1000 mAh<\/strong> con <strong data-start=\"683\" data-end=\"707\">carga r\u00e1pida Tipo-C<\/strong> soporta sesiones ininterrumpidas, mientras que <strong data-start=\"747\" data-end=\"775\">protecci\u00f3n anti-quemado en seco<\/strong> previene golpes secos para una experiencia de vapeo confiable.<\/p>\n<p data-start=\"831\" data-end=\"1092\">Disponible en <strong data-start=\"844\" data-end=\"885\">0%, 2%, 3% y 5%<\/strong>, se adapta tanto a usuarios ligeros como intensivos. Empaquetado <strong data-start=\"933\" data-end=\"972\">10 piezas por caja y 200 piezas por cart\u00f3n<\/strong>, el Bang King 35000 es ideal para la distribuci\u00f3n al por mayor y compradores a granel que buscan un producto de alta demanda <strong data-start=\"1068\" data-end=\"1089\">Vape de 35,000 inhalaciones<\/strong><\/p>\n<p>Compre ahora en <strong>Vapebulkp.com<\/strong> para experimentar el rendimiento y la calidad inigualables de Bang King 35,000 Puffs.<\/p>\n<\/div>\n<\/div>\n<p><img fetchpriority=\"high\" decoding=\"async\" class=\"alignleft wp-image-2951 size-medium\" src=\"https:\/\/vapestornado.com\/wp-content\/uploads\/2024\/12\/Wholesale-Disposable-Vape-265x300.jpg\" alt=\"Vape Desechable al por mayor\" width=\"265\" height=\"300\" srcset=\"https:\/\/vapestornado.com\/wp-content\/uploads\/2024\/12\/Wholesale-Disposable-Vape-265x300.jpg 265w, https:\/\/vapestornado.com\/wp-content\/uploads\/2024\/12\/Wholesale-Disposable-Vape-768x871.jpg 768w, https:\/\/vapestornado.com\/wp-content\/uploads\/2024\/12\/Wholesale-Disposable-Vape-600x680.jpg 600w, https:\/\/vapestornado.com\/wp-content\/uploads\/2024\/12\/Wholesale-Disposable-Vape.jpg 823w\" sizes=\"(max-width: 265px) 100vw, 265px\" \/><\/p>\n<h5>Por favor, contacta con el WhatsApp de Mandy para precio con descuento:<a href=\"https:\/\/wa.me\/8618077105796\" target=\"_blank\" rel=\"noopener\">+8618077105796<\/a><\/h5>\n<div class=\"flex max-w-full flex-col flex-grow\">\n<div class=\"min-h-8 text-message flex w-full flex-col items-end gap-2 whitespace-normal break-words text-start [.text-message+&amp;]:mt-5\" dir=\"auto\" data-message-author-role=\"assistant\" data-message-id=\"cdb991c0-f594-4bff-b2d5-fbbdd7ce9e54\" data-message-model-slug=\"gpt-4o-mini\">\n<div class=\"flex w-full flex-col gap-1 empty:hidden first:pt-[3px]\">\n<div class=\"markdown prose w-full break-words dark:prose-invert light\"><\/div>\n<\/div>\n<\/div>\n<\/div>\n<div class=\"mb-2 flex gap-3 empty:hidden -ml-2\">\n<h2 class=\"sr-proMainInfo-baseInfoH1 J-baseInfo-name\">Vape Inteligente al por Mayor Bang King 35k Puffs Caracter\u00edsticas Clave:<\/h2>\n<ul>\n<li><strong>Capacidad de Calada Inigualable<\/strong>: Disfruta de <strong>35,000 caladas<\/strong>, perfecto para un uso prolongado sin necesidad de reemplazos frecuentes.<\/li>\n<li><strong>Generoso Volumen de E-L\u00edquido<\/strong>: Precargado con <strong>23ml de l\u00edquido de vapeo premium<\/strong> para un sabor consistente.<\/li>\n<li><strong>Bater\u00eda recargable<\/strong>: Alimentado por una <strong>bater\u00eda de 1000mAh<\/strong> con <strong>carga r\u00e1pida Tipo-C<\/strong>.<\/li>\n<li><strong>Tecnolog\u00eda de bobina de malla<\/strong>: El avanzado <strong>bobina de malla de 0.6\u03a9<\/strong> asegura un vapor rico, suave y denso.<\/li>\n<li><strong>Concentraciones de Nicotina Personalizables<\/strong>: Disponible en concentraciones de <strong>Sal de nicotina de 0%, 2%, 3% y 5%<\/strong> para adaptarse a cada preferencia.<\/li>\n<li><strong>Protecci\u00f3n Anti-Quemado<\/strong>: Previene el sobrecalentamiento y las caladas secas para una experiencia de vapeo m\u00e1s segura y suave.<\/li>\n<li><strong>Empaque al por mayor<\/strong>: Empaquetado convenientemente como <strong>10 piezas por caja y 200 piezas por cart\u00f3n<\/strong>, ideal para compradores individuales y a granel.<\/li>\n<\/ul>\n<\/div>\n<h2 class=\"sr-proMainInfo-baseInfoH1 J-baseInfo-name\">Sabor del VAPOR BANGKING 35000PUFF:<\/h2>\n<p>1.fresa mango<br \/>\n2.love66<br \/>\n3.hielo de frambuesa azul<br \/>\n4.fresa sand\u00eda<br \/>\n5.lim\u00f3n menta<br \/>\n6.manzana doble<br \/>\n7.bebida energ\u00e9tica<br \/>\n8.melocot\u00f3n helado<br \/>\n9.fresa kiwi<br \/>\n10.uva helado<br \/>\n11.ar\u00e1ndano helado<br \/>\n12.sand\u00eda<\/p>\n<div role=\"article\" data-tabster=\"{&quot;groupper&quot;:{&quot;tabbability&quot;:2},&quot;focusable&quot;:{}}\" data-content=\"ai-message\" aria-labelledby=\"dARUyEWDoEYhnSPXFwx5A-author dARUyEWDoEYhnSPXFwx5A-content\">\n<div id=\"dARUyEWDoEYhnSPXFwx5A-content\">\n<h2><strong>\u00bfPor qu\u00e9 comprar vapers Bang King 35000puff en vapestornado?<\/strong><\/h2>\n<ul>\n<li><strong>Calidad de Confianza<\/strong>: vapestornado es un distribuidor l\u00edder de <strong>vapers desechables de primera calidad<\/strong>, asegurando que recibas productos aut\u00e9nticos y de alta calidad.<\/li>\n<li><strong>Precios competitivos<\/strong>: Consigue las mejores ofertas al por mayor y precios por volumen para el Bang King 35.000 caladas.<\/li>\n<li><strong>Env\u00edo R\u00e1pido<\/strong>: Entregamos r\u00e1pidamente en toda Europa, garantizando que tus productos lleguen a tiempo.<\/li>\n<li><strong>Atenci\u00f3n al Cliente Excepcional<\/strong>: Nuestro equipo est\u00e1 disponible para ayudarte con cualquier consulta, asegurando una experiencia de compra fluida.<\/li>\n<li><strong>Selecci\u00f3n Completa<\/strong>: Explora una amplia gama de <strong>cigarrillos electr\u00f3nicos desechables de alta gama<\/strong> para satisfacer todas las preferencias de vapeo.<\/li>\n<\/ul>\n<\/div>\n<\/div>\n<h2>Preguntas Frecuentes Sobre cigarrillos electr\u00f3nicos desechables de larga duraci\u00f3n Bang Vape 35000 caladas<\/h2>\n<h4><strong>1. \u00bfCu\u00e1nto dura el Bang Vape King 35000 caladas?<\/strong><\/h4>\n<p>El Bang King est\u00e1 dise\u00f1ado para proporcionar hasta <strong>35,000 caladas<\/strong>, lo que lo convierte en uno de los vapes desechables m\u00e1s duraderos del mercado. El tiempo de uso depender\u00e1 de tu frecuencia de vapeo y la duraci\u00f3n de cada calada.<\/p>\n<h4><strong>2. \u00bfPuedo recargar el Vape de Venta Caliente Bang King 35000 caladas?<\/strong><\/h4>\n<p>S\u00ed, este dispositivo cuenta con un <strong>Puerto de carga tipo C<\/strong> y una <strong>bater\u00eda recargable de 1000 mAh<\/strong>, asegurando que puedas disfrutar de las 35.000 caladas sin interrupciones.<\/p>\n<h4><strong>3. \u00bfQu\u00e9 hace que el vape de 35000 caladas Bang sea diferente de otros vapes desechables?<\/strong><\/h4>\n<p>Su combinaci\u00f3n de <strong>capacidad de 35.000 caladas<\/strong>, <strong>volumen de 23 ml de e-l\u00edquido<\/strong>, <strong>tecnolog\u00eda de bobina de malla<\/strong>, y <strong>protecci\u00f3n anti-quemado en seco<\/strong> lo distingue como un cigarrillo electr\u00f3nico desechable de primera categor\u00eda.<\/p>","protected":false},"excerpt":{"rendered":"<p>Explore precios al por mayor de Bang King 35000 Puffs Tornado Vape en Vapebulkp.com. Con 35,000 caladas, 23 ml de e-l\u00edquido, bater\u00eda de 1000 mAh, carga Tipo-C y tecnolog\u00eda anti-quemado en seco. Ideal para pedidos al por mayor con opciones de nicotina personalizables (0%, 2%, 3%, 5%). \u00a1Compre hoy mismo vapes desechables premium!<\/p>\n<figure id=\"attachment_2951\" aria-describedby=\"caption-attachment-2951\" style=\"width: 265px\" class=\"wp-caption alignnone\"><img decoding=\"async\" class=\"size-medium wp-image-2951\" src=\"https:\/\/vapestornado.com\/wp-content\/uploads\/2024\/12\/Wholesale-Disposable-Vape-265x300.jpg\" alt=\"Vape Desechable al por mayor\" width=\"265\" height=\"300\" srcset=\"https:\/\/vapestornado.com\/wp-content\/uploads\/2024\/12\/Wholesale-Disposable-Vape-265x300.jpg 265w, https:\/\/vapestornado.com\/wp-content\/uploads\/2024\/12\/Wholesale-Disposable-Vape-768x871.jpg 768w, https:\/\/vapestornado.com\/wp-content\/uploads\/2024\/12\/Wholesale-Disposable-Vape-600x680.jpg 600w, https:\/\/vapestornado.com\/wp-content\/uploads\/2024\/12\/Wholesale-Disposable-Vape.jpg 823w\" sizes=\"(max-width: 265px) 100vw, 265px\" \/><figcaption id=\"caption-attachment-2951\" class=\"wp-caption-text\">Por favor, contacta con el WhatsApp de Mandy para precio con descuento:\u00a0 <a href=\"https:\/\/wa.me\/8618077105796\">+8618077105796<\/a><\/figcaption><\/figure>\n<p>&nbsp;<\/p>","protected":false},"featured_media":3702,"comment_status":"open","ping_status":"closed","template":"","meta":{"_acf_changed":false,"_uag_custom_page_level_css":"","_lmt_disableupdate":"no","_lmt_disable":"","_monsterinsights_skip_tracking":false,"_monsterinsights_sitenote_active":false,"_monsterinsights_sitenote_note":"","_monsterinsights_sitenote_category":0,"site-sidebar-layout":"default","site-content-layout":"","ast-site-content-layout":"default","site-content-style":"default","site-sidebar-style":"default","ast-global-header-display":"","ast-banner-title-visibility":"","ast-main-header-display":"","ast-hfb-above-header-display":"","ast-hfb-below-header-display":"","ast-hfb-mobile-header-display":"","site-post-title":"","ast-breadcrumbs-content":"","ast-featured-img":"","footer-sml-layout":"","ast-disable-related-posts":"","theme-transparent-header-meta":"default","adv-header-id-meta":"","stick-header-meta":"","header-above-stick-meta":"","header-main-stick-meta":"","header-below-stick-meta":"","astra-migrate-meta-layouts":"set","ast-page-background-enabled":"default","ast-page-background-meta":{"desktop":{"background-color":"","background-image":"","background-repeat":"repeat","background-position":"center center","background-size":"auto","background-attachment":"scroll","background-type":"","background-media":"","overlay-type":"","overlay-color":"","overlay-opacity":"","overlay-gradient":""},"tablet":{"background-color":"","background-image":"","background-repeat":"repeat","background-position":"center center","background-size":"auto","background-attachment":"scroll","background-type":"","background-media":"","overlay-type":"","overlay-color":"","overlay-opacity":"","overlay-gradient":""},"mobile":{"background-color":"","background-image":"","background-repeat":"repeat","background-position":"center center","background-size":"auto","background-attachment":"scroll","background-type":"","background-media":"","overlay-type":"","overlay-color":"","overlay-opacity":"","overlay-gradient":""}},"ast-content-background-meta":{"desktop":{"background-color":"var(--ast-global-color-5)","background-image":"","background-repeat":"repeat","background-position":"center center","background-size":"auto","background-attachment":"scroll","background-type":"","background-media":"","overlay-type":"","overlay-color":"","overlay-opacity":"","overlay-gradient":""},"tablet":{"background-color":"var(--ast-global-color-5)","background-image":"","background-repeat":"repeat","background-position":"center center","background-size":"auto","background-attachment":"scroll","background-type":"","background-media":"","overlay-type":"","overlay-color":"","overlay-opacity":"","overlay-gradient":""},"mobile":{"background-color":"var(--ast-global-color-5)","background-image":"","background-repeat":"repeat","background-position":"center center","background-size":"auto","background-attachment":"scroll","background-type":"","background-media":"","overlay-type":"","overlay-color":"","overlay-opacity":"","overlay-gradient":""}},"_joinchat":{"telephone":"+8618077105796"}},"product_brand":[],"product_cat":[175,63,140,158,159],"product_tag":[223,97,98],"class_list":{"0":"post-3700","1":"product","2":"type-product","3":"status-publish","4":"has-post-thumbnail","6":"product_cat-35000-puff","7":"product_cat-bangking","8":"product_cat-big-puffs-disposable-vapes","9":"product_cat-buy-disposable-vapes-in-spain","10":"product_cat-buy-disposable-vapes-in-sweden","11":"product_tag-bang-king-vape-35000","12":"product_tag-hot-sale-disposable-vape","13":"product_tag-wholesale-price-disposable-vape","14":"desktop-align-left","15":"tablet-align-left","16":"mobile-align-left","18":"first","19":"instock","20":"sale","21":"shipping-taxable","22":"purchasable","23":"product-type-simple"},"acf":[],"uagb_featured_image_src":{"full":["https:\/\/vapestornado.com\/wp-content\/uploads\/2025\/01\/Bang-Vape-35000-Puffs-Disposable-Vape-Hot-Sale-In-Germany.webp",800,800,false],"thumbnail":["https:\/\/vapestornado.com\/wp-content\/uploads\/2025\/01\/Bang-Vape-35000-Puffs-Disposable-Vape-Hot-Sale-In-Germany-150x150.webp",150,150,true],"medium":["https:\/\/vapestornado.com\/wp-content\/uploads\/2025\/01\/Bang-Vape-35000-Puffs-Disposable-Vape-Hot-Sale-In-Germany-300x300.webp",300,300,true],"medium_large":["https:\/\/vapestornado.com\/wp-content\/uploads\/2025\/01\/Bang-Vape-35000-Puffs-Disposable-Vape-Hot-Sale-In-Germany-768x768.webp",768,768,true],"large":["https:\/\/vapestornado.com\/wp-content\/uploads\/2025\/01\/Bang-Vape-35000-Puffs-Disposable-Vape-Hot-Sale-In-Germany.webp",800,800,false],"1536x1536":["https:\/\/vapestornado.com\/wp-content\/uploads\/2025\/01\/Bang-Vape-35000-Puffs-Disposable-Vape-Hot-Sale-In-Germany.webp",800,800,false],"2048x2048":["https:\/\/vapestornado.com\/wp-content\/uploads\/2025\/01\/Bang-Vape-35000-Puffs-Disposable-Vape-Hot-Sale-In-Germany.webp",800,800,false],"trp-custom-language-flag":["https:\/\/vapestornado.com\/wp-content\/uploads\/2025\/01\/Bang-Vape-35000-Puffs-Disposable-Vape-Hot-Sale-In-Germany.webp",12,12,false],"woocommerce_thumbnail":["https:\/\/vapestornado.com\/wp-content\/uploads\/2025\/01\/Bang-Vape-35000-Puffs-Disposable-Vape-Hot-Sale-In-Germany-300x300.webp",300,300,true],"woocommerce_single":["https:\/\/vapestornado.com\/wp-content\/uploads\/2025\/01\/Bang-Vape-35000-Puffs-Disposable-Vape-Hot-Sale-In-Germany-600x600.webp",600,600,true],"woocommerce_gallery_thumbnail":["https:\/\/vapestornado.com\/wp-content\/uploads\/2025\/01\/Bang-Vape-35000-Puffs-Disposable-Vape-Hot-Sale-In-Germany-100x100.webp",100,100,true]},"uagb_author_info":{"display_name":"ESMANDY","author_link":"https:\/\/vapestornado.com\/es\/author\/"},"uagb_comment_info":0,"uagb_excerpt":"Explore wholesale prices for Bang King 35000 Puffs Tornado Vape at Vapebulkp.com. Featuring 35,000 puffs, 23ml e-liquid, 1000mAh battery, Type-C charging, and anti-dry burn technology. Ideal for bulk orders with customizable nicotine options (0%, 2%, 3%, 5%). Shop premium disposable vapes today! [caption id=\"attachment_2951\" align=\"alignnone\" width=\"265\"] Pls Contact Mandy's WhatsApp For Discount Price\u00a0 +8618077105796[\/caption] &nbsp;","_links":{"self":[{"href":"https:\/\/vapestornado.com\/es\/wp-json\/wp\/v2\/product\/3700","targetHints":{"allow":["GET"]}}],"collection":[{"href":"https:\/\/vapestornado.com\/es\/wp-json\/wp\/v2\/product"}],"about":[{"href":"https:\/\/vapestornado.com\/es\/wp-json\/wp\/v2\/types\/product"}],"replies":[{"embeddable":true,"href":"https:\/\/vapestornado.com\/es\/wp-json\/wp\/v2\/comments?post=3700"}],"wp:featuredmedia":[{"embeddable":true,"href":"https:\/\/vapestornado.com\/es\/wp-json\/wp\/v2\/media\/3702"}],"wp:attachment":[{"href":"https:\/\/vapestornado.com\/es\/wp-json\/wp\/v2\/media?parent=3700"}],"wp:term":[{"taxonomy":"product_brand","embeddable":true,"href":"https:\/\/vapestornado.com\/es\/wp-json\/wp\/v2\/product_brand?post=3700"},{"taxonomy":"product_cat","embeddable":true,"href":"https:\/\/vapestornado.com\/es\/wp-json\/wp\/v2\/product_cat?post=3700"},{"taxonomy":"product_tag","embeddable":true,"href":"https:\/\/vapestornado.com\/es\/wp-json\/wp\/v2\/product_tag?post=3700"}],"curies":[{"name":"wp","href":"https:\/\/api.w.org\/{rel}","templated":true}]}}