{"id":3690,"date":"2025-01-06T09:55:58","date_gmt":"2025-01-06T09:55:58","guid":{"rendered":"https:\/\/vapestornado.com\/?post_type=product&#038;p=3690"},"modified":"2025-08-23T09:35:59","modified_gmt":"2025-08-23T09:35:59","slug":"wholesale-price-bang-beach-20000-puffs-high-quality-vape-pods","status":"publish","type":"product","link":"https:\/\/vapestornado.com\/es\/product\/wholesale-price-bang-beach-20000-puffs-high-quality-vape-pods\/","title":{"rendered":"Precio al por mayor Bang Beach 20000 Puffs Vainas de Vape de Alta Calidad"},"content":{"rendered":"<h1>Precio al por mayor Bang Beach 20000 Puffs Vainas de Vape de Alta Calidad<\/h1>\n<p>&nbsp;<\/p>\n<div role=\"article\" data-tabster=\"{&quot;groupper&quot;:{&quot;tabbability&quot;:2},&quot;focusable&quot;:{}}\" data-content=\"ai-message\" aria-labelledby=\"64JRvXrTnY7mRmPkEQLLT-author 64JRvXrTnY7mRmPkEQLLT-content\">\n<div id=\"64JRvXrTnY7mRmPkEQLLT-content\">\n<p data-start=\"323\" data-end=\"588\">El <strong data-start=\"327\" data-end=\"369\">Vape Desechable Bang Beach 20000 Puffs<\/strong> combina gran capacidad, tecnolog\u00eda inteligente y un dise\u00f1o elegante para una opci\u00f3n de vapeo confiable. Con hasta <strong data-start=\"473\" data-end=\"489\">20,000 caladas<\/strong> y una <strong data-start=\"496\" data-end=\"529\">Tanque de e-l\u00edquido precargado de 35 ml<\/strong>, ofrece un uso prolongado sin reemplazos frecuentes.<\/p>\n<p data-start=\"590\" data-end=\"854\">Alimentado por una <strong data-start=\"603\" data-end=\"634\">bater\u00eda recargable de 650 mAh<\/strong> con <strong data-start=\"640\" data-end=\"664\">carga r\u00e1pida Tipo-C<\/strong>, el Bang Beach 20K garantiza un rendimiento constante durante todo el d\u00eda. La <strong data-start=\"740\" data-end=\"767\">pantalla inteligente integrada<\/strong> proporciona actualizaciones en tiempo real sobre la duraci\u00f3n de la bater\u00eda y el uso de caladas, manteniendo a los usuarios en control.<\/p>\n<p data-start=\"856\" data-end=\"1041\">Disponible en <strong data-start=\"869\" data-end=\"910\">0%, 2%, 3% y 5%<\/strong>, se adapta a diferentes preferencias, mientras que el <strong data-start=\"958\" data-end=\"987\">dise\u00f1o ergon\u00f3mico degradado<\/strong> lo hace llamativo y c\u00f3modo de sostener.<\/p>\n<p data-start=\"1043\" data-end=\"1235\">Para mayoristas y minoristas, el <strong data-start=\"1078\" data-end=\"1109\">Vape Bang Beach 20000 Puffs<\/strong> ofrece una s\u00f3lida combinaci\u00f3n de capacidad, dise\u00f1o y valor al por mayor, lo que la convierte en una opci\u00f3n competitiva en el mercado de vapeo desechable.<\/p>\n<figure id=\"attachment_3691\" aria-describedby=\"caption-attachment-3691\" style=\"width: 676px\" class=\"wp-caption alignnone\"><img fetchpriority=\"high\" decoding=\"async\" class=\"wp-image-3691\" src=\"https:\/\/vapestornado.com\/wp-content\/uploads\/2025\/01\/Bang-Beach-20000-puff-vape-best-sale-Germany.jpg\" alt=\"Bang Beach 20000 puff vape mejor venta Alemania\" width=\"676\" height=\"676\" srcset=\"https:\/\/vapestornado.com\/wp-content\/uploads\/2025\/01\/Bang-Beach-20000-puff-vape-best-sale-Germany.jpg 800w, https:\/\/vapestornado.com\/wp-content\/uploads\/2025\/01\/Bang-Beach-20000-puff-vape-best-sale-Germany-300x300.jpg 300w, https:\/\/vapestornado.com\/wp-content\/uploads\/2025\/01\/Bang-Beach-20000-puff-vape-best-sale-Germany-150x150.jpg 150w, https:\/\/vapestornado.com\/wp-content\/uploads\/2025\/01\/Bang-Beach-20000-puff-vape-best-sale-Germany-768x768.jpg 768w, https:\/\/vapestornado.com\/wp-content\/uploads\/2025\/01\/Bang-Beach-20000-puff-vape-best-sale-Germany-600x600.jpg 600w, https:\/\/vapestornado.com\/wp-content\/uploads\/2025\/01\/Bang-Beach-20000-puff-vape-best-sale-Germany-100x100.jpg 100w\" sizes=\"(max-width: 676px) 100vw, 676px\" \/><figcaption id=\"caption-attachment-3691\" class=\"wp-caption-text\">Bang Beach 20000 puff vape mejor venta Alemania<\/figcaption><\/figure>\n<\/div>\n<\/div>\n<p><img decoding=\"async\" class=\"alignleft wp-image-2951 size-medium\" src=\"https:\/\/vapestornado.com\/wp-content\/uploads\/2024\/12\/Wholesale-Disposable-Vape-265x300.jpg\" alt=\"Vape Desechable al por mayor\" width=\"265\" height=\"300\" srcset=\"https:\/\/vapestornado.com\/wp-content\/uploads\/2024\/12\/Wholesale-Disposable-Vape-265x300.jpg 265w, https:\/\/vapestornado.com\/wp-content\/uploads\/2024\/12\/Wholesale-Disposable-Vape-768x871.jpg 768w, https:\/\/vapestornado.com\/wp-content\/uploads\/2024\/12\/Wholesale-Disposable-Vape-600x680.jpg 600w, https:\/\/vapestornado.com\/wp-content\/uploads\/2024\/12\/Wholesale-Disposable-Vape.jpg 823w\" sizes=\"(max-width: 265px) 100vw, 265px\" \/><\/p>\n<h5>Por favor, contacta con el WhatsApp de Mandy para precio con descuento:<a href=\"https:\/\/wa.me\/8618077105796\" target=\"_blank\" rel=\"noopener\">+8618077105796<\/a><\/h5>\n<div class=\"flex max-w-full flex-col flex-grow\">\n<div class=\"min-h-8 text-message flex w-full flex-col items-end gap-2 whitespace-normal break-words text-start [.text-message+&amp;]:mt-5\" dir=\"auto\" data-message-author-role=\"assistant\" data-message-id=\"cdb991c0-f594-4bff-b2d5-fbbdd7ce9e54\" data-message-model-slug=\"gpt-4o-mini\">\n<div class=\"flex w-full flex-col gap-1 empty:hidden first:pt-[3px]\">\n<div class=\"markdown prose w-full break-words dark:prose-invert light\"><\/div>\n<\/div>\n<\/div>\n<\/div>\n<div class=\"mb-2 flex gap-3 empty:hidden -ml-2\">\n<h2>Caracter\u00edsticas Clave de Bang Beach 20000 Puffs:<\/h2>\n<ul>\n<li>Sesiones de vapeo extendidas con 20,000 inhalaciones.<\/li>\n<li>Amplia capacidad de e-l\u00edquido de 35 ml para sabores ricos y duraderos.<\/li>\n<li>Niveles de nicotina ajustables para una satisfacci\u00f3n personalizada.<\/li>\n<li>Potente bater\u00eda de 650 mAh para un uso duradero.<\/li>\n<li>Pantalla inteligente para informaci\u00f3n de uso en tiempo real.<\/li>\n<li>Dise\u00f1o elegante y ergon\u00f3mico con colores degradados vibrantes.<\/li>\n<\/ul>\n<\/div>\n<h2>Sabor de Bang Beach 20000 Puffs:<\/h2>\n<p>1) Hielo de triple baya<br \/>\n2) Limonada rosa<br \/>\n3) Ar\u00e1ndano Frambuesa<br \/>\n4) Frutos rojos mixtos<br \/>\n5) Fresa sand\u00eda<br \/>\n6) Hielo de fresa<br \/>\n7) Hielo de uva<br \/>\n8) Melocot\u00f3n mango<br \/>\n9) Hielo de frambuesa azul<br \/>\n10) Manzana \u00e1cida<br \/>\n11) Hielo de sand\u00eda<br \/>\n12) Hielo de melocot\u00f3n<\/p>\n<h2 data-pm-slice=\"1 1 []\">\u00bfPor qu\u00e9 destaca la vape bar Bang Beach Smart Screen 20000 puffs?<\/h2>\n<p>El <strong>Pantalla Inteligente Bang Beach 20000<\/strong> es m\u00e1s que un simple vape desechable; es un dispositivo de alto rendimiento dise\u00f1ado para vapeadores que buscan calidad y fiabilidad superiores. Su extenso n\u00famero de caladas, su robusta bater\u00eda y sus concentraciones de nicotina personalizables lo convierten en una opci\u00f3n vers\u00e1til para todas las preferencias de vapeo. Tanto si eres un usuario experimentado como si est\u00e1s empezando, la funci\u00f3n de pantalla inteligente y el dise\u00f1o f\u00e1cil de usar elevan tu experiencia de vapeo.<\/p>\n<div role=\"article\" data-tabster=\"{&quot;groupper&quot;:{&quot;tabbability&quot;:2},&quot;focusable&quot;:{}}\" data-content=\"ai-message\" aria-labelledby=\"dARUyEWDoEYhnSPXFwx5A-author dARUyEWDoEYhnSPXFwx5A-content\">\n<div id=\"dARUyEWDoEYhnSPXFwx5A-content\">\n<h2>\u00bfPor qu\u00e9 elegir el Bang Beach Smart Screen 20000 puffs en <a href=\"https:\/\/vapestornado.com\/es\/product\/bang-box-35k-puffs-high-capacity-long-lasting-disposable-vape\/\">vapestornado.com?<\/a><\/h2>\n<p>vapestornado.com es tu destino definitivo para productos de vapeo de primera calidad, y el <strong>Bang Beach Smart Screen 20000 caladas<\/strong> no es una excepci\u00f3n. He aqu\u00ed por qu\u00e9 este dispositivo destaca y por qu\u00e9 vapestornado.com es el mejor lugar para comprarlo:<\/p>\n<h4><strong>*Calidad inigualable<\/strong><\/h4>\n<p>En vapestornado.com, solo ofrecemos productos de vapeo aut\u00e9nticos y de alta calidad. El Bang Beach Smart Screen 20000 Puff est\u00e1 dise\u00f1ado teniendo en cuenta la durabilidad y el rendimiento, lo que garantiza una experiencia fiable y agradable con cada uso.<\/p>\n<h4><strong>*Precios Competitivos<\/strong><\/h4>\n<p>vapestornado.com ofrece el Bang Beach Smart Screen de 20000 inhalaciones a precios altamente competitivos, asegurando que obtenga un valor excelente por un producto de primer nivel.<\/p>\n<h4><strong>*R\u00e1pido<\/strong><\/h4>\n<p>Disfrute de una entrega r\u00e1pida y confiable en todas las regiones, asegurando que su experiencia de vapeo nunca se retrase.<\/p>\n<h4><strong>*Soporte Centrado en el Cliente<\/strong><\/h4>\n<p>Nuestro equipo de soporte dedicado est\u00e1 listo para ayudarle con cualquier consulta, asegurando una experiencia de compra sin problemas.<\/p>\n<p>Mejore su experiencia de vapeo hoy con el <strong>Vape recargable Bang Beach Vape de 20k inhalaciones<\/strong>, disponible exclusivamente en vapestornado.com, \u00a1su socio de confianza para todo lo relacionado con el vapeo!<\/p>\n<p>Mejore su experiencia de vapeo hoy con el <strong>Vainas de vape Bang Beach de 20000 inhalaciones<\/strong>, disponible exclusivamente en vapestornado.com, \u00a1su socio de confianza para todo lo relacionado con el vapeo!<\/p>\n<\/div>\n<\/div>\n<h2>Preguntas frecuentes sobre la compra al por mayor de Vape Bang Beach Vape 20000 Puffs<\/h2>\n<p><strong>1. \u00bfC\u00f3mo puedo hacer un pedido al por mayor de Bang Beach vape 20000 Puffs?<\/strong><br \/>\nVisite un proveedor de confianza como vapestornado.com, explore la p\u00e1gina del producto Bang Beach Vape y seleccione la opci\u00f3n de cantidad al por mayor. Alternativamente, p\u00f3ngase en contacto con su equipo de atenci\u00f3n al cliente para obtener ayuda con pedidos grandes.<\/p>\n<p><strong>2. \u00bfCu\u00e1les son las opciones de env\u00edo para pedidos al por mayor de bangvape 20000puff?<\/strong><br \/>\nLos pedidos al por mayor se env\u00edan de forma segura para proteger el producto durante el tr\u00e1nsito. Muchos proveedores ofrecen opciones de env\u00edo expr\u00e9s y servicios de seguimiento para garantizar la entrega oportuna.<\/p>\n<p><strong>3. \u00bfEs el Bang Beach Vape 20000 puffs vapes adecuado para la distribuci\u00f3n al por mayor?<\/strong><br \/>\nAbsolutamente. Con sus caracter\u00edsticas avanzadas, rendimiento duradero y dise\u00f1o elegante, el Bang Beach Vape 20000 es muy atractivo para los consumidores, lo que lo convierte en una excelente opci\u00f3n para la distribuci\u00f3n al por mayor.<\/p>\n<p><strong>4. \u00bfC\u00f3mo me aseguro de comprar productos Bang Beach Vape aut\u00e9nticos?<\/strong><br \/>\nSiempre compre a proveedores de confianza o distribuidores autorizados como vapestornado.com para garantizar la autenticidad y la calidad. Evite los vendedores no verificados para evitar productos falsificados.<\/p>","protected":false},"excerpt":{"rendered":"<p>Bang Beach 20000 Puffs ofrece hasta 20,000 inhalaciones, un e-l\u00edquido precargado de 35 ml, niveles de nicotina personalizables (0%, 2%, 3%, 5%), una bater\u00eda recargable de 650 mAh y una pantalla inteligente para rastrear el uso. Vape elegante y duradero, perfecto para cada necesidad de vapeo.<\/p>\n<figure id=\"attachment_2951\" aria-describedby=\"caption-attachment-2951\" style=\"width: 265px\" class=\"wp-caption alignnone\"><img decoding=\"async\" class=\"size-medium wp-image-2951\" src=\"https:\/\/vapestornado.com\/wp-content\/uploads\/2024\/12\/Wholesale-Disposable-Vape-265x300.jpg\" alt=\"Vape Desechable al por mayor\" width=\"265\" height=\"300\" srcset=\"https:\/\/vapestornado.com\/wp-content\/uploads\/2024\/12\/Wholesale-Disposable-Vape-265x300.jpg 265w, https:\/\/vapestornado.com\/wp-content\/uploads\/2024\/12\/Wholesale-Disposable-Vape-768x871.jpg 768w, https:\/\/vapestornado.com\/wp-content\/uploads\/2024\/12\/Wholesale-Disposable-Vape-600x680.jpg 600w, https:\/\/vapestornado.com\/wp-content\/uploads\/2024\/12\/Wholesale-Disposable-Vape.jpg 823w\" sizes=\"(max-width: 265px) 100vw, 265px\" \/><figcaption id=\"caption-attachment-2951\" class=\"wp-caption-text\">Por favor, contacta con el WhatsApp de Mandy para precio con descuento:\u00a0 <a href=\"https:\/\/wa.me\/8618077105796\">+8618077105796<\/a><\/figcaption><\/figure>\n<p>&nbsp;<\/p>","protected":false},"featured_media":3693,"comment_status":"open","ping_status":"closed","template":"","meta":{"_acf_changed":false,"_uag_custom_page_level_css":"","_lmt_disableupdate":"no","_lmt_disable":"","_monsterinsights_skip_tracking":false,"_monsterinsights_sitenote_active":false,"_monsterinsights_sitenote_note":"","_monsterinsights_sitenote_category":0,"site-sidebar-layout":"default","site-content-layout":"","ast-site-content-layout":"default","site-content-style":"default","site-sidebar-style":"default","ast-global-header-display":"","ast-banner-title-visibility":"","ast-main-header-display":"","ast-hfb-above-header-display":"","ast-hfb-below-header-display":"","ast-hfb-mobile-header-display":"","site-post-title":"","ast-breadcrumbs-content":"","ast-featured-img":"","footer-sml-layout":"","ast-disable-related-posts":"","theme-transparent-header-meta":"default","adv-header-id-meta":"","stick-header-meta":"","header-above-stick-meta":"","header-main-stick-meta":"","header-below-stick-meta":"","astra-migrate-meta-layouts":"set","ast-page-background-enabled":"default","ast-page-background-meta":{"desktop":{"background-color":"","background-image":"","background-repeat":"repeat","background-position":"center center","background-size":"auto","background-attachment":"scroll","background-type":"","background-media":"","overlay-type":"","overlay-color":"","overlay-opacity":"","overlay-gradient":""},"tablet":{"background-color":"","background-image":"","background-repeat":"repeat","background-position":"center center","background-size":"auto","background-attachment":"scroll","background-type":"","background-media":"","overlay-type":"","overlay-color":"","overlay-opacity":"","overlay-gradient":""},"mobile":{"background-color":"","background-image":"","background-repeat":"repeat","background-position":"center center","background-size":"auto","background-attachment":"scroll","background-type":"","background-media":"","overlay-type":"","overlay-color":"","overlay-opacity":"","overlay-gradient":""}},"ast-content-background-meta":{"desktop":{"background-color":"var(--ast-global-color-5)","background-image":"","background-repeat":"repeat","background-position":"center center","background-size":"auto","background-attachment":"scroll","background-type":"","background-media":"","overlay-type":"","overlay-color":"","overlay-opacity":"","overlay-gradient":""},"tablet":{"background-color":"var(--ast-global-color-5)","background-image":"","background-repeat":"repeat","background-position":"center center","background-size":"auto","background-attachment":"scroll","background-type":"","background-media":"","overlay-type":"","overlay-color":"","overlay-opacity":"","overlay-gradient":""},"mobile":{"background-color":"var(--ast-global-color-5)","background-image":"","background-repeat":"repeat","background-position":"center center","background-size":"auto","background-attachment":"scroll","background-type":"","background-media":"","overlay-type":"","overlay-color":"","overlay-opacity":"","overlay-gradient":""}},"_joinchat":{"telephone":"+8618077105796"}},"product_brand":[],"product_cat":[69,62,151,157],"product_tag":[229,97,98],"class_list":{"0":"post-3690","1":"product","2":"type-product","3":"status-publish","4":"has-post-thumbnail","6":"product_cat-20000-puff","7":"product_cat-bang-vape","8":"product_cat-buy-disposable-vapes-in-france","9":"product_cat-buy-disposable-vapes-in-portugal","10":"product_tag-bang-beach-20000-puffs","11":"product_tag-hot-sale-disposable-vape","12":"product_tag-wholesale-price-disposable-vape","13":"desktop-align-left","14":"tablet-align-left","15":"mobile-align-left","17":"first","18":"instock","19":"sale","20":"shipping-taxable","21":"purchasable","22":"product-type-simple"},"acf":[],"uagb_featured_image_src":{"full":["https:\/\/vapestornado.com\/wp-content\/uploads\/2025\/01\/Bang-Beach-20000-puff-vape-good-sale-Germany.webp",800,800,false],"thumbnail":["https:\/\/vapestornado.com\/wp-content\/uploads\/2025\/01\/Bang-Beach-20000-puff-vape-good-sale-Germany-150x150.webp",150,150,true],"medium":["https:\/\/vapestornado.com\/wp-content\/uploads\/2025\/01\/Bang-Beach-20000-puff-vape-good-sale-Germany-300x300.webp",300,300,true],"medium_large":["https:\/\/vapestornado.com\/wp-content\/uploads\/2025\/01\/Bang-Beach-20000-puff-vape-good-sale-Germany-768x768.webp",768,768,true],"large":["https:\/\/vapestornado.com\/wp-content\/uploads\/2025\/01\/Bang-Beach-20000-puff-vape-good-sale-Germany.webp",800,800,false],"1536x1536":["https:\/\/vapestornado.com\/wp-content\/uploads\/2025\/01\/Bang-Beach-20000-puff-vape-good-sale-Germany.webp",800,800,false],"2048x2048":["https:\/\/vapestornado.com\/wp-content\/uploads\/2025\/01\/Bang-Beach-20000-puff-vape-good-sale-Germany.webp",800,800,false],"trp-custom-language-flag":["https:\/\/vapestornado.com\/wp-content\/uploads\/2025\/01\/Bang-Beach-20000-puff-vape-good-sale-Germany.webp",12,12,false],"woocommerce_thumbnail":["https:\/\/vapestornado.com\/wp-content\/uploads\/2025\/01\/Bang-Beach-20000-puff-vape-good-sale-Germany-300x300.webp",300,300,true],"woocommerce_single":["https:\/\/vapestornado.com\/wp-content\/uploads\/2025\/01\/Bang-Beach-20000-puff-vape-good-sale-Germany-600x600.webp",600,600,true],"woocommerce_gallery_thumbnail":["https:\/\/vapestornado.com\/wp-content\/uploads\/2025\/01\/Bang-Beach-20000-puff-vape-good-sale-Germany-100x100.webp",100,100,true]},"uagb_author_info":{"display_name":"ESMANDY","author_link":"https:\/\/vapestornado.com\/es\/author\/"},"uagb_comment_info":0,"uagb_excerpt":"Bang Beach 20000 Puffs offers up to 20,000 puffs, a 35ml pre-filled e-liquid, customizable nicotine levels (0%, 2%, 3%, 5%), a 650mAh rechargeable battery, and a smart screen for tracking usage. Stylish and long-lasting vape, perfect for every vaping need. [caption id=\"attachment_2951\" align=\"alignnone\" width=\"265\"] Pls Contact Mandy's WhatsApp For Discount Price\u00a0 +8618077105796[\/caption] &nbsp;","_links":{"self":[{"href":"https:\/\/vapestornado.com\/es\/wp-json\/wp\/v2\/product\/3690","targetHints":{"allow":["GET"]}}],"collection":[{"href":"https:\/\/vapestornado.com\/es\/wp-json\/wp\/v2\/product"}],"about":[{"href":"https:\/\/vapestornado.com\/es\/wp-json\/wp\/v2\/types\/product"}],"replies":[{"embeddable":true,"href":"https:\/\/vapestornado.com\/es\/wp-json\/wp\/v2\/comments?post=3690"}],"wp:featuredmedia":[{"embeddable":true,"href":"https:\/\/vapestornado.com\/es\/wp-json\/wp\/v2\/media\/3693"}],"wp:attachment":[{"href":"https:\/\/vapestornado.com\/es\/wp-json\/wp\/v2\/media?parent=3690"}],"wp:term":[{"taxonomy":"product_brand","embeddable":true,"href":"https:\/\/vapestornado.com\/es\/wp-json\/wp\/v2\/product_brand?post=3690"},{"taxonomy":"product_cat","embeddable":true,"href":"https:\/\/vapestornado.com\/es\/wp-json\/wp\/v2\/product_cat?post=3690"},{"taxonomy":"product_tag","embeddable":true,"href":"https:\/\/vapestornado.com\/es\/wp-json\/wp\/v2\/product_tag?post=3690"}],"curies":[{"name":"wp","href":"https:\/\/api.w.org\/{rel}","templated":true}]}}