{"id":3661,"date":"2025-01-03T08:52:12","date_gmt":"2025-01-03T08:52:12","guid":{"rendered":"https:\/\/vapestornado.com\/?post_type=product&#038;p=3661"},"modified":"2025-08-23T09:37:36","modified_gmt":"2025-08-23T09:37:36","slug":"cheap-price-razz-bar-25000-puffs-wholesale-vape","status":"publish","type":"product","link":"https:\/\/vapestornado.com\/es\/product\/cheap-price-razz-bar-25000-puffs-wholesale-vape\/","title":{"rendered":"Vape al por Mayor RAZZ BAR 25000 Puffs a Precio Barato"},"content":{"rendered":"<h1>Vape al por Mayor RAZZ BAR 25000 Puffs a Precio Barato<\/h1>\n<div role=\"article\" data-tabster=\"{&quot;groupper&quot;:{&quot;tabbability&quot;:2},&quot;focusable&quot;:{}}\" data-content=\"ai-message\" aria-labelledby=\"64JRvXrTnY7mRmPkEQLLT-author 64JRvXrTnY7mRmPkEQLLT-content\">\n<div id=\"64JRvXrTnY7mRmPkEQLLT-content\">\n<div role=\"article\" data-tabster=\"{&quot;groupper&quot;:{&quot;tabbability&quot;:2},&quot;focusable&quot;:{}}\" data-content=\"ai-message\" aria-labelledby=\"64JRvXrTnY7mRmPkEQLLT-author 64JRvXrTnY7mRmPkEQLLT-content\">\n<div id=\"64JRvXrTnY7mRmPkEQLLT-content\">\n<p>El <strong>El Vape Desechable RAZZ BAR 25000 Puffs<\/strong> es un cambio de juego tanto para los entusiastas del vapeo como para los mayoristas. Dise\u00f1ado con la innovaci\u00f3n en su n\u00facleo, este dispositivo de alta capacidad ofrece una combinaci\u00f3n perfecta de calidad, estilo y asequibilidad. Con un impresionante <strong>recuento de 25,000 caladas<\/strong>, garantiza un disfrute prolongado, lo que lo hace perfecto para aquellos que buscan un valor a largo plazo.<\/p>\n<p>Cada unidad cuenta con una <strong>bater\u00eda recargable de 650 mAh<\/strong>, complementada por una tecnolog\u00eda de <strong>carga Tipo-C<\/strong>r\u00e1pida y confiable, asegurando que te mantengas con energ\u00eda dondequiera que vayas. Su <strong>tecnolog\u00eda de bobina de malla<\/strong> amplifica cada sabor, entregando nubes suaves y densas que mejoran tu satisfacci\u00f3n al vapear.<\/p>\n<p>Disponible en <strong>16 sabores irresistibles<\/strong> e infundido con <strong>2% o 5% de nicotina de sal<\/strong>, el RAZZ BAR se adapta a diversas preferencias de sabor. Su dise\u00f1o ligero y port\u00e1til lo hace ideal tanto para usuarios ocasionales como para vapers comprometidos.<\/p>\n<p>Para las empresas, el RAZZ BAR es un sue\u00f1o mayorista, empaquetado en <strong>garantiza una producci\u00f3n de vapor suave y sabrosa, mientras que la<\/strong> para una distribuci\u00f3n a granel eficiente. Con su precio competitivo y caracter\u00edsticas premium, este producto es imprescindible para expandir tu inventario.<\/p>\n<p>Eleva tu juego de vapeo o abastece tus estantes con el <strong>RAZZ BAR 25000 caladas<\/strong>, el equilibrio perfecto entre rendimiento y asequibilidad. \u00a1No pierdas la oportunidad de ofrecer un producto que redefine el mercado de los vapes desechables!<\/p>\n<\/div>\n<\/div>\n<figure id=\"attachment_3686\" aria-describedby=\"caption-attachment-3686\" style=\"width: 531px\" class=\"wp-caption alignnone\"><img fetchpriority=\"high\" decoding=\"async\" class=\"wp-image-3686\" src=\"https:\/\/vapestornado.com\/wp-content\/uploads\/2025\/01\/RAZZ-BAR-25000-Puffs-Lemon-Lime.webp\" alt=\"RAZZ BAR 25000 Puffs Lim\u00f3n Lima\" width=\"531\" height=\"531\" srcset=\"https:\/\/vapestornado.com\/wp-content\/uploads\/2025\/01\/RAZZ-BAR-25000-Puffs-Lemon-Lime.webp 800w, https:\/\/vapestornado.com\/wp-content\/uploads\/2025\/01\/RAZZ-BAR-25000-Puffs-Lemon-Lime-300x300.webp 300w, https:\/\/vapestornado.com\/wp-content\/uploads\/2025\/01\/RAZZ-BAR-25000-Puffs-Lemon-Lime-150x150.webp 150w, https:\/\/vapestornado.com\/wp-content\/uploads\/2025\/01\/RAZZ-BAR-25000-Puffs-Lemon-Lime-768x768.webp 768w, https:\/\/vapestornado.com\/wp-content\/uploads\/2025\/01\/RAZZ-BAR-25000-Puffs-Lemon-Lime-600x600.webp 600w, https:\/\/vapestornado.com\/wp-content\/uploads\/2025\/01\/RAZZ-BAR-25000-Puffs-Lemon-Lime-100x100.webp 100w\" sizes=\"(max-width: 531px) 100vw, 531px\" \/><figcaption id=\"caption-attachment-3686\" class=\"wp-caption-text\">RAZZ BAR 25000 Puffs Lim\u00f3n Lima<\/figcaption><\/figure>\n<\/div>\n<\/div>\n<p><img decoding=\"async\" class=\"alignleft wp-image-2951 size-medium\" src=\"https:\/\/vapestornado.com\/wp-content\/uploads\/2024\/12\/Wholesale-Disposable-Vape-265x300.jpg\" alt=\"Vape Desechable al por mayor\" width=\"265\" height=\"300\" srcset=\"https:\/\/vapestornado.com\/wp-content\/uploads\/2024\/12\/Wholesale-Disposable-Vape-265x300.jpg 265w, https:\/\/vapestornado.com\/wp-content\/uploads\/2024\/12\/Wholesale-Disposable-Vape-768x871.jpg 768w, https:\/\/vapestornado.com\/wp-content\/uploads\/2024\/12\/Wholesale-Disposable-Vape-600x680.jpg 600w, https:\/\/vapestornado.com\/wp-content\/uploads\/2024\/12\/Wholesale-Disposable-Vape.jpg 823w\" sizes=\"(max-width: 265px) 100vw, 265px\" \/><\/p>\n<h5>Por favor, contacta con el WhatsApp de Mandy para precio con descuento:<a href=\"https:\/\/wa.me\/8618077105796\" target=\"_blank\" rel=\"noopener\">+8618077105796<\/a><\/h5>\n<div class=\"flex max-w-full flex-col flex-grow\">\n<div class=\"min-h-8 text-message flex w-full flex-col items-end gap-2 whitespace-normal break-words text-start [.text-message+&amp;]:mt-5\" dir=\"auto\" data-message-author-role=\"assistant\" data-message-id=\"cdb991c0-f594-4bff-b2d5-fbbdd7ce9e54\" data-message-model-slug=\"gpt-4o-mini\">\n<div class=\"flex w-full flex-col gap-1 empty:hidden first:pt-[3px]\">\n<div class=\"markdown prose w-full break-words dark:prose-invert light\"><\/div>\n<\/div>\n<\/div>\n<\/div>\n<div class=\"mb-2 flex gap-3 empty:hidden -ml-2\">\n<h2>Caracter\u00edsticas Clave de Razz bar 25000 puffs vapes:<\/h2>\n<ul>\n<li><strong>Concentraci\u00f3n de Nicotina:<\/strong> Disponible en 2% y 5% de nicotina de sal para una experiencia de vapeo personalizada.<\/li>\n<li><strong>N\u00famero de Caladas:<\/strong> Hasta <strong>25,000 inhalaciones<\/strong>, asegurando una longevidad inigualable.<\/li>\n<li><strong>Sabores:<\/strong> Elige entre <strong>16 sabores premium<\/strong>, cada uno elaborado para una satisfacci\u00f3n m\u00e1xima.<\/li>\n<li><strong>Bater\u00eda:<\/strong> <strong>bater\u00eda recargable de 650 mAh<\/strong> con una eficiente <strong>carga r\u00e1pida Tipo-C<\/strong> para un uso ininterrumpido.<\/li>\n<li><strong>Tecnolog\u00eda:<\/strong> Integrado <strong>tecnolog\u00eda de bobina de malla<\/strong> proporciona vapor consistente, suave y sabor intensificado.<\/li>\n<li><strong>Embalaje:<\/strong> Convenientemente empaquetado con <strong>garantiza una producci\u00f3n de vapor suave y sabrosa, mientras que la<\/strong> para pedidos a granel.<\/li>\n<\/ul>\n<\/div>\n<h2>RAZZBAR 25000 Puffs Sabores Populares de Vainas de Vape:<\/h2>\n<p>1.Melocot\u00f3n Jugoso helado<br \/>\n2.Fresa Pl\u00e1tano<br \/>\n3.Toro Rojo Uva<br \/>\n4.Ar\u00e1ndano helado<br \/>\n5.Hielo de sand\u00eda<br \/>\n6.Hielo exuberante<br \/>\n7.Fruta tropical<br \/>\n8.Fresa kiwi<br \/>\n9.Hielo de fresa<br \/>\n10.Bayas mixtas<br \/>\n11.Hielo de fresa, frambuesa y cereza<br \/>\n12. Love 66<br \/>\n13.Hielo de drag\u00f3n negro<br \/>\n14.Lim\u00f3n y lima<br \/>\n15.Ar\u00e1ndano agrio y frambuesa<br \/>\n16.Chicle de Fresa y Sand\u00eda<\/p>\n<div role=\"article\" data-tabster=\"{&quot;groupper&quot;:{&quot;tabbability&quot;:2},&quot;focusable&quot;:{}}\" data-content=\"ai-message\" aria-labelledby=\"dARUyEWDoEYhnSPXFwx5A-author dARUyEWDoEYhnSPXFwx5A-content\">\n<div id=\"dARUyEWDoEYhnSPXFwx5A-content\">\n<h2>Por qu\u00e9 Elegir el RAZZ BAR 25000 Puffs <strong>\u00a0<\/strong>at <a href=\"https:\/\/vapestornado.com\/es\/product\/bang-box-35k-puffs-high-capacity-long-lasting-disposable-vape\/\">vapestornado.com?<\/a><\/h2>\n<h4><strong>*Duraci\u00f3n Inigualable<\/strong><\/h4>\n<p>El <strong>RAZZ BAR 25000 caladas<\/strong> est\u00e1 dise\u00f1ado para la resistencia, ofreciendo hasta <strong>25,000 inhalaciones<\/strong> por dispositivo. Esto lo convierte en la opci\u00f3n definitiva para los vapeadores que priorizan un rendimiento duradero sin tener que estar reemplaz\u00e1ndolo constantemente.<\/p>\n<h4><strong>*Calidad Superior a Precios Competitivos<\/strong><\/h4>\n<p>At <strong>vapestornado.es<\/strong>, ofrecemos el RAZZ BAR a precios mayoristas inigualables, lo que lo convierte en una opci\u00f3n rentable tanto para minoristas como para compradores individuales. Disfrute de la tecnolog\u00eda de vapeo premium sin tener que gastar una fortuna.<\/p>\n<h4><strong>*Diversas Opciones de Sabor<\/strong><\/h4>\n<p>Con <strong>16 vibrantes sabores<\/strong> disponibles, hay algo para todos. Desde mezclas afrutadas hasta mentol refrescante, cada sabor est\u00e1 elaborado para proporcionar una experiencia rica y satisfactoria.<\/p>\n<h4><strong>*Caracter\u00edsticas Avanzadas<\/strong><\/h4>\n<p>El <strong>bater\u00eda recargable de 650 mAh<\/strong>, combinado con <strong>carga r\u00e1pida Tipo-C<\/strong> y el <strong>tecnolog\u00eda de bobina de malla<\/strong>, asegura un rendimiento constante, una producci\u00f3n de vapor suave y una intensa audacia de sabor en cada calada.<\/p>\n<h4><strong>*Socio Mayorista de Confianza<\/strong><\/h4>\n<p>vapestornado.com es un proveedor de confianza en la industria del vapeo, ofreciendo <strong>transacciones seguras<\/strong>, <strong>env\u00edo r\u00e1pido<\/strong>, y un servicio de atenci\u00f3n al cliente dedicado. Con un embalaje a granel de <strong>garantiza una producci\u00f3n de vapor suave y sabrosa, mientras que la<\/strong>, abastecer su inventario nunca ha sido tan f\u00e1cil.<\/p>\n<h4><strong>*Dise\u00f1o Ecol\u00f3gico<\/strong><\/h4>\n<p>El RAZZ BAR presenta tecnolog\u00eda recargable, lo que reduce los residuos y apoya un estilo de vida de vapeo m\u00e1s sostenible.<\/p>\n<p>Elige el <strong>RAZZ BAR 25000 caladas<\/strong> at <strong>vapestornado.es<\/strong> para una soluci\u00f3n de vapeo premium que ofrece un valor excepcional, innovaci\u00f3n y sabor en cada calada.<\/p>\n<\/div>\n<\/div>\n<h2>Preguntas Frecuentes Sobre RAZZ BAR VAPE 25000 Puffs<\/h2>\n<p><strong>1. \u00bfCu\u00e1nto dura el RAZZ BAR 25000 Puffs?<\/strong><br \/>\nEl RAZZ BAR 25000 Puffs proporciona hasta 25,000 caladas, lo que lo convierte en uno de los vapes desechables m\u00e1s duraderos disponibles. Su longevidad depende de los h\u00e1bitos de uso individuales, pero t\u00edpicamente dura varias semanas o incluso meses para usuarios moderados.<\/p>\n<p><strong>2. \u00bfPuedo recargar el vape de 25000 caladas de RAZZ BAR varias veces?<\/strong><br \/>\nS\u00ed, el RAZZ BAR est\u00e1 equipado con una bater\u00eda recargable de 650mAh que se puede recargar varias veces. Est\u00e1 dise\u00f1ado para garantizar un rendimiento constante durante toda su vida \u00fatil, para que puedas usarlo hasta que el e-l\u00edquido se termine por completo.<\/p>\n<p><strong>3. \u00bfEl puerto de carga Tipo-C est\u00e1 incluido con el RAZZ BAR 25k caladas?<\/strong><br \/>\nEl RAZZ BAR viene con un puerto de carga Tipo-C integrado, lo que permite una recarga conveniente y r\u00e1pida. Sin embargo, el paquete no incluye un cable de carga, por lo que necesitar\u00e1s usar un cable Tipo-C est\u00e1ndar para recargarlo.<\/p>\n<p><strong>4. \u00bfCu\u00e1l es la mejor manera de mantener un rendimiento \u00f3ptimo para el Vape de 25000 Puffs de RAZZ BAR?<\/strong><br \/>\nPara mantener el RAZZ BAR funcionando al m\u00e1ximo, c\u00e1rgalo regularmente usando un cable Tipo-C y evita sobrecargar la bater\u00eda. Guarda el dispositivo en un lugar fresco y seco, lejos del calor o la luz solar directa. Aseg\u00farate de que el puerto de carga permanezca limpio y libre de polvo. Adem\u00e1s, permite que el dispositivo descanse entre sesiones de vapeo largas para prevenir el sobrecalentamiento.<\/p>","protected":false},"excerpt":{"rendered":"<p><strong>RAZZ BAR 25000 Puffs Venta al por mayor de Vapes<\/strong> a precios imbatibles. \u00a1Ofrece 16 sabores premium, bater\u00eda recargable de 650 mAh y 25,000 caladas para una satisfacci\u00f3n duradera!<\/p>\n<figure id=\"attachment_2951\" aria-describedby=\"caption-attachment-2951\" style=\"width: 265px\" class=\"wp-caption alignnone\"><img decoding=\"async\" class=\"size-medium wp-image-2951\" src=\"https:\/\/vapestornado.com\/wp-content\/uploads\/2024\/12\/Wholesale-Disposable-Vape-265x300.jpg\" alt=\"Vape Desechable al por mayor\" width=\"265\" height=\"300\" srcset=\"https:\/\/vapestornado.com\/wp-content\/uploads\/2024\/12\/Wholesale-Disposable-Vape-265x300.jpg 265w, https:\/\/vapestornado.com\/wp-content\/uploads\/2024\/12\/Wholesale-Disposable-Vape-768x871.jpg 768w, https:\/\/vapestornado.com\/wp-content\/uploads\/2024\/12\/Wholesale-Disposable-Vape-600x680.jpg 600w, https:\/\/vapestornado.com\/wp-content\/uploads\/2024\/12\/Wholesale-Disposable-Vape.jpg 823w\" sizes=\"(max-width: 265px) 100vw, 265px\" \/><figcaption id=\"caption-attachment-2951\" class=\"wp-caption-text\">Por favor, contacta con el WhatsApp de Mandy para precio con descuento:\u00a0 <a href=\"https:\/\/wa.me\/8618077105796\">+8618077105796<\/a><\/figcaption><\/figure>\n<p>&nbsp;<\/p>","protected":false},"featured_media":3687,"comment_status":"open","ping_status":"closed","template":"","meta":{"_acf_changed":false,"_uag_custom_page_level_css":"","_lmt_disableupdate":"no","_lmt_disable":"","_monsterinsights_skip_tracking":false,"_monsterinsights_sitenote_active":false,"_monsterinsights_sitenote_note":"","_monsterinsights_sitenote_category":0,"site-sidebar-layout":"default","site-content-layout":"","ast-site-content-layout":"default","site-content-style":"default","site-sidebar-style":"default","ast-global-header-display":"","ast-banner-title-visibility":"","ast-main-header-display":"","ast-hfb-above-header-display":"","ast-hfb-below-header-display":"","ast-hfb-mobile-header-display":"","site-post-title":"","ast-breadcrumbs-content":"","ast-featured-img":"","footer-sml-layout":"","ast-disable-related-posts":"","theme-transparent-header-meta":"default","adv-header-id-meta":"","stick-header-meta":"","header-above-stick-meta":"","header-main-stick-meta":"","header-below-stick-meta":"","astra-migrate-meta-layouts":"set","ast-page-background-enabled":"default","ast-page-background-meta":{"desktop":{"background-color":"","background-image":"","background-repeat":"repeat","background-position":"center center","background-size":"auto","background-attachment":"scroll","background-type":"","background-media":"","overlay-type":"","overlay-color":"","overlay-opacity":"","overlay-gradient":""},"tablet":{"background-color":"","background-image":"","background-repeat":"repeat","background-position":"center center","background-size":"auto","background-attachment":"scroll","background-type":"","background-media":"","overlay-type":"","overlay-color":"","overlay-opacity":"","overlay-gradient":""},"mobile":{"background-color":"","background-image":"","background-repeat":"repeat","background-position":"center center","background-size":"auto","background-attachment":"scroll","background-type":"","background-media":"","overlay-type":"","overlay-color":"","overlay-opacity":"","overlay-gradient":""}},"ast-content-background-meta":{"desktop":{"background-color":"var(--ast-global-color-5)","background-image":"","background-repeat":"repeat","background-position":"center center","background-size":"auto","background-attachment":"scroll","background-type":"","background-media":"","overlay-type":"","overlay-color":"","overlay-opacity":"","overlay-gradient":""},"tablet":{"background-color":"var(--ast-global-color-5)","background-image":"","background-repeat":"repeat","background-position":"center center","background-size":"auto","background-attachment":"scroll","background-type":"","background-media":"","overlay-type":"","overlay-color":"","overlay-opacity":"","overlay-gradient":""},"mobile":{"background-color":"var(--ast-global-color-5)","background-image":"","background-repeat":"repeat","background-position":"center center","background-size":"auto","background-attachment":"scroll","background-type":"","background-media":"","overlay-type":"","overlay-color":"","overlay-opacity":"","overlay-gradient":""}},"_joinchat":{"telephone":"+8618077105796"}},"product_brand":[],"product_cat":[68,149,153,158,146],"product_tag":[97,228],"class_list":{"0":"post-3661","1":"product","2":"type-product","3":"status-publish","4":"has-post-thumbnail","6":"product_cat-25000-puff","7":"product_cat-buy-disposable-vapes-in-austria","8":"product_cat-buy-disposable-vapes-in-italy","9":"product_cat-buy-disposable-vapes-in-spain","10":"product_cat-rechargeable-disposable-vapes","11":"product_tag-hot-sale-disposable-vape","12":"product_tag-razz-bar-25000-puffs","13":"desktop-align-left","14":"tablet-align-left","15":"mobile-align-left","17":"first","18":"instock","19":"sale","20":"shipping-taxable","21":"purchasable","22":"product-type-simple"},"acf":[],"uagb_featured_image_src":{"full":["https:\/\/vapestornado.com\/wp-content\/uploads\/2025\/01\/RAZZ-BAR-25000-Puffs-Black-Dragon-ice-GEEK-BAR.webp",800,800,false],"thumbnail":["https:\/\/vapestornado.com\/wp-content\/uploads\/2025\/01\/RAZZ-BAR-25000-Puffs-Black-Dragon-ice-GEEK-BAR-150x150.webp",150,150,true],"medium":["https:\/\/vapestornado.com\/wp-content\/uploads\/2025\/01\/RAZZ-BAR-25000-Puffs-Black-Dragon-ice-GEEK-BAR-300x300.webp",300,300,true],"medium_large":["https:\/\/vapestornado.com\/wp-content\/uploads\/2025\/01\/RAZZ-BAR-25000-Puffs-Black-Dragon-ice-GEEK-BAR-768x768.webp",768,768,true],"large":["https:\/\/vapestornado.com\/wp-content\/uploads\/2025\/01\/RAZZ-BAR-25000-Puffs-Black-Dragon-ice-GEEK-BAR.webp",800,800,false],"1536x1536":["https:\/\/vapestornado.com\/wp-content\/uploads\/2025\/01\/RAZZ-BAR-25000-Puffs-Black-Dragon-ice-GEEK-BAR.webp",800,800,false],"2048x2048":["https:\/\/vapestornado.com\/wp-content\/uploads\/2025\/01\/RAZZ-BAR-25000-Puffs-Black-Dragon-ice-GEEK-BAR.webp",800,800,false],"trp-custom-language-flag":["https:\/\/vapestornado.com\/wp-content\/uploads\/2025\/01\/RAZZ-BAR-25000-Puffs-Black-Dragon-ice-GEEK-BAR.webp",12,12,false],"woocommerce_thumbnail":["https:\/\/vapestornado.com\/wp-content\/uploads\/2025\/01\/RAZZ-BAR-25000-Puffs-Black-Dragon-ice-GEEK-BAR-300x300.webp",300,300,true],"woocommerce_single":["https:\/\/vapestornado.com\/wp-content\/uploads\/2025\/01\/RAZZ-BAR-25000-Puffs-Black-Dragon-ice-GEEK-BAR-600x600.webp",600,600,true],"woocommerce_gallery_thumbnail":["https:\/\/vapestornado.com\/wp-content\/uploads\/2025\/01\/RAZZ-BAR-25000-Puffs-Black-Dragon-ice-GEEK-BAR-100x100.webp",100,100,true]},"uagb_author_info":{"display_name":"ESMANDY","author_link":"https:\/\/vapestornado.com\/es\/author\/"},"uagb_comment_info":0,"uagb_excerpt":"RAZZ BAR 25000 Puffs Wholesale Vape at unbeatable prices. Offering 16 premium flavors, 650mAh rechargeable battery, and 25,000 puffs for long-lasting satisfaction! [caption id=\"attachment_2951\" align=\"alignnone\" width=\"265\"] Pls Contact Mandy's WhatsApp For Discount Price\u00a0 +8618077105796[\/caption] &nbsp;","_links":{"self":[{"href":"https:\/\/vapestornado.com\/es\/wp-json\/wp\/v2\/product\/3661","targetHints":{"allow":["GET"]}}],"collection":[{"href":"https:\/\/vapestornado.com\/es\/wp-json\/wp\/v2\/product"}],"about":[{"href":"https:\/\/vapestornado.com\/es\/wp-json\/wp\/v2\/types\/product"}],"replies":[{"embeddable":true,"href":"https:\/\/vapestornado.com\/es\/wp-json\/wp\/v2\/comments?post=3661"}],"wp:featuredmedia":[{"embeddable":true,"href":"https:\/\/vapestornado.com\/es\/wp-json\/wp\/v2\/media\/3687"}],"wp:attachment":[{"href":"https:\/\/vapestornado.com\/es\/wp-json\/wp\/v2\/media?parent=3661"}],"wp:term":[{"taxonomy":"product_brand","embeddable":true,"href":"https:\/\/vapestornado.com\/es\/wp-json\/wp\/v2\/product_brand?post=3661"},{"taxonomy":"product_cat","embeddable":true,"href":"https:\/\/vapestornado.com\/es\/wp-json\/wp\/v2\/product_cat?post=3661"},{"taxonomy":"product_tag","embeddable":true,"href":"https:\/\/vapestornado.com\/es\/wp-json\/wp\/v2\/product_tag?post=3661"}],"curies":[{"name":"wp","href":"https:\/\/api.w.org\/{rel}","templated":true}]}}