{"id":3649,"date":"2025-01-03T07:00:39","date_gmt":"2025-01-03T07:00:39","guid":{"rendered":"https:\/\/vapestornado.com\/?post_type=product&#038;p=3649"},"modified":"2025-08-23T11:20:23","modified_gmt":"2025-08-23T11:20:23","slug":"jnr-mega-shisha-hookah-100000-puffs-disposable-vape-wholesale-price","status":"publish","type":"product","link":"https:\/\/vapestornado.com\/es\/product\/jnr-mega-shisha-hookah-100000-puffs-disposable-vape-wholesale-price\/","title":{"rendered":"Precio al por mayor de Vape Desechable JNR Mega Shisha Hookah 100000 Puffs"},"content":{"rendered":"<h1 class=\"product-title\">Precio al por mayor de Vape Desechable JNR Mega Shisha Hookah 100000 Puffs<\/h1>\n<p data-start=\"194\" data-end=\"561\">El <strong data-start=\"198\" data-end=\"253\">Vape Desechable JNR Mega Shisha Hookah 100000 Caladas<\/strong> establece un nuevo punto de referencia para los desechables de alta capacidad, lo que lo convierte en una de las mejores opciones para <strong data-start=\"331\" data-end=\"371\">distribuidores y minoristas al por mayor<\/strong> que buscan productos destacados en Europa. Con una incre\u00edble <strong data-start=\"428\" data-end=\"453\">capacidad de 100,000 caladas<\/strong>, este modelo ofrece una resistencia inigualable, perfecto para tiendas dirigidas a usuarios intensivos y entusiastas de la hookah.<\/p>\n<p data-start=\"563\" data-end=\"850\">Alimentado por una <strong data-start=\"576\" data-end=\"608\">Bater\u00eda recargable de 2200 mAh<\/strong> y equipado con <strong data-start=\"627\" data-end=\"655\">carga r\u00e1pida USB Tipo-C<\/strong>, el JNR 100K garantiza un tiempo de inactividad m\u00ednimo y un uso m\u00e1ximo. Un <strong data-start=\"716\" data-end=\"743\">dep\u00f3sito de e-l\u00edquido de 60 ml<\/strong> combinado con <strong data-start=\"756\" data-end=\"780\">2% de concentraci\u00f3n de nicotina<\/strong> proporciona sesiones largas y satisfactorias que hacen que los clientes regresen.<\/p>\n<p data-start=\"852\" data-end=\"1168\">El <strong data-start=\"867\" data-end=\"883\">Pantalla Inteligente<\/strong> muestra el conteo de caladas, la bater\u00eda y los niveles de jugo, mientras que el <strong data-start=\"942\" data-end=\"968\">dise\u00f1o de luz de respiraci\u00f3n<\/strong> agrega un elemento elegante y llamativo para los grupos demogr\u00e1ficos m\u00e1s j\u00f3venes. Con <strong data-start=\"1037\" data-end=\"1063\">flujo de aire directo al pulm\u00f3n<\/strong> y configuraciones ajustables, ofrece vapor denso, una fuerte entrega de sabor y una experiencia personalizable.<\/p>\n<p data-start=\"1170\" data-end=\"1361\">Para los mayoristas, el <strong data-start=\"1191\" data-end=\"1215\">JNR Mega Shisha 100K<\/strong> combina <strong data-start=\"1225\" data-end=\"1302\">conteo de caladas r\u00e9cord, caracter\u00edsticas premium y precios atractivos al por mayor<\/strong>, lo que lo convierte en una adici\u00f3n de alta rentabilidad para cualquier inventario de vapeo.<\/p>\n<p><span style=\"color: #ff0000;\"><strong>\u00a1A\u00f1ade a Amy en Whatsapp para obtener una respuesta r\u00e1pida y cupones de vapeo!<\/strong><\/span><\/p>\n<p><img fetchpriority=\"high\" decoding=\"async\" class=\"size-full wp-image-2932\" src=\"https:\/\/vapestornado.com\/wp-content\/uploads\/2024\/12\/Vape-Wholesale.jpg\" alt=\"Vape al por mayor\" width=\"229\" height=\"300\" \/><\/p>\n<h3><a href=\"https:\/\/wa.me\/8617776015835\" target=\"_blank\" rel=\"noopener\"><span style=\"color: #ff0000;\"><strong>WhatsApp: +86 17776015835<\/strong><\/span><\/a><\/h3>\n<p>&nbsp;<\/p>\n<h2 class=\"product-title\"><strong>Caracter\u00edsticas del producto JNR Shisha Hookah 100000<\/strong><\/h2>\n<div role=\"article\" data-tabster=\"{&quot;groupper&quot;:{&quot;tabbability&quot;:2},&quot;focusable&quot;:{}}\" data-content=\"ai-message\" aria-labelledby=\"juhNTJ6o7Gk1cgwZMJgv2-author juhNTJ6o7Gk1cgwZMJgv2-content\">\n<div id=\"juhNTJ6o7Gk1cgwZMJgv2-content\">\n<div role=\"article\" data-tabster=\"{&quot;groupper&quot;:{&quot;tabbability&quot;:2},&quot;focusable&quot;:{}}\" data-content=\"ai-message\" aria-labelledby=\"x4EZuCZWrTbh3weWUt7CU-author x4EZuCZWrTbh3weWUt7CU-content\">\n<div id=\"x4EZuCZWrTbh3weWUt7CU-content\">\n<div class=\"flex max-w-full flex-col flex-grow\">\n<div class=\"min-h-8 text-message flex w-full flex-col items-end gap-2 whitespace-normal break-words text-start [.text-message+&amp;]:mt-5\" dir=\"auto\" data-message-author-role=\"assistant\" data-message-id=\"52c6e00a-252f-4104-805d-2f1a84739c71\" data-message-model-slug=\"gpt-4o\">\n<div class=\"flex w-full flex-col gap-1 empty:hidden first:pt-[3px]\">\n<div class=\"markdown prose w-full break-words dark:prose-invert light\">\n<h4><\/h4>\n<ol>\n<li><strong>Longevidad excepcional<\/strong>: Disfruta de hasta 100,000 caladas por dispositivo.<\/li>\n<li><strong>Pantalla inteligente<\/strong>: Mantente informado con datos en tiempo real y disfruta de un espect\u00e1culo de luces vibrante y din\u00e1mico.<\/li>\n<li><strong>Enorme capacidad de E-Juice<\/strong>: Pre-llenado con 60 ml para un uso prolongado.<\/li>\n<li><strong>Bater\u00eda potente<\/strong>: Bater\u00eda recargable de 2200 mAh con soporte USB tipo C.<\/li>\n<li><strong>Flujo de aire ajustable<\/strong>: Personaliza tu calada para un vapeo DTL (Directo al Pulm\u00f3n) perfecto.<\/li>\n<\/ol>\n<\/div>\n<\/div>\n<\/div>\n<\/div>\n<div class=\"mb-2 flex gap-3 empty:hidden -ml-2\"><\/div>\n<\/div>\n<\/div>\n<\/div>\n<\/div>\n<h2 class=\"product-title\"><strong>Sabor popular para <\/strong><strong>Narguile Shisha<\/strong><strong> 100k <\/strong><strong>Vapes Desechables<\/strong><\/h2>\n<h2 class=\"product-title\"><\/h2>\n<p>Descubre un mundo de sabor con el JNR Mega Shisha Hookah. Desde menta refrescante hasta delicias frutales, la amplia gama de opciones garantiza que haya una combinaci\u00f3n perfecta para cada estado de \u00e1nimo y preferencia de sabor. Encuentra el sabor popular seg\u00fan nuestra fecha de ventas y los comentarios de los clientes.<\/p>\n<p>1. Doble Manzana<span style=\"color: #ff0000;\"><strong> &gt;&gt;&gt;&gt; \u00a1Caliente!<\/strong><\/span><br \/>\n2. Hielo de Ar\u00e1ndanos <span style=\"color: #ff0000;\"><strong>&gt;&gt;&gt;&gt; \u00a1Caliente!<\/strong><\/span><br \/>\n3. Menta de Uva<br \/>\n4. Haw\u00e1i<br \/>\n5. Guayaba, Maracuy\u00e1 y Kiwi<br \/>\n6. Lady Killa <span style=\"color: #ff0000;\"><strong>&gt;&gt;&gt;&gt; \u00a1Lo mejor!<\/strong><\/span><br \/>\n7. Love 66<br \/>\n8. Hielo Exuberante<br \/>\n9. Amor M\u00e1gico<br \/>\n10. Mi Amor <span style=\"color: #ff0000;\"><strong>&gt;&gt;&gt;&gt; \u00a1Caliente!<\/strong><\/span><br \/>\n11. Hielo de Melocot\u00f3n<br \/>\n12. Ponche de Fresa<\/p>\n<p><img decoding=\"async\" class=\"wp-image-3647 size-full\" src=\"https:\/\/vapestornado.com\/wp-content\/uploads\/2025\/01\/Shisha-Hookah-100000-Puffs-Disposable-Vape-JNR.webp\" alt=\"Vape Desechable Shisha Hookah 100000 Caladas JNR\" width=\"800\" height=\"476\" srcset=\"https:\/\/vapestornado.com\/wp-content\/uploads\/2025\/01\/Shisha-Hookah-100000-Puffs-Disposable-Vape-JNR.webp 800w, https:\/\/vapestornado.com\/wp-content\/uploads\/2025\/01\/Shisha-Hookah-100000-Puffs-Disposable-Vape-JNR-300x179.webp 300w, https:\/\/vapestornado.com\/wp-content\/uploads\/2025\/01\/Shisha-Hookah-100000-Puffs-Disposable-Vape-JNR-768x457.webp 768w, https:\/\/vapestornado.com\/wp-content\/uploads\/2025\/01\/Shisha-Hookah-100000-Puffs-Disposable-Vape-JNR-600x357.webp 600w\" sizes=\"(max-width: 800px) 100vw, 800px\" \/><\/p>\n<div class=\"flex-shrink-0 flex flex-col relative items-end\">\n<div class=\"pt-0\">\n<div class=\"gizmo-bot-avatar flex h-8 w-8 items-center justify-center overflow-hidden rounded-full\">\n<div class=\"relative p-1 rounded-sm flex items-center justify-center bg-token-main-surface-primary text-token-text-primary h-8 w-8\">\n<h2>Preguntas frecuentes sobre JNR Shisha Hookah 100000 Smart<strong>\u00a0<\/strong>Vape Desechable<\/h2>\n<h4><\/h4>\n<ol>\n<li><strong>\u00bfCu\u00e1nto dura la JNR Mega Shisha Hookah 100k?<\/strong><br \/>\nCada dispositivo ofrece unas impresionantes 100.000 caladas, lo que lo hace perfecto para un uso prolongado.<\/li>\n<li><strong>\u00bfC\u00f3mo recargo el dispositivo JNR Mega Shisha Hookah?<\/strong><br \/>\nViene con una bater\u00eda integrada de 2200 mAh que admite la carga r\u00e1pida USB Tipo-C.<\/li>\n<li><strong>\u00bfCu\u00e1l es la funci\u00f3n de la pantalla inteligente?<\/strong><br \/>\nLa pantalla inteligente muestra datos esenciales como la duraci\u00f3n de la bater\u00eda y el nivel de jugo, junto con la elegante luz de respiraci\u00f3n para una experiencia de vapeo \u00fanica.<\/li>\n<li><strong>\u00bfPuedo usarlo con una cachimba de escritorio?<\/strong><br \/>\n\u00a1Absolutamente! La JNR Mega Shisha Hookah es totalmente compatible con configuraciones de hookah de escritorio para una experiencia vers\u00e1til.<\/li>\n<li><strong>\u00bfD\u00f3nde puedo comprarlo a precio mayorista?<\/strong><br \/>\nPuede adquirir la JNR Mega Shisha Hookah al mejor precio mayorista de <strong>la tienda de vapeo en l\u00ednea vapestornado<\/strong>.<\/li>\n<\/ol>\n<div class=\"flex max-w-full flex-col flex-grow\">\n<div class=\"min-h-8 text-message flex w-full flex-col items-end gap-2 whitespace-normal break-words text-start [.text-message+&amp;]:mt-5\" dir=\"auto\" data-message-author-role=\"assistant\" data-message-id=\"4dc48248-df95-45bd-b800-6dedb43cf7f1\" data-message-model-slug=\"gpt-4o\">\n<div class=\"flex w-full flex-col gap-1 empty:hidden first:pt-[3px]\"><\/div>\n<\/div>\n<\/div>\n<\/div>\n<\/div>\n<\/div>\n<\/div>\n<div class=\"flex-shrink-0 flex flex-col relative items-end\">\n<div class=\"pt-0\">\n<div class=\"gizmo-bot-avatar flex h-8 w-8 items-center justify-center overflow-hidden rounded-full\">\n<div class=\"relative p-1 rounded-sm flex items-center justify-center bg-token-main-surface-primary text-token-text-primary h-8 w-8\">\n<div class=\"mb-2 flex gap-3 empty:hidden -ml-2\">\n<div role=\"article\" data-tabster=\"{&quot;groupper&quot;:{&quot;tabbability&quot;:2},&quot;focusable&quot;:{}}\" data-content=\"ai-message\" aria-labelledby=\"Vdt5ez4X7Tg813x6rFVha-author Vdt5ez4X7Tg813x6rFVha-content\">\n<div id=\"Vdt5ez4X7Tg813x6rFVha-content\">\n<div role=\"article\" data-tabster=\"{&quot;groupper&quot;:{&quot;tabbability&quot;:2},&quot;focusable&quot;:{}}\" data-content=\"ai-message\" aria-labelledby=\"o968oC7CEo2fGHsGdsRYC-author o968oC7CEo2fGHsGdsRYC-content\">\n<div id=\"o968oC7CEo2fGHsGdsRYC-content\">\n<h2>\u00bfPor qu\u00e9 elegir vapestornado para la venta al por mayor de vapes desechables JNR Shisha Hookah 100000 Puffs?<\/h2>\n<div class=\"flex-shrink-0 flex flex-col relative items-end\">\n<div class=\"pt-0\">\n<div class=\"gizmo-bot-avatar flex h-8 w-8 items-center justify-center overflow-hidden rounded-full\">\n<div class=\"relative p-1 rounded-sm flex items-center justify-center bg-token-main-surface-primary text-token-text-primary h-8 w-8\">\n<p>Bienvenido a vapestornado, tu tienda de vapeo en l\u00ednea de confianza para vapers desechables de primera calidad. Con m\u00e1s de 5 a\u00f1os de experiencia, te traemos marcas populares de vapers desechables como Fumot RandM Vape, <a href=\"https:\/\/vapestornado.com\/es\/product-category\/vapme-shisha\/\">Vapme<\/a>, Bang Vape, Waspe Vape y WGA Vape, ect.<\/p>\n<p>Nuestra gama incluye vapers de gran venta como el <a href=\"https:\/\/vapestornado.com\/es\/product\/randm-12000-puffs-fumot-digital-disposable-vape-wholesale-price\/\">RandM Tornado 12000<\/a>y opciones ricas en sabor como el <a href=\"https:\/\/vapestornado.com\/es\/product\/wga-crystal-pro-max-extra-15000-puffs-rechargeable-disposable-vape-wholesale-bulk-buy\/\">\u00a0Cristal WGA 15k Caladas<\/a> . Cada producto se elige centr\u00e1ndose en la calidad, el valor y la variedad, lo que garantiza que encuentre la combinaci\u00f3n perfecta para sus necesidades. Descubra un servicio excepcional y una amplia gama de los mejores productos a precio mayorista en vapestornado.<\/p>\n<\/div>\n<p>&nbsp;<\/p>\n<p><strong>Otros Vapers Desechables de Gran Venta<\/strong><\/p>\n<p><a href=\"https:\/\/vapestornado.com\/es\/product\/vozol-star-20000-puffs-disposable-vape-2-low-nicotine-bulk-buy-wholesale-cheap-price\/\">VOZOL Star 20000 Puff <span style=\"color: #ff0000;\"><strong>&gt;&gt;&gt;&gt; \u00a1Ir!<\/strong><\/span><\/a><\/p>\n<p><a href=\"https:\/\/vapestornado.com\/es\/product\/refillable-disposable-vape-bang-40000-puffs-with-smart-screen-display-wholesale\/\">Bang 40000 Caladas<span style=\"color: #ff0000;\"><strong>&gt;&gt;&gt;&gt; \u00a1Ir!<\/strong><\/span><\/a><\/p>\n<p><a href=\"https:\/\/vapestornado.com\/es\/product\/bang-king-vape-35000-puff-smart-digital-display-wholesale-disposable-electronic-cigarette-wholesale\/\">Bang Rey 35000 <span style=\"color: #ff0000;\"><strong>&gt;&gt;&gt;&gt; \u00a1Ir!<\/strong><\/span><\/a><\/p>\n<\/div>\n<\/div>\n<\/div>\n<p>&nbsp;<\/p>\n<\/div>\n<\/div>\n<\/div>\n<\/div>\n<\/div>\n<\/div>\n<\/div>\n<\/div>\n<\/div>","protected":false},"excerpt":{"rendered":"<p>El <strong data-start=\"1405\" data-end=\"1436\">JNR Mega Shisha Pipa 100K<\/strong> ofrece 100,000 caladas inigualables, pantalla inteligente y un tanque de e-l\u00edquido de 60 ml. Un desechable recargable construido para <strong data-start=\"1548\" data-end=\"1583\">compradores mayoristas en Europa<\/strong>.<\/p>\n<p><strong>\u00a1A\u00f1ade el whatsapp de Amy para obtener una respuesta inmediata y cup\u00f3n para vaper!<\/strong><\/p>\n<p><img fetchpriority=\"high\" decoding=\"async\" class=\"size-full wp-image-2932\" src=\"https:\/\/vapestornado.com\/wp-content\/uploads\/2024\/12\/Vape-Wholesale.jpg\" alt=\"Vape al por mayor\" width=\"229\" height=\"300\" \/><\/p>\n<h3><a href=\"https:\/\/wa.me\/8617776015835\"><span style=\"color: #ff0000;\"><strong>WhatsApp: +86 17776015835<\/strong><\/span><\/a><\/h3>\n<p>&nbsp;<\/p>","protected":false},"featured_media":3648,"comment_status":"open","ping_status":"closed","template":"","meta":{"_acf_changed":false,"_uag_custom_page_level_css":"","_lmt_disableupdate":"no","_lmt_disable":"","_monsterinsights_skip_tracking":false,"_monsterinsights_sitenote_active":false,"_monsterinsights_sitenote_note":"","_monsterinsights_sitenote_category":0,"site-sidebar-layout":"default","site-content-layout":"","ast-site-content-layout":"default","site-content-style":"default","site-sidebar-style":"default","ast-global-header-display":"","ast-banner-title-visibility":"","ast-main-header-display":"","ast-hfb-above-header-display":"","ast-hfb-below-header-display":"","ast-hfb-mobile-header-display":"","site-post-title":"","ast-breadcrumbs-content":"","ast-featured-img":"","footer-sml-layout":"","ast-disable-related-posts":"","theme-transparent-header-meta":"default","adv-header-id-meta":"","stick-header-meta":"","header-above-stick-meta":"","header-main-stick-meta":"","header-below-stick-meta":"","astra-migrate-meta-layouts":"set","ast-page-background-enabled":"default","ast-page-background-meta":{"desktop":{"background-color":"","background-image":"","background-repeat":"repeat","background-position":"center center","background-size":"auto","background-attachment":"scroll","background-type":"","background-media":"","overlay-type":"","overlay-color":"","overlay-opacity":"","overlay-gradient":""},"tablet":{"background-color":"","background-image":"","background-repeat":"repeat","background-position":"center center","background-size":"auto","background-attachment":"scroll","background-type":"","background-media":"","overlay-type":"","overlay-color":"","overlay-opacity":"","overlay-gradient":""},"mobile":{"background-color":"","background-image":"","background-repeat":"repeat","background-position":"center center","background-size":"auto","background-attachment":"scroll","background-type":"","background-media":"","overlay-type":"","overlay-color":"","overlay-opacity":"","overlay-gradient":""}},"ast-content-background-meta":{"desktop":{"background-color":"var(--ast-global-color-5)","background-image":"","background-repeat":"repeat","background-position":"center center","background-size":"auto","background-attachment":"scroll","background-type":"","background-media":"","overlay-type":"","overlay-color":"","overlay-opacity":"","overlay-gradient":""},"tablet":{"background-color":"var(--ast-global-color-5)","background-image":"","background-repeat":"repeat","background-position":"center center","background-size":"auto","background-attachment":"scroll","background-type":"","background-media":"","overlay-type":"","overlay-color":"","overlay-opacity":"","overlay-gradient":""},"mobile":{"background-color":"var(--ast-global-color-5)","background-image":"","background-repeat":"repeat","background-position":"center center","background-size":"auto","background-attachment":"scroll","background-type":"","background-media":"","overlay-type":"","overlay-color":"","overlay-opacity":"","overlay-gradient":""}},"_joinchat":{"telephone":"+8617776015835"}},"product_brand":[],"product_cat":[140,154,142,76,147],"product_tag":[165,105,97,225,166,94,131,226],"class_list":{"0":"post-3649","1":"product","2":"type-product","3":"status-publish","4":"has-post-thumbnail","6":"product_cat-big-puffs-disposable-vapes","7":"product_cat-buy-disposable-vapes-in-netherlands","8":"product_cat-digital-box-disposable-vapes","9":"product_cat-jnr-vape","10":"product_cat-shisha-hookah-disposable-vapes","11":"product_tag-cheap-vapes","12":"product_tag-digital-disposable-vape","13":"product_tag-hot-sale-disposable-vape","14":"product_tag-jnr-shisha-hookah-100000","15":"product_tag-low-nicotine-vape","16":"product_tag-rechargeable-disposable-vape","17":"product_tag-shisha-hookah","18":"product_tag-shisha-hookah-disposable-vapes","19":"desktop-align-left","20":"tablet-align-left","21":"mobile-align-left","23":"first","24":"instock","25":"sale","26":"shipping-taxable","27":"purchasable","28":"product-type-simple"},"acf":[],"uagb_featured_image_src":{"full":["https:\/\/vapestornado.com\/wp-content\/uploads\/2025\/01\/Shisha-Hookah-Disposable-Vape-100000-JNR.jpg",800,800,false],"thumbnail":["https:\/\/vapestornado.com\/wp-content\/uploads\/2025\/01\/Shisha-Hookah-Disposable-Vape-100000-JNR-150x150.jpg",150,150,true],"medium":["https:\/\/vapestornado.com\/wp-content\/uploads\/2025\/01\/Shisha-Hookah-Disposable-Vape-100000-JNR-300x300.jpg",300,300,true],"medium_large":["https:\/\/vapestornado.com\/wp-content\/uploads\/2025\/01\/Shisha-Hookah-Disposable-Vape-100000-JNR-768x768.jpg",768,768,true],"large":["https:\/\/vapestornado.com\/wp-content\/uploads\/2025\/01\/Shisha-Hookah-Disposable-Vape-100000-JNR.jpg",800,800,false],"1536x1536":["https:\/\/vapestornado.com\/wp-content\/uploads\/2025\/01\/Shisha-Hookah-Disposable-Vape-100000-JNR.jpg",800,800,false],"2048x2048":["https:\/\/vapestornado.com\/wp-content\/uploads\/2025\/01\/Shisha-Hookah-Disposable-Vape-100000-JNR.jpg",800,800,false],"trp-custom-language-flag":["https:\/\/vapestornado.com\/wp-content\/uploads\/2025\/01\/Shisha-Hookah-Disposable-Vape-100000-JNR.jpg",12,12,false],"woocommerce_thumbnail":["https:\/\/vapestornado.com\/wp-content\/uploads\/2025\/01\/Shisha-Hookah-Disposable-Vape-100000-JNR-300x300.jpg",300,300,true],"woocommerce_single":["https:\/\/vapestornado.com\/wp-content\/uploads\/2025\/01\/Shisha-Hookah-Disposable-Vape-100000-JNR-600x600.jpg",600,600,true],"woocommerce_gallery_thumbnail":["https:\/\/vapestornado.com\/wp-content\/uploads\/2025\/01\/Shisha-Hookah-Disposable-Vape-100000-JNR-100x100.jpg",100,100,true]},"uagb_author_info":{"display_name":"ESAMY","author_link":"https:\/\/vapestornado.com\/es\/author\/"},"uagb_comment_info":0,"uagb_excerpt":"The JNR Mega Shisha Hookah 100K delivers an unmatched 100,000 puffs, smart screen, and 60ml e-liquid tank. A rechargeable disposable built for wholesale bulk buyers in Europe. Add Amy's whatsapp get right reply and vape coupon! WhatsApp: +86 17776015835 &nbsp;","_links":{"self":[{"href":"https:\/\/vapestornado.com\/es\/wp-json\/wp\/v2\/product\/3649","targetHints":{"allow":["GET"]}}],"collection":[{"href":"https:\/\/vapestornado.com\/es\/wp-json\/wp\/v2\/product"}],"about":[{"href":"https:\/\/vapestornado.com\/es\/wp-json\/wp\/v2\/types\/product"}],"replies":[{"embeddable":true,"href":"https:\/\/vapestornado.com\/es\/wp-json\/wp\/v2\/comments?post=3649"}],"wp:featuredmedia":[{"embeddable":true,"href":"https:\/\/vapestornado.com\/es\/wp-json\/wp\/v2\/media\/3648"}],"wp:attachment":[{"href":"https:\/\/vapestornado.com\/es\/wp-json\/wp\/v2\/media?parent=3649"}],"wp:term":[{"taxonomy":"product_brand","embeddable":true,"href":"https:\/\/vapestornado.com\/es\/wp-json\/wp\/v2\/product_brand?post=3649"},{"taxonomy":"product_cat","embeddable":true,"href":"https:\/\/vapestornado.com\/es\/wp-json\/wp\/v2\/product_cat?post=3649"},{"taxonomy":"product_tag","embeddable":true,"href":"https:\/\/vapestornado.com\/es\/wp-json\/wp\/v2\/product_tag?post=3649"}],"curies":[{"name":"wp","href":"https:\/\/api.w.org\/{rel}","templated":true}]}}