{"id":3445,"date":"2024-12-27T09:09:56","date_gmt":"2024-12-27T09:09:56","guid":{"rendered":"https:\/\/vapestornado.com\/?post_type=product&#038;p=3445"},"modified":"2025-08-23T10:50:44","modified_gmt":"2025-08-23T10:50:44","slug":"bood-pulse-pro-25k-50k-puffs-geek-bar-new-vape-bulk-price","status":"publish","type":"product","link":"https:\/\/vapestornado.com\/es\/product\/bood-pulse-pro-25k-50k-puffs-geek-bar-new-vape-bulk-price\/","title":{"rendered":"Bood Pulse Pro 25k 50k Puffs Geek Bar Nuevo Vape Precio al por mayor"},"content":{"rendered":"<h1>Bood Pulse Pro 25k 50k Puffs Geek Bar Nuevo Vape Precio al por mayor<\/h1>\n<p>&nbsp;<\/p>\n<div role=\"article\" data-tabster=\"{&quot;groupper&quot;:{&quot;tabbability&quot;:2},&quot;focusable&quot;:{}}\" data-content=\"ai-message\" aria-labelledby=\"64JRvXrTnY7mRmPkEQLLT-author 64JRvXrTnY7mRmPkEQLLT-content\">\n<div id=\"64JRvXrTnY7mRmPkEQLLT-content\">\n<p data-start=\"210\" data-end=\"488\">El <strong data-start=\"214\" data-end=\"268\">Barra de Vape Desechable Bood Pulse Pro de 25K \/ 50K Puffs<\/strong> est\u00e1 dise\u00f1ado para mayoristas y minoristas que desean ofrecer a los clientes una opci\u00f3n entre dispositivos de capacidad media y ultra alta. Con <strong data-start=\"404\" data-end=\"437\">opciones de 25,000 o 50,000 inhalaciones<\/strong>, este vape satisface tanto a usuarios ligeros como intensivos.<\/p>\n<p data-start=\"490\" data-end=\"798\">Cada unidad funciona con un <strong data-start=\"517\" data-end=\"548\">bater\u00eda recargable de 850mAh<\/strong> con <strong data-start=\"554\" data-end=\"578\">carga r\u00e1pida Tipo-C<\/strong>, lo que garantiza un rendimiento confiable y un tiempo de inactividad m\u00ednimo. El <strong data-start=\"636\" data-end=\"669\">tanque de e-l\u00edquido precargado de 38 ml<\/strong> proporciona un uso prolongado, mientras que <strong data-start=\"701\" data-end=\"734\">tecnolog\u00eda avanzada de resistencia de malla<\/strong> garantiza un sabor rico y un vapor suave de principio a fin.<\/p>\n<p data-start=\"800\" data-end=\"1124\">Disponible en <strong data-start=\"813\" data-end=\"835\">sin nicotina (0%)<\/strong>, as\u00ed como <strong data-start=\"848\" data-end=\"880\">concentraciones de nicotina 2% y 5%<\/strong>, el <strong data-start=\"886\" data-end=\"912\">Bood Pulse Pro 25K\/50K<\/strong> se adapta a una amplia gama de clientes europeos. Su <strong data-start=\"959\" data-end=\"1027\">dise\u00f1o elegante, fuerte producci\u00f3n de vapor y precios favorables para la compra al por mayor<\/strong> lo convierten en una opci\u00f3n atractiva para las tiendas de vapeo y los distribuidores que buscan un stock mayorista confiable.<\/p>\n<p>&nbsp;<\/p>\n<\/div>\n<\/div>\n<p><img fetchpriority=\"high\" decoding=\"async\" class=\"alignleft wp-image-2951 size-medium\" src=\"https:\/\/vapestornado.com\/wp-content\/uploads\/2024\/12\/Wholesale-Disposable-Vape-265x300.jpg\" alt=\"Vape Desechable al por mayor\" width=\"265\" height=\"300\" srcset=\"https:\/\/vapestornado.com\/wp-content\/uploads\/2024\/12\/Wholesale-Disposable-Vape-265x300.jpg 265w, https:\/\/vapestornado.com\/wp-content\/uploads\/2024\/12\/Wholesale-Disposable-Vape-768x871.jpg 768w, https:\/\/vapestornado.com\/wp-content\/uploads\/2024\/12\/Wholesale-Disposable-Vape-600x680.jpg 600w, https:\/\/vapestornado.com\/wp-content\/uploads\/2024\/12\/Wholesale-Disposable-Vape.jpg 823w\" sizes=\"(max-width: 265px) 100vw, 265px\" \/><\/p>\n<h6>Por favor, contacta con el WhatsApp de Mandy para precio con descuento:<a href=\"https:\/\/wa.me\/8618077105796\" target=\"_blank\" rel=\"noopener\">+8618077105796<\/a><\/h6>\n<div class=\"flex max-w-full flex-col flex-grow\">\n<div class=\"min-h-8 text-message flex w-full flex-col items-end gap-2 whitespace-normal break-words text-start [.text-message+&amp;]:mt-5\" dir=\"auto\" data-message-author-role=\"assistant\" data-message-id=\"cdb991c0-f594-4bff-b2d5-fbbdd7ce9e54\" data-message-model-slug=\"gpt-4o-mini\">\n<div class=\"flex w-full flex-col gap-1 empty:hidden first:pt-[3px]\">\n<div class=\"markdown prose w-full break-words dark:prose-invert light\"><\/div>\n<\/div>\n<\/div>\n<\/div>\n<div class=\"mb-2 flex gap-3 empty:hidden -ml-2\">\n<h2><strong>Bood Pulse Pro 50k Caladas <\/strong>Caracter\u00edsticas destacadas:<\/h2>\n<ul>\n<li><strong>50,000 caladas<\/strong>: Longevidad excepcional para sesiones de vapeo prolongadas<\/li>\n<li><strong>Capacidad de e-l\u00edquido<\/strong>: Generosos 38 ml para menos recargas<\/li>\n<li><strong>Duraci\u00f3n de la bater\u00eda<\/strong>: Bater\u00eda recargable de 850 mAh duradera para un rendimiento constante<\/li>\n<li><strong>Opciones de nicotina<\/strong>: variantes de 0%, 2% y 5% para adaptarse a las preferencias individuales<\/li>\n<li><strong>Resistencia de malla<\/strong>: Sabor y producci\u00f3n de vapor mejorados<\/li>\n<\/ul>\n<\/div>\n<h2>Lista de sabores de Bood Pulse Pro 50000 Puffs:<\/h2>\n<p>1. MEL\u00d3N PI\u00d1A NARANJA<br \/>\n2. AR\u00c1NDANO FRAMBUESA \u00c1CIDA<br \/>\n3. SAND\u00cdA KIWI<br \/>\n4. AR\u00c1NDANO SAND\u00cdA<br \/>\n5. MORA HELADA<br \/>\n6. TRIPLE MEL\u00d3N<br \/>\n7. FRESA HELADA<br \/>\n8. FRESA SAND\u00cdA HELADA<br \/>\n9. DOBLE LIMONADA<br \/>\n10. UVA AR\u00c1NDANO FRAMBUESA<\/p>\n<div role=\"article\" data-tabster=\"{&quot;groupper&quot;:{&quot;tabbability&quot;:2},&quot;focusable&quot;:{}}\" data-content=\"ai-message\" aria-labelledby=\"dARUyEWDoEYhnSPXFwx5A-author dARUyEWDoEYhnSPXFwx5A-content\">\n<div id=\"dARUyEWDoEYhnSPXFwx5A-content\">\n<h2>\u00bfPor qu\u00e9 elegir el Bood Pulse Pro 25k\/50k Puffs en vapestornado.com?<\/h2>\n<p>El <strong>El Bood Pulse Pro 25k\/50k Puffs<\/strong> vapeador desechable es la mejor opci\u00f3n para los vapeadores que buscan rendimiento, comodidad y calidad. Disponible exclusivamente en <strong>vapestornado.es<\/strong>, este dispositivo ofrece una gama de caracter\u00edsticas dise\u00f1adas para elevar tu experiencia de vapeo. Aqu\u00ed est\u00e1 el porqu\u00e9 deber\u00edas elegir el Bood Pulse Pro:<\/p>\n<ul>\n<li><strong>Longevidad inigualable<\/strong><\/li>\n<\/ul>\n<p>Con una impresionante <strong>25.000 a 50.000 caladas<\/strong>, el Bood Pulse Pro ofrece uno de los vapes desechables de mayor duraci\u00f3n del mercado. No tendr\u00e1 que preocuparse por los reemplazos frecuentes, lo que lo hace perfecto para el uso diario y la satisfacci\u00f3n a largo plazo.<\/p>\n<ul>\n<li><strong>Opciones de nicotina vers\u00e1tiles<\/strong><\/li>\n<\/ul>\n<p>El Bood Pulse Pro viene con <strong>opciones sin nicotina<\/strong>, <strong>2%<\/strong>, y <strong>5%<\/strong> y con nicotina, lo que le da la flexibilidad de elegir su nivel preferido de nicotina. Ya sea que est\u00e9 buscando dejar la nicotina o disfrutar de un fuerte golpe, hay una opci\u00f3n perfecta para usted.<\/p>\n<ul>\n<li><strong>Gran capacidad de e-l\u00edquido<\/strong><\/li>\n<\/ul>\n<p>Con <strong>38ml de e-l\u00edquido<\/strong>, el Bood Pulse Pro ofrece zumo m\u00e1s que suficiente para un vapeo prolongado sin necesidad de recargas frecuentes. Esto lo convierte en una opci\u00f3n conveniente y confiable para los usuarios en movimiento.<\/p>\n<ul>\n<li><strong>Rendimiento potente<\/strong><\/li>\n<\/ul>\n<p>Equipado con un robusto <strong>bater\u00eda recargable de 850mAh<\/strong>, el Bood Pulse Pro garantiza un rendimiento constante durante toda su larga vida \u00fatil. Con un <strong>resistencia de malla<\/strong> para un sabor \u00f3ptimo y una producci\u00f3n de vapor suave, cada calada es una experiencia premium.<\/p>\n<ul>\n<li><strong>Calidad en la que puede confiar<\/strong><\/li>\n<\/ul>\n<p>vapestornado.com ofrece una cuidada selecci\u00f3n de los mejores productos de vapeo, y el <strong>El Bood Pulse Pro 25k\/50k Puffs<\/strong> no es una excepci\u00f3n. Cuando compra con nosotros, le garantizamos productos aut\u00e9nticos, precios competitivos y un env\u00edo r\u00e1pido y fiable.<\/p>\n<ul>\n<li><strong>Satisfacci\u00f3n del cliente<\/strong><\/li>\n<\/ul>\n<p>En vapestornado.com, la satisfacci\u00f3n del cliente es nuestra m\u00e1xima prioridad. Ofrecemos un excelente servicio de atenci\u00f3n al cliente para garantizar una experiencia de compra fluida, que incluye devoluciones sencillas, informaci\u00f3n detallada del producto y asistencia personalizada.<\/p>\n<p>&nbsp;<\/p>\n<\/div>\n<\/div>\n<h2>Preguntas frecuentes sobre los pods de vapeo Bood Pulse Pro 25k\/50k Puffs<\/h2>\n<p>Aqu\u00ed tiene algunas preguntas frecuentes para ayudarle a entender m\u00e1s sobre los <strong>Pods de vapeo Bood Pulse Pro 25k\/50k Puffs<\/strong>:<\/p>\n<h4>1. <strong>\u00bfCu\u00e1nto dura el vapeador Bood Pulse Pro 50000 Puffs?<\/strong><\/h4>\n<p>El <strong>Bood Pulse Pro<\/strong> ofrece una impresionante vida \u00fatil de hasta <strong>25.000 a 50.000 caladas<\/strong>, dependiendo de su uso. Este dise\u00f1o de larga duraci\u00f3n garantiza que no tendr\u00e1 que reemplazar su dispositivo con frecuencia, lo que lo convierte en una excelente opci\u00f3n para el uso diario.<\/p>\n<h4>2. <strong>\u00bfQu\u00e9 opciones de concentraci\u00f3n de nicotina est\u00e1n disponibles en el vaporizador Bood 50000 puffs?<\/strong><\/h4>\n<p>El Bood Pulse Pro viene en <strong>opciones sin nicotina<\/strong>, <strong>2%<\/strong>, y <strong>5%<\/strong> opciones de nicotina. Tanto si desea un golpe de nicotina suave como uno m\u00e1s fuerte, hay una opci\u00f3n para todos. La versi\u00f3n sin nicotina es perfecta para aquellos que prefieren vapear sin nicotina.<\/p>\n<h4>3. <strong>\u00bfCu\u00e1l es la capacidad de e-l\u00edquido del Bood Pulse Pro 50000 puffs?<\/strong><\/h4>\n<p>El dispositivo est\u00e1 precargado con <strong>38ml de e-l\u00edquido<\/strong>, proporcionando una gran cantidad de l\u00edquido para sesiones de vapeo prolongadas. Esto significa menos recargas y m\u00e1s comodidad para los vapeadores.<\/p>\n<h4>4. <strong>\u00bfD\u00f3nde puedo comprar el Bood Pulse Pro 25000 50000 Puffs?<\/strong><\/h4>\n<p>Puedes adquirir el <strong>Pods de vapeo Bood Pulse Pro 25k\/50k Puffs<\/strong> directamente de <strong>vapestornado.es<\/strong>. Ofrecemos env\u00edo r\u00e1pido, precios competitivos y un servicio de atenci\u00f3n al cliente excepcional para garantizar una experiencia de compra fluida.<\/p>\n<p>Para m\u00e1s informaci\u00f3n o consultas espec\u00edficas, no dudes en contactar a nuestro equipo de atenci\u00f3n al cliente.<\/p>","protected":false},"excerpt":{"rendered":"<p>El <strong data-start=\"1168\" data-end=\"1205\">Vape Bood Pulse Pro de 25K\/50K Puffs<\/strong> ofrece opciones de capacidad dual, rendimiento de resistencia de malla y energ\u00eda recargable. Un desechable vers\u00e1til dise\u00f1ado para <strong data-start=\"1319\" data-end=\"1354\">compradores mayoristas en Europa<\/strong>.<\/p>\n<figure id=\"attachment_2951\" aria-describedby=\"caption-attachment-2951\" style=\"width: 265px\" class=\"wp-caption alignnone\"><img decoding=\"async\" class=\"size-medium wp-image-2951\" src=\"https:\/\/vapestornado.com\/wp-content\/uploads\/2024\/12\/Wholesale-Disposable-Vape-265x300.jpg\" alt=\"Vape Desechable al por mayor\" width=\"265\" height=\"300\" srcset=\"https:\/\/vapestornado.com\/wp-content\/uploads\/2024\/12\/Wholesale-Disposable-Vape-265x300.jpg 265w, https:\/\/vapestornado.com\/wp-content\/uploads\/2024\/12\/Wholesale-Disposable-Vape-768x871.jpg 768w, https:\/\/vapestornado.com\/wp-content\/uploads\/2024\/12\/Wholesale-Disposable-Vape-600x680.jpg 600w, https:\/\/vapestornado.com\/wp-content\/uploads\/2024\/12\/Wholesale-Disposable-Vape.jpg 823w\" sizes=\"(max-width: 265px) 100vw, 265px\" \/><figcaption id=\"caption-attachment-2951\" class=\"wp-caption-text\">Por favor, contacta con el WhatsApp de Mandy para precio con descuento:\u00a0 <a href=\"https:\/\/wa.me\/8618077105796\">+8618077105796<\/a><\/figcaption><\/figure>\n<p>&nbsp;<\/p>","protected":false},"featured_media":3504,"comment_status":"open","ping_status":"closed","template":"","meta":{"_acf_changed":false,"_uag_custom_page_level_css":"","_lmt_disableupdate":"no","_lmt_disable":"","_monsterinsights_skip_tracking":false,"_monsterinsights_sitenote_active":false,"_monsterinsights_sitenote_note":"","_monsterinsights_sitenote_category":0,"site-sidebar-layout":"default","site-content-layout":"","ast-site-content-layout":"default","site-content-style":"default","site-sidebar-style":"default","ast-global-header-display":"","ast-banner-title-visibility":"","ast-main-header-display":"","ast-hfb-above-header-display":"","ast-hfb-below-header-display":"","ast-hfb-mobile-header-display":"","site-post-title":"","ast-breadcrumbs-content":"","ast-featured-img":"","footer-sml-layout":"","ast-disable-related-posts":"","theme-transparent-header-meta":"default","adv-header-id-meta":"","stick-header-meta":"","header-above-stick-meta":"","header-main-stick-meta":"","header-below-stick-meta":"","astra-migrate-meta-layouts":"set","ast-page-background-enabled":"default","ast-page-background-meta":{"desktop":{"background-color":"","background-image":"","background-repeat":"repeat","background-position":"center center","background-size":"auto","background-attachment":"scroll","background-type":"","background-media":"","overlay-type":"","overlay-color":"","overlay-opacity":"","overlay-gradient":""},"tablet":{"background-color":"","background-image":"","background-repeat":"repeat","background-position":"center center","background-size":"auto","background-attachment":"scroll","background-type":"","background-media":"","overlay-type":"","overlay-color":"","overlay-opacity":"","overlay-gradient":""},"mobile":{"background-color":"","background-image":"","background-repeat":"repeat","background-position":"center center","background-size":"auto","background-attachment":"scroll","background-type":"","background-media":"","overlay-type":"","overlay-color":"","overlay-opacity":"","overlay-gradient":""}},"ast-content-background-meta":{"desktop":{"background-color":"var(--ast-global-color-5)","background-image":"","background-repeat":"repeat","background-position":"center center","background-size":"auto","background-attachment":"scroll","background-type":"","background-media":"","overlay-type":"","overlay-color":"","overlay-opacity":"","overlay-gradient":""},"tablet":{"background-color":"var(--ast-global-color-5)","background-image":"","background-repeat":"repeat","background-position":"center center","background-size":"auto","background-attachment":"scroll","background-type":"","background-media":"","overlay-type":"","overlay-color":"","overlay-opacity":"","overlay-gradient":""},"mobile":{"background-color":"var(--ast-global-color-5)","background-image":"","background-repeat":"repeat","background-position":"center center","background-size":"auto","background-attachment":"scroll","background-type":"","background-media":"","overlay-type":"","overlay-color":"","overlay-opacity":"","overlay-gradient":""}},"_joinchat":{"telephone":"+8618077105796"}},"product_brand":[],"product_cat":[192,140,193,155,156],"product_tag":[190,97],"class_list":{"0":"post-3445","1":"product","2":"type-product","3":"status-publish","4":"has-post-thumbnail","6":"product_cat-50000-puff","7":"product_cat-big-puffs-disposable-vapes","8":"product_cat-bood-disposable-vapes","9":"product_cat-buy-disposable-vapes-in-norway","10":"product_cat-buy-disposable-vapes-in-poland","11":"product_tag-bood-pulse-pro-50000","12":"product_tag-hot-sale-disposable-vape","13":"desktop-align-left","14":"tablet-align-left","15":"mobile-align-left","17":"first","18":"instock","19":"sale","20":"shipping-taxable","21":"purchasable","22":"product-type-simple"},"acf":[],"uagb_featured_image_src":{"full":["https:\/\/vapestornado.com\/wp-content\/uploads\/2024\/12\/Bood-vape-pulse-pro-25000-Puffs-50000-Puffs.jpg",800,800,false],"thumbnail":["https:\/\/vapestornado.com\/wp-content\/uploads\/2024\/12\/Bood-vape-pulse-pro-25000-Puffs-50000-Puffs-150x150.jpg",150,150,true],"medium":["https:\/\/vapestornado.com\/wp-content\/uploads\/2024\/12\/Bood-vape-pulse-pro-25000-Puffs-50000-Puffs-300x300.jpg",300,300,true],"medium_large":["https:\/\/vapestornado.com\/wp-content\/uploads\/2024\/12\/Bood-vape-pulse-pro-25000-Puffs-50000-Puffs-768x768.jpg",768,768,true],"large":["https:\/\/vapestornado.com\/wp-content\/uploads\/2024\/12\/Bood-vape-pulse-pro-25000-Puffs-50000-Puffs.jpg",800,800,false],"1536x1536":["https:\/\/vapestornado.com\/wp-content\/uploads\/2024\/12\/Bood-vape-pulse-pro-25000-Puffs-50000-Puffs.jpg",800,800,false],"2048x2048":["https:\/\/vapestornado.com\/wp-content\/uploads\/2024\/12\/Bood-vape-pulse-pro-25000-Puffs-50000-Puffs.jpg",800,800,false],"trp-custom-language-flag":["https:\/\/vapestornado.com\/wp-content\/uploads\/2024\/12\/Bood-vape-pulse-pro-25000-Puffs-50000-Puffs.jpg",12,12,false],"woocommerce_thumbnail":["https:\/\/vapestornado.com\/wp-content\/uploads\/2024\/12\/Bood-vape-pulse-pro-25000-Puffs-50000-Puffs-300x300.jpg",300,300,true],"woocommerce_single":["https:\/\/vapestornado.com\/wp-content\/uploads\/2024\/12\/Bood-vape-pulse-pro-25000-Puffs-50000-Puffs-600x600.jpg",600,600,true],"woocommerce_gallery_thumbnail":["https:\/\/vapestornado.com\/wp-content\/uploads\/2024\/12\/Bood-vape-pulse-pro-25000-Puffs-50000-Puffs-100x100.jpg",100,100,true]},"uagb_author_info":{"display_name":"ESMANDY","author_link":"https:\/\/vapestornado.com\/es\/author\/"},"uagb_comment_info":0,"uagb_excerpt":"The Bood Pulse Pro 25K\/50K Puffs Vape offers dual capacity options, mesh coil performance, and rechargeable power. A versatile disposable designed for wholesale bulk buyers in Europe. [caption id=\"attachment_2951\" align=\"alignnone\" width=\"265\"] Pls Contact Mandy's WhatsApp For Discount Price\u00a0 +8618077105796[\/caption] &nbsp;","_links":{"self":[{"href":"https:\/\/vapestornado.com\/es\/wp-json\/wp\/v2\/product\/3445","targetHints":{"allow":["GET"]}}],"collection":[{"href":"https:\/\/vapestornado.com\/es\/wp-json\/wp\/v2\/product"}],"about":[{"href":"https:\/\/vapestornado.com\/es\/wp-json\/wp\/v2\/types\/product"}],"replies":[{"embeddable":true,"href":"https:\/\/vapestornado.com\/es\/wp-json\/wp\/v2\/comments?post=3445"}],"wp:featuredmedia":[{"embeddable":true,"href":"https:\/\/vapestornado.com\/es\/wp-json\/wp\/v2\/media\/3504"}],"wp:attachment":[{"href":"https:\/\/vapestornado.com\/es\/wp-json\/wp\/v2\/media?parent=3445"}],"wp:term":[{"taxonomy":"product_brand","embeddable":true,"href":"https:\/\/vapestornado.com\/es\/wp-json\/wp\/v2\/product_brand?post=3445"},{"taxonomy":"product_cat","embeddable":true,"href":"https:\/\/vapestornado.com\/es\/wp-json\/wp\/v2\/product_cat?post=3445"},{"taxonomy":"product_tag","embeddable":true,"href":"https:\/\/vapestornado.com\/es\/wp-json\/wp\/v2\/product_tag?post=3445"}],"curies":[{"name":"wp","href":"https:\/\/api.w.org\/{rel}","templated":true}]}}