{"id":3394,"date":"2024-12-26T07:40:36","date_gmt":"2024-12-26T07:40:36","guid":{"rendered":"https:\/\/vapestornado.com\/?post_type=product&#038;p=3394"},"modified":"2025-08-23T12:25:34","modified_gmt":"2025-08-23T12:25:34","slug":"vookbar-cyber-pro-30000-puffs-touch-screen-2-low-nicotine-rechargeable-disposable-vapes-pen-bulk-buy-wholesale","status":"publish","type":"product","link":"https:\/\/vapestornado.com\/es\/product\/vookbar-cyber-pro-30000-puffs-touch-screen-2-low-nicotine-rechargeable-disposable-vapes-pen-bulk-buy-wholesale\/","title":{"rendered":"Vookbar Cyber Pro 30000 Puffs Pantalla T\u00e1ctil 2% Vapes Desechables Recargables con Baja Nicotina Compra al por Mayor"},"content":{"rendered":"<h1 class=\"product-title\">Vookbar Cyber Pro 30000 Puffs Pantalla T\u00e1ctil 2% Vapes Desechables Recargables con Baja Nicotina Compra al por Mayor<\/h1>\n<p>El <strong>Vookbar Cyber Pro 30000 Caladas<\/strong> est\u00e1 aqu\u00ed para redefinir el vapeo desechable. Con su dise\u00f1o elegante, tecnolog\u00eda avanzada y caracter\u00edsticas f\u00e1ciles de usar, este vape es perfecto tanto para usuarios ocasionales como para vapeadores experimentados que buscan una experiencia premium.<\/p>\n<h4><strong>Longevidad inigualable<\/strong><\/h4>\n<p>Equipado con una incre\u00edble <strong>30,000 caladas<\/strong> capacidad, el Vookbar Cyber Pro elimina la necesidad de reemplazos frecuentes, asegurando una satisfacci\u00f3n duradera. El <strong>dep\u00f3sito de e-l\u00edquido de 22 ml<\/strong> te permite disfrutar de un vapeo ininterrumpido con tus sabores favoritos.<\/p>\n<h4><strong>Potente y Recargable<\/strong><\/h4>\n<p>Alimentado por una <strong>bater\u00eda recargable de 650 mAh<\/strong>, el Vookbar Cyber Pro te mantiene en marcha durante todo el d\u00eda. El <strong>puerto de carga r\u00e1pida Tipo-C<\/strong> asegura que puedas recargar r\u00e1pidamente y volver a vapear sin demora.<\/p>\n<h4><strong>Sabor y Vapor Mejorados<\/strong><\/h4>\n<p>Con un <strong>sistema de doble resistencia de malla<\/strong>, este dispositivo proporciona sabores ricos y consistentes y una impresionante producci\u00f3n de vapor. El dise\u00f1o de flujo de aire ajustable te da control sobre la intensidad, atendiendo tanto a preferencias de vapeo suaves como audaces.<\/p>\n<h4><strong>Tecnolog\u00eda de Pantalla T\u00e1ctil Inteligente<\/strong><\/h4>\n<p>El Vookbar Cyber Pro destaca con su <strong>Pantalla t\u00e1ctil de 2,1 pulgadas<\/strong>, que ofrece una navegaci\u00f3n fluida a trav\u00e9s de sus funciones. Con la conectividad Bluetooth, puedes emparejarlo con la aplicaci\u00f3n Wearinos para personalizar tu experiencia: ajustar la configuraci\u00f3n, establecer fondos de pantalla personalizados e incluso acceder a opciones \u00fanicas como selfies remotos y notificaciones.<\/p>\n<h4><strong>Seguridad y conveniencia<\/strong><\/h4>\n<p>El Vookbar Cyber Pro incluye una <strong>funci\u00f3n de bloqueo infantil<\/strong>, lo que lo convierte en una opci\u00f3n m\u00e1s segura para los hogares. Est\u00e1 dise\u00f1ado para usuarios con baja nicotina, con concentraciones de <strong>0%, 2%, 3% y 5%<\/strong>, satisfaciendo una variedad de preferencias.<\/p>\n<h4><strong>M\u00e1s all\u00e1 del vapeo<\/strong><\/h4>\n<p>Lleva tu experiencia al siguiente nivel con funciones adicionales como minijuegos y alertas de redes sociales, integrando a la perfecci\u00f3n el vapeo en tu estilo de vida. Esto es m\u00e1s que un simple vape: es un dispositivo inteligente para el usuario moderno.<\/p>\n<h3><strong>Eleva tu experiencia de vapeo<\/strong><\/h3>\n<p>Ya sea que compre al por mayor para la venta al por mayor o est\u00e9 buscando un vaporizador desechable destacado, el <strong>Vookbar Cyber Pro 30000 Caladas<\/strong> ofrece la combinaci\u00f3n perfecta de innovaci\u00f3n, rendimiento y estilo. \u00a1Experimente el futuro del vapeo hoy!<\/p>\n<p><span style=\"color: #ff0000;\"><strong>\u00a1A\u00f1ade a Amy en Whatsapp para obtener una respuesta r\u00e1pida y cupones de vapeo!<\/strong><\/span><\/p>\n<p><img fetchpriority=\"high\" decoding=\"async\" class=\"size-full wp-image-2932\" src=\"https:\/\/vapestornado.com\/wp-content\/uploads\/2024\/12\/Vape-Wholesale.jpg\" alt=\"Vape al por mayor\" width=\"229\" height=\"300\" \/><\/p>\n<h3><a href=\"https:\/\/wa.me\/8617776015835\" target=\"_blank\" rel=\"noopener\"><span style=\"color: #ff0000;\"><strong>WhatsApp: +86 17776015835<\/strong><\/span><\/a><\/h3>\n<p>&nbsp;<\/p>\n<h2 class=\"product-title\">Vape Desechable Vookbar Cyber Pro 30000<strong> Caracter\u00edsticas del producto<\/strong><\/h2>\n<div role=\"article\" data-tabster=\"{&quot;groupper&quot;:{&quot;tabbability&quot;:2},&quot;focusable&quot;:{}}\" data-content=\"ai-message\" aria-labelledby=\"juhNTJ6o7Gk1cgwZMJgv2-author juhNTJ6o7Gk1cgwZMJgv2-content\">\n<div id=\"juhNTJ6o7Gk1cgwZMJgv2-content\">\n<div role=\"article\" data-tabster=\"{&quot;groupper&quot;:{&quot;tabbability&quot;:2},&quot;focusable&quot;:{}}\" data-content=\"ai-message\" aria-labelledby=\"x4EZuCZWrTbh3weWUt7CU-author x4EZuCZWrTbh3weWUt7CU-content\">\n<div id=\"x4EZuCZWrTbh3weWUt7CU-content\">\n<div class=\"flex max-w-full flex-col flex-grow\">\n<div class=\"min-h-8 text-message flex w-full flex-col items-end gap-2 whitespace-normal break-words text-start [.text-message+&amp;]:mt-5\" dir=\"auto\" data-message-author-role=\"assistant\" data-message-id=\"52c6e00a-252f-4104-805d-2f1a84739c71\" data-message-model-slug=\"gpt-4o\">\n<div class=\"flex w-full flex-col gap-1 empty:hidden first:pt-[3px]\">\n<div class=\"markdown prose w-full break-words dark:prose-invert light\">\n<div class=\"flex max-w-full flex-col flex-grow\">\n<div class=\"min-h-8 text-message flex w-full flex-col items-end gap-2 whitespace-normal break-words text-start [.text-message+&amp;]:mt-5\" dir=\"auto\" data-message-author-role=\"assistant\" data-message-id=\"d3382d71-de90-4719-8ad8-700b383ac952\" data-message-model-slug=\"gpt-4o\">\n<div class=\"flex w-full flex-col gap-1 empty:hidden first:pt-[3px]\">\n<div class=\"markdown prose w-full break-words dark:prose-invert light\">\n<h3><\/h3>\n<ol>\n<li><strong>Alta capacidad de inhalaciones<\/strong>: 30.000 inhalaciones para un uso prolongado sin reemplazos.<\/li>\n<li><strong>Gran volumen de e-l\u00edquido<\/strong>: Capacidad de 22 ml para un disfrute duradero del sabor.<\/li>\n<li><strong>Bater\u00eda potente<\/strong>: Bater\u00eda recargable de 650 mAh con carga r\u00e1pida tipo C.<\/li>\n<li><strong>Doble malla de bobina<\/strong>: Ofrece vapor denso y caladas suaves y sabrosas.<\/li>\n<li><strong>Control inteligente de pantalla t\u00e1ctil<\/strong>: Pantalla t\u00e1ctil de 2.1 pulgadas con conectividad Bluetooth y ajustes personalizables.<\/li>\n<li><strong>Dispositivo Multifuncional<\/strong>: Admite minijuegos, notificaciones de redes sociales y m\u00e1s.<\/li>\n<li><strong>Variedad de Nicotina<\/strong>: Disponible en concentraciones de nicotina de 0%, 2%, 3% y 5%.<\/li>\n<li><strong>Caracter\u00edsticas de Seguridad<\/strong>: Bloqueo infantil incorporado para una protecci\u00f3n confiable.<\/li>\n<\/ol>\n<\/div>\n<\/div>\n<\/div>\n<\/div>\n<div class=\"mb-2 flex gap-3 empty:hidden -ml-2\">\n<div class=\"items-center justify-start rounded-xl p-1 flex\"><\/div>\n<\/div>\n<\/div>\n<\/div>\n<\/div>\n<\/div>\n<\/div>\n<\/div>\n<\/div>\n<\/div>\n<h2 class=\"product-title\"><strong>Sabor Popular para Vookbar Cyber Pro 30000 Vapes Desechables<\/strong><\/h2>\n<p>La colecci\u00f3n presenta una diversa gama de sabores, combinando frutas cl\u00e1sicas, delicias tropicales y acabados helados. Desde combinaciones dulces y \u00e1cidas como <strong>Melocot\u00f3n Mango<\/strong> y el <strong>Fresa Kiwi<\/strong> a refrescantes giros de mentol como <strong>Hielo de sand\u00eda<\/strong> y el <strong>Helado de Frambuesa Azul<\/strong>, hay algo para cada paladar.<\/p>\n<p>1. Hielo de frambuesa azul <span style=\"color: #ff0000;\"><strong>&gt;&gt;&gt;&gt; \u00a1Caliente!<\/strong><\/span><br \/>\n2. Hielo de melocot\u00f3n<br \/>\n3. Hielo de uva<br \/>\n4. Sand\u00eda y fresa <span style=\"color: #ff0000;\"><strong>&gt;&gt;&gt;&gt; \u00a1Caliente!<\/strong><\/span><br \/>\n5. Pl\u00e1tano y fresa<br \/>\n6. Sand\u00eda y cereza<br \/>\n7. Hielo de sand\u00eda<br \/>\n8. Melocot\u00f3n y mango<br \/>\n9. Fresa y kiwi<br \/>\n10. Hielo de fresa blanca<br \/>\n11. Hielo de gominola blanca<br \/>\n12. Pi\u00f1a colada congelada<br \/>\n13. Jodidamente fabuloso<br \/>\n14. Mojito de frutos rojos <span style=\"color: #ff0000;\"><strong>&gt;&gt;&gt;&gt; \u00a1Lo mejor!<\/strong><\/span><\/p>\n<figure id=\"attachment_3554\" aria-describedby=\"caption-attachment-3554\" style=\"width: 1000px\" class=\"wp-caption alignnone\"><img decoding=\"async\" class=\"wp-image-3554 size-full\" src=\"https:\/\/vapestornado.com\/wp-content\/uploads\/2024\/12\/Bluetooth-Vape-Vookbar-Cyber-\u200b\u200bPro-30000-Puffs-Disposable-Vape-Wholesale.webp\" alt=\"Venta al por mayor de vape desechable Bluetooth Vape Vookbar Cyber \u200b\u200bPro 30000 Puffs\" width=\"1000\" height=\"1000\" srcset=\"https:\/\/vapestornado.com\/wp-content\/uploads\/2024\/12\/Bluetooth-Vape-Vookbar-Cyber-\u200b\u200bPro-30000-Puffs-Disposable-Vape-Wholesale.webp 1000w, https:\/\/vapestornado.com\/wp-content\/uploads\/2024\/12\/Bluetooth-Vape-Vookbar-Cyber-\u200b\u200bPro-30000-Puffs-Disposable-Vape-Wholesale-300x300.webp 300w, https:\/\/vapestornado.com\/wp-content\/uploads\/2024\/12\/Bluetooth-Vape-Vookbar-Cyber-\u200b\u200bPro-30000-Puffs-Disposable-Vape-Wholesale-150x150.webp 150w, https:\/\/vapestornado.com\/wp-content\/uploads\/2024\/12\/Bluetooth-Vape-Vookbar-Cyber-\u200b\u200bPro-30000-Puffs-Disposable-Vape-Wholesale-768x768.webp 768w, https:\/\/vapestornado.com\/wp-content\/uploads\/2024\/12\/Bluetooth-Vape-Vookbar-Cyber-\u200b\u200bPro-30000-Puffs-Disposable-Vape-Wholesale-600x600.webp 600w, https:\/\/vapestornado.com\/wp-content\/uploads\/2024\/12\/Bluetooth-Vape-Vookbar-Cyber-\u200b\u200bPro-30000-Puffs-Disposable-Vape-Wholesale-100x100.webp 100w\" sizes=\"(max-width: 1000px) 100vw, 1000px\" \/><figcaption id=\"caption-attachment-3554\" class=\"wp-caption-text\">Venta al por mayor de vape desechable Bluetooth Vape Vookbar Cyber \u200b\u200bPro 30000 Puffs<\/figcaption><\/figure>\n<div class=\"flex-shrink-0 flex flex-col relative items-end\">\n<div class=\"pt-0\">\n<div class=\"gizmo-bot-avatar flex h-8 w-8 items-center justify-center overflow-hidden rounded-full\">\n<div class=\"relative p-1 rounded-sm flex items-center justify-center bg-token-main-surface-primary text-token-text-primary h-8 w-8\">\n<h3>Preguntas frecuentes sobre los vapes desechables Vookbar Cyber Pro 30000<\/h3>\n<div class=\"flex max-w-full flex-col flex-grow\">\n<div class=\"min-h-8 text-message flex w-full flex-col items-end gap-2 whitespace-normal break-words text-start [.text-message+&amp;]:mt-5\" dir=\"auto\" data-message-author-role=\"assistant\" data-message-id=\"4dc48248-df95-45bd-b800-6dedb43cf7f1\" data-message-model-slug=\"gpt-4o\">\n<div class=\"flex w-full flex-col gap-1 empty:hidden first:pt-[3px]\">\n<div class=\"markdown prose w-full break-words dark:prose-invert light\">\n<ol>\n<li><strong>\u00bfCu\u00e1nto dura el Vookbar Cyber Pro 30000 Puffs?<\/strong><br \/>\nEl dispositivo ofrece hasta 30.000 inhalaciones, lo que proporciona un uso prolongado sin reemplazos frecuentes.<\/li>\n<li><strong>\u00bfPuedo ajustar el flujo de aire en el Vape Desechable Vookbar 30000?<\/strong><br \/>\nS\u00ed, la funci\u00f3n de flujo de aire ajustable le permite personalizar su inhalaci\u00f3n para una experiencia de vapeo personalizada.<\/li>\n<li><strong>\u00bfEl vape desechable Vookbar Cyber Pro 30k Touch admite la carga r\u00e1pida?<\/strong><br \/>\n\u00a1Absolutamente! Cuenta con un puerto de carga Tipo-C para recargas r\u00e1pidas y eficientes.<\/li>\n<li><strong>\u00bfQu\u00e9 concentraciones de nicotina est\u00e1n disponibles para el vape recargable Vookbar 30000?<\/strong><br \/>\nEl dispositivo viene en concentraciones de nicotina de 0%, 2%, 3% y 5%, que se adaptan a diversas preferencias.<\/li>\n<li><strong>\u00bfQu\u00e9 caracter\u00edsticas adicionales proporciona la pantalla t\u00e1ctil?<\/strong><br \/>\nLa pantalla t\u00e1ctil de 2.1 pulgadas le permite monitorear la configuraci\u00f3n, conectarse a trav\u00e9s de Bluetooth, personalizar fondos de pantalla e incluso controlar selfies de forma remota.<\/li>\n<\/ol>\n<\/div>\n<\/div>\n<\/div>\n<\/div>\n<\/div>\n<\/div>\n<\/div>\n<\/div>\n<div class=\"flex-shrink-0 flex flex-col relative items-end\">\n<div class=\"pt-0\">\n<div class=\"gizmo-bot-avatar flex h-8 w-8 items-center justify-center overflow-hidden rounded-full\">\n<div class=\"relative p-1 rounded-sm flex items-center justify-center bg-token-main-surface-primary text-token-text-primary h-8 w-8\">\n<div class=\"mb-2 flex gap-3 empty:hidden -ml-2\">\n<div role=\"article\" data-tabster=\"{&quot;groupper&quot;:{&quot;tabbability&quot;:2},&quot;focusable&quot;:{}}\" data-content=\"ai-message\" aria-labelledby=\"Vdt5ez4X7Tg813x6rFVha-author Vdt5ez4X7Tg813x6rFVha-content\">\n<div id=\"Vdt5ez4X7Tg813x6rFVha-content\">\n<div role=\"article\" data-tabster=\"{&quot;groupper&quot;:{&quot;tabbability&quot;:2},&quot;focusable&quot;:{}}\" data-content=\"ai-message\" aria-labelledby=\"o968oC7CEo2fGHsGdsRYC-author o968oC7CEo2fGHsGdsRYC-content\">\n<div id=\"o968oC7CEo2fGHsGdsRYC-content\">\n<h3>\u00bfPor qu\u00e9 elegir vapestornado para la venta al por mayor de Vookbar 30000 Touch Disposable Vape?<\/h3>\n<div class=\"flex-shrink-0 flex flex-col relative items-end\">\n<div class=\"pt-0\">\n<div class=\"gizmo-bot-avatar flex h-8 w-8 items-center justify-center overflow-hidden rounded-full\">\n<div class=\"relative p-1 rounded-sm flex items-center justify-center bg-token-main-surface-primary text-token-text-primary h-8 w-8\">\n<p>Bienvenido a vapestornado, tu tienda de vapeo en l\u00ednea de confianza para vapers desechables de primera calidad. Con m\u00e1s de 5 a\u00f1os de experiencia, te traemos marcas populares de vapers desechables como Fumot RandM Vape, <a href=\"https:\/\/vapestornado.com\/es\/product-category\/vapme-shisha\/\">Vapme<\/a>, Bang Vape, Waspe Vape y WGA Vape, ect.<\/p>\n<p>Nuestra gama incluye vapers de gran venta como el <a href=\"https:\/\/vapestornado.com\/es\/product\/randm-12000-puffs-fumot-digital-disposable-vape-wholesale-price\/\">RandM Tornado 12000<\/a>y opciones ricas en sabor como el <a href=\"https:\/\/vapestornado.com\/es\/product\/wga-crystal-pro-max-extra-15000-puffs-rechargeable-disposable-vape-wholesale-bulk-buy\/\">\u00a0Cristal WGA 15k Caladas<\/a> . Cada producto se elige centr\u00e1ndose en la calidad, el valor y la variedad, lo que garantiza que encuentre la combinaci\u00f3n perfecta para sus necesidades. Descubra un servicio excepcional y una amplia gama de los mejores productos a precio mayorista en vapestornado.<\/p>\n<\/div>\n<p>&nbsp;<\/p>\n<p><strong>Otros Vapers Desechables de Gran Venta<\/strong><\/p>\n<p><a href=\"https:\/\/vapestornado.com\/es\/product\/bang-vape-35000-puffs-low-nicotine-bulk-buy-rechargeable-disposable-vapes-box-wholesale-price\/\">Bang Vape 35000 Caladas <span style=\"color: #ff0000;\"><strong>&gt;&gt;&gt;&gt; \u00a1Ir!<\/strong><\/span><\/a><\/p>\n<p><a href=\"https:\/\/vapestornado.com\/es\/product\/vopk-ultra-40000-puffs-2-in-1-digital-screen-rechargeable-disposable-vape\/\">VOPK 40000 Doble Sabor<span style=\"color: #ff0000;\"><strong>&gt;&gt;&gt;&gt; \u00a1Ir!<\/strong><\/span><\/a><\/p>\n<p><a href=\"https:\/\/vapestornado.com\/es\/product\/bood-twins-46000-puff-double-flavour-low-nicotine-disposable-vape-wholesale-bulk-buy-price\/\">Gemelos Bood 46000<span style=\"color: #ff0000;\"><strong>&gt;&gt;&gt;&gt; \u00a1Ir!<\/strong><\/span><\/a><\/p>\n<\/div>\n<\/div>\n<\/div>\n<p>&nbsp;<\/p>\n<\/div>\n<\/div>\n<\/div>\n<\/div>\n<\/div>\n<\/div>\n<\/div>\n<\/div>\n<\/div>","protected":false},"excerpt":{"rendered":"<p>Vape Desechable Bajo en Nicotina Vookbar Cyber Pro 30000 Puffs 2%<br \/>\nCompra al por Mayor de Vape Desechable con Pantalla Digital Vookbar Vape Cyber Pro 30000 Puffs<br \/>\nVape Desechable Recargable T\u00e1ctil Vookbar Cyber Pro 30k al por Mayor<\/p>\n<p><strong>\u00a1A\u00f1ade el whatsapp de Amy para obtener una respuesta inmediata y cup\u00f3n para vaper!<\/strong><\/p>\n<p><img fetchpriority=\"high\" decoding=\"async\" class=\"size-full wp-image-2932\" src=\"https:\/\/vapestornado.com\/wp-content\/uploads\/2024\/12\/Vape-Wholesale.jpg\" alt=\"Vape al por mayor\" width=\"229\" height=\"300\" \/><\/p>\n<h3><a href=\"https:\/\/wa.me\/8617776015835\"><span style=\"color: #ff0000;\"><strong>WhatsApp: +86 17776015835<\/strong><\/span><\/a><\/h3>\n<p>&nbsp;<\/p>","protected":false},"featured_media":3388,"comment_status":"open","ping_status":"closed","template":"","meta":{"_acf_changed":false,"_uag_custom_page_level_css":"","_lmt_disableupdate":"no","_lmt_disable":"","_monsterinsights_skip_tracking":false,"_monsterinsights_sitenote_active":false,"_monsterinsights_sitenote_note":"","_monsterinsights_sitenote_category":0,"site-sidebar-layout":"default","site-content-layout":"","ast-site-content-layout":"default","site-content-style":"default","site-sidebar-style":"default","ast-global-header-display":"","ast-banner-title-visibility":"","ast-main-header-display":"","ast-hfb-above-header-display":"","ast-hfb-below-header-display":"","ast-hfb-mobile-header-display":"","site-post-title":"","ast-breadcrumbs-content":"","ast-featured-img":"","footer-sml-layout":"","ast-disable-related-posts":"","theme-transparent-header-meta":"default","adv-header-id-meta":"","stick-header-meta":"","header-above-stick-meta":"","header-main-stick-meta":"","header-below-stick-meta":"","astra-migrate-meta-layouts":"set","ast-page-background-enabled":"default","ast-page-background-meta":{"desktop":{"background-color":"","background-image":"","background-repeat":"repeat","background-position":"center center","background-size":"auto","background-attachment":"scroll","background-type":"","background-media":"","overlay-type":"","overlay-color":"","overlay-opacity":"","overlay-gradient":""},"tablet":{"background-color":"","background-image":"","background-repeat":"repeat","background-position":"center center","background-size":"auto","background-attachment":"scroll","background-type":"","background-media":"","overlay-type":"","overlay-color":"","overlay-opacity":"","overlay-gradient":""},"mobile":{"background-color":"","background-image":"","background-repeat":"repeat","background-position":"center center","background-size":"auto","background-attachment":"scroll","background-type":"","background-media":"","overlay-type":"","overlay-color":"","overlay-opacity":"","overlay-gradient":""}},"ast-content-background-meta":{"desktop":{"background-color":"var(--ast-global-color-5)","background-image":"","background-repeat":"repeat","background-position":"center center","background-size":"auto","background-attachment":"scroll","background-type":"","background-media":"","overlay-type":"","overlay-color":"","overlay-opacity":"","overlay-gradient":""},"tablet":{"background-color":"var(--ast-global-color-5)","background-image":"","background-repeat":"repeat","background-position":"center center","background-size":"auto","background-attachment":"scroll","background-type":"","background-media":"","overlay-type":"","overlay-color":"","overlay-opacity":"","overlay-gradient":""},"mobile":{"background-color":"var(--ast-global-color-5)","background-image":"","background-repeat":"repeat","background-position":"center center","background-size":"auto","background-attachment":"scroll","background-type":"","background-media":"","overlay-type":"","overlay-color":"","overlay-opacity":"","overlay-gradient":""}},"_joinchat":{"telephone":"+8617776015835"}},"product_brand":[],"product_cat":[140,67,150,154,160,142,146],"product_tag":[165,105,97,166,94,207,208],"class_list":{"0":"post-3394","1":"product","2":"type-product","3":"status-publish","4":"has-post-thumbnail","6":"product_cat-big-puffs-disposable-vapes","7":"product_cat-30000-puff","8":"product_cat-buy-disposable-vapes-in-belgium","9":"product_cat-buy-disposable-vapes-in-netherlands","10":"product_cat-buy-disposable-vapes-in-switzerland","11":"product_cat-digital-box-disposable-vapes","12":"product_cat-rechargeable-disposable-vapes","13":"product_tag-cheap-vapes","14":"product_tag-digital-disposable-vape","15":"product_tag-hot-sale-disposable-vape","16":"product_tag-low-nicotine-vape","17":"product_tag-rechargeable-disposable-vape","18":"product_tag-vookbar-cyber-pro-30000","19":"product_tag-vookbar-vape","20":"desktop-align-left","21":"tablet-align-left","22":"mobile-align-left","24":"first","25":"instock","26":"sale","27":"shipping-taxable","28":"purchasable","29":"product-type-simple"},"acf":[],"uagb_featured_image_src":{"full":["https:\/\/vapestornado.com\/wp-content\/uploads\/2024\/12\/Vookbar-Cyber-\u200b\u200bPro-30k-Vape-Wholesale.jpg",1000,1000,false],"thumbnail":["https:\/\/vapestornado.com\/wp-content\/uploads\/2024\/12\/Vookbar-Cyber-\u200b\u200bPro-30k-Vape-Wholesale-150x150.jpg",150,150,true],"medium":["https:\/\/vapestornado.com\/wp-content\/uploads\/2024\/12\/Vookbar-Cyber-\u200b\u200bPro-30k-Vape-Wholesale-300x300.jpg",300,300,true],"medium_large":["https:\/\/vapestornado.com\/wp-content\/uploads\/2024\/12\/Vookbar-Cyber-\u200b\u200bPro-30k-Vape-Wholesale-768x768.jpg",768,768,true],"large":["https:\/\/vapestornado.com\/wp-content\/uploads\/2024\/12\/Vookbar-Cyber-\u200b\u200bPro-30k-Vape-Wholesale.jpg",1000,1000,false],"1536x1536":["https:\/\/vapestornado.com\/wp-content\/uploads\/2024\/12\/Vookbar-Cyber-\u200b\u200bPro-30k-Vape-Wholesale.jpg",1000,1000,false],"2048x2048":["https:\/\/vapestornado.com\/wp-content\/uploads\/2024\/12\/Vookbar-Cyber-\u200b\u200bPro-30k-Vape-Wholesale.jpg",1000,1000,false],"trp-custom-language-flag":["https:\/\/vapestornado.com\/wp-content\/uploads\/2024\/12\/Vookbar-Cyber-\u200b\u200bPro-30k-Vape-Wholesale.jpg",12,12,false],"woocommerce_thumbnail":["https:\/\/vapestornado.com\/wp-content\/uploads\/2024\/12\/Vookbar-Cyber-\u200b\u200bPro-30k-Vape-Wholesale-300x300.jpg",300,300,true],"woocommerce_single":["https:\/\/vapestornado.com\/wp-content\/uploads\/2024\/12\/Vookbar-Cyber-\u200b\u200bPro-30k-Vape-Wholesale-600x600.jpg",600,600,true],"woocommerce_gallery_thumbnail":["https:\/\/vapestornado.com\/wp-content\/uploads\/2024\/12\/Vookbar-Cyber-\u200b\u200bPro-30k-Vape-Wholesale-100x100.jpg",100,100,true]},"uagb_author_info":{"display_name":"ESAMY","author_link":"https:\/\/vapestornado.com\/es\/author\/"},"uagb_comment_info":0,"uagb_excerpt":"Hot Vookbar Cyber Pro 30000 Puffs 2% Low Nicotine Disposable Vape Vookbar Vape Cyber Pro 30000 Puffs Digital Display Disposable Vape Bulk Buy Vookbar Cyber Pro 30k Touch Rechargeable Disposable Vape Wholesale Add Amy's whatsapp get right reply and vape coupon! WhatsApp: +86 17776015835 &nbsp;","_links":{"self":[{"href":"https:\/\/vapestornado.com\/es\/wp-json\/wp\/v2\/product\/3394","targetHints":{"allow":["GET"]}}],"collection":[{"href":"https:\/\/vapestornado.com\/es\/wp-json\/wp\/v2\/product"}],"about":[{"href":"https:\/\/vapestornado.com\/es\/wp-json\/wp\/v2\/types\/product"}],"replies":[{"embeddable":true,"href":"https:\/\/vapestornado.com\/es\/wp-json\/wp\/v2\/comments?post=3394"}],"wp:featuredmedia":[{"embeddable":true,"href":"https:\/\/vapestornado.com\/es\/wp-json\/wp\/v2\/media\/3388"}],"wp:attachment":[{"href":"https:\/\/vapestornado.com\/es\/wp-json\/wp\/v2\/media?parent=3394"}],"wp:term":[{"taxonomy":"product_brand","embeddable":true,"href":"https:\/\/vapestornado.com\/es\/wp-json\/wp\/v2\/product_brand?post=3394"},{"taxonomy":"product_cat","embeddable":true,"href":"https:\/\/vapestornado.com\/es\/wp-json\/wp\/v2\/product_cat?post=3394"},{"taxonomy":"product_tag","embeddable":true,"href":"https:\/\/vapestornado.com\/es\/wp-json\/wp\/v2\/product_tag?post=3394"}],"curies":[{"name":"wp","href":"https:\/\/api.w.org\/{rel}","templated":true}]}}