{"id":3320,"date":"2024-12-23T09:06:12","date_gmt":"2024-12-23T09:06:12","guid":{"rendered":"https:\/\/vapestornado.com\/?post_type=product&#038;p=3320"},"modified":"2025-08-23T12:20:34","modified_gmt":"2025-08-23T12:20:34","slug":"bang-box-35k-puffs-high-capacity-long-lasting-disposable-vape","status":"publish","type":"product","link":"https:\/\/vapestornado.com\/es\/product\/bang-box-35k-puffs-high-capacity-long-lasting-disposable-vape\/","title":{"rendered":"Bang Box 35k Puffs Vape Desechable de Alta Capacidad y Larga Duraci\u00f3n"},"content":{"rendered":"<h1>Bang Box 35k Puffs Vape Desechable de Alta Capacidad y Larga Duraci\u00f3n<\/h1>\n<p>&nbsp;<\/p>\n<div role=\"article\" data-tabster=\"{&quot;groupper&quot;:{&quot;tabbability&quot;:2},&quot;focusable&quot;:{}}\" data-content=\"ai-message\" aria-labelledby=\"64JRvXrTnY7mRmPkEQLLT-author 64JRvXrTnY7mRmPkEQLLT-content\">\n<div id=\"64JRvXrTnY7mRmPkEQLLT-content\">\n<p>El Bang Box 35k Puffs redefine la comodidad y el rendimiento en el mundo de los vapes desechables. Dise\u00f1ado para usuarios que buscan potencia duradera y un sabor intenso, este dispositivo ofrece <strong>m\u00e1s de 35,000 caladas<\/strong> gracias a su configuraci\u00f3n avanzada. Con un <strong>cartucho de e-l\u00edquido prellenado de 23 ml<\/strong> y el <strong>flujo de aire ajustable<\/strong>, el dispositivo se adapta a los estilos de vapeo MTL y DTL, proporcionando una experiencia a medida para cada usuario. Su <strong>n\u00facleo de malla de doble alambre calefactor (0.8\u03a9)<\/strong> funciona en un rango de salida de <strong>15W-25W<\/strong>, asegurando una producci\u00f3n de vapor consistente y un sabor suave con cada calada. Alimentado por una <strong>bater\u00eda de cobalto puro 112040-950mAh<\/strong> m\u00e1s demandados, con una <strong>tasa de descarga de 5A<\/strong>, ofrece un rendimiento fiable y duradero. La robusta bater\u00eda garantiza un uso prolongado y una recarga r\u00e1pida a trav\u00e9s de su puerto Tipo-C.<\/p>\n<p>Combinando caracter\u00edsticas de vanguardia con un dise\u00f1o elegante, los vapes Bang Box 35000 puffs son perfectos para el uso diario, ya sea que te relajes en casa o est\u00e9s en movimiento. Compacto, potente y vers\u00e1til, es la mejor opci\u00f3n para los entusiastas del vapeo.<\/p>\n<figure id=\"attachment_3482\" aria-describedby=\"caption-attachment-3482\" style=\"width: 742px\" class=\"wp-caption alignnone\"><img fetchpriority=\"high\" decoding=\"async\" class=\"wp-image-3482\" src=\"https:\/\/vapestornado.com\/wp-content\/uploads\/2024\/12\/Bang-Box-35000-puffs-Top-Sale-Vapes-1024x697.jpg\" alt=\"Bang Box 35000 puffs Vapes m\u00e1s vendidos\" width=\"742\" height=\"505\" srcset=\"https:\/\/vapestornado.com\/wp-content\/uploads\/2024\/12\/Bang-Box-35000-puffs-Top-Sale-Vapes-1024x697.jpg 1024w, https:\/\/vapestornado.com\/wp-content\/uploads\/2024\/12\/Bang-Box-35000-puffs-Top-Sale-Vapes-300x204.jpg 300w, https:\/\/vapestornado.com\/wp-content\/uploads\/2024\/12\/Bang-Box-35000-puffs-Top-Sale-Vapes-768x523.jpg 768w, https:\/\/vapestornado.com\/wp-content\/uploads\/2024\/12\/Bang-Box-35000-puffs-Top-Sale-Vapes-600x408.jpg 600w, https:\/\/vapestornado.com\/wp-content\/uploads\/2024\/12\/Bang-Box-35000-puffs-Top-Sale-Vapes.jpg 1500w\" sizes=\"(max-width: 742px) 100vw, 742px\" \/><figcaption id=\"caption-attachment-3482\" class=\"wp-caption-text\">Bang Box 35000 puffs Vapes m\u00e1s vendidos<\/figcaption><\/figure>\n<\/div>\n<\/div>\n<p><img decoding=\"async\" class=\"alignleft wp-image-2951 size-medium\" src=\"https:\/\/vapestornado.com\/wp-content\/uploads\/2024\/12\/Wholesale-Disposable-Vape-265x300.jpg\" alt=\"Vape Desechable al por mayor\" width=\"265\" height=\"300\" srcset=\"https:\/\/vapestornado.com\/wp-content\/uploads\/2024\/12\/Wholesale-Disposable-Vape-265x300.jpg 265w, https:\/\/vapestornado.com\/wp-content\/uploads\/2024\/12\/Wholesale-Disposable-Vape-768x871.jpg 768w, https:\/\/vapestornado.com\/wp-content\/uploads\/2024\/12\/Wholesale-Disposable-Vape-600x680.jpg 600w, https:\/\/vapestornado.com\/wp-content\/uploads\/2024\/12\/Wholesale-Disposable-Vape.jpg 823w\" sizes=\"(max-width: 265px) 100vw, 265px\" \/><\/p>\n<h6>Por favor, contacta con el WhatsApp de Mandy para precio con descuento:<a href=\"https:\/\/wa.me\/8618077105796\" target=\"_blank\" rel=\"noopener\">+8618077105796<\/a><\/h6>\n<div class=\"flex max-w-full flex-col flex-grow\">\n<div class=\"min-h-8 text-message flex w-full flex-col items-end gap-2 whitespace-normal break-words text-start [.text-message+&amp;]:mt-5\" dir=\"auto\" data-message-author-role=\"assistant\" data-message-id=\"cdb991c0-f594-4bff-b2d5-fbbdd7ce9e54\" data-message-model-slug=\"gpt-4o-mini\">\n<div class=\"flex w-full flex-col gap-1 empty:hidden first:pt-[3px]\">\n<div class=\"markdown prose w-full break-words dark:prose-invert light\">\n<h2>Especificaciones de bang vape 35k Puffs<\/h2>\n<ul>\n<li><strong>Caladas<\/strong>: 35,000+<\/li>\n<li><strong>E-l\u00edquido<\/strong>: cartucho prellenado de 23ml<\/li>\n<li><strong>Nicotina<\/strong>: Opciones de 0%, 2%, 3%, 5%<\/li>\n<li><strong>Bater\u00eda<\/strong>: 950mAh, recargable con Type-C<\/li>\n<li><strong>Resistencias<\/strong>: <strong>n\u00facleo de malla de doble alambre calefactor (0.8\u03a9)<\/strong><\/li>\n<li><strong>Pantallas<\/strong>: Doble con controles t\u00e1ctiles<\/li>\n<li><strong>Modos<\/strong>: Flujo de aire de 3 modos, cambio de potencia de 2 modos<\/li>\n<li><strong>Caracter\u00edsticas<\/strong>: Flujo de aire ajustable, compacto y f\u00e1cil de usar<\/li>\n<\/ul>\n<\/div>\n<\/div>\n<\/div>\n<\/div>\n<div class=\"mb-2 flex gap-3 empty:hidden -ml-2\">\n<h2 class=\"items-center justify-start rounded-xl p-1 flex\"><\/h2>\n<\/div>\n<h2>Los mejores vapes desechables de alta capacidad Bang Box 35k Puffs, lista de sabores:<\/h2>\n<p>1.FRESA KIWI<br \/>\n2.HIELO DE FRAMBUESA AZUL<br \/>\n3.FRESA SAND\u00cdA<br \/>\n4.MARACUY\u00c1<br \/>\n5. REFRESCO DE COLA Y LIM\u00d3N<br \/>\n6. HIELO DE SAND\u00cdA<br \/>\n7. CHICLE DE SAND\u00cdA<br \/>\n8. GUAYABA, MARACUY\u00c1 Y KIWI<br \/>\n9. HIELO DE AR\u00c1NDANOS<br \/>\n10. SAND\u00cdA Y CEREZA<br \/>\n11. RED BULL<br \/>\n12. POMELO Y MENTA<\/p>\n<div role=\"article\" data-tabster=\"{&quot;groupper&quot;:{&quot;tabbability&quot;:2},&quot;focusable&quot;:{}}\" data-content=\"ai-message\" aria-labelledby=\"dARUyEWDoEYhnSPXFwx5A-author dARUyEWDoEYhnSPXFwx5A-content\">\n<div id=\"dARUyEWDoEYhnSPXFwx5A-content\">\n<h3>\u00bfPor qu\u00e9 elegir los pods de vapeo Bang Box 35000 Puffs en <a href=\"https:\/\/vapestornado.com\/es\/store\/\">vapestornado.es<\/a>?<\/h3>\n<ul>\n<li><strong>Capacidad inigualable<\/strong>: Disfruta de <strong>m\u00e1s de 35,000 caladas<\/strong> con una generosa <strong>23ml de e-l\u00edquido<\/strong> y el <strong>flujo de aire ajustable<\/strong> para una experiencia de vapeo personalizada.<\/li>\n<li><strong>Tecnolog\u00eda avanzada<\/strong>: Alimentado por una <strong>Bater\u00eda de cobalto puro de 950mAh<\/strong> con <strong>Descarga de 5A<\/strong> y una <strong>n\u00facleo de malla doble (0.8\u03a9)<\/strong> que ofrece <strong>15W-25W<\/strong> salida.<\/li>\n<li><strong>F\u00e1cil de usar<\/strong>: Dise\u00f1o compacto y elegante con carga r\u00e1pida Type-C para m\u00e1xima comodidad.<\/li>\n<li><strong>vapestornado.com Ventajas<\/strong>: Productos aut\u00e9nticos, precios competitivos y env\u00edo r\u00e1pido a toda Europa.<\/li>\n<\/ul>\n<\/div>\n<\/div>\n<h3>Preguntas frecuentes sobre el vaper de larga duraci\u00f3n Bang Box con 35000 caladas<\/h3>\n<p><strong>P: \u00bfCu\u00e1nto dura el vaper Bang Box de 35000 caladas?<\/strong><br \/>\nR: Ofrece <strong>35.000 caladas<\/strong>\u00a0con una <strong>Bater\u00eda de cobalto puro de 950mAh<\/strong>duradera, lo que garantiza un uso prolongado.<\/p>\n<p><strong>P: \u00bfSe puede ajustar el flujo de aire?<\/strong><br \/>\nR: S\u00ed, cuenta con <strong>flujo de aire ajustable<\/strong>, adecuado para estilos de vapeo MTL y DTL.<\/p>\n<p><strong>P: \u00bfQu\u00e9 hace \u00fanico al vaporizador al por mayor Bang Box de 35k caladas?<\/strong><br \/>\nR: Est\u00e1 equipado con <strong>doble malla de calentamiento (0.8\u03a9)<\/strong>, ofrece <strong>salida de 15W-25W<\/strong>y combina un dise\u00f1o elegante con tecnolog\u00eda innovadora para un rendimiento superior.<\/p>\n<p><strong>P: \u00bfD\u00f3nde puedo comprar el vaporizador recargable Bang Box de 35000 caladas?<\/strong><br \/>\nR: Est\u00e1 disponible en <strong>vapestornado.es<\/strong>, que ofrece productos aut\u00e9nticos, excelentes precios y env\u00edo r\u00e1pido a Espa\u00f1a.<\/p>","protected":false},"excerpt":{"rendered":"<p>Bang Box 35000 Puffs ofrece un vapeo de alta capacidad y larga duraci\u00f3n con 35,000 caladas, sabores premium y un dise\u00f1o elegante y port\u00e1til para una experiencia de vapeo excepcional.<\/p>\n<figure id=\"attachment_2951\" aria-describedby=\"caption-attachment-2951\" style=\"width: 265px\" class=\"wp-caption alignnone\"><img decoding=\"async\" class=\"size-medium wp-image-2951\" src=\"https:\/\/vapestornado.com\/wp-content\/uploads\/2024\/12\/Wholesale-Disposable-Vape-265x300.jpg\" alt=\"Vape Desechable al por mayor\" width=\"265\" height=\"300\" srcset=\"https:\/\/vapestornado.com\/wp-content\/uploads\/2024\/12\/Wholesale-Disposable-Vape-265x300.jpg 265w, https:\/\/vapestornado.com\/wp-content\/uploads\/2024\/12\/Wholesale-Disposable-Vape-768x871.jpg 768w, https:\/\/vapestornado.com\/wp-content\/uploads\/2024\/12\/Wholesale-Disposable-Vape-600x680.jpg 600w, https:\/\/vapestornado.com\/wp-content\/uploads\/2024\/12\/Wholesale-Disposable-Vape.jpg 823w\" sizes=\"(max-width: 265px) 100vw, 265px\" \/><figcaption id=\"caption-attachment-2951\" class=\"wp-caption-text\">Por favor, contacta con el WhatsApp de Mandy para precio con descuento:\u00a0 <a href=\"https:\/\/wa.me\/8618077105796\">+8618077105796<\/a><\/figcaption><\/figure>\n<p>&nbsp;<\/p>","protected":false},"featured_media":3480,"comment_status":"open","ping_status":"closed","template":"","meta":{"_acf_changed":false,"_uag_custom_page_level_css":"","_lmt_disableupdate":"no","_lmt_disable":"","_monsterinsights_skip_tracking":false,"_monsterinsights_sitenote_active":false,"_monsterinsights_sitenote_note":"","_monsterinsights_sitenote_category":0,"site-sidebar-layout":"default","site-content-layout":"","ast-site-content-layout":"default","site-content-style":"default","site-sidebar-style":"default","ast-global-header-display":"","ast-banner-title-visibility":"","ast-main-header-display":"","ast-hfb-above-header-display":"","ast-hfb-below-header-display":"","ast-hfb-mobile-header-display":"","site-post-title":"","ast-breadcrumbs-content":"","ast-featured-img":"","footer-sml-layout":"","ast-disable-related-posts":"","theme-transparent-header-meta":"default","adv-header-id-meta":"","stick-header-meta":"","header-above-stick-meta":"","header-main-stick-meta":"","header-below-stick-meta":"","astra-migrate-meta-layouts":"set","ast-page-background-enabled":"default","ast-page-background-meta":{"desktop":{"background-color":"","background-image":"","background-repeat":"repeat","background-position":"center center","background-size":"auto","background-attachment":"scroll","background-type":"","background-media":"","overlay-type":"","overlay-color":"","overlay-opacity":"","overlay-gradient":""},"tablet":{"background-color":"","background-image":"","background-repeat":"repeat","background-position":"center center","background-size":"auto","background-attachment":"scroll","background-type":"","background-media":"","overlay-type":"","overlay-color":"","overlay-opacity":"","overlay-gradient":""},"mobile":{"background-color":"","background-image":"","background-repeat":"repeat","background-position":"center center","background-size":"auto","background-attachment":"scroll","background-type":"","background-media":"","overlay-type":"","overlay-color":"","overlay-opacity":"","overlay-gradient":""}},"ast-content-background-meta":{"desktop":{"background-color":"var(--ast-global-color-5)","background-image":"","background-repeat":"repeat","background-position":"center center","background-size":"auto","background-attachment":"scroll","background-type":"","background-media":"","overlay-type":"","overlay-color":"","overlay-opacity":"","overlay-gradient":""},"tablet":{"background-color":"var(--ast-global-color-5)","background-image":"","background-repeat":"repeat","background-position":"center center","background-size":"auto","background-attachment":"scroll","background-type":"","background-media":"","overlay-type":"","overlay-color":"","overlay-opacity":"","overlay-gradient":""},"mobile":{"background-color":"var(--ast-global-color-5)","background-image":"","background-repeat":"repeat","background-position":"center center","background-size":"auto","background-attachment":"scroll","background-type":"","background-media":"","overlay-type":"","overlay-color":"","overlay-opacity":"","overlay-gradient":""}},"_joinchat":{"telephone":"+8618077105796"}},"product_brand":[],"product_cat":[175,64,150,158],"product_tag":[179,97],"class_list":{"0":"post-3320","1":"product","2":"type-product","3":"status-publish","4":"has-post-thumbnail","6":"product_cat-35000-puff","7":"product_cat-bangbox-vape","8":"product_cat-buy-disposable-vapes-in-belgium","9":"product_cat-buy-disposable-vapes-in-spain","10":"product_tag-bang-box-35000","11":"product_tag-hot-sale-disposable-vape","12":"desktop-align-left","13":"tablet-align-left","14":"mobile-align-left","16":"first","17":"instock","18":"sale","19":"shipping-taxable","20":"purchasable","21":"product-type-simple"},"acf":[],"uagb_featured_image_src":{"full":["https:\/\/vapestornado.com\/wp-content\/uploads\/2024\/12\/Bang-Box-35k-puff-disposable-Vape-good-price.jpg",800,800,false],"thumbnail":["https:\/\/vapestornado.com\/wp-content\/uploads\/2024\/12\/Bang-Box-35k-puff-disposable-Vape-good-price-150x150.jpg",150,150,true],"medium":["https:\/\/vapestornado.com\/wp-content\/uploads\/2024\/12\/Bang-Box-35k-puff-disposable-Vape-good-price-300x300.jpg",300,300,true],"medium_large":["https:\/\/vapestornado.com\/wp-content\/uploads\/2024\/12\/Bang-Box-35k-puff-disposable-Vape-good-price-768x768.jpg",768,768,true],"large":["https:\/\/vapestornado.com\/wp-content\/uploads\/2024\/12\/Bang-Box-35k-puff-disposable-Vape-good-price.jpg",800,800,false],"1536x1536":["https:\/\/vapestornado.com\/wp-content\/uploads\/2024\/12\/Bang-Box-35k-puff-disposable-Vape-good-price.jpg",800,800,false],"2048x2048":["https:\/\/vapestornado.com\/wp-content\/uploads\/2024\/12\/Bang-Box-35k-puff-disposable-Vape-good-price.jpg",800,800,false],"trp-custom-language-flag":["https:\/\/vapestornado.com\/wp-content\/uploads\/2024\/12\/Bang-Box-35k-puff-disposable-Vape-good-price.jpg",12,12,false],"woocommerce_thumbnail":["https:\/\/vapestornado.com\/wp-content\/uploads\/2024\/12\/Bang-Box-35k-puff-disposable-Vape-good-price-300x300.jpg",300,300,true],"woocommerce_single":["https:\/\/vapestornado.com\/wp-content\/uploads\/2024\/12\/Bang-Box-35k-puff-disposable-Vape-good-price-600x600.jpg",600,600,true],"woocommerce_gallery_thumbnail":["https:\/\/vapestornado.com\/wp-content\/uploads\/2024\/12\/Bang-Box-35k-puff-disposable-Vape-good-price-100x100.jpg",100,100,true]},"uagb_author_info":{"display_name":"ESMANDY","author_link":"https:\/\/vapestornado.com\/es\/author\/"},"uagb_comment_info":0,"uagb_excerpt":"Bang Box 35000 Puffs offers high-capacity, long-lasting vaping with 35,000 puffs, premium flavors, and a sleek, portable design for an exceptional vaping experience. [caption id=\"attachment_2951\" align=\"alignnone\" width=\"265\"] Pls Contact Mandy's WhatsApp For Discount Price\u00a0 +8618077105796[\/caption] &nbsp;","_links":{"self":[{"href":"https:\/\/vapestornado.com\/es\/wp-json\/wp\/v2\/product\/3320","targetHints":{"allow":["GET"]}}],"collection":[{"href":"https:\/\/vapestornado.com\/es\/wp-json\/wp\/v2\/product"}],"about":[{"href":"https:\/\/vapestornado.com\/es\/wp-json\/wp\/v2\/types\/product"}],"replies":[{"embeddable":true,"href":"https:\/\/vapestornado.com\/es\/wp-json\/wp\/v2\/comments?post=3320"}],"wp:featuredmedia":[{"embeddable":true,"href":"https:\/\/vapestornado.com\/es\/wp-json\/wp\/v2\/media\/3480"}],"wp:attachment":[{"href":"https:\/\/vapestornado.com\/es\/wp-json\/wp\/v2\/media?parent=3320"}],"wp:term":[{"taxonomy":"product_brand","embeddable":true,"href":"https:\/\/vapestornado.com\/es\/wp-json\/wp\/v2\/product_brand?post=3320"},{"taxonomy":"product_cat","embeddable":true,"href":"https:\/\/vapestornado.com\/es\/wp-json\/wp\/v2\/product_cat?post=3320"},{"taxonomy":"product_tag","embeddable":true,"href":"https:\/\/vapestornado.com\/es\/wp-json\/wp\/v2\/product_tag?post=3320"}],"curies":[{"name":"wp","href":"https:\/\/api.w.org\/{rel}","templated":true}]}}