{"id":3132,"date":"2024-12-13T09:10:35","date_gmt":"2024-12-13T09:10:35","guid":{"rendered":"https:\/\/vapestornado.com\/?post_type=product&#038;p=3132"},"modified":"2025-08-23T10:04:00","modified_gmt":"2025-08-23T10:04:00","slug":"vapsolo-twins-20000-double-flavour-rechargeable-disposable-vape-wholesale-price","status":"publish","type":"product","link":"https:\/\/vapestornado.com\/es\/product\/vapsolo-twins-20000-double-flavour-rechargeable-disposable-vape-wholesale-price\/","title":{"rendered":"Precio al por mayor de Vape Desechable Recargable de Doble Sabor Vapsolo Twins 20000"},"content":{"rendered":"<h1 class=\"product-title\">Precio al por mayor de Vape Desechable Recargable de Doble Sabor Vapsolo Twins 20000<\/h1>\n<p data-start=\"319\" data-end=\"581\">El <strong data-start=\"323\" data-end=\"377\">Vape Desechable de Doble Sabor Vapsolo Twins 20000<\/strong> est\u00e1 dise\u00f1ado para minoristas y mayoristas que necesitan stock fiable y duradero. Con hasta <strong data-start=\"470\" data-end=\"497\">20.000 inhalaciones por dispositivo<\/strong> y una <strong data-start=\"504\" data-end=\"526\">tanque de e-l\u00edquido de 25 ml<\/strong>, ofrece un uso prolongado y un fuerte potencial de reventa.<\/p>\n<p data-start=\"583\" data-end=\"946\">Su <strong data-start=\"587\" data-end=\"612\">sistema de doble sabor<\/strong> permite a los clientes cambiar entre dos mezclas en un solo dispositivo, haci\u00e9ndolo m\u00e1s atractivo para los compradores que desean variedad sin llevar m\u00faltiples vapes. El <strong data-start=\"759\" data-end=\"783\">tecnolog\u00eda de bobina de malla<\/strong> garantiza un vapor suave y un sabor consistente, mientras que el <strong data-start=\"837\" data-end=\"868\">bater\u00eda recargable de 650 mAh<\/strong> con <strong data-start=\"874\" data-end=\"898\">carga r\u00e1pida Tipo-C<\/strong> mantiene el rendimiento constante hasta la \u00faltima gota.<\/p>\n<p data-start=\"948\" data-end=\"1202\">Disponible en <strong data-start=\"961\" data-end=\"993\">concentraciones de nicotina 2% y 5%<\/strong>, el <strong data-start=\"999\" data-end=\"1025\">Vape Vapsolo Twins 20K<\/strong> satisface las diferentes preferencias de los clientes. Con competitivos <strong data-start=\"1085\" data-end=\"1106\">precios al por mayor<\/strong> y una fuerte demanda del mercado, es una opci\u00f3n inteligente para peque\u00f1as tiendas y distribuidores en toda Europa<\/p>\n<p><strong>\u00a1A\u00f1ade a Amy en Whatsapp para obtener una respuesta r\u00e1pida y cupones de vapeo!<\/strong><\/p>\n<p><img fetchpriority=\"high\" decoding=\"async\" class=\"size-full wp-image-2932\" src=\"https:\/\/vapestornado.com\/wp-content\/uploads\/2024\/12\/Vape-Wholesale.jpg\" alt=\"Vape al por mayor\" width=\"229\" height=\"300\" \/><\/p>\n<h3><a href=\"https:\/\/wa.me\/8617776015835\" target=\"_blank\" rel=\"noopener\"><span style=\"color: #ff0000;\"><strong>WhatsApp: +86 17776015835<\/strong><\/span><\/a><\/h3>\n<p>&nbsp;<\/p>\n<h2><strong>Caracter\u00edsticas del producto Vapsolo Twins 20000<\/strong><\/h2>\n<div role=\"article\" data-tabster=\"{&quot;groupper&quot;:{&quot;tabbability&quot;:2},&quot;focusable&quot;:{}}\" data-content=\"ai-message\" aria-labelledby=\"juhNTJ6o7Gk1cgwZMJgv2-author juhNTJ6o7Gk1cgwZMJgv2-content\">\n<div id=\"juhNTJ6o7Gk1cgwZMJgv2-content\">\n<div role=\"article\" data-tabster=\"{&quot;groupper&quot;:{&quot;tabbability&quot;:2},&quot;focusable&quot;:{}}\" data-content=\"ai-message\" aria-labelledby=\"x4EZuCZWrTbh3weWUt7CU-author x4EZuCZWrTbh3weWUt7CU-content\">\n<div id=\"x4EZuCZWrTbh3weWUt7CU-content\">\n<h3><\/h3>\n<ol>\n<li><strong>Doble deleite de sabor:<\/strong> Sistema de doble tanque para dos sabores en un solo vape.<\/li>\n<li><strong>Conteo de caladas masivo:<\/strong> Ofrece un impresionante <strong>20,000 caladas<\/strong>.<\/li>\n<li><strong>Bater\u00eda recargable:<\/strong> Bater\u00eda de larga duraci\u00f3n de 650 mAh con carga tipo C.<\/li>\n<li><strong>Generosa capacidad de E-Liquid:<\/strong> <strong>Tanques precargados de 25 ml<\/strong> para un uso prolongado.<\/li>\n<li><strong>Opciones de concentraci\u00f3n de nicotina:<\/strong> Elige entre <strong>2% o 5%<\/strong> niveles de nicotina.<\/li>\n<li><strong>Tecnolog\u00eda de resistencia de malla:<\/strong> Garantiza una producci\u00f3n de vapor suave y sabrosa.<\/li>\n<li><strong>Flujo de aire ajustable:<\/strong> Personaliza la intensidad del vapor para que se adapte a tu estilo.<\/li>\n<li><strong>Dise\u00f1o f\u00e1cil de usar:<\/strong> Sistema activado por extracci\u00f3n para un vapeo f\u00e1cil y c\u00f3modo.<\/li>\n<li><strong>Compacto<\/strong> Dise\u00f1o elegante perfecto para usuarios en movimiento.<\/li>\n<li><strong>Pantalla de visualizaci\u00f3n inteligente:<\/strong> Actualizaciones en tiempo real sobre la duraci\u00f3n de la bater\u00eda y el recuento de caladas.<\/li>\n<\/ol>\n<\/div>\n<\/div>\n<\/div>\n<\/div>\n<h2 class=\"product-title\"><strong>Lista de sabores de Vapsolo Twins 20000<\/strong><\/h2>\n<p>1. Lima Lim\u00f3n<br \/>\n2. Hielo de uva<br \/>\n3. Pi\u00f1a y coco<br \/>\n4. Naranja, mango y sand\u00eda<br \/>\n5. Hielo de ar\u00e1ndanos<br \/>\n6. Hielo de sand\u00eda<br \/>\n7. Fresa y pl\u00e1tano<br \/>\n8. Hielo de fresa, frambuesa y cereza<br \/>\n9. Limonada de frambuesa azul<br \/>\n10. Hielo de sand\u00eda<br \/>\n11. Triple mel\u00f3n<br \/>\n12. Fresa y pitahaya de drag\u00f3n de hielo negro<br \/>\n13. Pi\u00f1a y coco<br \/>\n14. Hielo de fresa<br \/>\n15. Fresa y kiwi<br \/>\n16. Triple mel\u00f3n<\/p>\n<h3>\u00bfPor qu\u00e9 elegir vapestornado para la venta al por mayor de Vapsolo Twins 20k Puff Vape?<\/h3>\n<div class=\"flex-shrink-0 flex flex-col relative items-end\">\n<div class=\"pt-0\">\n<div class=\"gizmo-bot-avatar flex h-8 w-8 items-center justify-center overflow-hidden rounded-full\">\n<div class=\"relative p-1 rounded-sm flex items-center justify-center bg-token-main-surface-primary text-token-text-primary h-8 w-8\">\n<p>Bienvenido a vapestornado, tu tienda de vapeo en l\u00ednea de confianza para vapers desechables de primera calidad. Con m\u00e1s de 5 a\u00f1os de experiencia, te traemos marcas populares de vapers desechables como Fumot RandM Vape, <a href=\"https:\/\/vapestornado.com\/es\/product\/vapme-crystal-7000-puffs-rechargeable-disposable-vape-wholesale-cheap-price\/\">Vapme<\/a>, Bang Vape, Waspe Vape y WGA Vape, ect.<\/p>\n<p>Nuestra gama incluye vapers de gran venta como el <a href=\"https:\/\/vapestornado.com\/es\/product\/fumot-randm-tornado-15000-puffs-rechargeable-disposable-vape-wholesale\/\">Tornado RandM 15000<\/a>y opciones ricas en sabor como el <a href=\"https:\/\/vapestornado.com\/es\/product\/waspe-40000-puffs-double-flavour-led-display-disposable-vape-wholesale\/\">WASPE Sabor Doble 40000 Caladas<\/a> . Cada producto se elige centr\u00e1ndose en la calidad, el valor y la variedad, lo que garantiza que encuentre la combinaci\u00f3n perfecta para sus necesidades. Descubra un servicio excepcional y una amplia gama de los mejores productos a precio mayorista en vapestornado.<\/p>\n<\/div>\n<h3><\/h3>\n<div class=\"relative p-1 rounded-sm flex items-center justify-center bg-token-main-surface-primary text-token-text-primary h-8 w-8\">\n<h3>Preguntas frecuentes sobre el vape desechable Vapsolo 20k Puff<\/h3>\n<\/div>\n<\/div>\n<\/div>\n<\/div>\n<div class=\"flex-shrink-0 flex flex-col relative items-end\">\n<div class=\"pt-0\">\n<div class=\"gizmo-bot-avatar flex h-8 w-8 items-center justify-center overflow-hidden rounded-full\">\n<div class=\"relative p-1 rounded-sm flex items-center justify-center bg-token-main-surface-primary text-token-text-primary h-8 w-8\">\n<div class=\"mb-2 flex gap-3 empty:hidden -ml-2\">\n<div role=\"article\" data-tabster=\"{&quot;groupper&quot;:{&quot;tabbability&quot;:2},&quot;focusable&quot;:{}}\" data-content=\"ai-message\" aria-labelledby=\"Vdt5ez4X7Tg813x6rFVha-author Vdt5ez4X7Tg813x6rFVha-content\">\n<div id=\"Vdt5ez4X7Tg813x6rFVha-content\">\n<div role=\"article\" data-tabster=\"{&quot;groupper&quot;:{&quot;tabbability&quot;:2},&quot;focusable&quot;:{}}\" data-content=\"ai-message\" aria-labelledby=\"o968oC7CEo2fGHsGdsRYC-author o968oC7CEo2fGHsGdsRYC-content\">\n<div id=\"o968oC7CEo2fGHsGdsRYC-content\">\n<ol>\n<li><strong>\u00bfQu\u00e9 hace que el Vapsolo Twins 20000 sea \u00fanico?<\/strong><br \/>\nEl <strong>sistema de tanque de doble sabor<\/strong> le permite disfrutar de dos sabores distintos en un solo dispositivo, lo que lo hace muy vers\u00e1til.<\/li>\n<li><strong>\u00bfCu\u00e1ntas caladas proporciona el Vapsolo Twins 20000?<\/strong><br \/>\nOfrece un impresionante <strong>20,000 caladas<\/strong>, lo que lo hace ideal para un uso prolongado.<\/li>\n<li><strong>\u00bfSe puede recargar el Vapsolo Twins?<\/strong><br \/>\nS\u00ed, cuenta con un <strong>bater\u00eda recargable de 650 mAh<\/strong> con carga r\u00e1pida tipo C para mayor comodidad.<\/li>\n<li><strong>\u00bfCu\u00e1les son las opciones de concentraci\u00f3n de nicotina disponibles?<\/strong><br \/>\nEl dispositivo viene en <strong>niveles de nicotina de 2% y 5%<\/strong>, que atienden a usuarios de nicotina ligeros y pesados.<\/li>\n<li><strong>\u00bfEs el Vapsolo Twins adecuado para principiantes?<\/strong><br \/>\n\u00a1Absolutamente! Su <strong>sistema activado por extracci\u00f3n<\/strong> y los controles sencillos facilitan su uso para los principiantes, al tiempo que ofrece funciones avanzadas para los vapeadores experimentados.<\/li>\n<\/ol>\n<\/div>\n<\/div>\n<\/div>\n<\/div>\n<p>&nbsp;<\/p>\n<\/div>\n<\/div>\n<\/div>\n<\/div>\n<\/div>\n<div class=\"group\/conversation-turn relative flex w-full min-w-0 flex-col agent-turn\">\n<div class=\"flex-col gap-1 md:gap-3\">\n<div class=\"flex max-w-full flex-col flex-grow\">\n<div class=\"min-h-8 text-message flex w-full flex-col items-end gap-2 whitespace-normal break-words [.text-message+&amp;]:mt-5\" dir=\"auto\" data-message-author-role=\"assistant\" data-message-id=\"db716a1c-9ed0-4b8d-b3b0-7bdb913c3d42\" data-message-model-slug=\"gpt-4o\">\n<div class=\"flex w-full flex-col gap-1 empty:hidden first:pt-[3px]\">\n<div class=\"markdown prose w-full break-words dark:prose-invert light\">\n<p>&nbsp;<\/p>\n<\/div>\n<\/div>\n<\/div>\n<\/div>\n<\/div>\n<\/div>","protected":false},"excerpt":{"rendered":"<p>Vapsolo Twins 20000 Caladas 2 en 1 Vape Desechable Precio al por Mayor<br \/>\nVapsolo 20000 Doble Sabor Vape Desechable Recargable Venta Caliente<br \/>\nVapsolo Twins 20k 2 Sabores en 1 Vape Desechable Precio de Compra al por Mayor<\/p>\n<p><strong>\u00a1A\u00f1ade el WhatsApp de Amy para obtener una respuesta correcta y un cup\u00f3n de vape!<\/strong><\/p>\n<p><img fetchpriority=\"high\" decoding=\"async\" class=\"size-full wp-image-2932\" src=\"https:\/\/vapestornado.com\/wp-content\/uploads\/2024\/12\/Vape-Wholesale.jpg\" alt=\"Vape al por mayor\" width=\"229\" height=\"300\" \/><\/p>\n<h3><a href=\"https:\/\/wa.me\/8617776015835\"><span style=\"color: #ff0000;\"><strong>WhatsApp: +86 17776015835<\/strong><\/span><\/a><\/h3>\n<p>&nbsp;<\/p>","protected":false},"featured_media":3129,"comment_status":"open","ping_status":"closed","template":"","meta":{"_acf_changed":false,"_uag_custom_page_level_css":"","_lmt_disableupdate":"no","_lmt_disable":"","_monsterinsights_skip_tracking":false,"_monsterinsights_sitenote_active":false,"_monsterinsights_sitenote_note":"","_monsterinsights_sitenote_category":0,"site-sidebar-layout":"default","site-content-layout":"","ast-site-content-layout":"default","site-content-style":"default","site-sidebar-style":"default","ast-global-header-display":"","ast-banner-title-visibility":"","ast-main-header-display":"","ast-hfb-above-header-display":"","ast-hfb-below-header-display":"","ast-hfb-mobile-header-display":"","site-post-title":"","ast-breadcrumbs-content":"","ast-featured-img":"","footer-sml-layout":"","ast-disable-related-posts":"","theme-transparent-header-meta":"default","adv-header-id-meta":"","stick-header-meta":"","header-above-stick-meta":"","header-main-stick-meta":"","header-below-stick-meta":"","astra-migrate-meta-layouts":"set","ast-page-background-enabled":"default","ast-page-background-meta":{"desktop":{"background-color":"","background-image":"","background-repeat":"repeat","background-position":"center center","background-size":"auto","background-attachment":"scroll","background-type":"","background-media":"","overlay-type":"","overlay-color":"","overlay-opacity":"","overlay-gradient":""},"tablet":{"background-color":"","background-image":"","background-repeat":"repeat","background-position":"center center","background-size":"auto","background-attachment":"scroll","background-type":"","background-media":"","overlay-type":"","overlay-color":"","overlay-opacity":"","overlay-gradient":""},"mobile":{"background-color":"","background-image":"","background-repeat":"repeat","background-position":"center center","background-size":"auto","background-attachment":"scroll","background-type":"","background-media":"","overlay-type":"","overlay-color":"","overlay-opacity":"","overlay-gradient":""}},"ast-content-background-meta":{"desktop":{"background-color":"var(--ast-global-color-5)","background-image":"","background-repeat":"repeat","background-position":"center center","background-size":"auto","background-attachment":"scroll","background-type":"","background-media":"","overlay-type":"","overlay-color":"","overlay-opacity":"","overlay-gradient":""},"tablet":{"background-color":"var(--ast-global-color-5)","background-image":"","background-repeat":"repeat","background-position":"center center","background-size":"auto","background-attachment":"scroll","background-type":"","background-media":"","overlay-type":"","overlay-color":"","overlay-opacity":"","overlay-gradient":""},"mobile":{"background-color":"var(--ast-global-color-5)","background-image":"","background-repeat":"repeat","background-position":"center center","background-size":"auto","background-attachment":"scroll","background-type":"","background-media":"","overlay-type":"","overlay-color":"","overlay-opacity":"","overlay-gradient":""}},"_joinchat":{"telephone":"+8617776015835"}},"product_brand":[],"product_cat":[69,171],"product_tag":[97,94,139,137,138],"class_list":{"0":"post-3132","1":"product","2":"type-product","3":"status-publish","4":"has-post-thumbnail","6":"product_cat-20000-puff","7":"product_cat-vapsolo-disposable-vapes","8":"product_tag-hot-sale-disposable-vape","9":"product_tag-rechargeable-disposable-vape","10":"product_tag-vapsolo","11":"product_tag-vapsolo-twins-20000","12":"product_tag-vapsolo-twins-20k","13":"desktop-align-left","14":"tablet-align-left","15":"mobile-align-left","17":"first","18":"instock","19":"sale","20":"shipping-taxable","21":"purchasable","22":"product-type-simple"},"acf":[],"uagb_featured_image_src":{"full":["https:\/\/vapestornado.com\/wp-content\/uploads\/2024\/12\/Vapsolo-Twins-EU-Electronic-Cigarette-Wholesale.jpg",1126,1126,false],"thumbnail":["https:\/\/vapestornado.com\/wp-content\/uploads\/2024\/12\/Vapsolo-Twins-EU-Electronic-Cigarette-Wholesale-150x150.jpg",150,150,true],"medium":["https:\/\/vapestornado.com\/wp-content\/uploads\/2024\/12\/Vapsolo-Twins-EU-Electronic-Cigarette-Wholesale-300x300.jpg",300,300,true],"medium_large":["https:\/\/vapestornado.com\/wp-content\/uploads\/2024\/12\/Vapsolo-Twins-EU-Electronic-Cigarette-Wholesale-768x768.jpg",768,768,true],"large":["https:\/\/vapestornado.com\/wp-content\/uploads\/2024\/12\/Vapsolo-Twins-EU-Electronic-Cigarette-Wholesale-1024x1024.jpg",1024,1024,true],"1536x1536":["https:\/\/vapestornado.com\/wp-content\/uploads\/2024\/12\/Vapsolo-Twins-EU-Electronic-Cigarette-Wholesale.jpg",1126,1126,false],"2048x2048":["https:\/\/vapestornado.com\/wp-content\/uploads\/2024\/12\/Vapsolo-Twins-EU-Electronic-Cigarette-Wholesale.jpg",1126,1126,false],"trp-custom-language-flag":["https:\/\/vapestornado.com\/wp-content\/uploads\/2024\/12\/Vapsolo-Twins-EU-Electronic-Cigarette-Wholesale.jpg",12,12,false],"woocommerce_thumbnail":["https:\/\/vapestornado.com\/wp-content\/uploads\/2024\/12\/Vapsolo-Twins-EU-Electronic-Cigarette-Wholesale-300x300.jpg",300,300,true],"woocommerce_single":["https:\/\/vapestornado.com\/wp-content\/uploads\/2024\/12\/Vapsolo-Twins-EU-Electronic-Cigarette-Wholesale-600x600.jpg",600,600,true],"woocommerce_gallery_thumbnail":["https:\/\/vapestornado.com\/wp-content\/uploads\/2024\/12\/Vapsolo-Twins-EU-Electronic-Cigarette-Wholesale-100x100.jpg",100,100,true]},"uagb_author_info":{"display_name":"ESAMY","author_link":"https:\/\/vapestornado.com\/es\/author\/"},"uagb_comment_info":0,"uagb_excerpt":"Vapsolo Twins 20000 Puffs 2 in 1 Disposable Vape Wholesale Price Vapsolo 20000 Double Flavour Rechargeable Disposable Vape Hot Sale Vapsolo Twins 20k 2 Flavour in 1 Disposable Vape Bulk Buy Price Add Amy's whatsapp get right reply and vape vape coupon! WhatsApp: +86 17776015835 &nbsp;","_links":{"self":[{"href":"https:\/\/vapestornado.com\/es\/wp-json\/wp\/v2\/product\/3132","targetHints":{"allow":["GET"]}}],"collection":[{"href":"https:\/\/vapestornado.com\/es\/wp-json\/wp\/v2\/product"}],"about":[{"href":"https:\/\/vapestornado.com\/es\/wp-json\/wp\/v2\/types\/product"}],"replies":[{"embeddable":true,"href":"https:\/\/vapestornado.com\/es\/wp-json\/wp\/v2\/comments?post=3132"}],"wp:featuredmedia":[{"embeddable":true,"href":"https:\/\/vapestornado.com\/es\/wp-json\/wp\/v2\/media\/3129"}],"wp:attachment":[{"href":"https:\/\/vapestornado.com\/es\/wp-json\/wp\/v2\/media?parent=3132"}],"wp:term":[{"taxonomy":"product_brand","embeddable":true,"href":"https:\/\/vapestornado.com\/es\/wp-json\/wp\/v2\/product_brand?post=3132"},{"taxonomy":"product_cat","embeddable":true,"href":"https:\/\/vapestornado.com\/es\/wp-json\/wp\/v2\/product_cat?post=3132"},{"taxonomy":"product_tag","embeddable":true,"href":"https:\/\/vapestornado.com\/es\/wp-json\/wp\/v2\/product_tag?post=3132"}],"curies":[{"name":"wp","href":"https:\/\/api.w.org\/{rel}","templated":true}]}}