{"id":3107,"date":"2024-12-13T02:59:26","date_gmt":"2024-12-13T02:59:26","guid":{"rendered":"https:\/\/vapestornado.com\/?post_type=product&#038;p=3107"},"modified":"2025-08-22T10:31:24","modified_gmt":"2025-08-22T10:31:24","slug":"randm-tornado-music-30000-puffs-fumot-bulk-sale-disposable","status":"publish","type":"product","link":"https:\/\/vapestornado.com\/es\/product\/randm-tornado-music-30000-puffs-fumot-bulk-sale-disposable\/","title":{"rendered":"Vapeador Desechable Randm Tornado Music 30000 Fumot Venta al por Mayor"},"content":{"rendered":"<h1>Randm Tornado Music 30000 Puffs Fumot Venta por Mayor Vaper Desechable<\/h1>\n<p data-start=\"293\" data-end=\"626\">El <strong data-start=\"297\" data-end=\"364\">Randm Tornado Music 30000 Puffs Fumot Venta por Mayor Vaper Desechable<\/strong> est\u00e1 dise\u00f1ado para vapeadores que buscan un rendimiento duradero y comodidad. Con un impresionante <strong data-start=\"458\" data-end=\"482\">Capacidad de 30.000 caladas<\/strong>, una <strong data-start=\"486\" data-end=\"517\">bater\u00eda recargable de 600mAh<\/strong>y una avanzada <strong data-start=\"532\" data-end=\"569\">tecnolog\u00eda de flujo de aire de bobina de malla de 1.0\u03a9<\/strong>, proporciona un vapor suave y consistente con cada calada.<\/p>\n<p data-start=\"628\" data-end=\"848\">Compacto y elegante, el Tornado Music 30K es f\u00e1cil de transportar e ideal para vapear todo el d\u00eda. Precargado con una amplia gama de <strong data-start=\"750\" data-end=\"771\">30 sabores \u00fanicos<\/strong>, ofrece algo para cada gusto, desde mezclas afrutadas hasta heladas.<\/p>\n<p data-start=\"850\" data-end=\"1048\">Para mayoristas y minoristas, el <strong data-start=\"885\" data-end=\"920\">Fumot Randm 30k Vaper Desechable<\/strong> combina alta capacidad, fuerte reconocimiento de marca y valor de venta por mayor, lo que lo convierte en una opci\u00f3n rentable para el mercado espa\u00f1ol.<\/p>\n<p><img fetchpriority=\"high\" decoding=\"async\" class=\"wp-image-3114 alignleft\" src=\"https:\/\/vapestornado.com\/wp-content\/uploads\/2024\/12\/Randm-tornado-vape-30000-puffs.jpg\" alt=\"Vaper Randm tornado 30000 caladas precio al por mayor\" width=\"559\" height=\"559\" srcset=\"https:\/\/vapestornado.com\/wp-content\/uploads\/2024\/12\/Randm-tornado-vape-30000-puffs.jpg 800w, https:\/\/vapestornado.com\/wp-content\/uploads\/2024\/12\/Randm-tornado-vape-30000-puffs-300x300.jpg 300w, https:\/\/vapestornado.com\/wp-content\/uploads\/2024\/12\/Randm-tornado-vape-30000-puffs-150x150.jpg 150w, https:\/\/vapestornado.com\/wp-content\/uploads\/2024\/12\/Randm-tornado-vape-30000-puffs-768x768.jpg 768w, https:\/\/vapestornado.com\/wp-content\/uploads\/2024\/12\/Randm-tornado-vape-30000-puffs-600x600.jpg 600w, https:\/\/vapestornado.com\/wp-content\/uploads\/2024\/12\/Randm-tornado-vape-30000-puffs-100x100.jpg 100w\" sizes=\"(max-width: 559px) 100vw, 559px\" \/><\/p>\n<p style=\"padding-left: 40px;\">\u00a0<img decoding=\"async\" class=\"wp-image-3124 alignleft\" src=\"https:\/\/vapestornado.com\/wp-content\/uploads\/2024\/12\/LYN-whatsapp-846x1024.jpg\" alt=\"whatsapp de LYN\" width=\"290\" height=\"351\" srcset=\"https:\/\/vapestornado.com\/wp-content\/uploads\/2024\/12\/LYN-whatsapp-846x1024.jpg 846w, https:\/\/vapestornado.com\/wp-content\/uploads\/2024\/12\/LYN-whatsapp-248x300.jpg 248w, https:\/\/vapestornado.com\/wp-content\/uploads\/2024\/12\/LYN-whatsapp-768x930.jpg 768w, https:\/\/vapestornado.com\/wp-content\/uploads\/2024\/12\/LYN-whatsapp-600x726.jpg 600w, https:\/\/vapestornado.com\/wp-content\/uploads\/2024\/12\/LYN-whatsapp.jpg 1046w\" sizes=\"(max-width: 290px) 100vw, 290px\" \/><\/p>\n<p><em><strong><span style=\"color: #ff0000;\">Cont\u00e1ctame escaneando este c\u00f3digo para saber m\u00e1s sobre caladas<\/span><\/strong><\/em><\/p>\n<p><em><strong>Whatsapp\uff1a<a href=\"https:\/\/wa.me\/8617840853976\" target=\"_blank\" rel=\"noopener\">+86178 4085 3976<\/a><\/strong><\/em><\/p>\n<p>&nbsp;<\/p>\n<h2><\/h2>\n<h2><strong>Aspectos Destacados del Producto para el Vaper Fumot 30k Music.<br \/>\n<\/strong><\/h2>\n<p>(1) bater\u00eda:<span style=\"color: #ff0000;\">600mAh<\/span> recargable para asegurar una energ\u00eda duradera.<\/p>\n<p>(2) Nicotina: proporciona <span style=\"color: #ff0000;\">2%\/5% de nicotina<\/span> para elegir para diferentes usuarios.<\/p>\n<p>(3) Caladas:<span style=\"color: #ff0000;\">ofrece 30000 caladas<\/span>, puede ser de uso prolongado y sin necesidad de reemplazo frecuente.<\/p>\n<p>(4) <span style=\"color: #ff0000;\">30 sabores<\/span>: se puede elegir entre m\u00e1s sabores, y 50 unidades pueden elegir al menos 5 sabores.<\/p>\n<p>(5) Puerto de carga:<span style=\"color: #ff0000;\">Tipo-C<\/span> interfaz de carga r\u00e1pida, admite la funci\u00f3n de carga.<\/p>\n<p>(6) <span style=\"color: #ff0000;\">Luz musical<\/span>: la luz de Randm 30k cambiar\u00e1 en sincronizaci\u00f3n con la m\u00fasica cuando est\u00e9 en uso, creando una experiencia de vapeo mejorada.<\/p>\n<h2><strong>\u00bfQu\u00e9 sabores est\u00e1n disponibles para el vaper desechable 30k Fumot?<br \/>\n<\/strong><\/h2>\n<p><em><span style=\"color: #000000;\"><strong>1. Banana Helado: <\/strong><\/span><\/em>Una suave mezcla de pl\u00e1tanos maduros con un refrescante final helado.<br \/>\n<span style=\"color: #000000;\"><strong><em>2. Hielo Negro:<\/em> <\/strong><\/span>Intensa grosella negra con un toque fresco de mentol.<br \/>\n<em><strong><span style=\"color: #000000;\">3. Hielo Frambuesa Azul:<\/span> <\/strong><\/em>Frambuesa azul dulce y \u00e1cida con un toque helado.<br \/>\n<em><strong><span style=\"color: #000000;\">4. Ar\u00e1ndano sobre Hielo:<\/span><\/strong> <\/em>Jugosos ar\u00e1ndanos combinados con una refrescante brisa de mentol.<br \/>\n<em><strong><span style=\"color: #000000;\">5. Ar\u00e1ndano Frambuesa:<\/span><\/strong><\/em> Una deliciosa mezcla de ar\u00e1ndanos dulces y frambuesas \u00e1cidas.<br \/>\n<em><strong><span style=\"color: #000000;\">6. Ar\u00e1ndano Frambuesa \u00c1cida:<\/span> <\/strong><\/em>Ar\u00e1ndanos y frambuesas con un toque \u00e1cido.<br \/>\n<em><strong><span style=\"color: #000000;\">7. Cereza Helada:<\/span> <\/strong><\/em>Cerezas dulces con un toque refrescante y helado.<br \/>\n<em><strong><span style=\"color: #000000;\">8. Cola de Cereza:<\/span> <\/strong><\/em>Cl\u00e1sico sabor a cola con un toque de cereza.<br \/>\n<em><strong><span style=\"color: #000000;\">9. Cola Helada:<\/span> <\/strong><\/em>Cola gaseosa con un final mentolado y fresco.<br \/>\n<em><strong><span style=\"color: #000000;\">10. Menta Fresca:<\/span><\/strong> <\/em>Sabor a menta fresco y refrescante.<br \/>\n<em><strong><span style=\"color: #000000;\">11. Manzana Doble:<\/span><\/strong> <\/em>Una mezcla de manzanas dulces y \u00e1cidas.<br \/>\n<em><strong><span style=\"color: #000000;\">12. Dr. Blue:<\/span><\/strong> <\/em>Una misteriosa mezcla de bayas con un final fresco.<br \/>\n<em><strong><span style=\"color: #000000;\">13. Uva Helada:<\/span> <\/strong><\/em>Uvas dulces con un toque de mentol helado.<br \/>\n<em><strong><span style=\"color: #000000;\">14. Polo de Hielo:<\/span> <\/strong><\/em>Una mezcla nost\u00e1lgica de sabores de polos de hielo de frutas.<br \/>\n<em><strong><span style=\"color: #000000;\">15. Kiwi Maracuy\u00e1 Guayaba:<\/span><\/strong> <\/em>Ex\u00f3tica mezcla de kiwi, maracuy\u00e1 y guayaba.<br \/>\n<em><strong><span style=\"color: #000000;\">16. Amor 66:<\/span> <\/strong><\/em>Una mezcla \u00fanica de frutas tropicales con un toque de mentol.<br \/>\n<em><strong><span style=\"color: #000000;\">17. Sandia Helada:<\/span><\/strong> <\/em>Sand\u00eda con un refrescante final helado.<br \/>\n<em><strong><span style=\"color: #000000;\">18. Bayas Mixtas:<\/span><\/strong><\/em> Una mezcla de varias bayas.<br \/>\n<em><strong><span style=\"color: #000000;\">19. Melocot\u00f3n con Bayas:<\/span> <\/strong><\/em>Jugosos melocotones con un toque de bayas.<br \/>\n<em><strong><span style=\"color: #000000;\">20. Melocot\u00f3n Helado:<\/span> <\/strong><\/em>Dulces melocotones con un final fresco de mentol.<br \/>\n<em><strong><span style=\"color: #000000;\">21. Melocot\u00f3n Mango Pi\u00f1a:<\/span><\/strong> <\/em>Una mezcla tropical de melocot\u00f3n, mango y pi\u00f1a.<br \/>\n<em><strong><span style=\"color: #000000;\">22. Pi\u00f1a Helada:<\/span> <\/strong><\/em>Pi\u00f1a dulce y \u00e1cida con un toque g\u00e9lido.<br \/>\n<em><strong><span style=\"color: #000000;\">23. Limonada Rosa:<\/span> <\/strong><\/em>Limonada \u00e1cida con un toque de bayas.<br \/>\n<em><strong><span style=\"color: #000000;\">24. Skittles:<\/span> <\/strong><\/em>Un arco\u00edris de sabores afrutados.<br \/>\n<em><strong><span style=\"color: #000000;\">25. Fresa Pl\u00e1tano:<\/span> <\/strong><\/em>Una mezcla cl\u00e1sica de fresas dulces y pl\u00e1tanos cremosos.<br \/>\n<em><strong><span style=\"color: #000000;\">26. Fresa Uva:<\/span><\/strong> <\/em>Fresas dulces combinadas con uvas jugosas.<br \/>\n<em><strong><span style=\"color: #000000;\">27. Fresa Helada:<\/span><\/strong> <\/em>Fresas frescas con un final fresco de mentol.<br \/>\n<em><strong><span style=\"color: #000000;\">28. Fresa Sand\u00eda:<\/span> <\/strong><\/em>Una refrescante mezcla de fresas y sand\u00eda.<br \/>\n<em><strong><span style=\"color: #000000;\">29. Mango Triple:<\/span> <\/strong><\/em>Un intenso sabor a mango con el triple de fuerza.<br \/>\n<em><strong><span style=\"color: #000000;\">30. Vimto:<\/span> <\/strong><\/em>Una mezcla \u00fanica de frutas variadas inspirada en la bebida cl\u00e1sica.<\/p>\n<div class=\"flex-shrink-0 flex flex-col relative items-end\">\n<div class=\"pt-0\">\n<div class=\"gizmo-bot-avatar flex h-8 w-8 items-center justify-center overflow-hidden rounded-full\">\n<div class=\"relative p-1 rounded-sm flex items-center justify-center bg-token-main-surface-primary text-token-text-primary h-8 w-8\">\n<h2><strong>Preguntas frecuentes:<\/strong><\/h2>\n<h4>P: \u00bfPor qu\u00e9 elegir el vapeador desechable Fumot RANDM Tornado de 30000 caladas?<\/h4>\n<p><span style=\"color: #000000;\"><b>A\uff1a<\/b><\/span>Elige el Fumot RANDM Tornado de 30000 caladas para un vapeo duradero, sabroso y sin complicaciones. Perfecto para compras al por mayor.<\/p>\n<h4>P: \u00bfCu\u00e1l es el pedido m\u00ednimo al por mayor del vapeador desechable Fumot de 30k?<\/h4>\n<p><span style=\"color: #000000;\"><b>A\uff1a<\/b><\/span>El pedido m\u00ednimo del vapeador desechable Fumot 30k Tornado Music es de 50 unidades; cuanta m\u00e1s cantidad pidas, mejor precio obtendr\u00e1s.<\/p>\n<h4>P: \u00bfAumenta el descuento con la cantidad de pedidos?<\/h4>\n<p><span style=\"color: #000000;\"><b>A\uff1a<\/b>Ya ofrecemos un descuento a un precio muy bajo, pero el precio no disminuir\u00e1 con un aumento en la cantidad del pedido. Sin embargo, haremos todo lo posible para solicitar una muestra para ti. Por \u00faltimo, esperamos que esto te brinde una buena experiencia.<\/span><\/p>\n<h4>P: \u00bfSe puede rastrear el paquete por uno mismo?<\/h4>\n<p><strong><span style=\"color: #000000;\"><b>A\uff1a<\/b><\/span><\/strong><span style=\"color: #000000;\">S\u00ed, una vez que el paquete sea enviado, le enviaremos un n\u00famero de seguimiento <\/span><span style=\"color: #000000;\">para que pueda comprobar su estado. Adem\u00e1s, haremos un seguimiento del paquete hasta que lo reciba, garantiz\u00e1ndole que se mantendr\u00e1 informado durante todo el proceso.<\/span><\/p>\n<p>otros vapers que tambi\u00e9n le pueden gustar<br \/>\n<a href=\"https:\/\/vapestornado.com\/es\/product-category\/30000-puff\/\">Vaper de 30000 caladas<\/a><\/p>\n<\/div>\n<\/div>\n<\/div>\n<\/div>","protected":false},"excerpt":{"rendered":"<p><em><strong>Randm 30k desechable vaper musical que puede ofrecer 30,000 caladas y 30 sabores a elegir.\u00a0 <\/strong><\/em><\/p>\n<p><em><strong>Tenemos niveles de nicotina de 2% o 5% que se pueden elegir en los vapers Fumot 30k. Adem\u00e1s, vendemos a precio por mayor y tenemos el mejor servicio.<\/strong><\/em><\/p>\n<figure id=\"attachment_3124\" aria-describedby=\"caption-attachment-3124\" style=\"width: 248px\" class=\"wp-caption alignleft\"><img decoding=\"async\" class=\"size-medium wp-image-3124\" src=\"https:\/\/vapestornado.com\/wp-content\/uploads\/2024\/12\/LYN-whatsapp-248x300.jpg\" alt=\"whatsapp de LYN\" width=\"248\" height=\"300\" srcset=\"https:\/\/vapestornado.com\/wp-content\/uploads\/2024\/12\/LYN-whatsapp-248x300.jpg 248w, https:\/\/vapestornado.com\/wp-content\/uploads\/2024\/12\/LYN-whatsapp-846x1024.jpg 846w, https:\/\/vapestornado.com\/wp-content\/uploads\/2024\/12\/LYN-whatsapp-768x930.jpg 768w, https:\/\/vapestornado.com\/wp-content\/uploads\/2024\/12\/LYN-whatsapp-600x726.jpg 600w, https:\/\/vapestornado.com\/wp-content\/uploads\/2024\/12\/LYN-whatsapp.jpg 1046w\" sizes=\"(max-width: 248px) 100vw, 248px\" \/><figcaption id=\"caption-attachment-3124\" class=\"wp-caption-text\"><a href=\"https:\/\/wa.me\/8617840853976\"><em><strong>Contacta con Lyn para saber m\u00e1s sobre caladas<\/strong><\/em><\/a><\/figcaption><\/figure>","protected":false},"featured_media":3109,"comment_status":"open","ping_status":"closed","template":"","meta":{"_acf_changed":false,"_uag_custom_page_level_css":"","_lmt_disableupdate":"no","_lmt_disable":"","_monsterinsights_skip_tracking":false,"_monsterinsights_sitenote_active":false,"_monsterinsights_sitenote_note":"","_monsterinsights_sitenote_category":0,"site-sidebar-layout":"default","site-content-layout":"","ast-site-content-layout":"default","site-content-style":"default","site-sidebar-style":"default","ast-global-header-display":"","ast-banner-title-visibility":"","ast-main-header-display":"","ast-hfb-above-header-display":"","ast-hfb-below-header-display":"","ast-hfb-mobile-header-display":"","site-post-title":"","ast-breadcrumbs-content":"","ast-featured-img":"","footer-sml-layout":"","ast-disable-related-posts":"","theme-transparent-header-meta":"default","adv-header-id-meta":"","stick-header-meta":"","header-above-stick-meta":"","header-main-stick-meta":"","header-below-stick-meta":"","astra-migrate-meta-layouts":"set","ast-page-background-enabled":"default","ast-page-background-meta":{"desktop":{"background-color":"","background-image":"","background-repeat":"repeat","background-position":"center center","background-size":"auto","background-attachment":"scroll","background-type":"","background-media":"","overlay-type":"","overlay-color":"","overlay-opacity":"","overlay-gradient":""},"tablet":{"background-color":"","background-image":"","background-repeat":"repeat","background-position":"center center","background-size":"auto","background-attachment":"scroll","background-type":"","background-media":"","overlay-type":"","overlay-color":"","overlay-opacity":"","overlay-gradient":""},"mobile":{"background-color":"","background-image":"","background-repeat":"repeat","background-position":"center center","background-size":"auto","background-attachment":"scroll","background-type":"","background-media":"","overlay-type":"","overlay-color":"","overlay-opacity":"","overlay-gradient":""}},"ast-content-background-meta":{"desktop":{"background-color":"var(--ast-global-color-5)","background-image":"","background-repeat":"repeat","background-position":"center center","background-size":"auto","background-attachment":"scroll","background-type":"","background-media":"","overlay-type":"","overlay-color":"","overlay-opacity":"","overlay-gradient":""},"tablet":{"background-color":"var(--ast-global-color-5)","background-image":"","background-repeat":"repeat","background-position":"center center","background-size":"auto","background-attachment":"scroll","background-type":"","background-media":"","overlay-type":"","overlay-color":"","overlay-opacity":"","overlay-gradient":""},"mobile":{"background-color":"var(--ast-global-color-5)","background-image":"","background-repeat":"repeat","background-position":"center center","background-size":"auto","background-attachment":"scroll","background-type":"","background-media":"","overlay-type":"","overlay-color":"","overlay-opacity":"","overlay-gradient":""}},"_joinchat":{"telephone":"17776015835"}},"product_brand":[],"product_cat":[19,67,58],"product_tag":[83,125,124,126,78,114],"class_list":{"0":"post-3107","1":"product","2":"type-product","3":"status-publish","4":"has-post-thumbnail","6":"product_cat-vapes","7":"product_cat-30000-puff","8":"product_cat-fumot-vape","9":"product_tag-fumot-vape","10":"product_tag-randm-30000","11":"product_tag-randm-tornado-30000","12":"product_tag-randm-tornado-30k","13":"product_tag-randm-vape","14":"product_tag-tornado-vape","15":"desktop-align-left","16":"tablet-align-left","17":"mobile-align-left","19":"first","20":"instock","21":"sale","22":"shipping-taxable","23":"purchasable","24":"product-type-simple"},"acf":[],"uagb_featured_image_src":{"full":["https:\/\/vapestornado.com\/wp-content\/uploads\/2024\/12\/Randm-disposable-vape-30k-puffs.jpg",800,800,false],"thumbnail":["https:\/\/vapestornado.com\/wp-content\/uploads\/2024\/12\/Randm-disposable-vape-30k-puffs-150x150.jpg",150,150,true],"medium":["https:\/\/vapestornado.com\/wp-content\/uploads\/2024\/12\/Randm-disposable-vape-30k-puffs-300x300.jpg",300,300,true],"medium_large":["https:\/\/vapestornado.com\/wp-content\/uploads\/2024\/12\/Randm-disposable-vape-30k-puffs-768x768.jpg",768,768,true],"large":["https:\/\/vapestornado.com\/wp-content\/uploads\/2024\/12\/Randm-disposable-vape-30k-puffs.jpg",800,800,false],"1536x1536":["https:\/\/vapestornado.com\/wp-content\/uploads\/2024\/12\/Randm-disposable-vape-30k-puffs.jpg",800,800,false],"2048x2048":["https:\/\/vapestornado.com\/wp-content\/uploads\/2024\/12\/Randm-disposable-vape-30k-puffs.jpg",800,800,false],"trp-custom-language-flag":["https:\/\/vapestornado.com\/wp-content\/uploads\/2024\/12\/Randm-disposable-vape-30k-puffs.jpg",12,12,false],"woocommerce_thumbnail":["https:\/\/vapestornado.com\/wp-content\/uploads\/2024\/12\/Randm-disposable-vape-30k-puffs-300x300.jpg",300,300,true],"woocommerce_single":["https:\/\/vapestornado.com\/wp-content\/uploads\/2024\/12\/Randm-disposable-vape-30k-puffs-600x600.jpg",600,600,true],"woocommerce_gallery_thumbnail":["https:\/\/vapestornado.com\/wp-content\/uploads\/2024\/12\/Randm-disposable-vape-30k-puffs-100x100.jpg",100,100,true]},"uagb_author_info":{"display_name":"ESLYN","author_link":"https:\/\/vapestornado.com\/es\/author\/"},"uagb_comment_info":0,"uagb_excerpt":"Randm 30k disaposable music vape that can offer 30,000 puffs and 30 flavors to choose.\u00a0 We have 2% or 5% Nicotine level can be choose in Fumot 30k vapes. Beside,we are sale Bulk price and have best service. [caption id=\"attachment_3124\" align=\"alignleft\" width=\"248\"] Contact Lyn to know more about puffs[\/caption]","_links":{"self":[{"href":"https:\/\/vapestornado.com\/es\/wp-json\/wp\/v2\/product\/3107","targetHints":{"allow":["GET"]}}],"collection":[{"href":"https:\/\/vapestornado.com\/es\/wp-json\/wp\/v2\/product"}],"about":[{"href":"https:\/\/vapestornado.com\/es\/wp-json\/wp\/v2\/types\/product"}],"replies":[{"embeddable":true,"href":"https:\/\/vapestornado.com\/es\/wp-json\/wp\/v2\/comments?post=3107"}],"wp:featuredmedia":[{"embeddable":true,"href":"https:\/\/vapestornado.com\/es\/wp-json\/wp\/v2\/media\/3109"}],"wp:attachment":[{"href":"https:\/\/vapestornado.com\/es\/wp-json\/wp\/v2\/media?parent=3107"}],"wp:term":[{"taxonomy":"product_brand","embeddable":true,"href":"https:\/\/vapestornado.com\/es\/wp-json\/wp\/v2\/product_brand?post=3107"},{"taxonomy":"product_cat","embeddable":true,"href":"https:\/\/vapestornado.com\/es\/wp-json\/wp\/v2\/product_cat?post=3107"},{"taxonomy":"product_tag","embeddable":true,"href":"https:\/\/vapestornado.com\/es\/wp-json\/wp\/v2\/product_tag?post=3107"}],"curies":[{"name":"wp","href":"https:\/\/api.w.org\/{rel}","templated":true}]}}