{"id":2993,"date":"2024-12-06T08:51:10","date_gmt":"2024-12-06T08:51:10","guid":{"rendered":"https:\/\/vapestornado.com\/?post_type=product&#038;p=2993"},"modified":"2025-08-23T10:20:29","modified_gmt":"2025-08-23T10:20:29","slug":"randm-tornado-25000-puffs-2-nicotine-bulk-buy-vape-pods","status":"publish","type":"product","link":"https:\/\/vapestornado.com\/es\/product\/randm-tornado-25000-puffs-2-nicotine-bulk-buy-vape-pods\/","title":{"rendered":"Randm Tornado 25000 Puffs 2% Nicotina Pods de Vapeo a Granel"},"content":{"rendered":"<h1>Randm Tornado 25000 Puffs 2% Nicotina Vapes al por mayor<\/h1>\n<p>&nbsp;<\/p>\n<p data-start=\"281\" data-end=\"553\">El <strong data-start=\"285\" data-end=\"323\">Vape Pod Randm Tornado 25000 Caladas<\/strong> est\u00e1 dise\u00f1ado para mayoristas y propietarios de tiendas que buscan un vape desechable de alta capacidad y repleto de funciones. Con hasta <strong data-start=\"436\" data-end=\"463\">25.000 caladas por dispositivo<\/strong> y una <strong data-start=\"470\" data-end=\"492\">Tanque de e-l\u00edquido de 20 ml<\/strong>, ofrece un uso duradero y un fuerte potencial de reventa.<\/p>\n<p data-start=\"555\" data-end=\"811\">Equipado con un <strong data-start=\"571\" data-end=\"602\">bater\u00eda recargable de 700mAh<\/strong> y el <strong data-start=\"607\" data-end=\"631\">carga r\u00e1pida Tipo-C<\/strong>, el Randm 25K minimiza el tiempo de inactividad. Su <strong data-start=\"671\" data-end=\"698\">tecnolog\u00eda de interruptor t\u00e1ctil<\/strong> y el <strong data-start=\"703\" data-end=\"720\">divertido modo de juego<\/strong> a\u00f1ade interactividad, haci\u00e9ndolo popular entre los consumidores europeos m\u00e1s j\u00f3venes. Las caracter\u00edsticas incluyen:<\/p>\n<ul data-start=\"812\" data-end=\"925\">\n<li data-start=\"812\" data-end=\"849\">\n<p data-start=\"814\" data-end=\"849\"><strong data-start=\"814\" data-end=\"828\">Doble toque<\/strong> para activar la pantalla<\/p>\n<\/li>\n<li data-start=\"850\" data-end=\"886\">\n<p data-start=\"852\" data-end=\"886\"><strong data-start=\"852\" data-end=\"866\">Triple toque<\/strong> para ajustar la potencia<\/p>\n<\/li>\n<li data-start=\"887\" data-end=\"925\">\n<p data-start=\"889\" data-end=\"925\"><strong data-start=\"889\" data-end=\"901\">Cuatro toques<\/strong> para activar el modo de juego<\/p>\n<\/li>\n<\/ul>\n<p data-start=\"927\" data-end=\"1181\">Disponible en <strong data-start=\"940\" data-end=\"979\">opciones de nicotina de 0%, 2%, 3% y 5%<\/strong>, el <strong data-start=\"985\" data-end=\"1006\">Randm Tornado 25K<\/strong> se adapta tanto a usuarios ligeros como a usuarios intensivos. Compacto, elegante y port\u00e1til, combina rendimiento con comodidad, lo que lo convierte en un producto de gran venta en el mercado mayorista de vape en Europa.<\/p>\n<p><img fetchpriority=\"high\" decoding=\"async\" class=\"size-medium wp-image-2951\" src=\"https:\/\/vapestornado.com\/wp-content\/uploads\/2024\/12\/Wholesale-Disposable-Vape-265x300.jpg\" alt=\"Vape Desechable al por mayor\" width=\"265\" height=\"300\" srcset=\"https:\/\/vapestornado.com\/wp-content\/uploads\/2024\/12\/Wholesale-Disposable-Vape-265x300.jpg 265w, https:\/\/vapestornado.com\/wp-content\/uploads\/2024\/12\/Wholesale-Disposable-Vape-768x871.jpg 768w, https:\/\/vapestornado.com\/wp-content\/uploads\/2024\/12\/Wholesale-Disposable-Vape-600x680.jpg 600w, https:\/\/vapestornado.com\/wp-content\/uploads\/2024\/12\/Wholesale-Disposable-Vape.jpg 823w\" sizes=\"(max-width: 265px) 100vw, 265px\" \/><\/p>\n<h6>Por favor, contacta con el WhatsApp de Mandy para precio con descuento:<a href=\"https:\/\/wa.me\/8618077105796\" target=\"_blank\" rel=\"noopener\">+8618077105796<\/a><\/h6>\n<p>&nbsp;<\/p>\n<h2><strong>Caracter\u00edsticas Clave del Vaporizador Fumot Tornado 25000 Puffs<\/strong><\/h2>\n<ul>\n<li><strong>N\u00famero de Caladas:<\/strong> 25.000 caladas<\/li>\n<li><strong>Bater\u00eda:<\/strong> 700mAh, recargable<\/li>\n<li><strong>Capacidad de E-l\u00edquido:<\/strong> 20ml<\/li>\n<li><strong>Niveles de Nicotina:<\/strong> 0%, 2%, 3%, 5%<\/li>\n<li><strong>Carga:<\/strong> carga r\u00e1pida Tipo-C<\/li>\n<li><strong>Modo de Juego:<\/strong> Funci\u00f3n interactiva y divertida de juego<\/li>\n<li><strong>Funciones del Interruptor T\u00e1ctil:<\/strong>\n<ul>\n<li>Doble toque: Activar pantalla<\/li>\n<li>Triple toque: Ajustar potencia<\/li>\n<li>Cuatro toques: Entrar en modo de juego; haga clic una vez para jugar<\/li>\n<\/ul>\n<\/li>\n<li><strong>Dise\u00f1o:<\/strong> Vapeador port\u00e1til y f\u00e1cil de usar<\/li>\n<\/ul>\n<h2><strong>Lista de sabores del vape desechable RandM Tornado 25k Puff:<\/strong><\/h2>\n<p>1. Pl\u00e1tano Helado<br \/>\n2. Fresa Sand\u00eda<br \/>\n3. Menta Miami<br \/>\n4. Ar\u00e1ndano Frambuesa<br \/>\n5. Hielo Negro<br \/>\n6. Hielo de Gominola Blanca<br \/>\n7. Hielo de Sand\u00eda<br \/>\n8. Hielo de Melocot\u00f3n Jugoso<br \/>\n9. Limonada Rosa<br \/>\n10. Fresa Mango<br \/>\n11. Melocot\u00f3n Mango Sand\u00eda<br \/>\n12. Uva Lim\u00f3n<br \/>\n13. Explosi\u00f3n de Arco\u00edris Tropical<br \/>\n14. Cereza Explosiva<br \/>\n15. Caramelo de Menta Fresa<br \/>\n16. Doble Manzana<br \/>\n17. Ar\u00e1ndano Helado<br \/>\n18. Fresa Helada<br \/>\n19. Hielo Exuberante<br \/>\n20. Hielo de Pi\u00f1a<br \/>\n21. Hielo de Uva<br \/>\n22. Dr Azul<br \/>\n23. Kiwi Fruta de la Pasi\u00f3n Guayaba<br \/>\n24. Cereza Cola<\/p>\n<h3>Por Qu\u00e9 Elegir RandM Tornado 25000 Caladas en <a href=\"https:\/\/vapestornado.com\/es\/\">vapestornado<\/a>?<\/h3>\n<p><strong>1. Beneficios de Comprar en vapestornado<\/strong><\/p>\n<ul>\n<li><strong>Amplia Selecci\u00f3n<\/strong>: vapestornado ofrece una amplia gama de marcas y modelos de vape de alta calidad, satisfaciendo todas las necesidades del cliente en un solo lugar.<\/li>\n<li><strong>Excelente Servicio<\/strong>: Disfrute de env\u00edo r\u00e1pido y soporte posventa confiable para una experiencia de compra sin preocupaciones.<\/li>\n<li><strong>Precios Transparentes<\/strong>: Cada producto se muestra con precios claros y detallados, sin costes ocultos.<\/li>\n<li><strong>Ofertas Especiales<\/strong>: Descuentos y promociones regulares, con ofertas exclusivas para miembros.<\/li>\n<li><strong>Plataforma de f\u00e1cil uso<\/strong>: P\u00e1gina web f\u00e1cil de navegar que admite m\u00faltiples idiomas y m\u00e9todos de pago, incluidas tarjetas de cr\u00e9dito y PayPal.<\/li>\n<\/ul>\n<p><strong>2. Puntos destacados de RandM Tornado 25k Puffs<\/strong><\/p>\n<ul>\n<li><strong>Uso Duradero<\/strong>: Dise\u00f1ado para 25.000 caladas, lo que garantiza durabilidad y un uso prolongado para los vapeadores habituales.<\/li>\n<li><strong>Bater\u00eda potente<\/strong>: Equipado con una bater\u00eda recargable de 700mAh y carga r\u00e1pida Tipo-C para una comodidad ecol\u00f3gica.<\/li>\n<li><strong>Amplia variedad de sabores<\/strong>: Ofrece hasta 30 sabores, incluidos perfiles afrutados, mentolados y de bebidas para adaptarse a diversos gustos.<\/li>\n<li><strong>Dise\u00f1o Elegante<\/strong>: Cuenta con luces LED para una apariencia moderna y llamativa.<\/li>\n<li><strong>F\u00e1cil de Usar<\/strong>: Listo para usar nada m\u00e1s sacarlo de la caja, sin necesidad de configuraci\u00f3n, perfecto tanto para principiantes como para usuarios experimentados.<\/li>\n<\/ul>\n<p><strong>3. Precios especiales de vapestornado<\/strong><\/p>\n<ul>\n<li><strong>Precio asequible<\/strong>: El RandM Tornado 25000 Puffs est\u00e1 disponible al precio promocional de vapestornado, lo que le permite ahorrar X% en comparaci\u00f3n con los precios del mercado.<\/li>\n<li><strong>Descuentos por volumen<\/strong>: Ahorros adicionales para compras al por mayor, ideal para distribuidores y compradores a granel.<\/li>\n<li><strong>Ofertas por tiempo limitado<\/strong>: Consulta la p\u00e1gina de inicio para cupones de descuento exclusivos en productos RandM.<\/li>\n<\/ul>\n<p>\u00a1Compra ahora en vapestornado para disfrutar de ofertas inmejorables y una experiencia de vapeo excepcional con RandM Tornado 25000 Puffs!<\/p>\n<h3><\/h3>\n<h3>Preguntas frecuentes sobre el vaper recargable Randm Vape 25000 Puffs:<\/h3>\n<ul>\n<li><strong>\u00bfCu\u00e1nto tiempo deber\u00eda durar el RandM Tornado 25000 Puffs?<\/strong><br \/>\nEl RandM Tornado 25000 Puffs ofrece una experiencia de vapeo duradera, proporcionando hasta 25,000 caladas, lo que lo hace perfecto para un uso prolongado sin reemplazos frecuentes.<\/li>\n<li><strong>\u00bfC\u00f3mo se activa el RandM Tornado 25000 Puffs?<\/strong><br \/>\nEl RandM Tornado 25000 Puffs est\u00e1 listo para usar nada m\u00e1s sacarlo de la caja. Simplemente inhala desde la boquilla para activar el dispositivo, sin necesidad de botones ni configuraciones complicadas.<\/li>\n<li><strong>\u00bfEs recargable el RandM Tornado 25000 Puffs?<\/strong><br \/>\nS\u00ed, el RandM Tornado 25000 Puffs cuenta con una bater\u00eda recargable de 700 mAh, lo que te garantiza un rendimiento constante con una carga r\u00e1pida Tipo-C.<\/li>\n<li><strong>\u00bfC\u00f3mo s\u00e9 cu\u00e1ndo mi RandM Tornado 25000 Puffs se est\u00e1 quedando sin bater\u00eda o e-l\u00edquido?<\/strong><br \/>\nCuando la producci\u00f3n de vapor disminuye o el sabor se vuelve menos intenso, es una se\u00f1al de que la bater\u00eda o el e-l\u00edquido se est\u00e1n agotando. Recarga la bater\u00eda o reemplaza el dispositivo una vez que el e-l\u00edquido se haya terminado.<\/li>\n<\/ul>","protected":false},"excerpt":{"rendered":"<p data-start=\"1221\" data-end=\"1388\">El <strong data-start=\"1225\" data-end=\"1263\">Vape Pod Randm Tornado 25000 Caladas<\/strong> ofrece opciones de doble nicotina, controles t\u00e1ctiles inteligentes y 25K caladas. Una opci\u00f3n fiable para <strong data-start=\"1353\" data-end=\"1385\">compra al por mayor en Europa<\/strong>.<\/p>\n<figure id=\"attachment_2951\" aria-describedby=\"caption-attachment-2951\" style=\"width: 265px\" class=\"wp-caption alignnone\"><img fetchpriority=\"high\" decoding=\"async\" class=\"size-medium wp-image-2951\" src=\"https:\/\/vapestornado.com\/wp-content\/uploads\/2024\/12\/Wholesale-Disposable-Vape-265x300.jpg\" alt=\"Vape Desechable al por mayor\" width=\"265\" height=\"300\" srcset=\"https:\/\/vapestornado.com\/wp-content\/uploads\/2024\/12\/Wholesale-Disposable-Vape-265x300.jpg 265w, https:\/\/vapestornado.com\/wp-content\/uploads\/2024\/12\/Wholesale-Disposable-Vape-768x871.jpg 768w, https:\/\/vapestornado.com\/wp-content\/uploads\/2024\/12\/Wholesale-Disposable-Vape-600x680.jpg 600w, https:\/\/vapestornado.com\/wp-content\/uploads\/2024\/12\/Wholesale-Disposable-Vape.jpg 823w\" sizes=\"(max-width: 265px) 100vw, 265px\" \/><figcaption id=\"caption-attachment-2951\" class=\"wp-caption-text\">Por favor, contacta con el WhatsApp de Mandy para precio con descuento:<a href=\"https:\/\/wa.me\/8618077105796\">+8618077105796<\/a><\/figcaption><\/figure>\n<p>&nbsp;<\/p>","protected":false},"featured_media":2987,"comment_status":"open","ping_status":"closed","template":"","meta":{"_acf_changed":false,"_uag_custom_page_level_css":"","_lmt_disableupdate":"no","_lmt_disable":"","_monsterinsights_skip_tracking":false,"_monsterinsights_sitenote_active":false,"_monsterinsights_sitenote_note":"","_monsterinsights_sitenote_category":0,"site-sidebar-layout":"default","site-content-layout":"","ast-site-content-layout":"default","site-content-style":"default","site-sidebar-style":"default","ast-global-header-display":"","ast-banner-title-visibility":"","ast-main-header-display":"","ast-hfb-above-header-display":"","ast-hfb-below-header-display":"","ast-hfb-mobile-header-display":"","site-post-title":"","ast-breadcrumbs-content":"","ast-featured-img":"","footer-sml-layout":"","ast-disable-related-posts":"","theme-transparent-header-meta":"default","adv-header-id-meta":"","stick-header-meta":"","header-above-stick-meta":"","header-main-stick-meta":"","header-below-stick-meta":"","astra-migrate-meta-layouts":"set","ast-page-background-enabled":"default","ast-page-background-meta":{"desktop":{"background-color":"","background-image":"","background-repeat":"repeat","background-position":"center center","background-size":"auto","background-attachment":"scroll","background-type":"","background-media":"","overlay-type":"","overlay-color":"","overlay-opacity":"","overlay-gradient":""},"tablet":{"background-color":"","background-image":"","background-repeat":"repeat","background-position":"center center","background-size":"auto","background-attachment":"scroll","background-type":"","background-media":"","overlay-type":"","overlay-color":"","overlay-opacity":"","overlay-gradient":""},"mobile":{"background-color":"","background-image":"","background-repeat":"repeat","background-position":"center center","background-size":"auto","background-attachment":"scroll","background-type":"","background-media":"","overlay-type":"","overlay-color":"","overlay-opacity":"","overlay-gradient":""}},"ast-content-background-meta":{"desktop":{"background-color":"var(--ast-global-color-5)","background-image":"","background-repeat":"repeat","background-position":"center center","background-size":"auto","background-attachment":"scroll","background-type":"","background-media":"","overlay-type":"","overlay-color":"","overlay-opacity":"","overlay-gradient":""},"tablet":{"background-color":"var(--ast-global-color-5)","background-image":"","background-repeat":"repeat","background-position":"center center","background-size":"auto","background-attachment":"scroll","background-type":"","background-media":"","overlay-type":"","overlay-color":"","overlay-opacity":"","overlay-gradient":""},"mobile":{"background-color":"var(--ast-global-color-5)","background-image":"","background-repeat":"repeat","background-position":"center center","background-size":"auto","background-attachment":"scroll","background-type":"","background-media":"","overlay-type":"","overlay-color":"","overlay-opacity":"","overlay-gradient":""}},"_joinchat":{"telephone":"+8618077105796"}},"product_brand":[],"product_cat":[68,153,156,58,148],"product_tag":[97,102],"class_list":{"0":"post-2993","1":"product","2":"type-product","3":"status-publish","4":"has-post-thumbnail","6":"product_cat-25000-puff","7":"product_cat-buy-disposable-vapes-in-italy","8":"product_cat-buy-disposable-vapes-in-poland","9":"product_cat-fumot-vape","10":"product_cat-tornado-disposable-vapes","11":"product_tag-hot-sale-disposable-vape","12":"product_tag-randm-tornado-25k","13":"desktop-align-left","14":"tablet-align-left","15":"mobile-align-left","17":"first","18":"instock","19":"sale","20":"shipping-taxable","21":"purchasable","22":"product-type-simple"},"acf":[],"uagb_featured_image_src":{"full":["https:\/\/vapestornado.com\/wp-content\/uploads\/2024\/12\/RandM-Fumot-25000-Dr-Blue-Disposable-Vape.jpg",800,800,false],"thumbnail":["https:\/\/vapestornado.com\/wp-content\/uploads\/2024\/12\/RandM-Fumot-25000-Dr-Blue-Disposable-Vape-150x150.jpg",150,150,true],"medium":["https:\/\/vapestornado.com\/wp-content\/uploads\/2024\/12\/RandM-Fumot-25000-Dr-Blue-Disposable-Vape-300x300.jpg",300,300,true],"medium_large":["https:\/\/vapestornado.com\/wp-content\/uploads\/2024\/12\/RandM-Fumot-25000-Dr-Blue-Disposable-Vape-768x768.jpg",768,768,true],"large":["https:\/\/vapestornado.com\/wp-content\/uploads\/2024\/12\/RandM-Fumot-25000-Dr-Blue-Disposable-Vape.jpg",800,800,false],"1536x1536":["https:\/\/vapestornado.com\/wp-content\/uploads\/2024\/12\/RandM-Fumot-25000-Dr-Blue-Disposable-Vape.jpg",800,800,false],"2048x2048":["https:\/\/vapestornado.com\/wp-content\/uploads\/2024\/12\/RandM-Fumot-25000-Dr-Blue-Disposable-Vape.jpg",800,800,false],"trp-custom-language-flag":["https:\/\/vapestornado.com\/wp-content\/uploads\/2024\/12\/RandM-Fumot-25000-Dr-Blue-Disposable-Vape.jpg",12,12,false],"woocommerce_thumbnail":["https:\/\/vapestornado.com\/wp-content\/uploads\/2024\/12\/RandM-Fumot-25000-Dr-Blue-Disposable-Vape-300x300.jpg",300,300,true],"woocommerce_single":["https:\/\/vapestornado.com\/wp-content\/uploads\/2024\/12\/RandM-Fumot-25000-Dr-Blue-Disposable-Vape-600x600.jpg",600,600,true],"woocommerce_gallery_thumbnail":["https:\/\/vapestornado.com\/wp-content\/uploads\/2024\/12\/RandM-Fumot-25000-Dr-Blue-Disposable-Vape-100x100.jpg",100,100,true]},"uagb_author_info":{"display_name":"ESMANDY","author_link":"https:\/\/vapestornado.com\/es\/author\/"},"uagb_comment_info":0,"uagb_excerpt":"The Randm Tornado 25000 Puffs Vape Pod offers dual nicotine options, smart touch controls, and 25K puffs. A reliable choice for wholesale bulk buy in Europe. [caption id=\"attachment_2951\" align=\"alignnone\" width=\"265\"] Pls Contact Mandy's WhatsApp For Discount Price+8618077105796[\/caption] &nbsp;","_links":{"self":[{"href":"https:\/\/vapestornado.com\/es\/wp-json\/wp\/v2\/product\/2993","targetHints":{"allow":["GET"]}}],"collection":[{"href":"https:\/\/vapestornado.com\/es\/wp-json\/wp\/v2\/product"}],"about":[{"href":"https:\/\/vapestornado.com\/es\/wp-json\/wp\/v2\/types\/product"}],"replies":[{"embeddable":true,"href":"https:\/\/vapestornado.com\/es\/wp-json\/wp\/v2\/comments?post=2993"}],"wp:featuredmedia":[{"embeddable":true,"href":"https:\/\/vapestornado.com\/es\/wp-json\/wp\/v2\/media\/2987"}],"wp:attachment":[{"href":"https:\/\/vapestornado.com\/es\/wp-json\/wp\/v2\/media?parent=2993"}],"wp:term":[{"taxonomy":"product_brand","embeddable":true,"href":"https:\/\/vapestornado.com\/es\/wp-json\/wp\/v2\/product_brand?post=2993"},{"taxonomy":"product_cat","embeddable":true,"href":"https:\/\/vapestornado.com\/es\/wp-json\/wp\/v2\/product_cat?post=2993"},{"taxonomy":"product_tag","embeddable":true,"href":"https:\/\/vapestornado.com\/es\/wp-json\/wp\/v2\/product_tag?post=2993"}],"curies":[{"name":"wp","href":"https:\/\/api.w.org\/{rel}","templated":true}]}}