{"id":2974,"date":"2024-12-05T03:54:55","date_gmt":"2024-12-05T03:54:55","guid":{"rendered":"https:\/\/vapestornado.com\/?post_type=product&#038;p=2974"},"modified":"2025-08-23T11:41:10","modified_gmt":"2025-08-23T11:41:10","slug":"vopk-ultra-40000-puffs-2-in-1-digital-screen-rechargeable-disposable-vape","status":"publish","type":"product","link":"https:\/\/vapestornado.com\/es\/product\/vopk-ultra-40000-puffs-2-in-1-digital-screen-rechargeable-disposable-vape\/","title":{"rendered":"VOPK ULTRA 40000 Puffs 2 en 1 Vape Desechable Recargable con Pantalla Digital"},"content":{"rendered":"<h1 class=\"product-title\">VOPK ULTRA 40000 Puffs 2 en 1 Vape Desechable Recargable con Pantalla Digital<\/h1>\n<p>Experimenta el siguiente nivel de vapeo con el <strong>VOPK ULTRA 40000<\/strong>, un dispositivo de vanguardia <strong>vaper desechable recargable<\/strong> dise\u00f1ado para ofrecer una comodidad, sabor y rendimiento inigualables. Con un extraordinario sistema de <strong>40000 inhalaciones<\/strong> y una <strong>doble sabor 2 en 1<\/strong> , este dispositivo permite a los usuarios cambiar entre dos sabores distintos sin interrupciones, redefiniendo el concepto de variedad de sabores.<\/p>\n<p>Equipado con una enorme <strong>capacidad de e-l\u00edquido de 36ml<\/strong> y disponible en <strong>concentraciones de nicotina de 2% o 5%<\/strong>, el <strong>VOPK 40K<\/strong> asegura que cada calada sea suave, satisfactoria y adaptada a tus preferencias. La innovadora <strong>pantalla LED<\/strong> lleva la comodidad al siguiente nivel, proporcionando informaci\u00f3n en tiempo real sobre la duraci\u00f3n de la bater\u00eda y los niveles de e-l\u00edquido restantes para que puedas vapear sin preocupaciones.<\/p>\n<p>El <strong>bater\u00eda recargable Tipo-C<\/strong> ofrece una carga r\u00e1pida y fiable, mientras que su dise\u00f1o compacto y port\u00e1til hace que el <strong>VOPK ULTRA 40000<\/strong> perfecto para vapear en movimiento. Elige entre 10 sabores tentadores para disfrutar de una experiencia verdaderamente personalizable, todo mientras disfrutas de los beneficios de un <strong>vape desechable bajo en nicotina<\/strong>.<\/p>\n<p>Ya seas minorista o busques compras al por mayor, el <strong>VOPK ULTRA 40000<\/strong> se destaca en el <strong>vape al por mayor<\/strong> mercado como la combinaci\u00f3n perfecta de durabilidad, innovaci\u00f3n y asequibilidad. Eleva tu experiencia de vapeo con un dispositivo dise\u00f1ado para durar y ofrecer el doble de sabor, todo mientras te mantiene informado con su smart <strong>pantalla digital<\/strong>.<\/p>\n<p>C\u00e1mbiate al <strong>VOPK ULTRA 40000 Caladas<\/strong> \u00a1y disfruta de lo mejor del vapeo moderno con estilo y comodidad!<\/p>\n<p>&nbsp;<\/p>\n<p><strong>\u00a1A\u00f1ade el whatsapp de Amy para obtener una respuesta inmediata y cup\u00f3n para vaper!<\/strong><\/p>\n<p><img fetchpriority=\"high\" decoding=\"async\" class=\"size-full wp-image-2932\" src=\"https:\/\/vapestornado.com\/wp-content\/uploads\/2024\/12\/Vape-Wholesale.jpg\" alt=\"Vape al por mayor\" width=\"229\" height=\"300\" \/><\/p>\n<h3><a href=\"https:\/\/wa.me\/8617776015835\" target=\"_blank\" rel=\"noopener\"><span style=\"color: #ff0000;\"><strong>WhatsApp: +86 17776015835<\/strong><\/span><\/a><\/h3>\n<p>&nbsp;<\/p>\n<h2><strong>Caracter\u00edsticas del producto VOPK ULTRA 40000 Puffs<\/strong><\/h2>\n<p>Caladas: 40000 Caladas<br \/>\nCapacidad de E-L\u00edquido\uff1a36 mL<br \/>\nNicotina: 2%\/5%<br \/>\nRecargable Tipo-C para una carga r\u00e1pida<br \/>\nLa pantalla LED inteligente muestra la vida \u00fatil de la bater\u00eda y los niveles de l\u00edquido<br \/>\nExperiencia de Doble Sabor<br \/>\n10 sabores para elegir<\/p>\n<h2 class=\"product-title\"><strong>Lista de sabores VOPK ULTRA 40000<\/strong><\/h2>\n<p>1.Fresa Sand\u00eda\/ Kiwi Fruta de la Pasi\u00f3n Guayaba<br \/>\n2.Ar\u00e1ndano Frambuesa \/Melocot\u00f3n Mango Sand\u00eda<br \/>\n3.Oso de Gominola de Frambuesa Azul\/Fresa Kiwi<br \/>\n4.Cereza de Frambuesa Azul\/Fresa Frambuesa<br \/>\n5.Lim\u00f3n Gaseoso<br \/>\n6.Hielo de Sand\u00eda \/Hielo de Frambuesa Azul<br \/>\n7.Pi\u00f1a de Frambuesa Azul \/Mango Triple<br \/>\n8.Explosi\u00f3n de Baya de Uva \/Pera Manzana Frambuesa<br \/>\n9.Fresa Ar\u00e1ndano Cereza\/Pi\u00f1a Maracuy\u00e1 Lima<br \/>\n10.Ar\u00e1ndano Fresa Mentol\/Ar\u00e1ndano Frambuesa Mentol<\/p>\n<p>&nbsp;<\/p>\n<h2>\u00bfPor qu\u00e9 elegir vapestornado para la venta al por mayor de vapers VOPK 40k?<\/h2>\n<div class=\"flex-shrink-0 flex flex-col relative items-end\">\n<div class=\"pt-0\">\n<div class=\"gizmo-bot-avatar flex h-8 w-8 items-center justify-center overflow-hidden rounded-full\">\n<div class=\"relative p-1 rounded-sm flex items-center justify-center bg-token-main-surface-primary text-token-text-primary h-8 w-8\">\n<p>Bienvenido a vapestornado, tu tienda de vapeo en l\u00ednea de confianza para vapes desechables premium. Con m\u00e1s de 5 a\u00f1os de experiencia, te traemos marcas populares de vapeo desechable como Fumot RandM Vape, Vapme, Bang Vape, Waspe Vape y WGA Vape, etc.<\/p>\n<p>Nuestra gama incluye vapers de gran venta como el <a href=\"https:\/\/vapestornado.com\/es\/product\/fumot-randm-tornado-15000-puffs-rechargeable-disposable-vape-wholesale\/\">Tornado RandM 15000<\/a>y opciones ricas en sabor como el <a href=\"https:\/\/vapestornado.com\/es\/product\/waspe-40000-puffs-double-flavour-led-display-disposable-vape-wholesale\/\">WASPE Sabor Doble 40000 Caladas<\/a> . Cada producto se elige centr\u00e1ndose en la calidad, el valor y la variedad, asegurando que encuentres la combinaci\u00f3n perfecta para tus necesidades. Descubre un servicio excepcional y una amplia gama de productos de primera calidad en vapestornado.<\/p>\n<\/div>\n<h3><\/h3>\n<div class=\"relative p-1 rounded-sm flex items-center justify-center bg-token-main-surface-primary text-token-text-primary h-8 w-8\">\n<h2>Preguntas frecuentes sobre el vaper desechable recargable VOPK 40k<\/h2>\n<\/div>\n<\/div>\n<\/div>\n<\/div>\n<div class=\"group\/conversation-turn relative flex w-full min-w-0 flex-col agent-turn\">\n<div class=\"flex-col gap-1 md:gap-3\">\n<div class=\"flex max-w-full flex-col flex-grow\">\n<div class=\"min-h-8 text-message flex w-full flex-col items-end gap-2 whitespace-normal break-words [.text-message+&amp;]:mt-5\" dir=\"auto\" data-message-author-role=\"assistant\" data-message-id=\"db716a1c-9ed0-4b8d-b3b0-7bdb913c3d42\" data-message-model-slug=\"gpt-4o\">\n<div class=\"flex w-full flex-col gap-1 empty:hidden first:pt-[3px]\">\n<div class=\"markdown prose w-full break-words dark:prose-invert light\">\n<p>&nbsp;<\/p>\n<p><strong>1. D\u00f3nde comprar el vaper desechable VOPK de 40000 caladas al por mayor en Espa\u00f1a<\/strong><br \/>\nPuedes adquirir el <strong>vaper desechable VOPK de 40000 caladas<\/strong> a precios al por mayor a trav\u00e9s de plataformas en l\u00ednea <strong>vape al por mayor<\/strong> que abastecen a Espa\u00f1a.<\/p>\n<p><strong>2. \u00bfCu\u00e1ntas caladas proporciona el VOPK Ultra 40k Puffs?<\/strong><br \/>\nEl <strong>Vaper desechable VOPK Ultra 40k Puffs<\/strong> proporciona hasta <strong>40,000 caladas<\/strong>, lo que lo convierte en uno de los dispositivos de mayor duraci\u00f3n disponibles.<\/p>\n<p><strong>3. \u00bfCu\u00e1nto dura la popular caja de vapeo desechable VOPK 40000 Ultra?<\/strong><br \/>\nLa duraci\u00f3n del <strong>VOPK Ultra 40000<\/strong> depende de los h\u00e1bitos de uso, pero con su masiva <strong>capacidad de e-l\u00edquido de 36ml<\/strong> y bater\u00eda recargable, est\u00e1 dise\u00f1ado para durar significativamente m\u00e1s que la mayor\u00eda de los vapes desechables.<\/p>\n<p><strong>4. \u00bfCu\u00e1les son los sabores populares de la caja digital VOPK 40000 Puffs?<\/strong><br \/>\nEl <strong>VOPK 40k Caladas<\/strong> ofrece 10 sabores emocionantes, con su sistema <strong>doble sabor<\/strong> que permite a los usuarios disfrutar de dos sabores en un solo dispositivo. Los sabores populares var\u00edan seg\u00fan las preferencias, pero las combinaciones afrutadas y de mentol son particularmenteEspecialmente favorables.<\/p>\n<p><strong>5. \u00bfCu\u00e1nto se tarda en cargar los Vapes desechables VOPK 40k Puffs Spaceman?<\/strong><br \/>\nEl <strong>VOPK Ultra 40k Caladas<\/strong> utiliza un <strong>bater\u00eda recargable Tipo-C<\/strong>, que suele tardar alrededor de <strong>1-2 horas<\/strong> en cargarse completamente, dependiendo de la fuente de alimentaci\u00f3n.<\/p>\n<p><strong>6. \u00bfCu\u00e1nta nicotina hay en una caja de pantalla digital VOPK 40k Vapes desechables?<\/strong><br \/>\nEl <strong>VOPK Ultra 40000<\/strong> est\u00e1 disponible en <strong>2% (20mg)<\/strong> or <strong>5% (50mg)<\/strong> de concentraci\u00f3n de nicotina, atendiendo a las diferentes preferencias de nicotina.<\/p>\n<\/div>\n<\/div>\n<\/div>\n<\/div>\n<\/div>\n<\/div>","protected":false},"excerpt":{"rendered":"<p>VOPK 40000 Puffs 2 en 1 Vape Desechable Doble Sabor 40K al por Mayor<br \/>\nVOPK Doble Sabor 40000 Puffs Vape Desechable Recargable<br \/>\nVOPK 40000 Puffs Doble Sabor con Pantalla LED<\/p>\n<p><strong>\u00a1A\u00f1ade el WhatsApp de Amy para obtener una respuesta correcta y un cup\u00f3n de vape!<\/strong><\/p>\n<p><img fetchpriority=\"high\" decoding=\"async\" class=\"size-full wp-image-2932\" src=\"https:\/\/vapestornado.com\/wp-content\/uploads\/2024\/12\/Vape-Wholesale.jpg\" alt=\"Vape al por mayor\" width=\"229\" height=\"300\" \/><\/p>","protected":false},"featured_media":2973,"comment_status":"open","ping_status":"closed","template":"","meta":{"_acf_changed":false,"_uag_custom_page_level_css":"","_lmt_disableupdate":"no","_lmt_disable":"","_monsterinsights_skip_tracking":false,"_monsterinsights_sitenote_active":false,"_monsterinsights_sitenote_note":"","_monsterinsights_sitenote_category":0,"site-sidebar-layout":"default","site-content-layout":"","ast-site-content-layout":"default","site-content-style":"default","site-sidebar-style":"default","ast-global-header-display":"","ast-banner-title-visibility":"","ast-main-header-display":"","ast-hfb-above-header-display":"","ast-hfb-below-header-display":"","ast-hfb-mobile-header-display":"","site-post-title":"","ast-breadcrumbs-content":"","ast-featured-img":"","footer-sml-layout":"","ast-disable-related-posts":"","theme-transparent-header-meta":"default","adv-header-id-meta":"","stick-header-meta":"","header-above-stick-meta":"","header-main-stick-meta":"","header-below-stick-meta":"","astra-migrate-meta-layouts":"set","ast-page-background-enabled":"default","ast-page-background-meta":{"desktop":{"background-color":"","background-image":"","background-repeat":"repeat","background-position":"center center","background-size":"auto","background-attachment":"scroll","background-type":"","background-media":"","overlay-type":"","overlay-color":"","overlay-opacity":"","overlay-gradient":""},"tablet":{"background-color":"","background-image":"","background-repeat":"repeat","background-position":"center center","background-size":"auto","background-attachment":"scroll","background-type":"","background-media":"","overlay-type":"","overlay-color":"","overlay-opacity":"","overlay-gradient":""},"mobile":{"background-color":"","background-image":"","background-repeat":"repeat","background-position":"center center","background-size":"auto","background-attachment":"scroll","background-type":"","background-media":"","overlay-type":"","overlay-color":"","overlay-opacity":"","overlay-gradient":""}},"ast-content-background-meta":{"desktop":{"background-color":"var(--ast-global-color-5)","background-image":"","background-repeat":"repeat","background-position":"center center","background-size":"auto","background-attachment":"scroll","background-type":"","background-media":"","overlay-type":"","overlay-color":"","overlay-opacity":"","overlay-gradient":""},"tablet":{"background-color":"var(--ast-global-color-5)","background-image":"","background-repeat":"repeat","background-position":"center center","background-size":"auto","background-attachment":"scroll","background-type":"","background-media":"","overlay-type":"","overlay-color":"","overlay-opacity":"","overlay-gradient":""},"mobile":{"background-color":"var(--ast-global-color-5)","background-image":"","background-repeat":"repeat","background-position":"center center","background-size":"auto","background-attachment":"scroll","background-type":"","background-media":"","overlay-type":"","overlay-color":"","overlay-opacity":"","overlay-gradient":""}},"_joinchat":{"telephone":"+8617776015835"}},"product_brand":[],"product_cat":[65,140,153,157,158,142,144,290],"product_tag":[94,95,93,96,92],"class_list":{"0":"post-2974","1":"product","2":"type-product","3":"status-publish","4":"has-post-thumbnail","6":"product_cat-40000-puff","7":"product_cat-big-puffs-disposable-vapes","8":"product_cat-buy-disposable-vapes-in-italy","9":"product_cat-buy-disposable-vapes-in-portugal","10":"product_cat-buy-disposable-vapes-in-spain","11":"product_cat-digital-box-disposable-vapes","12":"product_cat-low-nicotine-disposable-vapes","13":"product_cat-vopk-vape","14":"product_tag-rechargeable-disposable-vape","15":"product_tag-spaceman-disposable-vape","16":"product_tag-vape-wholesale","17":"product_tag-vopk-40000","18":"product_tag-vopk-vape","19":"desktop-align-left","20":"tablet-align-left","21":"mobile-align-left","23":"first","24":"instock","25":"sale","26":"shipping-taxable","27":"purchasable","28":"product-type-simple"},"acf":[],"uagb_featured_image_src":{"full":["https:\/\/vapestornado.com\/wp-content\/uploads\/2024\/12\/VOPK-ULTRA-40000-Disposable-Vape.jpg",1126,1126,false],"thumbnail":["https:\/\/vapestornado.com\/wp-content\/uploads\/2024\/12\/VOPK-ULTRA-40000-Disposable-Vape-150x150.jpg",150,150,true],"medium":["https:\/\/vapestornado.com\/wp-content\/uploads\/2024\/12\/VOPK-ULTRA-40000-Disposable-Vape-300x300.jpg",300,300,true],"medium_large":["https:\/\/vapestornado.com\/wp-content\/uploads\/2024\/12\/VOPK-ULTRA-40000-Disposable-Vape-768x768.jpg",768,768,true],"large":["https:\/\/vapestornado.com\/wp-content\/uploads\/2024\/12\/VOPK-ULTRA-40000-Disposable-Vape-1024x1024.jpg",1024,1024,true],"1536x1536":["https:\/\/vapestornado.com\/wp-content\/uploads\/2024\/12\/VOPK-ULTRA-40000-Disposable-Vape.jpg",1126,1126,false],"2048x2048":["https:\/\/vapestornado.com\/wp-content\/uploads\/2024\/12\/VOPK-ULTRA-40000-Disposable-Vape.jpg",1126,1126,false],"trp-custom-language-flag":["https:\/\/vapestornado.com\/wp-content\/uploads\/2024\/12\/VOPK-ULTRA-40000-Disposable-Vape.jpg",12,12,false],"woocommerce_thumbnail":["https:\/\/vapestornado.com\/wp-content\/uploads\/2024\/12\/VOPK-ULTRA-40000-Disposable-Vape-300x300.jpg",300,300,true],"woocommerce_single":["https:\/\/vapestornado.com\/wp-content\/uploads\/2024\/12\/VOPK-ULTRA-40000-Disposable-Vape-600x600.jpg",600,600,true],"woocommerce_gallery_thumbnail":["https:\/\/vapestornado.com\/wp-content\/uploads\/2024\/12\/VOPK-ULTRA-40000-Disposable-Vape-100x100.jpg",100,100,true]},"uagb_author_info":{"display_name":"ESAMY","author_link":"https:\/\/vapestornado.com\/es\/author\/"},"uagb_comment_info":0,"uagb_excerpt":"VOPK 40000 Puffs 2 in 1 Disposable Vape Dual Taste 40K Wholesale VOPK Double Flavor 40000 Puffs Rechargeable Disposable Vape VOPK 40000 Puffs Double Flavor with LED Display Add Amy's whatsapp to get right reply and vape vape coupon!","_links":{"self":[{"href":"https:\/\/vapestornado.com\/es\/wp-json\/wp\/v2\/product\/2974","targetHints":{"allow":["GET"]}}],"collection":[{"href":"https:\/\/vapestornado.com\/es\/wp-json\/wp\/v2\/product"}],"about":[{"href":"https:\/\/vapestornado.com\/es\/wp-json\/wp\/v2\/types\/product"}],"replies":[{"embeddable":true,"href":"https:\/\/vapestornado.com\/es\/wp-json\/wp\/v2\/comments?post=2974"}],"wp:featuredmedia":[{"embeddable":true,"href":"https:\/\/vapestornado.com\/es\/wp-json\/wp\/v2\/media\/2973"}],"wp:attachment":[{"href":"https:\/\/vapestornado.com\/es\/wp-json\/wp\/v2\/media?parent=2974"}],"wp:term":[{"taxonomy":"product_brand","embeddable":true,"href":"https:\/\/vapestornado.com\/es\/wp-json\/wp\/v2\/product_brand?post=2974"},{"taxonomy":"product_cat","embeddable":true,"href":"https:\/\/vapestornado.com\/es\/wp-json\/wp\/v2\/product_cat?post=2974"},{"taxonomy":"product_tag","embeddable":true,"href":"https:\/\/vapestornado.com\/es\/wp-json\/wp\/v2\/product_tag?post=2974"}],"curies":[{"name":"wp","href":"https:\/\/api.w.org\/{rel}","templated":true}]}}