{"id":2958,"date":"2024-12-05T08:16:37","date_gmt":"2024-12-05T08:16:37","guid":{"rendered":"https:\/\/vapestornado.com\/?post_type=product&#038;p=2958"},"modified":"2025-08-23T10:27:04","modified_gmt":"2025-08-23T10:27:04","slug":"randm-vape-tornado-15k-puffs-disposable-vapes-wholesale-price-2-5-nicotine","status":"publish","type":"product","link":"https:\/\/vapestornado.com\/es\/product\/randm-vape-tornado-15k-puffs-disposable-vapes-wholesale-price-2-5-nicotine\/","title":{"rendered":"Randm Vape Tornado 15k Puffs Vapes Desechables Precio al por mayor 2% 5% Nicotina"},"content":{"rendered":"<h1>Randm Vape Tornado 15k Puffs Vapers desechables Precio al por mayor 2% 5% Nicotina<\/h1>\n<p>&nbsp;<\/p>\n<p data-start=\"206\" data-end=\"513\">El <strong data-start=\"210\" data-end=\"247\">Vape Desechable RandM Tornado 15K<\/strong> est\u00e1 construido para proporcionar a los minoristas y distribuidores una opci\u00f3n confiable de alto volumen para sus estantes. Cada unidad viene precargada con <strong data-start=\"383\" data-end=\"403\">25 ml de e-l\u00edquido<\/strong> y est\u00e1 alimentado por un <strong data-start=\"425\" data-end=\"456\">bater\u00eda recargable de 850mAh<\/strong>, ofreciendo hasta <strong data-start=\"473\" data-end=\"489\">15.000 caladas<\/strong> sin interrupci\u00f3n.<\/p>\n<p data-start=\"515\" data-end=\"845\">Dise\u00f1ado con un <strong data-start=\"533\" data-end=\"553\">sistema de resistencia de malla<\/strong>, el dispositivo ofrece una producci\u00f3n de vapor estable y un sabor con cuerpo. Los usuarios pueden controlar f\u00e1cilmente el rendimiento a trav\u00e9s de los <strong data-start=\"672\" data-end=\"691\">indicadores duales<\/strong> tanto para la bater\u00eda como para los niveles de l\u00edquido. Su <strong data-start=\"732\" data-end=\"767\">mecanismo de disparo activado por extracci\u00f3n<\/strong> garantiza un uso sencillo y sin botones, lo que lo hace adecuado para los clientes cotidianos.<\/p>\n<p data-start=\"847\" data-end=\"1119\">El <strong data-start=\"851\" data-end=\"875\">carga r\u00e1pida Tipo-C<\/strong> El puerto reduce el tiempo de inactividad entre sesiones, y el ligero <strong data-start=\"936\" data-end=\"950\">marco de 103 g<\/strong> hace que sea f\u00e1cil de llevar. Con <strong data-start=\"990\" data-end=\"1022\">concentraciones de nicotina 2% y 5%<\/strong>, el <strong data-start=\"1028\" data-end=\"1041\">RandM 15K<\/strong> se adapta tanto a los usuarios m\u00e1s ligeros como a aquellos que prefieren un golpe de garganta m\u00e1s fuerte.<\/p>\n<p data-start=\"1121\" data-end=\"1311\">Dise\u00f1ado pensando en la venta al por mayor, el <strong data-start=\"1158\" data-end=\"1193\">Vape RandM Tornado de 15 000 Inhalaciones<\/strong> equilibra la capacidad, la facilidad de uso y los precios competitivos al por mayor, lo que la convierte en una adici\u00f3n inteligente a los inventarios de vapeo europeos.<\/p>\n<p><img fetchpriority=\"high\" decoding=\"async\" class=\"size-medium wp-image-2951\" src=\"https:\/\/vapestornado.com\/wp-content\/uploads\/2024\/12\/Wholesale-Disposable-Vape-265x300.jpg\" alt=\"Vape Desechable al por mayor\" width=\"265\" height=\"300\" srcset=\"https:\/\/vapestornado.com\/wp-content\/uploads\/2024\/12\/Wholesale-Disposable-Vape-265x300.jpg 265w, https:\/\/vapestornado.com\/wp-content\/uploads\/2024\/12\/Wholesale-Disposable-Vape-768x871.jpg 768w, https:\/\/vapestornado.com\/wp-content\/uploads\/2024\/12\/Wholesale-Disposable-Vape-600x680.jpg 600w, https:\/\/vapestornado.com\/wp-content\/uploads\/2024\/12\/Wholesale-Disposable-Vape.jpg 823w\" sizes=\"(max-width: 265px) 100vw, 265px\" \/><\/p>\n<h6>Por favor, contacta con el WhatsApp de Mandy para precio con descuento:<a href=\"https:\/\/wa.me\/8618077105796\" target=\"_blank\" rel=\"noopener\">+8618077105796<\/a><\/h6>\n<p>&nbsp;<\/p>\n<h2><strong>RandM Tornado Vape 15000 Puffs \u2013 Caracter\u00edsticas destacadas del producto<\/strong><\/h2>\n<ul>\n<li><strong>Uso Prolongado<\/strong>: Ofrece la impresionante cantidad de 15.000 caladas, lo que garantiza un rendimiento duradero para usuarios frecuentes.<\/li>\n<li><strong>Indicadores inteligentes<\/strong>: Equipado con indicadores de nivel de bater\u00eda y de e-l\u00edquido, que proporcionan actualizaciones en tiempo real para evitar interrupciones inesperadas.<\/li>\n<li><strong>Funcionamiento sin esfuerzo<\/strong>: Se activa con una simple calada, lo que elimina la necesidad de botones y ofrece una experiencia de vapeo sin complicaciones.<\/li>\n<li><strong>Recargable<\/strong>: Alimentado por una bater\u00eda recargable de 850 mAh con un puerto de carga tipo C para una recarga r\u00e1pida y eficiente.<\/li>\n<li><strong>Sistema de bobina superior<\/strong>: Cuenta con la avanzada tecnolog\u00eda de bobina de malla para obtener sabores ricos y consistentes y espesas nubes de vapor.<\/li>\n<li><strong>Ideal para venta al por mayor<\/strong>: El embalaje a granel de 200 unidades por caja se adapta a mayoristas y distribuidores minoristas.<\/li>\n<li><strong>Dise\u00f1o port\u00e1til<\/strong>: Con un peso de solo 103 g, este dise\u00f1o ligero es perfecto para estilos de vida en movimiento.<\/li>\n<\/ul>\n<p>&nbsp;<\/p>\n<h2><strong>RandM Tornado 15000 Puffs Descripciones Detalladas de Sabores<\/strong><\/h2>\n<p>1.Limonada de Frambuesa Azul<br \/>\n2.Melocot\u00f3n Helado<br \/>\n3.Manzana \u00c1cida<br \/>\n4. Hielo de sand\u00eda<br \/>\n5.Ar\u00e1ndano Helado<br \/>\n6.Ar\u00e1ndano Frambuesa<br \/>\n7.Pi\u00f1a Helada<br \/>\n8.Cereza<br \/>\n9. Hielo de Fresa<br \/>\n10.Vimto<br \/>\n11.Uva Helada<br \/>\n12.Cola Helada<br \/>\n13.Fresa Sand\u00eda<br \/>\n14.Limonada Rosa<br \/>\n15.Bayas Mixtas<br \/>\n16.Melocot\u00f3n Mango<br \/>\n17.Fruta del Drag\u00f3n<br \/>\n18.Fresa Uva<br \/>\n19.Se\u00f1or Azul<br \/>\n20.Ice Lujoso<br \/>\n21.Polo Helado<br \/>\n22.Fresa Kiwi<br \/>\n23.Kiwi Maracuy\u00e1 Guayaba<br \/>\n24.Tres Bayas<br \/>\n25.Hielo de Pl\u00e1tano<br \/>\n26.Caramelo de Melocot\u00f3n y Ar\u00e1ndano<br \/>\n27.Manzana Melocot\u00f3n Pera<br \/>\n28.Limonada de Bayas<br \/>\n29.Cereza Frambuesa Azul<br \/>\n30.Chicle de Ar\u00e1ndano<br \/>\n31.Ar\u00e1ndano Cereza Ar\u00e1ndano Rojo<br \/>\n32.Ar\u00e1ndano Granada<br \/>\n33.Frambuesa \u00c1cida Azul<br \/>\n34.Cola de Cereza<br \/>\n35.Oso de Gominola<br \/>\n36.Lim\u00f3n<br \/>\n37.Mango Helado<br \/>\n38.Bebida Energ\u00e9tica Roja Helada<br \/>\n39.Fresa Pl\u00e1tano<br \/>\n40.Fresa con bebida energ\u00e9tica<br \/>\n41.Limonada de Fresa y Sand\u00eda<br \/>\n42.T\u00e9 Helado con Lim\u00f3n Helado<br \/>\n43.T\u00e9 Helado con Melocot\u00f3n Helado<br \/>\n44.Cereza efervescente<br \/>\n45.Skittles<\/p>\n<h3><strong>\u00bfPor Qu\u00e9 Elegir RandM Tornado 15000 Puffs?<\/strong><\/h3>\n<ul>\n<li><strong>Longevidad inigualable<\/strong><br \/>\nDisfruta de hasta 15.000 caladas por dispositivo, lo que garantiza un uso prolongado sin necesidad de reemplazos frecuentes, la opci\u00f3n perfecta para vapeadores habituales.<\/li>\n<li><strong>Tecnolog\u00eda avanzada<\/strong><br \/>\nCon su tecnolog\u00eda de bobina de malla, el RandM Tornado ofrece perfiles de sabor superiores y densas nubes de vapor, mejorando tu experiencia de vapeo.<\/li>\n<li><strong>La comodidad redefinida<\/strong><br \/>\nGracias a su sistema de activaci\u00f3n por inhalaci\u00f3n, vapear es tan sencillo como inhalar: sin botones, sin complicaciones, solo un disfrute sin esfuerzo.<\/li>\n<li><strong>Bater\u00eda recargable<\/strong><br \/>\nLa bater\u00eda recargable de 850 mAh, junto con un puerto de carga tipo C, proporciona recargas r\u00e1pidas, manteni\u00e9ndote siempre listo para vapear.<\/li>\n<li><strong>Monitorizaci\u00f3n en tiempo real<\/strong><br \/>\nEquipado con indicadores de bater\u00eda y e-l\u00edquido, puedes estar al tanto del estado de tu dispositivo, evitando interrupciones inesperadas.<\/li>\n<\/ul>\n<h3><strong>Comprar RandM Tornado 15000 Puffs al por mayor<\/strong><\/h3>\n<p><strong>Excelencia asequible<\/strong><br \/>\nAdquirir el RandM Tornado 15000 Puffs al por mayor es una forma rentable de disfrutar de un vapeo de primera calidad a un precio por unidad m\u00e1s bajo. Esta opci\u00f3n es ideal para minoristas y compradores individuales que buscan el m\u00e1ximo valor sin comprometer la calidad.<\/p>\n<p><strong>Disponibilidad constante<\/strong><br \/>\nAseg\u00farese de no quedarse nunca sin su vaper desechable favorito con las compras al por mayor. Ya sea usted un minorista o un vaper asiduo, tener un suministro constante de estos dispositivos de larga duraci\u00f3n garantiza una satisfacci\u00f3n ininterrumpida.<\/p>\n<p><strong>Perfecto para negocios<\/strong><br \/>\nLos minoristas y propietarios de tiendas de vapeo pueden beneficiarse enormemente al almacenar el RandM Tornado 15000. Su reputaci\u00f3n de alto rendimiento, su funcionalidad recargable y su impresionante n\u00famero de caladas lo convierten en un producto de gran \u00e9xito de ventas, que atrae a una amplia base de clientes.<\/p>\n<p><strong>Selecci\u00f3n de sabores personalizable<\/strong><br \/>\nCon una amplia gama de sabores, desde dulces y afrutados hasta cl\u00e1sicos y de mentol, los pedidos al por mayor se pueden adaptar para incluir diversas opciones que se adapten a varias preferencias. Esta flexibilidad garantiza que cada cliente encuentre su experiencia de vapeo ideal.<\/p>\n<h3><\/h3>\n<h3><strong>\u00bfPor qu\u00e9 elegir las compras al por mayor de vapestornado Randm Vape 15k puff?<\/strong><\/h3>\n<ul>\n<li><strong>Ventajas al por mayor<\/strong>: Los pedidos grandes tienen precios con descuento, lo que lo convierte en una opci\u00f3n inteligente para las empresas.<\/li>\n<li><strong>Dise\u00f1o ecol\u00f3gico<\/strong>: La tecnolog\u00eda recargable reduce los residuos en comparaci\u00f3n con los dispositivos de un solo uso.<\/li>\n<li><strong>M\u00e1rgenes de beneficio mejorados<\/strong>: Los minoristas pueden sacar partido de la popularidad de este producto de alta demanda.<\/li>\n<\/ul>\n<h3><strong>Explore el mundo de RandM Vape<\/strong><\/h3>\n<p>Sum\u00e9rjase en una amplia selecci\u00f3n de emocionantes sabores como <strong>Hielo de Ar\u00e1ndanos<\/strong>, <strong>Mango Melocot\u00f3n<\/strong>, <strong>Menta Fresca<\/strong>, y m\u00e1s. Cada sabor est\u00e1 dise\u00f1ado para ofrecer un gusto \u00fanico y consistente, asegurando que cada calada sea tan deliciosa como la primera. Descubra lo \u00faltimo en satisfacci\u00f3n de vapeo con el RandM Tornado 15000 Puffs. Las opciones al por mayor ya est\u00e1n disponibles en <a href=\"https:\/\/vapestornado.com\/es\/\"><strong>vapestornado<\/strong><\/a>, su fuente de confianza para vapers desechables de primera calidad. \u00a1Compre hoy mismo y lleve su viaje de vapeo al siguiente nivel!<\/p>","protected":false},"excerpt":{"rendered":"<p>El <strong data-start=\"1355\" data-end=\"1381\">Vape RandM Tornado 15K<\/strong> ofrece 25 ml de capacidad, 15 000 inhalaciones e indicadores duales. Una opci\u00f3n recargable y ligera dise\u00f1ada para <strong data-start=\"1487\" data-end=\"1523\">mercados de vapeo al por mayor en Europa<\/strong>.<\/p>\n<figure id=\"attachment_2951\" aria-describedby=\"caption-attachment-2951\" style=\"width: 265px\" class=\"wp-caption alignnone\"><img fetchpriority=\"high\" decoding=\"async\" class=\"size-medium wp-image-2951\" src=\"https:\/\/vapestornado.com\/wp-content\/uploads\/2024\/12\/Wholesale-Disposable-Vape-265x300.jpg\" alt=\"Vape Desechable al por mayor\" width=\"265\" height=\"300\" srcset=\"https:\/\/vapestornado.com\/wp-content\/uploads\/2024\/12\/Wholesale-Disposable-Vape-265x300.jpg 265w, https:\/\/vapestornado.com\/wp-content\/uploads\/2024\/12\/Wholesale-Disposable-Vape-768x871.jpg 768w, https:\/\/vapestornado.com\/wp-content\/uploads\/2024\/12\/Wholesale-Disposable-Vape-600x680.jpg 600w, https:\/\/vapestornado.com\/wp-content\/uploads\/2024\/12\/Wholesale-Disposable-Vape.jpg 823w\" sizes=\"(max-width: 265px) 100vw, 265px\" \/><figcaption id=\"caption-attachment-2951\" class=\"wp-caption-text\">Por favor, contacta con el WhatsApp de Mandy para precio con descuento:<a href=\"https:\/\/wa.me\/8618077105796\">+8618077105796<\/a><\/figcaption><\/figure>\n<p>&nbsp;<\/p>","protected":false},"featured_media":2933,"comment_status":"open","ping_status":"closed","template":"","meta":{"_acf_changed":false,"_uag_custom_page_level_css":"","_lmt_disableupdate":"no","_lmt_disable":"","_monsterinsights_skip_tracking":false,"_monsterinsights_sitenote_active":false,"_monsterinsights_sitenote_note":"","_monsterinsights_sitenote_category":0,"site-sidebar-layout":"default","site-content-layout":"","ast-site-content-layout":"default","site-content-style":"default","site-sidebar-style":"default","ast-global-header-display":"","ast-banner-title-visibility":"","ast-main-header-display":"","ast-hfb-above-header-display":"","ast-hfb-below-header-display":"","ast-hfb-mobile-header-display":"","site-post-title":"","ast-breadcrumbs-content":"","ast-featured-img":"","footer-sml-layout":"","ast-disable-related-posts":"","theme-transparent-header-meta":"default","adv-header-id-meta":"","stick-header-meta":"","header-above-stick-meta":"","header-main-stick-meta":"","header-below-stick-meta":"","astra-migrate-meta-layouts":"set","ast-page-background-enabled":"default","ast-page-background-meta":{"desktop":{"background-color":"","background-image":"","background-repeat":"repeat","background-position":"center center","background-size":"auto","background-attachment":"scroll","background-type":"","background-media":"","overlay-type":"","overlay-color":"","overlay-opacity":"","overlay-gradient":""},"tablet":{"background-color":"","background-image":"","background-repeat":"repeat","background-position":"center center","background-size":"auto","background-attachment":"scroll","background-type":"","background-media":"","overlay-type":"","overlay-color":"","overlay-opacity":"","overlay-gradient":""},"mobile":{"background-color":"","background-image":"","background-repeat":"repeat","background-position":"center center","background-size":"auto","background-attachment":"scroll","background-type":"","background-media":"","overlay-type":"","overlay-color":"","overlay-opacity":"","overlay-gradient":""}},"ast-content-background-meta":{"desktop":{"background-color":"var(--ast-global-color-5)","background-image":"","background-repeat":"repeat","background-position":"center center","background-size":"auto","background-attachment":"scroll","background-type":"","background-media":"","overlay-type":"","overlay-color":"","overlay-opacity":"","overlay-gradient":""},"tablet":{"background-color":"var(--ast-global-color-5)","background-image":"","background-repeat":"repeat","background-position":"center center","background-size":"auto","background-attachment":"scroll","background-type":"","background-media":"","overlay-type":"","overlay-color":"","overlay-opacity":"","overlay-gradient":""},"mobile":{"background-color":"var(--ast-global-color-5)","background-image":"","background-repeat":"repeat","background-position":"center center","background-size":"auto","background-attachment":"scroll","background-type":"","background-media":"","overlay-type":"","overlay-color":"","overlay-opacity":"","overlay-gradient":""}},"_joinchat":{"telephone":"+8618077105796"}},"product_brand":[],"product_cat":[71,154,157,58,148],"product_tag":[97,80],"class_list":{"0":"post-2958","1":"product","2":"type-product","3":"status-publish","4":"has-post-thumbnail","6":"product_cat-15000-puff","7":"product_cat-buy-disposable-vapes-in-netherlands","8":"product_cat-buy-disposable-vapes-in-portugal","9":"product_cat-fumot-vape","10":"product_cat-tornado-disposable-vapes","11":"product_tag-hot-sale-disposable-vape","12":"product_tag-randm-15k","13":"desktop-align-left","14":"tablet-align-left","15":"mobile-align-left","17":"first","18":"instock","19":"sale","20":"shipping-taxable","21":"purchasable","22":"product-type-simple"},"acf":[],"uagb_featured_image_src":{"full":["https:\/\/vapestornado.com\/wp-content\/uploads\/2024\/12\/Discount-Price-Randm-Vape-Tornado-15000-Puffs-Apple-Peach-Pear.jpg",800,800,false],"thumbnail":["https:\/\/vapestornado.com\/wp-content\/uploads\/2024\/12\/Discount-Price-Randm-Vape-Tornado-15000-Puffs-Apple-Peach-Pear-150x150.jpg",150,150,true],"medium":["https:\/\/vapestornado.com\/wp-content\/uploads\/2024\/12\/Discount-Price-Randm-Vape-Tornado-15000-Puffs-Apple-Peach-Pear-300x300.jpg",300,300,true],"medium_large":["https:\/\/vapestornado.com\/wp-content\/uploads\/2024\/12\/Discount-Price-Randm-Vape-Tornado-15000-Puffs-Apple-Peach-Pear-768x768.jpg",768,768,true],"large":["https:\/\/vapestornado.com\/wp-content\/uploads\/2024\/12\/Discount-Price-Randm-Vape-Tornado-15000-Puffs-Apple-Peach-Pear.jpg",800,800,false],"1536x1536":["https:\/\/vapestornado.com\/wp-content\/uploads\/2024\/12\/Discount-Price-Randm-Vape-Tornado-15000-Puffs-Apple-Peach-Pear.jpg",800,800,false],"2048x2048":["https:\/\/vapestornado.com\/wp-content\/uploads\/2024\/12\/Discount-Price-Randm-Vape-Tornado-15000-Puffs-Apple-Peach-Pear.jpg",800,800,false],"trp-custom-language-flag":["https:\/\/vapestornado.com\/wp-content\/uploads\/2024\/12\/Discount-Price-Randm-Vape-Tornado-15000-Puffs-Apple-Peach-Pear.jpg",12,12,false],"woocommerce_thumbnail":["https:\/\/vapestornado.com\/wp-content\/uploads\/2024\/12\/Discount-Price-Randm-Vape-Tornado-15000-Puffs-Apple-Peach-Pear-300x300.jpg",300,300,true],"woocommerce_single":["https:\/\/vapestornado.com\/wp-content\/uploads\/2024\/12\/Discount-Price-Randm-Vape-Tornado-15000-Puffs-Apple-Peach-Pear-600x600.jpg",600,600,true],"woocommerce_gallery_thumbnail":["https:\/\/vapestornado.com\/wp-content\/uploads\/2024\/12\/Discount-Price-Randm-Vape-Tornado-15000-Puffs-Apple-Peach-Pear-100x100.jpg",100,100,true]},"uagb_author_info":{"display_name":"ESMANDY","author_link":"https:\/\/vapestornado.com\/es\/author\/"},"uagb_comment_info":0,"uagb_excerpt":"The RandM Tornado 15K Vape offers 25ml capacity, 15,000 puffs, and dual indicators. A lightweight, rechargeable option tailored for wholesale vape markets in Europe. [caption id=\"attachment_2951\" align=\"alignnone\" width=\"265\"] Pls Contact Mandy's WhatsApp For Discount Price+8618077105796[\/caption] &nbsp;","_links":{"self":[{"href":"https:\/\/vapestornado.com\/es\/wp-json\/wp\/v2\/product\/2958","targetHints":{"allow":["GET"]}}],"collection":[{"href":"https:\/\/vapestornado.com\/es\/wp-json\/wp\/v2\/product"}],"about":[{"href":"https:\/\/vapestornado.com\/es\/wp-json\/wp\/v2\/types\/product"}],"replies":[{"embeddable":true,"href":"https:\/\/vapestornado.com\/es\/wp-json\/wp\/v2\/comments?post=2958"}],"wp:featuredmedia":[{"embeddable":true,"href":"https:\/\/vapestornado.com\/es\/wp-json\/wp\/v2\/media\/2933"}],"wp:attachment":[{"href":"https:\/\/vapestornado.com\/es\/wp-json\/wp\/v2\/media?parent=2958"}],"wp:term":[{"taxonomy":"product_brand","embeddable":true,"href":"https:\/\/vapestornado.com\/es\/wp-json\/wp\/v2\/product_brand?post=2958"},{"taxonomy":"product_cat","embeddable":true,"href":"https:\/\/vapestornado.com\/es\/wp-json\/wp\/v2\/product_cat?post=2958"},{"taxonomy":"product_tag","embeddable":true,"href":"https:\/\/vapestornado.com\/es\/wp-json\/wp\/v2\/product_tag?post=2958"}],"curies":[{"name":"wp","href":"https:\/\/api.w.org\/{rel}","templated":true}]}}