{"id":2922,"date":"2024-12-02T03:41:29","date_gmt":"2024-12-02T03:41:29","guid":{"rendered":"https:\/\/vapestornado.com\/?post_type=product&#038;p=2922"},"modified":"2025-10-31T09:41:30","modified_gmt":"2025-10-31T09:41:30","slug":"fumot-randm-tornado-15000-puffs-rechargeable-disposable-vape-wholesale","status":"publish","type":"product","link":"https:\/\/vapestornado.com\/es\/product\/fumot-randm-tornado-15000-puffs-rechargeable-disposable-vape-wholesale\/","title":{"rendered":"Fumot RandM Tornado 15000 Puffs Venta al por mayor de Vaper Desechable Recargable"},"content":{"rendered":"<h1 class=\"product-title\">Fumot RandM Tornado 15000 Puffs Venta al por mayor de Vaper Desechable Recargable<\/h1>\n<p data-start=\"0\" data-end=\"528\">El <strong data-start=\"4\" data-end=\"55\">Fumot RandM Tornado 15000 Puffs Vaper Desechable<\/strong> es un potente <strong data-start=\"70\" data-end=\"82\">15K vape<\/strong> construido para rendimiento, fiabilidad y valor. Cada <strong data-start=\"135\" data-end=\"158\">Tornado RandM 15000<\/strong> unidad ofrece hasta <strong data-start=\"179\" data-end=\"195\">15.000 caladas<\/strong> con una capacidad de e-l\u00edquido de <strong data-start=\"211\" data-end=\"235\">tanque precargado de 22 ml<\/strong>, ofreciendo una longevidad excepcional para minoristas y mayoristas que buscan stock de alta demanda. Dise\u00f1ado con precisi\u00f3n, este <strong data-start=\"355\" data-end=\"375\">15K Tornado vape<\/strong> proporciona producci\u00f3n de vapor constante y entrega de sabor intenso, convirti\u00e9ndolo en uno de los modelos m\u00e1s populares <strong data-start=\"473\" data-end=\"495\">tornado vape 15000<\/strong> en el mercado europeo.<\/p>\n<p data-start=\"530\" data-end=\"866\">Equipado con una <strong data-start=\"547\" data-end=\"578\">bater\u00eda recargable de 850mAh<\/strong> y el <strong data-start=\"583\" data-end=\"607\">carga r\u00e1pida Tipo-C<\/strong>, el dispositivo minimiza el tiempo de inactividad mientras mantiene una salida estable en cada sesi\u00f3n. El <strong data-start=\"700\" data-end=\"720\">sistema de resistencia de malla<\/strong> mejora la intensidad del sabor y la suavidad del vapor, mientras que el <strong data-start=\"779\" data-end=\"797\">indicadores LED<\/strong> mantiene a los usuarios informados sobre el estado del e-l\u00edquido y la bater\u00eda de un vistazo.<\/p>\n<p data-start=\"868\" data-end=\"1247\" data-is-last-node=\"\" data-is-only-node=\"\">Disponible en <strong data-start=\"881\" data-end=\"910\">opciones de nicotina de 2% y 5%<\/strong> con m\u00e1s de <strong data-start=\"926\" data-end=\"940\">45 sabores<\/strong>, el <strong data-start=\"946\" data-end=\"966\">Fumot vape 15000<\/strong> sirve tanto a usuarios ocasionales como a vapeadores intensivos. Compacto, elegante y f\u00e1cil de llevar, es una adici\u00f3n perfecta a cualquier cat\u00e1logo mayorista. Para distribuidores en toda Espa\u00f1a, el <strong data-start=\"1132\" data-end=\"1166\">Vape RandM Tornado 15000 Puffs<\/strong> ofrece rendimiento de primera, diversidad de sabores y precios mayoristas inmejorables.<\/p>\n<p>&nbsp;<\/p>\n<p><strong>\u00a1A\u00f1ade a Amy en Whatsapp para obtener una respuesta r\u00e1pida y cupones de vapeo!<\/strong><\/p>\n<p><img fetchpriority=\"high\" decoding=\"async\" class=\"size-full wp-image-2932\" src=\"https:\/\/vapestornado.com\/wp-content\/uploads\/2024\/12\/Vape-Wholesale.jpg\" alt=\"Vape al por mayor\" width=\"229\" height=\"300\" \/><\/p>\n<h3><a href=\"https:\/\/wa.me\/8617776015835\" target=\"_blank\" rel=\"noopener\"><span style=\"color: #ff0000;\"><strong>WhatsApp: +86 17776015835<\/strong><\/span><\/a><\/h3>\n<p>&nbsp;<\/p>\n<h2><strong>Caracter\u00edsticas del producto RandM Tornado 15000<\/strong><\/h2>\n<p>Caladas: Hasta 15000 Caladas.<br \/>\nCapacidad de la bater\u00eda: Bater\u00eda recargable de 850mAh<br \/>\nCarga r\u00e1pida: USB Tipo C<br \/>\nIndicador LED de bater\u00eda y nivel de l\u00edquido.<br \/>\nResistencia de malla<br \/>\n45 Sabores Disponibles.<br \/>\nNicotina: 2% 5%<br \/>\nCompacto<\/p>\n<h2 class=\"product-title\"><strong>Lista de sabores de vape de RandM 15k<\/strong><\/h2>\n<p>1.Limonada de Frambuesa Azul<br \/>\n2.Melocot\u00f3n Helado<br \/>\n3.Manzana \u00c1cida<br \/>\n4. Hielo de sand\u00eda<br \/>\n5.Ar\u00e1ndano Helado<br \/>\n6.Ar\u00e1ndano Frambuesa<br \/>\n7.Pi\u00f1a Helada<br \/>\n8.Cereza<br \/>\n9. Hielo de Fresa<br \/>\n10.Vimto<br \/>\n11.Uva Helada<br \/>\n12.Cola Helada<br \/>\n13.Fresa Sand\u00eda<br \/>\n14.Limonada Rosa<br \/>\n15.Bayas Mixtas<br \/>\n16.Melocot\u00f3n Mango<br \/>\n17.Fruta del Drag\u00f3n<br \/>\n18.Fresa Uva<br \/>\n19.Se\u00f1or Azul<br \/>\n20.Ice Lujoso<br \/>\n21.Polo Helado<br \/>\n22.Fresa Kiwi<br \/>\n23.Kiwi Maracuy\u00e1 Guayaba<br \/>\n24.Tres Bayas<br \/>\n25.Hielo de Pl\u00e1tano<br \/>\n26.Caramelo de Melocot\u00f3n y Ar\u00e1ndano<br \/>\n27.Manzana Melocot\u00f3n Pera<br \/>\n28.Limonada de Bayas<br \/>\n29.Cereza Frambuesa Azul<br \/>\n30.Chicle de Ar\u00e1ndano<br \/>\n31.Ar\u00e1ndano Cereza Ar\u00e1ndano Rojo<br \/>\n32.Ar\u00e1ndano Granada<br \/>\n33.Frambuesa \u00c1cida Azul<br \/>\n34.Cola de Cereza<br \/>\n35.Oso de Gominola<br \/>\n36.Lim\u00f3n<br \/>\n37.Mango Helado<br \/>\n38.Bebida Energ\u00e9tica Roja Helada<br \/>\n39.Fresa Pl\u00e1tano<br \/>\n40.Fresa con bebida energ\u00e9tica<br \/>\n41.Limonada de Fresa y Sand\u00eda<br \/>\n42.T\u00e9 Helado con Lim\u00f3n Helado<br \/>\n43.T\u00e9 Helado con Melocot\u00f3n Helado<br \/>\n44.Cereza efervescente<br \/>\n45.Skittles<\/p>\n<h3>\u00bfPor qu\u00e9 elegir vapestornado para Fumot 15k Tornado Vape al por mayor?<\/h3>\n<div class=\"flex-shrink-0 flex flex-col relative items-end\">\n<div class=\"pt-0\">\n<div class=\"gizmo-bot-avatar flex h-8 w-8 items-center justify-center overflow-hidden rounded-full\">\n<div class=\"relative p-1 rounded-sm flex items-center justify-center bg-token-main-surface-primary text-token-text-primary h-8 w-8\">\n<p>Bienvenido a vapestornado, tu tienda de vapeo en l\u00ednea de confianza para vaporizadores desechables premium. Con m\u00e1s de 5 a\u00f1os de experiencia, te ofrecemos marcas populares de vaporizadores desechables como <a href=\"https:\/\/vapestornado.com\/es\/product\/jnr-ragegorilla-55000-puffs-55k-vape-disposables-42ml-2-nicotine-wholesale-price\/\">JNR Vape<\/a>, Vapme, Bang Vape, Waspe Vape, y <a href=\"https:\/\/vapestornado.com\/es\/product\/original-wga-ultra-35k-35000-puff-rechargeable-crystal-disposable-nicotine-vape-best-discount-price\/\">Vape WGA<\/a>, etc.<\/p>\n<p>Nuestra gama incluye vapes de gran venta como el RandM Tornado 15000 y opciones ricas en sabor como el WASPE Double Flavor 40000 Puffs. Cada producto se elige con un enfoque en la calidad, el valor y la variedad, asegurando que encuentres la combinaci\u00f3n perfecta para tus necesidades. Descubre un servicio excepcional y una amplia gama de productos de alta calidad en vapestornado.<\/p>\n<\/div>\n<h3><\/h3>\n<div class=\"relative p-1 rounded-sm flex items-center justify-center bg-token-main-surface-primary text-token-text-primary h-8 w-8\">\n<h3>Preguntas frecuentes sobre el vape desechable RandM 15k<\/h3>\n<\/div>\n<\/div>\n<\/div>\n<\/div>\n<div class=\"flex-shrink-0 flex flex-col relative items-end\">\n<div class=\"pt-0\">\n<div class=\"gizmo-bot-avatar flex h-8 w-8 items-center justify-center overflow-hidden rounded-full\">\n<div class=\"relative p-1 rounded-sm flex items-center justify-center bg-token-main-surface-primary text-token-text-primary h-8 w-8\"><\/div>\n<\/div>\n<\/div>\n<\/div>\n<div class=\"group\/conversation-turn relative flex w-full min-w-0 flex-col agent-turn\">\n<div class=\"flex-col gap-1 md:gap-3\">\n<div class=\"flex max-w-full flex-col flex-grow\">\n<div class=\"min-h-8 text-message flex w-full flex-col items-end gap-2 whitespace-normal break-words [.text-message+&amp;]:mt-5\" dir=\"auto\" data-message-author-role=\"assistant\" data-message-id=\"db716a1c-9ed0-4b8d-b3b0-7bdb913c3d42\" data-message-model-slug=\"gpt-4o\">\n<div class=\"flex w-full flex-col gap-1 empty:hidden first:pt-[3px]\">\n<div class=\"markdown prose w-full break-words dark:prose-invert light\">\n<p><strong>D\u00f3nde comprar el vape RandM Tornado 15000 a precio mayorista en Espa\u00f1a<\/strong><br \/>\nPara comprar el vape RandM Tornado 15000 a precios mayoristas en Espa\u00f1a, comun\u00edcate con distribuidores mayoristas de vape autorizados o proveedores en l\u00ednea especializados en productos RandM Vape. Aseg\u00farate de que cumplan con las regulaciones locales y ofrezcan productos aut\u00e9nticos.<\/p>\n<p><strong>\u00bfCu\u00e1ntas caladas proporciona el Fumot Vape 15k?<\/strong><br \/>\nEl Fumot Vape 15k ofrece hasta 15,000 caladas, brindando una longevidad excepcional para sesiones de vapeo prolongadas.<\/p>\n<p><strong>\u00bfCu\u00e1nto dura el popular vapeador desechable RandM 15000?<\/strong><br \/>\nLa duraci\u00f3n del RandM 15000 depende de los h\u00e1bitos del usuario. Para los vapeadores moderados, suele durar de dos a tres semanas, gracias a su alta capacidad de caladas y su dise\u00f1o recargable.<\/p>\n<p><strong>\u00bfCu\u00e1les son los sabores populares para la caja desechable Fumot 15k Puffs?<\/strong><br \/>\nEntre los sabores populares para el Fumot 15k se incluyen opciones afrutadas como Mango Ice, Fresa Sand\u00eda y Ar\u00e1ndano Frambuesa, as\u00ed como mezclas de mentol refrescantes y perfiles inspirados en postres.<\/p>\n<p><strong>\u00bfCu\u00e1nto tiempo tarda en cargarse un vaper recargable RandM 15k?<\/strong><br \/>\nCargar un vaper recargable RandM 15k tarda aproximadamente de 1 a 2 horas utilizando su puerto de carga r\u00e1pida USB Tipo-C, lo que garantiza una restauraci\u00f3n de energ\u00eda r\u00e1pida y eficiente.<\/p>\n<p><strong>\u00bfCu\u00e1nta nicotina hay en un vaper desechable RandM Tornado 15000 Puffs?<\/strong><br \/>\nEl RandM Tornado 15000 ofrece una experiencia de nicotina personalizable, con concentraciones que var\u00edan hasta 50mg dependiendo de la variante, adapt\u00e1ndose a las diversas preferencias del usuario.<\/p>\n<\/div>\n<\/div>\n<\/div>\n<\/div>\n<\/div>\n<\/div>","protected":false},"excerpt":{"rendered":"<p>Mejores sabores de RandM Tornado 15000 Puffs, precio m\u00e1s bajo<br \/>\nVapeador desechable al por mayor Fumot RandM 15000 Puffs<br \/>\nPrecio de compra al por mayor de vapeador desechable recargable RandM Tornado 15000<\/p>\n<p><strong>\u00a1A\u00f1ade el WhatsApp de Amy para obtener una respuesta correcta y un cup\u00f3n de vape!<\/strong><\/p>\n<p><img fetchpriority=\"high\" decoding=\"async\" class=\"size-full wp-image-2932\" src=\"https:\/\/vapestornado.com\/wp-content\/uploads\/2024\/12\/Vape-Wholesale.jpg\" alt=\"Vape al por mayor\" width=\"229\" height=\"300\" \/><\/p>\n<h3><a href=\"https:\/\/wa.me\/8617776015835\"><span style=\"color: #ff0000;\"><strong>WhatsApp: +86 17776015835<\/strong><\/span><\/a><\/h3>\n<p>&nbsp;<\/p>","protected":false},"featured_media":2929,"comment_status":"open","ping_status":"closed","template":"","meta":{"_acf_changed":false,"_uag_custom_page_level_css":"","_lmt_disableupdate":"no","_lmt_disable":"","_monsterinsights_skip_tracking":false,"_monsterinsights_sitenote_active":false,"_monsterinsights_sitenote_note":"","_monsterinsights_sitenote_category":0,"site-sidebar-layout":"default","site-content-layout":"","ast-site-content-layout":"default","site-content-style":"default","site-sidebar-style":"default","ast-global-header-display":"","ast-banner-title-visibility":"","ast-main-header-display":"","ast-hfb-above-header-display":"","ast-hfb-below-header-display":"","ast-hfb-mobile-header-display":"","site-post-title":"","ast-breadcrumbs-content":"","ast-featured-img":"","footer-sml-layout":"","ast-disable-related-posts":"","theme-transparent-header-meta":"default","adv-header-id-meta":"","stick-header-meta":"","header-above-stick-meta":"","header-main-stick-meta":"","header-below-stick-meta":"","astra-migrate-meta-layouts":"set","ast-page-background-enabled":"default","ast-page-background-meta":{"desktop":{"background-color":"","background-image":"","background-repeat":"repeat","background-position":"center center","background-size":"auto","background-attachment":"scroll","background-type":"","background-media":"","overlay-type":"","overlay-color":"","overlay-opacity":"","overlay-gradient":""},"tablet":{"background-color":"","background-image":"","background-repeat":"repeat","background-position":"center center","background-size":"auto","background-attachment":"scroll","background-type":"","background-media":"","overlay-type":"","overlay-color":"","overlay-opacity":"","overlay-gradient":""},"mobile":{"background-color":"","background-image":"","background-repeat":"repeat","background-position":"center center","background-size":"auto","background-attachment":"scroll","background-type":"","background-media":"","overlay-type":"","overlay-color":"","overlay-opacity":"","overlay-gradient":""}},"ast-content-background-meta":{"desktop":{"background-color":"var(--ast-global-color-5)","background-image":"","background-repeat":"repeat","background-position":"center center","background-size":"auto","background-attachment":"scroll","background-type":"","background-media":"","overlay-type":"","overlay-color":"","overlay-opacity":"","overlay-gradient":""},"tablet":{"background-color":"var(--ast-global-color-5)","background-image":"","background-repeat":"repeat","background-position":"center center","background-size":"auto","background-attachment":"scroll","background-type":"","background-media":"","overlay-type":"","overlay-color":"","overlay-opacity":"","overlay-gradient":""},"mobile":{"background-color":"var(--ast-global-color-5)","background-image":"","background-repeat":"repeat","background-position":"center center","background-size":"auto","background-attachment":"scroll","background-type":"","background-media":"","overlay-type":"","overlay-color":"","overlay-opacity":"","overlay-gradient":""}},"_joinchat":{"telephone":"+8617776015835"}},"product_brand":[],"product_cat":[71,140,149,150,152,157,58],"product_tag":[414,415,79,416,81,80,77,78,214],"class_list":{"0":"post-2922","1":"product","2":"type-product","3":"status-publish","4":"has-post-thumbnail","6":"product_cat-15000-puff","7":"product_cat-big-puffs-disposable-vapes","8":"product_cat-buy-disposable-vapes-in-austria","9":"product_cat-buy-disposable-vapes-in-belgium","10":"product_cat-buy-disposable-vapes-in-cermany","11":"product_cat-buy-disposable-vapes-in-portugal","12":"product_cat-fumot-vape","13":"product_tag-15k-tornado-vape","14":"product_tag-15k-vape","15":"product_tag-fumot-15k","16":"product_tag-fumot-vape-15000","17":"product_tag-randm-15000","18":"product_tag-randm-15k","19":"product_tag-randm-tornado-15000","20":"product_tag-randm-vape","21":"product_tag-tornado-vape-15000","22":"desktop-align-left","23":"tablet-align-left","24":"mobile-align-left","26":"first","27":"instock","28":"sale","29":"shipping-taxable","30":"purchasable","31":"product-type-simple"},"acf":[],"uagb_featured_image_src":{"full":["https:\/\/vapestornado.com\/wp-content\/uploads\/2024\/12\/RandM-15000-Tornado-Vape-Wholesale.jpg",1182,1182,false],"thumbnail":["https:\/\/vapestornado.com\/wp-content\/uploads\/2024\/12\/RandM-15000-Tornado-Vape-Wholesale-150x150.jpg",150,150,true],"medium":["https:\/\/vapestornado.com\/wp-content\/uploads\/2024\/12\/RandM-15000-Tornado-Vape-Wholesale-300x300.jpg",300,300,true],"medium_large":["https:\/\/vapestornado.com\/wp-content\/uploads\/2024\/12\/RandM-15000-Tornado-Vape-Wholesale-768x768.jpg",768,768,true],"large":["https:\/\/vapestornado.com\/wp-content\/uploads\/2024\/12\/RandM-15000-Tornado-Vape-Wholesale-1024x1024.jpg",1024,1024,true],"1536x1536":["https:\/\/vapestornado.com\/wp-content\/uploads\/2024\/12\/RandM-15000-Tornado-Vape-Wholesale.jpg",1182,1182,false],"2048x2048":["https:\/\/vapestornado.com\/wp-content\/uploads\/2024\/12\/RandM-15000-Tornado-Vape-Wholesale.jpg",1182,1182,false],"trp-custom-language-flag":["https:\/\/vapestornado.com\/wp-content\/uploads\/2024\/12\/RandM-15000-Tornado-Vape-Wholesale.jpg",12,12,false],"woocommerce_thumbnail":["https:\/\/vapestornado.com\/wp-content\/uploads\/2024\/12\/RandM-15000-Tornado-Vape-Wholesale-300x300.jpg",300,300,true],"woocommerce_single":["https:\/\/vapestornado.com\/wp-content\/uploads\/2024\/12\/RandM-15000-Tornado-Vape-Wholesale-600x600.jpg",600,600,true],"woocommerce_gallery_thumbnail":["https:\/\/vapestornado.com\/wp-content\/uploads\/2024\/12\/RandM-15000-Tornado-Vape-Wholesale-100x100.jpg",100,100,true]},"uagb_author_info":{"display_name":"ESAMY","author_link":"https:\/\/vapestornado.com\/es\/author\/"},"uagb_comment_info":1,"uagb_excerpt":"Best RandM Tornado 15000 Puffs Flavours Lowest Price Fumot RandM 15000 Puffs Disposable Vape Wholesale RandM Tornado 15000 Rechargeable Disposable Vape Bulk Buy Price Add Amy's whatsapp get right reply and vape vape coupon! WhatsApp: +86 17776015835 &nbsp;","_links":{"self":[{"href":"https:\/\/vapestornado.com\/es\/wp-json\/wp\/v2\/product\/2922","targetHints":{"allow":["GET"]}}],"collection":[{"href":"https:\/\/vapestornado.com\/es\/wp-json\/wp\/v2\/product"}],"about":[{"href":"https:\/\/vapestornado.com\/es\/wp-json\/wp\/v2\/types\/product"}],"replies":[{"embeddable":true,"href":"https:\/\/vapestornado.com\/es\/wp-json\/wp\/v2\/comments?post=2922"}],"wp:featuredmedia":[{"embeddable":true,"href":"https:\/\/vapestornado.com\/es\/wp-json\/wp\/v2\/media\/2929"}],"wp:attachment":[{"href":"https:\/\/vapestornado.com\/es\/wp-json\/wp\/v2\/media?parent=2922"}],"wp:term":[{"taxonomy":"product_brand","embeddable":true,"href":"https:\/\/vapestornado.com\/es\/wp-json\/wp\/v2\/product_brand?post=2922"},{"taxonomy":"product_cat","embeddable":true,"href":"https:\/\/vapestornado.com\/es\/wp-json\/wp\/v2\/product_cat?post=2922"},{"taxonomy":"product_tag","embeddable":true,"href":"https:\/\/vapestornado.com\/es\/wp-json\/wp\/v2\/product_tag?post=2922"}],"curies":[{"name":"wp","href":"https:\/\/api.w.org\/{rel}","templated":true}]}}