{"id":2784,"date":"2024-11-12T10:04:17","date_gmt":"2024-11-12T10:04:17","guid":{"rendered":"https:\/\/vapestornado.com\/?page_id=2784"},"modified":"2024-11-12T10:04:19","modified_gmt":"2024-11-12T10:04:19","slug":"payment-methods-at-vapestornado","status":"publish","type":"page","link":"https:\/\/vapestornado.com\/es\/payment-methods-at-vapestornado\/","title":{"rendered":"M\u00e9todos de pago en vapestornado"},"content":{"rendered":"<p>Gracias por elegir <strong>vapestornado<\/strong>, su tienda en l\u00ednea de confianza para productos de vape desechables de primera calidad. Con a\u00f1os de experiencia en la industria, nos enorgullece ofrecer una amplia selecci\u00f3n de las mejores marcas y enviar nuestros productos a nivel mundial a varios pa\u00edses. Estamos comprometidos a brindarle una experiencia de compra segura, conveniente y sin problemas.<\/p>\n\n\n\n<p>Aceptamos los siguientes m\u00e9todos de pago:<\/p>\n\n\n\n<ol class=\"wp-block-list\">\n<li><strong>PayPal<\/strong>: Disfrute de pagos seguros y f\u00e1ciles a trav\u00e9s de PayPal para sus pedidos. <em>(20% IVA aplicado)<\/em><\/li>\n\n\n\n<li><strong>Tarjeta de cr\u00e9dito<\/strong>: Aceptamos las principales tarjetas de cr\u00e9dito, lo que garantiza un proceso de pago sin complicaciones. <em>(20% IVA aplicado)<\/em><\/li>\n\n\n\n<li><strong>Transferencia bancaria<\/strong>: Para pagos tradicionales, las transferencias bancarias est\u00e1n disponibles. <em>(Sin IVA)<\/em><\/li>\n\n\n\n<li><strong>Criptomoneda<\/strong>: Ofrecemos pagos con criptomonedas para una opci\u00f3n de pago moderna y orientada al futuro. <em>(Sin IVA)<\/em><\/li>\n\n\n\n<li><strong>Transferencia Wise<\/strong>: Utilice Wise para servicios de transferencia eficientes y rentables. <em>(Sin IVA)<\/em><\/li>\n<\/ol>\n\n\n\n<p>Si tiene alguna pregunta o solicitud de pago espec\u00edfica, nuestro equipo de atenci\u00f3n al cliente siempre est\u00e1 listo para ayudarle. \u00a1Estamos aqu\u00ed para garantizar que su experiencia de compra en vapestornado sea fluida y segura!<\/p>\n\n\n\n<p><\/p>","protected":false},"excerpt":{"rendered":"<p>Gracias por elegir vapestornado, su tienda en l\u00ednea de confianza para productos de vapeo desechables de primera calidad. Con a\u00f1os de experiencia en el sector, nos enorgullece ofrecer una amplia selecci\u00f3n de las mejores marcas y enviar nuestros productos a varios pa\u00edses de todo el mundo. Nos comprometemos a proporcionarle una experiencia de compra segura, c\u00f3moda y sin complicaciones.<\/p>","protected":false},"author":1,"featured_media":0,"parent":0,"menu_order":0,"comment_status":"closed","ping_status":"closed","template":"","meta":{"_acf_changed":false,"_uag_custom_page_level_css":"","_lmt_disableupdate":"","_lmt_disable":"","_monsterinsights_skip_tracking":false,"_monsterinsights_sitenote_active":false,"_monsterinsights_sitenote_note":"","_monsterinsights_sitenote_category":0,"site-sidebar-layout":"default","site-content-layout":"","ast-site-content-layout":"default","site-content-style":"default","site-sidebar-style":"default","ast-global-header-display":"","ast-banner-title-visibility":"","ast-main-header-display":"","ast-hfb-above-header-display":"","ast-hfb-below-header-display":"","ast-hfb-mobile-header-display":"","site-post-title":"","ast-breadcrumbs-content":"","ast-featured-img":"","footer-sml-layout":"","ast-disable-related-posts":"","theme-transparent-header-meta":"","adv-header-id-meta":"","stick-header-meta":"","header-above-stick-meta":"","header-main-stick-meta":"","header-below-stick-meta":"","astra-migrate-meta-layouts":"set","ast-page-background-enabled":"default","ast-page-background-meta":{"desktop":{"background-color":"","background-image":"","background-repeat":"repeat","background-position":"center center","background-size":"auto","background-attachment":"scroll","background-type":"","background-media":"","overlay-type":"","overlay-color":"","overlay-opacity":"","overlay-gradient":""},"tablet":{"background-color":"","background-image":"","background-repeat":"repeat","background-position":"center center","background-size":"auto","background-attachment":"scroll","background-type":"","background-media":"","overlay-type":"","overlay-color":"","overlay-opacity":"","overlay-gradient":""},"mobile":{"background-color":"","background-image":"","background-repeat":"repeat","background-position":"center center","background-size":"auto","background-attachment":"scroll","background-type":"","background-media":"","overlay-type":"","overlay-color":"","overlay-opacity":"","overlay-gradient":""}},"ast-content-background-meta":{"desktop":{"background-color":"var(--ast-global-color-5)","background-image":"","background-repeat":"repeat","background-position":"center center","background-size":"auto","background-attachment":"scroll","background-type":"","background-media":"","overlay-type":"","overlay-color":"","overlay-opacity":"","overlay-gradient":""},"tablet":{"background-color":"var(--ast-global-color-5)","background-image":"","background-repeat":"repeat","background-position":"center center","background-size":"auto","background-attachment":"scroll","background-type":"","background-media":"","overlay-type":"","overlay-color":"","overlay-opacity":"","overlay-gradient":""},"mobile":{"background-color":"var(--ast-global-color-5)","background-image":"","background-repeat":"repeat","background-position":"center center","background-size":"auto","background-attachment":"scroll","background-type":"","background-media":"","overlay-type":"","overlay-color":"","overlay-opacity":"","overlay-gradient":""}},"_joinchat":[],"footnotes":""},"class_list":["post-2784","page","type-page","status-publish","hentry"],"acf":[],"uagb_featured_image_src":{"full":false,"thumbnail":false,"medium":false,"medium_large":false,"large":false,"1536x1536":false,"2048x2048":false,"trp-custom-language-flag":false,"woocommerce_thumbnail":false,"woocommerce_single":false,"woocommerce_gallery_thumbnail":false},"uagb_author_info":{"display_name":"yannazhan@gmail.com","author_link":"https:\/\/vapestornado.com\/es\/author\/yannazhangmail-com\/"},"uagb_comment_info":0,"uagb_excerpt":"Thank you for choosing vapestornado, your trusted online store for premium disposable vape products. With years of expertise in the industry, we are proud to offer a wide selection of top brands and ship our products globally to various countries. We are committed to providing you with a secure, convenient, and seamless shopping experience. We&hellip;","_links":{"self":[{"href":"https:\/\/vapestornado.com\/es\/wp-json\/wp\/v2\/pages\/2784","targetHints":{"allow":["GET"]}}],"collection":[{"href":"https:\/\/vapestornado.com\/es\/wp-json\/wp\/v2\/pages"}],"about":[{"href":"https:\/\/vapestornado.com\/es\/wp-json\/wp\/v2\/types\/page"}],"author":[{"embeddable":true,"href":"https:\/\/vapestornado.com\/es\/wp-json\/wp\/v2\/users\/1"}],"replies":[{"embeddable":true,"href":"https:\/\/vapestornado.com\/es\/wp-json\/wp\/v2\/comments?post=2784"}],"version-history":[{"count":1,"href":"https:\/\/vapestornado.com\/es\/wp-json\/wp\/v2\/pages\/2784\/revisions"}],"predecessor-version":[{"id":2785,"href":"https:\/\/vapestornado.com\/es\/wp-json\/wp\/v2\/pages\/2784\/revisions\/2785"}],"wp:attachment":[{"href":"https:\/\/vapestornado.com\/es\/wp-json\/wp\/v2\/media?parent=2784"}],"curies":[{"name":"wp","href":"https:\/\/api.w.org\/{rel}","templated":true}]}}