{"id":2776,"date":"2024-11-12T09:55:46","date_gmt":"2024-11-12T09:55:46","guid":{"rendered":"https:\/\/vapestornado.com\/?page_id=2776"},"modified":"2024-11-12T09:55:48","modified_gmt":"2024-11-12T09:55:48","slug":"terms-conditions","status":"publish","type":"page","link":"https:\/\/vapestornado.com\/es\/terms-conditions\/","title":{"rendered":"T\u00e9rminos y Condiciones"},"content":{"rendered":"<p>Bienvenido a vapestornado! Al acceder y utilizar nuestro sitio web, usted acepta cumplir con los siguientes t\u00e9rminos y condiciones, junto con las leyes aplicables. Si no est\u00e1 de acuerdo con estos t\u00e9rminos, por favor no utilice nuestro sitio. Al realizar una compra en nuestro sitio web, usted acepta los T\u00e9rminos<\/p>\n\n\n\n<p><strong>Pedidos internacionales<\/strong><\/p>\n\n\n\n<p>vapestornado tiene su sede en Hong Kong y opera a nivel mundial. Los clientes que compren con nosotros y realicen env\u00edos a pa\u00edses fuera de Hong Kong ser\u00e1n considerados clientes internacionales. Aseg\u00farese de comprender las regulaciones de su pa\u00eds con respecto a la posesi\u00f3n, importaci\u00f3n, exportaci\u00f3n y uso de productos de vaporizadores antes de realizar una compra. Las pol\u00edticas adicionales para pa\u00edses espec\u00edficos se describen en nuestras pol\u00edticas de Env\u00edo, Devoluciones y Garant\u00eda.<\/p>\n\n\n\n<p><strong>Derechos de autor<\/strong><\/p>\n\n\n\n<p>Todo el contenido de este sitio, incluidos texto, gr\u00e1ficos y c\u00f3digo, est\u00e1 protegido por derechos de autor como un trabajo colectivo bajo las leyes de derechos de autor. Este trabajo colectivo incluye trabajos con licencia de vapestornado. Copyright 2022, vapestornado. Todos los derechos reservados. Puede copiar e imprimir electr\u00f3nicamente partes de este sitio con el \u00fanico prop\u00f3sito de realizar un pedido a vapestornado o comprar productos de vapestornado. Cualquier otro uso, incluida la reproducci\u00f3n, distribuci\u00f3n, exhibici\u00f3n o transmisi\u00f3n del contenido del sitio, est\u00e1 estrictamente prohibido sin el permiso expreso de vapestornado Inc.<\/p>\n\n\n\n<p><strong>Marcas registradas<\/strong><\/p>\n\n\n\n<p>Todas las marcas comerciales, marcas de servicio y nombres comerciales utilizados en el sitio son marcas comerciales o marcas comerciales registradas de vapestornado.<\/p>\n\n\n\n<p><strong>Descargo de responsabilidad de la garant\u00eda<\/strong><\/p>\n\n\n\n<p>Nuestro sitio y los materiales y productos proporcionados se ofrecen \u201ctal cual\u201d sin garant\u00edas de ning\u00fan tipo, ya sean expresas o impl\u00edcitas. vapestornado renuncia a todas las garant\u00edas, incluidas la comerciabilidad, la idoneidad para un prop\u00f3sito particular y la no infracci\u00f3n. No garantizamos que las funciones del sitio sean ininterrumpidas o est\u00e9n libres de errores, o que se corrijan los defectos. Tampoco garantizamos la exactitud, puntualidad o confiabilidad de los materiales en el sitio.<\/p>\n\n\n\n<p><strong>Limitaci\u00f3n de responsabilidad<\/strong><\/p>\n\n\n\n<p>vapestornado no ser\u00e1 responsable de ning\u00fan da\u00f1o especial o consecuente que resulte del uso de materiales en este sitio o del rendimiento de los productos, incluso si se le informa de la posibilidad de tales da\u00f1os. Algunas jurisdicciones no permiten limitaciones en las garant\u00edas o exclusiones de responsabilidad por da\u00f1os consecuentes, por lo que es posible que estas limitaciones no se apliquen en su caso.<\/p>\n\n\n\n<p><strong>Terminaci\u00f3n<\/strong><\/p>\n\n\n\n<p>Estos t\u00e9rminos y condiciones se aplican a usted al acceder al sitio o completar cualquier proceso de registro o compra. vapestornado puede rescindir estos t\u00e9rminos y condiciones, o cualquier parte de los mismos, sin previo aviso en cualquier momento y por cualquier motivo. Ciertas disposiciones, incluidos los derechos de autor, las marcas comerciales, el descargo de responsabilidad, la limitaci\u00f3n de responsabilidad, la indemnizaci\u00f3n y los aspectos varios, seguir\u00e1n vigentes tras la rescisi\u00f3n.<\/p>\n\n\n\n<p><strong>Aviso<\/strong><\/p>\n\n\n\n<p>vapestornado puede notificarle por correo electr\u00f3nico, un aviso general en el sitio u otros m\u00e9todos confiables utilizando la informaci\u00f3n de contacto que ha proporcionado.<\/p>\n\n\n\n<p><strong>Varios<\/strong><\/p>\n\n\n\n<p>Su uso de este sitio se rige por las leyes de Hong Kong, sin tener en cuenta las disposiciones sobre conflicto de leyes. Cualquier procedimiento legal relacionado con este sitio se llevar\u00e1 a cabo en los tribunales de Hong Kong. Cualquier reclamaci\u00f3n relacionada con el sitio debe presentarse dentro de un a\u00f1o despu\u00e9s de que surja la reclamaci\u00f3n. El hecho de que vapestornado no haga cumplir alguna disposici\u00f3n de estos t\u00e9rminos no renuncia a ning\u00fan derecho. vapestornado puede ceder sus derechos y deberes en virtud de este Acuerdo sin previo aviso.<\/p>\n\n\n\n<p><strong>Uso del sitio<\/strong><\/p>\n\n\n\n<p>Se proh\u00edbe el acoso de cualquier forma en el sitio. No puede cargar contenido objetable ni solicitar a otros servicios comerciales. vapestornado se reserva el derecho de bloquear o eliminar contenido inapropiado a su discreci\u00f3n.<\/p>\n\n\n\n<p><strong>Descargo de responsabilidad de participaci\u00f3n<\/strong><\/p>\n\n\n\n<p>vapestornado no es responsable del contenido generado por el usuario en el sitio. Actuamos como un conducto para la distribuci\u00f3n y nos reservamos el derecho de eliminar cualquier material objetable.<\/p>\n\n\n\n<p><strong>Uso de los Productos<\/strong><\/p>\n\n\n\n<p>vapestornado no hace ninguna afirmaci\u00f3n con respecto a la efectividad de nuestros productos para ning\u00fan uso espec\u00edfico. Al comprar nuestros productos, usted acepta usarlos bajo su propio riesgo. Los productos de nicotina est\u00e1n destinados \u00fanicamente para uso de adultos. Consulte a un m\u00e9dico antes de usar productos de nicotina.<\/p>\n\n\n\n<p><strong>Indemnizaci\u00f3n<\/strong><\/p>\n\n\n\n<p>Usted acepta indemnizar a vapestornado y a sus proveedores de servicios por cualquier p\u00e9rdida, gasto, lesi\u00f3n, da\u00f1o y costo que resulte de cualquier violaci\u00f3n de estos t\u00e9rminos o actividades relacionadas con su cuenta.<\/p>\n\n\n\n<p><strong>Enlaces de Terceros<\/strong><\/p>\n\n\n\n<p>vapestornado puede enlazar a sitios de terceros para la conveniencia del visitante. No tenemos control sobre estos sitios y no somos responsables de sus pr\u00e1cticas.<\/p>\n\n\n\n<p><strong>Descargo de Responsabilidad del Producto<\/strong><\/p>\n\n\n\n<p>Ciertos productos pueden tener descargos de responsabilidad espec\u00edficos con respecto a la elegibilidad para cambios o reembolsos. Por favor, lea todos los descargos de responsabilidad del producto antes de comprar. Al aceptar nuestros T\u00e9rminos y Condiciones al finalizar la compra, usted confirma que ha le\u00eddo y comprendido todos los descargos de responsabilidad del producto.<\/p>\n\n\n\n<p>\u00a1Gracias por elegir vapestornado!<\/p>","protected":false},"excerpt":{"rendered":"<p>Welcome to vapestornado! By accessing and using our website, you agree to comply with the following terms and conditions, along with applicable laws. If you do not agree with these terms, please do not use our site. By making a purchase on our website, you agree to the Terms &amp; Conditions below, as well as [&hellip;]<\/p>","protected":false},"author":1,"featured_media":0,"parent":0,"menu_order":0,"comment_status":"closed","ping_status":"closed","template":"","meta":{"_acf_changed":false,"_uag_custom_page_level_css":"","_lmt_disableupdate":"","_lmt_disable":"","_monsterinsights_skip_tracking":false,"_monsterinsights_sitenote_active":false,"_monsterinsights_sitenote_note":"","_monsterinsights_sitenote_category":0,"site-sidebar-layout":"default","site-content-layout":"","ast-site-content-layout":"default","site-content-style":"default","site-sidebar-style":"default","ast-global-header-display":"","ast-banner-title-visibility":"","ast-main-header-display":"","ast-hfb-above-header-display":"","ast-hfb-below-header-display":"","ast-hfb-mobile-header-display":"","site-post-title":"","ast-breadcrumbs-content":"","ast-featured-img":"","footer-sml-layout":"","ast-disable-related-posts":"","theme-transparent-header-meta":"","adv-header-id-meta":"","stick-header-meta":"","header-above-stick-meta":"","header-main-stick-meta":"","header-below-stick-meta":"","astra-migrate-meta-layouts":"set","ast-page-background-enabled":"default","ast-page-background-meta":{"desktop":{"background-color":"","background-image":"","background-repeat":"repeat","background-position":"center center","background-size":"auto","background-attachment":"scroll","background-type":"","background-media":"","overlay-type":"","overlay-color":"","overlay-opacity":"","overlay-gradient":""},"tablet":{"background-color":"","background-image":"","background-repeat":"repeat","background-position":"center center","background-size":"auto","background-attachment":"scroll","background-type":"","background-media":"","overlay-type":"","overlay-color":"","overlay-opacity":"","overlay-gradient":""},"mobile":{"background-color":"","background-image":"","background-repeat":"repeat","background-position":"center center","background-size":"auto","background-attachment":"scroll","background-type":"","background-media":"","overlay-type":"","overlay-color":"","overlay-opacity":"","overlay-gradient":""}},"ast-content-background-meta":{"desktop":{"background-color":"var(--ast-global-color-5)","background-image":"","background-repeat":"repeat","background-position":"center center","background-size":"auto","background-attachment":"scroll","background-type":"","background-media":"","overlay-type":"","overlay-color":"","overlay-opacity":"","overlay-gradient":""},"tablet":{"background-color":"var(--ast-global-color-5)","background-image":"","background-repeat":"repeat","background-position":"center center","background-size":"auto","background-attachment":"scroll","background-type":"","background-media":"","overlay-type":"","overlay-color":"","overlay-opacity":"","overlay-gradient":""},"mobile":{"background-color":"var(--ast-global-color-5)","background-image":"","background-repeat":"repeat","background-position":"center center","background-size":"auto","background-attachment":"scroll","background-type":"","background-media":"","overlay-type":"","overlay-color":"","overlay-opacity":"","overlay-gradient":""}},"_joinchat":[],"footnotes":""},"class_list":["post-2776","page","type-page","status-publish","hentry"],"acf":[],"uagb_featured_image_src":{"full":false,"thumbnail":false,"medium":false,"medium_large":false,"large":false,"1536x1536":false,"2048x2048":false,"trp-custom-language-flag":false,"woocommerce_thumbnail":false,"woocommerce_single":false,"woocommerce_gallery_thumbnail":false},"uagb_author_info":{"display_name":"yannazhan@gmail.com","author_link":"https:\/\/vapestornado.com\/es\/author\/yannazhangmail-com\/"},"uagb_comment_info":0,"uagb_excerpt":"Welcome to vapestornado! By accessing and using our website, you agree to comply with the following terms and conditions, along with applicable laws. If you do not agree with these terms, please do not use our site. By making a purchase on our website, you agree to the Terms &amp; Conditions below, as well as&hellip;","_links":{"self":[{"href":"https:\/\/vapestornado.com\/es\/wp-json\/wp\/v2\/pages\/2776","targetHints":{"allow":["GET"]}}],"collection":[{"href":"https:\/\/vapestornado.com\/es\/wp-json\/wp\/v2\/pages"}],"about":[{"href":"https:\/\/vapestornado.com\/es\/wp-json\/wp\/v2\/types\/page"}],"author":[{"embeddable":true,"href":"https:\/\/vapestornado.com\/es\/wp-json\/wp\/v2\/users\/1"}],"replies":[{"embeddable":true,"href":"https:\/\/vapestornado.com\/es\/wp-json\/wp\/v2\/comments?post=2776"}],"version-history":[{"count":1,"href":"https:\/\/vapestornado.com\/es\/wp-json\/wp\/v2\/pages\/2776\/revisions"}],"predecessor-version":[{"id":2777,"href":"https:\/\/vapestornado.com\/es\/wp-json\/wp\/v2\/pages\/2776\/revisions\/2777"}],"wp:attachment":[{"href":"https:\/\/vapestornado.com\/es\/wp-json\/wp\/v2\/media?parent=2776"}],"curies":[{"name":"wp","href":"https:\/\/api.w.org\/{rel}","templated":true}]}}