{"id":2772,"date":"2024-11-12T09:48:42","date_gmt":"2024-11-12T09:48:42","guid":{"rendered":"https:\/\/vapestornado.com\/?page_id=2772"},"modified":"2024-11-12T09:52:13","modified_gmt":"2024-11-12T09:52:13","slug":"vapestornado-shipping-policy","status":"publish","type":"page","link":"https:\/\/vapestornado.com\/es\/vapestornado-shipping-policy\/","title":{"rendered":"Pol\u00edtica de env\u00edo de vapestornado"},"content":{"rendered":"<ol class=\"wp-block-list\">\n<li><strong>Tiempos de procesamiento y env\u00edo:<\/strong><br>Los pedidos se procesan y env\u00edan en un plazo de 1 a 3 d\u00edas h\u00e1biles. Los tiempos de entrega suelen oscilar entre 7 y 15 d\u00edas h\u00e1biles. Tenga en cuenta que no realizamos env\u00edos los fines de semana.<\/li>\n\n\n\n<li><strong>Informaci\u00f3n de seguimiento:<\/strong><br>Una vez que se env\u00ede su pedido, recibir\u00e1 un correo electr\u00f3nico con la informaci\u00f3n de seguimiento. Realice el seguimiento de su env\u00edo utilizando el n\u00famero de seguimiento proporcionado en <a href=\"https:\/\/www.17track.net\/en\" target=\"_blank\" rel=\"noopener\">https:\/\/www.17track.net\/en<\/a>. Espere de 1 a 2 d\u00edas despu\u00e9s del env\u00edo para que aparezcan las actualizaciones de seguimiento.<\/li>\n\n\n\n<li><strong>Cancelaci\u00f3n de pedidos o cambios de direcci\u00f3n:<\/strong><br>Puede cancelar o actualizar la direcci\u00f3n de env\u00edo en cualquier momento antes de que se env\u00ede su pedido. Sin embargo, una vez que se ha enviado, no podemos procesar reembolsos ni cambios de direcci\u00f3n.<\/li>\n\n\n\n<li><strong>Env\u00edo con derechos pagados (DDP):<\/strong><br>Para determinados pa\u00edses, ofrecemos el env\u00edo DDP, lo que significa que no tendr\u00e1 que encargarse del despacho de aduanas ni pagar aranceles.<ul><li><strong>Espa\u00f1a<\/strong> \u2013 UPS Express (excepto Alaska y Haw\u00e1i)<\/li><li><strong>UK<\/strong> \u2013 DPD Express local<\/li><li><strong>Europa<\/strong> \u2013 UPS Express\/DPD Express\/DHL Express<\/li><\/ul><strong>Pa\u00edses elegibles para DDP en Europa<\/strong> incluyen: Alemania, B\u00e9lgica, Luxemburgo, Pa\u00edses Bajos, Rep\u00fablica Checa, Polonia, Croacia, Eslovaquia, Eslovenia, Finlandia, Dinamarca, Suecia, Austria, Francia, Italia, Hungr\u00eda, Bulgaria, Lituania, Estonia, Letonia, Grecia, Irlanda, Portugal y Espa\u00f1a.<\/li>\n\n\n\n<li><strong>Tenga en cuenta:<\/strong> Para los env\u00edos a Finlandia, Suecia, Dinamarca, Noruega, Islandia, Suiza y Serbia, existe el riesgo de un despacho de aduanas secundario. Si las aduanas locales incautan la mercanc\u00eda durante la inspecci\u00f3n, el seguro de despacho de aduanas no cubrir\u00e1 la p\u00e9rdida.<\/li>\n<\/ol>\n\n\n\n<p>\u00a1Gracias por elegir vapestornado para sus necesidades de vapeo!<\/p>\n\n\n\n<hr class=\"wp-block-separator has-alpha-channel-opacity\"\/>\n\n\n\n<p><strong>Tiempos de env\u00edo de Puff para pa\u00edses espec\u00edficos<\/strong><\/p>\n\n\n\n<figure class=\"wp-block-table\"><table class=\"has-fixed-layout\"><thead><tr><th>Pa\u00eds<\/th><th>M\u00e9todo de env\u00edo<\/th><th>Tiempo de env\u00edo<\/th><\/tr><\/thead><tbody><tr><td>Espa\u00f1a<\/td><td>UPS Terrestre local<\/td><td>10-15 d\u00edas<\/td><\/tr><tr><td>UK<\/td><td>DPD Express local<\/td><td>7-12 d\u00edas<\/td><\/tr><tr><td>Alemania<\/td><td>UPS\/DPD\/DHL<\/td><td>8-13 d\u00edas<\/td><\/tr><tr><td>Francia<\/td><td>UPS\/DPD\/DHL<\/td><td>8-13 d\u00edas<\/td><\/tr><tr><td>B\u00e9lgica<\/td><td>UPS\/DPD\/DHL<\/td><td>8-13 d\u00edas<\/td><\/tr><tr><td>Luxemburgo<\/td><td>UPS\/DPD\/DHL<\/td><td>8-13 d\u00edas<\/td><\/tr><tr><td>Pa\u00edses Bajos<\/td><td>UPS\/DPD\/DHL<\/td><td>8-13 d\u00edas<\/td><\/tr><tr><td>Rep\u00fablica Checa<\/td><td>UPS\/DPD\/DHL<\/td><td>8-13 d\u00edas<\/td><\/tr><tr><td>Polonia<\/td><td>UPS\/DPD\/DHL<\/td><td>8-13 d\u00edas<\/td><\/tr><tr><td>Croacia<\/td><td>UPS\/DPD\/DHL<\/td><td>8-13 d\u00edas<\/td><\/tr><tr><td>Eslovaquia<\/td><td>UPS\/DPD\/DHL<\/td><td>8-13 d\u00edas<\/td><\/tr><tr><td>Eslovenia<\/td><td>UPS\/DPD\/DHL<\/td><td>8-13 d\u00edas<\/td><\/tr><tr><td>Finlandia<\/td><td>UPS\/DPD\/DHL<\/td><td>8-13 d\u00edas<\/td><\/tr><tr><td>Dinamarca<\/td><td>UPS\/DPD\/DHL<\/td><td>8-13 d\u00edas<\/td><\/tr><tr><td>Suecia<\/td><td>UPS\/DPD\/DHL<\/td><td>8-13 d\u00edas<\/td><\/tr><tr><td>Austria<\/td><td>UPS\/DPD\/DHL<\/td><td>8-13 d\u00edas<\/td><\/tr><tr><td>Italia,<\/td><td>UPS\/DPD\/DHL<\/td><td>8-13 d\u00edas<\/td><\/tr><tr><td>Hungr\u00eda<\/td><td>UPS\/DPD\/DHL<\/td><td>8-13 d\u00edas<\/td><\/tr><tr><td>Lituania<\/td><td>UPS\/DPD\/DHL<\/td><td>8-13 d\u00edas<\/td><\/tr><tr><td>Estonia<\/td><td>UPS\/DPD\/DHL<\/td><td>8-13 d\u00edas<\/td><\/tr><tr><td>Letonia<\/td><td>UPS\/DPD\/DHL<\/td><td>8-13 d\u00edas<\/td><\/tr><tr><td>Grecia<\/td><td>UPS\/DPD\/DHL<\/td><td>8-13 d\u00edas<\/td><\/tr><tr><td>Irlanda<\/td><td>UPS\/DPD\/DHL<\/td><td>8-13 d\u00edas<\/td><\/tr><tr><td>Portugal<\/td><td>UPS\/DPD\/DHL<\/td><td>8-13 d\u00edas<\/td><\/tr><tr><td>Espa\u00f1a,<\/td><td>UPS\/DPD\/DHL<\/td><td>8-13 d\u00edas<\/td><\/tr><tr><td>EAU (Dubai)<\/td><td>L\u00ednea dedicada de Dub\u00e1i<\/td><td>12-18 D\u00edas<\/td><\/tr><tr><td>Sud\u00e1frica<\/td><td>L\u00ednea dedicada de Sud\u00e1frica<\/td><td>15-25 D\u00edas<\/td><\/tr><tr><td>Vietnam<\/td><td>L\u00ednea dedicada de Vietnam<\/td><td>3-5 d\u00edas<\/td><\/tr><tr><td>Malasia Occidental<\/td><td>L\u00ednea dedicada de Malasia<\/td><td>4-8 d\u00edas<\/td><\/tr><\/tbody><\/table><\/figure>\n\n\n\n<p><\/p>","protected":false},"excerpt":{"rendered":"<p>\u00a1Gracias por elegir vapestornado para sus necesidades de vapeo! Tiempos de env\u00edo de Puff para pa\u00edses espec\u00edficos Pa\u00eds M\u00e9todo de env\u00edo Tiempo de env\u00edo Espa\u00f1a UPS Terrestre local 10-15 d\u00edas Reino Unido DPD Express local 7-12 d\u00edas Alemania UPS\/DPD\/DHL 8-13 d\u00edas Francia UPS\/DPD\/DHL 8-13 d\u00edas B\u00e9lgica UPS\/DPD\/DHL 8-13 d\u00edas Luxemburgo UPS\/DPD\/DHL 8-13 d\u00edas Pa\u00edses Bajos UPS\/DPD\/DHL 8-13 d\u00edas Rep\u00fablica Checa UPS\/DPD\/DHL [\u2026]<\/p>","protected":false},"author":1,"featured_media":0,"parent":0,"menu_order":0,"comment_status":"closed","ping_status":"closed","template":"","meta":{"_acf_changed":false,"_uag_custom_page_level_css":"","_lmt_disableupdate":"","_lmt_disable":"","_monsterinsights_skip_tracking":false,"_monsterinsights_sitenote_active":false,"_monsterinsights_sitenote_note":"","_monsterinsights_sitenote_category":0,"site-sidebar-layout":"default","site-content-layout":"","ast-site-content-layout":"default","site-content-style":"default","site-sidebar-style":"default","ast-global-header-display":"","ast-banner-title-visibility":"","ast-main-header-display":"","ast-hfb-above-header-display":"","ast-hfb-below-header-display":"","ast-hfb-mobile-header-display":"","site-post-title":"","ast-breadcrumbs-content":"","ast-featured-img":"","footer-sml-layout":"","ast-disable-related-posts":"","theme-transparent-header-meta":"","adv-header-id-meta":"","stick-header-meta":"","header-above-stick-meta":"","header-main-stick-meta":"","header-below-stick-meta":"","astra-migrate-meta-layouts":"set","ast-page-background-enabled":"default","ast-page-background-meta":{"desktop":{"background-color":"","background-image":"","background-repeat":"repeat","background-position":"center center","background-size":"auto","background-attachment":"scroll","background-type":"","background-media":"","overlay-type":"","overlay-color":"","overlay-opacity":"","overlay-gradient":""},"tablet":{"background-color":"","background-image":"","background-repeat":"repeat","background-position":"center center","background-size":"auto","background-attachment":"scroll","background-type":"","background-media":"","overlay-type":"","overlay-color":"","overlay-opacity":"","overlay-gradient":""},"mobile":{"background-color":"","background-image":"","background-repeat":"repeat","background-position":"center center","background-size":"auto","background-attachment":"scroll","background-type":"","background-media":"","overlay-type":"","overlay-color":"","overlay-opacity":"","overlay-gradient":""}},"ast-content-background-meta":{"desktop":{"background-color":"var(--ast-global-color-5)","background-image":"","background-repeat":"repeat","background-position":"center center","background-size":"auto","background-attachment":"scroll","background-type":"","background-media":"","overlay-type":"","overlay-color":"","overlay-opacity":"","overlay-gradient":""},"tablet":{"background-color":"var(--ast-global-color-5)","background-image":"","background-repeat":"repeat","background-position":"center center","background-size":"auto","background-attachment":"scroll","background-type":"","background-media":"","overlay-type":"","overlay-color":"","overlay-opacity":"","overlay-gradient":""},"mobile":{"background-color":"var(--ast-global-color-5)","background-image":"","background-repeat":"repeat","background-position":"center center","background-size":"auto","background-attachment":"scroll","background-type":"","background-media":"","overlay-type":"","overlay-color":"","overlay-opacity":"","overlay-gradient":""}},"_joinchat":[],"footnotes":""},"class_list":["post-2772","page","type-page","status-publish","hentry"],"acf":[],"uagb_featured_image_src":{"full":false,"thumbnail":false,"medium":false,"medium_large":false,"large":false,"1536x1536":false,"2048x2048":false,"trp-custom-language-flag":false,"woocommerce_thumbnail":false,"woocommerce_single":false,"woocommerce_gallery_thumbnail":false},"uagb_author_info":{"display_name":"yannazhan@gmail.com","author_link":"https:\/\/vapestornado.com\/es\/author\/yannazhangmail-com\/"},"uagb_comment_info":0,"uagb_excerpt":"Thank you for choosing vapestornado for your vaping needs! Puff Shipping Times for Specific Countries Country Shipping Method Shipping Time USA Local UPS Ground 10-15 Days UK Local DPD Express 7-12 Days Germany UPS\/DPD\/DHL 8-13 Days France UPS\/DPD\/DHL 8-13 Days Belgium UPS\/DPD\/DHL 8-13 Days Luxembourg UPS\/DPD\/DHL 8-13 Days Netherlands UPS\/DPD\/DHL 8-13 Days Czech Republic UPS\/DPD\/DHL&hellip;","_links":{"self":[{"href":"https:\/\/vapestornado.com\/es\/wp-json\/wp\/v2\/pages\/2772","targetHints":{"allow":["GET"]}}],"collection":[{"href":"https:\/\/vapestornado.com\/es\/wp-json\/wp\/v2\/pages"}],"about":[{"href":"https:\/\/vapestornado.com\/es\/wp-json\/wp\/v2\/types\/page"}],"author":[{"embeddable":true,"href":"https:\/\/vapestornado.com\/es\/wp-json\/wp\/v2\/users\/1"}],"replies":[{"embeddable":true,"href":"https:\/\/vapestornado.com\/es\/wp-json\/wp\/v2\/comments?post=2772"}],"version-history":[{"count":3,"href":"https:\/\/vapestornado.com\/es\/wp-json\/wp\/v2\/pages\/2772\/revisions"}],"predecessor-version":[{"id":2775,"href":"https:\/\/vapestornado.com\/es\/wp-json\/wp\/v2\/pages\/2772\/revisions\/2775"}],"wp:attachment":[{"href":"https:\/\/vapestornado.com\/es\/wp-json\/wp\/v2\/media?parent=2772"}],"curies":[{"name":"wp","href":"https:\/\/api.w.org\/{rel}","templated":true}]}}