{"id":4850,"date":"2026-02-03T03:49:42","date_gmt":"2026-02-03T03:49:42","guid":{"rendered":"https:\/\/vapestornado.com\/?post_type=product&#038;p=4850"},"modified":"2026-02-03T03:57:51","modified_gmt":"2026-02-03T03:57:51","slug":"razz-bar-60k-vapes-wholesaler-60000-puffs-disposable-crystal-vape-eu-fast-shipping","status":"publish","type":"product","link":"https:\/\/vapestornado.com\/de\/product\/razz-bar-60k-vapes-wholesaler-60000-puffs-disposable-crystal-vape-eu-fast-shipping\/","title":{"rendered":"RAZZ BAR 60K Vapes Gro\u00dfh\u00e4ndler 60000 Z\u00fcge Einweg Kristall Vape EU Schneller Versand"},"content":{"rendered":"<h1 data-start=\"0\" data-end=\"87\">RAZZ BAR 60K Vapes Gro\u00dfh\u00e4ndler \u2013 60000 Z\u00fcge Kristall Einweg Vape mit EU Schnellem Versand<\/h1>\n<p data-start=\"283\" data-end=\"634\">Der <strong data-start=\"287\" data-end=\"303\">RAZZ BAR 60K<\/strong> ist ein Einweg-Vape mit hoher Kapazit\u00e4t <strong data-start=\"323\" data-end=\"343\">Einweg-Dampf<\/strong> f\u00fcr Gro\u00dfh\u00e4ndler und <strong data-start=\"370\" data-end=\"391\">E-Zigaretten-Gesch\u00e4ft<\/strong> K\u00e4ufer, die schnell drehende Produkte ben\u00f6tigen bei einem <strong data-start=\"434\" data-end=\"449\">g\u00fcnstige Preis<\/strong> mit stabiler Versorgung. Mit einem echten <strong data-start=\"487\" data-end=\"509\">60.000 Z\u00fcge Aussto\u00df<\/strong>, kristallklarem Geh\u00e4use und Dual-Tank-Mesh-System, ist dieses Modell darauf ausgelegt, w\u00e4hrend seiner gesamten Lebensdauer konstant zu performen.<\/p>\n<p data-start=\"636\" data-end=\"951\">Der transparente <strong data-start=\"652\" data-end=\"668\">Kristall Vape<\/strong> K\u00f6rper erm\u00f6glicht es den Nutzern, den E-Liquid-Stand auf einen Blick zu \u00fcberwachen, was Missbrauch und R\u00fcckgaben auf Einzelhandelsniveau reduziert. Im Inneren, <strong data-start=\"784\" data-end=\"809\">Dual-Tank + Mesh-Spule<\/strong> Struktur liefert sauberen Dampf und gleichbleibenden Geschmack, auch bei langen Sitzungen, was es <strong data-start=\"898\" data-end=\"916\">RAZZ BAR 60000<\/strong> f\u00fcr Vielnutzer geeignet macht.<\/p>\n<p data-start=\"953\" data-end=\"1256\">A <strong data-start=\"955\" data-end=\"986\">650mAh wiederaufladbarer Akku<\/strong> mit <strong data-start=\"992\" data-end=\"1011\">Typ-C-Laden<\/strong> stellt sicher, dass das Ger\u00e4t lange genug h\u00e4lt, um die E-Liquid vollst\u00e4ndig zu verbrauchen, und vermeidet das h\u00e4ufige Power-Drop-Problem bei gro\u00dfen Puffer-Disposables. Erh\u00e4ltlich in <strong data-start=\"1162\" data-end=\"1184\">2% und 5% Salz-Nikotin<\/strong>, es deckt die g\u00e4ngigen EU-Anforderungen ab und bleibt gleichzeitig wettbewerbsf\u00e4hig im Preis.<\/p>\n<p data-start=\"1258\" data-end=\"1502\">Mit <strong data-start=\"1263\" data-end=\"1315\">EU-Schnellversand aus dem lokalen Lager (5\u20137 Tage)<\/strong>, hilft der RAZZ BAR 60K Gro\u00dfh\u00e4ndlern, Lieferzyklen zu verk\u00fcrzen und Logistikrisiken zu minimieren. Dies ist eine praktische Wahl f\u00fcr H\u00e4ndler, die das Volumen steigern m\u00f6chten, ohne die Zuverl\u00e4ssigkeit zu opfern.<\/p>\n<p data-start=\"1504\" data-end=\"1586\"><strong data-start=\"1507\" data-end=\"1586\">Kontaktieren Sie uns jetzt f\u00fcr Gro\u00dfhandelspreise der RAZZ BAR 60K und Verf\u00fcgbarkeit im EU-Lager.<\/strong><\/p>\n<p><strong><span style=\"color: #ff0000;\">F\u00fcge Amy auf WhatsApp hinzu, um sofort eine Antwort und einen Vape-Gutschein zu erhalten!<\/span><\/strong><\/p>\n<p><img fetchpriority=\"high\" decoding=\"async\" class=\"size-full wp-image-2932\" src=\"https:\/\/vapestornado.com\/wp-content\/uploads\/2024\/12\/Vape-Wholesale.jpg\" alt=\"Vape-Gro\u00dfhandel\" width=\"229\" height=\"300\" \/><\/p>\n<h3><a href=\"https:\/\/wa.me\/8617776015835\" target=\"_blank\" rel=\"noopener\"><span style=\"color: #ff0000;\"><strong>WhatsApp: +86 17776015835<\/strong><\/span><\/a><\/h3>\n<h2><strong>RAZZ BAR 60K Puffs Schl\u00fcsselproduktmerkmale<\/strong><\/h2>\n<ul>\n<li data-start=\"1651\" data-end=\"1751\">\n<p data-start=\"1653\" data-end=\"1751\"><strong data-start=\"1653\" data-end=\"1679\">Kapazit\u00e4t von 60.000 Puffs:<\/strong> F\u00fcr l\u00e4ngeren Gebrauch konzipiert mit stabilem Dampfoutput von Anfang bis Ende.<\/p>\n<\/li>\n<li data-start=\"1752\" data-end=\"1857\">\n<p data-start=\"1754\" data-end=\"1857\"><strong data-start=\"1754\" data-end=\"1785\">Kristallklares Design:<\/strong> Klare H\u00fclle verbessert die Regalattraktivit\u00e4t und erm\u00f6glicht eine einfache \u00dcberpr\u00fcfung des \u00d6lstands.<\/p>\n<\/li>\n<li data-start=\"1858\" data-end=\"1955\">\n<p data-start=\"1860\" data-end=\"1955\"><strong data-start=\"1860\" data-end=\"1884\">Doppelkammer-Mesh-Spule:<\/strong> Sorgt f\u00fcr gleichm\u00e4\u00dfigen Dampf und konsistente Geschmacks\u00fcbertragung bei langem Gebrauch.<\/p>\n<\/li>\n<li data-start=\"1956\" data-end=\"2066\">\n<p data-start=\"1958\" data-end=\"2066\"><strong data-start=\"1958\" data-end=\"1990\">650 mAh wiederaufladbarer Akku:<\/strong> Passendes Stromversorgungssystem unterst\u00fctzt den vollst\u00e4ndigen \u00d6lverbrauch ohne vorzeitigen Ausfall.<\/p>\n<\/li>\n<li data-start=\"2067\" data-end=\"2153\">\n<p data-start=\"2069\" data-end=\"2153\"><strong data-start=\"2069\" data-end=\"2090\">EU-Schnellversand:<\/strong> Versand aus EU-Lager innerhalb von 5\u20137 Tagen f\u00fcr schnelleren Umsatz.<\/p>\n<\/li>\n<\/ul>\n<h2 class=\"product-title\"><strong>Liste der Geschmacksrichtungen der RAZZ BAR 60K 60000Puff<\/strong><\/h2>\n<ol data-start=\"2189\" data-end=\"2540\">\n<li data-start=\"2189\" data-end=\"2211\">\n<p data-start=\"2192\" data-end=\"2211\">Erdbeer-Banane<\/p>\n<\/li>\n<li data-start=\"2212\" data-end=\"2232\">\n<p data-start=\"2215\" data-end=\"2232\">Saftiger Pfirsicheis<\/p>\n<\/li>\n<li data-start=\"2233\" data-end=\"2247\">\n<p data-start=\"2236\" data-end=\"2247\">Coco Loco<\/p>\n<\/li>\n<li data-start=\"2248\" data-end=\"2272\">\n<p data-start=\"2251\" data-end=\"2272\">Sour Sour Raspberry<\/p>\n<\/li>\n<li data-start=\"2273\" data-end=\"2290\">\n<p data-start=\"2276\" data-end=\"2290\">Zuckerwatte<\/p>\n<\/li>\n<li data-start=\"2291\" data-end=\"2306\">\n<p data-start=\"2294\" data-end=\"2306\">Gummib\u00e4rchen<\/p>\n<\/li>\n<li data-start=\"2307\" data-end=\"2332\">\n<p data-start=\"2310\" data-end=\"2332\">Blaubeere Wassermelone<\/p>\n<\/li>\n<li data-start=\"2333\" data-end=\"2363\">\n<p data-start=\"2336\" data-end=\"2363\">Zitrone Pfirsich Passionsfrucht<\/p>\n<\/li>\n<li data-start=\"2364\" data-end=\"2402\">\n<p data-start=\"2367\" data-end=\"2402\">Schwarzes Eis Drachenfrucht Erdbeere<\/p>\n<\/li>\n<li data-start=\"2403\" data-end=\"2422\">\n<p data-start=\"2407\" data-end=\"2422\">Gemischte Beeren<\/p>\n<\/li>\n<li data-start=\"2423\" data-end=\"2436\">\n<p data-start=\"2427\" data-end=\"2436\">Liebe 66<\/p>\n<\/li>\n<li data-start=\"2437\" data-end=\"2458\">\n<p data-start=\"2441\" data-end=\"2458\">Erdbeer Kiwi<\/p>\n<\/li>\n<li data-start=\"2459\" data-end=\"2479\">\n<p data-start=\"2463\" data-end=\"2479\">Tropische Frucht<\/p>\n<\/li>\n<li data-start=\"2480\" data-end=\"2509\">\n<p data-start=\"2484\" data-end=\"2509\">Erdbeer Vanille Cola<\/p>\n<\/li>\n<li data-start=\"2510\" data-end=\"2521\">\n<p data-start=\"2514\" data-end=\"2521\">Mango<\/p>\n<\/li>\n<li data-start=\"2522\" data-end=\"2540\">\n<p data-start=\"2526\" data-end=\"2540\">Sommertraum<\/p>\n<\/li>\n<\/ol>\n<figure id=\"attachment_4848\" aria-describedby=\"caption-attachment-4848\" style=\"width: 228px\" class=\"wp-caption alignnone\"><img decoding=\"async\" class=\"size-medium wp-image-4848\" src=\"https:\/\/vapestornado.com\/wp-content\/uploads\/2026\/01\/RAZZ-BAR-60000-Puffs-Crystal-60K-Mesh-Coil-Disposable-Vape-228x300.webp\" alt=\"RAZZ BAR 60000 Z\u00fcge Kristall 60K Mesh Coil Einweg-Vape\" width=\"228\" height=\"300\" srcset=\"https:\/\/vapestornado.com\/wp-content\/uploads\/2026\/01\/RAZZ-BAR-60000-Puffs-Crystal-60K-Mesh-Coil-Disposable-Vape-228x300.webp 228w, https:\/\/vapestornado.com\/wp-content\/uploads\/2026\/01\/RAZZ-BAR-60000-Puffs-Crystal-60K-Mesh-Coil-Disposable-Vape-777x1024.webp 777w, https:\/\/vapestornado.com\/wp-content\/uploads\/2026\/01\/RAZZ-BAR-60000-Puffs-Crystal-60K-Mesh-Coil-Disposable-Vape-768x1013.webp 768w, https:\/\/vapestornado.com\/wp-content\/uploads\/2026\/01\/RAZZ-BAR-60000-Puffs-Crystal-60K-Mesh-Coil-Disposable-Vape-9x12.webp 9w, https:\/\/vapestornado.com\/wp-content\/uploads\/2026\/01\/RAZZ-BAR-60000-Puffs-Crystal-60K-Mesh-Coil-Disposable-Vape-600x791.webp 600w, https:\/\/vapestornado.com\/wp-content\/uploads\/2026\/01\/RAZZ-BAR-60000-Puffs-Crystal-60K-Mesh-Coil-Disposable-Vape.webp 910w\" sizes=\"(max-width: 228px) 100vw, 228px\" \/><figcaption id=\"caption-attachment-4848\" class=\"wp-caption-text\">RAZZ BAR 60000 Z\u00fcge Kristall 60K Mesh Coil Einweg-Vape<\/figcaption><\/figure>\n<h2 data-start=\"2547\" data-end=\"2587\">Warum Gro\u00dfh\u00e4ndler RAZZBAR 60000 w\u00e4hlen<\/h2>\n<ul data-start=\"2589\" data-end=\"2800\">\n<li data-start=\"2589\" data-end=\"2637\">\n<p data-start=\"2591\" data-end=\"2637\">Hohe Zuganzahl erh\u00f6ht die Kundenbindung<\/p>\n<\/li>\n<li data-start=\"2638\" data-end=\"2689\">\n<p data-start=\"2640\" data-end=\"2689\">Kristall-Design steigert den wahrgenommenen Wert im Einzelhandel<\/p>\n<\/li>\n<li data-start=\"2690\" data-end=\"2750\">\n<p data-start=\"2692\" data-end=\"2750\">EU-Lagerbestand reduziert Liefer- und Zolldruck<\/p>\n<\/li>\n<li data-start=\"2751\" data-end=\"2800\">\n<p data-start=\"2753\" data-end=\"2800\">Wettbewerbsf\u00e4hige Kosten unterst\u00fctzen Gewinnmargen bei Gro\u00dfbestellungen<\/p>\n<\/li>\n<\/ul>\n<p>&nbsp;<\/p>\n<div class=\"flex-shrink-0 flex flex-col relative items-end\">\n<div class=\"pt-0\">\n<div class=\"gizmo-bot-avatar flex h-8 w-8 items-center justify-center overflow-hidden rounded-full\">\n<div class=\"relative p-1 rounded-sm flex items-center justify-center bg-token-main-surface-primary text-token-text-primary h-8 w-8\">\n<h2 data-start=\"1200\" data-end=\"1487\">Vapes Tornado \u2013 Ihr Gro\u00dfhandels-Online-Vapor-Shop f\u00fcr beliebte Vapes<\/h2>\n<p data-start=\"72\" data-end=\"396\"><strong data-start=\"72\" data-end=\"89\">Vapes Tornado<\/strong> ist ein europaorientierter Gro\u00dfhandels-Online-Vapor-Shop, der eine sorgf\u00e4ltig ausgew\u00e4hlte Auswahl an <strong data-start=\"178\" data-end=\"195\">beliebten Vapes<\/strong> f\u00fcr professionelle Eink\u00e4ufer anbietet. Wir arbeiten mit Einzelh\u00e4ndlern, H\u00e4ndlern und Online-Shops in der gesamten EU zusammen, die stabile Versorgung, klare Produktinformationen und Marken ben\u00f6tigen, die Kunden bereits kennen und vertrauen.<\/p>\n<p data-start=\"398\" data-end=\"687\">Wir arbeiten mit vertrauensw\u00fcrdigen Namen wie <strong data-start=\"247\" data-end=\"352\"><a href=\"https:\/\/vapestornado.com\/de\/product\/randm-12000-puffs-fumot-digital-disposable-vape-wholesale-price\/\">Fumot VAPE<\/a>, <a href=\"https:\/\/vapestornado.com\/de\/product\/original-wga-ultra-35k-35000-puff-rechargeable-crystal-disposable-nicotine-vape-best-discount-price\/\">WGA VAPE<\/a>, <a href=\"https:\/\/vapestornado.com\/de\/product\/vozol-gear-shisha-25k-25000-puffs-best-dtl-disposable-vape-hookah-cheap-price\/\">VOZOL BAR VAPE<\/a>, <\/strong><strong data-start=\"247\" data-end=\"352\">Elf Bar Vape, WASPE Vape, <a href=\"https:\/\/vapestornado.com\/de\/product\/uzy-150k-puffs-6-in-1-flavor-switch-disposable-vape-pen-wholesale\/\">UZY Vape<\/a>, Bang Vape, Razz Bar Vape, und Stag Bar Vape<\/strong>, die f\u00fcr gleichbleibende Qualit\u00e4t und hohe Nachfrage auf dem europ\u00e4ischen Markt ausgew\u00e4hlt wurden.<\/p>\n<h4 data-start=\"1080\" data-end=\"1120\">F\u00fcr europ\u00e4ische Vaper im Gro\u00dfhandel entwickelt<\/h4>\n<p data-start=\"1121\" data-end=\"1189\">Vapes Tornado ist auf die tats\u00e4chlichen Bed\u00fcrfnisse von EU-Gro\u00dfh\u00e4ndlern ausgerichtet:<\/p>\n<ul data-start=\"1190\" data-end=\"1400\">\n<li data-start=\"1190\" data-end=\"1239\">\n<p data-start=\"1192\" data-end=\"1239\">Wettbewerbsf\u00e4hige Gro\u00dfhandelspreise f\u00fcr Gro\u00dfbestellungen<\/p>\n<\/li>\n<li data-start=\"1240\" data-end=\"1289\">\n<p data-start=\"1242\" data-end=\"1289\">Klare Produktbeschreibungen und Spezifikationen<\/p>\n<\/li>\n<li data-start=\"1290\" data-end=\"1330\">\n<p data-start=\"1292\" data-end=\"1330\">Schnelle, zuverl\u00e4ssige EU-orientierte Logistik<\/p>\n<\/li>\n<li data-start=\"1331\" data-end=\"1400\">\n<p data-start=\"1333\" data-end=\"1400\">Ein Katalog, der sich auf <strong data-start=\"1356\" data-end=\"1373\">beliebten Vapes<\/strong>, nicht auf \u00fcberf\u00fcllte SKUs<\/p>\n<\/li>\n<\/ul>\n<h2 data-start=\"2064\" data-end=\"2115\">FAQs zu RAZZ BAR 60K 60000 Z\u00fcge Einweg-Vape<\/h2>\n<p data-start=\"2847\" data-end=\"2992\"><strong data-start=\"2847\" data-end=\"2910\">1. Ist der RAZZ BAR 60K f\u00fcr den Gro\u00dfhandelsvertrieb geeignet?<\/strong><br data-start=\"2910\" data-end=\"2913\" \/>Ja, er ist verpackt bei <strong data-start=\"2934\" data-end=\"2956\">200 St\u00fcck pro Karton<\/strong> und f\u00fcr den Verkauf in hohen St\u00fcckzahlen konzipiert.<\/p>\n<p data-start=\"2994\" data-end=\"3119\"><strong data-start=\"2994\" data-end=\"3044\">2. Unterst\u00fctzt der RAZZ BAR 60000 das Aufladen?<\/strong><br data-start=\"3044\" data-end=\"3047\" \/>Ja, es verf\u00fcgt \u00fcber einen <strong data-start=\"3066\" data-end=\"3097\">650mAh wiederaufladbarer Akku<\/strong> mit Type-C-Ladung.<\/p>\n<p data-start=\"3121\" data-end=\"3218\"><strong data-start=\"3121\" data-end=\"3166\">3. Welche Nikotinst\u00e4rken sind verf\u00fcgbar?<\/strong><br data-start=\"3166\" data-end=\"3169\" \/>Erh\u00e4ltlich in <strong data-start=\"3182\" data-end=\"3209\">2% und 5% Salznikotin<\/strong> Optionen.<\/p>\n<p data-start=\"3220\" data-end=\"3312\"><strong data-start=\"3220\" data-end=\"3251\">4. Wie schnell ist die EU-Lieferung?<\/strong><br data-start=\"3251\" data-end=\"3254\" \/>Bestellungen werden innerhalb von <strong data-start=\"3291\" data-end=\"3311\">5\u20137 Werktage<\/strong>.<\/p>\n<p data-start=\"3314\" data-end=\"3479\"><strong data-start=\"3314\" data-end=\"3369\">5. Ist dieses Modell f\u00fcr einen E-Zigaretten-Shop geeignet?<\/strong><br data-start=\"3369\" data-end=\"3372\" \/>Ja, sein Kristalldesign, lange Lebensdauer und Geschmacksvielfalt machen es ideal f\u00fcr den Einzelhandel und Wiederholungsk\u00e4ufe.<\/p>\n<\/div>\n<\/div>\n<\/div>\n<\/div>","protected":false},"excerpt":{"rendered":"<div class=\"flex max-w-full flex-col grow\">\n<div class=\"min-h-8 text-message relative flex w-full flex-col items-end gap-2 text-start break-words whitespace-normal [.text-message+&amp;]:mt-1\" dir=\"auto\" data-message-author-role=\"assistant\" data-message-id=\"2a9d6edf-5b3a-41c0-afc9-caef2e4c2c3b\" data-message-model-slug=\"gpt-5-2\">\n<div class=\"flex w-full flex-col gap-1 empty:hidden first:pt-[1px]\">\n<div class=\"markdown prose dark:prose-invert w-full break-words light markdown-new-styling\">\n<p data-start=\"4300\" data-end=\"4384\">RAZZ BAR 60K Kristall Einweg Vape 60000 Z\u00fcge EU Schneller Versand<br \/>\nRAZZ BAR 60000 Einweg-Dampf G\u00fcnstiger Preis f\u00fcr Gro\u00dfh\u00e4ndler<br \/>\nRAZZ BAR 60K E-Zigaretten Gro\u00dflieferung aus EU-Lager<\/p>\n<\/div>\n<\/div>\n<\/div>\n<\/div>\n<p><strong>F\u00fcgen Sie Amys WhatsApp hinzu, um eine korrekte Antwort und einen Rabattpreis zu erhalten!<\/strong><\/p>\n<p><img fetchpriority=\"high\" decoding=\"async\" class=\"size-full wp-image-2932\" src=\"https:\/\/vapestornado.com\/wp-content\/uploads\/2024\/12\/Vape-Wholesale.jpg\" alt=\"Vape-Gro\u00dfhandel\" width=\"229\" height=\"300\" \/><\/p>\n<h3><a href=\"https:\/\/wa.me\/8617776015835\"><span style=\"color: #ff0000;\"><strong>WhatsApp: +86 17776015835<\/strong><\/span><\/a><\/h3>","protected":false},"featured_media":4849,"comment_status":"open","ping_status":"closed","template":"","meta":{"_acf_changed":false,"_uag_custom_page_level_css":"","_lmt_disableupdate":"no","_lmt_disable":"","_monsterinsights_skip_tracking":false,"_monsterinsights_sitenote_active":false,"_monsterinsights_sitenote_note":"","_monsterinsights_sitenote_category":0,"site-sidebar-layout":"default","site-content-layout":"","ast-site-content-layout":"default","site-content-style":"default","site-sidebar-style":"default","ast-global-header-display":"","ast-banner-title-visibility":"","ast-main-header-display":"","ast-hfb-above-header-display":"","ast-hfb-below-header-display":"","ast-hfb-mobile-header-display":"","site-post-title":"","ast-breadcrumbs-content":"","ast-featured-img":"","footer-sml-layout":"","ast-disable-related-posts":"","theme-transparent-header-meta":"default","adv-header-id-meta":"","stick-header-meta":"","header-above-stick-meta":"","header-main-stick-meta":"","header-below-stick-meta":"","astra-migrate-meta-layouts":"set","ast-page-background-enabled":"default","ast-page-background-meta":{"desktop":{"background-color":"","background-image":"","background-repeat":"repeat","background-position":"center center","background-size":"auto","background-attachment":"scroll","background-type":"","background-media":"","overlay-type":"","overlay-color":"","overlay-opacity":"","overlay-gradient":""},"tablet":{"background-color":"","background-image":"","background-repeat":"repeat","background-position":"center center","background-size":"auto","background-attachment":"scroll","background-type":"","background-media":"","overlay-type":"","overlay-color":"","overlay-opacity":"","overlay-gradient":""},"mobile":{"background-color":"","background-image":"","background-repeat":"repeat","background-position":"center center","background-size":"auto","background-attachment":"scroll","background-type":"","background-media":"","overlay-type":"","overlay-color":"","overlay-opacity":"","overlay-gradient":""}},"ast-content-background-meta":{"desktop":{"background-color":"var(--ast-global-color-5)","background-image":"","background-repeat":"repeat","background-position":"center center","background-size":"auto","background-attachment":"scroll","background-type":"","background-media":"","overlay-type":"","overlay-color":"","overlay-opacity":"","overlay-gradient":""},"tablet":{"background-color":"var(--ast-global-color-5)","background-image":"","background-repeat":"repeat","background-position":"center center","background-size":"auto","background-attachment":"scroll","background-type":"","background-media":"","overlay-type":"","overlay-color":"","overlay-opacity":"","overlay-gradient":""},"mobile":{"background-color":"var(--ast-global-color-5)","background-image":"","background-repeat":"repeat","background-position":"center center","background-size":"auto","background-attachment":"scroll","background-type":"","background-media":"","overlay-type":"","overlay-color":"","overlay-opacity":"","overlay-gradient":""}},"_joinchat":[]},"product_brand":[],"product_cat":[343,149,152,153,154,156,141,492,144,146],"product_tag":[572,120,368,571,573,570,569,568,574],"class_list":{"0":"post-4850","1":"product","2":"type-product","3":"status-publish","4":"has-post-thumbnail","6":"product_cat-60000-puff","7":"product_cat-buy-disposable-vapes-in-austria","8":"product_cat-buy-disposable-vapes-in-cermany","9":"product_cat-buy-disposable-vapes-in-italy","10":"product_cat-buy-disposable-vapes-in-netherlands","11":"product_cat-buy-disposable-vapes-in-poland","12":"product_cat-crystal-disposable-vapes","13":"product_cat-eu-warehouse","14":"product_cat-low-nicotine-disposable-vapes","15":"product_cat-rechargeable-disposable-vapes","16":"product_tag-cheap-price","17":"product_tag-crystal-vape","18":"product_tag-disposable-vapor","19":"product_tag-e-cigarette","20":"product_tag-e-cigarette-store","21":"product_tag-eu-fast-shipping","22":"product_tag-razz-bar-60000","23":"product_tag-razz-bar-60k","24":"product_tag-vape-wholesale-germany","25":"desktop-align-left","26":"tablet-align-left","27":"mobile-align-left","29":"first","30":"instock","31":"sale","32":"shipping-taxable","33":"purchasable","34":"product-type-simple"},"acf":[],"uagb_featured_image_src":{"full":["https:\/\/vapestornado.com\/wp-content\/uploads\/2026\/01\/RAZZ-BAR-Crystal-60k-Disposable-Vape-Wholesale.webp",800,800,false],"thumbnail":["https:\/\/vapestornado.com\/wp-content\/uploads\/2026\/01\/RAZZ-BAR-Crystal-60k-Disposable-Vape-Wholesale-150x150.webp",150,150,true],"medium":["https:\/\/vapestornado.com\/wp-content\/uploads\/2026\/01\/RAZZ-BAR-Crystal-60k-Disposable-Vape-Wholesale-300x300.webp",300,300,true],"medium_large":["https:\/\/vapestornado.com\/wp-content\/uploads\/2026\/01\/RAZZ-BAR-Crystal-60k-Disposable-Vape-Wholesale-768x768.webp",768,768,true],"large":["https:\/\/vapestornado.com\/wp-content\/uploads\/2026\/01\/RAZZ-BAR-Crystal-60k-Disposable-Vape-Wholesale.webp",800,800,false],"1536x1536":["https:\/\/vapestornado.com\/wp-content\/uploads\/2026\/01\/RAZZ-BAR-Crystal-60k-Disposable-Vape-Wholesale.webp",800,800,false],"2048x2048":["https:\/\/vapestornado.com\/wp-content\/uploads\/2026\/01\/RAZZ-BAR-Crystal-60k-Disposable-Vape-Wholesale.webp",800,800,false],"trp-custom-language-flag":["https:\/\/vapestornado.com\/wp-content\/uploads\/2026\/01\/RAZZ-BAR-Crystal-60k-Disposable-Vape-Wholesale-12x12.webp",12,12,true],"woocommerce_thumbnail":["https:\/\/vapestornado.com\/wp-content\/uploads\/2026\/01\/RAZZ-BAR-Crystal-60k-Disposable-Vape-Wholesale-300x300.webp",300,300,true],"woocommerce_single":["https:\/\/vapestornado.com\/wp-content\/uploads\/2026\/01\/RAZZ-BAR-Crystal-60k-Disposable-Vape-Wholesale-600x600.webp",600,600,true],"woocommerce_gallery_thumbnail":["https:\/\/vapestornado.com\/wp-content\/uploads\/2026\/01\/RAZZ-BAR-Crystal-60k-Disposable-Vape-Wholesale-100x100.webp",100,100,true]},"uagb_author_info":{"display_name":"ESAMY","author_link":"https:\/\/vapestornado.com\/de\/author\/"},"uagb_comment_info":0,"uagb_excerpt":"RAZZ BAR 60K Crystal Disposable Vape 60000 Puffs EU Fast Shipping RAZZ BAR 60000 Disposable Vapor Cheap Price for Wholesalers RAZZ BAR 60K E-cigarette Bulk Supply from EU Warehouse Add Amy's whatsapp to get right reply and discount price! WhatsApp: +86 17776015835","_links":{"self":[{"href":"https:\/\/vapestornado.com\/de\/wp-json\/wp\/v2\/product\/4850","targetHints":{"allow":["GET"]}}],"collection":[{"href":"https:\/\/vapestornado.com\/de\/wp-json\/wp\/v2\/product"}],"about":[{"href":"https:\/\/vapestornado.com\/de\/wp-json\/wp\/v2\/types\/product"}],"replies":[{"embeddable":true,"href":"https:\/\/vapestornado.com\/de\/wp-json\/wp\/v2\/comments?post=4850"}],"wp:featuredmedia":[{"embeddable":true,"href":"https:\/\/vapestornado.com\/de\/wp-json\/wp\/v2\/media\/4849"}],"wp:attachment":[{"href":"https:\/\/vapestornado.com\/de\/wp-json\/wp\/v2\/media?parent=4850"}],"wp:term":[{"taxonomy":"product_brand","embeddable":true,"href":"https:\/\/vapestornado.com\/de\/wp-json\/wp\/v2\/product_brand?post=4850"},{"taxonomy":"product_cat","embeddable":true,"href":"https:\/\/vapestornado.com\/de\/wp-json\/wp\/v2\/product_cat?post=4850"},{"taxonomy":"product_tag","embeddable":true,"href":"https:\/\/vapestornado.com\/de\/wp-json\/wp\/v2\/product_tag?post=4850"}],"curies":[{"name":"wp","href":"https:\/\/api.w.org\/{rel}","templated":true}]}}