{"id":4842,"date":"2026-01-24T09:54:19","date_gmt":"2026-01-24T09:54:19","guid":{"rendered":"https:\/\/vapestornado.com\/?post_type=product&#038;p=4842"},"modified":"2026-01-24T10:03:36","modified_gmt":"2026-01-24T10:03:36","slug":"aivono-avn-mate-120k-puffs-double-flaovr-disposable-e-cigarette-adjust-flavor","status":"publish","type":"product","link":"https:\/\/vapestornado.com\/de\/product\/aivono-avn-mate-120k-puffs-double-flaovr-disposable-e-cigarette-adjust-flavor\/","title":{"rendered":"AIVONO AVN MATE 120k Z\u00fcge Doppelgeschmacks Einweg E-Zigarette Einstellbarer Geschmack"},"content":{"rendered":"<h1 data-start=\"0\" data-end=\"87\">AIVONO AVN MATE 120k Z\u00fcge Doppelgeschmacks Einweg E-Zigarette Einstellbarer Geschmack<\/h1>\n<p data-start=\"276\" data-end=\"608\">Der <strong data-start=\"280\" data-end=\"304\">AIVONO AVN MATE 120k<\/strong> ist f\u00fcr Gro\u00dfh\u00e4ndler konzipiert, die eine hochkapazitive, hochwertige Einweg-Vape ben\u00f6tigen, die sich in wettbewerbsintensiven europ\u00e4ischen M\u00e4rkten schnell verkauft. Mit einem <strong data-start=\"439\" data-end=\"464\">120.000 Z\u00fcge Lebensdauer<\/strong>, Dual-Geschmacks-Umschalt-Design und einem intelligenten Bildschirm richtet sich dieses Ger\u00e4t an Nutzer, die Vielfalt, Langlebigkeit und sichtbare Leistung in einem Ger\u00e4t suchen.<\/p>\n<p data-start=\"610\" data-end=\"976\">Entwickelt als ein <strong data-start=\"624\" data-end=\"662\">2-in-1 Dual-Geschmacks Einweg-Vape<\/strong>, erm\u00f6glicht der AIVONO AVN MATE 120000 Nutzern, sofort zwischen zwei Geschmacksrichtungen zu wechseln, ohne das Ger\u00e4t zu wechseln. Dieses einstellbare Geschmackssystem erh\u00f6ht die Nutzungsdauer und verbessert die Kundenzufriedenheit, was es zu einer starken Wahl f\u00fcr <strong data-start=\"887\" data-end=\"911\">Vape-Gro\u00dfhandel Italien<\/strong> K\u00e4ufer macht, die nach Differenzierung suchen bei einem <strong data-start=\"952\" data-end=\"975\">niedrigen Gro\u00dfhandelspreis<\/strong>.<\/p>\n<p data-start=\"978\" data-end=\"1308\">Gro\u00dfen <strong data-start=\"986\" data-end=\"1012\">36 ml E-Liquid-Kapazit\u00e4t<\/strong>, kombiniert mit einem stabilen <strong data-start=\"1037\" data-end=\"1050\">1,0\u03a9 Kern<\/strong>, sorgt f\u00fcr eine konsistente Dampf- und Geschmacksausgabe \u00fcber den gesamten Zugzyklus. Die <strong data-start=\"1127\" data-end=\"1179\">850mAh wiederaufladbare Batterie mit Typ-C-Ladung<\/strong> ist auf das \u00d6lvolumen abgestimmt, sodass Benutzer die Fl\u00fcssigkeit ohne Leistungsverlust aufbrauchen k\u00f6nnen\u2014Reduzierung von Beschwerden und R\u00fccksendungen im Einzelhandel.<\/p>\n<p data-start=\"1310\" data-end=\"1559\">Das integrierte <strong data-start=\"1323\" data-end=\"1337\">LED-Bildschirm<\/strong> zeigt deutlich den Batteriestatus und den E-Liquid-Status an, was dieses Modell als Premium-Produkt positioniert <strong data-start=\"1420\" data-end=\"1440\">E-Zigarette mit Bildschirm<\/strong> und gleichzeitig die Bedienung einfach h\u00e4lt. Kompakte Gr\u00f6\u00dfe hilft H\u00e4ndlern auch, Regalplatz zu optimieren und den Versand in gro\u00dfen Mengen effizienter zu gestalten.<\/p>\n<p data-start=\"1561\" data-end=\"1812\">F\u00fcr H\u00e4ndler, die nach einem zuverl\u00e4ssigen <strong data-start=\"1597\" data-end=\"1612\">AIVONO Vape<\/strong> mit starkem Wiederbestellpotenzial suchen, bietet der AVN MATE 120k Leistung, Geschmacksvielfalt und margenfreundliche Preise.<br data-start=\"1733\" data-end=\"1736\" \/><strong data-start=\"1739\" data-end=\"1812\">Kontaktieren Sie uns jetzt f\u00fcr Vape-Gro\u00dfhandel zu niedrigen Preisen und Gro\u00dflieferungen in Deutschland.<\/strong><\/p>\n<p><strong><span style=\"color: #ff0000;\">F\u00fcge Amy auf WhatsApp hinzu, um sofort eine Antwort und einen Vape-Gutschein zu erhalten!<\/span><\/strong><\/p>\n<p><img fetchpriority=\"high\" decoding=\"async\" class=\"size-full wp-image-2932\" src=\"https:\/\/vapestornado.com\/wp-content\/uploads\/2024\/12\/Vape-Wholesale.jpg\" alt=\"Vape-Gro\u00dfhandel\" width=\"229\" height=\"300\" \/><\/p>\n<h3><a href=\"https:\/\/wa.me\/8617776015835\" target=\"_blank\" rel=\"noopener\"><span style=\"color: #ff0000;\"><strong>WhatsApp: +86 17776015835<\/strong><\/span><\/a><\/h3>\n<h2><strong>AIVONO AVN MATE 120k \u00a0Puffs Produktmerkmale<\/strong><\/h2>\n<div>\n<ul>\n<li data-start=\"1887\" data-end=\"1985\">\n<p data-start=\"1889\" data-end=\"1985\"><strong data-start=\"1889\" data-end=\"1907\">120.000 Z\u00fcge:<\/strong> Wahre Hoch-Puff-Struktur, die f\u00fcr langfristigen Gebrauch und weniger Austausch ausgelegt ist.<\/p>\n<\/li>\n<li data-start=\"1986\" data-end=\"2096\">\n<p data-start=\"1988\" data-end=\"2096\"><strong data-start=\"1988\" data-end=\"2018\">2-in-1-Dual-Geschmacksystem:<\/strong> Zwei Geschmacksrichtungen in einem Ger\u00e4t mit sofortigem Wechsel f\u00fcr h\u00f6here Nutzerbindung.<\/p>\n<\/li>\n<li data-start=\"2097\" data-end=\"2203\">\n<p data-start=\"2099\" data-end=\"2203\"><strong data-start=\"2099\" data-end=\"2126\">36ml E-Liquid-Kapazit\u00e4t:<\/strong> Gro\u00dfes \u00d6lvolumen unterst\u00fctzt stabile Ausgabe w\u00e4hrend der gesamten Puff-Lebensdauer.<\/p>\n<\/li>\n<li data-start=\"2204\" data-end=\"2301\">\n<p data-start=\"2206\" data-end=\"2301\"><strong data-start=\"2206\" data-end=\"2227\">Intelligentes LED-Display:<\/strong> Echtzeit-Anzeige von Batterie- und \u00d6lstand verbessert die Benutzerfreundlichkeit und das Vertrauen in das Produkt.<\/p>\n<\/li>\n<li data-start=\"2302\" data-end=\"2419\">\n<p data-start=\"2304\" data-end=\"2419\"><strong data-start=\"2304\" data-end=\"2343\">850mAh Typ-C wiederaufladbare Batterie:<\/strong> Ausgewogenes Stromsystem sorgt f\u00fcr vollst\u00e4ndigen Verbrauch des E-Liquids ohne Ausfallzeiten.<\/p>\n<\/li>\n<\/ul>\n<figure id=\"attachment_4838\" aria-describedby=\"caption-attachment-4838\" style=\"width: 162px\" class=\"wp-caption alignnone\"><img decoding=\"async\" class=\"size-medium wp-image-4838\" src=\"https:\/\/vapestornado.com\/wp-content\/uploads\/2026\/01\/AIVONO-AVN-MATE-120k-120000-Puffs-Disposable-Vape-Low-Price-162x300.webp\" alt=\"AIVONO AVN MATE 120k 120000 Puffs Einweg-Vape zu niedrigen Preisen\" width=\"162\" height=\"300\" srcset=\"https:\/\/vapestornado.com\/wp-content\/uploads\/2026\/01\/AIVONO-AVN-MATE-120k-120000-Puffs-Disposable-Vape-Low-Price-162x300.webp 162w, https:\/\/vapestornado.com\/wp-content\/uploads\/2026\/01\/AIVONO-AVN-MATE-120k-120000-Puffs-Disposable-Vape-Low-Price-552x1024.webp 552w, https:\/\/vapestornado.com\/wp-content\/uploads\/2026\/01\/AIVONO-AVN-MATE-120k-120000-Puffs-Disposable-Vape-Low-Price-768x1425.webp 768w, https:\/\/vapestornado.com\/wp-content\/uploads\/2026\/01\/AIVONO-AVN-MATE-120k-120000-Puffs-Disposable-Vape-Low-Price-6x12.webp 6w, https:\/\/vapestornado.com\/wp-content\/uploads\/2026\/01\/AIVONO-AVN-MATE-120k-120000-Puffs-Disposable-Vape-Low-Price-600x1113.webp 600w, https:\/\/vapestornado.com\/wp-content\/uploads\/2026\/01\/AIVONO-AVN-MATE-120k-120000-Puffs-Disposable-Vape-Low-Price.webp 800w\" sizes=\"(max-width: 162px) 100vw, 162px\" \/><figcaption id=\"caption-attachment-4838\" class=\"wp-caption-text\">AIVONO AVN MATE 120k 120000 Puffs Einweg-Vape zu niedrigen Preisen<\/figcaption><\/figure>\n<\/div>\n<h2 class=\"product-title\"><strong>AIVONO AVN MATE 120k Puff-Geschmacksliste<\/strong><\/h2>\n<ol data-start=\"2475\" data-end=\"2828\">\n<li data-start=\"2475\" data-end=\"2508\">\n<p data-start=\"2478\" data-end=\"2508\">Kirsche Cola + Wassermelonen-Eis<\/p>\n<\/li>\n<li data-start=\"2509\" data-end=\"2554\">\n<p data-start=\"2512\" data-end=\"2554\">Kiwi Passionsfrucht Guave + Heidelbeer-Eis<\/p>\n<\/li>\n<li data-start=\"2555\" data-end=\"2584\">\n<p data-start=\"2558\" data-end=\"2584\">Regenbogen S\u00fc\u00dfigkeit + Herr Blau<\/p>\n<\/li>\n<li data-start=\"2585\" data-end=\"2617\">\n<p data-start=\"2588\" data-end=\"2617\">Energydrink + Dreifach Mango<\/p>\n<\/li>\n<li data-start=\"2618\" data-end=\"2653\">\n<p data-start=\"2621\" data-end=\"2653\">Erdbeer Banane + Pink Zitrone<\/p>\n<\/li>\n<li data-start=\"2654\" data-end=\"2691\">\n<p data-start=\"2657\" data-end=\"2691\">Heidelbeer Himbeere + Zitrone Minze<\/p>\n<\/li>\n<li data-start=\"2692\" data-end=\"2734\">\n<p data-start=\"2695\" data-end=\"2734\">Erdbeer Wassermelone + Ananas-Eis<\/p>\n<\/li>\n<li data-start=\"2735\" data-end=\"2768\">\n<p data-start=\"2738\" data-end=\"2768\">Ananas Orange Limette + Minze<\/p>\n<\/li>\n<li data-start=\"2769\" data-end=\"2796\">\n<p data-start=\"2772\" data-end=\"2796\">Zitrone Limette + Traube-Eis<\/p>\n<\/li>\n<li data-start=\"2797\" data-end=\"2828\">\n<p data-start=\"2801\" data-end=\"2828\">Gummib\u00e4rchen + Gemischte Beeren<\/p>\n<h2 data-start=\"2835\" data-end=\"2886\">Warum Gro\u00dfhandelskunden AIVONO AVN MATE 120k w\u00e4hlen<\/h2>\n<ul data-start=\"2888\" data-end=\"3159\">\n<li data-start=\"2888\" data-end=\"2950\">\n<p data-start=\"2890\" data-end=\"2950\">Doppelgeschmacksdesign erh\u00f6ht die Regalattraktivit\u00e4t und Wiederholungsk\u00e4ufe<\/p>\n<\/li>\n<li data-start=\"2951\" data-end=\"3020\">\n<p data-start=\"2953\" data-end=\"3020\">Hohe Puff-Anzahl verringert den Austauschbedarf und das Risiko nach dem Verkauf<\/p>\n<\/li>\n<li data-start=\"3021\" data-end=\"3091\">\n<p data-start=\"3023\" data-end=\"3091\">Smart Screen erh\u00f6ht den Premium-Wert, ohne die Kosten erheblich zu steigern<\/p>\n<\/li>\n<li data-start=\"3092\" data-end=\"3159\">\n<p data-start=\"3094\" data-end=\"3159\">Ideal f\u00fcr <strong data-start=\"3104\" data-end=\"3128\">Vape-Gro\u00dfhandel Italien<\/strong> und EU-Vertriebskan\u00e4le<\/p>\n<\/li>\n<\/ul>\n<\/li>\n<\/ol>\n<div class=\"flex-shrink-0 flex flex-col relative items-end\">\n<div class=\"pt-0\">\n<div class=\"gizmo-bot-avatar flex h-8 w-8 items-center justify-center overflow-hidden rounded-full\">\n<div class=\"relative p-1 rounded-sm flex items-center justify-center bg-token-main-surface-primary text-token-text-primary h-8 w-8\">\n<h2 data-start=\"1200\" data-end=\"1487\">Vapes Tornado \u2013 Ihr Gro\u00dfhandels-Online-Vapor-Shop f\u00fcr beliebte Vapes<\/h2>\n<p data-start=\"72\" data-end=\"396\"><strong data-start=\"72\" data-end=\"89\">Vapes Tornado<\/strong> ist ein europaorientierter Gro\u00dfhandels-Online-Vapor-Shop, der eine sorgf\u00e4ltig ausgew\u00e4hlte Auswahl an <strong data-start=\"178\" data-end=\"195\">beliebten Vapes<\/strong> f\u00fcr professionelle Eink\u00e4ufer anbietet. Wir arbeiten mit Einzelh\u00e4ndlern, H\u00e4ndlern und Online-Shops in der gesamten EU zusammen, die stabile Versorgung, klare Produktinformationen und Marken ben\u00f6tigen, die Kunden bereits kennen und vertrauen.<\/p>\n<p data-start=\"398\" data-end=\"687\">Wir arbeiten mit vertrauensw\u00fcrdigen Namen wie <strong data-start=\"247\" data-end=\"352\"><a href=\"https:\/\/vapestornado.com\/de\/product\/randm-12000-puffs-fumot-digital-disposable-vape-wholesale-price\/\">Fumot VAPE<\/a>, <a href=\"https:\/\/vapestornado.com\/de\/product\/original-wga-ultra-35k-35000-puff-rechargeable-crystal-disposable-nicotine-vape-best-discount-price\/\">WGA VAPE<\/a>, <a href=\"https:\/\/vapestornado.com\/de\/product\/vozol-gear-shisha-25k-25000-puffs-best-dtl-disposable-vape-hookah-cheap-price\/\">VOZOL BAR VAPE<\/a>, <\/strong><strong data-start=\"247\" data-end=\"352\">Elf Bar Vape, WASPE Vape, <a href=\"https:\/\/vapestornado.com\/de\/product\/uzy-150k-puffs-6-in-1-flavor-switch-disposable-vape-pen-wholesale\/\">UZY Vape<\/a>, Bang Vape, Razz Bar Vape, und Stag Bar Vape<\/strong>, die f\u00fcr gleichbleibende Qualit\u00e4t und hohe Nachfrage auf dem europ\u00e4ischen Markt ausgew\u00e4hlt wurden.<\/p>\n<h4 data-start=\"1080\" data-end=\"1120\">F\u00fcr europ\u00e4ische Vaper im Gro\u00dfhandel entwickelt<\/h4>\n<p data-start=\"1121\" data-end=\"1189\">Vapes Tornado ist auf die tats\u00e4chlichen Bed\u00fcrfnisse von EU-Gro\u00dfh\u00e4ndlern ausgerichtet:<\/p>\n<ul data-start=\"1190\" data-end=\"1400\">\n<li data-start=\"1190\" data-end=\"1239\">\n<p data-start=\"1192\" data-end=\"1239\">Wettbewerbsf\u00e4hige Gro\u00dfhandelspreise f\u00fcr Gro\u00dfbestellungen<\/p>\n<\/li>\n<li data-start=\"1240\" data-end=\"1289\">\n<p data-start=\"1242\" data-end=\"1289\">Klare Produktbeschreibungen und Spezifikationen<\/p>\n<\/li>\n<li data-start=\"1290\" data-end=\"1330\">\n<p data-start=\"1292\" data-end=\"1330\">Schnelle, zuverl\u00e4ssige EU-orientierte Logistik<\/p>\n<\/li>\n<li data-start=\"1331\" data-end=\"1400\">\n<p data-start=\"1333\" data-end=\"1400\">Ein Katalog, der sich auf <strong data-start=\"1356\" data-end=\"1373\">beliebten Vapes<\/strong>, nicht auf \u00fcberf\u00fcllte SKUs<\/p>\n<\/li>\n<\/ul>\n<h2 data-start=\"2064\" data-end=\"2115\">FAQs zu AIVONO AVN MATE 120k Zigaretten-Ersatzger\u00e4t<\/h2>\n<p data-start=\"3198\" data-end=\"3373\"><strong data-start=\"3198\" data-end=\"3260\">1. Ist das AIVONO AVN MATE 120k ein echtes 120.000-Puff-Ger\u00e4t?<\/strong><br data-start=\"3260\" data-end=\"3263\" \/>Ja, es ist mit einem passenden Akku- und \u00d6lsystem konstruiert, um die volle Puff-Reichweite bei normaler Nutzung zu unterst\u00fctzen.<\/p>\n<p data-start=\"3375\" data-end=\"3514\"><strong data-start=\"3375\" data-end=\"3419\">2. Wie funktioniert das Dual-Geschmacks-System?<\/strong><br data-start=\"3419\" data-end=\"3422\" \/>Benutzer k\u00f6nnen zwischen zwei Geschmacksrichtungen wechseln, die im selben Ger\u00e4t integriert sind, ohne zu mischen oder nachzuf\u00fcllen.<\/p>\n<p data-start=\"3516\" data-end=\"3619\"><strong data-start=\"3516\" data-end=\"3562\">3. Ist dies eine wiederaufladbare Einweg-Vape?<\/strong><br data-start=\"3562\" data-end=\"3565\" \/>Ja, es verf\u00fcgt \u00fcber eine wiederaufladbare Type-C 850mAh Batterie.<\/p>\n<p data-start=\"3621\" data-end=\"3727\"><strong data-start=\"3621\" data-end=\"3666\">4. Welche Nikotinst\u00e4rken sind verf\u00fcgbar?<\/strong><br data-start=\"3666\" data-end=\"3669\" \/>Das Ger\u00e4t ist erh\u00e4ltlich in <strong data-start=\"3696\" data-end=\"3726\">2% und 5% Nikotinoptionen<\/strong>.<\/p>\n<p data-start=\"3729\" data-end=\"3888\"><strong data-start=\"3729\" data-end=\"3789\">5. Ist dies f\u00fcr den Gro\u00dfhandelsvertrieb in Deutschland geeignet?<\/strong><br data-start=\"3789\" data-end=\"3792\" \/>Ja, das Design, die Preisgestaltung und die Geschmacksstruktur sind gut auf den deutschen Gro\u00dfhandelsmarkt abgestimmt.<\/p>\n<\/div>\n<\/div>\n<\/div>\n<\/div>","protected":false},"excerpt":{"rendered":"<div class=\"flex max-w-full flex-col grow\">\n<div class=\"min-h-8 text-message relative flex w-full flex-col items-end gap-2 text-start break-words whitespace-normal [.text-message+&amp;]:mt-1\" dir=\"auto\" data-message-author-role=\"assistant\" data-message-id=\"2a9d6edf-5b3a-41c0-afc9-caef2e4c2c3b\" data-message-model-slug=\"gpt-5-2\">\n<div class=\"flex w-full flex-col gap-1 empty:hidden first:pt-[1px]\">\n<div class=\"markdown prose dark:prose-invert w-full break-words light markdown-new-styling\">\n<p data-start=\"4127\" data-end=\"4213\"><strong data-start=\"4127\" data-end=\"4211\">AIVONO AVN MATE 120k Dual-Geschmack Einweg-Vape mit Bildschirm f\u00fcr Gro\u00dfhandel in Deutschland<\/strong><\/p>\n<p data-start=\"4217\" data-end=\"4296\"><strong data-start=\"4217\" data-end=\"4294\">AIVONO AVN MATE 120000 Z\u00fcge 2-in-1 Einweg-Vape G\u00fcnstiger Gro\u00dfhandel<\/strong><\/p>\n<p data-start=\"4300\" data-end=\"4384\"><strong data-start=\"4300\" data-end=\"4384\">AIVONO AVN MATE 120k Einstellbare Geschmack Einweg E-Zigarette f\u00fcr Vape-Gro\u00dfhandel<\/strong><\/p>\n<\/div>\n<\/div>\n<\/div>\n<\/div>\n<p><strong>F\u00fcgen Sie Amys WhatsApp hinzu, um eine korrekte Antwort und einen Rabattpreis zu erhalten!<\/strong><\/p>\n<p><img fetchpriority=\"high\" decoding=\"async\" class=\"size-full wp-image-2932\" src=\"https:\/\/vapestornado.com\/wp-content\/uploads\/2024\/12\/Vape-Wholesale.jpg\" alt=\"Vape-Gro\u00dfhandel\" width=\"229\" height=\"300\" \/><\/p>\n<h3><a href=\"https:\/\/wa.me\/8617776015835\"><span style=\"color: #ff0000;\"><strong>WhatsApp: +86 17776015835<\/strong><\/span><\/a><\/h3>","protected":false},"featured_media":4837,"comment_status":"open","ping_status":"closed","template":"","meta":{"_acf_changed":false,"_uag_custom_page_level_css":"","_lmt_disableupdate":"no","_lmt_disable":"","_monsterinsights_skip_tracking":false,"_monsterinsights_sitenote_active":false,"_monsterinsights_sitenote_note":"","_monsterinsights_sitenote_category":0,"site-sidebar-layout":"default","site-content-layout":"","ast-site-content-layout":"default","site-content-style":"default","site-sidebar-style":"default","ast-global-header-display":"","ast-banner-title-visibility":"","ast-main-header-display":"","ast-hfb-above-header-display":"","ast-hfb-below-header-display":"","ast-hfb-mobile-header-display":"","site-post-title":"","ast-breadcrumbs-content":"","ast-featured-img":"","footer-sml-layout":"","ast-disable-related-posts":"","theme-transparent-header-meta":"default","adv-header-id-meta":"","stick-header-meta":"","header-above-stick-meta":"","header-main-stick-meta":"","header-below-stick-meta":"","astra-migrate-meta-layouts":"set","ast-page-background-enabled":"default","ast-page-background-meta":{"desktop":{"background-color":"","background-image":"","background-repeat":"repeat","background-position":"center center","background-size":"auto","background-attachment":"scroll","background-type":"","background-media":"","overlay-type":"","overlay-color":"","overlay-opacity":"","overlay-gradient":""},"tablet":{"background-color":"","background-image":"","background-repeat":"repeat","background-position":"center center","background-size":"auto","background-attachment":"scroll","background-type":"","background-media":"","overlay-type":"","overlay-color":"","overlay-opacity":"","overlay-gradient":""},"mobile":{"background-color":"","background-image":"","background-repeat":"repeat","background-position":"center center","background-size":"auto","background-attachment":"scroll","background-type":"","background-media":"","overlay-type":"","overlay-color":"","overlay-opacity":"","overlay-gradient":""}},"ast-content-background-meta":{"desktop":{"background-color":"var(--ast-global-color-5)","background-image":"","background-repeat":"repeat","background-position":"center center","background-size":"auto","background-attachment":"scroll","background-type":"","background-media":"","overlay-type":"","overlay-color":"","overlay-opacity":"","overlay-gradient":""},"tablet":{"background-color":"var(--ast-global-color-5)","background-image":"","background-repeat":"repeat","background-position":"center center","background-size":"auto","background-attachment":"scroll","background-type":"","background-media":"","overlay-type":"","overlay-color":"","overlay-opacity":"","overlay-gradient":""},"mobile":{"background-color":"var(--ast-global-color-5)","background-image":"","background-repeat":"repeat","background-position":"center center","background-size":"auto","background-attachment":"scroll","background-type":"","background-media":"","overlay-type":"","overlay-color":"","overlay-opacity":"","overlay-gradient":""}},"_joinchat":[]},"product_brand":[],"product_cat":[347,176,150,152,153,158,141,142,492,144,146],"product_tag":[567,563,562,564,195,566,565,522,269],"class_list":{"0":"post-4842","1":"product","2":"type-product","3":"status-publish","4":"has-post-thumbnail","6":"product_cat-120000-puff","7":"product_cat-aivono-vape","8":"product_cat-buy-disposable-vapes-in-belgium","9":"product_cat-buy-disposable-vapes-in-cermany","10":"product_cat-buy-disposable-vapes-in-italy","11":"product_cat-buy-disposable-vapes-in-spain","12":"product_cat-crystal-disposable-vapes","13":"product_cat-digital-box-disposable-vapes","14":"product_cat-eu-warehouse","15":"product_cat-low-nicotine-disposable-vapes","16":"product_cat-rechargeable-disposable-vapes","17":"product_tag-2-in-1-flavor","18":"product_tag-aivono-avn-mate-120000","19":"product_tag-aivono-avn-mate-120k","20":"product_tag-aivono-vape","21":"product_tag-dual-flavor-disposable-vape","22":"product_tag-puff-120k","23":"product_tag-vape-wholesale-at-low-price","24":"product_tag-vape-wholesale-italy","25":"product_tag-vape-with-screen","26":"desktop-align-left","27":"tablet-align-left","28":"mobile-align-left","30":"first","31":"instock","32":"sale","33":"shipping-taxable","34":"purchasable","35":"product-type-simple"},"acf":[],"uagb_featured_image_src":{"full":["https:\/\/vapestornado.com\/wp-content\/uploads\/2026\/01\/AIVONO-AVN-MATE-120k-120000-Puffs-Disposable-Vape-Double-Flaovr.webp",800,800,false],"thumbnail":["https:\/\/vapestornado.com\/wp-content\/uploads\/2026\/01\/AIVONO-AVN-MATE-120k-120000-Puffs-Disposable-Vape-Double-Flaovr-150x150.webp",150,150,true],"medium":["https:\/\/vapestornado.com\/wp-content\/uploads\/2026\/01\/AIVONO-AVN-MATE-120k-120000-Puffs-Disposable-Vape-Double-Flaovr-300x300.webp",300,300,true],"medium_large":["https:\/\/vapestornado.com\/wp-content\/uploads\/2026\/01\/AIVONO-AVN-MATE-120k-120000-Puffs-Disposable-Vape-Double-Flaovr-768x768.webp",768,768,true],"large":["https:\/\/vapestornado.com\/wp-content\/uploads\/2026\/01\/AIVONO-AVN-MATE-120k-120000-Puffs-Disposable-Vape-Double-Flaovr.webp",800,800,false],"1536x1536":["https:\/\/vapestornado.com\/wp-content\/uploads\/2026\/01\/AIVONO-AVN-MATE-120k-120000-Puffs-Disposable-Vape-Double-Flaovr.webp",800,800,false],"2048x2048":["https:\/\/vapestornado.com\/wp-content\/uploads\/2026\/01\/AIVONO-AVN-MATE-120k-120000-Puffs-Disposable-Vape-Double-Flaovr.webp",800,800,false],"trp-custom-language-flag":["https:\/\/vapestornado.com\/wp-content\/uploads\/2026\/01\/AIVONO-AVN-MATE-120k-120000-Puffs-Disposable-Vape-Double-Flaovr-12x12.webp",12,12,true],"woocommerce_thumbnail":["https:\/\/vapestornado.com\/wp-content\/uploads\/2026\/01\/AIVONO-AVN-MATE-120k-120000-Puffs-Disposable-Vape-Double-Flaovr-300x300.webp",300,300,true],"woocommerce_single":["https:\/\/vapestornado.com\/wp-content\/uploads\/2026\/01\/AIVONO-AVN-MATE-120k-120000-Puffs-Disposable-Vape-Double-Flaovr-600x600.webp",600,600,true],"woocommerce_gallery_thumbnail":["https:\/\/vapestornado.com\/wp-content\/uploads\/2026\/01\/AIVONO-AVN-MATE-120k-120000-Puffs-Disposable-Vape-Double-Flaovr-100x100.webp",100,100,true]},"uagb_author_info":{"display_name":"ESAMY","author_link":"https:\/\/vapestornado.com\/de\/author\/"},"uagb_comment_info":0,"uagb_excerpt":"AIVONO AVN MATE 120k Dual Flavor Disposable Vape with Screen for Italy Wholesale AIVONO AVN MATE 120000 Puffs 2 in 1 Disposable Vape Low Price Bulk Supply AIVONO AVN MATE 120k Adjustable Flavor Disposable E-Cigarette for Vape Wholesale Add Amy's whatsapp to get right reply and discount price! WhatsApp: +86 17776015835","_links":{"self":[{"href":"https:\/\/vapestornado.com\/de\/wp-json\/wp\/v2\/product\/4842","targetHints":{"allow":["GET"]}}],"collection":[{"href":"https:\/\/vapestornado.com\/de\/wp-json\/wp\/v2\/product"}],"about":[{"href":"https:\/\/vapestornado.com\/de\/wp-json\/wp\/v2\/types\/product"}],"replies":[{"embeddable":true,"href":"https:\/\/vapestornado.com\/de\/wp-json\/wp\/v2\/comments?post=4842"}],"wp:featuredmedia":[{"embeddable":true,"href":"https:\/\/vapestornado.com\/de\/wp-json\/wp\/v2\/media\/4837"}],"wp:attachment":[{"href":"https:\/\/vapestornado.com\/de\/wp-json\/wp\/v2\/media?parent=4842"}],"wp:term":[{"taxonomy":"product_brand","embeddable":true,"href":"https:\/\/vapestornado.com\/de\/wp-json\/wp\/v2\/product_brand?post=4842"},{"taxonomy":"product_cat","embeddable":true,"href":"https:\/\/vapestornado.com\/de\/wp-json\/wp\/v2\/product_cat?post=4842"},{"taxonomy":"product_tag","embeddable":true,"href":"https:\/\/vapestornado.com\/de\/wp-json\/wp\/v2\/product_tag?post=4842"}],"curies":[{"name":"wp","href":"https:\/\/api.w.org\/{rel}","templated":true}]}}