{"id":4795,"date":"2026-01-13T03:09:18","date_gmt":"2026-01-13T03:09:18","guid":{"rendered":"https:\/\/vapestornado.com\/?post_type=product&#038;p=4795"},"modified":"2026-01-13T03:17:55","modified_gmt":"2026-01-13T03:17:55","slug":"al-fakher-crown-bar-15k-ice-adjust-disposable-shisha-hookah-wholesale-netherlands","status":"publish","type":"product","link":"https:\/\/vapestornado.com\/de\/product\/al-fakher-crown-bar-15k-ice-adjust-disposable-shisha-hookah-wholesale-netherlands\/","title":{"rendered":"Al Fakher Crown Bar 15K Ice Adjust Einweg-Shisha-Tabak Wasserpfeife Gro\u00dfhandel Deutschland"},"content":{"rendered":"<h1 data-start=\"0\" data-end=\"87\">Al Fakher Mega Max 40K Z\u00fcge Crown Bar Einweg E-Shisha Hookah Vape mit Einstellbarer Luftzufuhr<\/h1>\n<p data-start=\"107\" data-end=\"502\">Die Al Fakher Crown Bar 15K Ice Adjust ist f\u00fcr den europ\u00e4ischen Gro\u00dfhandelsmarkt konzipiert, der Geschmackssteuerung, lange Lebensdauer und zuverl\u00e4ssige Qualit\u00e4t verlangt <strong data-start=\"259\" data-end=\"274\">g\u00fcnstige Preis<\/strong>vereint. Entwickelt f\u00fcr <strong data-start=\"289\" data-end=\"316\">Einweg E-Zigaretten<\/strong> Einzelh\u00e4ndlern und <strong data-start=\"331\" data-end=\"368\">Gro\u00dfhandel f\u00fcr Einweg-Vapes Frankreich<\/strong> Vertriebspartner, dieses Modell liefert bis zu <strong data-start=\"409\" data-end=\"440\">15.000 sanfte, stabile Z\u00fcge<\/strong> mit Al Fakher\u2019s charakteristischer Geschmacksgenauigkeit und hochwertiger Verarbeitung.<\/p>\n<p data-start=\"504\" data-end=\"842\">Im Gegensatz zu Standard-Einwegprodukten erm\u00f6glicht das <strong data-start=\"537\" data-end=\"568\">Crown Bar Ice Adjust-System<\/strong> Benutzern, die K\u00fchlintensit\u00e4t zu steuern, sodass jeder Kunde einen starken eisigen Zug oder einen weicheren, w\u00e4rmeren Zug w\u00e4hlen kann. Dies macht es <strong data-start=\"703\" data-end=\"730\">Al Fakher Crown Bar 15K<\/strong> leichter, es an unterschiedliche Nutzerpr\u00e4ferenzen zu verkaufen, was Wiederholungsk\u00e4ufe erh\u00f6ht und langsam laufende Geschmacksrichtungen reduziert.<\/p>\n<p data-start=\"844\" data-end=\"1140\">Angetrieben von einem <strong data-start=\"858\" data-end=\"889\">850mAh wiederaufladbare Batterie<\/strong> und ist gef\u00fcllt mit <strong data-start=\"906\" data-end=\"926\">22 ml E-Liquid<\/strong>, ist der <strong data-start=\"932\" data-end=\"960\">AL Fakher Ice Adjust 15K<\/strong> erh\u00e4lt eine gleichm\u00e4\u00dfige Ausgabe vom ersten bis zum letzten Zug aufrecht. <strong data-start=\"1026\" data-end=\"1044\">0.6\u03a9 Mesh-Coil<\/strong> Sichert sauberen Dampf, starken Geschmack und stabile Leistung, auch bei langem t\u00e4glichem Gebrauch.<\/p>\n<p data-start=\"1142\" data-end=\"1446\">Ein eingebauter <strong data-start=\"1153\" data-end=\"1171\">digitaler Bildschirm<\/strong> zeigt sowohl den Batteriestand als auch den Fl\u00fcssigkeitsstand, was Kunden Vertrauen gibt und Ger\u00e4te-R\u00fcckgaben reduziert. Mit <strong data-start=\"1272\" data-end=\"1293\">45 bew\u00e4hrten Geschmacksrichtungen<\/strong>, ist der <strong data-start=\"1299\" data-end=\"1312\">Crown Bar<\/strong> die Linie unterst\u00fctzt eine starke Einzelhandelsrotation und hilft Gesch\u00e4ften, eine zuverl\u00e4ssige Bestseller-Kategorie aufzubauen in der <strong data-start=\"1411\" data-end=\"1438\">Einweg E-Zigaretten<\/strong> Markt.<\/p>\n<p data-start=\"1448\" data-end=\"1645\">Wenn Sie beschaffen <strong data-start=\"1468\" data-end=\"1505\">Einweg-Vapes Gro\u00dfhandel Deutschland<\/strong>\u00a0zu einem wettbewerbsf\u00e4higen Preis mit schnell wechselnden Geschmacksrichtungen, ist die <strong data-start=\"1559\" data-end=\"1597\">Al Fakher Crown Bar 15K Ice Adjust<\/strong> eine sichere, umsatzstarke Wahl f\u00fcr Ihren Laden.<\/p>\n<p><strong><span style=\"color: #ff0000;\">F\u00fcge Amy auf WhatsApp hinzu, um sofort eine Antwort und einen Vape-Gutschein zu erhalten!<\/span><\/strong><\/p>\n<p><img fetchpriority=\"high\" decoding=\"async\" class=\"size-full wp-image-2932\" src=\"https:\/\/vapestornado.com\/wp-content\/uploads\/2024\/12\/Vape-Wholesale.jpg\" alt=\"Vape-Gro\u00dfhandel\" width=\"229\" height=\"300\" \/><\/p>\n<h3><a href=\"https:\/\/wa.me\/8617776015835\" target=\"_blank\" rel=\"noopener\"><span style=\"color: #ff0000;\"><strong>WhatsApp: +86 17776015835<\/strong><\/span><\/a><\/h3>\n<p>&nbsp;<\/p>\n<h2><strong>Al Fakher Crown Bar 15K Produktmerkmale<\/strong><\/h2>\n<ul>\n<li data-start=\"1701\" data-end=\"1810\">\n<p data-start=\"1703\" data-end=\"1810\"><strong data-start=\"1703\" data-end=\"1719\">15.000 Z\u00fcge<\/strong> \u2013 Bietet eine lang anhaltende Leistung, die Kunden wochenlang dampfen l\u00e4sst mit nur einem Ger\u00e4t.<\/p>\n<\/li>\n<li data-start=\"1811\" data-end=\"1909\">\n<p data-start=\"1813\" data-end=\"1909\"><strong data-start=\"1813\" data-end=\"1830\">22ml E-Liquid<\/strong> \u2013 Gro\u00dfe Fl\u00fcssigkeitskapazit\u00e4t sorgt f\u00fcr stabilen Geschmack ohne h\u00e4ufige Austausch.<\/p>\n<\/li>\n<li data-start=\"1910\" data-end=\"1991\">\n<p data-start=\"1912\" data-end=\"1991\"><strong data-start=\"1912\" data-end=\"1930\">0.6\u03a9 Mesh-Spule<\/strong> \u2013 Produziert sanften Dampf und pr\u00e4zisen Geschmack bei jedem Zug.<\/p>\n<\/li>\n<li data-start=\"1992\" data-end=\"2075\">\n<p data-start=\"1994\" data-end=\"2075\"><strong data-start=\"1994\" data-end=\"2011\">0,5% Nikotin<\/strong> \u2013 Bietet einen leichten, sanften Nikotinschlag, geeignet f\u00fcr den t\u00e4glichen Gebrauch.<\/p>\n<\/li>\n<li data-start=\"2076\" data-end=\"2164\">\n<p data-start=\"2078\" data-end=\"2164\"><strong data-start=\"2078\" data-end=\"2096\">850mAh Akku<\/strong> \u2013 Sorgt f\u00fcr zuverl\u00e4ssige Energie w\u00e4hrend der gesamten Lebensdauer des Ger\u00e4ts.<\/p>\n<\/li>\n<li data-start=\"2165\" data-end=\"2229\">\n<p data-start=\"2167\" data-end=\"2229\"><strong data-start=\"2167\" data-end=\"2185\">USB-C-Ladung<\/strong> \u2013 Erm\u00f6glicht schnellere, stabilere Aufladung.<\/p>\n<\/li>\n<li data-start=\"2230\" data-end=\"2319\">\n<p data-start=\"2232\" data-end=\"2319\"><strong data-start=\"2232\" data-end=\"2254\">Eis-Einstellkontrolle<\/strong> \u2013 Erm\u00f6glicht es den Nutzern, ihre bevorzugte K\u00fchlstufe f\u00fcr jeden Zug einzustellen.<\/p>\n<\/li>\n<li data-start=\"2320\" data-end=\"2395\">\n<p data-start=\"2322\" data-end=\"2395\"><strong data-start=\"2322\" data-end=\"2340\">Digitalbildschirm<\/strong> \u2013 Zeigt Batteriestand und E-Liquid-Level in Echtzeit an.<\/p>\n<\/li>\n<li data-start=\"2396\" data-end=\"2474\">\n<p data-start=\"2398\" data-end=\"2474\"><strong data-start=\"2398\" data-end=\"2417\">Crown Bar Bauweise<\/strong> \u2013 Hochwertiges Geh\u00e4usedesign verbessert Haltbarkeit und Luftstrom.<\/p>\n<\/li>\n<li data-start=\"2475\" data-end=\"2543\">\n<p data-start=\"2477\" data-end=\"2543\"><strong data-start=\"2477\" data-end=\"2491\">45 Geschmacksrichtungen<\/strong> \u2013 Unterst\u00fctzt starke Verkaufsrotation im Einzelhandel und Wiederholungsk\u00e4ufe.<\/p>\n<\/li>\n<\/ul>\n<figure id=\"attachment_4791\" aria-describedby=\"caption-attachment-4791\" style=\"width: 300px\" class=\"wp-caption alignnone\"><img decoding=\"async\" class=\"size-medium wp-image-4791\" src=\"https:\/\/vapestornado.com\/wp-content\/uploads\/2026\/01\/Al-Fakher-Crown-Bar-Ice-Adjust-15K-15000-Puff-300x300.webp\" alt=\"Al Fakher Crown Bar Ice Adjust 15K 15000 Zug\" width=\"300\" height=\"300\" srcset=\"https:\/\/vapestornado.com\/wp-content\/uploads\/2026\/01\/Al-Fakher-Crown-Bar-Ice-Adjust-15K-15000-Puff-300x300.webp 300w, https:\/\/vapestornado.com\/wp-content\/uploads\/2026\/01\/Al-Fakher-Crown-Bar-Ice-Adjust-15K-15000-Puff-150x150.webp 150w, https:\/\/vapestornado.com\/wp-content\/uploads\/2026\/01\/Al-Fakher-Crown-Bar-Ice-Adjust-15K-15000-Puff-768x768.webp 768w, https:\/\/vapestornado.com\/wp-content\/uploads\/2026\/01\/Al-Fakher-Crown-Bar-Ice-Adjust-15K-15000-Puff-12x12.webp 12w, https:\/\/vapestornado.com\/wp-content\/uploads\/2026\/01\/Al-Fakher-Crown-Bar-Ice-Adjust-15K-15000-Puff-600x600.webp 600w, https:\/\/vapestornado.com\/wp-content\/uploads\/2026\/01\/Al-Fakher-Crown-Bar-Ice-Adjust-15K-15000-Puff-100x100.webp 100w, https:\/\/vapestornado.com\/wp-content\/uploads\/2026\/01\/Al-Fakher-Crown-Bar-Ice-Adjust-15K-15000-Puff.webp 800w\" sizes=\"(max-width: 300px) 100vw, 300px\" \/><figcaption id=\"caption-attachment-4791\" class=\"wp-caption-text\">Al Fakher Crown Bar Ice Adjust 15K 15000 Zug<\/figcaption><\/figure>\n<div>\n<div class=\"mceTemp\"><\/div>\n<\/div>\n<h2 class=\"product-title\"><strong>Liste der Geschmacksrichtungen der Al Fakher Crown Bar 15K<\/strong><\/h2>\n<p>1 Beerenblau<br \/>\n2 Beeren-Eis<br \/>\n3 Schwarze Johannisbeere-Eis<br \/>\n4 Schwarze Johannisbeere-Minz<br \/>\n5 Blue Razz Blast<br \/>\n6 Blue Razz Limonade<br \/>\n7 Blaubeere Kirsche<br \/>\n8 Blaubeere Kaugummi<br \/>\n9 Blaubeer Zitronenlimonade<br \/>\n10 Blaubeer Minze<br \/>\n11 Blaubeer Himbeere<br \/>\n12 Blaubeere-Sauer-Raspberry<br \/>\n13 Kirsch Fiesta<br \/>\n14 Kirsch Fizz<br \/>\n15 Kirsch Eis<br \/>\n16 Cooler Mango<br \/>\n17 Fusion Pop<br \/>\n18 Traube<br \/>\n19 Traube Beere<br \/>\n20 Traube Minze<br \/>\n21 Kaugummi Minze<br \/>\n22 Hubba<br \/>\n23 Eis Blau<br \/>\n24 Zitrone Limette<br \/>\n25 Zitrone Limette Kirsch Fizz<br \/>\n26 Zitrone Minze<br \/>\n27 Lush Eis<br \/>\n28 Magische Liebe<br \/>\n29 Mango Ananas<br \/>\n30 Menthol<br \/>\n31 Minze<br \/>\n32 Gemischte Beere<br \/>\n33 Orange Minze<br \/>\n34 Pfirsich Eis<br \/>\n35 Ananas Eis<br \/>\n36 Weltraumtraum<br \/>\n37 Pfefferminze<br \/>\n38 Erdbeer Kirsche<br \/>\n39 Erdbeer Punch<br \/>\n40 Sommertraum<br \/>\n41 Zwei \u00c4pfel<br \/>\n42 Wassermelone Kirsche<br \/>\n43 Wassermelone Kiwi<br \/>\n44 Wassermelone Limette<br \/>\n45 Wassermelone Ananas<\/p>\n<h2 data-start=\"2951\" data-end=\"2994\"><strong data-start=\"2954\" data-end=\"2994\">Warum Gro\u00dfh\u00e4ndler die Crown Bar 15K w\u00e4hlen<\/strong><\/h2>\n<p data-start=\"2996\" data-end=\"3213\">Der <strong data-start=\"3000\" data-end=\"3028\">AL Fakher Ice Adjust 15K<\/strong> kombiniert <strong data-start=\"3038\" data-end=\"3086\">lange Zugdauer, Eissteuerung und Markenvertrauen<\/strong> in einem Einwegger\u00e4t, das Einzelh\u00e4ndlern ein Produkt bietet, das schnell verkauft wird, gleichbleibende Qualit\u00e4t liefert und Kunden zur R\u00fcckkehr bewegt.<\/p>\n<p data-start=\"3215\" data-end=\"3339\">Jetzt bestellen und sichern Sie sich eine <strong data-start=\"3238\" data-end=\"3253\">g\u00fcnstige Preis<\/strong> on <strong data-start=\"3257\" data-end=\"3284\">Al Fakher Crown Bar 15K<\/strong> f\u00fcr Ihren <strong data-start=\"3294\" data-end=\"3331\">Gro\u00dfhandel f\u00fcr Einweg-Vapes Frankreich<\/strong> Lieferung.<\/p>\n<p>&nbsp;<\/p>\n<div class=\"flex-shrink-0 flex flex-col relative items-end\">\n<div class=\"pt-0\">\n<div class=\"gizmo-bot-avatar flex h-8 w-8 items-center justify-center overflow-hidden rounded-full\">\n<div class=\"relative p-1 rounded-sm flex items-center justify-center bg-token-main-surface-primary text-token-text-primary h-8 w-8\">\n<h2 data-start=\"1200\" data-end=\"1487\">Vapes Tornado \u2013 Ihr Gro\u00dfhandels-Online-Vapor-Shop f\u00fcr beliebte Vapes<\/h2>\n<p data-start=\"72\" data-end=\"396\"><strong data-start=\"72\" data-end=\"89\">Vapes Tornado<\/strong> ist ein europaorientierter Gro\u00dfhandels-Online-Vapor-Shop, der eine sorgf\u00e4ltig ausgew\u00e4hlte Auswahl an <strong data-start=\"178\" data-end=\"195\">beliebten Vapes<\/strong> f\u00fcr professionelle Eink\u00e4ufer anbietet. Wir arbeiten mit Einzelh\u00e4ndlern, H\u00e4ndlern und Online-Shops in der gesamten EU zusammen, die stabile Versorgung, klare Produktinformationen und Marken ben\u00f6tigen, die Kunden bereits kennen und vertrauen.<\/p>\n<p data-start=\"398\" data-end=\"687\">Wir arbeiten mit vertrauensw\u00fcrdigen Namen wie <strong data-start=\"247\" data-end=\"352\">Elf Bar Vape, WASPE Vape, <a href=\"https:\/\/vapestornado.com\/de\/product\/uzy-150k-puffs-6-in-1-flavor-switch-disposable-vape-pen-wholesale\/\">UZY Vape<\/a>, Bang Vape, Razz Bar Vape, <a href=\"https:\/\/vapestornado.com\/de\/product\/randm-12000-puffs-fumot-digital-disposable-vape-wholesale-price\/\">Fumot VAPE<\/a>, <a href=\"https:\/\/vapestornado.com\/de\/product\/original-wga-ultra-35k-35000-puff-rechargeable-crystal-disposable-nicotine-vape-best-discount-price\/\">WGA VAPE<\/a>, <a href=\"https:\/\/vapestornado.com\/de\/product\/vozol-gear-shisha-25k-25000-puffs-best-dtl-disposable-vape-hookah-cheap-price\/\">VOZOL BAR VAPE<\/a>,\u00a0und Stag Bar Vape<\/strong>, die f\u00fcr gleichbleibende Qualit\u00e4t und hohe Nachfrage auf dem europ\u00e4ischen Markt ausgew\u00e4hlt wurden.<\/p>\n<h4 data-start=\"1080\" data-end=\"1120\">F\u00fcr europ\u00e4ische Gro\u00dfhandelskunden konzipiert<\/h4>\n<p data-start=\"1121\" data-end=\"1189\">Vapes Tornado ist auf die tats\u00e4chlichen Bed\u00fcrfnisse von EU-Gro\u00dfh\u00e4ndlern ausgerichtet:<\/p>\n<ul data-start=\"1190\" data-end=\"1400\">\n<li data-start=\"1190\" data-end=\"1239\">\n<p data-start=\"1192\" data-end=\"1239\">Wettbewerbsf\u00e4hige Gro\u00dfhandelspreise f\u00fcr Gro\u00dfbestellungen<\/p>\n<\/li>\n<li data-start=\"1240\" data-end=\"1289\">\n<p data-start=\"1242\" data-end=\"1289\">Klare Produktbeschreibungen und Spezifikationen<\/p>\n<\/li>\n<li data-start=\"1290\" data-end=\"1330\">\n<p data-start=\"1292\" data-end=\"1330\">Schnelle, zuverl\u00e4ssige EU-orientierte Logistik<\/p>\n<\/li>\n<li data-start=\"1331\" data-end=\"1400\">\n<p data-start=\"1333\" data-end=\"1400\">Ein Katalog, der sich auf <strong data-start=\"1356\" data-end=\"1373\">beliebten Vapes<\/strong>, nicht auf \u00fcberf\u00fcllte SKUs<\/p>\n<\/li>\n<\/ul>\n<h2 data-start=\"2064\" data-end=\"2115\">FAQs zur Al Fakher Crown Bar 15K Einweg-Vape<\/h2>\n<p data-start=\"3359\" data-end=\"3484\"><strong data-start=\"3359\" data-end=\"3413\">1. Wie lange h\u00e4lt die Al Fakher Crown Bar 15K?<\/strong><br data-start=\"3413\" data-end=\"3416\" \/>Mit bis zu 15.000 Z\u00fcgen kann sie je nach t\u00e4glicher Nutzung mehrere Wochen halten.<\/p>\n<p data-start=\"3486\" data-end=\"3605\"><strong data-start=\"3486\" data-end=\"3532\">2. K\u00f6nnen Kunden die K\u00fchlstufe anpassen?<\/strong><br data-start=\"3532\" data-end=\"3535\" \/>Ja, das Ice Adjust-System erm\u00f6glicht es den Nutzern, die K\u00e4lteempfindlichkeit jeder Dampfwolke zu w\u00e4hlen.<\/p>\n<p data-start=\"3607\" data-end=\"3700\"><strong data-start=\"3607\" data-end=\"3642\">3. Ist die Batterie wiederaufladbar?<\/strong><br data-start=\"3642\" data-end=\"3645\" \/>Ja, sie verf\u00fcgt \u00fcber eine 850mAh Batterie mit USB-C Schnellladung.<\/p>\n<p data-start=\"3702\" data-end=\"3807\"><strong data-start=\"3702\" data-end=\"3744\">4. Welche Nikotinst\u00e4rke verwendet es?<\/strong><br data-start=\"3744\" data-end=\"3747\" \/>Das Ger\u00e4t wird mit 0,5% Nikotin geliefert, f\u00fcr einen sanften, leichten Zug.<\/p>\n<p data-start=\"3809\" data-end=\"3972\"><strong data-start=\"3809\" data-end=\"3857\">5. Ist dies f\u00fcr den Gro\u00dfhandel in Deutschland geeignet?<\/strong><br data-start=\"3857\" data-end=\"3860\" \/>Ja, es ist f\u00fcr <strong data-start=\"3884\" data-end=\"3921\">Gro\u00dfhandel f\u00fcr Einweg-Vapes Frankreich<\/strong> mit starker Einzelhandelsattraktivit\u00e4t und schnelllebigen Geschmacksrichtungen konzipiert.<\/p>\n<\/div>\n<\/div>\n<\/div>\n<\/div>","protected":false},"excerpt":{"rendered":"<p data-start=\"4393\" data-end=\"4476\"><strong data-start=\"4393\" data-end=\"4474\">AL Fakher Crown Bar 15K Ice Adjust \u2013 Gro\u00dfhandel Einweg E-Zigaretten Frankreich<\/strong><\/p>\n<p data-start=\"4480\" data-end=\"4550\"><strong data-start=\"4480\" data-end=\"4548\">Al Fakher Ice Adjust 15K Crown Bar | 15.000 Z\u00fcge zu g\u00fcnstigen Preisen<\/strong><\/p>\n<p data-start=\"4554\" data-end=\"4622\" data-is-last-node=\"\"><strong data-start=\"4554\" data-end=\"4622\" data-is-last-node=\"\">Crown Bar 15K Einweg-Vape \u2013 Ice Control &amp; Gro\u00dflieferung Europa<\/strong><\/p>\n<p><strong>F\u00fcgen Sie Amys WhatsApp hinzu, um eine korrekte Antwort und einen Rabattpreis zu erhalten!<\/strong><\/p>\n<p><img fetchpriority=\"high\" decoding=\"async\" class=\"size-full wp-image-2932\" src=\"https:\/\/vapestornado.com\/wp-content\/uploads\/2024\/12\/Vape-Wholesale.jpg\" alt=\"Vape-Gro\u00dfhandel\" width=\"229\" height=\"300\" \/><\/p>\n<h3><a href=\"https:\/\/wa.me\/8617776015835\"><span style=\"color: #ff0000;\"><strong>WhatsApp: +86 17776015835<\/strong><\/span><\/a><\/h3>","protected":false},"featured_media":4790,"comment_status":"open","ping_status":"closed","template":"","meta":{"_acf_changed":false,"_uag_custom_page_level_css":"","_lmt_disableupdate":"no","_lmt_disable":"","_monsterinsights_skip_tracking":false,"_monsterinsights_sitenote_active":false,"_monsterinsights_sitenote_note":"","_monsterinsights_sitenote_category":0,"site-sidebar-layout":"default","site-content-layout":"","ast-site-content-layout":"default","site-content-style":"default","site-sidebar-style":"default","ast-global-header-display":"","ast-banner-title-visibility":"","ast-main-header-display":"","ast-hfb-above-header-display":"","ast-hfb-below-header-display":"","ast-hfb-mobile-header-display":"","site-post-title":"","ast-breadcrumbs-content":"","ast-featured-img":"","footer-sml-layout":"","ast-disable-related-posts":"","theme-transparent-header-meta":"default","adv-header-id-meta":"","stick-header-meta":"","header-above-stick-meta":"","header-main-stick-meta":"","header-below-stick-meta":"","astra-migrate-meta-layouts":"set","ast-page-background-enabled":"default","ast-page-background-meta":{"desktop":{"background-color":"","background-image":"","background-repeat":"repeat","background-position":"center center","background-size":"auto","background-attachment":"scroll","background-type":"","background-media":"","overlay-type":"","overlay-color":"","overlay-opacity":"","overlay-gradient":""},"tablet":{"background-color":"","background-image":"","background-repeat":"repeat","background-position":"center center","background-size":"auto","background-attachment":"scroll","background-type":"","background-media":"","overlay-type":"","overlay-color":"","overlay-opacity":"","overlay-gradient":""},"mobile":{"background-color":"","background-image":"","background-repeat":"repeat","background-position":"center center","background-size":"auto","background-attachment":"scroll","background-type":"","background-media":"","overlay-type":"","overlay-color":"","overlay-opacity":"","overlay-gradient":""}},"ast-content-background-meta":{"desktop":{"background-color":"var(--ast-global-color-5)","background-image":"","background-repeat":"repeat","background-position":"center center","background-size":"auto","background-attachment":"scroll","background-type":"","background-media":"","overlay-type":"","overlay-color":"","overlay-opacity":"","overlay-gradient":""},"tablet":{"background-color":"var(--ast-global-color-5)","background-image":"","background-repeat":"repeat","background-position":"center center","background-size":"auto","background-attachment":"scroll","background-type":"","background-media":"","overlay-type":"","overlay-color":"","overlay-opacity":"","overlay-gradient":""},"mobile":{"background-color":"var(--ast-global-color-5)","background-image":"","background-repeat":"repeat","background-position":"center center","background-size":"auto","background-attachment":"scroll","background-type":"","background-media":"","overlay-type":"","overlay-color":"","overlay-opacity":"","overlay-gradient":""}},"_joinchat":[]},"product_brand":[],"product_cat":[71,531,140,150,152,156,158,142,146,147],"product_tag":[541,542,317,540,538,291,539,513,512],"class_list":{"0":"post-4795","1":"product","2":"type-product","3":"status-publish","4":"has-post-thumbnail","6":"product_cat-15000-puff","7":"product_cat-al-fakher-crown-bar","8":"product_cat-big-puffs-disposable-vapes","9":"product_cat-buy-disposable-vapes-in-belgium","10":"product_cat-buy-disposable-vapes-in-cermany","11":"product_cat-buy-disposable-vapes-in-poland","12":"product_cat-buy-disposable-vapes-in-spain","13":"product_cat-digital-box-disposable-vapes","14":"product_cat-rechargeable-disposable-vapes","15":"product_cat-shisha-hookah-disposable-vapes","16":"product_tag-al-fakher-15k-ice-adjust","17":"product_tag-al-fakher-15k-sound-adjust","18":"product_tag-al-fakher-crown-bar","19":"product_tag-al-fakher-crown-bar-15k","20":"product_tag-disposable-e-shisha","21":"product_tag-disposable-shisha-hookah","22":"product_tag-hookah-shisha","23":"product_tag-vape-discount-price","24":"product_tag-vape-wholesale-distributor","25":"desktop-align-left","26":"tablet-align-left","27":"mobile-align-left","29":"first","30":"instock","31":"sale","32":"shipping-taxable","33":"purchasable","34":"product-type-simple"},"acf":[],"uagb_featured_image_src":{"full":["https:\/\/vapestornado.com\/wp-content\/uploads\/2026\/01\/Al-Fakher-Crown-Bar-15K-Ice-Adjust-Disposable-Vape-Wholesale.webp",800,800,false],"thumbnail":["https:\/\/vapestornado.com\/wp-content\/uploads\/2026\/01\/Al-Fakher-Crown-Bar-15K-Ice-Adjust-Disposable-Vape-Wholesale-150x150.webp",150,150,true],"medium":["https:\/\/vapestornado.com\/wp-content\/uploads\/2026\/01\/Al-Fakher-Crown-Bar-15K-Ice-Adjust-Disposable-Vape-Wholesale-300x300.webp",300,300,true],"medium_large":["https:\/\/vapestornado.com\/wp-content\/uploads\/2026\/01\/Al-Fakher-Crown-Bar-15K-Ice-Adjust-Disposable-Vape-Wholesale-768x768.webp",768,768,true],"large":["https:\/\/vapestornado.com\/wp-content\/uploads\/2026\/01\/Al-Fakher-Crown-Bar-15K-Ice-Adjust-Disposable-Vape-Wholesale.webp",800,800,false],"1536x1536":["https:\/\/vapestornado.com\/wp-content\/uploads\/2026\/01\/Al-Fakher-Crown-Bar-15K-Ice-Adjust-Disposable-Vape-Wholesale.webp",800,800,false],"2048x2048":["https:\/\/vapestornado.com\/wp-content\/uploads\/2026\/01\/Al-Fakher-Crown-Bar-15K-Ice-Adjust-Disposable-Vape-Wholesale.webp",800,800,false],"trp-custom-language-flag":["https:\/\/vapestornado.com\/wp-content\/uploads\/2026\/01\/Al-Fakher-Crown-Bar-15K-Ice-Adjust-Disposable-Vape-Wholesale-12x12.webp",12,12,true],"woocommerce_thumbnail":["https:\/\/vapestornado.com\/wp-content\/uploads\/2026\/01\/Al-Fakher-Crown-Bar-15K-Ice-Adjust-Disposable-Vape-Wholesale-300x300.webp",300,300,true],"woocommerce_single":["https:\/\/vapestornado.com\/wp-content\/uploads\/2026\/01\/Al-Fakher-Crown-Bar-15K-Ice-Adjust-Disposable-Vape-Wholesale-600x600.webp",600,600,true],"woocommerce_gallery_thumbnail":["https:\/\/vapestornado.com\/wp-content\/uploads\/2026\/01\/Al-Fakher-Crown-Bar-15K-Ice-Adjust-Disposable-Vape-Wholesale-100x100.webp",100,100,true]},"uagb_author_info":{"display_name":"ESAMY","author_link":"https:\/\/vapestornado.com\/de\/author\/"},"uagb_comment_info":0,"uagb_excerpt":"AL Fakher Crown Bar 15K Ice Adjust \u2013 Wholesale Disposable E Cigarettes France Al Fakher Ice Adjust 15K Crown Bar | 15,000 Puffs at Cheap Price Crown Bar 15K Disposable Vape \u2013 Ice Control &amp; Bulk Supply Europe Add Amy's whatsapp to get right reply and discount price! WhatsApp: +86 17776015835","_links":{"self":[{"href":"https:\/\/vapestornado.com\/de\/wp-json\/wp\/v2\/product\/4795","targetHints":{"allow":["GET"]}}],"collection":[{"href":"https:\/\/vapestornado.com\/de\/wp-json\/wp\/v2\/product"}],"about":[{"href":"https:\/\/vapestornado.com\/de\/wp-json\/wp\/v2\/types\/product"}],"replies":[{"embeddable":true,"href":"https:\/\/vapestornado.com\/de\/wp-json\/wp\/v2\/comments?post=4795"}],"wp:featuredmedia":[{"embeddable":true,"href":"https:\/\/vapestornado.com\/de\/wp-json\/wp\/v2\/media\/4790"}],"wp:attachment":[{"href":"https:\/\/vapestornado.com\/de\/wp-json\/wp\/v2\/media?parent=4795"}],"wp:term":[{"taxonomy":"product_brand","embeddable":true,"href":"https:\/\/vapestornado.com\/de\/wp-json\/wp\/v2\/product_brand?post=4795"},{"taxonomy":"product_cat","embeddable":true,"href":"https:\/\/vapestornado.com\/de\/wp-json\/wp\/v2\/product_cat?post=4795"},{"taxonomy":"product_tag","embeddable":true,"href":"https:\/\/vapestornado.com\/de\/wp-json\/wp\/v2\/product_tag?post=4795"}],"curies":[{"name":"wp","href":"https:\/\/api.w.org\/{rel}","templated":true}]}}