{"id":4781,"date":"2026-01-07T09:28:57","date_gmt":"2026-01-07T09:28:57","guid":{"rendered":"https:\/\/vapestornado.com\/?post_type=product&#038;p=4781"},"modified":"2026-01-07T09:59:16","modified_gmt":"2026-01-07T09:59:16","slug":"al-fakher-mega-max-40k-puffs-crown-bar-disposable-e-shisha-hookah-vape-adjustable-airflow","status":"publish","type":"product","link":"https:\/\/vapestornado.com\/de\/product\/al-fakher-mega-max-40k-puffs-crown-bar-disposable-e-shisha-hookah-vape-adjustable-airflow\/","title":{"rendered":"Al Fakher Mega Max 40K Z\u00fcge Crown Bar Einweg E-Shisha Hookah Vape Einstellbare Luftzufuhr"},"content":{"rendered":"<h1 data-start=\"0\" data-end=\"87\">Al Fakher Mega Max 40K Z\u00fcge Crown Bar Einweg E-Shisha Hookah Vape mit Einstellbarer Luftzufuhr<\/h1>\n<p data-start=\"207\" data-end=\"581\">Entwickelt f\u00fcr Hochvolumen-Nutzer und Gro\u00dfhandelsm\u00e4rkte, der <strong data-start=\"262\" data-end=\"288\">Al Fakher Mega Max 40K<\/strong> stellt die n\u00e4chste Entwicklung der Leistung von Einweg E-Shishas dar. Mit bis zu <strong data-start=\"366\" data-end=\"382\">40.000 Z\u00fcge<\/strong>, einstellbarer Luftzufuhr und Al Fakher\u2019s charakteristischer Geschmacksentwicklung ist dieses Ger\u00e4t als Premium- und dennoch praktische L\u00f6sung f\u00fcr H\u00e4ndler in Deutschland positioniert, die stabile Ums\u00e4tze und starke Wiederholungsnachfragen suchen.<\/p>\n<p data-start=\"583\" data-end=\"1045\">Als Teil der <strong data-start=\"598\" data-end=\"621\">Al Fakher Kronleuchter Bar<\/strong> Linie ist der Mega Max 40000 darauf ausgelegt, eine konsistente Leistung \u00fcber seine gesamte Lebensdauer zu liefern. Die Kombination aus <strong data-start=\"738\" data-end=\"756\">Doppel-Mesh-Coil<\/strong>, <strong data-start=\"758\" data-end=\"785\">20ml vorgef\u00fclliger E-Liquid<\/strong>und ein <strong data-start=\"793\" data-end=\"824\">wiederaufladbarer 850-mAh-Akku<\/strong> sichert zuverl\u00e4ssige Dampfdichte und Geschmacksklarheit vom ersten Zug bis zum letzten. Dies macht ihn besonders geeignet f\u00fcr Kunden, die vom traditionellen Hookah oder wiederverwendbaren E-Shisha-Systemen auf Einweg-Formate umsteigen.<\/p>\n<p data-start=\"1047\" data-end=\"1332\">Der <strong data-start=\"1051\" data-end=\"1080\">einstellbaren Luftstromsystem<\/strong> Erm\u00f6glicht es den Nutzern, ihr Inhalieren fein abzustimmen, zwischen einem engeren Hookah-\u00e4hnlichen Zug und einem offeneren, luftigen Zug zu wechseln. Diese Flexibilit\u00e4t erweitert seine Attraktivit\u00e4t f\u00fcr verschiedene Vaping-Pr\u00e4ferenzen und hilft H\u00e4ndlern, mehr Kundensegmente mit einer einzigen Artikelnummer abzudecken.<\/p>\n<p data-start=\"1334\" data-end=\"1686\">F\u00fcr Gro\u00dfhandelskunden bietet der Al Fakher Mega Max 40K das Wichtigste: wiedererkennbare Marke, kontrollierte Nikotinst\u00e4rke, modernes Typ-C-Laden und eine Verarbeitungsqualit\u00e4t, die auf langfristige Zuverl\u00e4ssigkeit statt kurzfristige Neuheit setzt. Positioniert bei einem <strong data-start=\"1589\" data-end=\"1620\">wettbewerbsf\u00e4higen Gro\u00dfhandelspreis<\/strong>, ist er ein starker Akteur in der Kategorie der Einweg E-Shishas in Deutschland.<\/p>\n<h2 data-start=\"2768\" data-end=\"2821\">Warum den Al Fakher Mega Max 40000 f\u00fcr den Gro\u00dfhandel w\u00e4hlen?<\/h2>\n<p data-start=\"2823\" data-end=\"3237\">Der <strong data-start=\"2827\" data-end=\"2855\">Al Fakher Mega Max 40000<\/strong> Ist auf Konsistenz ausgelegt, nicht auf Gimmicks. Es nutzt das globale Markentrust von Al Fakher und erf\u00fcllt gleichzeitig die Erwartungen von EU-Distributoren, die Zuverl\u00e4ssigkeit, rechtliche Positionierung und vorhersehbaren Verkaufserfolg priorisieren. Das Einweg-E-Shisha-Hookah-Format, die verstellbare Luftzufuhr und die lange Puff-Lebensdauer machen es zu einer starken Erg\u00e4nzung sowohl f\u00fcr vape-fokussierte als auch f\u00fcr Hookah-orientierte Einzelhandelskan\u00e4le.<\/p>\n<p><strong><span style=\"color: #ff0000;\">F\u00fcge Amy auf WhatsApp hinzu, um sofort eine Antwort und einen Vape-Gutschein zu erhalten!<\/span><\/strong><\/p>\n<p><img fetchpriority=\"high\" decoding=\"async\" class=\"size-full wp-image-2932\" src=\"https:\/\/vapestornado.com\/wp-content\/uploads\/2024\/12\/Vape-Wholesale.jpg\" alt=\"Vape-Gro\u00dfhandel\" width=\"229\" height=\"300\" \/><\/p>\n<h3><a href=\"https:\/\/wa.me\/8617776015835\" target=\"_blank\" rel=\"noopener\"><span style=\"color: #ff0000;\"><strong>WhatsApp: +86 17776015835<\/strong><\/span><\/a><\/h3>\n<p>&nbsp;<\/p>\n<h2><strong>Al Fakher Mega Max 40K Produktmerkmale<\/strong><\/h2>\n<ul>\n<li data-start=\"113\" data-end=\"228\">\n<p data-start=\"115\" data-end=\"228\"><strong data-start=\"115\" data-end=\"139\">40.000 Puff-Kapazit\u00e4t<\/strong> \u2013 Bietet erweiterte DTL-Dampferleistung, die f\u00fcr langfristigen, h\u00e4ufigen Gebrauch ausgelegt ist.<\/p>\n<\/li>\n<li data-start=\"229\" data-end=\"361\">\n<p data-start=\"231\" data-end=\"361\"><strong data-start=\"231\" data-end=\"258\">DTL Shisha-Style<\/strong> \u2013 Optimiert f\u00fcr Direct-to-Lung-Z\u00fcge, die dichte Wolken \u00e4hnlich wie bei traditionellen Shisha-Sessions erzeugen.<\/p>\n<\/li>\n<li data-start=\"362\" data-end=\"476\">\n<p data-start=\"364\" data-end=\"476\"><strong data-start=\"364\" data-end=\"393\">Dual-Mesh-Coil-Technologie<\/strong> \u2013 Sorgt f\u00fcr gleichm\u00e4\u00dfige Erw\u00e4rmung und stabile Geschmacksentwicklung vom ersten bis zum letzten Zug.<\/p>\n<\/li>\n<li data-start=\"477\" data-end=\"605\">\n<p data-start=\"479\" data-end=\"605\"><strong data-start=\"479\" data-end=\"508\">Einstellbares Luftstromsystem<\/strong> \u2013 Erm\u00f6glicht es den Nutzern, den Zugwiderstand fein abzustimmen, f\u00fcr eine personalisierte DTL- oder Shisha-\u00e4hnliche Inhalation.<\/p>\n<\/li>\n<li data-start=\"606\" data-end=\"729\">\n<p data-start=\"608\" data-end=\"729\"><strong data-start=\"608\" data-end=\"636\">20ml vorgef\u00fcllige E-Liquid<\/strong> \u2013 Gro\u00dfe E-Liquid-Kapazit\u00e4t reduziert den Austauschbedarf und unterst\u00fctzt lange Dampfersessions.<\/p>\n<\/li>\n<li data-start=\"730\" data-end=\"841\">\n<p data-start=\"732\" data-end=\"841\"><strong data-start=\"732\" data-end=\"757\">0,6% Nikotinst\u00e4rke<\/strong> \u2013 Bietet eine sanfte, kontrollierte Nikotinabgabe, geeignet f\u00fcr l\u00e4ngeren t\u00e4glichen Gebrauch.<\/p>\n<\/li>\n<li data-start=\"842\" data-end=\"945\">\n<p data-start=\"844\" data-end=\"945\"><strong data-start=\"844\" data-end=\"875\">850mAh Wiederaufladbarer Akku<\/strong> \u2013 Liefert konstanten Strom w\u00e4hrend des gesamten 40K-Puff-Lebenszyklus.<\/p>\n<\/li>\n<li data-start=\"946\" data-end=\"1051\">\n<p data-start=\"948\" data-end=\"1051\"><strong data-start=\"948\" data-end=\"976\">USB Typ-C Schnellladung<\/strong> \u2013 Erm\u00f6glicht schnelles, bequemes Aufladen mit moderner Ger\u00e4tekompatibilit\u00e4t.<\/p>\n<\/li>\n<li data-start=\"1052\" data-end=\"1148\">\n<p data-start=\"1054\" data-end=\"1148\"><strong data-start=\"1054\" data-end=\"1076\">LED-Anzeige<\/strong> \u2013 Zeigt deutlich Batteriestand- und E-Liquid-Level f\u00fcr eine bessere Nutzungskontrolle.<\/p>\n<\/li>\n<li data-start=\"1149\" data-end=\"1259\">\n<p data-start=\"1151\" data-end=\"1259\"><strong data-start=\"1151\" data-end=\"1176\">Premium-Aluminiumk\u00f6rper<\/strong> \u2013 Vereint Haltbarkeit mit einem ergonomischen, hochwertigen Finish f\u00fcr die t\u00e4gliche Tragbarkeit.<\/p>\n<\/li>\n<\/ul>\n<figure id=\"attachment_4777\" aria-describedby=\"caption-attachment-4777\" style=\"width: 300px\" class=\"wp-caption alignnone\"><img decoding=\"async\" class=\"size-medium wp-image-4777\" src=\"https:\/\/vapestornado.com\/wp-content\/uploads\/2026\/01\/Al-Fakher-Mega-Max-40K-40000-Puff-Vape-Wholesale-Spain-300x300.webp\" alt=\"Al Fakher Mega Max 40K 40000 Puffs Vape Gro\u00dfhandel Deutschland\" width=\"300\" height=\"300\" srcset=\"https:\/\/vapestornado.com\/wp-content\/uploads\/2026\/01\/Al-Fakher-Mega-Max-40K-40000-Puff-Vape-Wholesale-Spain-300x300.webp 300w, https:\/\/vapestornado.com\/wp-content\/uploads\/2026\/01\/Al-Fakher-Mega-Max-40K-40000-Puff-Vape-Wholesale-Spain-150x150.webp 150w, https:\/\/vapestornado.com\/wp-content\/uploads\/2026\/01\/Al-Fakher-Mega-Max-40K-40000-Puff-Vape-Wholesale-Spain-768x768.webp 768w, https:\/\/vapestornado.com\/wp-content\/uploads\/2026\/01\/Al-Fakher-Mega-Max-40K-40000-Puff-Vape-Wholesale-Spain-12x12.webp 12w, https:\/\/vapestornado.com\/wp-content\/uploads\/2026\/01\/Al-Fakher-Mega-Max-40K-40000-Puff-Vape-Wholesale-Spain-600x600.webp 600w, https:\/\/vapestornado.com\/wp-content\/uploads\/2026\/01\/Al-Fakher-Mega-Max-40K-40000-Puff-Vape-Wholesale-Spain-100x100.webp 100w, https:\/\/vapestornado.com\/wp-content\/uploads\/2026\/01\/Al-Fakher-Mega-Max-40K-40000-Puff-Vape-Wholesale-Spain.webp 800w\" sizes=\"(max-width: 300px) 100vw, 300px\" \/><figcaption id=\"caption-attachment-4777\" class=\"wp-caption-text\">Al Fakher Mega Max 40K 40000 Puffs Vape Gro\u00dfhandel Deutschland<\/figcaption><\/figure>\n<p>&nbsp;<\/p>\n<div><\/div>\n<h2 class=\"product-title\"><strong>Al Fakher Mega Max 40K Puff Geschmacksliste<\/strong><\/h2>\n<p>1 Beerenblau<br \/>\n2 Beeren-Eis<br \/>\n3 Schwarze Johannisbeere-Eis<br \/>\n4 Schwarze Johannisbeere-Minz<br \/>\n5 Blue Razz Blast<br \/>\n6 Blue Razz Limonade<br \/>\n7 Blaubeere Kirsche<br \/>\n8 Blaubeere Kaugummi<br \/>\n9 Blaubeer Zitronenlimonade<br \/>\n10 Blaubeer Minze<br \/>\n11 Blaubeer Himbeere<br \/>\n12 Blaubeere-Sauer-Raspberry<br \/>\n13 Kirsch Fiesta<br \/>\n14 Kirsch Fizz<br \/>\n15 Kirsch Eis<br \/>\n16 Cooler Mango<br \/>\n17 Fusion Pop<br \/>\n18 Traube<br \/>\n19 Traube Beere<br \/>\n20 Traube Minze<br \/>\n21 Kaugummi Minze<br \/>\n22 Hubba<br \/>\n23 Eis Blau<br \/>\n24 Zitrone Limette<br \/>\n25 Zitrone Limette Kirsch Fizz<br \/>\n26 Zitrone Minze<br \/>\n27 Lush Eis<br \/>\n28 Magische Liebe<br \/>\n29 Mango Ananas<br \/>\n30 Menthol<br \/>\n31 Minze<br \/>\n32 Gemischte Beere<br \/>\n33 Orange Minze<br \/>\n34 Pfirsich Eis<br \/>\n35 Ananas Eis<br \/>\n36 Weltraumtraum<br \/>\n37 Pfefferminze<br \/>\n38 Erdbeer Kirsche<br \/>\n39 Erdbeer Punch<br \/>\n40 Sommertraum<br \/>\n41 Zwei \u00c4pfel<br \/>\n42 Wassermelone Kirsche<br \/>\n43 Wassermelone Kiwi<br \/>\n44 Wassermelone Limette<br \/>\n45 Wassermelone Ananas<\/p>\n<div class=\"flex-shrink-0 flex flex-col relative items-end\">\n<div class=\"pt-0\">\n<div class=\"gizmo-bot-avatar flex h-8 w-8 items-center justify-center overflow-hidden rounded-full\">\n<div class=\"relative p-1 rounded-sm flex items-center justify-center bg-token-main-surface-primary text-token-text-primary h-8 w-8\">\n<h2 data-start=\"1200\" data-end=\"1487\">Vapes Tornado \u2013 Ihr Gro\u00dfhandels-Online-Vapor-Shop f\u00fcr beliebte Vapes<\/h2>\n<p data-start=\"72\" data-end=\"396\"><strong data-start=\"72\" data-end=\"89\">Vapes Tornado<\/strong> ist ein europaorientierter Gro\u00dfhandels-Online-Vapor-Shop, der eine sorgf\u00e4ltig ausgew\u00e4hlte Auswahl an <strong data-start=\"178\" data-end=\"195\">beliebten Vapes<\/strong> f\u00fcr professionelle Eink\u00e4ufer anbietet. Wir arbeiten mit Einzelh\u00e4ndlern, H\u00e4ndlern und Online-Shops in der gesamten EU zusammen, die stabile Versorgung, klare Produktinformationen und Marken ben\u00f6tigen, die Kunden bereits kennen und vertrauen.<\/p>\n<p data-start=\"398\" data-end=\"687\">Wir arbeiten mit vertrauensw\u00fcrdigen Namen wie <strong data-start=\"307\" data-end=\"362\"><a href=\"https:\/\/vapestornado.com\/de\/product\/randm-12000-puffs-fumot-digital-disposable-vape-wholesale-price\/\">Fumot VAPE<\/a>, <a href=\"https:\/\/vapestornado.com\/de\/product\/original-wga-ultra-35k-35000-puff-rechargeable-crystal-disposable-nicotine-vape-best-discount-price\/\">WGA VAPE<\/a>, <\/strong><strong data-start=\"307\" data-end=\"362\"><a href=\"https:\/\/vapestornado.com\/de\/product\/vozol-gear-shisha-25k-25000-puffs-best-dtl-disposable-vape-hookah-cheap-price\/\">VOZOL BAR VAPE<\/a>,<\/strong><strong data-start=\"247\" data-end=\"352\">\u00a0Elf Bar Vape, WASPE Vape, <a href=\"https:\/\/vapestornado.com\/de\/product\/uzy-150k-puffs-6-in-1-flavor-switch-disposable-vape-pen-wholesale\/\">UZY Vape<\/a>, Bang Vape, Razz Bar Vape und Stag Bar Vape<\/strong>, die f\u00fcr gleichbleibende Qualit\u00e4t und hohe Nachfrage auf dem europ\u00e4ischen Markt ausgew\u00e4hlt wurden.<\/p>\n<h4 data-start=\"1080\" data-end=\"1120\">F\u00fcr europ\u00e4ische Gro\u00dfhandelskunden konzipiert<\/h4>\n<p data-start=\"1121\" data-end=\"1189\">Vapes Tornado ist auf die tats\u00e4chlichen Bed\u00fcrfnisse von EU-Gro\u00dfh\u00e4ndlern ausgerichtet:<\/p>\n<ul data-start=\"1190\" data-end=\"1400\">\n<li data-start=\"1190\" data-end=\"1239\">\n<p data-start=\"1192\" data-end=\"1239\">Wettbewerbsf\u00e4hige Gro\u00dfhandelspreise f\u00fcr Gro\u00dfbestellungen<\/p>\n<\/li>\n<li data-start=\"1240\" data-end=\"1289\">\n<p data-start=\"1242\" data-end=\"1289\">Klare Produktbeschreibungen und Spezifikationen<\/p>\n<\/li>\n<li data-start=\"1290\" data-end=\"1330\">\n<p data-start=\"1292\" data-end=\"1330\">Schnelle, zuverl\u00e4ssige EU-orientierte Logistik<\/p>\n<\/li>\n<li data-start=\"1331\" data-end=\"1400\">\n<p data-start=\"1333\" data-end=\"1400\">Ein Katalog, der sich auf <strong data-start=\"1356\" data-end=\"1373\">beliebten Vapes<\/strong>, nicht auf \u00fcberf\u00fcllte SKUs<\/p>\n<\/li>\n<\/ul>\n<h2 data-start=\"2064\" data-end=\"2115\">FAQs zum Al Fakher Mega Max 40000 Einweg-Vape<\/h2>\n<p data-start=\"3278\" data-end=\"3451\"><strong data-start=\"3278\" data-end=\"3343\">1. Wie lange h\u00e4lt der Al Fakher Mega Max 40K bei realem Gebrauch?<\/strong><br data-start=\"3343\" data-end=\"3346\" \/>Die Nutzung h\u00e4ngt von den individuellen Gewohnheiten ab, aber die meisten Nutzer berichten von mehreren Wochen Leistung bei regelm\u00e4\u00dfigem t\u00e4glichem Gebrauch.<\/p>\n<p data-start=\"3453\" data-end=\"3579\"><strong data-start=\"3453\" data-end=\"3497\">2. Ist die Luftzufuhr w\u00e4hrend des Gebrauchs einstellbar?<\/strong><br data-start=\"3497\" data-end=\"3500\" \/>Ja, die verstellbare Luftzufuhr erm\u00f6glicht es den Nutzern, den Zugwiderstand jederzeit anzupassen.<\/p>\n<p data-start=\"3581\" data-end=\"3678\"><strong data-start=\"3581\" data-end=\"3615\">3. Ist das Ger\u00e4t wiederaufladbar?<\/strong><br data-start=\"3615\" data-end=\"3618\" \/>Ja, es verf\u00fcgt \u00fcber eine 850mAh Batterie mit USB Typ-C Ladeanschluss.<\/p>\n<p data-start=\"3680\" data-end=\"3856\"><strong data-start=\"3680\" data-end=\"3744\">4. Was macht dieses im Vergleich zu Standard-Einweg-Vapes anders?<\/strong><br data-start=\"3744\" data-end=\"3747\" \/>Sein E-Shisha-Hookah-Design, die gro\u00dfe E-Liquid-Kapazit\u00e4t und die Luftstromkontrolle unterscheiden es von einfachen Einwegprodukten.<\/p>\n<p data-start=\"3858\" data-end=\"4007\"><strong data-start=\"3858\" data-end=\"3912\">5. Ist dies f\u00fcr den Gro\u00dfhandel in der EU geeignet?<\/strong><br data-start=\"3912\" data-end=\"3915\" \/>Ja, es ist f\u00fcr den EU-Markt konzipiert und wird \u00fcblicherweise zu Gro\u00dfhandelspreisen f\u00fcr Mengenbestellungen geliefert.<\/p>\n<\/div>\n<\/div>\n<\/div>\n<\/div>","protected":false},"excerpt":{"rendered":"<p data-start=\"4472\" data-end=\"4562\"><strong data-start=\"4472\" data-end=\"4560\">Al Fakher Mega Max 40K Einweg E-Shisha mit Einstellbarer Luftzufuhr \u2013 Gro\u00dfhandelsbereit<\/strong><\/p>\n<p data-start=\"4566\" data-end=\"4641\"><strong data-start=\"4566\" data-end=\"4639\">Al Fakher Crown Bar Mega Max 40000 Z\u00fcge Hookah Vape f\u00fcr Gro\u00dfhandel in der EU<\/strong><\/p>\n<p data-start=\"4645\" data-end=\"4728\"><strong data-start=\"4645\" data-end=\"4728\">Mega Max 40K von Al Fakher \u2013 Langlebige Einweg E-Shisha zum Gro\u00dfhandelspreis<\/strong><\/p>\n<p><strong>F\u00fcgen Sie Amys WhatsApp hinzu, um eine korrekte Antwort und einen Rabattpreis zu erhalten!<\/strong><\/p>\n<p><img fetchpriority=\"high\" decoding=\"async\" class=\"size-full wp-image-2932\" src=\"https:\/\/vapestornado.com\/wp-content\/uploads\/2024\/12\/Vape-Wholesale.jpg\" alt=\"Vape-Gro\u00dfhandel\" width=\"229\" height=\"300\" \/><\/p>\n<h3><a href=\"https:\/\/wa.me\/8617776015835\"><span style=\"color: #ff0000;\"><strong>WhatsApp: +86 17776015835<\/strong><\/span><\/a><\/h3>","protected":false},"featured_media":4776,"comment_status":"open","ping_status":"closed","template":"","meta":{"_acf_changed":false,"_uag_custom_page_level_css":"","_lmt_disableupdate":"no","_lmt_disable":"","_monsterinsights_skip_tracking":false,"_monsterinsights_sitenote_active":false,"_monsterinsights_sitenote_note":"","_monsterinsights_sitenote_category":0,"site-sidebar-layout":"default","site-content-layout":"","ast-site-content-layout":"default","site-content-style":"default","site-sidebar-style":"default","ast-global-header-display":"","ast-banner-title-visibility":"","ast-main-header-display":"","ast-hfb-above-header-display":"","ast-hfb-below-header-display":"","ast-hfb-mobile-header-display":"","site-post-title":"","ast-breadcrumbs-content":"","ast-featured-img":"","footer-sml-layout":"","ast-disable-related-posts":"","theme-transparent-header-meta":"default","adv-header-id-meta":"","stick-header-meta":"","header-above-stick-meta":"","header-main-stick-meta":"","header-below-stick-meta":"","astra-migrate-meta-layouts":"set","ast-page-background-enabled":"default","ast-page-background-meta":{"desktop":{"background-color":"","background-image":"","background-repeat":"repeat","background-position":"center center","background-size":"auto","background-attachment":"scroll","background-type":"","background-media":"","overlay-type":"","overlay-color":"","overlay-opacity":"","overlay-gradient":""},"tablet":{"background-color":"","background-image":"","background-repeat":"repeat","background-position":"center center","background-size":"auto","background-attachment":"scroll","background-type":"","background-media":"","overlay-type":"","overlay-color":"","overlay-opacity":"","overlay-gradient":""},"mobile":{"background-color":"","background-image":"","background-repeat":"repeat","background-position":"center center","background-size":"auto","background-attachment":"scroll","background-type":"","background-media":"","overlay-type":"","overlay-color":"","overlay-opacity":"","overlay-gradient":""}},"ast-content-background-meta":{"desktop":{"background-color":"var(--ast-global-color-5)","background-image":"","background-repeat":"repeat","background-position":"center center","background-size":"auto","background-attachment":"scroll","background-type":"","background-media":"","overlay-type":"","overlay-color":"","overlay-opacity":"","overlay-gradient":""},"tablet":{"background-color":"var(--ast-global-color-5)","background-image":"","background-repeat":"repeat","background-position":"center center","background-size":"auto","background-attachment":"scroll","background-type":"","background-media":"","overlay-type":"","overlay-color":"","overlay-opacity":"","overlay-gradient":""},"mobile":{"background-color":"var(--ast-global-color-5)","background-image":"","background-repeat":"repeat","background-position":"center center","background-size":"auto","background-attachment":"scroll","background-type":"","background-media":"","overlay-type":"","overlay-color":"","overlay-opacity":"","overlay-gradient":""}},"_joinchat":[]},"product_brand":[],"product_cat":[65,531,140,150,156,158,141,142,146,147],"product_tag":[533,534,535,532,355,287,513,512],"class_list":{"0":"post-4781","1":"product","2":"type-product","3":"status-publish","4":"has-post-thumbnail","6":"product_cat-40000-puff","7":"product_cat-al-fakher-crown-bar","8":"product_cat-big-puffs-disposable-vapes","9":"product_cat-buy-disposable-vapes-in-belgium","10":"product_cat-buy-disposable-vapes-in-poland","11":"product_cat-buy-disposable-vapes-in-spain","12":"product_cat-crystal-disposable-vapes","13":"product_cat-digital-box-disposable-vapes","14":"product_cat-rechargeable-disposable-vapes","15":"product_cat-shisha-hookah-disposable-vapes","16":"product_tag-al-fakher-crown-bar-mega-max","17":"product_tag-al-fakher-crown-bar-mega-max-40000-puffs","18":"product_tag-al-fakher-crown-bar-mega-max-40k","19":"product_tag-al-fakher-mega-max-40k","20":"product_tag-big-puff-vape","21":"product_tag-disposable-vape-pen","22":"product_tag-vape-discount-price","23":"product_tag-vape-wholesale-distributor","24":"desktop-align-left","25":"tablet-align-left","26":"mobile-align-left","28":"first","29":"instock","30":"sale","31":"shipping-taxable","32":"purchasable","33":"product-type-simple"},"acf":[],"uagb_featured_image_src":{"full":["https:\/\/vapestornado.com\/wp-content\/uploads\/2026\/01\/Al-Fakher-Mega-Max-40K-40000-Puff-Disposable-Vapor.webp",800,800,false],"thumbnail":["https:\/\/vapestornado.com\/wp-content\/uploads\/2026\/01\/Al-Fakher-Mega-Max-40K-40000-Puff-Disposable-Vapor-150x150.webp",150,150,true],"medium":["https:\/\/vapestornado.com\/wp-content\/uploads\/2026\/01\/Al-Fakher-Mega-Max-40K-40000-Puff-Disposable-Vapor-300x300.webp",300,300,true],"medium_large":["https:\/\/vapestornado.com\/wp-content\/uploads\/2026\/01\/Al-Fakher-Mega-Max-40K-40000-Puff-Disposable-Vapor-768x768.webp",768,768,true],"large":["https:\/\/vapestornado.com\/wp-content\/uploads\/2026\/01\/Al-Fakher-Mega-Max-40K-40000-Puff-Disposable-Vapor.webp",800,800,false],"1536x1536":["https:\/\/vapestornado.com\/wp-content\/uploads\/2026\/01\/Al-Fakher-Mega-Max-40K-40000-Puff-Disposable-Vapor.webp",800,800,false],"2048x2048":["https:\/\/vapestornado.com\/wp-content\/uploads\/2026\/01\/Al-Fakher-Mega-Max-40K-40000-Puff-Disposable-Vapor.webp",800,800,false],"trp-custom-language-flag":["https:\/\/vapestornado.com\/wp-content\/uploads\/2026\/01\/Al-Fakher-Mega-Max-40K-40000-Puff-Disposable-Vapor-12x12.webp",12,12,true],"woocommerce_thumbnail":["https:\/\/vapestornado.com\/wp-content\/uploads\/2026\/01\/Al-Fakher-Mega-Max-40K-40000-Puff-Disposable-Vapor-300x300.webp",300,300,true],"woocommerce_single":["https:\/\/vapestornado.com\/wp-content\/uploads\/2026\/01\/Al-Fakher-Mega-Max-40K-40000-Puff-Disposable-Vapor-600x600.webp",600,600,true],"woocommerce_gallery_thumbnail":["https:\/\/vapestornado.com\/wp-content\/uploads\/2026\/01\/Al-Fakher-Mega-Max-40K-40000-Puff-Disposable-Vapor-100x100.webp",100,100,true]},"uagb_author_info":{"display_name":"ESAMY","author_link":"https:\/\/vapestornado.com\/de\/author\/"},"uagb_comment_info":0,"uagb_excerpt":"Al Fakher Mega Max 40K Disposable E Shisha with Adjustable Airflow \u2013 Wholesale Ready Al Fakher Crown Bar Mega Max 40000 Puffs Hookah Vape for EU Wholesale Mega Max 40K by Al Fakher \u2013 Long-Lasting Disposable E Shisha at Wholesale Price Add Amy's whatsapp to get right reply and discount price! WhatsApp: +86 17776015835","_links":{"self":[{"href":"https:\/\/vapestornado.com\/de\/wp-json\/wp\/v2\/product\/4781","targetHints":{"allow":["GET"]}}],"collection":[{"href":"https:\/\/vapestornado.com\/de\/wp-json\/wp\/v2\/product"}],"about":[{"href":"https:\/\/vapestornado.com\/de\/wp-json\/wp\/v2\/types\/product"}],"replies":[{"embeddable":true,"href":"https:\/\/vapestornado.com\/de\/wp-json\/wp\/v2\/comments?post=4781"}],"wp:featuredmedia":[{"embeddable":true,"href":"https:\/\/vapestornado.com\/de\/wp-json\/wp\/v2\/media\/4776"}],"wp:attachment":[{"href":"https:\/\/vapestornado.com\/de\/wp-json\/wp\/v2\/media?parent=4781"}],"wp:term":[{"taxonomy":"product_brand","embeddable":true,"href":"https:\/\/vapestornado.com\/de\/wp-json\/wp\/v2\/product_brand?post=4781"},{"taxonomy":"product_cat","embeddable":true,"href":"https:\/\/vapestornado.com\/de\/wp-json\/wp\/v2\/product_cat?post=4781"},{"taxonomy":"product_tag","embeddable":true,"href":"https:\/\/vapestornado.com\/de\/wp-json\/wp\/v2\/product_tag?post=4781"}],"curies":[{"name":"wp","href":"https:\/\/api.w.org\/{rel}","templated":true}]}}