{"id":4772,"date":"2026-01-06T07:32:26","date_gmt":"2026-01-06T07:32:26","guid":{"rendered":"https:\/\/vapestornado.com\/?post_type=product&#038;p=4772"},"modified":"2026-01-06T08:25:40","modified_gmt":"2026-01-06T08:25:40","slug":"al-fakher-crystal-8k-v2-8000-puffs-disposable-vape-dual-vaping-mode","status":"publish","type":"product","link":"https:\/\/vapestornado.com\/de\/product\/al-fakher-crystal-8k-v2-8000-puffs-disposable-vape-dual-vaping-mode\/","title":{"rendered":"Al Fakher CRYSTAL 8k V2 8000 Z\u00fcge Einweg-Vape Dual Vaping Mode"},"content":{"rendered":"<h1 data-start=\"0\" data-end=\"87\">Al Fakher CRYSTAL 8K V2 8000 Z\u00fcge Einweg-Vape \u2013 Dual Vaping Mode<\/h1>\n<p data-start=\"249\" data-end=\"723\">Der <strong data-start=\"253\" data-end=\"280\">Al Fakher CRYSTAL 8K V2<\/strong> ist f\u00fcr Gro\u00dfh\u00e4ndler entwickelt, die Wert auf Markencredibility, konsistente Geschmacks\u00fcbertragung und zuverl\u00e4ssigen Umsatz legen. Als Teil der <strong data-start=\"409\" data-end=\"432\">Al Fakher Kronleuchter Bar<\/strong> Produktlinie konzentriert sich dieses Modell auf Stabilit\u00e4t statt auf Gimmicks, was es zu einer sicheren und bew\u00e4hrten Option f\u00fcr den EU-Einwegmarkt macht. Mit einem verfeinerten Kristall-Design, Mesh-Coil-Heizung und <strong data-start=\"618\" data-end=\"638\">Dual-Dampfmodus<\/strong>, bietet es ein kontrolliertes und wiederholbares Erlebnis vom ersten Zug bis zum letzten.<\/p>\n<p data-start=\"725\" data-end=\"1103\">Im Gegensatz zu \u00fcbergro\u00dfen Hoch-Zug-Modellen wie <strong data-start=\"767\" data-end=\"787\">Airmez Fox 80000<\/strong>, ist der <strong data-start=\"793\" data-end=\"830\">Al Fakher Crown Bar Crystal 8000 V2<\/strong> richtet sich an Nutzer, die leichtere Inhalation und t\u00e4gliche Zuverl\u00e4ssigkeit bevorzugen. Die niedrige <strong data-start=\"902\" data-end=\"939\">0,5% (0,5mg\/ml) Nikotinst\u00e4rke<\/strong> erf\u00fcllt die Nachfrage von Kunden, die sanfte Zufriedenheit ohne H\u00e4rte suchen, w\u00e4hrend die <strong data-start=\"1025\" data-end=\"1051\">18ml E-Liquid-Kapazit\u00e4t<\/strong> l\u00e4ngere Nutzung ohne h\u00e4ufigen Austausch unterst\u00fctzt.<\/p>\n<p data-start=\"1105\" data-end=\"1509\">Das Geschmacksprofil bleibt dank eines aufger\u00fcsteten Mesh-Coil-Systems konstant, das gleichm\u00e4\u00dfige Erw\u00e4rmung und einen sanften Zug sowohl bei MTL- als auch bei DTL-Einstellungen erm\u00f6glicht. Das <strong data-start=\"1263\" data-end=\"1283\">Dual-Dampfmodus<\/strong> erm\u00f6glicht es Benutzern, je nach Vorliebe zwischen verschiedenen Zeichenstilen zu wechseln, was die Attraktivit\u00e4t bei unterschiedlichen Nutzergewohnheiten erh\u00f6ht. Angetrieben von einem <strong data-start=\"1401\" data-end=\"1432\">850mAh wiederaufladbare Batterie<\/strong> und <strong data-start=\"1437\" data-end=\"1456\">Typ-C-Laden<\/strong>, das stabile Ausgabe bis zur Entleerung beibeh\u00e4lt.<\/p>\n<p data-start=\"1511\" data-end=\"1833\">Mit <strong data-start=\"1516\" data-end=\"1538\">45 Geschmacksoptionen<\/strong>, ist der <strong data-start=\"1544\" data-end=\"1571\">Al Fakher CRYSTAL 8k V2<\/strong> ist ideal f\u00fcr Geschmacksrotation, Regal\u00fcbersicht und Wiederkauf. Wird in Gro\u00dfpackungen mit <strong data-start=\"1666\" data-end=\"1688\">200 St\u00fcck pro Karton<\/strong>, geliefert und ist gut geeignet f\u00fcr <strong data-start=\"1712\" data-end=\"1750\">Einweg-Vapes Gro\u00dfhandel Deutschland<\/strong> K\u00e4ufer, die nach einer starken Marke zu einem <strong data-start=\"1790\" data-end=\"1805\">g\u00fcnstige Preis<\/strong> mit langfristiger Zuverl\u00e4ssigkeit suchen.<\/p>\n<p><strong><span style=\"color: #ff0000;\">F\u00fcge Amy auf WhatsApp hinzu, um sofort eine Antwort und einen Vape-Gutschein zu erhalten!<\/span><\/strong><\/p>\n<p><img fetchpriority=\"high\" decoding=\"async\" class=\"size-full wp-image-2932\" src=\"https:\/\/vapestornado.com\/wp-content\/uploads\/2024\/12\/Vape-Wholesale.jpg\" alt=\"Vape-Gro\u00dfhandel\" width=\"229\" height=\"300\" \/><\/p>\n<h3><a href=\"https:\/\/wa.me\/8617776015835\" target=\"_blank\" rel=\"noopener\"><span style=\"color: #ff0000;\"><strong>WhatsApp: +86 17776015835<\/strong><\/span><\/a><\/h3>\n<p>&nbsp;<\/p>\n<h2><strong>Al Fakher CRYSTAL 8k V2 Puffs Produktmerkmale<\/strong><\/h2>\n<div>\n<ul>\n<li data-start=\"0\" data-end=\"138\">\n<p data-start=\"2\" data-end=\"138\"><strong data-start=\"2\" data-end=\"31\" data-is-only-node=\"\">Bis zu 8.000\u201312.000 Z\u00fcge:<\/strong> Entwickelt, um langlebige Leistung zu bieten und den Bedarf an h\u00e4ufigen Austausch f\u00fcr Endverbraucher zu reduzieren.<\/p>\n<\/li>\n<li data-start=\"140\" data-end=\"263\">\n<p data-start=\"142\" data-end=\"263\"><strong data-start=\"142\" data-end=\"163\" data-is-only-node=\"\">Duale Dampfmodus:<\/strong> Unterst\u00fctzt sowohl MTL- als auch DTL-Stile, sodass Benutzer den Zug an ihre pers\u00f6nlichen Vorlieben anpassen k\u00f6nnen.<\/p>\n<\/li>\n<li data-start=\"265\" data-end=\"392\">\n<p data-start=\"267\" data-end=\"392\"><strong data-start=\"267\" data-end=\"298\" data-is-only-node=\"\">0,5% Niedrige Nikotinst\u00e4rke:<\/strong> Bietet einen leichteren, sanfteren Zug, geeignet f\u00fcr Kunden, die eine kontrollierte Nikotinaufnahme w\u00fcnschen.<\/p>\n<\/li>\n<li data-start=\"394\" data-end=\"502\">\n<p data-start=\"396\" data-end=\"502\"><strong data-start=\"396\" data-end=\"423\" data-is-only-node=\"\">18ml E-Liquid-Kapazit\u00e4t:<\/strong> Sichert eine gleichbleibende Geschmacksabgabe w\u00e4hrend der gesamten Lebensdauer des Ger\u00e4ts.<\/p>\n<\/li>\n<li data-start=\"504\" data-end=\"615\">\n<p data-start=\"506\" data-end=\"615\"><strong data-start=\"506\" data-end=\"535\" data-is-only-node=\"\">Mesh-Coil-Heizsystem:<\/strong> Sorgt f\u00fcr gleichm\u00e4\u00dfiges Erhitzen f\u00fcr stabile Dampferzeugung und reinen, pr\u00e4zisen Geschmack.<\/p>\n<\/li>\n<li data-start=\"617\" data-end=\"737\">\n<p data-start=\"619\" data-end=\"737\"><strong data-start=\"619\" data-end=\"651\" data-is-only-node=\"\">850mAh Wiederaufladbarer Akku:<\/strong> Bietet zuverl\u00e4ssige Leistung vom ersten Zug bis zum letzten ohne Leistungsverlust.<\/p>\n<\/li>\n<li data-start=\"739\" data-end=\"828\">\n<p data-start=\"741\" data-end=\"828\"><strong data-start=\"741\" data-end=\"766\" data-is-only-node=\"\">Type-C-Ladeanschluss:<\/strong> Erm\u00f6glicht schnelles, bequemes und weitgehend kompatibles Aufladen.<\/p>\n<\/li>\n<li data-start=\"830\" data-end=\"942\">\n<p data-start=\"832\" data-end=\"942\"><strong data-start=\"832\" data-end=\"854\" data-is-only-node=\"\">45 Geschmacksoptionen:<\/strong> Unterst\u00fctzt starke Geschmacksrotation und Wiederholungsk\u00e4ufe im Einzelhandel und Gro\u00dfhandel.<\/p>\n<\/li>\n<li data-start=\"944\" data-end=\"1050\">\n<p data-start=\"946\" data-end=\"1050\"><strong data-start=\"946\" data-end=\"976\" data-is-only-node=\"\">Kristall-Style Geh\u00e4usedesign:<\/strong> Verbindet hochwertige \u00c4sthetik mit praktischer Haltbarkeit f\u00fcr den t\u00e4glichen Gebrauch.<\/p>\n<\/li>\n<li data-start=\"1052\" data-end=\"1160\" data-is-last-node=\"\">\n<p data-start=\"1054\" data-end=\"1160\" data-is-last-node=\"\"><strong data-start=\"1054\" data-end=\"1095\" data-is-only-node=\"\">Gro\u00dfhandelskartonverpackung (200 St\u00fcck):<\/strong> Optimiert f\u00fcr effiziente EU-Gro\u00dfhandelsverteilung und Logistik.<\/p>\n<\/li>\n<\/ul>\n<\/div>\n<div>\n<figure id=\"attachment_4766\" aria-describedby=\"caption-attachment-4766\" style=\"width: 300px\" class=\"wp-caption alignnone\"><img decoding=\"async\" class=\"size-medium wp-image-4766\" src=\"https:\/\/vapestornado.com\/wp-content\/uploads\/2026\/01\/Al-Fakher-Crown-Bar-Crystal-8000-Disposable-Wholesale-Price-300x300.webp\" alt=\"Al Fakher Crown Bar Kristall 8000 Einweg-Wholesale-Preis\" width=\"300\" height=\"300\" srcset=\"https:\/\/vapestornado.com\/wp-content\/uploads\/2026\/01\/Al-Fakher-Crown-Bar-Crystal-8000-Disposable-Wholesale-Price-300x300.webp 300w, https:\/\/vapestornado.com\/wp-content\/uploads\/2026\/01\/Al-Fakher-Crown-Bar-Crystal-8000-Disposable-Wholesale-Price-150x150.webp 150w, https:\/\/vapestornado.com\/wp-content\/uploads\/2026\/01\/Al-Fakher-Crown-Bar-Crystal-8000-Disposable-Wholesale-Price-768x768.webp 768w, https:\/\/vapestornado.com\/wp-content\/uploads\/2026\/01\/Al-Fakher-Crown-Bar-Crystal-8000-Disposable-Wholesale-Price-12x12.webp 12w, https:\/\/vapestornado.com\/wp-content\/uploads\/2026\/01\/Al-Fakher-Crown-Bar-Crystal-8000-Disposable-Wholesale-Price-600x600.webp 600w, https:\/\/vapestornado.com\/wp-content\/uploads\/2026\/01\/Al-Fakher-Crown-Bar-Crystal-8000-Disposable-Wholesale-Price-100x100.webp 100w, https:\/\/vapestornado.com\/wp-content\/uploads\/2026\/01\/Al-Fakher-Crown-Bar-Crystal-8000-Disposable-Wholesale-Price.webp 800w\" sizes=\"(max-width: 300px) 100vw, 300px\" \/><figcaption id=\"caption-attachment-4766\" class=\"wp-caption-text\">Al Fakher Crown Bar Kristall 8000 Einweg-Wholesale-Preis<\/figcaption><\/figure>\n<\/div>\n<div>\n<figure id=\"attachment_4771\" aria-describedby=\"caption-attachment-4771\" style=\"width: 289px\" class=\"wp-caption alignnone\"><img decoding=\"async\" class=\"size-medium wp-image-4771\" src=\"https:\/\/vapestornado.com\/wp-content\/uploads\/2026\/01\/Al-Fakher-Crystal-8k-Disposable-Vapes-289x300.jpg\" alt=\"Al Fakher Kristall 8k V2 Einweg-Vapes\" width=\"289\" height=\"300\" srcset=\"https:\/\/vapestornado.com\/wp-content\/uploads\/2026\/01\/Al-Fakher-Crystal-8k-Disposable-Vapes-289x300.jpg 289w, https:\/\/vapestornado.com\/wp-content\/uploads\/2026\/01\/Al-Fakher-Crystal-8k-Disposable-Vapes-987x1024.jpg 987w, https:\/\/vapestornado.com\/wp-content\/uploads\/2026\/01\/Al-Fakher-Crystal-8k-Disposable-Vapes-768x797.jpg 768w, https:\/\/vapestornado.com\/wp-content\/uploads\/2026\/01\/Al-Fakher-Crystal-8k-Disposable-Vapes-12x12.jpg 12w, https:\/\/vapestornado.com\/wp-content\/uploads\/2026\/01\/Al-Fakher-Crystal-8k-Disposable-Vapes-600x623.jpg 600w, https:\/\/vapestornado.com\/wp-content\/uploads\/2026\/01\/Al-Fakher-Crystal-8k-Disposable-Vapes.jpg 1411w\" sizes=\"(max-width: 289px) 100vw, 289px\" \/><figcaption id=\"caption-attachment-4771\" class=\"wp-caption-text\">Al Fakher Kristall 8k V2 Einweg-Vapes<\/figcaption><\/figure>\n<\/div>\n<h2 class=\"product-title\"><strong>Al Fakher CRYSTAL 8k V2Puff Geschmacksliste<\/strong><\/h2>\n<p>1 Beerenblau<br \/>\n2 Beeren-Eis<br \/>\n3 Schwarze Johannisbeere-Eis<br \/>\n4 Schwarze Johannisbeere-Minz<br \/>\n5 Blue Razz Blast<br \/>\n6 Blue Razz Limonade<br \/>\n7 Blaubeere Kirsche<br \/>\n8 Blaubeere Kaugummi<br \/>\n9 Blaubeer Zitronenlimonade<br \/>\n10 Blaubeer Minze<br \/>\n11 Blaubeer Himbeere<br \/>\n12 Blaubeere-Sauer-Raspberry<br \/>\n13 Kirsch Fiesta<br \/>\n14 Kirsch Fizz<br \/>\n15 Kirsch Eis<br \/>\n16 Cooler Mango<br \/>\n17 Fusion Pop<br \/>\n18 Traube<br \/>\n19 Traube Beere<br \/>\n20 Traube Minze<br \/>\n21 Kaugummi Minze<br \/>\n22 Hubba<br \/>\n23 Eis Blau<br \/>\n24 Zitrone Limette<br \/>\n25 Zitrone Limette Kirsch Fizz<br \/>\n26 Zitrone Minze<br \/>\n27 Lush Eis<br \/>\n28 Magische Liebe<br \/>\n29 Mango Ananas<br \/>\n30 Menthol<br \/>\n31 Minze<br \/>\n32 Gemischte Beere<br \/>\n33 Orange Minze<br \/>\n34 Pfirsich Eis<br \/>\n35 Ananas Eis<br \/>\n36 Weltraumtraum<br \/>\n37 Pfefferminze<br \/>\n38 Erdbeer Kirsche<br \/>\n39 Erdbeer Punch<br \/>\n40 Sommertraum<br \/>\n41 Zwei \u00c4pfel<br \/>\n42 Wassermelone Kirsche<br \/>\n43 Wassermelone Kiwi<br \/>\n44 Wassermelone Limette<br \/>\n45 Wassermelone Ananas<\/p>\n<div class=\"flex-shrink-0 flex flex-col relative items-end\">\n<div class=\"pt-0\">\n<div class=\"gizmo-bot-avatar flex h-8 w-8 items-center justify-center overflow-hidden rounded-full\">\n<div class=\"relative p-1 rounded-sm flex items-center justify-center bg-token-main-surface-primary text-token-text-primary h-8 w-8\">\n<h2 data-start=\"1200\" data-end=\"1487\">Vapes Tornado \u2013 Ihr Gro\u00dfhandels-Online-Vapor-Shop f\u00fcr beliebte Vapes<\/h2>\n<p data-start=\"72\" data-end=\"396\"><strong data-start=\"72\" data-end=\"89\">Vapes Tornado<\/strong> ist ein europaorientierter Gro\u00dfhandels-Online-Vapor-Shop, der eine sorgf\u00e4ltig ausgew\u00e4hlte Auswahl an <strong data-start=\"178\" data-end=\"195\">beliebten Vapes<\/strong> f\u00fcr professionelle Eink\u00e4ufer anbietet. Wir arbeiten mit Einzelh\u00e4ndlern, H\u00e4ndlern und Online-Shops in der gesamten EU zusammen, die stabile Versorgung, klare Produktinformationen und Marken ben\u00f6tigen, die Kunden bereits kennen und vertrauen.<\/p>\n<p data-start=\"398\" data-end=\"687\">Wir arbeiten mit vertrauensw\u00fcrdigen Namen wie <strong data-start=\"307\" data-end=\"362\"><a href=\"https:\/\/vapestornado.com\/de\/product\/randm-12000-puffs-fumot-digital-disposable-vape-wholesale-price\/\">Fumot VAPE<\/a>, <a href=\"https:\/\/vapestornado.com\/de\/product\/original-wga-ultra-35k-35000-puff-rechargeable-crystal-disposable-nicotine-vape-best-discount-price\/\">WGA VAPE<\/a>, <\/strong><strong data-start=\"307\" data-end=\"362\"><a href=\"https:\/\/vapestornado.com\/de\/product\/vozol-gear-shisha-25k-25000-puffs-best-dtl-disposable-vape-hookah-cheap-price\/\">VOZOL BAR VAPE<\/a>,<\/strong><strong data-start=\"247\" data-end=\"352\">\u00a0Elf Bar Vape, WASPE Vape, <a href=\"https:\/\/vapestornado.com\/de\/product\/uzy-150k-puffs-6-in-1-flavor-switch-disposable-vape-pen-wholesale\/\">UZY Vape<\/a>, Bang Vape, Razz Bar Vape und Stag Bar Vape<\/strong>, die f\u00fcr gleichbleibende Qualit\u00e4t und hohe Nachfrage auf dem europ\u00e4ischen Markt ausgew\u00e4hlt wurden.<\/p>\n<h4 data-start=\"1080\" data-end=\"1120\">F\u00fcr europ\u00e4ische Gro\u00dfhandelskunden konzipiert<\/h4>\n<p data-start=\"1121\" data-end=\"1189\">Vapes Tornado ist auf die tats\u00e4chlichen Bed\u00fcrfnisse von EU-Gro\u00dfh\u00e4ndlern ausgerichtet:<\/p>\n<ul data-start=\"1190\" data-end=\"1400\">\n<li data-start=\"1190\" data-end=\"1239\">\n<p data-start=\"1192\" data-end=\"1239\">Wettbewerbsf\u00e4hige Gro\u00dfhandelspreise f\u00fcr Gro\u00dfbestellungen<\/p>\n<\/li>\n<li data-start=\"1240\" data-end=\"1289\">\n<p data-start=\"1242\" data-end=\"1289\">Klare Produktbeschreibungen und Spezifikationen<\/p>\n<\/li>\n<li data-start=\"1290\" data-end=\"1330\">\n<p data-start=\"1292\" data-end=\"1330\">Schnelle, zuverl\u00e4ssige EU-orientierte Logistik<\/p>\n<\/li>\n<li data-start=\"1331\" data-end=\"1400\">\n<p data-start=\"1333\" data-end=\"1400\">Ein Katalog, der sich auf <strong data-start=\"1356\" data-end=\"1373\">beliebten Vapes<\/strong>, nicht auf \u00fcberf\u00fcllte SKUs<\/p>\n<\/li>\n<\/ul>\n<h2 data-start=\"2064\" data-end=\"2115\">FAQs zu Al Fakher CRYSTAL 8000 V2 Einweg-Vape<\/h2>\n<p data-start=\"3467\" data-end=\"3658\"><strong data-start=\"3467\" data-end=\"3546\">1. Was unterscheidet den Al Fakher CRYSTAL 8K V2 von anderen Einweg-Vapes?<\/strong><br data-start=\"3546\" data-end=\"3549\" \/>Er legt den Fokus auf Geschmacksstabilit\u00e4t, niedrige Nikotinst\u00e4rke und Doppel-Vaping-Modus anstelle von extrem hohen Zigarettenanzahlen.<\/p>\n<p data-start=\"3660\" data-end=\"3780\"><strong data-start=\"3660\" data-end=\"3721\">2. Ist der Al Fakher Crown Bar Crystal 8K V2 wiederaufladbar?<\/strong><br data-start=\"3721\" data-end=\"3724\" \/>Ja, es verf\u00fcgt \u00fcber eine 850mAh Batterie mit Typ-C-Ladung.<\/p>\n<p data-start=\"3782\" data-end=\"3917\"><strong data-start=\"3782\" data-end=\"3825\">3. F\u00fcr wen ist dieses Produkt am besten geeignet?<\/strong><br data-start=\"3825\" data-end=\"3828\" \/>Benutzer, die einen milden Geschmack, eine leichtere Nikotinaufnahme und eine konsistente t\u00e4gliche Leistung w\u00fcnschen.<\/p>\n<p data-start=\"3919\" data-end=\"4102\"><strong data-start=\"3919\" data-end=\"3989\">4. Wie schneidet es im Vergleich zu Hoch-Puff-Ger\u00e4ten wie Airmez Fox 80000 ab?<\/strong><br data-start=\"3989\" data-end=\"3992\" \/>Das Crystal 8K V2 legt Wert auf Kontrolle und Geschmacksgenauigkeit, w\u00e4hrend Hoch-Puff-Modelle auf eine verl\u00e4ngerte Lebensdauer fokussieren.<\/p>\n<p data-start=\"4104\" data-end=\"4265\"><strong data-start=\"4104\" data-end=\"4166\">5. Ist dieses Produkt f\u00fcr den Gro\u00dfhandel in der EU geeignet?<\/strong><br data-start=\"4166\" data-end=\"4169\" \/>Ja, es ist in Gro\u00dfkartons verpackt und beliebt f\u00fcr <strong data-start=\"4219\" data-end=\"4257\">Einweg-Vapes Gro\u00dfhandel Deutschland<\/strong> Lieferung.<\/p>\n<\/div>\n<\/div>\n<\/div>\n<\/div>","protected":false},"excerpt":{"rendered":"<p data-start=\"1873\" data-end=\"1964\"><strong data-start=\"1873\" data-end=\"1964\">Al Fakher Crown Bar Crystal 8K V2 \u2013 Stabiles Leistungsf\u00e4higes Einweg-Vape f\u00fcr den EU-Gro\u00dfhandel<\/strong><\/p>\n<p data-start=\"1968\" data-end=\"2039\"><strong data-start=\"1968\" data-end=\"2039\">Al Fakher CRYSTAL 8K V2 mit Dual Vaping Mode &amp; Niedrigem Nikotin-Aussto\u00df<\/strong><\/p>\n<p data-start=\"2043\" data-end=\"2136\"><strong data-start=\"2043\" data-end=\"2136\">Crystal 8K V2 von Al Fakher \u2013 Zuverl\u00e4ssiges 8000-Z\u00fcge-Einwegger\u00e4t zu wettbewerbsf\u00e4higem Gro\u00dfhandelspreis<\/strong><\/p>\n<p><strong>F\u00fcgen Sie Amys WhatsApp hinzu, um eine korrekte Antwort und einen Rabattpreis zu erhalten!<\/strong><\/p>\n<p><img fetchpriority=\"high\" decoding=\"async\" class=\"size-full wp-image-2932\" src=\"https:\/\/vapestornado.com\/wp-content\/uploads\/2024\/12\/Vape-Wholesale.jpg\" alt=\"Vape-Gro\u00dfhandel\" width=\"229\" height=\"300\" \/><\/p>\n<h3><a href=\"https:\/\/wa.me\/8617776015835\"><span style=\"color: #ff0000;\"><strong>WhatsApp: +86 17776015835<\/strong><\/span><\/a><\/h3>","protected":false},"featured_media":4770,"comment_status":"open","ping_status":"closed","template":"","meta":{"_acf_changed":false,"_uag_custom_page_level_css":"","_lmt_disableupdate":"no","_lmt_disable":"","_monsterinsights_skip_tracking":false,"_monsterinsights_sitenote_active":false,"_monsterinsights_sitenote_note":"","_monsterinsights_sitenote_category":0,"site-sidebar-layout":"default","site-content-layout":"","ast-site-content-layout":"default","site-content-style":"default","site-sidebar-style":"default","ast-global-header-display":"","ast-banner-title-visibility":"","ast-main-header-display":"","ast-hfb-above-header-display":"","ast-hfb-below-header-display":"","ast-hfb-mobile-header-display":"","site-post-title":"","ast-breadcrumbs-content":"","ast-featured-img":"","footer-sml-layout":"","ast-disable-related-posts":"","theme-transparent-header-meta":"default","adv-header-id-meta":"","stick-header-meta":"","header-above-stick-meta":"","header-main-stick-meta":"","header-below-stick-meta":"","astra-migrate-meta-layouts":"set","ast-page-background-enabled":"default","ast-page-background-meta":{"desktop":{"background-color":"","background-image":"","background-repeat":"repeat","background-position":"center center","background-size":"auto","background-attachment":"scroll","background-type":"","background-media":"","overlay-type":"","overlay-color":"","overlay-opacity":"","overlay-gradient":""},"tablet":{"background-color":"","background-image":"","background-repeat":"repeat","background-position":"center center","background-size":"auto","background-attachment":"scroll","background-type":"","background-media":"","overlay-type":"","overlay-color":"","overlay-opacity":"","overlay-gradient":""},"mobile":{"background-color":"","background-image":"","background-repeat":"repeat","background-position":"center center","background-size":"auto","background-attachment":"scroll","background-type":"","background-media":"","overlay-type":"","overlay-color":"","overlay-opacity":"","overlay-gradient":""}},"ast-content-background-meta":{"desktop":{"background-color":"var(--ast-global-color-5)","background-image":"","background-repeat":"repeat","background-position":"center center","background-size":"auto","background-attachment":"scroll","background-type":"","background-media":"","overlay-type":"","overlay-color":"","overlay-opacity":"","overlay-gradient":""},"tablet":{"background-color":"var(--ast-global-color-5)","background-image":"","background-repeat":"repeat","background-position":"center center","background-size":"auto","background-attachment":"scroll","background-type":"","background-media":"","overlay-type":"","overlay-color":"","overlay-opacity":"","overlay-gradient":""},"mobile":{"background-color":"var(--ast-global-color-5)","background-image":"","background-repeat":"repeat","background-position":"center center","background-size":"auto","background-attachment":"scroll","background-type":"","background-media":"","overlay-type":"","overlay-color":"","overlay-opacity":"","overlay-gradient":""}},"_joinchat":[]},"product_brand":[],"product_cat":[140,149,156,158,141,142,146,147],"product_tag":[529,530,528,355,287,513,512],"class_list":{"0":"post-4772","1":"product","2":"type-product","3":"status-publish","4":"has-post-thumbnail","6":"product_cat-big-puffs-disposable-vapes","7":"product_cat-buy-disposable-vapes-in-austria","8":"product_cat-buy-disposable-vapes-in-poland","9":"product_cat-buy-disposable-vapes-in-spain","10":"product_cat-crystal-disposable-vapes","11":"product_cat-digital-box-disposable-vapes","12":"product_cat-rechargeable-disposable-vapes","13":"product_cat-shisha-hookah-disposable-vapes","14":"product_tag-al-fakher-8k-v2","15":"product_tag-al-fakher-crystal-8000-v2","16":"product_tag-al-fakher-crystal-8k-v2","17":"product_tag-big-puff-vape","18":"product_tag-disposable-vape-pen","19":"product_tag-vape-discount-price","20":"product_tag-vape-wholesale-distributor","21":"desktop-align-left","22":"tablet-align-left","23":"mobile-align-left","25":"first","26":"instock","27":"sale","28":"shipping-taxable","29":"purchasable","30":"product-type-simple"},"acf":[],"uagb_featured_image_src":{"full":["https:\/\/vapestornado.com\/wp-content\/uploads\/2026\/01\/Al-Fakher-Disposable-Vapes-Best-Price.webp",800,800,false],"thumbnail":["https:\/\/vapestornado.com\/wp-content\/uploads\/2026\/01\/Al-Fakher-Disposable-Vapes-Best-Price-150x150.webp",150,150,true],"medium":["https:\/\/vapestornado.com\/wp-content\/uploads\/2026\/01\/Al-Fakher-Disposable-Vapes-Best-Price-300x300.webp",300,300,true],"medium_large":["https:\/\/vapestornado.com\/wp-content\/uploads\/2026\/01\/Al-Fakher-Disposable-Vapes-Best-Price-768x768.webp",768,768,true],"large":["https:\/\/vapestornado.com\/wp-content\/uploads\/2026\/01\/Al-Fakher-Disposable-Vapes-Best-Price.webp",800,800,false],"1536x1536":["https:\/\/vapestornado.com\/wp-content\/uploads\/2026\/01\/Al-Fakher-Disposable-Vapes-Best-Price.webp",800,800,false],"2048x2048":["https:\/\/vapestornado.com\/wp-content\/uploads\/2026\/01\/Al-Fakher-Disposable-Vapes-Best-Price.webp",800,800,false],"trp-custom-language-flag":["https:\/\/vapestornado.com\/wp-content\/uploads\/2026\/01\/Al-Fakher-Disposable-Vapes-Best-Price-12x12.webp",12,12,true],"woocommerce_thumbnail":["https:\/\/vapestornado.com\/wp-content\/uploads\/2026\/01\/Al-Fakher-Disposable-Vapes-Best-Price-300x300.webp",300,300,true],"woocommerce_single":["https:\/\/vapestornado.com\/wp-content\/uploads\/2026\/01\/Al-Fakher-Disposable-Vapes-Best-Price-600x600.webp",600,600,true],"woocommerce_gallery_thumbnail":["https:\/\/vapestornado.com\/wp-content\/uploads\/2026\/01\/Al-Fakher-Disposable-Vapes-Best-Price-100x100.webp",100,100,true]},"uagb_author_info":{"display_name":"ESAMY","author_link":"https:\/\/vapestornado.com\/de\/author\/"},"uagb_comment_info":0,"uagb_excerpt":"Al Fakher Crown Bar Crystal 8K V2 \u2013 Stable Performance Disposable Vape for EU Wholesale Al Fakher CRYSTAL 8K V2 with Dual Vaping Mode &amp; Low Nicotine Output Crystal 8K V2 by Al Fakher \u2013 Reliable 8000 Puff Disposable at Competitive Wholesale Price Add Amy's whatsapp to get right reply and discount price! WhatsApp: +86&hellip;","_links":{"self":[{"href":"https:\/\/vapestornado.com\/de\/wp-json\/wp\/v2\/product\/4772","targetHints":{"allow":["GET"]}}],"collection":[{"href":"https:\/\/vapestornado.com\/de\/wp-json\/wp\/v2\/product"}],"about":[{"href":"https:\/\/vapestornado.com\/de\/wp-json\/wp\/v2\/types\/product"}],"replies":[{"embeddable":true,"href":"https:\/\/vapestornado.com\/de\/wp-json\/wp\/v2\/comments?post=4772"}],"wp:featuredmedia":[{"embeddable":true,"href":"https:\/\/vapestornado.com\/de\/wp-json\/wp\/v2\/media\/4770"}],"wp:attachment":[{"href":"https:\/\/vapestornado.com\/de\/wp-json\/wp\/v2\/media?parent=4772"}],"wp:term":[{"taxonomy":"product_brand","embeddable":true,"href":"https:\/\/vapestornado.com\/de\/wp-json\/wp\/v2\/product_brand?post=4772"},{"taxonomy":"product_cat","embeddable":true,"href":"https:\/\/vapestornado.com\/de\/wp-json\/wp\/v2\/product_cat?post=4772"},{"taxonomy":"product_tag","embeddable":true,"href":"https:\/\/vapestornado.com\/de\/wp-json\/wp\/v2\/product_tag?post=4772"}],"curies":[{"name":"wp","href":"https:\/\/api.w.org\/{rel}","templated":true}]}}