{"id":4751,"date":"2025-12-27T08:35:49","date_gmt":"2025-12-27T08:35:49","guid":{"rendered":"https:\/\/vapestornado.com\/?post_type=product&#038;p=4751"},"modified":"2025-12-27T08:56:38","modified_gmt":"2025-12-27T08:56:38","slug":"fumot-vape-50k-50000-puffs-rechargeable-disposables-vape-eco-2-in-1-flavor-wholesale-germany","status":"publish","type":"product","link":"https:\/\/vapestornado.com\/de\/product\/fumot-vape-50k-50000-puffs-rechargeable-disposables-vape-eco-2-in-1-flavor-wholesale-germany\/","title":{"rendered":"Fumot Vape 50K 50000 Z\u00fcge Wiederaufladbare Einweg-Vape ECO 2 in 1 Geschmack Gro\u00dfhandel Deutschland"},"content":{"rendered":"<h2 data-start=\"0\" data-end=\"72\">Fumot Vape 50K: Ein praktisches 2-in-1-Format, das f\u00fcr den Gro\u00dfhandel in Deutschland entwickelt wurde<\/h2>\n<p data-start=\"74\" data-end=\"625\">Der <strong data-start=\"78\" data-end=\"96\">Fumot Vape 50K<\/strong> <strong data-start=\"117\" data-end=\"137\">\u00a050000 Z\u00fcge<\/strong>\u00a0ist f\u00fcr H\u00e4ndler und Einzelh\u00e4ndler konzipiert, die eine <strong data-start=\"193\" data-end=\"225\">Wiederaufladbarer Einweg-Vape<\/strong> ben\u00f6tigen, die leicht zu erkl\u00e4ren, einfach zu lagern und im t\u00e4glichen Gebrauch zuverl\u00e4ssig ist. Als Teil der ECO 2-in-1-Reihe kombiniert es zwei Geschmacksrichtungen in einem Ger\u00e4t und f\u00fcgt die Funktionen hinzu, die Verwirrung beim Kunden reduzieren\u2014sichtige Fl\u00fcssigkeit, ein Statusbildschirm und Type-C-Ladung. F\u00fcr <strong data-start=\"477\" data-end=\"509\">Fumot Vape Gro\u00dfhandel Deutschland<\/strong>, unterst\u00fctzt dieses Modell eine klare Produktpositionierung im Bereich der Einwegprodukte mit langer Nutzung, ohne auf vage Behauptungen angewiesen zu sein.<\/p>\n<h2 data-start=\"632\" data-end=\"694\">2-in-1 Doppelgeschmacksrichtungen: Bessere Verkaufsquote mit weniger SKUs<\/h2>\n<p data-start=\"696\" data-end=\"1010\">Das ECO 2-in-1-System verwendet ein <strong data-start=\"725\" data-end=\"761\">10ml + 10ml Dual-E-Liquid-Layout<\/strong>, das den Nutzern zwei Geschmacksprofile in einem Ger\u00e4t bietet. Aus Gro\u00dfhandels-Perspektive hilft dies, das h\u00e4ufige Problem des \u201efalschen Geschmacks\u201c zu reduzieren und die Wiederholungsk\u00e4ufe zu verbessern\u2014Kunden k\u00f6nnen Geschmacksprofile wechseln, anstatt das Ger\u00e4t mittendrin aufzugeben.<\/p>\n<p data-start=\"1012\" data-end=\"1208\">F\u00fcr H\u00e4ndler vereinfacht es auch die Bestandsplanung: Weniger Einzelgeschmacks-SKUs sind erforderlich, um Vielfalt anzubieten, w\u00e4hrend das \u201e2-in-1\u201c-Konzept einfach am Verkaufstresen und online zu kommunizieren ist.<\/p>\n<h2 data-start=\"1215\" data-end=\"1286\">Transparentes Dual-\u00d6l-Design: Sichtbare Fl\u00fcssigkeitsst\u00e4nde reduzieren Beschwerden<\/h2>\n<p data-start=\"1288\" data-end=\"1698\">Ein anhaltendes Problem bei <strong data-start=\"1315\" data-end=\"1335\">Einweg-Vape<\/strong> Produkten ist, dass Nutzer nicht wissen, ob das Ger\u00e4t leer ist oder einfach nur aufgeladen werden muss. Das ECO 2-in-1 50K verwendet ein <strong data-start=\"1446\" data-end=\"1476\">sichtbares Dual-\u00d6l-Struktur<\/strong>, das es den Kunden erm\u00f6glicht, den verbleibenden E-Liquid-Stand klarer zu sehen. Dies reduziert unn\u00f6tige R\u00fccksendungen und st\u00e4rkt das Vertrauen der Kunden\u2014besonders wichtig im Gro\u00dfhandel, wo After-Sales-Probleme teuer werden.<\/p>\n<h2 data-start=\"1705\" data-end=\"1759\">0,9\u03a9 Mesh-Coil: Stabile Leistung \u00fcber einen langen Nutzungszyklus<\/h2>\n<p data-start=\"1761\" data-end=\"1895\">Das Ger\u00e4t ist mit einem <strong data-start=\"1791\" data-end=\"1809\">0,9\u03a9 Mesh-Spule<\/strong>ausgestattet, der f\u00fcr gleichm\u00e4\u00dfiges Erhitzen und stabile Vernebelung ausgew\u00e4hlt wurde. Praktisch unterst\u00fctzt dies:<\/p>\n<ul data-start=\"1896\" data-end=\"2087\">\n<li data-start=\"1896\" data-end=\"1950\">\n<p data-start=\"1898\" data-end=\"1950\">eine konsistentere Geschmacksabgabe \u00fcber l\u00e4ngere Nutzung<\/p>\n<\/li>\n<li data-start=\"1951\" data-end=\"2008\">\n<p data-start=\"1953\" data-end=\"2008\">Stabilere Dampfausgabe bei wiederholten t\u00e4glichen Sitzungen<\/p>\n<\/li>\n<li data-start=\"2009\" data-end=\"2087\">\n<p data-start=\"2011\" data-end=\"2087\">Weniger \u201estark am Anfang, sp\u00e4ter flach\u201c Erfahrungen, die Wiederholungsk\u00e4ufe beeintr\u00e4chtigen<\/p>\n<\/li>\n<\/ul>\n<p data-start=\"2089\" data-end=\"2214\">F\u00fcr eine Langzeitplattform wie <strong data-start=\"2118\" data-end=\"2138\">Fumot Vape 50000<\/strong>, die Coil-Stabilit\u00e4t ist einer der wichtigsten Faktoren f\u00fcr die Kundenbindung.<\/p>\n<h2 data-start=\"2221\" data-end=\"2282\">950mAh + Typ-C: Wiederaufladbarer Einweg, der nutzbar bleibt<\/h2>\n<p data-start=\"2284\" data-end=\"2532\">Der ECO 2-in-1 50K umfasst eine <strong data-start=\"2314\" data-end=\"2332\">950mAh Akku<\/strong> mit einem <strong data-start=\"2340\" data-end=\"2364\">Typ-C-Ladeanschluss<\/strong>. Diese Kombination ist entscheidend f\u00fcr ein hochkapazitives Einwegger\u00e4t: Sie verhindert eine vorzeitige Entsorgung aufgrund niedriger Leistung und h\u00e4lt das Ger\u00e4t w\u00e4hrend seiner vorgesehenen Lebensdauer nutzbar.<\/p>\n<p data-start=\"2534\" data-end=\"2705\">F\u00fcr Gro\u00dfhandelskunden ist Wiederaufladbarkeit ein praktischer Wert, den Kunden sofort verstehen \u2014 und es hilft, die Langzeitnutzung zu rechtfertigen, ohne zu \u00fcbertreiben.<\/p>\n<h2 data-start=\"2712\" data-end=\"2765\">Intelligentes Display: Klare Statusanzeige, Weniger R\u00e4tselraten<\/h2>\n<p data-start=\"2767\" data-end=\"3135\">Der <strong data-start=\"2771\" data-end=\"2795\">intelligente Anzeige<\/strong> zeigt den Echtzeit-Status des Ger\u00e4ts, was eine vorhersehbarere t\u00e4gliche Nutzung unterst\u00fctzt. Im Einzelhandel und Gro\u00dfhandel reduziert die Statusanzeige \u201eGer\u00e4teausfall\u201c-Beschwerden, die oft durch niedrigen Akku verursacht werden. Es verbessert auch die wahrgenommene Qualit\u00e4t des Produkts, was f\u00fcr eine <strong data-start=\"3078\" data-end=\"3100\">beliebte Vape-Marke<\/strong> Linie, die in umk\u00e4mpften EU-M\u00e4rkten konkurriert.<\/p>\n<p><strong><span style=\"color: #ff0000;\">F\u00fcge Amy auf WhatsApp hinzu, um sofort eine Antwort und einen Vape-Gutschein zu erhalten!<\/span><\/strong><\/p>\n<p><img fetchpriority=\"high\" decoding=\"async\" class=\"size-full wp-image-2932\" src=\"https:\/\/vapestornado.com\/wp-content\/uploads\/2024\/12\/Vape-Wholesale.jpg\" alt=\"Vape-Gro\u00dfhandel\" width=\"229\" height=\"300\" \/><\/p>\n<h3><a href=\"https:\/\/wa.me\/8617776015835\" target=\"_blank\" rel=\"noopener\"><span style=\"color: #ff0000;\"><strong>WhatsApp: +86 17776015835<\/strong><\/span><\/a><\/h3>\n<p>&nbsp;<\/p>\n<h2><strong>Fumot Vape 50K 50000 Z\u00fcge Produktmerkmale<\/strong><\/h2>\n<table>\n<thead>\n<tr>\n<th>Eigenschaft<\/th>\n<th align=\"right\">Spezifikation<\/th>\n<th>Gro\u00dfhandels- \/ Einzelhandelswert<\/th>\n<\/tr>\n<\/thead>\n<tbody>\n<tr>\n<td>Zugkapazit\u00e4t<\/td>\n<td align=\"right\">Bis zu 50.000 Z\u00fcge<\/td>\n<td>Langzeitnutzungskategorie; tats\u00e4chliche Z\u00fcge variieren je nach Zugl\u00e4nge und -h\u00e4ufigkeit.<\/td>\n<\/tr>\n<tr>\n<td>E-Liquid-System<\/td>\n<td align=\"right\">10ml + 10ml Doppelgeschmacksrichtungen<\/td>\n<td>Zwei Geschmacksrichtungen in einem Ger\u00e4t; verbessert die Zufriedenheit und reduziert Geschmackserm\u00fcdung.<\/td>\n<\/tr>\n<tr>\n<td>Spule<\/td>\n<td align=\"right\">0,9\u03a9 Mesh-Spule<\/td>\n<td>Gleichm\u00e4\u00dfige Erw\u00e4rmung unterst\u00fctzt stabile Ausgabe und konsistenten Geschmack \u00fcber die Zeit.<\/td>\n<\/tr>\n<tr>\n<td>Batterie<\/td>\n<td align=\"right\">950mAh<\/td>\n<td>Weniger Ladeunterbrechungen; geeignet f\u00fcr den t\u00e4glichen Langzeitgebrauch.<\/td>\n<\/tr>\n<tr>\n<td>Aufladen<\/td>\n<td align=\"right\">Typ-C-Anschluss<\/td>\n<td>Weit kompatibel, bequemes Aufladen f\u00fcr Endverbraucher.<\/td>\n<\/tr>\n<tr>\n<td>Anzeige<\/td>\n<td align=\"right\">Intelligenter Displaybildschirm<\/td>\n<td>Klare Statusanzeige; hilft, vermeidbare R\u00fccksendungen und Beschwerden zu reduzieren.<\/td>\n<\/tr>\n<tr>\n<td>Nikotin Optionen<\/td>\n<td align=\"right\">0% \/ 2% \/ 3% \/ 5%<\/td>\n<td>Mehrere Versionen f\u00fcr unterschiedliche Marktbed\u00fcrfnisse (Verf\u00fcgbarkeit kann variieren).<\/td>\n<\/tr>\n<tr>\n<td>Verpackung<\/td>\n<td align=\"right\">5 St\u00fcck \/ Displaybox; 100 St\u00fcck \/ Karton<\/td>\n<td>Verkaufsfertige Pr\u00e4sentation und logistische Gro\u00dfhandelsfreundlichkeit.<\/td>\n<\/tr>\n<tr>\n<td>Kartongewicht<\/td>\n<td align=\"right\">14,5 kg \/ Karton<\/td>\n<td>N\u00fctzlich f\u00fcr Versandberechnung und Lagerplanung.<\/td>\n<\/tr>\n<tr>\n<td>Visuelles Detail<\/td>\n<td align=\"right\">Irideszentes Licht<\/td>\n<td>Regalunterscheidung ohne \u00c4nderung der Kernleistung.<\/td>\n<\/tr>\n<\/tbody>\n<\/table>\n<h2 class=\"product-title\"><strong>Fumot Vape 50000 Z\u00fcge Geschmacksliste<\/strong><\/h2>\n<p>1. Black Mamba &amp; Mr Blue<br \/>\n2. Black Ice &amp; Grape Ice<br \/>\n3. Peach Ice &amp; White Mamba<br \/>\n4. Lady Killer &amp; Love 66<br \/>\n5. Blueberry Hubba Bubba &amp; Watermelon Hubba Bubba<br \/>\n6. Grape Gummy Bear &amp; Strawberry Gummy Bear<br \/>\n7. Sour Apple &amp; Juicy Peach<br \/>\n8.Fanta &amp; Cola Eis<br \/>\n9.Gummib\u00e4rchen &amp; Skittles<br \/>\n10.Kaktus Eis &amp; Kaktus Kiwi<br \/>\n11.Pfirsich Mango Wassermelone &amp; Pina Colada<br \/>\n12.Kirsch Eis &amp; Blue Razz Kirsch<br \/>\n13.Cool Mint &amp; Wassermelone Eis<br \/>\n14.Zitrone &amp; Limette &amp; Erdbeere Wassermelone<br \/>\n15.Pink Limonade &amp; Saure S\u00fc\u00dfigkeiten<br \/>\n16.Vimto &amp; Wassermelone Kaugummi<br \/>\n17.Bananen Eis &amp; Schwarzer Drache Eis<br \/>\n18.Blue Razz Gummib\u00e4rchen &amp; Blue Razz Eis am Stiel<br \/>\n19.Eis am Stiel &amp; Kiwi Passionsfrucht Guave<br \/>\n20.Erdbeere Eis &amp; Heidelbeere<br \/>\n21.Mischfr\u00fcchte &amp; Blue Razz Limonade<br \/>\n22.Redbull Eis &amp; Blaubeere Pfirsich Eis<br \/>\n23.Erdbeere Kiwi &amp; Blaubeere Saure Himbeere<br \/>\n24.Cola Zitrone &amp; Ananas Zitrone Gr\u00fcner Apfel<\/p>\n<figure id=\"attachment_4745\" aria-describedby=\"caption-attachment-4745\" style=\"width: 211px\" class=\"wp-caption alignnone\"><img decoding=\"async\" class=\"size-medium wp-image-4745\" src=\"https:\/\/vapestornado.com\/wp-content\/uploads\/2025\/12\/Fumot-Eco-50000-Puffs-2-in-1-Disposable-Vape-Flavor-List-211x300.webp\" alt=\"Fumot Eco 50000 Z\u00fcge 2-in-1 Einweg-Vape Geschmacksliste\" width=\"211\" height=\"300\" srcset=\"https:\/\/vapestornado.com\/wp-content\/uploads\/2025\/12\/Fumot-Eco-50000-Puffs-2-in-1-Disposable-Vape-Flavor-List-211x300.webp 211w, https:\/\/vapestornado.com\/wp-content\/uploads\/2025\/12\/Fumot-Eco-50000-Puffs-2-in-1-Disposable-Vape-Flavor-List-720x1024.webp 720w, https:\/\/vapestornado.com\/wp-content\/uploads\/2025\/12\/Fumot-Eco-50000-Puffs-2-in-1-Disposable-Vape-Flavor-List-768x1092.webp 768w, https:\/\/vapestornado.com\/wp-content\/uploads\/2025\/12\/Fumot-Eco-50000-Puffs-2-in-1-Disposable-Vape-Flavor-List-1081x1536.webp 1081w, https:\/\/vapestornado.com\/wp-content\/uploads\/2025\/12\/Fumot-Eco-50000-Puffs-2-in-1-Disposable-Vape-Flavor-List-8x12.webp 8w, https:\/\/vapestornado.com\/wp-content\/uploads\/2025\/12\/Fumot-Eco-50000-Puffs-2-in-1-Disposable-Vape-Flavor-List-600x853.webp 600w, https:\/\/vapestornado.com\/wp-content\/uploads\/2025\/12\/Fumot-Eco-50000-Puffs-2-in-1-Disposable-Vape-Flavor-List.webp 1234w\" sizes=\"(max-width: 211px) 100vw, 211px\" \/><figcaption id=\"caption-attachment-4745\" class=\"wp-caption-text\">Fumot Eco 50000 Z\u00fcge 2-in-1 Einweg-Vape Geschmacksliste<\/figcaption><\/figure>\n<figure id=\"attachment_4747\" aria-describedby=\"caption-attachment-4747\" style=\"width: 300px\" class=\"wp-caption alignnone\"><img decoding=\"async\" class=\"size-medium wp-image-4747\" src=\"https:\/\/vapestornado.com\/wp-content\/uploads\/2025\/12\/Fumot-Vape-50k-50000-Puffs-2-in-1-Disposables-Vape-300x286.webp\" alt=\"Fumot Vape 50k 50000 Z\u00fcge 2-in-1 Einweg-Vape\" width=\"300\" height=\"286\" srcset=\"https:\/\/vapestornado.com\/wp-content\/uploads\/2025\/12\/Fumot-Vape-50k-50000-Puffs-2-in-1-Disposables-Vape-300x286.webp 300w, https:\/\/vapestornado.com\/wp-content\/uploads\/2025\/12\/Fumot-Vape-50k-50000-Puffs-2-in-1-Disposables-Vape-1024x975.webp 1024w, https:\/\/vapestornado.com\/wp-content\/uploads\/2025\/12\/Fumot-Vape-50k-50000-Puffs-2-in-1-Disposables-Vape-768x731.webp 768w, https:\/\/vapestornado.com\/wp-content\/uploads\/2025\/12\/Fumot-Vape-50k-50000-Puffs-2-in-1-Disposables-Vape-13x12.webp 13w, https:\/\/vapestornado.com\/wp-content\/uploads\/2025\/12\/Fumot-Vape-50k-50000-Puffs-2-in-1-Disposables-Vape-600x571.webp 600w, https:\/\/vapestornado.com\/wp-content\/uploads\/2025\/12\/Fumot-Vape-50k-50000-Puffs-2-in-1-Disposables-Vape.webp 1300w\" sizes=\"(max-width: 300px) 100vw, 300px\" \/><figcaption id=\"caption-attachment-4747\" class=\"wp-caption-text\">Fumot Vape 50k 50000 Z\u00fcge 2-in-1 Einweg-Vape<\/figcaption><\/figure>\n<div class=\"flex-shrink-0 flex flex-col relative items-end\">\n<div class=\"pt-0\">\n<div class=\"gizmo-bot-avatar flex h-8 w-8 items-center justify-center overflow-hidden rounded-full\">\n<div class=\"relative p-1 rounded-sm flex items-center justify-center bg-token-main-surface-primary text-token-text-primary h-8 w-8\">\n<h2 data-start=\"1200\" data-end=\"1487\">Vapes Tornado \u2013 Ihr Gro\u00dfhandels-Online-Vapor-Shop f\u00fcr beliebte Vapes<\/h2>\n<p data-start=\"72\" data-end=\"396\"><strong data-start=\"72\" data-end=\"89\">Vapes Tornado<\/strong> ist ein europaorientierter Gro\u00dfhandels-Online-Vapor-Shop, der eine sorgf\u00e4ltig ausgew\u00e4hlte Auswahl an <strong data-start=\"178\" data-end=\"195\">beliebten Vapes<\/strong> f\u00fcr professionelle Eink\u00e4ufer anbietet. Wir arbeiten mit Einzelh\u00e4ndlern, H\u00e4ndlern und Online-Shops in der gesamten EU zusammen, die stabile Versorgung, klare Produktinformationen und Marken ben\u00f6tigen, die Kunden bereits kennen und vertrauen.<\/p>\n<p data-start=\"398\" data-end=\"687\">Wir arbeiten mit vertrauensw\u00fcrdigen Namen wie <strong data-start=\"307\" data-end=\"362\"><a href=\"https:\/\/vapestornado.com\/de\/product\/randm-12000-puffs-fumot-digital-disposable-vape-wholesale-price\/\">Fumot VAPE<\/a>, <a href=\"https:\/\/vapestornado.com\/de\/product\/original-wga-ultra-35k-35000-puff-rechargeable-crystal-disposable-nicotine-vape-best-discount-price\/\">WGA VAPE<\/a>, <\/strong><strong data-start=\"307\" data-end=\"362\"><a href=\"https:\/\/vapestornado.com\/de\/product\/vozol-gear-shisha-25k-25000-puffs-best-dtl-disposable-vape-hookah-cheap-price\/\">VOZOL BAR VAPE<\/a>,<\/strong><strong data-start=\"247\" data-end=\"352\">\u00a0Elf Bar Vape, WASPE Vape, <a href=\"https:\/\/vapestornado.com\/de\/product\/uzy-150k-puffs-6-in-1-flavor-switch-disposable-vape-pen-wholesale\/\">UZY Vape<\/a>, Bang Vape, Razz Bar Vape und Stag Bar Vape<\/strong>, die f\u00fcr gleichbleibende Qualit\u00e4t und hohe Nachfrage auf dem europ\u00e4ischen Markt ausgew\u00e4hlt wurden.<\/p>\n<h4 data-start=\"1080\" data-end=\"1120\">F\u00fcr europ\u00e4ische Gro\u00dfhandelskunden konzipiert<\/h4>\n<p data-start=\"1121\" data-end=\"1189\">Vapes Tornado ist auf die tats\u00e4chlichen Bed\u00fcrfnisse von EU-Gro\u00dfh\u00e4ndlern ausgerichtet:<\/p>\n<ul data-start=\"1190\" data-end=\"1400\">\n<li data-start=\"1190\" data-end=\"1239\">\n<p data-start=\"1192\" data-end=\"1239\">Wettbewerbsf\u00e4hige Gro\u00dfhandelspreise f\u00fcr Gro\u00dfbestellungen<\/p>\n<\/li>\n<li data-start=\"1240\" data-end=\"1289\">\n<p data-start=\"1242\" data-end=\"1289\">Klare Produktbeschreibungen und Spezifikationen<\/p>\n<\/li>\n<li data-start=\"1290\" data-end=\"1330\">\n<p data-start=\"1292\" data-end=\"1330\">Schnelle, zuverl\u00e4ssige EU-orientierte Logistik<\/p>\n<\/li>\n<li data-start=\"1331\" data-end=\"1400\">\n<p data-start=\"1333\" data-end=\"1400\">Ein Katalog, der sich auf <strong data-start=\"1356\" data-end=\"1373\">beliebten Vapes<\/strong>, nicht auf \u00fcberf\u00fcllte SKUs<\/p>\n<\/li>\n<\/ul>\n<h2 data-start=\"2064\" data-end=\"2115\">FAQs zu Fumot Vape 50K 50000 Z\u00fcge Einweg-Vape<\/h2>\n<p data-start=\"4988\" data-end=\"5208\"><strong data-start=\"4988\" data-end=\"5061\">1) Wo kann ich Fumot Vape 50K f\u00fcr den Gro\u00dfhandel in Deutschland beziehen?<\/strong><br data-start=\"5061\" data-end=\"5064\" \/>Durch autorisierte Gro\u00dfh\u00e4ndler oder H\u00e4ndler, die den deutschen\/europ\u00e4ischen Markt beliefern; die Verf\u00fcgbarkeit h\u00e4ngt von Ihrem Vertriebskanal und den Compliance-Anforderungen ab.<\/p>\n<p data-start=\"5210\" data-end=\"5374\"><strong data-start=\"5210\" data-end=\"5265\">2) Was macht das ECO 2-in-1-Format leichter verk\u00e4uflich?<\/strong><br data-start=\"5265\" data-end=\"5268\" \/>Zwei Geschmacksrichtungen in einem Ger\u00e4t (10ml+10ml) reduzieren Geschmackserm\u00fcdung und verringern Unzufriedenheit durch \u201efalschen Geschmack\u201c.<\/p>\n<p data-start=\"5376\" data-end=\"5526\"><strong data-start=\"5376\" data-end=\"5427\">3) Ist Fumot Vape 50000 eine garantierte Anzahl an Z\u00fcgen?<\/strong><br data-start=\"5427\" data-end=\"5430\" \/>Nein. 50.000 Z\u00fcge sind ein maximaler Designziel; die tats\u00e4chliche Nutzung variiert je nach Zugl\u00e4nge und -h\u00e4ufigkeit.<\/p>\n<p data-start=\"5528\" data-end=\"5704\"><strong data-start=\"5528\" data-end=\"5590\">4) Warum ben\u00f6tigt ein wiederaufladbarer Einweg-Vape ein Display?<\/strong><br data-start=\"5590\" data-end=\"5593\" \/>Ein intelligentes Display reduziert Vermutungen \u00fcber den Batteriestatus, hilft, vermeidbare Beschwerden zu verhindern und vorzeitige Entsorgung zu vermeiden.<\/p>\n<p data-start=\"5706\" data-end=\"5848\"><strong data-start=\"5706\" data-end=\"5752\">5) Welche Nikotinst\u00e4rken sind erh\u00e4ltlich?<\/strong><br data-start=\"5752\" data-end=\"5755\" \/>Die aufgef\u00fchrten Optionen sind 0%, 2%, 3% und 5%, abh\u00e4ngig von der Lagerbestandsversion und dem Zielmarkt.<\/p>\n<\/div>\n<\/div>\n<\/div>\n<\/div>","protected":false},"excerpt":{"rendered":"<p data-start=\"5635\" data-end=\"5802\" data-is-last-node=\"\" data-is-only-node=\"\">Der <strong data-start=\"4605\" data-end=\"4642\">Fumot Vape 50K (Fumot Vape 50000)<\/strong> ist ein ECO <strong data-start=\"4653\" data-end=\"4671\">2-in-1 Geschmack<\/strong> <strong data-start=\"4672\" data-end=\"4704\">Wiederaufladbarer Einweg-Vape<\/strong> gebaut f\u00fcr den Einzelhandelsbedarf bei Langzeitgebrauch. Mit <strong data-start=\"4744\" data-end=\"4773\">10ml+10ml Doppelgeschmacksrichtungen<\/strong>, einem <strong data-start=\"4777\" data-end=\"4795\">0,9\u03a9 Mesh-Spule<\/strong>, <strong data-start=\"4797\" data-end=\"4823\">950mAh Typ-C-Ladung<\/strong>und ein <strong data-start=\"4831\" data-end=\"4848\">intelligentes Display<\/strong>, es ist eine praktische <strong data-start=\"4867\" data-end=\"4887\">Einweg-Vape<\/strong> Wahl f\u00fcr <strong data-start=\"4899\" data-end=\"4931\">Fumot Vape Gro\u00dfhandel Deutschland<\/strong> Lieferung und auf Produkte ausgerichtete Linien bis 2026.<\/p>\n<p><strong>F\u00fcgen Sie Amys WhatsApp hinzu, um eine korrekte Antwort und einen Rabattpreis zu erhalten!<\/strong><\/p>\n<p><img fetchpriority=\"high\" decoding=\"async\" class=\"size-full wp-image-2932\" src=\"https:\/\/vapestornado.com\/wp-content\/uploads\/2024\/12\/Vape-Wholesale.jpg\" alt=\"Vape-Gro\u00dfhandel\" width=\"229\" height=\"300\" \/><\/p>\n<h3><a href=\"https:\/\/wa.me\/8617776015835\"><span style=\"color: #ff0000;\"><strong>WhatsApp: +86 17776015835<\/strong><\/span><\/a><\/h3>","protected":false},"featured_media":4744,"comment_status":"open","ping_status":"closed","template":"","meta":{"_acf_changed":false,"_uag_custom_page_level_css":"","_lmt_disableupdate":"no","_lmt_disable":"","_monsterinsights_skip_tracking":false,"_monsterinsights_sitenote_active":false,"_monsterinsights_sitenote_note":"","_monsterinsights_sitenote_category":0,"site-sidebar-layout":"default","site-content-layout":"","ast-site-content-layout":"default","site-content-style":"default","site-sidebar-style":"default","ast-global-header-display":"","ast-banner-title-visibility":"","ast-main-header-display":"","ast-hfb-above-header-display":"","ast-hfb-below-header-display":"","ast-hfb-mobile-header-display":"","site-post-title":"","ast-breadcrumbs-content":"","ast-featured-img":"","footer-sml-layout":"","ast-disable-related-posts":"","theme-transparent-header-meta":"default","adv-header-id-meta":"","stick-header-meta":"","header-above-stick-meta":"","header-main-stick-meta":"","header-below-stick-meta":"","astra-migrate-meta-layouts":"set","ast-page-background-enabled":"default","ast-page-background-meta":{"desktop":{"background-color":"","background-image":"","background-repeat":"repeat","background-position":"center center","background-size":"auto","background-attachment":"scroll","background-type":"","background-media":"","overlay-type":"","overlay-color":"","overlay-opacity":"","overlay-gradient":""},"tablet":{"background-color":"","background-image":"","background-repeat":"repeat","background-position":"center center","background-size":"auto","background-attachment":"scroll","background-type":"","background-media":"","overlay-type":"","overlay-color":"","overlay-opacity":"","overlay-gradient":""},"mobile":{"background-color":"","background-image":"","background-repeat":"repeat","background-position":"center center","background-size":"auto","background-attachment":"scroll","background-type":"","background-media":"","overlay-type":"","overlay-color":"","overlay-opacity":"","overlay-gradient":""}},"ast-content-background-meta":{"desktop":{"background-color":"var(--ast-global-color-5)","background-image":"","background-repeat":"repeat","background-position":"center center","background-size":"auto","background-attachment":"scroll","background-type":"","background-media":"","overlay-type":"","overlay-color":"","overlay-opacity":"","overlay-gradient":""},"tablet":{"background-color":"var(--ast-global-color-5)","background-image":"","background-repeat":"repeat","background-position":"center center","background-size":"auto","background-attachment":"scroll","background-type":"","background-media":"","overlay-type":"","overlay-color":"","overlay-opacity":"","overlay-gradient":""},"mobile":{"background-color":"var(--ast-global-color-5)","background-image":"","background-repeat":"repeat","background-position":"center center","background-size":"auto","background-attachment":"scroll","background-type":"","background-media":"","overlay-type":"","overlay-color":"","overlay-opacity":"","overlay-gradient":""}},"_joinchat":[]},"product_brand":[],"product_cat":[192,140,150,152,153,156,141,142,58,146],"product_tag":[520,519,521,513,512,517],"class_list":{"0":"post-4751","1":"product","2":"type-product","3":"status-publish","4":"has-post-thumbnail","6":"product_cat-50000-puff","7":"product_cat-big-puffs-disposable-vapes","8":"product_cat-buy-disposable-vapes-in-belgium","9":"product_cat-buy-disposable-vapes-in-cermany","10":"product_cat-buy-disposable-vapes-in-italy","11":"product_cat-buy-disposable-vapes-in-poland","12":"product_cat-crystal-disposable-vapes","13":"product_cat-digital-box-disposable-vapes","14":"product_cat-fumot-vape","15":"product_cat-rechargeable-disposable-vapes","16":"product_tag-fumot-vape-50000","17":"product_tag-fumot-vape-50k","18":"product_tag-fumot-vape-wholesale-germany","19":"product_tag-vape-discount-price","20":"product_tag-vape-wholesale-distributor","21":"product_tag-vapme-wholesale","22":"desktop-align-left","23":"tablet-align-left","24":"mobile-align-left","26":"first","27":"instock","28":"sale","29":"shipping-taxable","30":"purchasable","31":"product-type-simple"},"acf":[],"uagb_featured_image_src":{"full":["https:\/\/vapestornado.com\/wp-content\/uploads\/2025\/12\/Fumot-50k-50000-Puff-2-in-1-Disposable-Vape-Pod.webp",1300,1238,false],"thumbnail":["https:\/\/vapestornado.com\/wp-content\/uploads\/2025\/12\/Fumot-50k-50000-Puff-2-in-1-Disposable-Vape-Pod-150x150.webp",150,150,true],"medium":["https:\/\/vapestornado.com\/wp-content\/uploads\/2025\/12\/Fumot-50k-50000-Puff-2-in-1-Disposable-Vape-Pod-300x286.webp",300,286,true],"medium_large":["https:\/\/vapestornado.com\/wp-content\/uploads\/2025\/12\/Fumot-50k-50000-Puff-2-in-1-Disposable-Vape-Pod-768x731.webp",768,731,true],"large":["https:\/\/vapestornado.com\/wp-content\/uploads\/2025\/12\/Fumot-50k-50000-Puff-2-in-1-Disposable-Vape-Pod-1024x975.webp",1024,975,true],"1536x1536":["https:\/\/vapestornado.com\/wp-content\/uploads\/2025\/12\/Fumot-50k-50000-Puff-2-in-1-Disposable-Vape-Pod.webp",1300,1238,false],"2048x2048":["https:\/\/vapestornado.com\/wp-content\/uploads\/2025\/12\/Fumot-50k-50000-Puff-2-in-1-Disposable-Vape-Pod.webp",1300,1238,false],"trp-custom-language-flag":["https:\/\/vapestornado.com\/wp-content\/uploads\/2025\/12\/Fumot-50k-50000-Puff-2-in-1-Disposable-Vape-Pod-13x12.webp",13,12,true],"woocommerce_thumbnail":["https:\/\/vapestornado.com\/wp-content\/uploads\/2025\/12\/Fumot-50k-50000-Puff-2-in-1-Disposable-Vape-Pod-300x300.webp",300,300,true],"woocommerce_single":["https:\/\/vapestornado.com\/wp-content\/uploads\/2025\/12\/Fumot-50k-50000-Puff-2-in-1-Disposable-Vape-Pod-600x571.webp",600,571,true],"woocommerce_gallery_thumbnail":["https:\/\/vapestornado.com\/wp-content\/uploads\/2025\/12\/Fumot-50k-50000-Puff-2-in-1-Disposable-Vape-Pod-100x100.webp",100,100,true]},"uagb_author_info":{"display_name":"ESAMY","author_link":"https:\/\/vapestornado.com\/de\/author\/"},"uagb_comment_info":0,"uagb_excerpt":"The Fumot Vape 50K (Fumot Vape 50000) is an ECO 2-in-1 flavour Rechargeable Disposable Vape built for long-use retail demand. With 10ml+10ml double flavours, a 0.9\u03a9 mesh coil, 950mAh Type-C charging, and a smart display, it\u2019s a practical Disposables Vape choice for Fumot Vape Wholesale Germany supply and 2026-focused product lines. Add Amy's whatsapp to&hellip;","_links":{"self":[{"href":"https:\/\/vapestornado.com\/de\/wp-json\/wp\/v2\/product\/4751","targetHints":{"allow":["GET"]}}],"collection":[{"href":"https:\/\/vapestornado.com\/de\/wp-json\/wp\/v2\/product"}],"about":[{"href":"https:\/\/vapestornado.com\/de\/wp-json\/wp\/v2\/types\/product"}],"replies":[{"embeddable":true,"href":"https:\/\/vapestornado.com\/de\/wp-json\/wp\/v2\/comments?post=4751"}],"wp:featuredmedia":[{"embeddable":true,"href":"https:\/\/vapestornado.com\/de\/wp-json\/wp\/v2\/media\/4744"}],"wp:attachment":[{"href":"https:\/\/vapestornado.com\/de\/wp-json\/wp\/v2\/media?parent=4751"}],"wp:term":[{"taxonomy":"product_brand","embeddable":true,"href":"https:\/\/vapestornado.com\/de\/wp-json\/wp\/v2\/product_brand?post=4751"},{"taxonomy":"product_cat","embeddable":true,"href":"https:\/\/vapestornado.com\/de\/wp-json\/wp\/v2\/product_cat?post=4751"},{"taxonomy":"product_tag","embeddable":true,"href":"https:\/\/vapestornado.com\/de\/wp-json\/wp\/v2\/product_tag?post=4751"}],"curies":[{"name":"wp","href":"https:\/\/api.w.org\/{rel}","templated":true}]}}