{"id":4731,"date":"2025-12-26T02:21:15","date_gmt":"2025-12-26T02:21:15","guid":{"rendered":"https:\/\/vapestornado.com\/?post_type=product&#038;p=4731"},"modified":"2025-12-26T02:37:50","modified_gmt":"2025-12-26T02:37:50","slug":"okso-50000-puff-50k-switch-kit-disposable-vape-boost-mode-airflow-adjustable-low-price","status":"publish","type":"product","link":"https:\/\/vapestornado.com\/de\/product\/okso-50000-puff-50k-switch-kit-disposable-vape-boost-mode-airflow-adjustable-low-price\/","title":{"rendered":"OKSO 50000 Zug 50K Switch Kit Einweg-Vape Boost-Modus Luftstrom Einstellbar G\u00fcnstiger Preis"},"content":{"rendered":"<h2 data-pm-slice=\"1 1 []\">OKSO 50K Zug Switch Kit: Zwei Leistungsprofile, eine saubere Einrichtung<\/h2>\n<p data-start=\"66\" data-end=\"524\">Der <strong data-start=\"70\" data-end=\"87\">OKSO 50K Zug<\/strong> (auch gelistet als <strong data-start=\"104\" data-end=\"124\">OKSO 50000 Z\u00fcge<\/strong>) ist ein Switch Kit Einweg-Vape, entwickelt f\u00fcr Erwachsene, die Kontrolle ohne zus\u00e4tzliche Ger\u00e4te m\u00f6chten. Es kombiniert einen Langzeitmodus f\u00fcr den t\u00e4glichen Gebrauch mit einem st\u00e4rkeren <strong data-start=\"285\" data-end=\"299\">Boost-Modus<\/strong> f\u00fcr Momente, in denen du mehr Punch m\u00f6chtest. F\u00fcge hinzu <strong data-start=\"342\" data-end=\"369\">Vape Luftstrom Einstellbar<\/strong> Feinabstimmung und eine Dual-Mesh-Spulenkonstruktion, und du erh\u00e4ltst ein <strong data-start=\"423\" data-end=\"435\">Zug 50k<\/strong> Ger\u00e4t, das absichtlich wirkt, anstatt generisch\u2014besonders bei einer <strong data-start=\"501\" data-end=\"514\">niedriger Preis<\/strong> Position.<\/p>\n<h3 data-start=\"531\" data-end=\"590\">Boost-Modus, der h\u00e4rter trifft, Normmodus, der l\u00e4nger h\u00e4lt<\/h3>\n<p data-start=\"592\" data-end=\"652\">Dieses Switch-Kit ist f\u00fcr zwei reale Anwendungsf\u00e4lle konzipiert:<\/p>\n<ul data-start=\"654\" data-end=\"916\">\n<li data-start=\"654\" data-end=\"774\">\n<p data-start=\"656\" data-end=\"774\"><strong data-start=\"656\" data-end=\"689\">Normmodus: bis zu 50.000 Z\u00fcge<\/strong><br data-start=\"689\" data-end=\"692\" \/>Ein gleichm\u00e4\u00dfiges Profil, das f\u00fcr l\u00e4ngere Laufzeiten und ein konsistenteres Alltagsgef\u00fchl gedacht ist.<\/p>\n<\/li>\n<li data-start=\"776\" data-end=\"916\">\n<p data-start=\"778\" data-end=\"916\"><strong data-start=\"778\" data-end=\"812\">Boost-Modus: bis zu 30.000 Z\u00fcge<\/strong><br data-start=\"812\" data-end=\"815\" \/>Ein st\u00e4rkeres, intensiveres Profil, das in der Regel schneller verbraucht wird, aber eine kraftvollere Sitzung bietet.<\/p>\n<\/li>\n<\/ul>\n<p data-start=\"918\" data-end=\"1056\">Das ist der Sinn von <strong data-start=\"938\" data-end=\"952\">Boost-Modus<\/strong> hier: Du kannst je nach Kontext wechseln\u2014Arbeitstag vs. Wochenende, leichter vs. st\u00e4rker\u2014ohne das Ger\u00e4t zu wechseln.<\/p>\n<h3>Luftstrom einstellbar: Enger Zug oder offener Fluss, deine Wahl<\/h3>\n<p data-start=\"1122\" data-end=\"1212\"><strong data-start=\"1122\" data-end=\"1149\">Vape Luftstrom Einstellbar<\/strong> Steuerung \u00e4ndert, wie das Ger\u00e4t zieht und wie der Dampf sich anf\u00fchlt:<\/p>\n<ul data-start=\"1214\" data-end=\"1371\">\n<li data-start=\"1214\" data-end=\"1280\">\n<p data-start=\"1216\" data-end=\"1280\"><strong data-start=\"1216\" data-end=\"1235\">Engerer Luftstrom<\/strong> kann sich konzentrierter und kontrollierter anf\u00fchlen.<\/p>\n<\/li>\n<li data-start=\"1281\" data-end=\"1371\">\n<p data-start=\"1283\" data-end=\"1371\"><strong data-start=\"1283\" data-end=\"1304\">Offener Luftstrom<\/strong> kann sich glatter und freier anf\u00fchlen, oft mit gr\u00f6\u00dferem Dampf.<\/p>\n<\/li>\n<\/ul>\n<p data-start=\"1373\" data-end=\"1545\">F\u00fcr erwachsene Nutzer ist der Luftstrom eine der wenigen Funktionen, die du jeden Tag tats\u00e4chlich bemerkst. Er verwandelt ein Einheits-Disposable in etwas, das du nach deinen Vorlieben einstellen kannst.<\/p>\n<h3 data-start=\"1552\" data-end=\"1610\">Dual-Mesh-Spule 1,0+1,0\u03a9: Konsistenz ist der wahre Luxus<\/h3>\n<p data-start=\"1612\" data-end=\"1797\">Der OKSO 50K verwendet eine <strong data-start=\"1632\" data-end=\"1662\">Duale Mesh-Spule: 1,0 + 1,0\u03a9<\/strong> (Mesh-Spule \u00d72). Dieses Setup ist f\u00fcr gleichm\u00e4\u00dfige Erw\u00e4rmung und stabile Leistung ausgelegt, was wichtig ist, wenn man ein Ger\u00e4t \u00fcber l\u00e4ngere Zeit verwendet.<\/p>\n<p data-start=\"1799\" data-end=\"1833\">In praktischer Hinsicht soll es:<\/p>\n<ul data-start=\"1834\" data-end=\"2016\">\n<li data-start=\"1834\" data-end=\"1891\">\n<p data-start=\"1836\" data-end=\"1891\">Geschmacks\u00fcbertragung bei l\u00e4ngeren Sitzungen gleichm\u00e4\u00dfiger halten<\/p>\n<\/li>\n<li data-start=\"1892\" data-end=\"1951\">\n<p data-start=\"1894\" data-end=\"1951\">das Problem \u201eGut am ersten Tag, flach am dritten Tag\u201c verringern<\/p>\n<\/li>\n<li data-start=\"1952\" data-end=\"2016\">\n<p data-start=\"1954\" data-end=\"2016\">zuverl\u00e4ssige Dampfausgabe in den Profilen Norm und Boost unterst\u00fctzen<\/p>\n<\/li>\n<\/ul>\n<h3 data-start=\"2023\" data-end=\"2077\">Batterie + Display: F\u00fcr die Verwaltung gemacht, nicht zum Raten<\/h3>\n<p data-start=\"2079\" data-end=\"2425\">Das Ger\u00e4t beinhaltet eine <strong data-start=\"2101\" data-end=\"2121\">1000mAh + 200mAh<\/strong> Batteriekonfiguration und ein <strong data-start=\"2151\" data-end=\"2166\">LED-Display<\/strong>. Der Vorteil liegt nicht nur im Kapazit\u00e4t \u2013 es ist Vorhersehbarkeit. Ein Display bietet schnelle Status\u00fcbersicht, sodass Sie nicht raten m\u00fcssen, warum sich die Leistung \u00e4ndert. F\u00fcr ein Langzeitger\u00e4t <strong data-start=\"2331\" data-end=\"2351\">OKSO 50000 Z\u00fcge<\/strong> ist das eine praktische Funktion, besonders wenn Sie oft zwischen den Modi wechseln.<\/p>\n<h3 data-start=\"2432\" data-end=\"2485\">Magnetische Anziehung: Ein Switch-Kit, das sich solid anf\u00fchlt<\/h3>\n<p data-start=\"2487\" data-end=\"2765\">Der <strong data-start=\"2491\" data-end=\"2514\">Magnetische Anziehung<\/strong> Design verbessert die t\u00e4gliche Handhabung \u2013 weniger Gefummel, sauberer Sitz und ein sichereres Gef\u00fchl bei regelm\u00e4\u00dfigem Gebrauch. Es ist ein kleines Detail, aber es macht das Switch-Kit-Erlebnis raffinierter als typische Einwegprodukte im gleichen niedrigen Preissegment.<\/p>\n<p><strong><span style=\"color: #ff0000;\">F\u00fcge Amy auf WhatsApp hinzu, um sofort eine Antwort und einen Vape-Gutschein zu erhalten!<\/span><\/strong><\/p>\n<p><img fetchpriority=\"high\" decoding=\"async\" class=\"size-full wp-image-2932\" src=\"https:\/\/vapestornado.com\/wp-content\/uploads\/2024\/12\/Vape-Wholesale.jpg\" alt=\"Vape-Gro\u00dfhandel\" width=\"229\" height=\"300\" \/><\/p>\n<h3><a href=\"https:\/\/wa.me\/8617776015835\" target=\"_blank\" rel=\"noopener\"><span style=\"color: #ff0000;\"><strong>WhatsApp: +86 17776015835<\/strong><\/span><\/a><\/h3>\n<p>&nbsp;<\/p>\n<h2><strong>OKSO 50000 Z\u00fcge 50K Switch-Kit Produktmerkmale<\/strong><\/h2>\n<table>\n<thead>\n<tr>\n<th>Eigenschaft<\/th>\n<th align=\"right\">Spezifikation<\/th>\n<th>Was es in der Praxis bedeutet<\/th>\n<\/tr>\n<\/thead>\n<tbody>\n<tr>\n<td>Modus (Norm)<\/td>\n<td align=\"right\">Bis zu 50.000 Z\u00fcge<\/td>\n<td>L\u00e4ngeres Laufzeitprofil f\u00fcr gleichm\u00e4\u00dfiges t\u00e4gliches Vapen (tats\u00e4chliche Z\u00fcge variieren je nach Zugl\u00e4nge).<\/td>\n<\/tr>\n<tr>\n<td>Modus (Boost)<\/td>\n<td align=\"right\">Bis zu 30.000 Z\u00fcge<\/td>\n<td>St\u00e4rkeres Ausgabprofil; h\u00f6here Intensit\u00e4t reduziert in der Regel die Gesamtzahl der Z\u00fcge.<\/td>\n<\/tr>\n<tr>\n<td>Spulensystem<\/td>\n<td align=\"right\">Dual Mesh Coil 1,0 + 1,0\u03a9 (Mesh-Spule \u00d72)<\/td>\n<td>Gleichm\u00e4\u00dfige Erw\u00e4rmung unterst\u00fctzt konsistenten Geschmack und Dampf in beiden Modi.<\/td>\n<\/tr>\n<tr>\n<td>E-Liquid<\/td>\n<td align=\"right\">20ml<\/td>\n<td>Gro\u00dfe Kapazit\u00e4t f\u00fcr l\u00e4ngeren Gebrauch ohne h\u00e4ufigen Austausch.<\/td>\n<\/tr>\n<tr>\n<td>Batterie<\/td>\n<td align=\"right\">1000mAh + 200mAh<\/td>\n<td>Gebaut, um lange Sitzungen und Moduswechsel mit weniger Leistungseinbu\u00dfen zu unterst\u00fctzen.<\/td>\n<\/tr>\n<tr>\n<td>Anzeige<\/td>\n<td align=\"right\">LED-Anzeige<\/td>\n<td>Zeigt sichtbaren Ger\u00e4testatus f\u00fcr eine einfachere t\u00e4gliche Verwaltung.<\/td>\n<\/tr>\n<tr>\n<td>Luftstrom<\/td>\n<td align=\"right\">Luftstrom-Einstellbar<\/td>\n<td>Erm\u00f6glicht die Einstellung des Zuggef\u00fchls von enger bis offener.<\/td>\n<\/tr>\n<tr>\n<td>Struktur<\/td>\n<td align=\"right\">Magnetische Anziehung<\/td>\n<td>Verbessert Handhabung und Passform, reduziert \u00c4rger im t\u00e4glichen Gebrauch.<\/td>\n<\/tr>\n<tr>\n<td>Gr\u00f6\u00dfe<\/td>\n<td align=\"right\">65 \u00d7 35 \u00d7 110mm<\/td>\n<td>Ausgewogene Gr\u00f6\u00dfe f\u00fcr Kapazit\u00e4t und Tragbarkeit.<\/td>\n<\/tr>\n<tr>\n<td>Gewicht<\/td>\n<td align=\"right\">129g<\/td>\n<td>Solide Haptik, typisch f\u00fcr Ger\u00e4te mit hoher Kapazit\u00e4t.<\/td>\n<\/tr>\n<tr>\n<td>Nikotin Optionen<\/td>\n<td align=\"right\">0% \/ 2% \/ 3% \/ 5%<\/td>\n<td>Deckt nikotinfreie bis st\u00e4rkere Optionen ab, je nach Marktbedarf.<\/td>\n<\/tr>\n<\/tbody>\n<\/table>\n<h2 class=\"product-title\"><strong>OKSO 50000 Zug 50K Switch Kit Geschmacksliste<\/strong><\/h2>\n<h2 data-start=\"3958\" data-end=\"4012\"><\/h2>\n<ol data-start=\"4014\" data-end=\"4238\">\n<li data-start=\"4014\" data-end=\"4028\">\n<p data-start=\"4017\" data-end=\"4028\">Pfirsich-Eis<\/p>\n<\/li>\n<li data-start=\"4029\" data-end=\"4046\">\n<p data-start=\"4032\" data-end=\"4046\">Mexiko Mango<\/p>\n<\/li>\n<li data-start=\"4047\" data-end=\"4073\">\n<p data-start=\"4050\" data-end=\"4073\">Erdbeere Wassermelone<\/p>\n<\/li>\n<li data-start=\"4074\" data-end=\"4088\">\n<p data-start=\"4077\" data-end=\"4088\">Blaue Himbeere<\/p>\n<\/li>\n<li data-start=\"4089\" data-end=\"4104\">\n<p data-start=\"4092\" data-end=\"4104\">Gummib\u00e4rchen<\/p>\n<\/li>\n<li data-start=\"4105\" data-end=\"4120\">\n<p data-start=\"4108\" data-end=\"4120\">Saurer Apfel<\/p>\n<\/li>\n<li data-start=\"4121\" data-end=\"4136\">\n<p data-start=\"4124\" data-end=\"4136\">Miami Minze<\/p>\n<\/li>\n<li data-start=\"4137\" data-end=\"4151\">\n<p data-start=\"4140\" data-end=\"4151\">Traubeneis<\/p>\n<\/li>\n<li data-start=\"4152\" data-end=\"4165\">\n<p data-start=\"4155\" data-end=\"4165\">\u00dcppiges Eis<\/p>\n<\/li>\n<li data-start=\"4166\" data-end=\"4195\">\n<p data-start=\"4170\" data-end=\"4195\">Kiwi Drache Beerenfrucht<\/p>\n<\/li>\n<li data-start=\"4196\" data-end=\"4217\">\n<p data-start=\"4200\" data-end=\"4217\">Erdbeer Kiwi<\/p>\n<\/li>\n<li data-start=\"4218\" data-end=\"4238\">\n<p data-start=\"4222\" data-end=\"4238\">Erdbeer-Eis<\/p>\n<\/li>\n<\/ol>\n<figure id=\"attachment_4721\" aria-describedby=\"caption-attachment-4721\" style=\"width: 300px\" class=\"wp-caption alignnone\"><img decoding=\"async\" class=\"size-medium wp-image-4721\" src=\"https:\/\/vapestornado.com\/wp-content\/uploads\/2025\/12\/Okso-50K-50000-Puffs-Disposable-Vape-Popular-Flavor-300x300.webp\" alt=\"Okso 50K 50000 Z\u00fcge Einweg-Vape Beliebter Geschmack\" width=\"300\" height=\"300\" srcset=\"https:\/\/vapestornado.com\/wp-content\/uploads\/2025\/12\/Okso-50K-50000-Puffs-Disposable-Vape-Popular-Flavor-300x300.webp 300w, https:\/\/vapestornado.com\/wp-content\/uploads\/2025\/12\/Okso-50K-50000-Puffs-Disposable-Vape-Popular-Flavor-150x150.webp 150w, https:\/\/vapestornado.com\/wp-content\/uploads\/2025\/12\/Okso-50K-50000-Puffs-Disposable-Vape-Popular-Flavor-768x768.webp 768w, https:\/\/vapestornado.com\/wp-content\/uploads\/2025\/12\/Okso-50K-50000-Puffs-Disposable-Vape-Popular-Flavor-12x12.webp 12w, https:\/\/vapestornado.com\/wp-content\/uploads\/2025\/12\/Okso-50K-50000-Puffs-Disposable-Vape-Popular-Flavor-600x600.webp 600w, https:\/\/vapestornado.com\/wp-content\/uploads\/2025\/12\/Okso-50K-50000-Puffs-Disposable-Vape-Popular-Flavor-100x100.webp 100w, https:\/\/vapestornado.com\/wp-content\/uploads\/2025\/12\/Okso-50K-50000-Puffs-Disposable-Vape-Popular-Flavor.webp 800w\" sizes=\"(max-width: 300px) 100vw, 300px\" \/><figcaption id=\"caption-attachment-4721\" class=\"wp-caption-text\">Okso 50K 50000 Z\u00fcge Einweg-Vape Beliebter Geschmack<\/figcaption><\/figure>\n<div class=\"flex-shrink-0 flex flex-col relative items-end\">\n<div class=\"pt-0\">\n<div class=\"gizmo-bot-avatar flex h-8 w-8 items-center justify-center overflow-hidden rounded-full\">\n<div class=\"relative p-1 rounded-sm flex items-center justify-center bg-token-main-surface-primary text-token-text-primary h-8 w-8\">\n<h2 data-start=\"1200\" data-end=\"1487\">Vapes Tornado \u2013 Dein Gro\u00dfhandels-Online-Vape-Shop f\u00fcr Top-Vape-Marken<\/h2>\n<p data-start=\"1200\" data-end=\"1487\"><strong data-start=\"141\" data-end=\"177\">Vapes Tornado Online Rauchladen<\/strong> ist Ihre vertrauensw\u00fcrdige Quelle f\u00fcr <strong data-start=\"205\" data-end=\"270\">Premium Einweg-Vapes und Gro\u00dfhandels-E-Zigaretten in Europa<\/strong>. Wir pr\u00e4sentieren Top-Selling-Marken wie <strong data-start=\"307\" data-end=\"362\"><a href=\"https:\/\/vapestornado.com\/de\/product\/randm-12000-puffs-fumot-digital-disposable-vape-wholesale-price\/\">Fumot VAPE<\/a>, <a href=\"https:\/\/vapestornado.com\/de\/product\/original-wga-ultra-35k-35000-puff-rechargeable-crystal-disposable-nicotine-vape-best-discount-price\/\">WGA VAPE<\/a>, <\/strong><strong data-start=\"307\" data-end=\"362\"><a href=\"https:\/\/vapestornado.com\/de\/product\/vozol-gear-shisha-25k-25000-puffs-best-dtl-disposable-vape-hookah-cheap-price\/\">VOZOL BAR VAPE<\/a>, \u00a0 Bang Vape<\/strong>, und mehr, um Qualit\u00e4t und Vielfalt f\u00fcr jeden Kunden zu gew\u00e4hrleisten. Ob Sie ein einzelner Dampfer oder ein Gro\u00dfhandelskunde sind, wir liefern <strong data-start=\"481\" data-end=\"550\">Hochleistungsger\u00e4te, stilvolles Design und wettbewerbsf\u00e4hige Preise<\/strong> um Ihre Bed\u00fcrfnisse zu erf\u00fcllen.<\/p>\n<h2 data-start=\"2064\" data-end=\"2115\">FAQs zu OKSO 50000 Zug 50K Switch Einweg-Vape<\/h2>\n<p data-start=\"4515\" data-end=\"4726\"><strong data-start=\"4515\" data-end=\"4578\">1) Warum listet dieses Ger\u00e4t 50.000 Z\u00fcge und 30.000 Z\u00fcge auf?<\/strong><br data-start=\"4578\" data-end=\"4581\" \/>Weil es zwei Modi hat: <strong data-start=\"4607\" data-end=\"4639\">Normmodus bis zu 50.000 Z\u00fcge<\/strong> und <strong data-start=\"4644\" data-end=\"4677\">Boost-Modus bis zu 30.000 Z\u00fcge<\/strong>, mit unterschiedlicher Intensit\u00e4t und Verbrauchsraten.<\/p>\n<p data-start=\"4728\" data-end=\"4886\"><strong data-start=\"4728\" data-end=\"4776\">2) Was \u00e4ndert die einstellbare Vape-Luftstromsteuerung?<\/strong><br data-start=\"4776\" data-end=\"4779\" \/>Sie \u00e4ndert den Zugwiderstand und das Dampferlebnis\u2014enger f\u00fcr einen fokussierteren Zug, offener f\u00fcr einen sanfteren Luftstrom.<\/p>\n<p data-start=\"4888\" data-end=\"5039\"><strong data-start=\"4888\" data-end=\"4943\">3) Was ist der Zweck einer Dual Mesh Coil (1,0+1,0\u03a9)?<\/strong><br data-start=\"4943\" data-end=\"4946\" \/>Sie sorgt f\u00fcr eine gleichm\u00e4\u00dfigere Erw\u00e4rmung und hilft, Geschmack und Dampfaussto\u00df bei l\u00e4ngerer Nutzung stabil zu halten.<\/p>\n<p data-start=\"5041\" data-end=\"5217\"><strong data-start=\"5041\" data-end=\"5077\">4) Ist dies ein nachf\u00fcllbares Pod-Kit?<\/strong><br data-start=\"5077\" data-end=\"5080\" \/>Es wird als Einweg-Switch-Kit mit <strong data-start=\"5127\" data-end=\"5135\">20ml<\/strong> E-Liquid pr\u00e4sentiert; Nachf\u00fcllen und Coil-Austausch sind in den bereitgestellten Spezifikationen nicht beschrieben.<\/p>\n<p data-start=\"5219\" data-end=\"5340\"><strong data-start=\"5219\" data-end=\"5265\">5) Welche Nikotinst\u00e4rken sind erh\u00e4ltlich?<\/strong><br data-start=\"5265\" data-end=\"5268\" \/>Die Optionen 0%, 2%, 3% und 5% sind aufgelistet, abh\u00e4ngig von der Verf\u00fcgbarkeit auf dem Markt.<\/p>\n<\/div>\n<\/div>\n<\/div>\n<\/div>","protected":false},"excerpt":{"rendered":"<p data-start=\"3411\" data-end=\"3490\">Der <strong data-start=\"5381\" data-end=\"5398\">OKSO 50K Zug<\/strong> (<strong data-start=\"5400\" data-end=\"5420\">OKSO 50000 Z\u00fcge<\/strong>) ist ein Einweg <strong data-start=\"5438\" data-end=\"5452\">Switch Kit<\/strong> f\u00fcr Erwachsene entwickelt, die Wahl m\u00f6chten: <strong data-start=\"5487\" data-end=\"5500\">Normmodus<\/strong> f\u00fcr l\u00e4ngere Laufzeit und <strong data-start=\"5524\" data-end=\"5538\">Boost-Modus<\/strong> f\u00fcr st\u00e4rkere Sitzungen. Mit <strong data-start=\"5567\" data-end=\"5594\">Vape Luftstrom Einstellbar<\/strong> Feinabstimmung, ein <strong data-start=\"5605\" data-end=\"5632\">Dual Mesh Coil 1,0+1,0\u03a9<\/strong>, <strong data-start=\"5634\" data-end=\"5651\">20 ml E-Liquid<\/strong>, und einem <strong data-start=\"5660\" data-end=\"5675\">LED-Display<\/strong>, liefert kontrollierte Leistung zu einem niedrigen Preis im <strong data-start=\"5734\" data-end=\"5746\">Zug 50k<\/strong> Kategorie dominieren wollen.<\/p>\n<p><strong>F\u00fcgen Sie Amys WhatsApp hinzu, um eine korrekte Antwort und einen Rabattpreis zu erhalten!<\/strong><\/p>\n<p><img fetchpriority=\"high\" decoding=\"async\" class=\"size-full wp-image-2932\" src=\"https:\/\/vapestornado.com\/wp-content\/uploads\/2024\/12\/Vape-Wholesale.jpg\" alt=\"Vape-Gro\u00dfhandel\" width=\"229\" height=\"300\" \/><\/p>\n<h3><a href=\"https:\/\/wa.me\/8617776015835\"><span style=\"color: #ff0000;\"><strong>WhatsApp: +86 17776015835<\/strong><\/span><\/a><\/h3>","protected":false},"featured_media":4718,"comment_status":"open","ping_status":"closed","template":"","meta":{"_acf_changed":false,"_uag_custom_page_level_css":"","_lmt_disableupdate":"no","_lmt_disable":"","_monsterinsights_skip_tracking":false,"_monsterinsights_sitenote_active":false,"_monsterinsights_sitenote_note":"","_monsterinsights_sitenote_category":0,"site-sidebar-layout":"default","site-content-layout":"","ast-site-content-layout":"default","site-content-style":"default","site-sidebar-style":"default","ast-global-header-display":"","ast-banner-title-visibility":"","ast-main-header-display":"","ast-hfb-above-header-display":"","ast-hfb-below-header-display":"","ast-hfb-mobile-header-display":"","site-post-title":"","ast-breadcrumbs-content":"","ast-featured-img":"","footer-sml-layout":"","ast-disable-related-posts":"","theme-transparent-header-meta":"default","adv-header-id-meta":"","stick-header-meta":"","header-above-stick-meta":"","header-main-stick-meta":"","header-below-stick-meta":"","astra-migrate-meta-layouts":"set","ast-page-background-enabled":"default","ast-page-background-meta":{"desktop":{"background-color":"","background-image":"","background-repeat":"repeat","background-position":"center center","background-size":"auto","background-attachment":"scroll","background-type":"","background-media":"","overlay-type":"","overlay-color":"","overlay-opacity":"","overlay-gradient":""},"tablet":{"background-color":"","background-image":"","background-repeat":"repeat","background-position":"center center","background-size":"auto","background-attachment":"scroll","background-type":"","background-media":"","overlay-type":"","overlay-color":"","overlay-opacity":"","overlay-gradient":""},"mobile":{"background-color":"","background-image":"","background-repeat":"repeat","background-position":"center center","background-size":"auto","background-attachment":"scroll","background-type":"","background-media":"","overlay-type":"","overlay-color":"","overlay-opacity":"","overlay-gradient":""}},"ast-content-background-meta":{"desktop":{"background-color":"var(--ast-global-color-5)","background-image":"","background-repeat":"repeat","background-position":"center center","background-size":"auto","background-attachment":"scroll","background-type":"","background-media":"","overlay-type":"","overlay-color":"","overlay-opacity":"","overlay-gradient":""},"tablet":{"background-color":"var(--ast-global-color-5)","background-image":"","background-repeat":"repeat","background-position":"center center","background-size":"auto","background-attachment":"scroll","background-type":"","background-media":"","overlay-type":"","overlay-color":"","overlay-opacity":"","overlay-gradient":""},"mobile":{"background-color":"var(--ast-global-color-5)","background-image":"","background-repeat":"repeat","background-position":"center center","background-size":"auto","background-attachment":"scroll","background-type":"","background-media":"","overlay-type":"","overlay-color":"","overlay-opacity":"","overlay-gradient":""}},"_joinchat":[]},"product_brand":[],"product_cat":[192,153,156,157,158,142,144,146,60],"product_tag":[387,287,503,506,507,508,393,509],"class_list":{"0":"post-4731","1":"product","2":"type-product","3":"status-publish","4":"has-post-thumbnail","6":"product_cat-50000-puff","7":"product_cat-buy-disposable-vapes-in-italy","8":"product_cat-buy-disposable-vapes-in-poland","9":"product_cat-buy-disposable-vapes-in-portugal","10":"product_cat-buy-disposable-vapes-in-spain","11":"product_cat-digital-box-disposable-vapes","12":"product_cat-low-nicotine-disposable-vapes","13":"product_cat-rechargeable-disposable-vapes","14":"product_cat-waspe-fihp-vape","15":"product_tag-cigarette-vapor","16":"product_tag-disposable-vape-pen","17":"product_tag-multi-flavor-disposable-vape","18":"product_tag-okso-50000-puff","19":"product_tag-okso-switch-kit-50k","20":"product_tag-vape-airflow-adjustable","21":"product_tag-vape-cartridge","22":"product_tag-vape-low-price","23":"desktop-align-left","24":"tablet-align-left","25":"mobile-align-left","27":"first","28":"instock","29":"sale","30":"shipping-taxable","31":"purchasable","32":"product-type-simple"},"acf":[],"uagb_featured_image_src":{"full":["https:\/\/vapestornado.com\/wp-content\/uploads\/2025\/12\/Okso-50K-50000-Puffs-Disposable-Vape-Best-Flavor.webp",800,800,false],"thumbnail":["https:\/\/vapestornado.com\/wp-content\/uploads\/2025\/12\/Okso-50K-50000-Puffs-Disposable-Vape-Best-Flavor-150x150.webp",150,150,true],"medium":["https:\/\/vapestornado.com\/wp-content\/uploads\/2025\/12\/Okso-50K-50000-Puffs-Disposable-Vape-Best-Flavor-300x300.webp",300,300,true],"medium_large":["https:\/\/vapestornado.com\/wp-content\/uploads\/2025\/12\/Okso-50K-50000-Puffs-Disposable-Vape-Best-Flavor-768x768.webp",768,768,true],"large":["https:\/\/vapestornado.com\/wp-content\/uploads\/2025\/12\/Okso-50K-50000-Puffs-Disposable-Vape-Best-Flavor.webp",800,800,false],"1536x1536":["https:\/\/vapestornado.com\/wp-content\/uploads\/2025\/12\/Okso-50K-50000-Puffs-Disposable-Vape-Best-Flavor.webp",800,800,false],"2048x2048":["https:\/\/vapestornado.com\/wp-content\/uploads\/2025\/12\/Okso-50K-50000-Puffs-Disposable-Vape-Best-Flavor.webp",800,800,false],"trp-custom-language-flag":["https:\/\/vapestornado.com\/wp-content\/uploads\/2025\/12\/Okso-50K-50000-Puffs-Disposable-Vape-Best-Flavor-12x12.webp",12,12,true],"woocommerce_thumbnail":["https:\/\/vapestornado.com\/wp-content\/uploads\/2025\/12\/Okso-50K-50000-Puffs-Disposable-Vape-Best-Flavor-300x300.webp",300,300,true],"woocommerce_single":["https:\/\/vapestornado.com\/wp-content\/uploads\/2025\/12\/Okso-50K-50000-Puffs-Disposable-Vape-Best-Flavor-600x600.webp",600,600,true],"woocommerce_gallery_thumbnail":["https:\/\/vapestornado.com\/wp-content\/uploads\/2025\/12\/Okso-50K-50000-Puffs-Disposable-Vape-Best-Flavor-100x100.webp",100,100,true]},"uagb_author_info":{"display_name":"ESAMY","author_link":"https:\/\/vapestornado.com\/de\/author\/"},"uagb_comment_info":0,"uagb_excerpt":"The OKSO 50K Puff (OKSO 50000 Puffs) is a disposable Switch Kit built for adults who want choice: Norm mode for longer runtime and Boost Mode for stronger sessions. With Vape Airflow Adjustable tuning, a Dual Mesh Coil 1.0+1.0\u03a9, 20ml e-liquid, and an LED display, it delivers controlled performance at a low price in the&hellip;","_links":{"self":[{"href":"https:\/\/vapestornado.com\/de\/wp-json\/wp\/v2\/product\/4731","targetHints":{"allow":["GET"]}}],"collection":[{"href":"https:\/\/vapestornado.com\/de\/wp-json\/wp\/v2\/product"}],"about":[{"href":"https:\/\/vapestornado.com\/de\/wp-json\/wp\/v2\/types\/product"}],"replies":[{"embeddable":true,"href":"https:\/\/vapestornado.com\/de\/wp-json\/wp\/v2\/comments?post=4731"}],"wp:featuredmedia":[{"embeddable":true,"href":"https:\/\/vapestornado.com\/de\/wp-json\/wp\/v2\/media\/4718"}],"wp:attachment":[{"href":"https:\/\/vapestornado.com\/de\/wp-json\/wp\/v2\/media?parent=4731"}],"wp:term":[{"taxonomy":"product_brand","embeddable":true,"href":"https:\/\/vapestornado.com\/de\/wp-json\/wp\/v2\/product_brand?post=4731"},{"taxonomy":"product_cat","embeddable":true,"href":"https:\/\/vapestornado.com\/de\/wp-json\/wp\/v2\/product_cat?post=4731"},{"taxonomy":"product_tag","embeddable":true,"href":"https:\/\/vapestornado.com\/de\/wp-json\/wp\/v2\/product_tag?post=4731"}],"curies":[{"name":"wp","href":"https:\/\/api.w.org\/{rel}","templated":true}]}}