{"id":4703,"date":"2025-12-19T06:50:39","date_gmt":"2025-12-19T06:50:39","guid":{"rendered":"https:\/\/vapestornado.com\/?post_type=product&#038;p=4703"},"modified":"2025-12-19T07:56:00","modified_gmt":"2025-12-19T07:56:00","slug":"bang-box-200k-200000-puff-disposable-vape-pen-wholesale-price-8-flavor-adjustable","status":"publish","type":"product","link":"https:\/\/vapestornado.com\/de\/product\/bang-box-200k-200000-puff-disposable-vape-pen-wholesale-price-8-flavor-adjustable\/","title":{"rendered":"Bang Box 200k 200000 Zigaretten-wegwerf-Vape-Stift Gro\u00dfhandelspreis 8 Geschmacksanpassung"},"content":{"rendered":"<h2 data-pm-slice=\"1 1 []\">Bang Box 200k 200000 Z\u00fcge Wegwerf-Vape-Stift Gro\u00dfhandelspreis \u2014 8 Geschmacksanpassung<\/h2>\n<p data-start=\"88\" data-end=\"695\">Der <strong data-start=\"92\" data-end=\"109\">Bang Box 200k<\/strong> (auch bekannt als <strong data-start=\"128\" data-end=\"152\">Bang Box 200000 Z\u00fcge<\/strong>) ist ein hochkapazitiver <strong data-start=\"173\" data-end=\"196\">Einweg-Vape-Stift<\/strong> f\u00fcr Erwachsene, die ein Ger\u00e4t wollen, das \u00fcber einen l\u00e4ngeren Zeitraum laufen kann, ohne den st\u00e4ndigen Austauschzyklus. Es kombiniert ein sehr gro\u00dfes Zugziel mit einem <strong data-start=\"358\" data-end=\"374\">40ml E-Liquid-Reservoir<\/strong> , einem <strong data-start=\"388\" data-end=\"401\">Mesh-Coil<\/strong> Kern f\u00fcr stabile Ausgabe, und einem <strong data-start=\"433\" data-end=\"443\">850mAh<\/strong> Akku, der darauf ausgelegt ist, das Ger\u00e4t \u00fcber lange Sitzungen nutzbar zu halten. Der Hauptunterschied liegt jedoch im Geschmackssystem: Anstatt mehrere Ger\u00e4te zu kaufen, um Geschm\u00e4cker zu rotieren, wird dieses Modell rund um <strong data-start=\"642\" data-end=\"665\">8 einstellbaren Geschmacksoptionen<\/strong> Optionen innerhalb einer einzigen Einheit.<\/p>\n<p data-start=\"697\" data-end=\"1165\">Vertrauen in dieser Kategorie entsteht daraus, ob die Hardware das Versprechen erf\u00fcllt. Ein Anspruch von \u201e200k\u201c ohne gen\u00fcgend Fl\u00fcssigkeit oder eine Spule, die f\u00fcr den langen Gebrauch ausgelegt ist, wirkt schnell wie Marketing. Hier ist die <strong data-start=\"884\" data-end=\"892\">40ml<\/strong> Kapazit\u00e4t die wahre Grundlage, und die <strong data-start=\"934\" data-end=\"947\">Mesh-Coil<\/strong> ist die praktische Wahl f\u00fcr gleichm\u00e4\u00dfiges Erhitzen und konsistente Geschmacks\u00fcbertragung. Die Akkugr\u00f6\u00dfe ist ebenfalls wichtig: <strong data-start=\"1056\" data-end=\"1066\">850mAh<\/strong> ist f\u00fcr l\u00e4ngeren Gebrauch ausgelegt, sodass die Erfahrung nicht fr\u00fchzeitig aufgrund von Leistung nachl\u00e4sst.<\/p>\n<p data-start=\"1167\" data-end=\"1741\">Das Geschmackskonzept ist auch funktionaler, als es klingt. Mit <strong data-start=\"1232\" data-end=\"1255\">8 einstellbaren Geschmacksoptionen<\/strong>ist das Ger\u00e4t f\u00fcr Menschen positioniert, die nach ein oder zwei Tagen von einem Profil gelangweilt sind. Statt ein ganzes Ger\u00e4t mit einem Geschmack zu verwenden, k\u00f6nnen Nutzer je nach Tageszeit zwischen Profilen wechseln\u2014etwas Frisches wie Minze, wenn es knackig sein soll, oder eine Frucht-\/S\u00fc\u00dfigkeitenmischung, wenn es s\u00fc\u00dfer sein soll. F\u00fcr Gro\u00dfh\u00e4ndler ist das einfacher zu verkaufen, weil es das Risiko eines \u201efalschen Geschmacks\u201c reduziert: Kunden haben Vielfalt in einem Ger\u00e4t, was die Zufriedenheit und Wiederbestellungen verbessern kann.<\/p>\n<p data-start=\"1743\" data-end=\"2146\">Aus der Perspektive des Gro\u00dfhandels ist die <strong data-start=\"1777\" data-end=\"1796\">Gro\u00dfhandelspreis<\/strong> Attraktivit\u00e4t nicht nur vom St\u00fcckpreis abh\u00e4ngig. Es geht darum, was man am Tresen zuverl\u00e4ssig versprechen kann: lange Laufzeit, starke Geschmacksvielfalt und ein Spulensystem, das auf stabile Leistung ausgelegt ist. Das macht die Bang Box 200k zu einer starken Option f\u00fcr H\u00e4ndler, die ein Hauptprodukt wollen, das sich hochwertig anf\u00fchlt, aber dennoch eine preisorientierte Kaufentscheidung erm\u00f6glicht.<\/p>\n<p><strong><span style=\"color: #ff0000;\">F\u00fcge Amy auf WhatsApp hinzu, um sofort eine Antwort und einen Vape-Gutschein zu erhalten!<\/span><\/strong><\/p>\n<p><img fetchpriority=\"high\" decoding=\"async\" class=\"size-full wp-image-2932\" src=\"https:\/\/vapestornado.com\/wp-content\/uploads\/2024\/12\/Vape-Wholesale.jpg\" alt=\"Vape-Gro\u00dfhandel\" width=\"229\" height=\"300\" \/><\/p>\n<h3><a href=\"https:\/\/wa.me\/8617776015835\" target=\"_blank\" rel=\"noopener\"><span style=\"color: #ff0000;\"><strong>WhatsApp: +86 17776015835<\/strong><\/span><\/a><\/h3>\n<h2 class=\"product-title\"><strong>Bang Box 200000 Zug Geschmacksliste<\/strong><\/h2>\n<ol data-start=\"2433\" data-end=\"3152\">\n<li data-start=\"2433\" data-end=\"2499\">\n<p data-start=\"2436\" data-end=\"2499\">Blaubeer-Eis \/ Wassermelone-Blaubeer \/ Himbeere \/ Zitrone-Limette<\/p>\n<\/li>\n<li data-start=\"2500\" data-end=\"2567\">\n<p data-start=\"2503\" data-end=\"2567\">Wassermelone-Eis \/ Wassermelone-Kaugummi \/ Kirsch-Eis \/ Kaugummi<\/p>\n<\/li>\n<li data-start=\"2568\" data-end=\"2632\">\n<p data-start=\"2571\" data-end=\"2632\">Minze-Eis \/ Blaubeere-Himbeere-Eis \/ Traube-Eis \/ Nerd-Candy<\/p>\n<\/li>\n<li data-start=\"2633\" data-end=\"2703\">\n<p data-start=\"2636\" data-end=\"2703\">Dreifacher Honigmelone \/ Love 66 \/ Passionsfrucht \/ Ananas-Kokos-Eis<\/p>\n<\/li>\n<li data-start=\"2704\" data-end=\"2779\">\n<p data-start=\"2707\" data-end=\"2779\">Doppelter Apfel \/ Saure Apfel-Himbeere \/ Brombeere-Eis \/ Ananas-Pfirsich<\/p>\n<\/li>\n<li data-start=\"2780\" data-end=\"2854\">\n<p data-start=\"2783\" data-end=\"2854\">Erdbeer-Eis \/ Erdbeer-Kiwi \/ Blaue Himbeere-Eis \/ Pinke Limonade<\/p>\n<\/li>\n<li data-start=\"2855\" data-end=\"2925\">\n<p data-start=\"2858\" data-end=\"2925\">Kirsch-Cola \/ Blaubeer-Kirsch \/ Preiselbeere \/ Erdbeer-Himbeere<\/p>\n<\/li>\n<li data-start=\"2926\" data-end=\"3000\">\n<p data-start=\"2929\" data-end=\"3000\">Ananas-Eis \/ Saure Mango-Ananas \/ Pfirsich-Eis \/ Ananas-Zitronenlimonade<\/p>\n<\/li>\n<li data-start=\"3001\" data-end=\"3076\">\n<p data-start=\"3004\" data-end=\"3076\">Schwarzer Drache-Eis \/ Erdbeer-Pitaya \/ Dreifach-Beere \/ Kirsche-Preiselbeere<\/p>\n<\/li>\n<li data-start=\"3077\" data-end=\"3152\">\n<p data-start=\"3081\" data-end=\"3152\">Dreifacher Mango \/ Mango Passionsfrucht \/ Ananas Eis \/ Erdbeer Mango<\/p>\n<\/li>\n<\/ol>\n<p><strong>Diese Sets decken die Kernpr\u00e4ferenzen des europ\u00e4ischen Mainstreams ab: eisgek\u00fchlte Minze, gemischtes Obst, s\u00fc\u00dfe Bonbonnoten und einige reichhaltigere Profile wie Cola- und Drachenfruchtmischungen.<\/strong><\/p>\n<div class=\"flex-shrink-0 flex flex-col relative items-end\">\n<div class=\"pt-0\">\n<div class=\"gizmo-bot-avatar flex h-8 w-8 items-center justify-center overflow-hidden rounded-full\">\n<div class=\"relative p-1 rounded-sm flex items-center justify-center bg-token-main-surface-primary text-token-text-primary h-8 w-8\">\n<p data-start=\"4971\" data-end=\"5180\">\n<\/div>\n<h2><strong>Bang Box 200k Zug-Produkthighlights<\/strong><\/h2>\n<div class=\"relative p-1 rounded-sm flex items-center justify-center bg-token-main-surface-primary text-token-text-primary h-8 w-8\">\n<table>\n<thead>\n<tr>\n<th>Eigenschaft<\/th>\n<th>Spezifikation<\/th>\n<th>Erl\u00e4uterung<\/th>\n<\/tr>\n<\/thead>\n<tbody>\n<tr>\n<td>Zugkapazit\u00e4t<\/td>\n<td>200.000 Z\u00fcge<\/td>\n<td>Entwickelt f\u00fcr l\u00e4ngere Nutzung \u00fcber einen l\u00e4ngeren Zeitraum; tats\u00e4chliche Zuganzahl variiert je nach Zugl\u00e4nge und Nutzungsfrequenz.<\/td>\n<\/tr>\n<tr>\n<td>Batteriekapazit\u00e4t<\/td>\n<td>850mAh<\/td>\n<td>Bietet ausreichend Leistung, um lange Nutzungszyklen zu unterst\u00fctzen und w\u00e4hrend l\u00e4ngerer Sitzungen eine stabile Ausgabe zu gew\u00e4hrleisten.<\/td>\n<\/tr>\n<tr>\n<td>E-Liquid-Kapazit\u00e4t<\/td>\n<td>40ml<\/td>\n<td>Gro\u00dfes E-Liquid-Volumen hilft sicherzustellen, dass das Ger\u00e4t den Geschmack \u00fcber seine Lebensdauer hinweg konstant liefern kann.<\/td>\n<\/tr>\n<tr>\n<td>Spulentyp<\/td>\n<td>Mesh-Spule<\/td>\n<td>Mesh-Struktur erm\u00f6glicht eine gleichm\u00e4\u00dfigere Erw\u00e4rmung, unterst\u00fctzt eine sanftere Dampferzeugung und einen konsistenten Geschmack bei l\u00e4ngerer Nutzung.<\/td>\n<\/tr>\n<tr>\n<td>Geschmackssystem<\/td>\n<td>8 Einstellbare Geschmacksrichtungen<\/td>\n<td>Erm\u00f6glicht es den Nutzern, zwischen mehreren Geschmacksprofilen innerhalb eines Ger\u00e4ts zu wechseln, um Geschmackserm\u00fcdung bei langfristiger Nutzung zu reduzieren.<\/td>\n<\/tr>\n<tr>\n<td>Geschmacksoptionen<\/td>\n<td>10 Geschmackssets (je 4 Geschmacksrichtungen pro Set)<\/td>\n<td>Jedes Set bietet eine ausgewogene Mischung aus fruchtigen, eisgek\u00fchlten und s\u00fc\u00dfen Profilen, die den g\u00e4ngigen europ\u00e4ischen Geschmacksvorlieben entsprechen.<\/td>\n<\/tr>\n<tr>\n<td>Ger\u00e4tetyp<\/td>\n<td>Einweg-Vape-Stift<\/td>\n<td>Vorgef\u00fcllt und einsatzbereit, ohne Nachf\u00fcllen oder Coil-Austausch.<\/td>\n<\/tr>\n<tr>\n<td>Nutzungsstil<\/td>\n<td>Langanhaltend<\/td>\n<td>F\u00fcr Nutzer konzipiert, die weniger Austausch und l\u00e4ngere Intervalle zwischen Ger\u00e4tewechseln bevorzugen.<\/td>\n<\/tr>\n<tr>\n<td>Zielmarkt<\/td>\n<td>Erwachsenenbenutzer &amp; Gro\u00dfhandelsversorgung<\/td>\n<td>Geeignet f\u00fcr den Einzelhandel und den Gro\u00dfhandel zu Gro\u00dfhandelspreisen.<\/td>\n<\/tr>\n<\/tbody>\n<\/table>\n<figure id=\"attachment_4699\" aria-describedby=\"caption-attachment-4699\" style=\"width: 263px\" class=\"wp-caption alignnone\"><img decoding=\"async\" class=\"size-medium wp-image-4699\" src=\"https:\/\/vapestornado.com\/wp-content\/uploads\/2025\/12\/Bang-Box-200k-200000-Puffs-Disposable-Vape-Shop-Online-263x300.webp\" alt=\"Bang Box 200k 200000 Z\u00fcge Einweg-Vape-Shop online\" width=\"263\" height=\"300\" srcset=\"https:\/\/vapestornado.com\/wp-content\/uploads\/2025\/12\/Bang-Box-200k-200000-Puffs-Disposable-Vape-Shop-Online-263x300.webp 263w, https:\/\/vapestornado.com\/wp-content\/uploads\/2025\/12\/Bang-Box-200k-200000-Puffs-Disposable-Vape-Shop-Online-768x875.webp 768w, https:\/\/vapestornado.com\/wp-content\/uploads\/2025\/12\/Bang-Box-200k-200000-Puffs-Disposable-Vape-Shop-Online-11x12.webp 11w, https:\/\/vapestornado.com\/wp-content\/uploads\/2025\/12\/Bang-Box-200k-200000-Puffs-Disposable-Vape-Shop-Online-600x683.webp 600w, https:\/\/vapestornado.com\/wp-content\/uploads\/2025\/12\/Bang-Box-200k-200000-Puffs-Disposable-Vape-Shop-Online.webp 800w\" sizes=\"(max-width: 263px) 100vw, 263px\" \/><figcaption id=\"caption-attachment-4699\" class=\"wp-caption-text\">Bang Box 200k 200000 Z\u00fcge Einweg-Vape-Shop online<\/figcaption><\/figure>\n<figure id=\"attachment_4697\" aria-describedby=\"caption-attachment-4697\" style=\"width: 300px\" class=\"wp-caption alignnone\"><img decoding=\"async\" class=\"size-medium wp-image-4697\" src=\"https:\/\/vapestornado.com\/wp-content\/uploads\/2025\/12\/Bang-Box-200k-200000-Puffs-Disposable-Vape-Long-Lasting-300x218.webp\" alt=\"Bang Box 200k 200000 Z\u00fcge Einweg-Vape Lang anhaltend\" width=\"300\" height=\"218\" srcset=\"https:\/\/vapestornado.com\/wp-content\/uploads\/2025\/12\/Bang-Box-200k-200000-Puffs-Disposable-Vape-Long-Lasting-300x218.webp 300w, https:\/\/vapestornado.com\/wp-content\/uploads\/2025\/12\/Bang-Box-200k-200000-Puffs-Disposable-Vape-Long-Lasting-1024x744.webp 1024w, https:\/\/vapestornado.com\/wp-content\/uploads\/2025\/12\/Bang-Box-200k-200000-Puffs-Disposable-Vape-Long-Lasting-768x558.webp 768w, https:\/\/vapestornado.com\/wp-content\/uploads\/2025\/12\/Bang-Box-200k-200000-Puffs-Disposable-Vape-Long-Lasting-1536x1117.webp 1536w, https:\/\/vapestornado.com\/wp-content\/uploads\/2025\/12\/Bang-Box-200k-200000-Puffs-Disposable-Vape-Long-Lasting-2048x1489.webp 2048w, https:\/\/vapestornado.com\/wp-content\/uploads\/2025\/12\/Bang-Box-200k-200000-Puffs-Disposable-Vape-Long-Lasting-18x12.webp 18w, https:\/\/vapestornado.com\/wp-content\/uploads\/2025\/12\/Bang-Box-200k-200000-Puffs-Disposable-Vape-Long-Lasting-600x436.webp 600w\" sizes=\"(max-width: 300px) 100vw, 300px\" \/><figcaption id=\"caption-attachment-4697\" class=\"wp-caption-text\">Bang Box 200k 200000 Z\u00fcge Einweg-Vape Lang anhaltend<\/figcaption><\/figure>\n<h2 data-start=\"1200\" data-end=\"1487\">Vapes Tornado \u2013 Dein Gro\u00dfhandels-Online-Vape-Shop f\u00fcr Top-Vape-Marken<\/h2>\n<p data-start=\"1200\" data-end=\"1487\"><strong data-start=\"141\" data-end=\"177\">Vapes Tornado Online Rauchladen<\/strong> ist Ihre vertrauensw\u00fcrdige Quelle f\u00fcr <strong data-start=\"205\" data-end=\"270\">Premium Einweg-Vapes und Gro\u00dfhandels-E-Zigaretten in Europa<\/strong>. Wir pr\u00e4sentieren Top-Selling-Marken wie <strong data-start=\"307\" data-end=\"362\"><a href=\"https:\/\/vapestornado.com\/de\/product\/randm-12000-puffs-fumot-digital-disposable-vape-wholesale-price\/\">Fumot VAPE<\/a>, <a href=\"https:\/\/vapestornado.com\/de\/product\/original-wga-ultra-35k-35000-puff-rechargeable-crystal-disposable-nicotine-vape-best-discount-price\/\">WGA VAPE<\/a>, <\/strong><strong data-start=\"307\" data-end=\"362\"><a href=\"https:\/\/vapestornado.com\/de\/product\/vozol-gear-shisha-25k-25000-puffs-best-dtl-disposable-vape-hookah-cheap-price\/\">VOZOL BAR VAPE<\/a>, \u00a0 Bang Vape<\/strong>, und mehr, um Qualit\u00e4t und Vielfalt f\u00fcr jeden Kunden zu gew\u00e4hrleisten. Ob Sie ein einzelner Dampfer oder ein Gro\u00dfhandelskunde sind, wir liefern <strong data-start=\"481\" data-end=\"550\">Hochleistungsger\u00e4te, stilvolles Design und wettbewerbsf\u00e4hige Preise<\/strong> um Ihre Bed\u00fcrfnisse zu erf\u00fcllen.<\/p>\n<h2 data-start=\"2064\" data-end=\"2115\">FAQs zum WASPE 150K 150000 Zug Einweg Vape<\/h2>\n<p data-start=\"4211\" data-end=\"4399\"><strong data-start=\"4211\" data-end=\"4264\">1) Ist \u201eBang Box 200000 Z\u00fcge\u201c eine garantierte Zahl?<\/strong><br data-start=\"4264\" data-end=\"4267\" \/>Nein. Die Z\u00e4hlung der Z\u00fcge h\u00e4ngt von der Zugl\u00e4nge, wie oft Sie dampfen und dem Nutzungsstil ab. Es ist eine Maximalangabe, kein fixer Wert f\u00fcr jeden Nutzer.<\/p>\n<p data-start=\"4401\" data-end=\"4622\"><strong data-start=\"4401\" data-end=\"4457\">2) Was bedeutet \u201e8 einstellbare Geschmacksrichtungen\u201c in der Praxis?<\/strong><br data-start=\"4457\" data-end=\"4460\" \/>Es bedeutet, dass das Ger\u00e4t so gebaut ist, dass Nutzer zwischen mehreren Geschmacksprofilen innerhalb eines Ger\u00e4ts wechseln k\u00f6nnen (verkauft als Geschmackssets), um Geschmackserm\u00fcdung bei l\u00e4ngerer Nutzung zu reduzieren.<\/p>\n<p data-start=\"4624\" data-end=\"4844\"><strong data-start=\"4624\" data-end=\"4688\">3) Warum ist eine Mesh-Spule bei einem langlebigen Einweg-Ger\u00e4t wichtig?<\/strong><br data-start=\"4688\" data-end=\"4691\" \/>Mesh-Spulen sorgen f\u00fcr eine gleichm\u00e4\u00dfigere Erw\u00e4rmung, was hilft, den Geschmack und die Dampfleistung bei l\u00e4ngerer Nutzung stabiler zu halten im Vergleich zu einfacheren Spulenstrukturen.<\/p>\n<p data-start=\"4846\" data-end=\"4969\"><strong data-start=\"4846\" data-end=\"4883\">4) Wie viel E- Fl\u00fcssigkeit fasst es?<\/strong><br data-start=\"4883\" data-end=\"4886\" \/>Es ist angegeben als <strong data-start=\"4904\" data-end=\"4912\">40ml<\/strong>, was die praktische Basis ist, die eine lange Laufzeit unterst\u00fctzt.<\/p>\n<p data-start=\"4971\" data-end=\"5180\"><strong data-start=\"4971\" data-end=\"5030\">5) Ist das haupts\u00e4chlich f\u00fcr Einzelhandelsnutzer oder Gro\u00dfhandelsk\u00e4ufer?<\/strong><br data-start=\"5030\" data-end=\"5033\" \/>Beides. Endverbraucher profitieren von langer Nutzung und Vielfalt; Gro\u00dfhandelsk\u00e4ufer erhalten ein klares, leicht verk\u00e4ufliches Hauptprodukt zu einem wettbewerbsf\u00e4higen Preis. <strong data-start=\"5160\" data-end=\"5179\">Gro\u00dfhandelspreis<\/strong>.<\/p>\n<\/div>\n<\/div>\n<\/div>\n<\/div>","protected":false},"excerpt":{"rendered":"<p data-start=\"3411\" data-end=\"3490\">Der <strong data-start=\"35\" data-end=\"52\">Bang Box 200k<\/strong> ist ein langlebiger Wegwerf-Vape-Stift, der f\u00fcr l\u00e4ngeren Gebrauch und Geschmacksflexibilit\u00e4t entwickelt wurde. Er liefert bis zu <strong data-start=\"160\" data-end=\"176\">200000 Z\u00fcge<\/strong>, verf\u00fcgt \u00fcber ein <strong data-start=\"189\" data-end=\"214\">40ml E-Liquid-Kapazit\u00e4t<\/strong>, ein <strong data-start=\"219\" data-end=\"237\">850mAh-Akku<\/strong>und ein <strong data-start=\"245\" data-end=\"258\">Mesh-Coil<\/strong> f\u00fcr stabile Dampfausgabe. Mit <strong data-start=\"290\" data-end=\"313\">8 einstellbaren Geschmacksoptionen<\/strong> in einem Ger\u00e4t bietet er Vielfalt ohne h\u00e4ufige Austausch, was ihn zu einer praktischen Wahl f\u00fcr erwachsene Nutzer und einer starken Option f\u00fcr Gro\u00dfhandelspreispositionierung macht.<\/p>\n<p><strong>F\u00fcgen Sie Amys WhatsApp hinzu, um eine korrekte Antwort und einen Rabattpreis zu erhalten!<\/strong><\/p>\n<p><img fetchpriority=\"high\" decoding=\"async\" class=\"size-full wp-image-2932\" src=\"https:\/\/vapestornado.com\/wp-content\/uploads\/2024\/12\/Vape-Wholesale.jpg\" alt=\"Vape-Gro\u00dfhandel\" width=\"229\" height=\"300\" \/><\/p>\n<h3><a href=\"https:\/\/wa.me\/8617776015835\"><span style=\"color: #ff0000;\"><strong>WhatsApp: +86 17776015835<\/strong><\/span><\/a><\/h3>","protected":false},"featured_media":4696,"comment_status":"open","ping_status":"closed","template":"","meta":{"_acf_changed":false,"_uag_custom_page_level_css":"","_lmt_disableupdate":"no","_lmt_disable":"","_monsterinsights_skip_tracking":false,"_monsterinsights_sitenote_active":false,"_monsterinsights_sitenote_note":"","_monsterinsights_sitenote_category":0,"site-sidebar-layout":"default","site-content-layout":"","ast-site-content-layout":"default","site-content-style":"default","site-sidebar-style":"default","ast-global-header-display":"","ast-banner-title-visibility":"","ast-main-header-display":"","ast-hfb-above-header-display":"","ast-hfb-below-header-display":"","ast-hfb-mobile-header-display":"","site-post-title":"","ast-breadcrumbs-content":"","ast-featured-img":"","footer-sml-layout":"","ast-disable-related-posts":"","theme-transparent-header-meta":"default","adv-header-id-meta":"","stick-header-meta":"","header-above-stick-meta":"","header-main-stick-meta":"","header-below-stick-meta":"","astra-migrate-meta-layouts":"set","ast-page-background-enabled":"default","ast-page-background-meta":{"desktop":{"background-color":"","background-image":"","background-repeat":"repeat","background-position":"center center","background-size":"auto","background-attachment":"scroll","background-type":"","background-media":"","overlay-type":"","overlay-color":"","overlay-opacity":"","overlay-gradient":""},"tablet":{"background-color":"","background-image":"","background-repeat":"repeat","background-position":"center center","background-size":"auto","background-attachment":"scroll","background-type":"","background-media":"","overlay-type":"","overlay-color":"","overlay-opacity":"","overlay-gradient":""},"mobile":{"background-color":"","background-image":"","background-repeat":"repeat","background-position":"center center","background-size":"auto","background-attachment":"scroll","background-type":"","background-media":"","overlay-type":"","overlay-color":"","overlay-opacity":"","overlay-gradient":""}},"ast-content-background-meta":{"desktop":{"background-color":"var(--ast-global-color-5)","background-image":"","background-repeat":"repeat","background-position":"center center","background-size":"auto","background-attachment":"scroll","background-type":"","background-media":"","overlay-type":"","overlay-color":"","overlay-opacity":"","overlay-gradient":""},"tablet":{"background-color":"var(--ast-global-color-5)","background-image":"","background-repeat":"repeat","background-position":"center center","background-size":"auto","background-attachment":"scroll","background-type":"","background-media":"","overlay-type":"","overlay-color":"","overlay-opacity":"","overlay-gradient":""},"mobile":{"background-color":"var(--ast-global-color-5)","background-image":"","background-repeat":"repeat","background-position":"center center","background-size":"auto","background-attachment":"scroll","background-type":"","background-media":"","overlay-type":"","overlay-color":"","overlay-opacity":"","overlay-gradient":""}},"_joinchat":[]},"product_brand":[],"product_cat":[64,151,152,153,154,142,144,146],"product_tag":[500,499,387,287,498,390,393,386],"class_list":{"0":"post-4703","1":"product","2":"type-product","3":"status-publish","4":"has-post-thumbnail","6":"product_cat-bangbox-vape","7":"product_cat-buy-disposable-vapes-in-france","8":"product_cat-buy-disposable-vapes-in-cermany","9":"product_cat-buy-disposable-vapes-in-italy","10":"product_cat-buy-disposable-vapes-in-netherlands","11":"product_cat-digital-box-disposable-vapes","12":"product_cat-low-nicotine-disposable-vapes","13":"product_cat-rechargeable-disposable-vapes","14":"product_tag-200k-puff-vape","15":"product_tag-bang-box-200k","16":"product_tag-cigarette-vapor","17":"product_tag-disposable-vape-pen","18":"product_tag-long-lasting-vape","19":"product_tag-online-vape-shop","20":"product_tag-vape-cartridge","21":"product_tag-vape-pen","22":"desktop-align-left","23":"tablet-align-left","24":"mobile-align-left","26":"first","27":"instock","28":"sale","29":"shipping-taxable","30":"purchasable","31":"product-type-simple"},"acf":[],"uagb_featured_image_src":{"full":["https:\/\/vapestornado.com\/wp-content\/uploads\/2025\/12\/Bang-Box-200k-200000-Puffs-Disposable-Vape-Box-Wholesale-Price.webp",1000,1000,false],"thumbnail":["https:\/\/vapestornado.com\/wp-content\/uploads\/2025\/12\/Bang-Box-200k-200000-Puffs-Disposable-Vape-Box-Wholesale-Price-150x150.webp",150,150,true],"medium":["https:\/\/vapestornado.com\/wp-content\/uploads\/2025\/12\/Bang-Box-200k-200000-Puffs-Disposable-Vape-Box-Wholesale-Price-300x300.webp",300,300,true],"medium_large":["https:\/\/vapestornado.com\/wp-content\/uploads\/2025\/12\/Bang-Box-200k-200000-Puffs-Disposable-Vape-Box-Wholesale-Price-768x768.webp",768,768,true],"large":["https:\/\/vapestornado.com\/wp-content\/uploads\/2025\/12\/Bang-Box-200k-200000-Puffs-Disposable-Vape-Box-Wholesale-Price.webp",1000,1000,false],"1536x1536":["https:\/\/vapestornado.com\/wp-content\/uploads\/2025\/12\/Bang-Box-200k-200000-Puffs-Disposable-Vape-Box-Wholesale-Price.webp",1000,1000,false],"2048x2048":["https:\/\/vapestornado.com\/wp-content\/uploads\/2025\/12\/Bang-Box-200k-200000-Puffs-Disposable-Vape-Box-Wholesale-Price.webp",1000,1000,false],"trp-custom-language-flag":["https:\/\/vapestornado.com\/wp-content\/uploads\/2025\/12\/Bang-Box-200k-200000-Puffs-Disposable-Vape-Box-Wholesale-Price-12x12.webp",12,12,true],"woocommerce_thumbnail":["https:\/\/vapestornado.com\/wp-content\/uploads\/2025\/12\/Bang-Box-200k-200000-Puffs-Disposable-Vape-Box-Wholesale-Price-300x300.webp",300,300,true],"woocommerce_single":["https:\/\/vapestornado.com\/wp-content\/uploads\/2025\/12\/Bang-Box-200k-200000-Puffs-Disposable-Vape-Box-Wholesale-Price-600x600.webp",600,600,true],"woocommerce_gallery_thumbnail":["https:\/\/vapestornado.com\/wp-content\/uploads\/2025\/12\/Bang-Box-200k-200000-Puffs-Disposable-Vape-Box-Wholesale-Price-100x100.webp",100,100,true]},"uagb_author_info":{"display_name":"ESAMY","author_link":"https:\/\/vapestornado.com\/de\/author\/"},"uagb_comment_info":0,"uagb_excerpt":"The Bang Box 200k is a long lasting disposable vape pen designed for extended use and flavour flexibility. It delivers up to 200000 puffs, features a 40ml e-juice capacity, an 850mAh battery, and a mesh coil for stable vapour output. With 8 adjustable flavor options in one device, it offers variety without frequent replacements, making&hellip;","_links":{"self":[{"href":"https:\/\/vapestornado.com\/de\/wp-json\/wp\/v2\/product\/4703","targetHints":{"allow":["GET"]}}],"collection":[{"href":"https:\/\/vapestornado.com\/de\/wp-json\/wp\/v2\/product"}],"about":[{"href":"https:\/\/vapestornado.com\/de\/wp-json\/wp\/v2\/types\/product"}],"replies":[{"embeddable":true,"href":"https:\/\/vapestornado.com\/de\/wp-json\/wp\/v2\/comments?post=4703"}],"wp:featuredmedia":[{"embeddable":true,"href":"https:\/\/vapestornado.com\/de\/wp-json\/wp\/v2\/media\/4696"}],"wp:attachment":[{"href":"https:\/\/vapestornado.com\/de\/wp-json\/wp\/v2\/media?parent=4703"}],"wp:term":[{"taxonomy":"product_brand","embeddable":true,"href":"https:\/\/vapestornado.com\/de\/wp-json\/wp\/v2\/product_brand?post=4703"},{"taxonomy":"product_cat","embeddable":true,"href":"https:\/\/vapestornado.com\/de\/wp-json\/wp\/v2\/product_cat?post=4703"},{"taxonomy":"product_tag","embeddable":true,"href":"https:\/\/vapestornado.com\/de\/wp-json\/wp\/v2\/product_tag?post=4703"}],"curies":[{"name":"wp","href":"https:\/\/api.w.org\/{rel}","templated":true}]}}