{"id":4702,"date":"2025-12-19T06:49:15","date_gmt":"2025-12-19T06:49:15","guid":{"rendered":"https:\/\/vapestornado.com\/?post_type=product&#038;p=4702"},"modified":"2025-12-22T09:50:48","modified_gmt":"2025-12-22T09:50:48","slug":"okso-120k-120000-puffs-6-in-1-multiple-flavors-screen-digital-display-disposable-vaper","status":"publish","type":"product","link":"https:\/\/vapestornado.com\/de\/product\/okso-120k-120000-puffs-6-in-1-multiple-flavors-screen-digital-display-disposable-vaper\/","title":{"rendered":"OKSO 120k 120000 Z\u00fcge 6 in 1 Mehrfachgeschmacksrichtungen Digitalanzeige Einweg-Vaper"},"content":{"rendered":"<h2 data-pm-slice=\"1 1 []\">OKSO 120k 120000 Z\u00fcge 6 in 1 Mehrfachgeschmacksrichtungen Digitalanzeige Einweg-Vaper<\/h2>\n<p data-start=\"84\" data-end=\"483\">Der <strong data-start=\"88\" data-end=\"106\">OKSO 120k Zug<\/strong> (auch bekannt als <strong data-start=\"122\" data-end=\"143\">OKSO 120000 Z\u00fcge<\/strong>) ist ein hochkapazitiver <strong data-start=\"164\" data-end=\"184\">Einweg-Vape<\/strong> entwickelt f\u00fcr erwachsene Nutzer, die lange Nutzungsdauer, klares Ger\u00e4tefeedback und Geschmacksvielfalt in einer soliden Einheit w\u00fcnschen. Dieses Modell basiert auf einem <strong data-start=\"331\" data-end=\"364\">6-in-1 Mehrfachgeschmacksystem<\/strong>, einem <strong data-start=\"368\" data-end=\"387\">Digitalanzeige<\/strong>, und einem strukturierten inneren Aufbau, der l\u00e4ngere Nutzung ohne vage Versprechen unterst\u00fctzt.<\/p>\n<p data-start=\"485\" data-end=\"734\">Anstatt sich auf das Aussehen oder Trends zu konzentrieren, ist der OKSO 120k so konzipiert, dass er den tats\u00e4chlichen Gebrauch eines Hoch-Puff-Ger\u00e4ts im Laufe der Zeit widerspiegelt: h\u00e4ufige t\u00e4gliche Nutzung, wechselnde Geschmackspr\u00e4ferenzen und das Bed\u00fcrfnis, jederzeit zu verstehen, was das Ger\u00e4t tut.<\/p>\n<h3 data-start=\"741\" data-end=\"772\">Warum wird dieses OKSO 120K Vape-Ger\u00e4t immer beliebter?<\/h3>\n<p data-start=\"774\" data-end=\"930\">\u00a0Ein Ger\u00e4t mit der Bewertung <strong data-start=\"871\" data-end=\"887\">120000 Z\u00fcge<\/strong> braucht mehr als nur eine gro\u00dfe Zahl auf der Verpackung. Das OKSO 120000 Z\u00fcge Vape sorgt daf\u00fcr, dass die Komponenten zusammenarbeiten, um die Leistung vorhersehbarer zu machen, was die Grundlage f\u00fcr langfristiges Nutzervertrauen ist.<\/p>\n<ul data-start=\"932\" data-end=\"1451\">\n<li data-start=\"932\" data-end=\"1111\">\n<p data-start=\"934\" data-end=\"1111\"><strong data-start=\"934\" data-end=\"977\">Dreifach-Mesh-Spulensystem (Mesh-Spule \u00d73):<\/strong> Mehrere Mesh-Kerne helfen, die Hitze gleichm\u00e4\u00dfiger zu verteilen, w\u00e4hrend die Fl\u00fcssigkeit verbraucht wird, was eine gleichm\u00e4\u00dfigere Dampfausgabe bei l\u00e4ngerer Nutzung unterst\u00fctzt.<\/p>\n<\/li>\n<li data-start=\"1112\" data-end=\"1258\">\n<p data-start=\"1114\" data-end=\"1258\"><strong data-start=\"1114\" data-end=\"1152\">Drei E-Liquid-Kammern (20ml \u00d73):<\/strong> Das Fl\u00fcssigkeitsvolumen ist aufgeteilt, um eine gleichm\u00e4\u00dfige Abgabe zu gew\u00e4hrleisten, anstatt sich auf einen einzelnen gro\u00dfen Tank zu verlassen.<\/p>\n<\/li>\n<li data-start=\"1259\" data-end=\"1451\">\n<p data-start=\"1261\" data-end=\"1451\"><strong data-start=\"1261\" data-end=\"1301\">850mAh Akku mit Digitalanzeige:<\/strong> Die Akkukapazit\u00e4t ist auf den regelm\u00e4\u00dfigen t\u00e4glichen Gebrauch abgestimmt, w\u00e4hrend das <strong data-start=\"1366\" data-end=\"1385\">Digitalanzeige<\/strong> den Echtzeit-Status des Ger\u00e4ts anzeigt und so Unsicherheiten f\u00fcr den Nutzer reduziert.<\/p>\n<\/li>\n<li data-start=\"1696\" data-end=\"1852\">\n<p data-start=\"1698\" data-end=\"1852\"><strong data-start=\"1698\" data-end=\"1733\">6-in-1 einstellbares Geschmacksystem<\/strong> erm\u00f6glicht es Nutzern, zwischen Geschmacksoptionen innerhalb eines Ger\u00e4ts zu wechseln, um Geschmacksm\u00fcdigkeit bei l\u00e4ngerer Nutzung zu vermeiden.<\/p>\n<\/li>\n<li data-start=\"1853\" data-end=\"1964\">\n<p data-start=\"1855\" data-end=\"1964\"><strong data-start=\"1855\" data-end=\"1874\">Digitalanzeige<\/strong> bietet sichtbares Feedback anstelle von Vermutungen, wenn sich die Dampfst\u00e4rke \u00e4ndert.<\/p>\n<\/li>\n<li data-start=\"1965\" data-end=\"2065\">\n<p data-start=\"1967\" data-end=\"2065\"><strong data-start=\"1967\" data-end=\"1989\">Hohe Puff-Kapazit\u00e4t<\/strong> Reduziert, wie oft ein Austausch erforderlich ist, was f\u00fcr regelm\u00e4\u00dfige Nutzer wichtig ist.<\/p>\n<\/li>\n<\/ul>\n<p>F\u00fcr Einzelh\u00e4ndler und H\u00e4ndler machen diese Punkte dass Ger\u00e4t leichter zu erkl\u00e4ren, leichter zu unterst\u00fctzen und geeignet f\u00fcr <strong data-start=\"2188\" data-end=\"2210\">Gro\u00dfh\u00e4ndler<\/strong> Kan\u00e4le, die auf <strong data-start=\"2236\" data-end=\"2251\">Billiger Preis<\/strong> ohne die Glaubw\u00fcrdigkeit zu opfern.<\/p>\n<p><strong><span style=\"color: #ff0000;\">F\u00fcge Amy auf WhatsApp hinzu, um sofort eine Antwort und einen Vape-Gutschein zu erhalten!<\/span><\/strong><\/p>\n<p><img fetchpriority=\"high\" decoding=\"async\" class=\"size-full wp-image-2932\" src=\"https:\/\/vapestornado.com\/wp-content\/uploads\/2024\/12\/Vape-Wholesale.jpg\" alt=\"Vape-Gro\u00dfhandel\" width=\"229\" height=\"300\" \/><\/p>\n<h3><a href=\"https:\/\/wa.me\/8617776015835\" target=\"_blank\" rel=\"noopener\"><span style=\"color: #ff0000;\"><strong>WhatsApp: +86 17776015835<\/strong><\/span><\/a><\/h3>\n<p>&nbsp;<\/p>\n<h2><strong>OKSO 120k 120000 Z\u00fcge Produktmerkmale<\/strong><\/h2>\n<table>\n<thead>\n<tr>\n<th>Eigenschaft<\/th>\n<th>Spezifikation<\/th>\n<th>Beschreibung<\/th>\n<\/tr>\n<\/thead>\n<tbody>\n<tr>\n<td>Marke<\/td>\n<td>OKSO<\/td>\n<td>Etabliertes Vape-Marke, die sich auf Hochkapazit\u00e4ts-Einwegger\u00e4te konzentriert.<\/td>\n<\/tr>\n<tr>\n<td>Zugkapazit\u00e4t<\/td>\n<td>Bis zu 120000 Z\u00fcge<\/td>\n<td>F\u00fcr l\u00e4ngeren Gebrauch konzipiert; tats\u00e4chliche Zugzahl variiert je nach Zugl\u00e4nge und Nutzungsgewohnheiten.<\/td>\n<\/tr>\n<tr>\n<td>Spulenstruktur<\/td>\n<td>Mesh-Spule \u00d73<\/td>\n<td>Mehrere Mesh-Kerne helfen, die Hitze gleichm\u00e4\u00dfig zu verteilen, f\u00fcr stabileren Dampfaussto\u00df im Laufe der Zeit.<\/td>\n<\/tr>\n<tr>\n<td>E-Liquid-Kapazit\u00e4t<\/td>\n<td>20ml \u00d73<\/td>\n<td>Geteilte Fl\u00fcssigkeitskammern unterst\u00fctzen eine gleichm\u00e4\u00dfige Abgabe w\u00e4hrend langer Nutzungszyklen.<\/td>\n<\/tr>\n<tr>\n<td>Nikotin Optionen<\/td>\n<td>2% \/ 5%<\/td>\n<td>Zwei St\u00e4rkeoptionen, um unterschiedlichen Erwachsenenpr\u00e4ferenzen zu entsprechen (marktabh\u00e4ngig).<\/td>\n<\/tr>\n<tr>\n<td>Batteriekapazit\u00e4t<\/td>\n<td>850mAh<\/td>\n<td>Unterst\u00fctzt regelm\u00e4\u00dfigen t\u00e4glichen Gebrauch und stabile Ausgabe w\u00e4hrend l\u00e4ngerer Sitzungen.<\/td>\n<\/tr>\n<tr>\n<td>Anzeige<\/td>\n<td>Digitalanzeige<\/td>\n<td>Zeigt den Ger\u00e4testatus deutlich an, reduziert Unsicherheit w\u00e4hrend der Nutzung.<\/td>\n<\/tr>\n<tr>\n<td>Geschmackssystem<\/td>\n<td>6-in-1 Einstellbarer Geschmack<\/td>\n<td>Erm\u00f6glicht den Wechsel zwischen mehreren Geschmacksrichtungen innerhalb eines Ger\u00e4ts.<\/td>\n<\/tr>\n<tr>\n<td>Produktgewicht<\/td>\n<td>166g<\/td>\n<td>Robuste Bauweise f\u00fcr den Einsatz mit hoher Kapazit\u00e4t.<\/td>\n<\/tr>\n<tr>\n<td>Produktgr\u00f6\u00dfe<\/td>\n<td>51 \u00d7 51 \u00d7 131mm<\/td>\n<td>Kompakt f\u00fcr seine Kapazit\u00e4t, w\u00e4hrend die interne Struktur ber\u00fccksichtigt wird.<\/td>\n<\/tr>\n<\/tbody>\n<\/table>\n<figure id=\"attachment_4705\" aria-describedby=\"caption-attachment-4705\" style=\"width: 300px\" class=\"wp-caption alignnone\"><img decoding=\"async\" class=\"size-medium wp-image-4705\" src=\"https:\/\/vapestornado.com\/wp-content\/uploads\/2025\/12\/OKSO-120K-120000-Puff-Disposable-Vape-POD-300x300.webp\" alt=\"OKSO 120K 120.000 Z\u00fcge Einweg-Vape POD\" width=\"300\" height=\"300\" srcset=\"https:\/\/vapestornado.com\/wp-content\/uploads\/2025\/12\/OKSO-120K-120000-Puff-Disposable-Vape-POD-300x300.webp 300w, https:\/\/vapestornado.com\/wp-content\/uploads\/2025\/12\/OKSO-120K-120000-Puff-Disposable-Vape-POD-150x150.webp 150w, https:\/\/vapestornado.com\/wp-content\/uploads\/2025\/12\/OKSO-120K-120000-Puff-Disposable-Vape-POD-768x768.webp 768w, https:\/\/vapestornado.com\/wp-content\/uploads\/2025\/12\/OKSO-120K-120000-Puff-Disposable-Vape-POD-12x12.webp 12w, https:\/\/vapestornado.com\/wp-content\/uploads\/2025\/12\/OKSO-120K-120000-Puff-Disposable-Vape-POD-600x600.webp 600w, https:\/\/vapestornado.com\/wp-content\/uploads\/2025\/12\/OKSO-120K-120000-Puff-Disposable-Vape-POD-100x100.webp 100w, https:\/\/vapestornado.com\/wp-content\/uploads\/2025\/12\/OKSO-120K-120000-Puff-Disposable-Vape-POD.webp 800w\" sizes=\"(max-width: 300px) 100vw, 300px\" \/><figcaption id=\"caption-attachment-4705\" class=\"wp-caption-text\">OKSO 120K 120.000 Z\u00fcge Einweg-Vape POD<\/figcaption><\/figure>\n<h2 class=\"product-title\"><strong>OKSO 120k 120.000 Z\u00fcge Liste der Geschmacksrichtungen<\/strong><\/h2>\n<p data-start=\"2550\" data-end=\"2736\">Jedes OKSO 120k Ger\u00e4t enth\u00e4lt <strong data-start=\"4483\" data-end=\"4502\">10 Geschmackssets<\/strong>, und jedes Set enth\u00e4lt <strong data-start=\"4526\" data-end=\"4545\">3 Grundgeschmacksrichtungen<\/strong> und 3 Kombinationsgeschmacksrichtungen, die einzeln oder als Paarkombinationen verwendet werden k\u00f6nnen. Diese Struktur erm\u00f6glicht Geschmackswechsel ohne Ger\u00e4tewechsel und deckt Frucht-, Eis-, S\u00fc\u00dfigkeiten-, Getr\u00e4nke- und Mischprofile ab, die in europ\u00e4ischen M\u00e4rkten bevorzugt werden.<\/p>\n<p data-start=\"238\" data-end=\"252\">1. Erdbeere Eis \/ Lush Ice \/ Mamba<br data-start=\"290\" data-end=\"293\" \/>Erdbeere Eis + Lush Ice \/ Mamba + Erdbeere Eis \/ Lush Ice + Mamba<\/p>\n<p data-start=\"369\" data-end=\"383\">2. Erdbeer Gummib\u00e4rchen \/ Ananas Eis \/ Blue Razz Limonade<br data-start=\"446\" data-end=\"449\" \/>Erdbeer Gummib\u00e4rchen + Ananas Eis \/ Erdbeer Gummib\u00e4rchen + Blue Razz Limonade \/ Blue Razz Limonade + Ananas Eis<\/p>\n<p data-start=\"575\" data-end=\"589\">3. Blue Razz \/ Zitrone Limette \/ Kirsche Eis<br data-start=\"629\" data-end=\"632\" \/>Blue Razz + Cherry Ice \/ Blue Razz + Lemon Lime \/ Lemon Lime + Cherry Ice<\/p>\n<p data-start=\"712\" data-end=\"726\">4. Kiwi Passionsfrucht Guave \/ Drachenfrucht Ice \/ Heidelbeer Ice<br data-start=\"790\" data-end=\"793\" \/>Kiwi Passionsfrucht Guave + Heidelbeer Ice \/ Kiwi Passionsfrucht Guave + Drachenfrucht Ice \/ Drachenfrucht Ice + Heidelbeer Ice<\/p>\n<p data-start=\"921\" data-end=\"935\">5. Zwei \u00c4pfel \/ Fanta \/ Red Bull<br data-start=\"968\" data-end=\"971\" \/>Zwei \u00c4pfel + Red Bull \/ Zwei \u00c4pfel + Fanta \/ Fanta + Red Bull<\/p>\n<p data-start=\"1037\" data-end=\"1051\">6. Saure Apfel Orange \/ Schwarze Johannisbeere \/ Trauben Ice<br data-start=\"1101\" data-end=\"1104\" \/>Saure Apfel Orange + Trauben Ice \/ Saure Apfel Orange + Schwarze Johannisbeere \/ Schwarze Johannisbeere + Trauben Ice<\/p>\n<p data-start=\"1204\" data-end=\"1218\">7. Erdbeere Wassermelone \/ Mango Ice \/ Pfirsich Ice<br data-start=\"1268\" data-end=\"1271\" \/>Erdbeere Wassermelone + Pfirsich Ice \/ Erdbeere Wassermelone + Mango Ice \/ Mango Ice + Pfirsich Ice<\/p>\n<p data-start=\"1371\" data-end=\"1385\">8. Erdbeere Himbeere \/ Kiwi Frucht \/ Erdbeere Mango<br data-start=\"1442\" data-end=\"1445\" \/>Erdbeere Himbeere + Erdbeere Mango \/ Erdbeere Himbeere + Kiwi Frucht \/ Kiwi Frucht + Erdbeere Mango<\/p>\n<p data-start=\"1559\" data-end=\"1573\">9. Erdbeere Kiwi \/ Frische Minze \/ Heidelbeer Pfirsich Ice<br data-start=\"1627\" data-end=\"1630\" \/>Erdbeere Kiwi + Heidelbeer Pfirsich Ice \/ Erdbeere Kiwi + Frische Minze \/ Frische Minze + Heidelbeer Pfirsich Ice<\/p>\n<p data-start=\"1738\" data-end=\"1753\">10. Apfel Birnen \/ Gemischte Beeren \/ Erdbeere Granatapfel<br data-start=\"1810\" data-end=\"1813\" \/>Apfel Birnen + Erdbeere Granatapfel \/ Apfel Birnen + Gemischte Beeren \/ Gemischte Beeren + Apfel Birnen<\/p>\n<div class=\"flex-shrink-0 flex flex-col relative items-end\">\n<div class=\"pt-0\">\n<div class=\"gizmo-bot-avatar flex h-8 w-8 items-center justify-center overflow-hidden rounded-full\">\n<div class=\"relative p-1 rounded-sm flex items-center justify-center bg-token-main-surface-primary text-token-text-primary h-8 w-8\">\n<h2 data-start=\"1200\" data-end=\"1487\">Vapes Tornado \u2013 Dein Gro\u00dfhandels-Online-Vape-Shop f\u00fcr Top-Vape-Marken<\/h2>\n<p data-start=\"1200\" data-end=\"1487\"><strong data-start=\"141\" data-end=\"177\">Vapes Tornado Online Rauchladen<\/strong> ist Ihre vertrauensw\u00fcrdige Quelle f\u00fcr <strong data-start=\"205\" data-end=\"270\">Premium Einweg-Vapes und Gro\u00dfhandels-E-Zigaretten in Europa<\/strong>. Wir pr\u00e4sentieren Top-Selling-Marken wie <strong data-start=\"307\" data-end=\"362\"><a href=\"https:\/\/vapestornado.com\/de\/product\/randm-12000-puffs-fumot-digital-disposable-vape-wholesale-price\/\">Fumot VAPE<\/a>, <a href=\"https:\/\/vapestornado.com\/de\/product\/original-wga-ultra-35k-35000-puff-rechargeable-crystal-disposable-nicotine-vape-best-discount-price\/\">WGA VAPE<\/a>, <\/strong><strong data-start=\"307\" data-end=\"362\"><a href=\"https:\/\/vapestornado.com\/de\/product\/vozol-gear-shisha-25k-25000-puffs-best-dtl-disposable-vape-hookah-cheap-price\/\">VOZOL BAR VAPE<\/a>, \u00a0 Bang Vape<\/strong>, und mehr, um Qualit\u00e4t und Vielfalt f\u00fcr jeden Kunden zu gew\u00e4hrleisten. Ob Sie ein einzelner Dampfer oder ein Gro\u00dfhandelskunde sind, wir liefern <strong data-start=\"481\" data-end=\"550\">Hochleistungsger\u00e4te, stilvolles Design und wettbewerbsf\u00e4hige Preise<\/strong> um Ihre Bed\u00fcrfnisse zu erf\u00fcllen.<\/p>\n<h2 data-start=\"2064\" data-end=\"2115\">FAQs zum OKSO 120k 120000 Z\u00fcge Einweg-Vape<\/h2>\n<p data-start=\"5010\" data-end=\"5178\"><strong data-start=\"5010\" data-end=\"5059\">1) Ist 120000 Z\u00fcge f\u00fcr jeden Benutzer garantiert?<\/strong><br data-start=\"5059\" data-end=\"5062\" \/>Nein. Die Zuganzahl h\u00e4ngt von Zugl\u00e4nge, H\u00e4ufigkeit und individuellem Nutzungsverhalten ab. Es stellt ein maximales Designziel dar.<\/p>\n<p data-start=\"5180\" data-end=\"5363\"><strong data-start=\"5180\" data-end=\"5227\">2) Was bedeutet 6 in 1 einstellbarer Geschmack?<\/strong><br data-start=\"5227\" data-end=\"5230\" \/>Es bedeutet, dass ein Ger\u00e4t zwischen mehreren Geschmacksoptionen und -kombinationen wechseln kann, um Geschmacksm\u00fcdigkeit bei l\u00e4ngerer Nutzung zu reduzieren.<\/p>\n<p data-start=\"5365\" data-end=\"5536\"><strong data-start=\"5365\" data-end=\"5414\">3) Warum verwendet dieses Ger\u00e4t drei Mesh-Spulen?<\/strong><br data-start=\"5414\" data-end=\"5417\" \/>Die Verwendung mehrerer Mesh-Spulen hilft, die Hitze gleichm\u00e4\u00dfiger zu verteilen und unterst\u00fctzt eine konsistente Dampfausgabe bei l\u00e4ngerer Nutzung.<\/p>\n<p data-start=\"5538\" data-end=\"5709\"><strong data-start=\"5538\" data-end=\"5592\">4) Welche Informationen zeigt das digitale Display an?<\/strong><br data-start=\"5592\" data-end=\"5595\" \/>Das Display zeigt den sichtbaren Ger\u00e4testatus, damit Benutzer Leistungs\u00e4nderungen besser verstehen k\u00f6nnen, anstatt zu raten.<\/p>\n<p data-start=\"5711\" data-end=\"5913\"><strong data-start=\"5711\" data-end=\"5766\">5) Ist dieses Produkt f\u00fcr den Gro\u00dfhandelskauf geeignet?<\/strong><br data-start=\"5766\" data-end=\"5769\" \/>Ja. Das Funktionsset, das stabile Leistungsdesign und die Preisstruktur machen es geeignet f\u00fcr <strong data-start=\"5861\" data-end=\"5883\">Gro\u00dfh\u00e4ndler<\/strong> Vertrieb und Gro\u00dfbestellungen.<\/p>\n<p data-start=\"5915\" data-end=\"6067\" data-is-last-node=\"\" data-is-only-node=\"\">Wenn Sie m\u00f6chten, kann ich auch eine <strong data-start=\"5949\" data-end=\"5974\">verk\u00fcrzte B2B-Auflistung<\/strong>, einem <strong data-start=\"5978\" data-end=\"6007\">technisches Datenblatt nur mit Spezifikationen<\/strong>, oder eine <strong data-start=\"6014\" data-end=\"6041\">marktbezogene Version<\/strong> f\u00fcr verschiedene EU-Regionen vorbereiten.<\/p>\n<\/div>\n<\/div>\n<\/div>\n<\/div>","protected":false},"excerpt":{"rendered":"<p data-start=\"3411\" data-end=\"3490\">Der <strong data-start=\"35\" data-end=\"53\">OKSO 120k Zug<\/strong> ist ein Einweg-Vape mit hoher Kapazit\u00e4t <strong data-start=\"73\" data-end=\"93\">Einweg-Vape<\/strong> liefert bis zu <strong data-start=\"111\" data-end=\"127\">120000 Z\u00fcge<\/strong> mit einem <strong data-start=\"135\" data-end=\"161\">6 in 1 Mehrfachgeschmack<\/strong> einstellbares System. Es verf\u00fcgt \u00fcber ein <strong data-start=\"195\" data-end=\"214\">Digitalanzeige<\/strong>, <strong data-start=\"216\" data-end=\"237\">dreifachen Mesh-Coils<\/strong>, <strong data-start=\"239\" data-end=\"269\">20ml \u00d7 3 E-Liquid-Kapazit\u00e4t<\/strong>, und einem <strong data-start=\"278\" data-end=\"296\">850mAh-Akku<\/strong> f\u00fcr stabile, langfristige Leistung. Entwickelt f\u00fcr erwachsene Nutzer und Gro\u00dfhandelsversorgung, der <strong data-start=\"383\" data-end=\"427\">OKSO 120000 Z\u00fcge Einweg-E-Zigarette<\/strong>\u00a0bietet praktische Geschmackssteuerung bei einem <strong data-start=\"466\" data-end=\"481\">g\u00fcnstige Preis<\/strong>, mit der Option, <strong data-start=\"502\" data-end=\"516\">online zu kaufen<\/strong> bei einem vertrauensw\u00fcrdigen Gro\u00dfh\u00e4ndler.<\/p>\n<p><strong>F\u00fcgen Sie Amys WhatsApp hinzu, um eine korrekte Antwort und einen Rabattpreis zu erhalten!<\/strong><\/p>\n<p><img fetchpriority=\"high\" decoding=\"async\" class=\"size-full wp-image-2932\" src=\"https:\/\/vapestornado.com\/wp-content\/uploads\/2024\/12\/Vape-Wholesale.jpg\" alt=\"Vape-Gro\u00dfhandel\" width=\"229\" height=\"300\" \/><\/p>\n<h3><a href=\"https:\/\/wa.me\/8617776015835\"><span style=\"color: #ff0000;\"><strong>WhatsApp: +86 17776015835<\/strong><\/span><\/a><\/h3>","protected":false},"featured_media":4707,"comment_status":"open","ping_status":"closed","template":"","meta":{"_acf_changed":false,"_uag_custom_page_level_css":"","_lmt_disableupdate":"no","_lmt_disable":"","_monsterinsights_skip_tracking":false,"_monsterinsights_sitenote_active":false,"_monsterinsights_sitenote_note":"","_monsterinsights_sitenote_category":0,"site-sidebar-layout":"default","site-content-layout":"","ast-site-content-layout":"default","site-content-style":"default","site-sidebar-style":"default","ast-global-header-display":"","ast-banner-title-visibility":"","ast-main-header-display":"","ast-hfb-above-header-display":"","ast-hfb-below-header-display":"","ast-hfb-mobile-header-display":"","site-post-title":"","ast-breadcrumbs-content":"","ast-featured-img":"","footer-sml-layout":"","ast-disable-related-posts":"","theme-transparent-header-meta":"default","adv-header-id-meta":"","stick-header-meta":"","header-above-stick-meta":"","header-main-stick-meta":"","header-below-stick-meta":"","astra-migrate-meta-layouts":"set","ast-page-background-enabled":"default","ast-page-background-meta":{"desktop":{"background-color":"","background-image":"","background-repeat":"repeat","background-position":"center center","background-size":"auto","background-attachment":"scroll","background-type":"","background-media":"","overlay-type":"","overlay-color":"","overlay-opacity":"","overlay-gradient":""},"tablet":{"background-color":"","background-image":"","background-repeat":"repeat","background-position":"center center","background-size":"auto","background-attachment":"scroll","background-type":"","background-media":"","overlay-type":"","overlay-color":"","overlay-opacity":"","overlay-gradient":""},"mobile":{"background-color":"","background-image":"","background-repeat":"repeat","background-position":"center center","background-size":"auto","background-attachment":"scroll","background-type":"","background-media":"","overlay-type":"","overlay-color":"","overlay-opacity":"","overlay-gradient":""}},"ast-content-background-meta":{"desktop":{"background-color":"var(--ast-global-color-5)","background-image":"","background-repeat":"repeat","background-position":"center center","background-size":"auto","background-attachment":"scroll","background-type":"","background-media":"","overlay-type":"","overlay-color":"","overlay-opacity":"","overlay-gradient":""},"tablet":{"background-color":"var(--ast-global-color-5)","background-image":"","background-repeat":"repeat","background-position":"center center","background-size":"auto","background-attachment":"scroll","background-type":"","background-media":"","overlay-type":"","overlay-color":"","overlay-opacity":"","overlay-gradient":""},"mobile":{"background-color":"var(--ast-global-color-5)","background-image":"","background-repeat":"repeat","background-position":"center center","background-size":"auto","background-attachment":"scroll","background-type":"","background-media":"","overlay-type":"","overlay-color":"","overlay-opacity":"","overlay-gradient":""}},"_joinchat":[]},"product_brand":[],"product_cat":[347,153,158,142,144,146,60],"product_tag":[387,287,503,502,501,393],"class_list":{"0":"post-4702","1":"product","2":"type-product","3":"status-publish","4":"has-post-thumbnail","6":"product_cat-120000-puff","7":"product_cat-buy-disposable-vapes-in-italy","8":"product_cat-buy-disposable-vapes-in-spain","9":"product_cat-digital-box-disposable-vapes","10":"product_cat-low-nicotine-disposable-vapes","11":"product_cat-rechargeable-disposable-vapes","12":"product_cat-waspe-fihp-vape","13":"product_tag-cigarette-vapor","14":"product_tag-disposable-vape-pen","15":"product_tag-multi-flavor-disposable-vape","16":"product_tag-okso-120000-puff","17":"product_tag-okso-120k","18":"product_tag-vape-cartridge","19":"desktop-align-left","20":"tablet-align-left","21":"mobile-align-left","23":"first","24":"instock","25":"sale","26":"shipping-taxable","27":"purchasable","28":"product-type-simple"},"acf":[],"uagb_featured_image_src":{"full":["https:\/\/vapestornado.com\/wp-content\/uploads\/2025\/12\/OKSO-120K-120000-Puff-Disposable-Vaper.webp",800,800,false],"thumbnail":["https:\/\/vapestornado.com\/wp-content\/uploads\/2025\/12\/OKSO-120K-120000-Puff-Disposable-Vaper-150x150.webp",150,150,true],"medium":["https:\/\/vapestornado.com\/wp-content\/uploads\/2025\/12\/OKSO-120K-120000-Puff-Disposable-Vaper-300x300.webp",300,300,true],"medium_large":["https:\/\/vapestornado.com\/wp-content\/uploads\/2025\/12\/OKSO-120K-120000-Puff-Disposable-Vaper-768x768.webp",768,768,true],"large":["https:\/\/vapestornado.com\/wp-content\/uploads\/2025\/12\/OKSO-120K-120000-Puff-Disposable-Vaper.webp",800,800,false],"1536x1536":["https:\/\/vapestornado.com\/wp-content\/uploads\/2025\/12\/OKSO-120K-120000-Puff-Disposable-Vaper.webp",800,800,false],"2048x2048":["https:\/\/vapestornado.com\/wp-content\/uploads\/2025\/12\/OKSO-120K-120000-Puff-Disposable-Vaper.webp",800,800,false],"trp-custom-language-flag":["https:\/\/vapestornado.com\/wp-content\/uploads\/2025\/12\/OKSO-120K-120000-Puff-Disposable-Vaper-12x12.webp",12,12,true],"woocommerce_thumbnail":["https:\/\/vapestornado.com\/wp-content\/uploads\/2025\/12\/OKSO-120K-120000-Puff-Disposable-Vaper-300x300.webp",300,300,true],"woocommerce_single":["https:\/\/vapestornado.com\/wp-content\/uploads\/2025\/12\/OKSO-120K-120000-Puff-Disposable-Vaper-600x600.webp",600,600,true],"woocommerce_gallery_thumbnail":["https:\/\/vapestornado.com\/wp-content\/uploads\/2025\/12\/OKSO-120K-120000-Puff-Disposable-Vaper-100x100.webp",100,100,true]},"uagb_author_info":{"display_name":"ESAMY","author_link":"https:\/\/vapestornado.com\/de\/author\/"},"uagb_comment_info":0,"uagb_excerpt":"The OKSO 120k Puff is a high-capacity Disposable Vaper delivering up to 120000 puffs with a 6 in 1 multiple flavor adjustable system. It features a digital display, triple mesh coils, 20ml \u00d7 3 e-liquid capacity, and an 850mAh battery for stable, long-term performance. Designed for adult users and wholesale supply, the OKSO 120000 Puffs&hellip;","_links":{"self":[{"href":"https:\/\/vapestornado.com\/de\/wp-json\/wp\/v2\/product\/4702","targetHints":{"allow":["GET"]}}],"collection":[{"href":"https:\/\/vapestornado.com\/de\/wp-json\/wp\/v2\/product"}],"about":[{"href":"https:\/\/vapestornado.com\/de\/wp-json\/wp\/v2\/types\/product"}],"replies":[{"embeddable":true,"href":"https:\/\/vapestornado.com\/de\/wp-json\/wp\/v2\/comments?post=4702"}],"wp:featuredmedia":[{"embeddable":true,"href":"https:\/\/vapestornado.com\/de\/wp-json\/wp\/v2\/media\/4707"}],"wp:attachment":[{"href":"https:\/\/vapestornado.com\/de\/wp-json\/wp\/v2\/media?parent=4702"}],"wp:term":[{"taxonomy":"product_brand","embeddable":true,"href":"https:\/\/vapestornado.com\/de\/wp-json\/wp\/v2\/product_brand?post=4702"},{"taxonomy":"product_cat","embeddable":true,"href":"https:\/\/vapestornado.com\/de\/wp-json\/wp\/v2\/product_cat?post=4702"},{"taxonomy":"product_tag","embeddable":true,"href":"https:\/\/vapestornado.com\/de\/wp-json\/wp\/v2\/product_tag?post=4702"}],"curies":[{"name":"wp","href":"https:\/\/api.w.org\/{rel}","templated":true}]}}