{"id":4603,"date":"2025-11-28T07:57:59","date_gmt":"2025-11-28T07:57:59","guid":{"rendered":"https:\/\/vapestornado.com\/?post_type=product&#038;p=4603"},"modified":"2025-11-28T08:20:23","modified_gmt":"2025-11-28T08:20:23","slug":"airmez-fox-80000-puffs-2-in-1-best-80k-vape-wholesale-eu-warehouse","status":"publish","type":"product","link":"https:\/\/vapestornado.com\/de\/product\/airmez-fox-80000-puffs-2-in-1-best-80k-vape-wholesale-eu-warehouse\/","title":{"rendered":"Airmez Fox 80000 Z\u00fcge 2-in-1 Beste 80k Vape Gro\u00dfhandel EU-Lager"},"content":{"rendered":"<h2 data-pm-slice=\"1 1 []\">Airmez Fox 80000 Z\u00fcge 2-in-1 Kristall Einweg-Vape EU-Gro\u00dfhandel<\/h2>\n<p data-start=\"663\" data-end=\"1062\">Der <strong data-start=\"667\" data-end=\"693\">Airmez Fox 80000 Z\u00fcge<\/strong> ist ein kompaktes, hochkapazitives <strong data-start=\"722\" data-end=\"755\">Einweg-E-Zigarette mit doppeltem Geschmack<\/strong> entwickelt f\u00fcr europ\u00e4ische H\u00e4ndler, die ein zuverl\u00e4ssiges, langlebiges Ger\u00e4t mit starkem Geschmack suchen. Dieses 2-in-1-System bietet den Nutzern sofortigen Zugriff auf zwei verschiedene Geschmacksprofile in einem Ger\u00e4t, was die <strong data-start=\"966\" data-end=\"984\">Airmez Fox 80k<\/strong> eine ausgezeichnete Wahl f\u00fcr Kunden macht, die Vielfalt ohne Ger\u00e4tewechsel w\u00fcnschen.<\/p>\n<p data-start=\"1064\" data-end=\"1435\">Jedes Ger\u00e4t ist vorgef\u00fcllt mit <strong data-start=\"1094\" data-end=\"1114\">30 ml E-Liquid<\/strong> (15ml pro Geschmack) und betrieben von einem <strong data-start=\"1151\" data-end=\"1189\">wiederaufladbare 650mAh Typ-C Akku<\/strong>, der eine gleichm\u00e4\u00dfige Ausgabe liefert, geeignet f\u00fcr den gesamten 80.000-Z\u00fcge-Zyklus. Das <strong data-start=\"1267\" data-end=\"1285\">1.0\u03a9 Mesh-Spule<\/strong> produziert sanften Dampf, stabile Kehlenachwirkung und zuverl\u00e4ssige Geschmackleistung, die gut mit den Verbraucherpr\u00e4ferenzen in den wichtigsten EU-M\u00e4rkten \u00fcbereinstimmt.<\/p>\n<p data-start=\"1437\" data-end=\"1897\">Ein helles LED-Display zeigt den Batteriestatus und den E-Liquid-Stand in Echtzeit an, was Unsicherheiten reduziert und die Benutzerzufriedenheit erh\u00f6ht. H\u00e4ndler profitieren von konstanten Wiederholungsk\u00e4ufen und vereinfachter Lagerverwaltung, insbesondere bei schnellem Absatz durch unser <strong data-start=\"1680\" data-end=\"1701\">Vape EU-Lager<\/strong>. Dank seines Kristall-Designs hebt sich der Airmez Fox 80000 auch optisch hervor und spricht j\u00fcngere erwachsene K\u00e4ufer im Alter von 25\u201335 Jahren an, die ein hochwertig wirkendes Ger\u00e4t in der Kategorie 80k Zug suchen.<\/p>\n<p data-start=\"1899\" data-end=\"2203\">F\u00fcr Gro\u00dfh\u00e4ndler passt der Airmez Fox 80k nahtlos in bestehende Hoch-Zug-Produktlinien und dient als starkes Mid-Premium-SKU im <strong data-start=\"2032\" data-end=\"2048\">Kristall-Vape<\/strong> Segment. Das Dual-Geschmacks-Format, die gro\u00dfe Tankgr\u00f6\u00dfe und die lange Lebensdauer machen ihn zu einer der praktischsten Optionen f\u00fcr Gro\u00dfbestellungen in der Klasse der 80.000 Z\u00fcge.<\/p>\n<p data-start=\"666\" data-end=\"1235\"><strong style=\"font-size: 16px;\"><span style=\"color: #ff0000;\">macht.<\/span><\/strong><\/p>\n<p><img fetchpriority=\"high\" decoding=\"async\" class=\"size-full wp-image-2932\" src=\"https:\/\/vapestornado.com\/wp-content\/uploads\/2024\/12\/Vape-Wholesale.jpg\" alt=\"Vape-Gro\u00dfhandel\" width=\"229\" height=\"300\" \/><\/p>\n<h3><a href=\"https:\/\/wa.me\/8617776015835\" target=\"_blank\" rel=\"noopener\"><span style=\"color: #ff0000;\"><strong>WhatsApp: +86 17776015835<\/strong><\/span><\/a><\/h3>\n<p>&nbsp;<\/p>\n<h2><strong>Airmez Fox 80000 Z\u00fcge Einweg-Vapes Geschmacksliste<\/strong><\/h2>\n<ul>\n<li data-start=\"2691\" data-end=\"2752\">\n<p data-start=\"2693\" data-end=\"2752\"><strong data-start=\"2693\" data-end=\"2715\">Duale Geschmacksschalter<\/strong> mit zwei Geschmacksrichtungen in jedem Ger\u00e4t.<\/p>\n<\/li>\n<li data-start=\"2753\" data-end=\"2814\">\n<p data-start=\"2755\" data-end=\"2814\"><strong data-start=\"2755\" data-end=\"2777\">Bis zu 80.000 Z\u00fcge<\/strong> f\u00fcr verl\u00e4ngerten, wartungsarmen Gebrauch.<\/p>\n<\/li>\n<li data-start=\"2815\" data-end=\"2862\">\n<p data-start=\"2817\" data-end=\"2862\"><strong data-start=\"2817\" data-end=\"2840\">Gesamtf\u00fcllmenge 30ml<\/strong> (15ml pro Geschmack).<\/p>\n<\/li>\n<li data-start=\"2863\" data-end=\"2926\">\n<p data-start=\"2865\" data-end=\"2926\"><strong data-start=\"2865\" data-end=\"2883\">1.0\u03a9 Mesh-Spule<\/strong> f\u00fcr starken, gleichm\u00e4\u00dfigen Geschmack.<\/p>\n<\/li>\n<li data-start=\"2927\" data-end=\"2984\">\n<p data-start=\"2929\" data-end=\"2984\"><strong data-start=\"2929\" data-end=\"2955\">650mAh Typ-C-Ladung<\/strong> zur Aufrechterhaltung eines stabilen Outputs.<\/p>\n<\/li>\n<li data-start=\"2985\" data-end=\"3040\">\n<p data-start=\"2987\" data-end=\"3040\"><strong data-start=\"2987\" data-end=\"3012\">LED-Bildschirmanzeigen<\/strong> f\u00fcr Batterie und E-Liquid.<\/p>\n<\/li>\n<li data-start=\"3041\" data-end=\"3100\">\n<p data-start=\"3043\" data-end=\"3100\"><strong data-start=\"3043\" data-end=\"3072\">Kristallartiges Geh\u00e4usedesign<\/strong> f\u00fcr hochwertige Regalattraktivit\u00e4t.<\/p>\n<\/li>\n<li data-start=\"3101\" data-end=\"3165\">\n<p data-start=\"3103\" data-end=\"3165\"><strong data-start=\"3103\" data-end=\"3132\">Verf\u00fcgbarkeit im EU-Lager<\/strong> f\u00fcr schnelle Gro\u00dfhandelsabwicklung.<\/p>\n<\/li>\n<\/ul>\n<figure id=\"attachment_4605\" aria-describedby=\"caption-attachment-4605\" style=\"width: 800px\" class=\"wp-caption alignnone\"><img decoding=\"async\" class=\"wp-image-4605 size-full\" src=\"https:\/\/vapestornado.com\/wp-content\/uploads\/2025\/11\/Airmez-FOX-2IN1-80K-Dual-Flavors-Disposable-Vapor.webp\" alt=\"Airmez FOX 2IN1 80K Dual Geschmacks Einweg-Dampfger\u00e4t\" width=\"800\" height=\"800\" srcset=\"https:\/\/vapestornado.com\/wp-content\/uploads\/2025\/11\/Airmez-FOX-2IN1-80K-Dual-Flavors-Disposable-Vapor.webp 800w, https:\/\/vapestornado.com\/wp-content\/uploads\/2025\/11\/Airmez-FOX-2IN1-80K-Dual-Flavors-Disposable-Vapor-300x300.webp 300w, https:\/\/vapestornado.com\/wp-content\/uploads\/2025\/11\/Airmez-FOX-2IN1-80K-Dual-Flavors-Disposable-Vapor-150x150.webp 150w, https:\/\/vapestornado.com\/wp-content\/uploads\/2025\/11\/Airmez-FOX-2IN1-80K-Dual-Flavors-Disposable-Vapor-768x768.webp 768w, https:\/\/vapestornado.com\/wp-content\/uploads\/2025\/11\/Airmez-FOX-2IN1-80K-Dual-Flavors-Disposable-Vapor-12x12.webp 12w, https:\/\/vapestornado.com\/wp-content\/uploads\/2025\/11\/Airmez-FOX-2IN1-80K-Dual-Flavors-Disposable-Vapor-600x600.webp 600w, https:\/\/vapestornado.com\/wp-content\/uploads\/2025\/11\/Airmez-FOX-2IN1-80K-Dual-Flavors-Disposable-Vapor-100x100.webp 100w\" sizes=\"(max-width: 800px) 100vw, 800px\" \/><figcaption id=\"caption-attachment-4605\" class=\"wp-caption-text\">Airmez FOX 2IN1 80K Dual Geschmacks Einweg-Dampfger\u00e4t<\/figcaption><\/figure>\n<h2><strong>Was macht den Airmez Fox 80000 Z\u00fcge Einweg-Vape-Stift aus?<\/strong><\/h2>\n<ol data-start=\"2243\" data-end=\"2640\">\n<li data-start=\"2243\" data-end=\"2296\">\n<p data-start=\"2246\" data-end=\"2296\"><strong data-start=\"2246\" data-end=\"2294\">Erdbeere Wassermelone \/ Erdbeere Himbeere<\/strong><\/p>\n<\/li>\n<li data-start=\"2297\" data-end=\"2336\">\n<p data-start=\"2300\" data-end=\"2336\"><strong data-start=\"2300\" data-end=\"2334\">Blaue Razz Limonade \/ Blue Razz<\/strong><\/p>\n<\/li>\n<li data-start=\"2337\" data-end=\"2384\">\n<p data-start=\"2340\" data-end=\"2384\"><strong data-start=\"2340\" data-end=\"2382\">Blaubeere auf Eis \/ Blaubeere Himbeere<\/strong><\/p>\n<\/li>\n<li data-start=\"2385\" data-end=\"2426\">\n<p data-start=\"2388\" data-end=\"2426\"><strong data-start=\"2388\" data-end=\"2424\">Erdbeere Kiwi \/ Erdbeere Eis<\/strong><\/p>\n<\/li>\n<li data-start=\"2427\" data-end=\"2473\">\n<p data-start=\"2430\" data-end=\"2473\"><strong data-start=\"2430\" data-end=\"2471\">Wassermelone Eis \/ Himbeere Wassermelone<\/strong><\/p>\n<\/li>\n<li data-start=\"2474\" data-end=\"2510\">\n<p data-start=\"2477\" data-end=\"2510\"><strong data-start=\"2477\" data-end=\"2508\">Beeren Limonade \/ Zitrone Limette<\/strong><\/p>\n<\/li>\n<li data-start=\"2511\" data-end=\"2544\">\n<p data-start=\"2514\" data-end=\"2544\"><strong data-start=\"2514\" data-end=\"2542\">Tropische Frucht \/ Love 66<\/strong><\/p>\n<\/li>\n<li data-start=\"2545\" data-end=\"2577\">\n<p data-start=\"2548\" data-end=\"2577\"><strong data-start=\"2548\" data-end=\"2575\">Pfirsich Eis \/ Mango Pfirsich<\/strong><\/p>\n<\/li>\n<li data-start=\"2578\" data-end=\"2610\">\n<p data-start=\"2581\" data-end=\"2610\"><strong data-start=\"2581\" data-end=\"2608\">Gemischte Beeren \/ Dr Blue<\/strong><\/p>\n<\/li>\n<li data-start=\"2611\" data-end=\"2640\">\n<p data-start=\"2615\" data-end=\"2640\"><strong data-start=\"2615\" data-end=\"2640\">Traube Eis \/ Schwarze Eis<\/strong><\/p>\n<\/li>\n<\/ol>\n<h3 data-start=\"168\" data-end=\"239\"><strong data-start=\"172\" data-end=\"239\">Airmez Fox 80K vs Airmez Fox 120K \u2014 Welcher passt zu Ihrem Markt?<\/strong><\/h3>\n<p data-start=\"241\" data-end=\"1149\">Beim Vergleich der <strong data-start=\"260\" data-end=\"278\">Airmez Fox 80K<\/strong> mit dem <strong data-start=\"288\" data-end=\"307\">Airmez Fox 120K<\/strong>, kommt der entscheidende Unterschied auf die Puffkapazit\u00e4t und die Geschmacksvielfalt an. <strong data-start=\"380\" data-end=\"398\">Airmez Fox 80K<\/strong> ist f\u00fcr K\u00e4ufer konzipiert, die ein <em data-start=\"430\" data-end=\"470\">kompaktes, doppelt aromatisiertes Einweg-Vape<\/em> mit insgesamt 30 ml E-Liquid und einem klaren Mesh-Spulengeschmack suchen, ideal f\u00fcr Gro\u00dfhandelsbestellungen mit hoher Umschlagsh\u00e4ufigkeit, die auf schnelllebige Convenience-Shops abzielen. Andererseits <strong data-start=\"636\" data-end=\"655\">Airmez Fox 120K<\/strong> bietet eine deutlich h\u00f6here Puff-Anzahl mit einem Mehrfach-Aromen-Setup und einem gr\u00f6\u00dferen E-Liquid-Beh\u00e4lter, was Langzeitnutzer mehr Vielfalt und Ausdauer bietet. Beide verwenden ein Typ-C-Aufladesystem und ein LED-Display, aber das <strong data-start=\"862\" data-end=\"912\">80K konzentriert sich auf effiziente, allt\u00e4gliche Leistung<\/strong>, w\u00e4hrend das <strong data-start=\"924\" data-end=\"1019\">120K ist f\u00fcr Kunden konzipiert, die eine verl\u00e4ngerte, hochwertige Session mit mehr Geschmackstiefe w\u00fcnschen<\/strong>. F\u00fcr Gro\u00dfhandelskunden ist die Wahl einfach: <strong data-start=\"1065\" data-end=\"1100\">Airmez Fox 80K f\u00fcr Volumenverk\u00e4ufe<\/strong>, <strong data-start=\"1102\" data-end=\"1148\"><a href=\"https:\/\/vapestornado.com\/de\/product\/airmez-fox-120000-puffs-4-flavour-big-puff-disposable-vape-pen-shop-eu-warehouse\/\">Airmez Fox 120K<\/a> f\u00fcr Premium-Upsell-Margen<\/strong>.<\/p>\n<h2>Warum Vapestornado f\u00fcr den Online-Kauf von Einweg-Vapes w\u00e4hlen?<\/h2>\n<div class=\"flex-shrink-0 flex flex-col relative items-end\">\n<div class=\"pt-0\">\n<div class=\"gizmo-bot-avatar flex h-8 w-8 items-center justify-center overflow-hidden rounded-full\">\n<div class=\"relative p-1 rounded-sm flex items-center justify-center bg-token-main-surface-primary text-token-text-primary h-8 w-8\">\n<p data-start=\"136\" data-end=\"686\">Auswahl <strong data-start=\"145\" data-end=\"161\">Vapestornado<\/strong> als Ihre vertrauensw\u00fcrdige Quelle f\u00fcr die <strong data-start=\"193\" data-end=\"227\">Elf Bar Moon Night 40000 Z\u00fcge<\/strong> bedeutet die Zusammenarbeit mit einem Anbieter, der die Anforderungen von Gro\u00dfh\u00e4ndlern und Einzelh\u00e4ndlern in Deutschland wirklich versteht. Wir priorisieren <strong data-start=\"343\" data-end=\"409\">schnellen Versand, verifizierten Lagerbestand und stabile langfristige Versorgung<\/strong>, um sicherzustellen, dass Sie niemals Lagerengp\u00e4sse haben \u2013 insbesondere bei Hochvolumenartikeln wie dem <a href=\"https:\/\/vapestornado.com\/de\/product\/airmez-140k-puff-6-in-1-flavor-disposable-vape-wholesale-disposable-vape-pen-eu-warehouse\/\">Airmez 140k 6 in 1 ,<\/a>\u00a0<a href=\"https:\/\/vapestornado.com\/de\/product\/bang-legend-150000-puffs-6-in-1-flavor-newest-disposable-vape\/\">HiFancy Space 50000, Bang Legend 150k <\/a>Alle Produkte stammen aus zertifizierten Kan\u00e4len, was Ihnen <strong data-start=\"582\" data-end=\"651\">authentische Qualit\u00e4t, konsistente Geschmacksleistung und Zuverl\u00e4ssigkeit bietet<\/strong> das den Erwartungen des EU-Marktes entspricht.<\/p>\n<\/div>\n<h2>FAQS \u00fcber Airmez Fox 80000 Puff Bar<\/h2>\n<div class=\"relative p-1 rounded-sm flex items-center justify-center bg-token-main-surface-primary text-token-text-primary h-8 w-8\">\n<p data-start=\"3200\" data-end=\"3383\"><strong data-start=\"3200\" data-end=\"3262\">1. Wie wechsle ich die Geschmacksrichtungen beim Airmez Fox 80000 Puffs?<\/strong><br data-start=\"3262\" data-end=\"3265\" \/>Das Ger\u00e4t verwendet ein einfaches Zweikanalsystem\u2014Benutzer wechseln die Geschmacksrichtungen \u00fcber den oberen Selector, ohne das Ger\u00e4t neu starten zu m\u00fcssen.<\/p>\n<p data-start=\"3385\" data-end=\"3533\"><strong data-start=\"3385\" data-end=\"3438\">2. Wie lange h\u00e4lt der Airmez Fox 80k normalerweise?<\/strong><br data-start=\"3438\" data-end=\"3441\" \/>Mit einer Kapazit\u00e4t von 80.000 Puffs bietet es einen langen Nutzungszyklus, abh\u00e4ngig von den individuellen Dampfergewohnheiten.<\/p>\n<p data-start=\"3535\" data-end=\"3651\"><strong data-start=\"3535\" data-end=\"3587\">3. Unterst\u00fctzt der Airmez Fox 80000 das Aufladen?<\/strong><br data-start=\"3587\" data-end=\"3590\" \/>Ja, es verf\u00fcgt \u00fcber einen Type-C-Ladeanschluss und eine 650mAh Batterie.<\/p>\n<p data-start=\"3653\" data-end=\"3769\"><strong data-start=\"3653\" data-end=\"3703\">4. Welche Informationen zeigt das LED-Display an?<\/strong><br data-start=\"3703\" data-end=\"3706\" \/>Batteriestand und verbleibendes E-Liquid f\u00fcr beide Geschmacksr\u00e4ume.<\/p>\n<p data-start=\"3771\" data-end=\"3934\"><strong data-start=\"3771\" data-end=\"3834\">5. Kann der Airmez Fox 80k aus dem EU-Lager versendet werden?<\/strong><br data-start=\"3834\" data-end=\"3837\" \/>Ja, Gro\u00dfh\u00e4ndler k\u00f6nnen eine schnelle und steuerlich effiziente Erf\u00fcllung \u00fcber unser <strong data-start=\"3912\" data-end=\"3933\">Vape EU-Lager<\/strong>.<\/p>\n<\/div>\n<\/div>\n<\/div>\n<\/div>","protected":false},"excerpt":{"rendered":"<article class=\"text-token-text-primary w-full focus:outline-none [--shadow-height:45px] has-data-writing-block:pointer-events-none has-data-writing-block:-mt-(--shadow-height) has-data-writing-block:pt-(--shadow-height) [&amp;:has([data-writing-block])&gt;*]:pointer-events-auto [content-visibility:auto] supports-[content-visibility:auto]:[contain-intrinsic-size:auto_100lvh] scroll-mt-[calc(var(--header-height)+min(200px,max(70px,20svh)))]\" dir=\"auto\" tabindex=\"-1\" data-turn-id=\"86ca9d92-7a10-4e6b-bda0-15f9df36adca\" data-testid=\"conversation-turn-120\" data-scroll-anchor=\"true\" data-turn=\"assistant\">\n<div class=\"text-base my-auto mx-auto pb-10 [--thread-content-margin:--spacing(4)] thread-sm:[--thread-content-margin:--spacing(6)] thread-lg:[--thread-content-margin:--spacing(16)] px-(--thread-content-margin)\">\n<div class=\"[--thread-content-max-width:40rem] thread-lg:[--thread-content-max-width:48rem] mx-auto max-w-(--thread-content-max-width) flex-1 group\/turn-messages focus-visible:outline-hidden relative flex w-full min-w-0 flex-col agent-turn\" tabindex=\"-1\">\n<div class=\"flex max-w-full flex-col grow\">\n<div class=\"min-h-8 text-message relative flex w-full flex-col items-end gap-2 text-start break-words whitespace-normal [.text-message+&amp;]:mt-1\" dir=\"auto\" data-message-author-role=\"assistant\" data-message-id=\"43b070d6-bf28-4fbe-8049-1032a61ea3ac\" data-message-model-slug=\"gpt-5\">\n<div class=\"flex w-full flex-col gap-1 empty:hidden first:pt-[1px]\">\n<div class=\"markdown prose dark:prose-invert w-full break-words light markdown-new-styling\">\n<article class=\"text-token-text-primary w-full focus:outline-none [--shadow-height:45px] has-data-writing-block:pointer-events-none has-data-writing-block:-mt-(--shadow-height) has-data-writing-block:pt-(--shadow-height) [&amp;:has([data-writing-block])&gt;*]:pointer-events-auto [content-visibility:auto] supports-[content-visibility:auto]:[contain-intrinsic-size:auto_100lvh] scroll-mt-[calc(var(--header-height)+min(200px,max(70px,20svh)))]\" dir=\"auto\" tabindex=\"-1\" data-turn-id=\"4d6f00b8-d41a-438b-8912-05a895842882\" data-testid=\"conversation-turn-130\" data-scroll-anchor=\"true\" data-turn=\"assistant\">\n<div class=\"text-base my-auto mx-auto pb-10 [--thread-content-margin:--spacing(4)] thread-sm:[--thread-content-margin:--spacing(6)] thread-lg:[--thread-content-margin:--spacing(16)] px-(--thread-content-margin)\">\n<div class=\"[--thread-content-max-width:40rem] thread-lg:[--thread-content-max-width:48rem] mx-auto max-w-(--thread-content-max-width) flex-1 group\/turn-messages focus-visible:outline-hidden relative flex w-full min-w-0 flex-col agent-turn\" tabindex=\"-1\">\n<div class=\"flex max-w-full flex-col grow\">\n<div class=\"min-h-8 text-message relative flex w-full flex-col items-end gap-2 text-start break-words whitespace-normal [.text-message+&amp;]:mt-1\" dir=\"auto\" data-message-author-role=\"assistant\" data-message-id=\"f3c520bf-c043-4392-87ea-b3bf1b3ae6d3\" data-message-model-slug=\"gpt-5-1\">\n<div class=\"flex w-full flex-col gap-1 empty:hidden first:pt-[1px]\">\n<div class=\"markdown prose dark:prose-invert w-full break-words light markdown-new-styling\">\n<p>Airmez Fox 80000 Z\u00fcge 2-in-1 Kristall Vape \u2013 Beste Gro\u00dfhandel 80k aus Lager in der EU<br \/>\nAirmez Fox 80k Dual Flavor Einweg-Vape \u2013 Gro\u00dfbestellung bereit in Europa<br \/>\nAirmez Fox 80000 Z\u00fcge Doppelgeschmacks Kristall Einweg-Stift \u2013 Lagerbestand im EU-Lager<\/p>\n<\/div>\n<\/div>\n<\/div>\n<\/div>\n<\/div>\n<\/div>\n<\/article>\n<\/div>\n<\/div>\n<\/div>\n<\/div>\n<\/div>\n<\/div>\n<\/article>\n<p><img fetchpriority=\"high\" decoding=\"async\" class=\"size-full wp-image-2932\" src=\"https:\/\/vapestornado.com\/wp-content\/uploads\/2024\/12\/Vape-Wholesale.jpg\" alt=\"Vape-Gro\u00dfhandel\" width=\"229\" height=\"300\" \/><\/p>\n<h3><a href=\"https:\/\/wa.me\/8617776015835\"><span style=\"color: #ff0000;\"><strong>WhatsApp: +86 17776015835<\/strong><\/span><\/a><\/h3>\n<p>&nbsp;<\/p>","protected":false},"featured_media":4604,"comment_status":"open","ping_status":"closed","template":"","meta":{"_acf_changed":false,"_uag_custom_page_level_css":"","_lmt_disableupdate":"no","_lmt_disable":"","_monsterinsights_skip_tracking":false,"_monsterinsights_sitenote_active":false,"_monsterinsights_sitenote_note":"","_monsterinsights_sitenote_category":0,"site-sidebar-layout":"default","site-content-layout":"","ast-site-content-layout":"default","site-content-style":"default","site-sidebar-style":"default","ast-global-header-display":"","ast-banner-title-visibility":"","ast-main-header-display":"","ast-hfb-above-header-display":"","ast-hfb-below-header-display":"","ast-hfb-mobile-header-display":"","site-post-title":"","ast-breadcrumbs-content":"","ast-featured-img":"","footer-sml-layout":"","ast-disable-related-posts":"","theme-transparent-header-meta":"default","adv-header-id-meta":"","stick-header-meta":"","header-above-stick-meta":"","header-main-stick-meta":"","header-below-stick-meta":"","astra-migrate-meta-layouts":"set","ast-page-background-enabled":"default","ast-page-background-meta":{"desktop":{"background-color":"","background-image":"","background-repeat":"repeat","background-position":"center center","background-size":"auto","background-attachment":"scroll","background-type":"","background-media":"","overlay-type":"","overlay-color":"","overlay-opacity":"","overlay-gradient":""},"tablet":{"background-color":"","background-image":"","background-repeat":"repeat","background-position":"center center","background-size":"auto","background-attachment":"scroll","background-type":"","background-media":"","overlay-type":"","overlay-color":"","overlay-opacity":"","overlay-gradient":""},"mobile":{"background-color":"","background-image":"","background-repeat":"repeat","background-position":"center center","background-size":"auto","background-attachment":"scroll","background-type":"","background-media":"","overlay-type":"","overlay-color":"","overlay-opacity":"","overlay-gradient":""}},"ast-content-background-meta":{"desktop":{"background-color":"var(--ast-global-color-5)","background-image":"","background-repeat":"repeat","background-position":"center center","background-size":"auto","background-attachment":"scroll","background-type":"","background-media":"","overlay-type":"","overlay-color":"","overlay-opacity":"","overlay-gradient":""},"tablet":{"background-color":"var(--ast-global-color-5)","background-image":"","background-repeat":"repeat","background-position":"center center","background-size":"auto","background-attachment":"scroll","background-type":"","background-media":"","overlay-type":"","overlay-color":"","overlay-opacity":"","overlay-gradient":""},"mobile":{"background-color":"var(--ast-global-color-5)","background-image":"","background-repeat":"repeat","background-position":"center center","background-size":"auto","background-attachment":"scroll","background-type":"","background-media":"","overlay-type":"","overlay-color":"","overlay-opacity":"","overlay-gradient":""}},"_joinchat":{"telephone":"17776015835"}},"product_brand":[],"product_cat":[149,150,151,152,144],"product_tag":[460,458,459,105,446,436,451,455],"class_list":{"0":"post-4603","1":"product","2":"type-product","3":"status-publish","4":"has-post-thumbnail","6":"product_cat-buy-disposable-vapes-in-austria","7":"product_cat-buy-disposable-vapes-in-belgium","8":"product_cat-buy-disposable-vapes-in-france","9":"product_cat-buy-disposable-vapes-in-cermany","10":"product_cat-low-nicotine-disposable-vapes","11":"product_tag-80k-puff-vape","12":"product_tag-airmez-fox-80000","13":"product_tag-airmez-fox-80k","14":"product_tag-digital-disposable-vape","15":"product_tag-disposable-vape-kit","16":"product_tag-shop-vape-online","17":"product_tag-vape-free-shipping","18":"product_tag-vape-pen-eu-warehouse","19":"desktop-align-left","20":"tablet-align-left","21":"mobile-align-left","23":"first","24":"instock","25":"sale","26":"shipping-taxable","27":"purchasable","28":"product-type-simple"},"acf":[],"uagb_featured_image_src":{"full":["https:\/\/vapestornado.com\/wp-content\/uploads\/2025\/11\/80K-Puffs-Double-Taste-LED-Display-Disposable-Vape-Airmez.webp",800,800,false],"thumbnail":["https:\/\/vapestornado.com\/wp-content\/uploads\/2025\/11\/80K-Puffs-Double-Taste-LED-Display-Disposable-Vape-Airmez-150x150.webp",150,150,true],"medium":["https:\/\/vapestornado.com\/wp-content\/uploads\/2025\/11\/80K-Puffs-Double-Taste-LED-Display-Disposable-Vape-Airmez-300x300.webp",300,300,true],"medium_large":["https:\/\/vapestornado.com\/wp-content\/uploads\/2025\/11\/80K-Puffs-Double-Taste-LED-Display-Disposable-Vape-Airmez-768x768.webp",768,768,true],"large":["https:\/\/vapestornado.com\/wp-content\/uploads\/2025\/11\/80K-Puffs-Double-Taste-LED-Display-Disposable-Vape-Airmez.webp",800,800,false],"1536x1536":["https:\/\/vapestornado.com\/wp-content\/uploads\/2025\/11\/80K-Puffs-Double-Taste-LED-Display-Disposable-Vape-Airmez.webp",800,800,false],"2048x2048":["https:\/\/vapestornado.com\/wp-content\/uploads\/2025\/11\/80K-Puffs-Double-Taste-LED-Display-Disposable-Vape-Airmez.webp",800,800,false],"trp-custom-language-flag":["https:\/\/vapestornado.com\/wp-content\/uploads\/2025\/11\/80K-Puffs-Double-Taste-LED-Display-Disposable-Vape-Airmez-12x12.webp",12,12,true],"woocommerce_thumbnail":["https:\/\/vapestornado.com\/wp-content\/uploads\/2025\/11\/80K-Puffs-Double-Taste-LED-Display-Disposable-Vape-Airmez-300x300.webp",300,300,true],"woocommerce_single":["https:\/\/vapestornado.com\/wp-content\/uploads\/2025\/11\/80K-Puffs-Double-Taste-LED-Display-Disposable-Vape-Airmez-600x600.webp",600,600,true],"woocommerce_gallery_thumbnail":["https:\/\/vapestornado.com\/wp-content\/uploads\/2025\/11\/80K-Puffs-Double-Taste-LED-Display-Disposable-Vape-Airmez-100x100.webp",100,100,true]},"uagb_author_info":{"display_name":"ESAMY","author_link":"https:\/\/vapestornado.com\/de\/author\/"},"uagb_comment_info":0,"uagb_excerpt":"Airmez Fox 80000 Puffs 2-in-1 Crystal Vape \u2013 Best 80k Wholesale from EU Warehouse Airmez Fox 80k Dual Flavor Disposable Vape \u2013 Bulk Buy Ready in Europe Airmez Fox 80000 Puffs Double Flavor Crystal Disposable Pen \u2013 EU Warehouse Stock WhatsApp: +86 17776015835 &nbsp;","_links":{"self":[{"href":"https:\/\/vapestornado.com\/de\/wp-json\/wp\/v2\/product\/4603","targetHints":{"allow":["GET"]}}],"collection":[{"href":"https:\/\/vapestornado.com\/de\/wp-json\/wp\/v2\/product"}],"about":[{"href":"https:\/\/vapestornado.com\/de\/wp-json\/wp\/v2\/types\/product"}],"replies":[{"embeddable":true,"href":"https:\/\/vapestornado.com\/de\/wp-json\/wp\/v2\/comments?post=4603"}],"wp:featuredmedia":[{"embeddable":true,"href":"https:\/\/vapestornado.com\/de\/wp-json\/wp\/v2\/media\/4604"}],"wp:attachment":[{"href":"https:\/\/vapestornado.com\/de\/wp-json\/wp\/v2\/media?parent=4603"}],"wp:term":[{"taxonomy":"product_brand","embeddable":true,"href":"https:\/\/vapestornado.com\/de\/wp-json\/wp\/v2\/product_brand?post=4603"},{"taxonomy":"product_cat","embeddable":true,"href":"https:\/\/vapestornado.com\/de\/wp-json\/wp\/v2\/product_cat?post=4603"},{"taxonomy":"product_tag","embeddable":true,"href":"https:\/\/vapestornado.com\/de\/wp-json\/wp\/v2\/product_tag?post=4603"}],"curies":[{"name":"wp","href":"https:\/\/api.w.org\/{rel}","templated":true}]}}