{"id":4596,"date":"2025-11-25T08:25:45","date_gmt":"2025-11-25T08:25:45","guid":{"rendered":"https:\/\/vapestornado.com\/?post_type=product&#038;p=4596"},"modified":"2025-11-25T08:36:27","modified_gmt":"2025-11-25T08:36:27","slug":"airmez-fox-120000-puffs-4-flavour-big-puff-disposable-vape-pen-shop-eu-warehouse","status":"publish","type":"product","link":"https:\/\/vapestornado.com\/de\/product\/airmez-fox-120000-puffs-4-flavour-big-puff-disposable-vape-pen-shop-eu-warehouse\/","title":{"rendered":"AIRMEZ FOX 120.000 Z\u00fcge 4 Geschmacksrichtungen Gro\u00dfe Puff Einweg-Vape-Stift Shop EU-Lager"},"content":{"rendered":"<h2 data-pm-slice=\"1 1 []\">AIRMEZ FOX 120.000 \u2013 4-Geschmacksrichtungen Gro\u00dfe Puff Einweg-Vape-Stift Lagerbestand in der EU<\/h2>\n<p data-start=\"610\" data-end=\"1164\">Der <strong data-start=\"614\" data-end=\"635\">AIRMEZ FOX 120.000<\/strong> ist f\u00fcr Gro\u00dfhandelskunden konzipiert, die eine langlebige, stabil funktionierende <strong data-start=\"712\" data-end=\"740\">Gro\u00dfe Puff Einweg-Vape<\/strong> mit echtem Nutzeranspruch. Jedes Ger\u00e4t integriert <strong data-start=\"787\" data-end=\"818\">vier unabh\u00e4ngige 15ml Tanks<\/strong> mit insgesamt <strong data-start=\"832\" data-end=\"849\">60ml Kapazit\u00e4t<\/strong>, das bis zu <strong data-start=\"868\" data-end=\"885\">120.000 Z\u00fcge<\/strong>\u2014ein klarer Vorteil f\u00fcr Shops, die auf Vielnutzer-Kunden abzielen oder Wiederverk\u00e4ufer, die starke Wiederholungsbestellungen suchen. Das Top-Deckel-Hebel- und Drehsystem erm\u00f6glicht es den Nutzern, Geschmacksrichtungen sofort zu wechseln, was dieses zu den praktischsten <strong data-start=\"1106\" data-end=\"1133\">einstellbaren Geschmacksrichtungen Vapes<\/strong> in der Hochkapazit\u00e4tskategorie macht.<\/p>\n<p data-start=\"1166\" data-end=\"1684\">Angetrieben von einem <strong data-start=\"1179\" data-end=\"1210\">650mAh wiederaufladbarer Akku<\/strong> mit Typ-C Schnellladung, der <strong data-start=\"1242\" data-end=\"1261\">AIRMEZ FOX 120k<\/strong> h\u00e4lt w\u00e4hrend langer Sitzungen eine gleichm\u00e4\u00dfige Leistung aufrecht. Sein <strong data-start=\"1316\" data-end=\"1335\">1.0\u03a9 Mesh-Coils<\/strong> Liefern Sie einen sauberen Geschmack in allen vier Tanks, w\u00e4hrend die <strong data-start=\"1391\" data-end=\"1411\">LCD-Smart-Screen<\/strong> Benutzern einen schnellen \u00dcberblick \u00fcber Batterie und Geschmacksauswahl bietet \u2013 ein wichtiger Punkt, der das Vertrauen der Nutzer erh\u00f6ht und Nachfragen nach dem Verkauf reduziert. F\u00fcr K\u00e4ufer in der EU erm\u00f6glicht die <strong data-start=\"1584\" data-end=\"1605\">Shop EU-Lager<\/strong> k\u00fcrzere Lieferwege, stabile Lagerbest\u00e4nde und eine reibungslosere Gesch\u00e4ftsplanung.<\/p>\n<p data-start=\"1686\" data-end=\"2063\">Der AIRMEZ FOX 120000 ist f\u00fcr Gesch\u00e4fte konzipiert, die ein hochwertiges Ger\u00e4t mit starker Geschmacksleistung, geringem Wartungsaufwand und einer Struktur w\u00fcnschen, die sowohl online als auch in lokalen Gesch\u00e4ften gut verkauft wird. Gro\u00dfpackung (10 St\u00fcck pro Box \/ 100 St\u00fcck pro Karton) macht ihn zu einer effizienten Wahl f\u00fcr H\u00e4ndler, die eine saubere, einheitliche SKU suchen, die sich im aktuellen europ\u00e4ischen Einweg-Vape-Markt schnell verkauft.<\/p>\n<p data-start=\"666\" data-end=\"1235\"><strong style=\"font-size: 16px;\"><span style=\"color: #ff0000;\">macht.<\/span><\/strong><\/p>\n<p><img fetchpriority=\"high\" decoding=\"async\" class=\"size-full wp-image-2932\" src=\"https:\/\/vapestornado.com\/wp-content\/uploads\/2024\/12\/Vape-Wholesale.jpg\" alt=\"Vape-Gro\u00dfhandel\" width=\"229\" height=\"300\" \/><\/p>\n<h3><a href=\"https:\/\/wa.me\/8617776015835\" target=\"_blank\" rel=\"noopener\"><span style=\"color: #ff0000;\"><strong>WhatsApp: +86 17776015835<\/strong><\/span><\/a><\/h3>\n<p>&nbsp;<\/p>\n<h2><strong>Was macht den AIRMEZ FOX 120000 Z\u00fcge Einweg-Vape-Stift besonders?<\/strong><\/h2>\n<ul>\n<li data-start=\"2855\" data-end=\"2918\">\n<p data-start=\"2857\" data-end=\"2918\"><strong data-start=\"2857\" data-end=\"2893\">4-in-1 verstellbares Geschmackssystem<\/strong> f\u00fcr sofortigen Wechsel.<\/p>\n<\/li>\n<li data-start=\"2919\" data-end=\"2981\">\n<p data-start=\"2921\" data-end=\"2981\"><strong data-start=\"2921\" data-end=\"2944\">Gesamtvolumen von 60 mL<\/strong> (15 mL \u00d7 4 Tanks) f\u00fcr l\u00e4ngeren Gebrauch.<\/p>\n<\/li>\n<li data-start=\"2982\" data-end=\"3040\">\n<p data-start=\"2984\" data-end=\"3040\"><strong data-start=\"2984\" data-end=\"3005\">Mesh-Spulen-Heizung<\/strong> f\u00fcr stabile, reiche Geschmacksausgabe.<\/p>\n<\/li>\n<li data-start=\"3041\" data-end=\"3094\">\n<p data-start=\"3043\" data-end=\"3094\"><strong data-start=\"3043\" data-end=\"3066\">650mAh wiederaufladbar<\/strong> Batterie mit Type-C-Anschluss.<\/p>\n<\/li>\n<li data-start=\"3095\" data-end=\"3150\">\n<p data-start=\"3097\" data-end=\"3150\"><strong data-start=\"3097\" data-end=\"3112\">LCD-Display<\/strong> zeigt Batterie und aktiven Geschmack an.<\/p>\n<\/li>\n<li data-start=\"3151\" data-end=\"3214\">\n<p data-start=\"3153\" data-end=\"3214\"><strong data-start=\"3153\" data-end=\"3182\">Gro\u00dfhandelsfertige Verpackung<\/strong>, ideal f\u00fcr den Gro\u00dfvertrieb.<\/p>\n<\/li>\n<li data-start=\"3215\" data-end=\"3294\">\n<p data-start=\"3217\" data-end=\"3294\"><strong data-start=\"3217\" data-end=\"3247\">Schnelle Lieferung aus dem EU-Lager<\/strong> mit 3\u20137 Tagen Ankunft und ohne zus\u00e4tzliche Steuergeb\u00fchren.<\/p>\n<\/li>\n<\/ul>\n<figure id=\"attachment_4590\" aria-describedby=\"caption-attachment-4590\" style=\"width: 800px\" class=\"wp-caption alignnone\"><img decoding=\"async\" class=\"wp-image-4590 size-full\" src=\"https:\/\/vapestornado.com\/wp-content\/uploads\/2025\/11\/Airmez-FOX-4-IN-1-120000-Puff-Bar-EU-Warehouse.webp\" alt=\"Airmez FOX 4 IN 1 120000 Z\u00fcge Bar EU-Lager\" width=\"800\" height=\"800\" srcset=\"https:\/\/vapestornado.com\/wp-content\/uploads\/2025\/11\/Airmez-FOX-4-IN-1-120000-Puff-Bar-EU-Warehouse.webp 800w, https:\/\/vapestornado.com\/wp-content\/uploads\/2025\/11\/Airmez-FOX-4-IN-1-120000-Puff-Bar-EU-Warehouse-300x300.webp 300w, https:\/\/vapestornado.com\/wp-content\/uploads\/2025\/11\/Airmez-FOX-4-IN-1-120000-Puff-Bar-EU-Warehouse-150x150.webp 150w, https:\/\/vapestornado.com\/wp-content\/uploads\/2025\/11\/Airmez-FOX-4-IN-1-120000-Puff-Bar-EU-Warehouse-768x768.webp 768w, https:\/\/vapestornado.com\/wp-content\/uploads\/2025\/11\/Airmez-FOX-4-IN-1-120000-Puff-Bar-EU-Warehouse-12x12.webp 12w, https:\/\/vapestornado.com\/wp-content\/uploads\/2025\/11\/Airmez-FOX-4-IN-1-120000-Puff-Bar-EU-Warehouse-600x600.webp 600w, https:\/\/vapestornado.com\/wp-content\/uploads\/2025\/11\/Airmez-FOX-4-IN-1-120000-Puff-Bar-EU-Warehouse-100x100.webp 100w\" sizes=\"(max-width: 800px) 100vw, 800px\" \/><figcaption id=\"caption-attachment-4590\" class=\"wp-caption-text\">Airmez FOX 4 IN 1 120000 Z\u00fcge Bar EU-Lager<\/figcaption><\/figure>\n<div class=\"mceTemp\"><\/div>\n<h2><strong>LISTE DER GESCHMACKSOPTIONEN DER AIRMEZ FOX 120000 Z\u00fcge Einweg-Vapes<\/strong><\/h2>\n<ol data-start=\"2106\" data-end=\"2809\">\n<li data-start=\"2106\" data-end=\"2191\">\n<p data-start=\"2109\" data-end=\"2191\">Erdbeer Himbeere \/ Erdbeer Kiwi \/ Erdbeer Eis \/ Pfirsich Mango Wassermelone<\/p>\n<\/li>\n<li data-start=\"2192\" data-end=\"2280\">\n<p data-start=\"2195\" data-end=\"2280\">Wassermelone Eis \/ Erdbeer Wassermelone \/ Himbeere Wassermelone \/ Blaubeere Himbeere<\/p>\n<\/li>\n<li data-start=\"2281\" data-end=\"2345\">\n<p data-start=\"2284\" data-end=\"2345\">Pink Limonade \/ Passion Kuss \/ Gemischte Beeren \/ Dreifachbeere<\/p>\n<\/li>\n<li data-start=\"2346\" data-end=\"2396\">\n<p data-start=\"2349\" data-end=\"2396\">Kirsche \/ Love 66 \/ Beeren Limonade \/ Traube Eis<\/p>\n<\/li>\n<li data-start=\"2397\" data-end=\"2465\">\n<p data-start=\"2400\" data-end=\"2465\">Mango Pfirsich \/ Tropische Frucht \/ Pfirsich Eis \/ Saure Mango Ananas<\/p>\n<\/li>\n<li data-start=\"2466\" data-end=\"2528\">\n<p data-start=\"2469\" data-end=\"2528\">Traube Eis \/ Love 66 \/ Blaubeere auf Eis \/ Drachenfrucht Eis<\/p>\n<\/li>\n<li data-start=\"2529\" data-end=\"2596\">\n<p data-start=\"2532\" data-end=\"2596\">Love 66 \/ Kirsche \/ Blaubeere auf Eis \/ Kiwi Passionsfrucht Guave<\/p>\n<\/li>\n<li data-start=\"2597\" data-end=\"2654\">\n<p data-start=\"2600\" data-end=\"2654\">Pfirsich Eis \/ Pink Limonade \/ Wassermelone Eis \/ Dr Blue<\/p>\n<\/li>\n<li data-start=\"2655\" data-end=\"2720\">\n<p data-start=\"2658\" data-end=\"2720\">Roter Mojito \/ Love 66 \/ Gemischte Beeren \/ Erdbeer Wassermelone<\/p>\n<\/li>\n<li data-start=\"2721\" data-end=\"2809\">\n<p data-start=\"2725\" data-end=\"2809\">Pfirsich Mango Wassermelone \/ Blaubeere Kirsche \/ Wassermelone Drachenfrucht \/ Passion Kuss<\/p>\n<\/li>\n<\/ol>\n<h2>Warum Vapestornado f\u00fcr den Online-Kauf von Einweg-Vapes w\u00e4hlen?<\/h2>\n<div class=\"flex-shrink-0 flex flex-col relative items-end\">\n<div class=\"pt-0\">\n<div class=\"gizmo-bot-avatar flex h-8 w-8 items-center justify-center overflow-hidden rounded-full\">\n<div class=\"relative p-1 rounded-sm flex items-center justify-center bg-token-main-surface-primary text-token-text-primary h-8 w-8\">\n<p data-start=\"648\" data-end=\"799\">Auswahl <strong data-start=\"189\" data-end=\"205\">Vapestornado<\/strong> als Ihr Lieferant f\u00fcr <strong data-start=\"227\" data-end=\"261\">Elf Bar Moon Night 40000 Z\u00fcge<\/strong> bedeutet die Sicherung eines Partners, der die Bed\u00fcrfnisse von Gro\u00dfh\u00e4ndlern und Einzelh\u00e4ndlern in Deutschland versteht. Wir konzentrieren uns auf schnelle Lieferung, verifizierten Lagerbestand und stabile langfristige Versorgung\u2014Schl\u00fcsselfaktoren f\u00fcr Unternehmen, die Produkte mit hohem Volumen verkaufen wie das <strong data-start=\"489\" data-end=\"515\">Elf Bar Moon Night 40K<\/strong>. Jede Charge wird direkt aus zertifizierten Kan\u00e4len bezogen, um authentische Produkte, starke Geschmacks-Konsistenz und zuverl\u00e4ssige Qualit\u00e4t zu gew\u00e4hrleisten, die die Erwartungen deutscher K\u00e4ufer erf\u00fcllen.<\/p>\n<p data-start=\"559\" data-end=\"933\" data-is-last-node=\"\" data-is-only-node=\"\">Wir haben auch einige andere beliebte Einweg-Vapes mit Bildschirm wie <a href=\"https:\/\/vapestornado.com\/de\/product\/hifancy-dream-45k-45000-puffs-disposable-vape-kit-fast-shipping-from-eu-warehouse\/\">Hifancy Dream 45k Vape<\/a>, <a href=\"https:\/\/vapestornado.com\/de\/product\/elf-bar-moon-night-40000-puffs-disposable-vape-germany-wholesale\/\">ELF BAR Moon Night 40000 Vape<\/a>, <a href=\"https:\/\/vapestornado.com\/de\/product\/uor-120000-puff-120k-4-flavors-rechargeable-disposable-vape-shop-online\/\">UOR 120000 PUFF 4 in 1<\/a>, und mehr.<\/p>\n<p data-start=\"559\" data-end=\"933\" data-is-last-node=\"\" data-is-only-node=\"\">\n<\/div>\n<h2>FAQS \u00fcber AIRMEZ FOX 120000 Puffs<\/h2>\n<div class=\"relative p-1 rounded-sm flex items-center justify-center bg-token-main-surface-primary text-token-text-primary h-8 w-8\">\n<p data-start=\"3330\" data-end=\"3457\"><strong data-start=\"3330\" data-end=\"3387\">1. Wie wechsle ich die Geschmacksrichtungen beim AIRMEZ FOX 120000?<\/strong><br data-start=\"3387\" data-end=\"3390\" \/>Heben Sie den oberen Tropfenspitze an und drehen Sie ihn, um zum n\u00e4chsten Geschmacksbeh\u00e4lter zu wechseln.<\/p>\n<p data-start=\"3459\" data-end=\"3562\"><strong data-start=\"3459\" data-end=\"3502\">2. Ist der AIRMEZ FOX 120k wiederaufladbar?<\/strong><br data-start=\"3502\" data-end=\"3505\" \/>Ja, er verwendet einen Type-C-Anschluss und eine interne Batterie mit 650mAh.<\/p>\n<p data-start=\"3564\" data-end=\"3691\"><strong data-start=\"3564\" data-end=\"3612\">3. Wie viele Z\u00fcge bietet jeder Geschmack?<\/strong><br data-start=\"3612\" data-end=\"3615\" \/>Jeder Tank bietet etwa 30.000 Z\u00fcge, insgesamt ungef\u00e4hr 120.000.<\/p>\n<p data-start=\"3693\" data-end=\"3813\"><strong data-start=\"3693\" data-end=\"3743\">4. Zeigt der intelligente Bildschirm den E-Liquid-Stand an?<\/strong><br data-start=\"3743\" data-end=\"3746\" \/>Ja, der LCD-Bildschirm zeigt den Batteriestatus und das aktive Aroma an.<\/p>\n<p data-start=\"3815\" data-end=\"3944\"><strong data-start=\"3815\" data-end=\"3866\">5. Kann ich AIRMEZ FOX 120000 aus dem EU-Lager bestellen?<\/strong><br data-start=\"3866\" data-end=\"3869\" \/>Ja, unser <strong data-start=\"3878\" data-end=\"3899\">Shop EU-Lager<\/strong> Service versendet innerhalb von 3\u20137 Tagen in ganz Europa.<\/p>\n<\/div>\n<\/div>\n<\/div>\n<\/div>","protected":false},"excerpt":{"rendered":"<article class=\"text-token-text-primary w-full focus:outline-none [--shadow-height:45px] has-data-writing-block:pointer-events-none has-data-writing-block:-mt-(--shadow-height) has-data-writing-block:pt-(--shadow-height) [&amp;:has([data-writing-block])&gt;*]:pointer-events-auto [content-visibility:auto] supports-[content-visibility:auto]:[contain-intrinsic-size:auto_100lvh] scroll-mt-[calc(var(--header-height)+min(200px,max(70px,20svh)))]\" dir=\"auto\" tabindex=\"-1\" data-turn-id=\"86ca9d92-7a10-4e6b-bda0-15f9df36adca\" data-testid=\"conversation-turn-120\" data-scroll-anchor=\"true\" data-turn=\"assistant\">\n<div class=\"text-base my-auto mx-auto pb-10 [--thread-content-margin:--spacing(4)] thread-sm:[--thread-content-margin:--spacing(6)] thread-lg:[--thread-content-margin:--spacing(16)] px-(--thread-content-margin)\">\n<div class=\"[--thread-content-max-width:40rem] thread-lg:[--thread-content-max-width:48rem] mx-auto max-w-(--thread-content-max-width) flex-1 group\/turn-messages focus-visible:outline-hidden relative flex w-full min-w-0 flex-col agent-turn\" tabindex=\"-1\">\n<div class=\"flex max-w-full flex-col grow\">\n<div class=\"min-h-8 text-message relative flex w-full flex-col items-end gap-2 text-start break-words whitespace-normal [.text-message+&amp;]:mt-1\" dir=\"auto\" data-message-author-role=\"assistant\" data-message-id=\"43b070d6-bf28-4fbe-8049-1032a61ea3ac\" data-message-model-slug=\"gpt-5\">\n<div class=\"flex w-full flex-col gap-1 empty:hidden first:pt-[1px]\">\n<div class=\"markdown prose dark:prose-invert w-full break-words light markdown-new-styling\">\n<article class=\"text-token-text-primary w-full focus:outline-none [--shadow-height:45px] has-data-writing-block:pointer-events-none has-data-writing-block:-mt-(--shadow-height) has-data-writing-block:pt-(--shadow-height) [&amp;:has([data-writing-block])&gt;*]:pointer-events-auto [content-visibility:auto] supports-[content-visibility:auto]:[contain-intrinsic-size:auto_100lvh] scroll-mt-[calc(var(--header-height)+min(200px,max(70px,20svh)))]\" dir=\"auto\" tabindex=\"-1\" data-turn-id=\"4d6f00b8-d41a-438b-8912-05a895842882\" data-testid=\"conversation-turn-130\" data-scroll-anchor=\"true\" data-turn=\"assistant\">\n<div class=\"text-base my-auto mx-auto pb-10 [--thread-content-margin:--spacing(4)] thread-sm:[--thread-content-margin:--spacing(6)] thread-lg:[--thread-content-margin:--spacing(16)] px-(--thread-content-margin)\">\n<div class=\"[--thread-content-max-width:40rem] thread-lg:[--thread-content-max-width:48rem] mx-auto max-w-(--thread-content-max-width) flex-1 group\/turn-messages focus-visible:outline-hidden relative flex w-full min-w-0 flex-col agent-turn\" tabindex=\"-1\">\n<div class=\"flex max-w-full flex-col grow\">\n<div class=\"min-h-8 text-message relative flex w-full flex-col items-end gap-2 text-start break-words whitespace-normal [.text-message+&amp;]:mt-1\" dir=\"auto\" data-message-author-role=\"assistant\" data-message-id=\"f3c520bf-c043-4392-87ea-b3bf1b3ae6d3\" data-message-model-slug=\"gpt-5-1\">\n<div class=\"flex w-full flex-col gap-1 empty:hidden first:pt-[1px]\">\n<div class=\"markdown prose dark:prose-invert w-full break-words light markdown-new-styling\">\n<p>AIRMEZ FOX 120.000 Gro\u00dfe Puff Einweg-Vape \u2013 4-Geschmacksrichtungen 120k Ger\u00e4t mit EU-Lagerbestand<\/p>\n<p>AIRMEZ FOX 120k Einstellbare Geschmacksrichtung Vape \u2013 Gro\u00dfbestellungen ab Lager in der EU bereit<\/p>\n<p>AIRMEZ FOX 120.000 Z\u00fcge 4-in-1 Einweg-Stift \u2013 Langlebige 120k Vape f\u00fcr Gro\u00dfhandelskunden<\/p>\n<\/div>\n<\/div>\n<\/div>\n<\/div>\n<\/div>\n<\/div>\n<\/article>\n<\/div>\n<\/div>\n<\/div>\n<\/div>\n<\/div>\n<\/div>\n<\/article>\n<p><img fetchpriority=\"high\" decoding=\"async\" class=\"size-full wp-image-2932\" src=\"https:\/\/vapestornado.com\/wp-content\/uploads\/2024\/12\/Vape-Wholesale.jpg\" alt=\"Vape-Gro\u00dfhandel\" width=\"229\" height=\"300\" \/><\/p>\n<h3><a href=\"https:\/\/wa.me\/8617776015835\"><span style=\"color: #ff0000;\"><strong>WhatsApp: +86 17776015835<\/strong><\/span><\/a><\/h3>\n<p>&nbsp;<\/p>","protected":false},"featured_media":4595,"comment_status":"open","ping_status":"closed","template":"","meta":{"_acf_changed":false,"_uag_custom_page_level_css":"","_lmt_disableupdate":"no","_lmt_disable":"","_monsterinsights_skip_tracking":false,"_monsterinsights_sitenote_active":false,"_monsterinsights_sitenote_note":"","_monsterinsights_sitenote_category":0,"site-sidebar-layout":"default","site-content-layout":"","ast-site-content-layout":"default","site-content-style":"default","site-sidebar-style":"default","ast-global-header-display":"","ast-banner-title-visibility":"","ast-main-header-display":"","ast-hfb-above-header-display":"","ast-hfb-below-header-display":"","ast-hfb-mobile-header-display":"","site-post-title":"","ast-breadcrumbs-content":"","ast-featured-img":"","footer-sml-layout":"","ast-disable-related-posts":"","theme-transparent-header-meta":"default","adv-header-id-meta":"","stick-header-meta":"","header-above-stick-meta":"","header-main-stick-meta":"","header-below-stick-meta":"","astra-migrate-meta-layouts":"set","ast-page-background-enabled":"default","ast-page-background-meta":{"desktop":{"background-color":"","background-image":"","background-repeat":"repeat","background-position":"center center","background-size":"auto","background-attachment":"scroll","background-type":"","background-media":"","overlay-type":"","overlay-color":"","overlay-opacity":"","overlay-gradient":""},"tablet":{"background-color":"","background-image":"","background-repeat":"repeat","background-position":"center center","background-size":"auto","background-attachment":"scroll","background-type":"","background-media":"","overlay-type":"","overlay-color":"","overlay-opacity":"","overlay-gradient":""},"mobile":{"background-color":"","background-image":"","background-repeat":"repeat","background-position":"center center","background-size":"auto","background-attachment":"scroll","background-type":"","background-media":"","overlay-type":"","overlay-color":"","overlay-opacity":"","overlay-gradient":""}},"ast-content-background-meta":{"desktop":{"background-color":"var(--ast-global-color-5)","background-image":"","background-repeat":"repeat","background-position":"center center","background-size":"auto","background-attachment":"scroll","background-type":"","background-media":"","overlay-type":"","overlay-color":"","overlay-opacity":"","overlay-gradient":""},"tablet":{"background-color":"var(--ast-global-color-5)","background-image":"","background-repeat":"repeat","background-position":"center center","background-size":"auto","background-attachment":"scroll","background-type":"","background-media":"","overlay-type":"","overlay-color":"","overlay-opacity":"","overlay-gradient":""},"mobile":{"background-color":"var(--ast-global-color-5)","background-image":"","background-repeat":"repeat","background-position":"center center","background-size":"auto","background-attachment":"scroll","background-type":"","background-media":"","overlay-type":"","overlay-color":"","overlay-opacity":"","overlay-gradient":""}},"_joinchat":{"telephone":"17776015835"}},"product_brand":[],"product_cat":[347,149,150,151,157,146],"product_tag":[449,452,105,446,436,450,451],"class_list":{"0":"post-4596","1":"product","2":"type-product","3":"status-publish","4":"has-post-thumbnail","6":"product_cat-120000-puff","7":"product_cat-buy-disposable-vapes-in-austria","8":"product_cat-buy-disposable-vapes-in-belgium","9":"product_cat-buy-disposable-vapes-in-france","10":"product_cat-buy-disposable-vapes-in-portugal","11":"product_cat-rechargeable-disposable-vapes","12":"product_tag-airmez-fox-120000","13":"product_tag-airmez-fox-120k","14":"product_tag-digital-disposable-vape","15":"product_tag-disposable-vape-kit","16":"product_tag-shop-vape-online","17":"product_tag-vape-fast-shipping","18":"product_tag-vape-free-shipping","19":"desktop-align-left","20":"tablet-align-left","21":"mobile-align-left","23":"first","24":"instock","25":"sale","26":"shipping-taxable","27":"purchasable","28":"product-type-simple"},"acf":[],"uagb_featured_image_src":{"full":["https:\/\/vapestornado.com\/wp-content\/uploads\/2025\/11\/Airmez-Fox-Disposable-Vape-120k-Puffs-4-in-1-Vape.webp",800,800,false],"thumbnail":["https:\/\/vapestornado.com\/wp-content\/uploads\/2025\/11\/Airmez-Fox-Disposable-Vape-120k-Puffs-4-in-1-Vape-150x150.webp",150,150,true],"medium":["https:\/\/vapestornado.com\/wp-content\/uploads\/2025\/11\/Airmez-Fox-Disposable-Vape-120k-Puffs-4-in-1-Vape-300x300.webp",300,300,true],"medium_large":["https:\/\/vapestornado.com\/wp-content\/uploads\/2025\/11\/Airmez-Fox-Disposable-Vape-120k-Puffs-4-in-1-Vape-768x768.webp",768,768,true],"large":["https:\/\/vapestornado.com\/wp-content\/uploads\/2025\/11\/Airmez-Fox-Disposable-Vape-120k-Puffs-4-in-1-Vape.webp",800,800,false],"1536x1536":["https:\/\/vapestornado.com\/wp-content\/uploads\/2025\/11\/Airmez-Fox-Disposable-Vape-120k-Puffs-4-in-1-Vape.webp",800,800,false],"2048x2048":["https:\/\/vapestornado.com\/wp-content\/uploads\/2025\/11\/Airmez-Fox-Disposable-Vape-120k-Puffs-4-in-1-Vape.webp",800,800,false],"trp-custom-language-flag":["https:\/\/vapestornado.com\/wp-content\/uploads\/2025\/11\/Airmez-Fox-Disposable-Vape-120k-Puffs-4-in-1-Vape-12x12.webp",12,12,true],"woocommerce_thumbnail":["https:\/\/vapestornado.com\/wp-content\/uploads\/2025\/11\/Airmez-Fox-Disposable-Vape-120k-Puffs-4-in-1-Vape-300x300.webp",300,300,true],"woocommerce_single":["https:\/\/vapestornado.com\/wp-content\/uploads\/2025\/11\/Airmez-Fox-Disposable-Vape-120k-Puffs-4-in-1-Vape-600x600.webp",600,600,true],"woocommerce_gallery_thumbnail":["https:\/\/vapestornado.com\/wp-content\/uploads\/2025\/11\/Airmez-Fox-Disposable-Vape-120k-Puffs-4-in-1-Vape-100x100.webp",100,100,true]},"uagb_author_info":{"display_name":"ESAMY","author_link":"https:\/\/vapestornado.com\/de\/author\/"},"uagb_comment_info":0,"uagb_excerpt":"AIRMEZ FOX 120000 Big Puff Disposable Vape \u2013 4-Flavour 120k Device with EU Warehouse Stock AIRMEZ FOX 120k Adjustable Flavor Vape \u2013 Bulk Orders Ready from EU Warehouse AIRMEZ FOX 120000 Puffs 4-in-1 Disposable Pen \u2013 Long-Life 120k Vape for Wholesale Buyers WhatsApp: +86 17776015835 &nbsp;","_links":{"self":[{"href":"https:\/\/vapestornado.com\/de\/wp-json\/wp\/v2\/product\/4596","targetHints":{"allow":["GET"]}}],"collection":[{"href":"https:\/\/vapestornado.com\/de\/wp-json\/wp\/v2\/product"}],"about":[{"href":"https:\/\/vapestornado.com\/de\/wp-json\/wp\/v2\/types\/product"}],"replies":[{"embeddable":true,"href":"https:\/\/vapestornado.com\/de\/wp-json\/wp\/v2\/comments?post=4596"}],"wp:featuredmedia":[{"embeddable":true,"href":"https:\/\/vapestornado.com\/de\/wp-json\/wp\/v2\/media\/4595"}],"wp:attachment":[{"href":"https:\/\/vapestornado.com\/de\/wp-json\/wp\/v2\/media?parent=4596"}],"wp:term":[{"taxonomy":"product_brand","embeddable":true,"href":"https:\/\/vapestornado.com\/de\/wp-json\/wp\/v2\/product_brand?post=4596"},{"taxonomy":"product_cat","embeddable":true,"href":"https:\/\/vapestornado.com\/de\/wp-json\/wp\/v2\/product_cat?post=4596"},{"taxonomy":"product_tag","embeddable":true,"href":"https:\/\/vapestornado.com\/de\/wp-json\/wp\/v2\/product_tag?post=4596"}],"curies":[{"name":"wp","href":"https:\/\/api.w.org\/{rel}","templated":true}]}}