{"id":4566,"date":"2025-11-18T08:50:18","date_gmt":"2025-11-18T08:50:18","guid":{"rendered":"https:\/\/vapestornado.com\/?post_type=product&#038;p=4566"},"modified":"2025-11-18T09:04:54","modified_gmt":"2025-11-18T09:04:54","slug":"bang-legend-150000-puffs-6-in-1-flavor-newest-disposable-vape","status":"publish","type":"product","link":"https:\/\/vapestornado.com\/de\/product\/bang-legend-150000-puffs-6-in-1-flavor-newest-disposable-vape\/","title":{"rendered":"Bang Legend 150.000 Z\u00fcge 6-in-1 Geschmack Neueste Einweg-Vape"},"content":{"rendered":"<h2 data-pm-slice=\"1 1 []\">Bang Legend 150.000 Z\u00fcge 6-in-1 Geschmack Neueste Einweg-Vape \u2014 Deutschlands beliebtester Gro\u00dfhandels-Hit<\/h2>\n<p data-start=\"419\" data-end=\"845\">Der <strong data-start=\"423\" data-end=\"451\">Bang Legend 150.000 Z\u00fcge<\/strong> pr\u00e4gt den EU-Vape-Markt 2025 mit einem Format, das f\u00fcr Gro\u00dfh\u00e4ndler und junge m\u00e4nnliche Verbraucher entwickelt wurde, die Kraft, Geschmackstiefe und lange Laufzeit suchen. Dieses <strong data-start=\"614\" data-end=\"640\">Neueste Einweg-Vape<\/strong> bringt ein verbessertes <strong data-start=\"660\" data-end=\"682\">6-in-1-Geschmacks-Vape<\/strong> System, das es den Nutzern erm\u00f6glicht, zwischen sechs Premium-Mischungen in einem Ger\u00e4t zu wechseln, vereinfacht das Inventar f\u00fcr H\u00e4ndler und bietet eine vielseitige Erfahrung f\u00fcr Endverbraucher.<\/p>\n<p data-start=\"847\" data-end=\"1062\">Entwickelt mit Blick auf den Gro\u00dfhandelsvertrieb, kombiniert der Bang Legend 150K Langlebigkeit, stabile Dampfleistung und modernste Heiztechnologie, was ihn zu einer unverzichtbaren Wahl f\u00fcr <strong data-start=\"1023\" data-end=\"1052\">Deutschlands beste Vape-Gro\u00dfh\u00e4ndler<\/strong> Kan\u00e4le macht.<\/p>\n<p data-start=\"1064\" data-end=\"1568\">Angetrieben von einem wiederaufladbaren 850mAh Akku und einer 1.0*3 Mesh-Spule liefert das Ger\u00e4t gleichm\u00e4\u00dfigen Dampf und kr\u00e4ftigen Geschmack vom ersten Zug bis zum letzten Zug. Mit Typ-C-Schnellladung und einer riesigen <strong data-start=\"1256\" data-end=\"1271\">150.000-Z\u00fcge<\/strong> Kapazit\u00e4t erf\u00fcllt dieses Modell die Nachfrage des EU-Marktes nach langlebigen Einweg-Vapes, die Ausfallzeiten reduzieren und den Nutzerkomfort erh\u00f6hen.<\/p>\n<p data-start=\"1570\" data-end=\"1827\">Dies ist die Art von Ger\u00e4t, die deutsche Gesch\u00e4fte sch\u00e4tzen: zuverl\u00e4ssig, geschmacksintensiv, hochkapazitiv und bereit f\u00fcr den Gro\u00dfhandelskauf. Der <strong data-start=\"1682\" data-end=\"1710\">Bang Legend 150.000 Z\u00fcge<\/strong> ist nicht nur ein weiteres Einwegprodukt \u2013 er ist ein Branchenf\u00fchrer, der f\u00fcr seri\u00f6se Einzelh\u00e4ndler und H\u00e4ndler in ganz Deutschland entwickelt wurde.<\/p>\n<p data-start=\"666\" data-end=\"1235\"><strong style=\"font-size: 16px;\"><span style=\"color: #ff0000;\">macht.<\/span><\/strong><\/p>\n<p><img fetchpriority=\"high\" decoding=\"async\" class=\"size-full wp-image-2932\" src=\"https:\/\/vapestornado.com\/wp-content\/uploads\/2024\/12\/Vape-Wholesale.jpg\" alt=\"Vape-Gro\u00dfhandel\" width=\"229\" height=\"300\" \/><\/p>\n<h3><a href=\"https:\/\/wa.me\/8617776015835\" target=\"_blank\" rel=\"noopener\"><span style=\"color: #ff0000;\"><strong>WhatsApp: +86 17776015835<\/strong><\/span><\/a><\/h3>\n<p>&nbsp;<\/p>\n<h2><strong>Was macht Bang Legend 150000 Z\u00fcge Einweg-Vape-Stift besonders?<\/strong><\/h2>\n<ul>\n<li data-start=\"3944\" data-end=\"3990\">\n<p data-start=\"3946\" data-end=\"3990\"><strong data-start=\"3946\" data-end=\"3970\">150000 Z\u00fcge Kapazit\u00e4t<\/strong> f\u00fcr langfristigen Gebrauch<\/p>\n<\/li>\n<li data-start=\"3991\" data-end=\"4055\">\n<p data-start=\"3993\" data-end=\"4055\"><strong data-start=\"3993\" data-end=\"4019\">6-in-1-Geschmacksrotation<\/strong> entwickelt f\u00fcr die Vorlieben der deutschen Jugend<\/p>\n<\/li>\n<li data-start=\"4056\" data-end=\"4109\">\n<p data-start=\"4058\" data-end=\"4109\"><strong data-start=\"4058\" data-end=\"4077\">1,0*3 Mesh-Spule<\/strong> liefert sauberen, dichten Dampf<\/p>\n<\/li>\n<li data-start=\"4110\" data-end=\"4151\">\n<p data-start=\"4112\" data-end=\"4151\"><strong data-start=\"4112\" data-end=\"4130\">850mAh-Akku<\/strong> mit stabilem Output<\/p>\n<\/li>\n<li data-start=\"4152\" data-end=\"4201\">\n<p data-start=\"4154\" data-end=\"4201\"><strong data-start=\"4154\" data-end=\"4178\">Type-C-Schnellladung<\/strong> f\u00fcr minimale Ausfallzeiten<\/p>\n<\/li>\n<li data-start=\"4202\" data-end=\"4272\">\n<p data-start=\"4204\" data-end=\"4272\"><strong data-start=\"4204\" data-end=\"4229\">OEM\/ODM-Anpassung<\/strong> f\u00fcr Gro\u00dfh\u00e4ndler und Private-Label-Marken<\/p>\n<\/li>\n<\/ul>\n<figure id=\"attachment_4561\" aria-describedby=\"caption-attachment-4561\" style=\"width: 300px\" class=\"wp-caption alignnone\"><img decoding=\"async\" class=\"size-medium wp-image-4561\" src=\"https:\/\/vapestornado.com\/wp-content\/uploads\/2025\/11\/Bang-Legend-150K-Puff-Multi-Flavor-Disposable-Vape-300x300.webp\" alt=\"Bang Legend 150K Zug Mehrfachgeschmacks-Einweg-Vape\" width=\"300\" height=\"300\" srcset=\"https:\/\/vapestornado.com\/wp-content\/uploads\/2025\/11\/Bang-Legend-150K-Puff-Multi-Flavor-Disposable-Vape-300x300.webp 300w, https:\/\/vapestornado.com\/wp-content\/uploads\/2025\/11\/Bang-Legend-150K-Puff-Multi-Flavor-Disposable-Vape-150x150.webp 150w, https:\/\/vapestornado.com\/wp-content\/uploads\/2025\/11\/Bang-Legend-150K-Puff-Multi-Flavor-Disposable-Vape-768x768.webp 768w, https:\/\/vapestornado.com\/wp-content\/uploads\/2025\/11\/Bang-Legend-150K-Puff-Multi-Flavor-Disposable-Vape-12x12.webp 12w, https:\/\/vapestornado.com\/wp-content\/uploads\/2025\/11\/Bang-Legend-150K-Puff-Multi-Flavor-Disposable-Vape-600x600.webp 600w, https:\/\/vapestornado.com\/wp-content\/uploads\/2025\/11\/Bang-Legend-150K-Puff-Multi-Flavor-Disposable-Vape-100x100.webp 100w, https:\/\/vapestornado.com\/wp-content\/uploads\/2025\/11\/Bang-Legend-150K-Puff-Multi-Flavor-Disposable-Vape.webp 800w\" sizes=\"(max-width: 300px) 100vw, 300px\" \/><figcaption id=\"caption-attachment-4561\" class=\"wp-caption-text\">Bang Legend 150K Zug Mehrfachgeschmacks-Einweg-Vape<\/figcaption><\/figure>\n<h2 class=\"product-title\"><strong>Bang Legend 150000 Z\u00fcge Einweg-Vapes Geschmacksliste<\/strong><\/h2>\n<h2 data-start=\"1834\" data-end=\"1884\"><\/h2>\n<ol>\n<li style=\"list-style-type: none;\">\n<ol data-start=\"1886\" data-end=\"3879\">\n<li data-start=\"1886\" data-end=\"2027\">\n<p data-start=\"1889\" data-end=\"2027\"><strong data-start=\"1889\" data-end=\"1934\">Pfirsich Eis \/ Mango-Pfirsich \/ Blaubeer-Pfirsich<\/strong><br data-start=\"1934\" data-end=\"1937\" \/>Pfirsich Eis + Mango-Pfirsich \/ Pfirsich Eis + Blaubeer-Pfirsich \/ Mango-Pfirsich + Blaubeer-Pfirsich<\/p>\n<\/li>\n<li data-start=\"2028\" data-end=\"2214\">\n<p data-start=\"2031\" data-end=\"2214\"><strong data-start=\"2031\" data-end=\"2091\">Ananas Eis \/ Ananas Kokosnuss \/ Kiwi-Frucht Ananas<\/strong><br data-start=\"2091\" data-end=\"2094\" \/>Ananas Eis + Ananas Kokosnuss \/ Ananas Eis + Kiwi-Frucht Ananas \/ Ananas Kokosnuss + Kiwi-Frucht Ananas<\/p>\n<\/li>\n<li data-start=\"2215\" data-end=\"2371\">\n<p data-start=\"2218\" data-end=\"2371\"><strong data-start=\"2218\" data-end=\"2268\">Traube Eis \/ Trauben-Kaugummi \/ Himbeer-Traube<\/strong><br data-start=\"2268\" data-end=\"2271\" \/>Traube Eis + Trauben-Kaugummi \/ Traube Eis + Himbeer-Traube \/ Kaugummi Traube + Himbeer-Traube<\/p>\n<\/li>\n<li data-start=\"2372\" data-end=\"2567\">\n<p data-start=\"2375\" data-end=\"2567\"><strong data-start=\"2375\" data-end=\"2438\">Wassermelone Eis \/ Wassermelone Beeren \/ Erdbeer Wassermelone<\/strong><br data-start=\"2438\" data-end=\"2441\" \/>Wassermelone Eis + Wassermelone Beeren \/ Wassermelone Eis + Erdbeer Wassermelone \/ Wassermelone Beeren + Erdbeer Wassermelone<\/p>\n<\/li>\n<li data-start=\"2568\" data-end=\"2778\">\n<p data-start=\"2571\" data-end=\"2778\"><strong data-start=\"2571\" data-end=\"2639\">Blaubeer Eis \/ Blaubeer Himbeere \/ Blaubeer Cranberry Kirsche<\/strong><br data-start=\"2639\" data-end=\"2642\" \/>Blaubeer Eis + Blaubeer Himbeere \/ Blaubeer Eis + Blaubeer Cranberry Kirsche \/ Blaubeer Himbeere + Blaubeer Cranberry Kirsche<\/p>\n<\/li>\n<li data-start=\"2779\" data-end=\"2950\">\n<p data-start=\"2782\" data-end=\"2950\"><strong data-start=\"2782\" data-end=\"2837\">Banane Eis \/ Erdbeer Banane \/ Zitronens\u00e4ure Orange<\/strong><br data-start=\"2837\" data-end=\"2840\" \/>Banane Eis + Erdbeer Banane \/ Banane Eis + Zitronens\u00e4ure Orange \/ Erdbeer Banane + Zitronens\u00e4ure Orange<\/p>\n<\/li>\n<li data-start=\"2951\" data-end=\"3092\">\n<p data-start=\"2954\" data-end=\"3092\"><strong data-start=\"2954\" data-end=\"2999\">Apfel Eis \/ Apfel Traube \/ Blaubeer Traube<\/strong><br data-start=\"2999\" data-end=\"3002\" \/>Apfel Eis + Apfel Traube \/ Apfel Eis + Blaubeer Traube \/ Apfel Traube + Blaubeer Traube<\/p>\n<\/li>\n<li data-start=\"3093\" data-end=\"3252\">\n<p data-start=\"3096\" data-end=\"3252\"><strong data-start=\"3096\" data-end=\"3147\">Mango Eis \/ Pfirsich Mango Wassermelone \/ Gummib\u00e4rchen<\/strong><br data-start=\"3147\" data-end=\"3150\" \/>Mango Eis + Pfirsich Mango Wassermelone \/ Mango Eis + Gummib\u00e4rchen \/ Pfirsich Mango Wassermelone + Gummib\u00e4rchen<\/p>\n<\/li>\n<li data-start=\"3253\" data-end=\"3382\">\n<p data-start=\"3256\" data-end=\"3382\"><strong data-start=\"3256\" data-end=\"3297\">Kirsche Eis \/ Gemischte Beeren \/ Rote Cola<\/strong><br data-start=\"3297\" data-end=\"3300\" \/>Kirsche Eis + Gemischte Beeren \/ Kirsche Eis + Rote Cola \/ Gemischte Beeren + Rote Cola<\/p>\n<\/li>\n<li data-start=\"3383\" data-end=\"3528\">\n<p data-start=\"3387\" data-end=\"3528\"><strong data-start=\"3387\" data-end=\"3433\">Red Bull \/ Wassermelone Kaugummi \/ Love 66<\/strong><br data-start=\"3433\" data-end=\"3436\" \/>Red Bull + Wassermelone Kaugummi \/ Red Bull + Love 66 \/ Wassermelone Kaugummi + Love 66<\/p>\n<\/li>\n<li data-start=\"3529\" data-end=\"3704\">\n<p data-start=\"3533\" data-end=\"3704\"><strong data-start=\"3533\" data-end=\"3589\">Erdbeer Eis \/ Erdbeer Kiwi \/ Erdbeer Litschi<\/strong><br data-start=\"3589\" data-end=\"3592\" \/>Erdbeer Eis + Erdbeer Kiwi \/ Erdbeer Eis + Erdbeer Litschi \/ Erdbeer Kiwi + Erdbeer Litschi<\/p>\n<\/li>\n<li data-start=\"3705\" data-end=\"3879\">\n<p data-start=\"3709\" data-end=\"3879\"><strong data-start=\"3709\" data-end=\"3772\">Leidenschaftliche Passionsfrucht \/ Guave Limette \/ Passionsfrucht Zitrone<\/strong><br data-start=\"3772\" data-end=\"3775\" \/>Passionsfrucht + Guave Limette \/ Passionsfrucht + Passionsfrucht Zitrone \/ Guave Limette + Passionsfrucht Zitrone<\/p>\n<\/li>\n<\/ol>\n<\/li>\n<\/ol>\n<p>&nbsp;<\/p>\n<h2>Warum Vapestornado f\u00fcr Bang Legend 150000 Z\u00fcge Gro\u00dfbestellung w\u00e4hlen?<\/h2>\n<div class=\"flex-shrink-0 flex flex-col relative items-end\">\n<div class=\"pt-0\">\n<div class=\"gizmo-bot-avatar flex h-8 w-8 items-center justify-center overflow-hidden rounded-full\">\n<div class=\"relative p-1 rounded-sm flex items-center justify-center bg-token-main-surface-primary text-token-text-primary h-8 w-8\">\n<p data-start=\"648\" data-end=\"799\">Auswahl <strong data-start=\"189\" data-end=\"205\">Vapestornado<\/strong> als Ihr Lieferant f\u00fcr <strong data-start=\"227\" data-end=\"261\">Elf Bar Moon Night 40000 Z\u00fcge<\/strong> bedeutet die Sicherung eines Partners, der die Bed\u00fcrfnisse von Gro\u00dfh\u00e4ndlern und Einzelh\u00e4ndlern in Deutschland versteht. Wir konzentrieren uns auf schnelle Lieferung, verifizierten Lagerbestand und stabile langfristige Versorgung\u2014Schl\u00fcsselfaktoren f\u00fcr Unternehmen, die Produkte mit hohem Volumen verkaufen wie das <strong data-start=\"489\" data-end=\"515\">Elf Bar Moon Night 40K<\/strong>. Jede Charge wird direkt aus zertifizierten Kan\u00e4len bezogen, um authentische Produkte, starke Geschmacks-Konsistenz und zuverl\u00e4ssige Qualit\u00e4t zu gew\u00e4hrleisten, die die Erwartungen deutscher K\u00e4ufer erf\u00fcllen.<\/p>\n<p data-start=\"559\" data-end=\"933\" data-is-last-node=\"\" data-is-only-node=\"\">Wir haben auch einige andere beliebte Einweg-Vapes mit Bildschirm wie <a href=\"https:\/\/vapestornado.com\/de\/product\/uzy-150k-puffs-6-in-1-flavor-switch-disposable-vape-pen-wholesale\/\">UZY 150K Puff Geschmackswechsel-Vape<\/a>, <a href=\"https:\/\/vapestornado.com\/de\/product\/vozol-rave-40k-40000-puffs-disposable-vape-smart-screen-5-nicotine\/\">VOZOL RAVE 40K Einweg-Vape<\/a>, <a href=\"https:\/\/vapestornado.com\/de\/product\/waspe-150k-150000-puff-6-in-1-disposable-vape-pen-cartridge-best-wholesale-price-in-poland\/\">WASPE 150K Puffs 6 in 1<\/a>, und mehr.<\/p>\n<\/div>\n<div class=\"relative p-1 rounded-sm flex items-center justify-center bg-token-main-surface-primary text-token-text-primary h-8 w-8\">\n<h2>FAQS \u00dcber Bang Legend 150000 Z\u00fcge<\/h2>\n<p data-start=\"4658\" data-end=\"4815\"><strong data-start=\"4658\" data-end=\"4721\">1. Wie lange h\u00e4lt das Bang Legend 150000 Z\u00fcge normalerweise?<\/strong><br data-start=\"4721\" data-end=\"4724\" \/>F\u00fcr durchschnittliche Nutzer kann das Ger\u00e4t aufgrund seiner riesigen Kapazit\u00e4t von 150K Z\u00fcgen mehrere Wochen halten.<\/p>\n<p data-start=\"4817\" data-end=\"4927\"><strong data-start=\"4817\" data-end=\"4861\">2. Ist das Bang Legend 150K wiederaufladbar?<\/strong><br data-start=\"4861\" data-end=\"4864\" \/>Ja, es verf\u00fcgt \u00fcber einen Type-C-Anschluss f\u00fcr schnelles und effizientes Aufladen.<\/p>\n<p data-start=\"4929\" data-end=\"5084\"><strong data-start=\"4929\" data-end=\"4980\">3. Was macht das 6-in-1-Geschmacksystem besonders?<\/strong><br data-start=\"4980\" data-end=\"4983\" \/>Es erm\u00f6glicht Nutzern, sofort zwischen sechs Geschmacksrichtungen zu wechseln, wodurch das Mitf\u00fchren mehrerer Ger\u00e4te entf\u00e4llt.<\/p>\n<p data-start=\"5086\" data-end=\"5240\"><strong data-start=\"5086\" data-end=\"5146\">4. Ist dieses Modell f\u00fcr den Gro\u00dfhandel in Deutschland geeignet?<\/strong><br data-start=\"5146\" data-end=\"5149\" \/>Ja, es wird aufgrund der Nachfrage und der Versorgungssicherheit f\u00fcr Gro\u00dfhandelsnetzwerke empfohlen.<\/p>\n<p data-start=\"5242\" data-end=\"5375\"><strong data-start=\"5242\" data-end=\"5287\">5. Verwendet das Bang Legend 150K ein Mesh-Coil?<\/strong><br data-start=\"5287\" data-end=\"5290\" \/>Es verf\u00fcgt \u00fcber eine 1,0*3 Mesh-Spule, die gleichm\u00e4\u00dfige Erw\u00e4rmung und starken, konsistenten Geschmack liefert.<\/p>\n<\/div>\n<\/div>\n<\/div>\n<\/div>","protected":false},"excerpt":{"rendered":"<article class=\"text-token-text-primary w-full focus:outline-none [--shadow-height:45px] has-data-writing-block:pointer-events-none has-data-writing-block:-mt-(--shadow-height) has-data-writing-block:pt-(--shadow-height) [&amp;:has([data-writing-block])&gt;*]:pointer-events-auto [content-visibility:auto] supports-[content-visibility:auto]:[contain-intrinsic-size:auto_100lvh] scroll-mt-[calc(var(--header-height)+min(200px,max(70px,20svh)))]\" dir=\"auto\" tabindex=\"-1\" data-turn-id=\"86ca9d92-7a10-4e6b-bda0-15f9df36adca\" data-testid=\"conversation-turn-120\" data-scroll-anchor=\"true\" data-turn=\"assistant\">\n<div class=\"text-base my-auto mx-auto pb-10 [--thread-content-margin:--spacing(4)] thread-sm:[--thread-content-margin:--spacing(6)] thread-lg:[--thread-content-margin:--spacing(16)] px-(--thread-content-margin)\">\n<div class=\"[--thread-content-max-width:40rem] thread-lg:[--thread-content-max-width:48rem] mx-auto max-w-(--thread-content-max-width) flex-1 group\/turn-messages focus-visible:outline-hidden relative flex w-full min-w-0 flex-col agent-turn\" tabindex=\"-1\">\n<div class=\"flex max-w-full flex-col grow\">\n<div class=\"min-h-8 text-message relative flex w-full flex-col items-end gap-2 text-start break-words whitespace-normal [.text-message+&amp;]:mt-1\" dir=\"auto\" data-message-author-role=\"assistant\" data-message-id=\"43b070d6-bf28-4fbe-8049-1032a61ea3ac\" data-message-model-slug=\"gpt-5\">\n<div class=\"flex w-full flex-col gap-1 empty:hidden first:pt-[1px]\">\n<div class=\"markdown prose dark:prose-invert w-full break-words light markdown-new-styling\">\n<article class=\"text-token-text-primary w-full focus:outline-none [--shadow-height:45px] has-data-writing-block:pointer-events-none has-data-writing-block:-mt-(--shadow-height) has-data-writing-block:pt-(--shadow-height) [&amp;:has([data-writing-block])&gt;*]:pointer-events-auto [content-visibility:auto] supports-[content-visibility:auto]:[contain-intrinsic-size:auto_100lvh] scroll-mt-[calc(var(--header-height)+min(200px,max(70px,20svh)))]\" dir=\"auto\" tabindex=\"-1\" data-turn-id=\"4d6f00b8-d41a-438b-8912-05a895842882\" data-testid=\"conversation-turn-130\" data-scroll-anchor=\"true\" data-turn=\"assistant\">\n<div class=\"text-base my-auto mx-auto pb-10 [--thread-content-margin:--spacing(4)] thread-sm:[--thread-content-margin:--spacing(6)] thread-lg:[--thread-content-margin:--spacing(16)] px-(--thread-content-margin)\">\n<div class=\"[--thread-content-max-width:40rem] thread-lg:[--thread-content-max-width:48rem] mx-auto max-w-(--thread-content-max-width) flex-1 group\/turn-messages focus-visible:outline-hidden relative flex w-full min-w-0 flex-col agent-turn\" tabindex=\"-1\">\n<div class=\"flex max-w-full flex-col grow\">\n<div class=\"min-h-8 text-message relative flex w-full flex-col items-end gap-2 text-start break-words whitespace-normal [.text-message+&amp;]:mt-1\" dir=\"auto\" data-message-author-role=\"assistant\" data-message-id=\"f3c520bf-c043-4392-87ea-b3bf1b3ae6d3\" data-message-model-slug=\"gpt-5-1\">\n<div class=\"flex w-full flex-col gap-1 empty:hidden first:pt-[1px]\">\n<div class=\"markdown prose dark:prose-invert w-full break-words light markdown-new-styling\">\n<p>Bang Legend 150.000 Z\u00fcge 6-in-1 \u2014 Deutschlands meistverkaufte neueste Einweg-Vape<\/p>\n<p>Bang Legend 150K 6-in-1 Geschmacks-Vape f\u00fcr EU-Gro\u00dfh\u00e4ndler \u2014 Leistungsstark, langlebig, bereit f\u00fcr Gro\u00dfbestellungen<\/p>\n<p>Bang Legend 150.000 Z\u00fcge Einweg-Vape \u2014 Premium 6-Geschmacksrotation f\u00fcr den deutschen Vape-Markt<\/p>\n<\/div>\n<\/div>\n<\/div>\n<\/div>\n<\/div>\n<\/div>\n<\/article>\n<div class=\"pointer-events-none h-px w-px\" aria-hidden=\"true\" data-edge=\"true\"><\/div>\n<\/div>\n<\/div>\n<\/div>\n<\/div>\n<\/div>\n<\/div>\n<\/article>\n<p><img fetchpriority=\"high\" decoding=\"async\" class=\"size-full wp-image-2932\" src=\"https:\/\/vapestornado.com\/wp-content\/uploads\/2024\/12\/Vape-Wholesale.jpg\" alt=\"Vape-Gro\u00dfhandel\" width=\"229\" height=\"300\" \/><\/p>\n<h3><a href=\"https:\/\/wa.me\/8617776015835\"><span style=\"color: #ff0000;\"><strong>WhatsApp: +86 17776015835<\/strong><\/span><\/a><\/h3>\n<p>&nbsp;<\/p>","protected":false},"featured_media":4560,"comment_status":"open","ping_status":"closed","template":"","meta":{"_acf_changed":false,"_uag_custom_page_level_css":"","_lmt_disableupdate":"no","_lmt_disable":"","_monsterinsights_skip_tracking":false,"_monsterinsights_sitenote_active":false,"_monsterinsights_sitenote_note":"","_monsterinsights_sitenote_category":0,"site-sidebar-layout":"default","site-content-layout":"","ast-site-content-layout":"default","site-content-style":"default","site-sidebar-style":"default","ast-global-header-display":"","ast-banner-title-visibility":"","ast-main-header-display":"","ast-hfb-above-header-display":"","ast-hfb-below-header-display":"","ast-hfb-mobile-header-display":"","site-post-title":"","ast-breadcrumbs-content":"","ast-featured-img":"","footer-sml-layout":"","ast-disable-related-posts":"","theme-transparent-header-meta":"default","adv-header-id-meta":"","stick-header-meta":"","header-above-stick-meta":"","header-main-stick-meta":"","header-below-stick-meta":"","astra-migrate-meta-layouts":"set","ast-page-background-enabled":"default","ast-page-background-meta":{"desktop":{"background-color":"","background-image":"","background-repeat":"repeat","background-position":"center center","background-size":"auto","background-attachment":"scroll","background-type":"","background-media":"","overlay-type":"","overlay-color":"","overlay-opacity":"","overlay-gradient":""},"tablet":{"background-color":"","background-image":"","background-repeat":"repeat","background-position":"center center","background-size":"auto","background-attachment":"scroll","background-type":"","background-media":"","overlay-type":"","overlay-color":"","overlay-opacity":"","overlay-gradient":""},"mobile":{"background-color":"","background-image":"","background-repeat":"repeat","background-position":"center center","background-size":"auto","background-attachment":"scroll","background-type":"","background-media":"","overlay-type":"","overlay-color":"","overlay-opacity":"","overlay-gradient":""}},"ast-content-background-meta":{"desktop":{"background-color":"var(--ast-global-color-5)","background-image":"","background-repeat":"repeat","background-position":"center center","background-size":"auto","background-attachment":"scroll","background-type":"","background-media":"","overlay-type":"","overlay-color":"","overlay-opacity":"","overlay-gradient":""},"tablet":{"background-color":"var(--ast-global-color-5)","background-image":"","background-repeat":"repeat","background-position":"center center","background-size":"auto","background-attachment":"scroll","background-type":"","background-media":"","overlay-type":"","overlay-color":"","overlay-opacity":"","overlay-gradient":""},"mobile":{"background-color":"var(--ast-global-color-5)","background-image":"","background-repeat":"repeat","background-position":"center center","background-size":"auto","background-attachment":"scroll","background-type":"","background-media":"","overlay-type":"","overlay-color":"","overlay-opacity":"","overlay-gradient":""}},"_joinchat":{"telephone":"17776015835"}},"product_brand":[],"product_cat":[394,62,149,150,156,357,146],"product_tag":[440,105,441,436,435,439,301],"class_list":{"0":"post-4566","1":"product","2":"type-product","3":"status-publish","4":"has-post-thumbnail","6":"product_cat-150000-puff","7":"product_cat-bang-vape","8":"product_cat-buy-disposable-vapes-in-austria","9":"product_cat-buy-disposable-vapes-in-belgium","10":"product_cat-buy-disposable-vapes-in-poland","11":"product_cat-flavor-adjustable-vape","12":"product_cat-rechargeable-disposable-vapes","13":"product_tag-bang-legend-150000","14":"product_tag-digital-disposable-vape","15":"product_tag-puff-150k","16":"product_tag-shop-vape-online","17":"product_tag-vape-eu-wholesale","18":"product_tag-vape-germany-wholesale","19":"product_tag-vapor-wholesale","20":"desktop-align-left","21":"tablet-align-left","22":"mobile-align-left","24":"first","25":"instock","26":"sale","27":"shipping-taxable","28":"purchasable","29":"product-type-simple"},"acf":[],"uagb_featured_image_src":{"full":["https:\/\/vapestornado.com\/wp-content\/uploads\/2025\/11\/Bang-Legend-150K-Puff-Disposable-Vape.webp",800,800,false],"thumbnail":["https:\/\/vapestornado.com\/wp-content\/uploads\/2025\/11\/Bang-Legend-150K-Puff-Disposable-Vape-150x150.webp",150,150,true],"medium":["https:\/\/vapestornado.com\/wp-content\/uploads\/2025\/11\/Bang-Legend-150K-Puff-Disposable-Vape-300x300.webp",300,300,true],"medium_large":["https:\/\/vapestornado.com\/wp-content\/uploads\/2025\/11\/Bang-Legend-150K-Puff-Disposable-Vape-768x768.webp",768,768,true],"large":["https:\/\/vapestornado.com\/wp-content\/uploads\/2025\/11\/Bang-Legend-150K-Puff-Disposable-Vape.webp",800,800,false],"1536x1536":["https:\/\/vapestornado.com\/wp-content\/uploads\/2025\/11\/Bang-Legend-150K-Puff-Disposable-Vape.webp",800,800,false],"2048x2048":["https:\/\/vapestornado.com\/wp-content\/uploads\/2025\/11\/Bang-Legend-150K-Puff-Disposable-Vape.webp",800,800,false],"trp-custom-language-flag":["https:\/\/vapestornado.com\/wp-content\/uploads\/2025\/11\/Bang-Legend-150K-Puff-Disposable-Vape-12x12.webp",12,12,true],"woocommerce_thumbnail":["https:\/\/vapestornado.com\/wp-content\/uploads\/2025\/11\/Bang-Legend-150K-Puff-Disposable-Vape-300x300.webp",300,300,true],"woocommerce_single":["https:\/\/vapestornado.com\/wp-content\/uploads\/2025\/11\/Bang-Legend-150K-Puff-Disposable-Vape-600x600.webp",600,600,true],"woocommerce_gallery_thumbnail":["https:\/\/vapestornado.com\/wp-content\/uploads\/2025\/11\/Bang-Legend-150K-Puff-Disposable-Vape-100x100.webp",100,100,true]},"uagb_author_info":{"display_name":"ESAMY","author_link":"https:\/\/vapestornado.com\/de\/author\/"},"uagb_comment_info":0,"uagb_excerpt":"Bang Legend 150000 Puffs 6 in 1 \u2014 Italy\u2019s Best-Selling Newest Disposable Vape Bang Legend 150K 6 in 1 Flavor Vape for EU Wholesalers \u2014 Powerful, Long-Lasting, Ready for Bulk Orders Bang Legend 150000 Puffs Disposable Vape \u2014 Premium 6-Flavor Rotation for Europe\u2019s Vape Market WhatsApp: +86 17776015835 &nbsp;","_links":{"self":[{"href":"https:\/\/vapestornado.com\/de\/wp-json\/wp\/v2\/product\/4566","targetHints":{"allow":["GET"]}}],"collection":[{"href":"https:\/\/vapestornado.com\/de\/wp-json\/wp\/v2\/product"}],"about":[{"href":"https:\/\/vapestornado.com\/de\/wp-json\/wp\/v2\/types\/product"}],"replies":[{"embeddable":true,"href":"https:\/\/vapestornado.com\/de\/wp-json\/wp\/v2\/comments?post=4566"}],"wp:featuredmedia":[{"embeddable":true,"href":"https:\/\/vapestornado.com\/de\/wp-json\/wp\/v2\/media\/4560"}],"wp:attachment":[{"href":"https:\/\/vapestornado.com\/de\/wp-json\/wp\/v2\/media?parent=4566"}],"wp:term":[{"taxonomy":"product_brand","embeddable":true,"href":"https:\/\/vapestornado.com\/de\/wp-json\/wp\/v2\/product_brand?post=4566"},{"taxonomy":"product_cat","embeddable":true,"href":"https:\/\/vapestornado.com\/de\/wp-json\/wp\/v2\/product_cat?post=4566"},{"taxonomy":"product_tag","embeddable":true,"href":"https:\/\/vapestornado.com\/de\/wp-json\/wp\/v2\/product_tag?post=4566"}],"curies":[{"name":"wp","href":"https:\/\/api.w.org\/{rel}","templated":true}]}}