{"id":4544,"date":"2025-11-14T09:07:41","date_gmt":"2025-11-14T09:07:41","guid":{"rendered":"https:\/\/vapestornado.com\/?post_type=product&#038;p=4544"},"modified":"2025-11-17T07:46:36","modified_gmt":"2025-11-17T07:46:36","slug":"uor-120000-puff-120k-4-flavors-rechargeable-disposable-vape-shop-online","status":"publish","type":"product","link":"https:\/\/vapestornado.com\/de\/product\/uor-120000-puff-120k-4-flavors-rechargeable-disposable-vape-shop-online\/","title":{"rendered":"UOR 120000 Puff 120K 4 Geschmacksrichtungen Wiederaufladbare Einweg-Vape-Shop online"},"content":{"rendered":"<h2 data-pm-slice=\"1 1 []\">UOR 120000 Puff \u2013 4-Geschmackswechsel Einweg-Vape f\u00fcr K\u00e4ufer in der EU<\/h2>\n<p data-start=\"78\" data-end=\"577\">Der <strong data-start=\"82\" data-end=\"101\">UOR 120000 Zug<\/strong> ist f\u00fcr Gro\u00dfh\u00e4ndler in der EU und junge erwachsene Vaper konzipiert, die maximale Ausdauer, starken Geschmack und einfache Bedienung w\u00fcnschen. Dieses <strong data-start=\"232\" data-end=\"249\">UOR 120k Puff<\/strong> Ger\u00e4t verf\u00fcgt \u00fcber ein <strong data-start=\"268\" data-end=\"295\">4-in-1-Wechselsystem<\/strong>, das es den Nutzern erm\u00f6glicht, sofort zwischen vier Premium-Geschmacksbeh\u00e4ltern zu wechseln\u2014kein Nachf\u00fcllen, kein Chaos, nur saubere \u00dcberg\u00e4nge bei jedem Klick. Entwickelt f\u00fcr <strong data-start=\"443\" data-end=\"464\">Vape Gro\u00dfhandel in der EU<\/strong>, das Ger\u00e4t kombiniert lange Lebensdauer und stabile Leistung, die sowohl in Einzelhandelsregalen als auch in Online-Vape-Shops passen.<\/p>\n<p data-start=\"579\" data-end=\"998\">Mit <strong data-start=\"584\" data-end=\"612\">4\u00d716ml E-Liquid-Kapazit\u00e4t<\/strong>, jeder Pod enth\u00e4lt genug f\u00fcr l\u00e4ngeren Gebrauch, unterst\u00fctzt durch ein <strong data-start=\"669\" data-end=\"707\">wiederaufladbare 650mAh Typ-C Akku<\/strong>. Der <strong data-start=\"713\" data-end=\"731\">1.0\u03a9 Mesh-Spule<\/strong> sichert gleichm\u00e4\u00dfige Dampfdichte und saubere Geschmackstrennung f\u00fcr jede der vier integrierten Mischungen. Als <strong data-start=\"836\" data-end=\"863\">Digitale Einweg-Vape<\/strong>, bietet es einen sanften Zug mit moderner Effizienz und ist bei EU-Verbrauchern, die Mehrfach-Geschmacksger\u00e4te mit hoher Pufferzahl suchen, sehr beliebt.<\/p>\n<p data-start=\"1000\" data-end=\"1408\">Dieses kuratierte Geschmackssortiment des Modells, insbesondere Kombinationen wie <em data-start=\"1065\" data-end=\"1088\">Erdbeere Wassermelone<\/em>, <em data-start=\"1090\" data-end=\"1116\">Kiwi-Passionsfrucht-Guave<\/em>, <em data-start=\"1118\" data-end=\"1129\">Mango Eis<\/em>und <em data-start=\"1135\" data-end=\"1158\">Wassermelone Sauer Pfirsich<\/em>, schafft ein dynamisches \u201eTropischer Frost-Abenteuer\u201c von heller Fruchts\u00fc\u00dfe bis hin zu kalten, erfrischenden Abschl\u00fcssen. F\u00fcr H\u00e4ndler in Deutschland bietet <strong data-start=\"1288\" data-end=\"1307\">UOR 120000 Zug<\/strong> hohe Margen, zuverl\u00e4ssige Versorgung und wettbewerbsf\u00e4hige Nachfrage in Sommer- und Ganzjahresm\u00e4rkten.<\/p>\n<p data-start=\"666\" data-end=\"1235\"><strong style=\"font-size: 16px;\"><span style=\"color: #ff0000;\">macht.<\/span><\/strong><\/p>\n<p><img fetchpriority=\"high\" decoding=\"async\" class=\"size-full wp-image-2932\" src=\"https:\/\/vapestornado.com\/wp-content\/uploads\/2024\/12\/Vape-Wholesale.jpg\" alt=\"Vape-Gro\u00dfhandel\" width=\"229\" height=\"300\" \/><\/p>\n<h3><a href=\"https:\/\/wa.me\/8617776015835\" target=\"_blank\" rel=\"noopener\"><span style=\"color: #ff0000;\"><strong>WhatsApp: +86 17776015835<\/strong><\/span><\/a><\/h3>\n<p>&nbsp;<\/p>\n<h2><strong>Was macht UOR 120000 Puff Einweg-Vape-Stift besonders?<\/strong><\/h2>\n<ul data-start=\"1447\" data-end=\"1657\">\n<li data-start=\"1447\" data-end=\"1482\">\n<p data-start=\"1449\" data-end=\"1482\"><strong data-start=\"1449\" data-end=\"1467\">Zugkapazit\u00e4t:<\/strong> 120000 Z\u00fcge<\/p>\n<\/li>\n<li data-start=\"1483\" data-end=\"1512\">\n<p data-start=\"1485\" data-end=\"1512\"><strong data-start=\"1485\" data-end=\"1497\">E-Liquid:<\/strong> 4\u00d716ml Tanks<\/p>\n<\/li>\n<li data-start=\"1513\" data-end=\"1556\">\n<p data-start=\"1515\" data-end=\"1556\"><strong data-start=\"1515\" data-end=\"1533\">Geschmackswechsel:<\/strong> 4 Geschmacksrichtungen einstellbar<\/p>\n<\/li>\n<li data-start=\"1557\" data-end=\"1601\">\n<p data-start=\"1559\" data-end=\"1601\"><strong data-start=\"1559\" data-end=\"1571\">Batterie:<\/strong> 650mAh, Typ-C aufladbar<\/p>\n<\/li>\n<li data-start=\"1602\" data-end=\"1625\">\n<p data-start=\"1604\" data-end=\"1625\"><strong data-start=\"1604\" data-end=\"1613\">Spule:<\/strong> 1,0\u03a9 Mesh<\/p>\n<\/li>\n<li data-start=\"1626\" data-end=\"1657\">\n<p data-start=\"1628\" data-end=\"1657\"><strong data-start=\"1628\" data-end=\"1639\">Gewicht:<\/strong> 145g pro Ger\u00e4t<\/p>\n<\/li>\n<\/ul>\n<h2 class=\"product-title\"><strong>UOR 120k Puff Einweg-Vapes Geschmacks\u00fcbersicht<\/strong><\/h2>\n<h3 data-start=\"1664\" data-end=\"1692\"><\/h3>\n<ol data-start=\"1693\" data-end=\"2434\">\n<li data-start=\"1693\" data-end=\"1761\">\n<p data-start=\"1696\" data-end=\"1761\">Wassermelone Eis \/ Blaubeere Minze \/ Fuji Apfel Eis \/ Limetten-Romanze<\/p>\n<\/li>\n<li data-start=\"1762\" data-end=\"1837\">\n<p data-start=\"1765\" data-end=\"1837\">Wassermelone Eis \/ Blaubeere Kirsche \/ Sommerzeit \/ Sauer Mango Ananas<\/p>\n<\/li>\n<li data-start=\"1838\" data-end=\"1904\">\n<p data-start=\"1841\" data-end=\"1904\">Blaubeere Eis \/ Pfirsich Eis \/ Regenbogen Bonbon \/ Zitrone Sauer Orange<\/p>\n<\/li>\n<li data-start=\"1905\" data-end=\"1977\">\n<p data-start=\"1908\" data-end=\"1977\">Blaubeere Eis \/ Pfirsich Mango Wassermelone \/ Passion Kuss \/ Melone Apfel<\/p>\n<\/li>\n<li data-start=\"1978\" data-end=\"2058\">\n<p data-start=\"1981\" data-end=\"2058\">Blaubeere Himbeere \/ Gemischte Beeren \/ Kalifornische Kirsche \/ Passionsfrucht Mango<\/p>\n<\/li>\n<li data-start=\"2059\" data-end=\"2126\">\n<p data-start=\"2062\" data-end=\"2126\">Blaubeere Himbeere \/ Traube Eis \/ Beeren Eis \/ Aloe Mango Melone<\/p>\n<\/li>\n<li data-start=\"2127\" data-end=\"2203\">\n<p data-start=\"2130\" data-end=\"2203\">Energydrink \/ Blaubeere Wassermelone \/ Sauer Apfel Himbeere \/ Gummib\u00e4rchen<\/p>\n<\/li>\n<li data-start=\"2204\" data-end=\"2271\">\n<p data-start=\"2207\" data-end=\"2271\">Erdbeer Mango \/ Wassermelone Kaugummi \/ Roter Mojito \/ LOVE66<\/p>\n<\/li>\n<li data-start=\"2272\" data-end=\"2343\">\n<p data-start=\"2275\" data-end=\"2343\">Erdbeer Wassermelone \/ Black Ice \/ Triple Melone \/ Cranberry Traube<\/p>\n<\/li>\n<li data-start=\"2344\" data-end=\"2434\">\n<p data-start=\"2348\" data-end=\"2434\">Erdbeer Wassermelone \/ Kiwi Passionsfrucht Guave \/ Mango Ice \/ Wassermelone Sauerkirsche<\/p>\n<\/li>\n<\/ol>\n<figure id=\"attachment_4548\" aria-describedby=\"caption-attachment-4548\" style=\"width: 300px\" class=\"wp-caption alignnone\"><img decoding=\"async\" class=\"size-medium wp-image-4548\" src=\"https:\/\/vapestornado.com\/wp-content\/uploads\/2025\/11\/UOR-4-in-1-Flavors-120K-Puffs-4-Distinct-Flavors-Smart-Screen-Vape-300x300.webp\" alt=\"UOR 4-in-1 Geschmacksrichtungen 120.000 Z\u00fcge 4 Unterschiedliche Geschmacksrichtungen Smart Screen Vape\" width=\"300\" height=\"300\" srcset=\"https:\/\/vapestornado.com\/wp-content\/uploads\/2025\/11\/UOR-4-in-1-Flavors-120K-Puffs-4-Distinct-Flavors-Smart-Screen-Vape-300x300.webp 300w, https:\/\/vapestornado.com\/wp-content\/uploads\/2025\/11\/UOR-4-in-1-Flavors-120K-Puffs-4-Distinct-Flavors-Smart-Screen-Vape-150x150.webp 150w, https:\/\/vapestornado.com\/wp-content\/uploads\/2025\/11\/UOR-4-in-1-Flavors-120K-Puffs-4-Distinct-Flavors-Smart-Screen-Vape-768x768.webp 768w, https:\/\/vapestornado.com\/wp-content\/uploads\/2025\/11\/UOR-4-in-1-Flavors-120K-Puffs-4-Distinct-Flavors-Smart-Screen-Vape-12x12.webp 12w, https:\/\/vapestornado.com\/wp-content\/uploads\/2025\/11\/UOR-4-in-1-Flavors-120K-Puffs-4-Distinct-Flavors-Smart-Screen-Vape-600x600.webp 600w, https:\/\/vapestornado.com\/wp-content\/uploads\/2025\/11\/UOR-4-in-1-Flavors-120K-Puffs-4-Distinct-Flavors-Smart-Screen-Vape-100x100.webp 100w, https:\/\/vapestornado.com\/wp-content\/uploads\/2025\/11\/UOR-4-in-1-Flavors-120K-Puffs-4-Distinct-Flavors-Smart-Screen-Vape.webp 800w\" sizes=\"(max-width: 300px) 100vw, 300px\" \/><figcaption id=\"caption-attachment-4548\" class=\"wp-caption-text\">UOR 4-in-1 Geschmacksrichtungen 120.000 Z\u00fcge 4 Unterschiedliche Geschmacksrichtungen Smart Screen Vape<\/figcaption><\/figure>\n<h2>Warum Vapestornado f\u00fcr den Gro\u00dfkauf von UOR 120.000 Z\u00fcgen w\u00e4hlen?<\/h2>\n<div class=\"flex-shrink-0 flex flex-col relative items-end\">\n<div class=\"pt-0\">\n<div class=\"gizmo-bot-avatar flex h-8 w-8 items-center justify-center overflow-hidden rounded-full\">\n<div class=\"relative p-1 rounded-sm flex items-center justify-center bg-token-main-surface-primary text-token-text-primary h-8 w-8\">\n<p>At\u00a0<strong>Vapes Tornado<\/strong>, sind wir stolz darauf,\u00a0<strong>erstklassige Dampfprodukte zu unschlagbaren Preisen<\/strong>\u00a0Hier ist der Grund, warum Sie bei uns kaufen sollten:<\/p>\n<p data-start=\"235\" data-end=\"360\"><strong data-start=\"235\" data-end=\"261\">Beste Gro\u00dfhandelsangebote<\/strong> \u2013 Genie\u00dfen Sie <strong data-start=\"270\" data-end=\"297\">hochmargige Gro\u00dfhandelspreise<\/strong> ma\u00dfgeschneidert f\u00fcr Wiederverk\u00e4ufer, Vape-Distributoren und Einzelhandelsgesch\u00e4fte.<\/p>\n<p data-start=\"362\" data-end=\"513\"><strong data-start=\"362\" data-end=\"400\">\u2714 Schneller &amp; Sicherer weltweiter Versand<\/strong> \u2013 Wir sorgen f\u00fcr <strong data-start=\"413\" data-end=\"443\">schnelle, verfolgte Lieferung<\/strong> in ganz Europa und dar\u00fcber hinaus, damit Ihr Lager sicher und p\u00fcnktlich ankommt.<\/p>\n<p data-start=\"515\" data-end=\"646\"><strong data-start=\"515\" data-end=\"542\">\u2714 100% Originalprodukte<\/strong> \u2013 Jeder <strong data-start=\"551\" data-end=\"578\">WASPE Triple 60000 Vape<\/strong> den wir verkaufen, ist <strong data-start=\"590\" data-end=\"625\">authentisch und werkseitig zertifiziert<\/strong>, niemals Nachahmungen.<\/p>\n<p data-start=\"648\" data-end=\"799\"><strong data-start=\"648\" data-end=\"676\">\u2714 Engagiertes Support-Team<\/strong> \u2013 Brauchen Sie Hilfe? Unsere <strong data-start=\"694\" data-end=\"733\">Vape-Spezialisten sind 24\/7 verf\u00fcgbar<\/strong>, bereit, Ihre Fragen zu beantworten und bei Bestellungen jederzeit zu helfen.<\/p>\n<p>&nbsp;<\/p>\n<p data-start=\"559\" data-end=\"933\" data-is-last-node=\"\" data-is-only-node=\"\">Wir haben auch einige andere beliebte Einweg-Vapes mit Bildschirm wie <a href=\"https:\/\/vapestornado.com\/de\/product\/uzy-150k-puffs-6-in-1-flavor-switch-disposable-vape-pen-wholesale\/\">UZY 150K Puff Geschmackswechsel-Vape<\/a>, <a href=\"https:\/\/vapestornado.com\/de\/product\/vozol-rave-40k-40000-puffs-disposable-vape-smart-screen-5-nicotine\/\">VOZOL RAVE 40K Einweg-Vape<\/a>, <a href=\"https:\/\/vapestornado.com\/de\/product\/waspe-150k-150000-puff-6-in-1-disposable-vape-pen-cartridge-best-wholesale-price-in-poland\/\">WASPE 150K Puffs 6 in 1<\/a>, und mehr.<\/p>\n<\/div>\n<div class=\"relative p-1 rounded-sm flex items-center justify-center bg-token-main-surface-primary text-token-text-primary h-8 w-8\">\n<h2>FAQS zu UOR 120.000 Z\u00fcgen<\/h2>\n<p data-start=\"2474\" data-end=\"2646\"><strong data-start=\"2474\" data-end=\"2523\">1. Wie funktioniert das System zum Wechseln der Geschmacksrichtungen?<\/strong><br data-start=\"2523\" data-end=\"2526\" \/>Der <strong data-start=\"2530\" data-end=\"2559\">Wechselbare Einweg-Vape<\/strong> Das Design verwendet vier separate 16ml Tanks. Drehen Sie den Schalter, um die Geschmacksrichtung sofort zu wechseln.<\/p>\n<p data-start=\"2648\" data-end=\"2797\"><strong data-start=\"2648\" data-end=\"2689\">2. Ist der UOR 120k Zug wiederaufladbar?<\/strong><br data-start=\"2689\" data-end=\"2692\" \/>Ja, er verf\u00fcgt \u00fcber einen <strong data-start=\"2711\" data-end=\"2736\">650mAh Typ-C Akku<\/strong>, der den Nutzern stabile Leistung bietet, bis alle Geschmacksrichtungen aufgebraucht sind.<\/p>\n<p data-start=\"2799\" data-end=\"2917\"><strong data-start=\"2799\" data-end=\"2836\">3. Welche Spule verwendet das Ger\u00e4t?<\/strong><br data-start=\"2836\" data-end=\"2839\" \/>Es verwendet eine <strong data-start=\"2849\" data-end=\"2867\">1.0\u03a9 Mesh-Spule<\/strong>, optimiert f\u00fcr sanften Dampf und pr\u00e4zisen Geschmack.<\/p>\n<p data-start=\"2919\" data-end=\"3102\"><strong data-start=\"2919\" data-end=\"2967\">4. Ist das f\u00fcr Gro\u00dfbestellungen in Deutschland geeignet?<\/strong><br data-start=\"2967\" data-end=\"2970\" \/>Absolut \u2014 das <strong data-start=\"2987\" data-end=\"3006\">UOR 120000 Zug<\/strong> ist ein starker Performer in <strong data-start=\"3032\" data-end=\"3053\">Vape Gro\u00dfhandel in der EU<\/strong>, mit hoher Zugzahl und Mehrfach-Geschmacksvielfalt.<\/p>\n<p data-start=\"3104\" data-end=\"3259\"><strong data-start=\"3104\" data-end=\"3145\">5. Ist dieses Ger\u00e4t f\u00fcr Neueinsteiger geeignet?<\/strong><br data-start=\"3145\" data-end=\"3148\" \/>Ja. Es ist ein <strong data-start=\"3161\" data-end=\"3188\">Digitale Einweg-Vape<\/strong> mit Zieh-Aktivierung und einfachem Schalten, erfordert keine Wartung.<\/p>\n<\/div>\n<\/div>\n<\/div>\n<\/div>","protected":false},"excerpt":{"rendered":"<article class=\"text-token-text-primary w-full focus:outline-none [--shadow-height:45px] has-data-writing-block:pointer-events-none has-data-writing-block:-mt-(--shadow-height) has-data-writing-block:pt-(--shadow-height) [&amp;:has([data-writing-block])&gt;*]:pointer-events-auto [content-visibility:auto] supports-[content-visibility:auto]:[contain-intrinsic-size:auto_100lvh] scroll-mt-[calc(var(--header-height)+min(200px,max(70px,20svh)))]\" dir=\"auto\" tabindex=\"-1\" data-turn-id=\"86ca9d92-7a10-4e6b-bda0-15f9df36adca\" data-testid=\"conversation-turn-120\" data-scroll-anchor=\"true\" data-turn=\"assistant\">\n<div class=\"text-base my-auto mx-auto pb-10 [--thread-content-margin:--spacing(4)] thread-sm:[--thread-content-margin:--spacing(6)] thread-lg:[--thread-content-margin:--spacing(16)] px-(--thread-content-margin)\">\n<div class=\"[--thread-content-max-width:40rem] thread-lg:[--thread-content-max-width:48rem] mx-auto max-w-(--thread-content-max-width) flex-1 group\/turn-messages focus-visible:outline-hidden relative flex w-full min-w-0 flex-col agent-turn\" tabindex=\"-1\">\n<div class=\"flex max-w-full flex-col grow\">\n<div class=\"min-h-8 text-message relative flex w-full flex-col items-end gap-2 text-start break-words whitespace-normal [.text-message+&amp;]:mt-1\" dir=\"auto\" data-message-author-role=\"assistant\" data-message-id=\"43b070d6-bf28-4fbe-8049-1032a61ea3ac\" data-message-model-slug=\"gpt-5\">\n<div class=\"flex w-full flex-col gap-1 empty:hidden first:pt-[1px]\">\n<div class=\"markdown prose dark:prose-invert w-full break-words light markdown-new-styling\">\n<article class=\"text-token-text-primary w-full focus:outline-none [--shadow-height:45px] has-data-writing-block:pointer-events-none has-data-writing-block:-mt-(--shadow-height) has-data-writing-block:pt-(--shadow-height) [&amp;:has([data-writing-block])&gt;*]:pointer-events-auto [content-visibility:auto] supports-[content-visibility:auto]:[contain-intrinsic-size:auto_100lvh] scroll-mt-[calc(var(--header-height)+min(200px,max(70px,20svh)))]\" dir=\"auto\" tabindex=\"-1\" data-turn-id=\"4d6f00b8-d41a-438b-8912-05a895842882\" data-testid=\"conversation-turn-130\" data-scroll-anchor=\"true\" data-turn=\"assistant\">\n<div class=\"text-base my-auto mx-auto pb-10 [--thread-content-margin:--spacing(4)] thread-sm:[--thread-content-margin:--spacing(6)] thread-lg:[--thread-content-margin:--spacing(16)] px-(--thread-content-margin)\">\n<div class=\"[--thread-content-max-width:40rem] thread-lg:[--thread-content-max-width:48rem] mx-auto max-w-(--thread-content-max-width) flex-1 group\/turn-messages focus-visible:outline-hidden relative flex w-full min-w-0 flex-col agent-turn\" tabindex=\"-1\">\n<div class=\"flex max-w-full flex-col grow\">\n<div class=\"min-h-8 text-message relative flex w-full flex-col items-end gap-2 text-start break-words whitespace-normal [.text-message+&amp;]:mt-1\" dir=\"auto\" data-message-author-role=\"assistant\" data-message-id=\"f3c520bf-c043-4392-87ea-b3bf1b3ae6d3\" data-message-model-slug=\"gpt-5-1\">\n<div class=\"flex w-full flex-col gap-1 empty:hidden first:pt-[1px]\">\n<div class=\"markdown prose dark:prose-invert w-full break-words light markdown-new-styling\">\n<p data-start=\"3562\" data-end=\"3657\"><strong data-start=\"3562\" data-end=\"3655\">UOR 120K Puff 4-Geschmacksrichtungen Switch Vape \u2013 120000 Puff Wiederaufladbare Einweg-Vape f\u00fcr Gro\u00dfhandel in der EU<\/strong><\/p>\n<p data-start=\"3661\" data-end=\"3753\"><strong data-start=\"3661\" data-end=\"3751\">Kaufen Sie UOR 120000 Puff online \u2013 Multi-Geschmacks-Digitale Einweg-Vape mit Typ-C-Ladung<\/strong><\/p>\n<p data-start=\"3757\" data-end=\"3844\" data-is-last-node=\"\"><strong data-start=\"3757\" data-end=\"3844\" data-is-last-node=\"\">UOR 120K 4-in-1 Vape \u2013 120000 Puff Langlebige Einweg-Vape f\u00fcr Einzelhandel &amp; Gro\u00dfbestellungen in der EU<\/strong><\/p>\n<\/div>\n<\/div>\n<\/div>\n<\/div>\n<div class=\"z-0 flex min-h-[46px] justify-start\"><\/div>\n<div class=\"mt-3 w-full empty:hidden\">\n<div class=\"text-center\"><\/div>\n<\/div>\n<\/div>\n<\/div>\n<\/article>\n<div class=\"pointer-events-none h-px w-px\" aria-hidden=\"true\" data-edge=\"true\"><\/div>\n<\/div>\n<\/div>\n<\/div>\n<\/div>\n<\/div>\n<\/div>\n<\/article>\n<p><img fetchpriority=\"high\" decoding=\"async\" class=\"size-full wp-image-2932\" src=\"https:\/\/vapestornado.com\/wp-content\/uploads\/2024\/12\/Vape-Wholesale.jpg\" alt=\"Vape-Gro\u00dfhandel\" width=\"229\" height=\"300\" \/><\/p>\n<h3><a href=\"https:\/\/wa.me\/8617776015835\"><span style=\"color: #ff0000;\"><strong>WhatsApp: +86 17776015835<\/strong><\/span><\/a><\/h3>\n<p>&nbsp;<\/p>","protected":false},"featured_media":4547,"comment_status":"open","ping_status":"closed","template":"","meta":{"_acf_changed":false,"_uag_custom_page_level_css":"","_lmt_disableupdate":"no","_lmt_disable":"","_monsterinsights_skip_tracking":false,"_monsterinsights_sitenote_active":false,"_monsterinsights_sitenote_note":"","_monsterinsights_sitenote_category":0,"site-sidebar-layout":"default","site-content-layout":"","ast-site-content-layout":"default","site-content-style":"default","site-sidebar-style":"default","ast-global-header-display":"","ast-banner-title-visibility":"","ast-main-header-display":"","ast-hfb-above-header-display":"","ast-hfb-below-header-display":"","ast-hfb-mobile-header-display":"","site-post-title":"","ast-breadcrumbs-content":"","ast-featured-img":"","footer-sml-layout":"","ast-disable-related-posts":"","theme-transparent-header-meta":"default","adv-header-id-meta":"","stick-header-meta":"","header-above-stick-meta":"","header-main-stick-meta":"","header-below-stick-meta":"","astra-migrate-meta-layouts":"set","ast-page-background-enabled":"default","ast-page-background-meta":{"desktop":{"background-color":"","background-image":"","background-repeat":"repeat","background-position":"center center","background-size":"auto","background-attachment":"scroll","background-type":"","background-media":"","overlay-type":"","overlay-color":"","overlay-opacity":"","overlay-gradient":""},"tablet":{"background-color":"","background-image":"","background-repeat":"repeat","background-position":"center center","background-size":"auto","background-attachment":"scroll","background-type":"","background-media":"","overlay-type":"","overlay-color":"","overlay-opacity":"","overlay-gradient":""},"mobile":{"background-color":"","background-image":"","background-repeat":"repeat","background-position":"center center","background-size":"auto","background-attachment":"scroll","background-type":"","background-media":"","overlay-type":"","overlay-color":"","overlay-opacity":"","overlay-gradient":""}},"ast-content-background-meta":{"desktop":{"background-color":"var(--ast-global-color-5)","background-image":"","background-repeat":"repeat","background-position":"center center","background-size":"auto","background-attachment":"scroll","background-type":"","background-media":"","overlay-type":"","overlay-color":"","overlay-opacity":"","overlay-gradient":""},"tablet":{"background-color":"var(--ast-global-color-5)","background-image":"","background-repeat":"repeat","background-position":"center center","background-size":"auto","background-attachment":"scroll","background-type":"","background-media":"","overlay-type":"","overlay-color":"","overlay-opacity":"","overlay-gradient":""},"mobile":{"background-color":"var(--ast-global-color-5)","background-image":"","background-repeat":"repeat","background-position":"center center","background-size":"auto","background-attachment":"scroll","background-type":"","background-media":"","overlay-type":"","overlay-color":"","overlay-opacity":"","overlay-gradient":""}},"_joinchat":{"telephone":"17776015835"}},"product_brand":[],"product_cat":[347,149,150,156,143,357,146],"product_tag":[105,427,94,436,434,433,435,301],"class_list":{"0":"post-4544","1":"product","2":"type-product","3":"status-publish","4":"has-post-thumbnail","6":"product_cat-120000-puff","7":"product_cat-buy-disposable-vapes-in-austria","8":"product_cat-buy-disposable-vapes-in-belgium","9":"product_cat-buy-disposable-vapes-in-poland","10":"product_cat-dual-mesh-disposable-vapes","11":"product_cat-flavor-adjustable-vape","12":"product_cat-rechargeable-disposable-vapes","13":"product_tag-digital-disposable-vape","14":"product_tag-multi-flaovr-vape","15":"product_tag-rechargeable-disposable-vape","16":"product_tag-shop-vape-online","17":"product_tag-uor-120000-puffs","18":"product_tag-uor-120k-puff","19":"product_tag-vape-eu-wholesale","20":"product_tag-vapor-wholesale","21":"desktop-align-left","22":"tablet-align-left","23":"mobile-align-left","25":"first","26":"instock","27":"sale","28":"shipping-taxable","29":"purchasable","30":"product-type-simple"},"acf":[],"uagb_featured_image_src":{"full":["https:\/\/vapestornado.com\/wp-content\/uploads\/2025\/11\/The-UOR-120K-is-very-popular-in-the-European-Disposable-Vape-Wholesale.webp",800,800,false],"thumbnail":["https:\/\/vapestornado.com\/wp-content\/uploads\/2025\/11\/The-UOR-120K-is-very-popular-in-the-European-Disposable-Vape-Wholesale-150x150.webp",150,150,true],"medium":["https:\/\/vapestornado.com\/wp-content\/uploads\/2025\/11\/The-UOR-120K-is-very-popular-in-the-European-Disposable-Vape-Wholesale-300x300.webp",300,300,true],"medium_large":["https:\/\/vapestornado.com\/wp-content\/uploads\/2025\/11\/The-UOR-120K-is-very-popular-in-the-European-Disposable-Vape-Wholesale-768x768.webp",768,768,true],"large":["https:\/\/vapestornado.com\/wp-content\/uploads\/2025\/11\/The-UOR-120K-is-very-popular-in-the-European-Disposable-Vape-Wholesale.webp",800,800,false],"1536x1536":["https:\/\/vapestornado.com\/wp-content\/uploads\/2025\/11\/The-UOR-120K-is-very-popular-in-the-European-Disposable-Vape-Wholesale.webp",800,800,false],"2048x2048":["https:\/\/vapestornado.com\/wp-content\/uploads\/2025\/11\/The-UOR-120K-is-very-popular-in-the-European-Disposable-Vape-Wholesale.webp",800,800,false],"trp-custom-language-flag":["https:\/\/vapestornado.com\/wp-content\/uploads\/2025\/11\/The-UOR-120K-is-very-popular-in-the-European-Disposable-Vape-Wholesale-12x12.webp",12,12,true],"woocommerce_thumbnail":["https:\/\/vapestornado.com\/wp-content\/uploads\/2025\/11\/The-UOR-120K-is-very-popular-in-the-European-Disposable-Vape-Wholesale-300x300.webp",300,300,true],"woocommerce_single":["https:\/\/vapestornado.com\/wp-content\/uploads\/2025\/11\/The-UOR-120K-is-very-popular-in-the-European-Disposable-Vape-Wholesale-600x600.webp",600,600,true],"woocommerce_gallery_thumbnail":["https:\/\/vapestornado.com\/wp-content\/uploads\/2025\/11\/The-UOR-120K-is-very-popular-in-the-European-Disposable-Vape-Wholesale-100x100.webp",100,100,true]},"uagb_author_info":{"display_name":"ESAMY","author_link":"https:\/\/vapestornado.com\/de\/author\/"},"uagb_comment_info":1,"uagb_excerpt":"UOR 120K Puff 4-Flavor Switch Vape \u2013 120000 Puff Rechargeable Disposable for EU Wholesale Buy UOR 120000 Puff Online \u2013 Multi-Flavor Digital Disposable Vape with Type-C Charging UOR 120K 4-in-1 Vape \u2013 120000 Puff Long-Life Disposable for EU Retail &amp; Bulk Orders WhatsApp: +86 17776015835 &nbsp;","_links":{"self":[{"href":"https:\/\/vapestornado.com\/de\/wp-json\/wp\/v2\/product\/4544","targetHints":{"allow":["GET"]}}],"collection":[{"href":"https:\/\/vapestornado.com\/de\/wp-json\/wp\/v2\/product"}],"about":[{"href":"https:\/\/vapestornado.com\/de\/wp-json\/wp\/v2\/types\/product"}],"replies":[{"embeddable":true,"href":"https:\/\/vapestornado.com\/de\/wp-json\/wp\/v2\/comments?post=4544"}],"wp:featuredmedia":[{"embeddable":true,"href":"https:\/\/vapestornado.com\/de\/wp-json\/wp\/v2\/media\/4547"}],"wp:attachment":[{"href":"https:\/\/vapestornado.com\/de\/wp-json\/wp\/v2\/media?parent=4544"}],"wp:term":[{"taxonomy":"product_brand","embeddable":true,"href":"https:\/\/vapestornado.com\/de\/wp-json\/wp\/v2\/product_brand?post=4544"},{"taxonomy":"product_cat","embeddable":true,"href":"https:\/\/vapestornado.com\/de\/wp-json\/wp\/v2\/product_cat?post=4544"},{"taxonomy":"product_tag","embeddable":true,"href":"https:\/\/vapestornado.com\/de\/wp-json\/wp\/v2\/product_tag?post=4544"}],"curies":[{"name":"wp","href":"https:\/\/api.w.org\/{rel}","templated":true}]}}