{"id":4529,"date":"2025-11-12T03:26:29","date_gmt":"2025-11-12T03:26:29","guid":{"rendered":"https:\/\/vapestornado.com\/?post_type=product&#038;p=4529"},"modified":"2025-11-12T04:00:35","modified_gmt":"2025-11-12T04:00:35","slug":"uzy-150k-puffs-6-in-1-flavor-switch-disposable-vape-pen-wholesale","status":"publish","type":"product","link":"https:\/\/vapestornado.com\/de\/product\/uzy-150k-puffs-6-in-1-flavor-switch-disposable-vape-pen-wholesale\/","title":{"rendered":"UZY 150K Z\u00fcge 6-in-1 Geschmackswechsel Einweg-Vape-Stift Gro\u00dfhandel"},"content":{"rendered":"<h2 data-pm-slice=\"1 1 []\">UZY 150K Z\u00fcge 6-in-1 Geschmackswechsel Einweg-Vape-Stift Gro\u00dfhandel \u2013 F\u00fcr Leistung, Stil &amp; Gro\u00dfhandelsgewinn gebaut<\/h2>\n<p data-start=\"120\" data-end=\"663\">Der <strong data-start=\"124\" data-end=\"162\">UZY 150K Z\u00fcge Einweg-Vape-Stift<\/strong> definiert Ausdauer und Vielseitigkeit f\u00fcr den heutigen Vaping-Markt neu. Entwickelt mit einem <strong data-start=\"244\" data-end=\"275\">6-in-1 Geschmackswechselsystem<\/strong>, dies <strong data-start=\"282\" data-end=\"319\">Geschmackswechsel Einweg-Vape-Stift<\/strong> erm\u00f6glicht es Nutzern, mit einem einfachen Klick sofort zwischen sechs einzigartigen Mischungen zu wechseln \u2014 von <strong data-start=\"401\" data-end=\"418\">Blaubeereis<\/strong> to <strong data-start=\"422\" data-end=\"437\">Pfirsich Zitrone<\/strong>, jeder Zug trifft mit Klarheit und Frische. Entwickelt f\u00fcr <strong data-start=\"496\" data-end=\"518\">Vape-Stift Gro\u00dfhandel<\/strong> K\u00e4ufer in Europa, <strong data-start=\"541\" data-end=\"560\">UZY 150000 Zug<\/strong> bietet unschlagbare Langlebigkeit und Stil, die zum Lebensstil junger, aktiver Verbraucher im Alter von 25\u201335 Jahren passt.<\/p>\n<p data-start=\"665\" data-end=\"1277\">Mit einem <strong data-start=\"672\" data-end=\"705\">massive 150.000 Zug Kapazit\u00e4t<\/strong>, einem <strong data-start=\"709\" data-end=\"740\">wiederaufladbarer 650mAh Akku<\/strong>und ein <strong data-start=\"748\" data-end=\"777\">Type-C Schnellladeanschluss<\/strong>, das UZY 150K Z\u00fcge sorgt f\u00fcr ununterbrochenes Dampfen \u00fcber Wochen. Es <strong data-start=\"842\" data-end=\"867\">Quad-Mesh-Spule (1,0\u03a9)<\/strong> und <strong data-start=\"872\" data-end=\"899\">64ml E-Liquid-Reservoir<\/strong> liefert dichten Dampf und reinen Geschmack mit gleichbleibender Qualit\u00e4t. Das <strong data-start=\"953\" data-end=\"973\">intelligente LED-Display<\/strong> zeigt deutlich die Batterielebensdauer, Zugmodus und E-Liquid-Stand, w\u00e4hrend das <strong data-start=\"1044\" data-end=\"1082\">kristallin inspirierte transparente Geh\u00e4use<\/strong> und mutiges Affen-Grafikdesign es in jeder Produktlinie hervorheben. Erh\u00e4ltlich in <strong data-start=\"1160\" data-end=\"1190\">0%, 2%, 3% und 5% Nikotin<\/strong> St\u00e4rken, spricht sowohl Gelegenheitspuffer als auch erfahrene Dampfer an, die flexible Optionen suchen.<\/p>\n<p data-start=\"1279\" data-end=\"1604\">Perfekt f\u00fcr <strong data-start=\"1291\" data-end=\"1331\">EU-Dampferh\u00e4ndler und Gro\u00dfh\u00e4ndler<\/strong>, ist der <strong data-start=\"1337\" data-end=\"1367\">UZY 150K Z\u00fcge 6-in-1 Vape<\/strong> verbindet Stil, Leistung und Geschmacksvielfalt in einem margenstarken, schnell verkaufenden Ger\u00e4t. Von <strong data-start=\"1460\" data-end=\"1480\">Deutschland bis Polen<\/strong>, ist die erste Wahl <strong data-start=\"1497\" data-end=\"1530\">Einweg-Dampfer-Pen-Gro\u00dfhandel<\/strong> L\u00f6sung f\u00fcr H\u00e4ndler, die Qualit\u00e4t, Design und Nachfrage in einem vereinen m\u00f6chten.<\/p>\n<p data-start=\"666\" data-end=\"1235\"><strong style=\"font-size: 16px;\"><span style=\"color: #ff0000;\">macht.<\/span><\/strong><\/p>\n<p><img fetchpriority=\"high\" decoding=\"async\" class=\"size-full wp-image-2932\" src=\"https:\/\/vapestornado.com\/wp-content\/uploads\/2024\/12\/Vape-Wholesale.jpg\" alt=\"Vape-Gro\u00dfhandel\" width=\"229\" height=\"300\" \/><\/p>\n<h3><a href=\"https:\/\/wa.me\/8617776015835\" target=\"_blank\" rel=\"noopener\"><span style=\"color: #ff0000;\"><strong>WhatsApp: +86 17776015835<\/strong><\/span><\/a><\/h3>\n<p>&nbsp;<\/p>\n<h2><strong>UZY 150K Puff Bar Schl\u00fcsselmerkmale<\/strong><\/h2>\n<ul>\n<li data-start=\"1639\" data-end=\"1696\">\n<p data-start=\"1641\" data-end=\"1696\">Zugkapazit\u00e4t: <strong data-start=\"1656\" data-end=\"1694\">150.000 Z\u00fcge (Ultra-Langlebig)<\/strong><\/p>\n<\/li>\n<li data-start=\"1697\" data-end=\"1745\">\n<p data-start=\"1699\" data-end=\"1745\">Geschmacksmodus: <strong data-start=\"1712\" data-end=\"1743\">6-in-1 Geschmacksumschalt-System<\/strong><\/p>\n<\/li>\n<li data-start=\"1746\" data-end=\"1786\">\n<p data-start=\"1748\" data-end=\"1786\">Spulentyp: <strong data-start=\"1759\" data-end=\"1784\">Quad-Mesh-Spule (1,0\u03a9)<\/strong><\/p>\n<\/li>\n<li data-start=\"1787\" data-end=\"1832\">\n<p data-start=\"1789\" data-end=\"1832\">E-Liquid-Volumen: <strong data-start=\"1806\" data-end=\"1830\">64ml vorgef\u00fcllter Tank<\/strong><\/p>\n<\/li>\n<li data-start=\"1833\" data-end=\"1874\">\n<p data-start=\"1835\" data-end=\"1874\">Nikotinst\u00e4rken: <strong data-start=\"1854\" data-end=\"1872\">0%, 2%, 3%, 5%<\/strong><\/p>\n<\/li>\n<li data-start=\"1875\" data-end=\"1928\">\n<p data-start=\"1877\" data-end=\"1928\">Batterie: <strong data-start=\"1886\" data-end=\"1926\">650mAh wiederaufladbar, Typ-C-Ladung<\/strong><\/p>\n<\/li>\n<li data-start=\"1929\" data-end=\"1990\">\n<p data-start=\"1931\" data-end=\"1990\">Anzeige: <strong data-start=\"1940\" data-end=\"1988\">Intelligentes LED-Display (Batterie- &amp; Juice-Anzeige)<\/strong><\/p>\n<\/li>\n<li data-start=\"1991\" data-end=\"2047\">\n<p data-start=\"1993\" data-end=\"2047\">Design: <strong data-start=\"2001\" data-end=\"2045\">Kristallklarer transparenter K\u00f6rper, Affen-Grafik<\/strong><\/p>\n<\/li>\n<li data-start=\"2048\" data-end=\"2077\">\n<p data-start=\"2050\" data-end=\"2077\">Gewicht: <strong data-start=\"2058\" data-end=\"2075\">120g pro Einheit<\/strong><\/p>\n<\/li>\n<li data-start=\"2078\" data-end=\"2133\">\n<p data-start=\"2080\" data-end=\"2133\">Verpackung: <strong data-start=\"2091\" data-end=\"2131\">10 St\u00fcck\/Box, 120 St\u00fcck\/Karton (G.W. 18kg)<\/strong><\/p>\n<\/li>\n<\/ul>\n<figure id=\"attachment_4523\" aria-describedby=\"caption-attachment-4523\" style=\"width: 300px\" class=\"wp-caption alignnone\"><img decoding=\"async\" class=\"size-medium wp-image-4523\" src=\"https:\/\/vapestornado.com\/wp-content\/uploads\/2025\/11\/UZY-150K-High-Puff-6-in-1-Monkey-Vape-300x300.webp\" alt=\"UZY 150K High Puff 6 in 1 Affen-Vape\" width=\"300\" height=\"300\" srcset=\"https:\/\/vapestornado.com\/wp-content\/uploads\/2025\/11\/UZY-150K-High-Puff-6-in-1-Monkey-Vape-300x300.webp 300w, https:\/\/vapestornado.com\/wp-content\/uploads\/2025\/11\/UZY-150K-High-Puff-6-in-1-Monkey-Vape-150x150.webp 150w, https:\/\/vapestornado.com\/wp-content\/uploads\/2025\/11\/UZY-150K-High-Puff-6-in-1-Monkey-Vape-768x768.webp 768w, https:\/\/vapestornado.com\/wp-content\/uploads\/2025\/11\/UZY-150K-High-Puff-6-in-1-Monkey-Vape-12x12.webp 12w, https:\/\/vapestornado.com\/wp-content\/uploads\/2025\/11\/UZY-150K-High-Puff-6-in-1-Monkey-Vape-600x600.webp 600w, https:\/\/vapestornado.com\/wp-content\/uploads\/2025\/11\/UZY-150K-High-Puff-6-in-1-Monkey-Vape-100x100.webp 100w, https:\/\/vapestornado.com\/wp-content\/uploads\/2025\/11\/UZY-150K-High-Puff-6-in-1-Monkey-Vape.webp 800w\" sizes=\"(max-width: 300px) 100vw, 300px\" \/><figcaption id=\"caption-attachment-4523\" class=\"wp-caption-text\">UZY 150K High Puff 6 in 1 Affen-Vape<\/figcaption><\/figure>\n<h2 class=\"product-title\"><strong>UZY 150K 150000 Z\u00fcge Einweg-Vaper Geschmacksliste<\/strong><\/h2>\n<article class=\"w-full text-token-text-primary focus-visible:outline-2 focus-visible:outline-offset-[-4px]\" dir=\"auto\" data-testid=\"conversation-turn-32\" data-scroll-anchor=\"false\">\n<div class=\"m-auto text-base py-[18px] px-6\">\n<div class=\"mx-auto flex flex-1 text-base gap-4 md:gap-5 lg:gap-6 md:max-w-3xl lg:max-w-[40rem] xl:max-w-[48rem]\">\n<div class=\"group\/conversation-turn relative flex w-full min-w-0 flex-col @xs\/thread:px-0 @sm\/thread:px-1.5 @md\/thread:px-4\">\n<div class=\"flex-col gap-1 md:gap-3\">\n<div class=\"flex max-w-full flex-col flex-grow\">\n<div class=\"min-h-8 text-message flex w-full flex-col items-end gap-2 whitespace-normal break-words text-start [.text-message+&amp;]:mt-5\" dir=\"auto\" data-message-author-role=\"user\" data-message-id=\"ffac41ca-1db4-431b-873a-32c4052956f1\">\n<div class=\"flex w-full flex-col gap-1 empty:hidden items-end rtl:items-start\">\n<div class=\"relative max-w-[var(--user-chat-width,70%)] rounded-3xl bg-token-message-surface px-5 py-2.5\">\n<div class=\"absolute bottom-0 right-full top-0 -mr-3.5 hidden pr-5 pt-2 [.group\/conversation-turn:hover_&amp;]:flex\">\n<div class=\"flex\">\n<article class=\"w-full text-token-text-primary focus-visible:outline-2 focus-visible:outline-offset-[-4px]\" dir=\"auto\" data-testid=\"conversation-turn-39\" data-scroll-anchor=\"true\">\n<div class=\"m-auto text-base py-[18px] px-6\">\n<div class=\"mx-auto flex flex-1 text-base gap-4 md:gap-5 lg:gap-6 md:max-w-3xl lg:max-w-[40rem] xl:max-w-[48rem]\">\n<div class=\"group\/conversation-turn relative flex w-full min-w-0 flex-col agent-turn @xs\/thread:px-0 @sm\/thread:px-1.5 @md\/thread:px-4\">\n<div class=\"flex-col gap-1 md:gap-3\">\n<div class=\"flex max-w-full flex-col flex-grow\">\n<div class=\"min-h-8 text-message flex w-full flex-col items-end gap-2 whitespace-normal break-words text-start [.text-message+&amp;]:mt-5\" dir=\"auto\" data-message-author-role=\"assistant\" data-message-id=\"55a23854-ec57-48dd-bd4f-6118f43d6241\" data-message-model-slug=\"gpt-4o\">\n<div class=\"flex w-full flex-col gap-1 empty:hidden first:pt-[3px]\">\n<div class=\"markdown prose w-full break-words dark:prose-invert light\">\n<ol data-start=\"2191\" data-end=\"2733\">\n<li data-start=\"2191\" data-end=\"2253\">\n<p data-start=\"2194\" data-end=\"2253\">Wassermelonen-Eis \/ Erdbeer-Mamba \/ Erdbeer-Wassermelone<\/p>\n<\/li>\n<li data-start=\"2254\" data-end=\"2313\">\n<p data-start=\"2257\" data-end=\"2313\">Blaubeer-Eis \/ Himbeer-Zitrone \/ Wassermelonen-Kaugummi<\/p>\n<\/li>\n<li data-start=\"2314\" data-end=\"2368\">\n<p data-start=\"2317\" data-end=\"2368\">Erdbeer-Kiwi \/ Blaubeer-Kokosnuss \/ Gemischte Beeren<\/p>\n<\/li>\n<li data-start=\"2369\" data-end=\"2420\">\n<p data-start=\"2372\" data-end=\"2420\">Trauben-Eis \/ Mango-Pfirsich \/ Blaubeer-Wassermelone<\/p>\n<\/li>\n<li data-start=\"2421\" data-end=\"2477\">\n<p data-start=\"2424\" data-end=\"2477\">Blaubeere Himbeere \/ Dreifacher Melone \/ Erdbeere Eis<\/p>\n<\/li>\n<li data-start=\"2478\" data-end=\"2527\">\n<p data-start=\"2481\" data-end=\"2527\">Erdbeere Kiwi \/ Blaubeere Eis \/ Kirsche Eis<\/p>\n<\/li>\n<li data-start=\"2528\" data-end=\"2581\">\n<p data-start=\"2531\" data-end=\"2581\">Kiwi Passionsfrucht Guave \/ Pfirsich Zitrone \/ Love 66<\/p>\n<\/li>\n<li data-start=\"2582\" data-end=\"2644\">\n<p data-start=\"2585\" data-end=\"2644\">Erdbeere Drachenfrucht \/ Red Bull \/ Himbeere Wassermelone<\/p>\n<\/li>\n<li data-start=\"2645\" data-end=\"2686\">\n<p data-start=\"2648\" data-end=\"2686\">Pfirsich Eis \/ Zwei \u00c4pfel \/ Dreifacher Mango<\/p>\n<\/li>\n<li data-start=\"2687\" data-end=\"2733\">\n<p data-start=\"2691\" data-end=\"2733\">Gemischte Beeren \/ Sprudelnde Kirsche \/ Pfirsich Zitrone<\/p>\n<\/li>\n<\/ol>\n<p data-start=\"2735\" data-end=\"2978\">Jeder Schalter liefert eine neue Geschmacksexplosion und bietet den Nutzern die Freiheit, mehrere Profile aus einem Ger\u00e4t zu genie\u00dfen \u2014 ein Hauptgrund daf\u00fcr, warum <strong data-start=\"2869\" data-end=\"2887\">UZY 150K Z\u00fcge<\/strong> zu den <strong data-start=\"2910\" data-end=\"2942\">Top-Verkaufseinweg-Vapes<\/strong> auf dem europ\u00e4ischen Gro\u00dfhandelsmarkt geworden ist.<\/p>\n<p>&nbsp;<\/p>\n<\/div>\n<\/div>\n<\/div>\n<\/div>\n<\/div>\n<\/div>\n<\/div>\n<\/div>\n<\/article>\n<\/div>\n<\/div>\n<\/div>\n<\/div>\n<\/div>\n<\/div>\n<\/div>\n<\/div>\n<\/div>\n<\/div>\n<\/article>\n<h2>Warum w\u00e4hlen Sie Vapestornado f\u00fcr den Gro\u00dfkauf von UZY 150K Z\u00fcgen?<\/h2>\n<div class=\"flex-shrink-0 flex flex-col relative items-end\">\n<div class=\"pt-0\">\n<div class=\"gizmo-bot-avatar flex h-8 w-8 items-center justify-center overflow-hidden rounded-full\">\n<div class=\"relative p-1 rounded-sm flex items-center justify-center bg-token-main-surface-primary text-token-text-primary h-8 w-8\">\n<p>At\u00a0<strong>VapeTornado<\/strong>, sind wir stolz darauf,\u00a0<strong>erstklassige Dampfprodukte zu unschlagbaren Preisen<\/strong>\u00a0Hier ist der Grund, warum Sie bei uns kaufen sollten:<\/p>\n<p data-start=\"235\" data-end=\"360\"><strong data-start=\"235\" data-end=\"261\">Beste Gro\u00dfhandelsangebote<\/strong> \u2013 Genie\u00dfen Sie <strong data-start=\"270\" data-end=\"297\">hochmargige Gro\u00dfhandelspreise<\/strong> ma\u00dfgeschneidert f\u00fcr Wiederverk\u00e4ufer, Vape-Distributoren und Einzelhandelsgesch\u00e4fte.<\/p>\n<p data-start=\"362\" data-end=\"513\"><strong data-start=\"362\" data-end=\"400\">\u2714 Schneller &amp; Sicherer weltweiter Versand<\/strong> \u2013 Wir sorgen f\u00fcr <strong data-start=\"413\" data-end=\"443\">schnelle, verfolgte Lieferung<\/strong> in ganz Europa und dar\u00fcber hinaus, damit Ihr Lager sicher und p\u00fcnktlich ankommt.<\/p>\n<p data-start=\"515\" data-end=\"646\"><strong data-start=\"515\" data-end=\"542\">\u2714 100% Originalprodukte<\/strong> \u2013 Jeder <strong data-start=\"551\" data-end=\"578\">WASPE Triple 60000 Vape<\/strong> den wir verkaufen, ist <strong data-start=\"590\" data-end=\"625\">authentisch und werkseitig zertifiziert<\/strong>, niemals Nachahmungen.<\/p>\n<p data-start=\"648\" data-end=\"799\"><strong data-start=\"648\" data-end=\"676\">\u2714 Engagiertes Support-Team<\/strong> \u2013 Brauchen Sie Hilfe? Unsere <strong data-start=\"694\" data-end=\"733\">Vape-Spezialisten sind 24\/7 verf\u00fcgbar<\/strong>, bereit, Ihre Fragen zu beantworten und bei Bestellungen jederzeit zu helfen.<\/p>\n<p>&nbsp;<\/p>\n<p data-start=\"559\" data-end=\"933\" data-is-last-node=\"\" data-is-only-node=\"\">Wir haben auch einige andere beliebte Einweg-Vapes mit Bildschirm wie <a href=\"https:\/\/vapestornado.com\/de\/product\/aivono-avn-150k-puff-150000-8-in-1-0-nicotine-free-disposable-vape-pen-kit-wholesale\/\">AIVONO 150K 150000<\/a>, <a href=\"https:\/\/vapestornado.com\/de\/product\/vozol-rave-40k-40000-puffs-disposable-vape-smart-screen-5-nicotine\/\">VOZOL RAVE 40K Einweg-Vape<\/a>, <a href=\"https:\/\/vapestornado.com\/de\/product\/waspe-150k-150000-puff-6-in-1-disposable-vape-pen-cartridge-best-wholesale-price-in-poland\/\">WASPE 150K Puffs 6 in 1<\/a>, und mehr.<\/p>\n<\/div>\n<div class=\"relative p-1 rounded-sm flex items-center justify-center bg-token-main-surface-primary text-token-text-primary h-8 w-8\">\n<h2>FAQS \u00dcber UZY 150K Puffs<\/h2>\n<p data-start=\"3047\" data-end=\"3210\"><strong data-start=\"3047\" data-end=\"3111\">1. Wie viele Geschmacksrichtungen sind in der UZY 150K Puffs Vape enthalten?<\/strong><br data-start=\"3111\" data-end=\"3114\" \/>Jedes Ger\u00e4t enth\u00e4lt 10 verschiedene <strong data-start=\"3135\" data-end=\"3159\">6 umschaltbare Geschmacksrichtungen<\/strong>, die in einer Vape vielf\u00e4ltige Geschmackserlebnisse bieten.<\/p>\n<p data-start=\"3212\" data-end=\"3335\"><strong data-start=\"3212\" data-end=\"3248\">2. Ist die UZY 150K wiederaufladbar?<\/strong><br data-start=\"3248\" data-end=\"3251\" \/>Ja, es verf\u00fcgt \u00fcber einen <strong data-start=\"3270\" data-end=\"3308\">Typ-C wiederaufladbare 650mAh Batterie<\/strong> f\u00fcr maximalen Komfort.<\/p>\n<p data-start=\"3337\" data-end=\"3486\"><strong data-start=\"3337\" data-end=\"3390\">3. Enth\u00e4lt die UZY 150000 Puff Vape Nikotin?<\/strong><br data-start=\"3390\" data-end=\"3393\" \/>Sie k\u00f6nnen w\u00e4hlen zwischen <strong data-start=\"3413\" data-end=\"3449\">0%, 2%, 3% oder 5% Nikotinstufen<\/strong>, was sie f\u00fcr alle Nutzer geeignet macht.<\/p>\n<p data-start=\"3488\" data-end=\"3667\"><strong data-start=\"3488\" data-end=\"3542\">4. Was macht die UZY 150K f\u00fcr den Gro\u00dfhandel geeignet?<\/strong><br data-start=\"3542\" data-end=\"3545\" \/>Seine <strong data-start=\"3549\" data-end=\"3607\">hohe Pufferanzahl, robuste Bauweise und Mehrfach-Geschmacksdesign<\/strong> macht ihn ideal f\u00fcr <strong data-start=\"3626\" data-end=\"3664\">EU Vape-Pen-Gro\u00dfhandelsvertreiber<\/strong>.<\/p>\n<p data-start=\"3669\" data-end=\"3837\"><strong data-start=\"3669\" data-end=\"3711\">5. Wie hilft der LED-Bildschirm den Nutzern?<\/strong><br data-start=\"3711\" data-end=\"3714\" \/>Der <strong data-start=\"3718\" data-end=\"3739\">intelligente LED-Display<\/strong> zeigt Echtzeit <strong data-start=\"3756\" data-end=\"3807\">Batterie-, E-Liquid-Stand und aktiven Geschmacksmodus<\/strong>, um jede Sitzung zu vereinfachen.<\/p>\n<\/div>\n<\/div>\n<\/div>\n<\/div>","protected":false},"excerpt":{"rendered":"<article class=\"text-token-text-primary w-full focus:outline-none [--shadow-height:45px] has-data-writing-block:pointer-events-none has-data-writing-block:-mt-(--shadow-height) has-data-writing-block:pt-(--shadow-height) [&amp;:has([data-writing-block])&gt;*]:pointer-events-auto [content-visibility:auto] supports-[content-visibility:auto]:[contain-intrinsic-size:auto_100lvh] scroll-mt-[calc(var(--header-height)+min(200px,max(70px,20svh)))]\" dir=\"auto\" tabindex=\"-1\" data-turn-id=\"86ca9d92-7a10-4e6b-bda0-15f9df36adca\" data-testid=\"conversation-turn-120\" data-scroll-anchor=\"true\" data-turn=\"assistant\">\n<div class=\"text-base my-auto mx-auto pb-10 [--thread-content-margin:--spacing(4)] thread-sm:[--thread-content-margin:--spacing(6)] thread-lg:[--thread-content-margin:--spacing(16)] px-(--thread-content-margin)\">\n<div class=\"[--thread-content-max-width:40rem] thread-lg:[--thread-content-max-width:48rem] mx-auto max-w-(--thread-content-max-width) flex-1 group\/turn-messages focus-visible:outline-hidden relative flex w-full min-w-0 flex-col agent-turn\" tabindex=\"-1\">\n<div class=\"flex max-w-full flex-col grow\">\n<div class=\"min-h-8 text-message relative flex w-full flex-col items-end gap-2 text-start break-words whitespace-normal [.text-message+&amp;]:mt-1\" dir=\"auto\" data-message-author-role=\"assistant\" data-message-id=\"43b070d6-bf28-4fbe-8049-1032a61ea3ac\" data-message-model-slug=\"gpt-5\">\n<div class=\"flex w-full flex-col gap-1 empty:hidden first:pt-[1px]\">\n<div class=\"markdown prose dark:prose-invert w-full break-words light markdown-new-styling\">\n<ul>\n<li data-start=\"4119\" data-end=\"4207\">\n<p data-start=\"4122\" data-end=\"4207\"><strong data-start=\"4122\" data-end=\"4205\">UZY 150K Z\u00fcge 6-in-1 Geschmackswechsel Einweg-Vape-Stift \u2013 EU-Gro\u00dfhandel<\/strong><\/p>\n<\/li>\n<li data-start=\"4208\" data-end=\"4294\">\n<p data-start=\"4211\" data-end=\"4294\"><strong data-start=\"4211\" data-end=\"4292\">Gro\u00dfhandel UZY 150000 Zug Vape-Stift \u2013 6 Geschmacksrichtungen, Intelligentes Display, Typ-C Wiederaufladbar<\/strong><\/p>\n<\/li>\n<li data-start=\"4295\" data-end=\"4386\" data-is-last-node=\"\">\n<p data-start=\"4298\" data-end=\"4386\" data-is-last-node=\"\"><strong data-start=\"4298\" data-end=\"4386\" data-is-last-node=\"\">UZY 150K Z\u00fcge Mehrfach-Geschmackswechsel Einweg-Vape\u00a0Stift\u00a0Vollgeschmack auf Lager<\/strong><\/p>\n<\/li>\n<\/ul>\n<\/div>\n<\/div>\n<\/div>\n<\/div>\n<\/div>\n<\/div>\n<\/article>\n<p><img fetchpriority=\"high\" decoding=\"async\" class=\"size-full wp-image-2932\" src=\"https:\/\/vapestornado.com\/wp-content\/uploads\/2024\/12\/Vape-Wholesale.jpg\" alt=\"Vape-Gro\u00dfhandel\" width=\"229\" height=\"300\" \/><\/p>\n<h3><a href=\"https:\/\/wa.me\/8617776015835\"><span style=\"color: #ff0000;\"><strong>WhatsApp: +86 17776015835<\/strong><\/span><\/a><\/h3>\n<p>&nbsp;<\/p>","protected":false},"featured_media":4526,"comment_status":"open","ping_status":"closed","template":"","meta":{"_acf_changed":false,"_uag_custom_page_level_css":"","_lmt_disableupdate":"no","_lmt_disable":"","_monsterinsights_skip_tracking":false,"_monsterinsights_sitenote_active":false,"_monsterinsights_sitenote_note":"","_monsterinsights_sitenote_category":0,"site-sidebar-layout":"default","site-content-layout":"","ast-site-content-layout":"default","site-content-style":"default","site-sidebar-style":"default","ast-global-header-display":"","ast-banner-title-visibility":"","ast-main-header-display":"","ast-hfb-above-header-display":"","ast-hfb-below-header-display":"","ast-hfb-mobile-header-display":"","site-post-title":"","ast-breadcrumbs-content":"","ast-featured-img":"","footer-sml-layout":"","ast-disable-related-posts":"","theme-transparent-header-meta":"default","adv-header-id-meta":"","stick-header-meta":"","header-above-stick-meta":"","header-main-stick-meta":"","header-below-stick-meta":"","astra-migrate-meta-layouts":"set","ast-page-background-enabled":"default","ast-page-background-meta":{"desktop":{"background-color":"","background-image":"","background-repeat":"repeat","background-position":"center center","background-size":"auto","background-attachment":"scroll","background-type":"","background-media":"","overlay-type":"","overlay-color":"","overlay-opacity":"","overlay-gradient":""},"tablet":{"background-color":"","background-image":"","background-repeat":"repeat","background-position":"center center","background-size":"auto","background-attachment":"scroll","background-type":"","background-media":"","overlay-type":"","overlay-color":"","overlay-opacity":"","overlay-gradient":""},"mobile":{"background-color":"","background-image":"","background-repeat":"repeat","background-position":"center center","background-size":"auto","background-attachment":"scroll","background-type":"","background-media":"","overlay-type":"","overlay-color":"","overlay-opacity":"","overlay-gradient":""}},"ast-content-background-meta":{"desktop":{"background-color":"var(--ast-global-color-5)","background-image":"","background-repeat":"repeat","background-position":"center center","background-size":"auto","background-attachment":"scroll","background-type":"","background-media":"","overlay-type":"","overlay-color":"","overlay-opacity":"","overlay-gradient":""},"tablet":{"background-color":"var(--ast-global-color-5)","background-image":"","background-repeat":"repeat","background-position":"center center","background-size":"auto","background-attachment":"scroll","background-type":"","background-media":"","overlay-type":"","overlay-color":"","overlay-opacity":"","overlay-gradient":""},"mobile":{"background-color":"var(--ast-global-color-5)","background-image":"","background-repeat":"repeat","background-position":"center center","background-size":"auto","background-attachment":"scroll","background-type":"","background-media":"","overlay-type":"","overlay-color":"","overlay-opacity":"","overlay-gradient":""}},"_joinchat":{"telephone":"17776015835"}},"product_brand":[],"product_cat":[394,150,156,158,159,142,357,144,356],"product_tag":[105,426,427,94,425,301],"class_list":{"0":"post-4529","1":"product","2":"type-product","3":"status-publish","4":"has-post-thumbnail","6":"product_cat-150000-puff","7":"product_cat-buy-disposable-vapes-in-belgium","8":"product_cat-buy-disposable-vapes-in-poland","9":"product_cat-buy-disposable-vapes-in-spain","10":"product_cat-buy-disposable-vapes-in-sweden","11":"product_cat-digital-box-disposable-vapes","12":"product_cat-flavor-adjustable-vape","13":"product_cat-low-nicotine-disposable-vapes","14":"product_cat-uzy-vape","15":"product_tag-digital-disposable-vape","16":"product_tag-flavor-switch-disposable-vape","17":"product_tag-multi-flaovr-vape","18":"product_tag-rechargeable-disposable-vape","19":"product_tag-uzy-150k-puffs","20":"product_tag-vapor-wholesale","21":"desktop-align-left","22":"tablet-align-left","23":"mobile-align-left","25":"first","26":"instock","27":"sale","28":"shipping-taxable","29":"purchasable","30":"product-type-simple"},"acf":[],"uagb_featured_image_src":{"full":["https:\/\/vapestornado.com\/wp-content\/uploads\/2025\/11\/UZY-150000-Puffs-Rechargeable-Vape-with-Smart-Screen.webp",800,800,false],"thumbnail":["https:\/\/vapestornado.com\/wp-content\/uploads\/2025\/11\/UZY-150000-Puffs-Rechargeable-Vape-with-Smart-Screen-150x150.webp",150,150,true],"medium":["https:\/\/vapestornado.com\/wp-content\/uploads\/2025\/11\/UZY-150000-Puffs-Rechargeable-Vape-with-Smart-Screen-300x300.webp",300,300,true],"medium_large":["https:\/\/vapestornado.com\/wp-content\/uploads\/2025\/11\/UZY-150000-Puffs-Rechargeable-Vape-with-Smart-Screen-768x768.webp",768,768,true],"large":["https:\/\/vapestornado.com\/wp-content\/uploads\/2025\/11\/UZY-150000-Puffs-Rechargeable-Vape-with-Smart-Screen.webp",800,800,false],"1536x1536":["https:\/\/vapestornado.com\/wp-content\/uploads\/2025\/11\/UZY-150000-Puffs-Rechargeable-Vape-with-Smart-Screen.webp",800,800,false],"2048x2048":["https:\/\/vapestornado.com\/wp-content\/uploads\/2025\/11\/UZY-150000-Puffs-Rechargeable-Vape-with-Smart-Screen.webp",800,800,false],"trp-custom-language-flag":["https:\/\/vapestornado.com\/wp-content\/uploads\/2025\/11\/UZY-150000-Puffs-Rechargeable-Vape-with-Smart-Screen-12x12.webp",12,12,true],"woocommerce_thumbnail":["https:\/\/vapestornado.com\/wp-content\/uploads\/2025\/11\/UZY-150000-Puffs-Rechargeable-Vape-with-Smart-Screen-300x300.webp",300,300,true],"woocommerce_single":["https:\/\/vapestornado.com\/wp-content\/uploads\/2025\/11\/UZY-150000-Puffs-Rechargeable-Vape-with-Smart-Screen-600x600.webp",600,600,true],"woocommerce_gallery_thumbnail":["https:\/\/vapestornado.com\/wp-content\/uploads\/2025\/11\/UZY-150000-Puffs-Rechargeable-Vape-with-Smart-Screen-100x100.webp",100,100,true]},"uagb_author_info":{"display_name":"ESAMY","author_link":"https:\/\/vapestornado.com\/de\/author\/"},"uagb_comment_info":1,"uagb_excerpt":"UZY 150K Puffs 6 in 1 Flavor Switch Disposable Vape Pen \u2013 EU Wholesale Wholesale UZY 150000 Puff Vape Pen \u2013 6 Flavors, Smart Screen, Type-C Rechargeable UZY 150K Puffs Multi-Flavor Disposable Vape\u00a0 Pen\u00a0 Full Flavor in Stock WhatsApp: +86 17776015835 &nbsp;","_links":{"self":[{"href":"https:\/\/vapestornado.com\/de\/wp-json\/wp\/v2\/product\/4529","targetHints":{"allow":["GET"]}}],"collection":[{"href":"https:\/\/vapestornado.com\/de\/wp-json\/wp\/v2\/product"}],"about":[{"href":"https:\/\/vapestornado.com\/de\/wp-json\/wp\/v2\/types\/product"}],"replies":[{"embeddable":true,"href":"https:\/\/vapestornado.com\/de\/wp-json\/wp\/v2\/comments?post=4529"}],"wp:featuredmedia":[{"embeddable":true,"href":"https:\/\/vapestornado.com\/de\/wp-json\/wp\/v2\/media\/4526"}],"wp:attachment":[{"href":"https:\/\/vapestornado.com\/de\/wp-json\/wp\/v2\/media?parent=4529"}],"wp:term":[{"taxonomy":"product_brand","embeddable":true,"href":"https:\/\/vapestornado.com\/de\/wp-json\/wp\/v2\/product_brand?post=4529"},{"taxonomy":"product_cat","embeddable":true,"href":"https:\/\/vapestornado.com\/de\/wp-json\/wp\/v2\/product_cat?post=4529"},{"taxonomy":"product_tag","embeddable":true,"href":"https:\/\/vapestornado.com\/de\/wp-json\/wp\/v2\/product_tag?post=4529"}],"curies":[{"name":"wp","href":"https:\/\/api.w.org\/{rel}","templated":true}]}}