{"id":4510,"date":"2025-11-03T08:52:41","date_gmt":"2025-11-03T08:52:41","guid":{"rendered":"https:\/\/vapestornado.com\/?post_type=product&#038;p=4510"},"modified":"2025-12-16T09:21:24","modified_gmt":"2025-12-16T09:21:24","slug":"vozol-rave-40k-40000-puffs-disposable-vape-smart-screen-5-nicotine","status":"publish","type":"product","link":"https:\/\/vapestornado.com\/de\/product\/vozol-rave-40k-40000-puffs-disposable-vape-smart-screen-5-nicotine\/","title":{"rendered":"Vozol Rave 40K 40000 Z\u00fcge Einweg-Vape Intelligentes Display 5% Nikotin"},"content":{"rendered":"<h2 data-pm-slice=\"1 1 []\">Vozol Rave 40K Einweg-Vape \u2014 Smart Screen Kontrolle &amp; 5% Nikotin<\/h2>\n<p data-start=\"93\" data-end=\"561\"><strong data-start=\"93\" data-end=\"111\">Vozol Rave 40K<\/strong> ist ein Hochleistungs-Einwegger\u00e4t, das f\u00fcr M\u00e4nner entwickelt wurde, die lange Laufzeit und klare Kontrolle wollen, kein R\u00e4tselraten. Es liefert <strong data-start=\"224\" data-end=\"246\">bis zu 40.000 Z\u00fcge<\/strong> aus einem <strong data-start=\"255\" data-end=\"279\">18ml vorgef\u00fcllten Tank<\/strong>, angetrieben von einer <strong data-start=\"294\" data-end=\"325\">650mAh wiederaufladbarer Akku<\/strong> mit <strong data-start=\"331\" data-end=\"355\">Type-C-Schnellladung<\/strong>. Ein <strong data-start=\"360\" data-end=\"382\">fortschrittlichen Mesh-Coil<\/strong> h\u00e4lt Dampf glatt und Geschmack konstant, w\u00e4hrend das <strong data-start=\"437\" data-end=\"457\">intelligente LED-Display<\/strong> Batterie- und E-Liquid-Level anzeigt, sodass Sie genau wissen, wann Sie aufladen m\u00fcssen und wann Sie sich dem Ende n\u00e4hern.<\/p>\n<p data-start=\"563\" data-end=\"790\">F\u00fcr jeden, der einen <strong data-start=\"586\" data-end=\"614\">kosteng\u00fcnstigen Einweg-Vape<\/strong> bei einem lokalen <strong data-start=\"626\" data-end=\"638\">Zigarettenladen<\/strong> vergleicht versus Premium-Optionen, f\u00e4llt dieses Modell in die Kategorie \u201ehart benutzen, vertrauen Sie auf die Leistung\u201c\u2014lange Lebensdauer, stabiler Zug und ein Display, das die Behauptungen untermauert.<\/p>\n<p data-start=\"563\" data-end=\"790\">\n<h3 data-start=\"1007\" data-end=\"1054\">Warum den Vozol Rave 40K Einweg-Vape Pod w\u00e4hlen?<\/h3>\n<ul data-start=\"1056\" data-end=\"2677\">\n<li data-start=\"1056\" data-end=\"1435\">\n<p data-start=\"1058\" data-end=\"1435\"><strong data-start=\"1058\" data-end=\"1104\">40K Ausdauer, ausgelegt f\u00fcr den echten t\u00e4glichen Gebrauch.<\/strong> Der <strong data-start=\"1109\" data-end=\"1155\">Vozol Rave 40K 40000 Z\u00fcge Einweg-Vape<\/strong> ist f\u00fcr lange Phasen gemacht\u2014Arbeitswochen, Reisen und N\u00e4chte aus\u2014ohne st\u00e4ndiges Austauschen. In stark nachgefragten M\u00e4rkten wie <strong data-start=\"1288\" data-end=\"1333\">Deutschland, Frankreich, Spanien, Polen und Italien<\/strong>, verkauft sich diese Kategorie, weil Nutzer weniger K\u00e4ufe w\u00fcnschen und ein Ger\u00e4t, das \u00fcber die Zeit konstant bleibt.<\/p>\n<\/li>\n<li data-start=\"1437\" data-end=\"1817\">\n<p data-start=\"1439\" data-end=\"1817\"><strong data-start=\"1439\" data-end=\"1499\">Smart Screen verhindert Zeitverschwendung und unerwartete Abschaltungen.<\/strong> Der <strong data-start=\"1504\" data-end=\"1551\">Vozol Rave 40K Smart Screen Einweg-Vape<\/strong> zeigt Batterie- und E-Liquid-Level deutlich an. Das bedeutet, dass Sie entscheiden k\u00f6nnen, ob ein kurzer Top-up per Type-C notwendig ist, bevor Sie das Haus verlassen, und Sie bleiben nicht mit einem leeren Ger\u00e4t mitten am Tag h\u00e4ngen\u2014einer der Hauptbeschwerden \u00fcber einfache <strong data-start=\"1779\" data-end=\"1807\">kosteng\u00fcnstigen Einweg-Vape<\/strong> Produkte hinaus.<\/p>\n<\/li>\n<li data-start=\"1819\" data-end=\"2105\">\n<p data-start=\"1821\" data-end=\"2105\"><strong data-start=\"1821\" data-end=\"1877\">Mesh-Spule h\u00e4lt den Geschmack \u00fcber lange Sitzungen stabil.<\/strong> Der <strong data-start=\"1882\" data-end=\"1904\">fortschrittlichen Mesh-Coil<\/strong> verteilt die Hitze gleichm\u00e4\u00dfig, wodurch der Dampf geschmeidig bleibt und der Geschmack tiefer in den 18ml Vorrat erhalten bleibt. Es vermeidet die scharfe, trockene Kante, die bei billigeren Spulen nach intensiver Nutzung auftritt.<\/p>\n<\/li>\n<li data-start=\"2107\" data-end=\"2354\">\n<p data-start=\"2109\" data-end=\"2354\"><strong data-start=\"2109\" data-end=\"2157\">5% Nikotin-Schlag bleibt konstant, nicht sprunghaft.<\/strong> Mit <strong data-start=\"2163\" data-end=\"2195\">18ml 5% Nikotin-E-Liquid<\/strong>, ist der <strong data-start=\"2201\" data-end=\"2219\">Vozol Rave 40K<\/strong> liefert ein gleichm\u00e4\u00dfiges, vorhersehbares Rachengef\u00fchl \u2013 n\u00fctzlich f\u00fcr erwachsene Nutzer, die Zuverl\u00e4ssigkeit statt st\u00e4ndiger \u201estark dann schwach\u201c Schwankungen w\u00fcnschen.<\/p>\n<\/li>\n<li data-start=\"2356\" data-end=\"2677\">\n<p data-start=\"2358\" data-end=\"2677\"><strong data-start=\"2358\" data-end=\"2405\">Geschmacksvielfalt, die zu langlebigen Ger\u00e4ten passt.<\/strong> Zwanzig Geschmacksrichtungen (von eisigem Frucht bis zu s\u00fc\u00dferen Mischungen) erleichtern es, l\u00e4nger bei einem Ger\u00e4t zu bleiben. Das ist ein Grund, warum es oft neben den <strong data-start=\"2558\" data-end=\"2579\">beste E-Zigaretten<\/strong> Segment diskutiert wird, sogar von K\u00e4ufern, die normalerweise mit <strong data-start=\"2633\" data-end=\"2653\">Billigzigaretten<\/strong> oder schnellen Zigarettenl\u00e4den vergleichen.<\/p>\n<\/li>\n<\/ul>\n<p data-start=\"666\" data-end=\"1235\"><strong style=\"font-size: 16px;\"><span style=\"color: #ff0000;\">macht.<\/span><\/strong><\/p>\n<p><img fetchpriority=\"high\" decoding=\"async\" class=\"size-full wp-image-2932\" src=\"https:\/\/vapestornado.com\/wp-content\/uploads\/2024\/12\/Vape-Wholesale.jpg\" alt=\"Vape-Gro\u00dfhandel\" width=\"229\" height=\"300\" \/><\/p>\n<h3><a href=\"https:\/\/wa.me\/8617776015835\" target=\"_blank\" rel=\"noopener\"><span style=\"color: #ff0000;\"><strong>WhatsApp: +86 17776015835<\/strong><\/span><\/a><\/h3>\n<p>&nbsp;<\/p>\n<h2><strong>Vozol Rave 40K Zug Schl\u00fcsselproduktmerkmale<\/strong><\/h2>\n<div class=\"_tableContainer_1rjym_1\">\n<div class=\"group _tableWrapper_1rjym_13 flex w-fit flex-col-reverse\" tabindex=\"-1\">\n<table>\n<thead>\n<tr>\n<th>Eigenschaft<\/th>\n<th>Spezifikation<\/th>\n<th>Funktionsweise<\/th>\n<\/tr>\n<\/thead>\n<tbody>\n<tr>\n<td>Zugzahl<\/td>\n<td>Bis zu 40.000 Z\u00fcge<\/td>\n<td>Hochkapazit\u00e4tsformat, das die Austauschh\u00e4ufigkeit reduziert.<\/td>\n<\/tr>\n<tr>\n<td>Nikotinst\u00e4rke<\/td>\n<td>5%<\/td>\n<td>liefert einen starken, konstanten Zug f\u00fcr erfahrene Nutzer.<\/td>\n<\/tr>\n<tr>\n<td>E-Liquid-Kapazit\u00e4t<\/td>\n<td>18ml vorgef\u00fcllt<\/td>\n<td>Gr\u00f6\u00dferer Fl\u00fcssigkeitsvorrat unterst\u00fctzt lange Sitzungen und stabile Leistung.<\/td>\n<\/tr>\n<tr>\n<td>Batterie<\/td>\n<td>650mAh wiederaufladbar<\/td>\n<td>Wiederaufladbare Energie verhindert \u201eAkku stirbt zuerst\u201c-Probleme.<\/td>\n<\/tr>\n<tr>\n<td>Aufladen<\/td>\n<td>Type-C-Schnellladung<\/td>\n<td>Schnelle Nachf\u00fcllungen mit modernen Kabeln, die in ganz Europa verwendet werden.<\/td>\n<\/tr>\n<tr>\n<td>Spule<\/td>\n<td>Fortschrittliche Mesh-Spule<\/td>\n<td>Gleichm\u00e4\u00dfige Erw\u00e4rmung f\u00fcr geschmeidigeren Dampf und konsistenteren Geschmack.<\/td>\n<\/tr>\n<tr>\n<td>Anzeige<\/td>\n<td>Intelligentes LED-Display<\/td>\n<td>Zeigt Batteriestand und E-Liquid-Level an, sodass Sie Lade- und Nutzungsplanung vornehmen k\u00f6nnen.<\/td>\n<\/tr>\n<tr>\n<td>Design<\/td>\n<td>Kompakt, langlebig, ergonomisch<\/td>\n<td>Kompakte Bauweise, ideal f\u00fcr den t\u00e4glichen Gebrauch.<\/td>\n<\/tr>\n<tr>\n<td>Geschmacksrichtungen<\/td>\n<td>20 Optionen<\/td>\n<td>Vielfalt hilft, Geschmacks\u00fcberdruss bei l\u00e4ngerer Nutzung zu vermeiden.<\/td>\n<\/tr>\n<\/tbody>\n<\/table>\n<\/div>\n<\/div>\n<div class=\"_tableContainer_1rjym_1\">\n<div class=\"group _tableWrapper_1rjym_13 flex w-fit flex-col-reverse\" tabindex=\"-1\">\n<p data-start=\"2738\" data-end=\"2823\">\n<figure id=\"attachment_4495\" aria-describedby=\"caption-attachment-4495\" style=\"width: 800px\" class=\"wp-caption alignnone\"><img decoding=\"async\" class=\"wp-image-4495 size-full\" src=\"https:\/\/vapestornado.com\/wp-content\/uploads\/2025\/11\/Buy-VOZOL-Rave-40000-Puffs-Disposable-Vape.webp\" alt=\"Kaufen Sie VOZOL Rave 40000 Einweg-Vape\" width=\"800\" height=\"800\" srcset=\"https:\/\/vapestornado.com\/wp-content\/uploads\/2025\/11\/Buy-VOZOL-Rave-40000-Puffs-Disposable-Vape.webp 800w, https:\/\/vapestornado.com\/wp-content\/uploads\/2025\/11\/Buy-VOZOL-Rave-40000-Puffs-Disposable-Vape-300x300.webp 300w, https:\/\/vapestornado.com\/wp-content\/uploads\/2025\/11\/Buy-VOZOL-Rave-40000-Puffs-Disposable-Vape-150x150.webp 150w, https:\/\/vapestornado.com\/wp-content\/uploads\/2025\/11\/Buy-VOZOL-Rave-40000-Puffs-Disposable-Vape-768x768.webp 768w, https:\/\/vapestornado.com\/wp-content\/uploads\/2025\/11\/Buy-VOZOL-Rave-40000-Puffs-Disposable-Vape-12x12.webp 12w, https:\/\/vapestornado.com\/wp-content\/uploads\/2025\/11\/Buy-VOZOL-Rave-40000-Puffs-Disposable-Vape-600x600.webp 600w, https:\/\/vapestornado.com\/wp-content\/uploads\/2025\/11\/Buy-VOZOL-Rave-40000-Puffs-Disposable-Vape-100x100.webp 100w\" sizes=\"(max-width: 800px) 100vw, 800px\" \/><figcaption id=\"caption-attachment-4495\" class=\"wp-caption-text\">Kaufen Sie VOZOL Rave 40000 Einweg-Vape<\/figcaption><\/figure>\n<figure id=\"attachment_4497\" aria-describedby=\"caption-attachment-4497\" style=\"width: 800px\" class=\"wp-caption alignnone\"><img decoding=\"async\" class=\"wp-image-4497 size-full\" src=\"https:\/\/vapestornado.com\/wp-content\/uploads\/2025\/11\/VOZOL-RAVE-40K-Puff-5-Nicotine-Vape.webp\" alt=\"VOZOL RAVE 40K Zug 5% Nikotin Vape\" width=\"800\" height=\"800\" srcset=\"https:\/\/vapestornado.com\/wp-content\/uploads\/2025\/11\/VOZOL-RAVE-40K-Puff-5-Nicotine-Vape.webp 800w, https:\/\/vapestornado.com\/wp-content\/uploads\/2025\/11\/VOZOL-RAVE-40K-Puff-5-Nicotine-Vape-300x300.webp 300w, https:\/\/vapestornado.com\/wp-content\/uploads\/2025\/11\/VOZOL-RAVE-40K-Puff-5-Nicotine-Vape-150x150.webp 150w, https:\/\/vapestornado.com\/wp-content\/uploads\/2025\/11\/VOZOL-RAVE-40K-Puff-5-Nicotine-Vape-768x768.webp 768w, https:\/\/vapestornado.com\/wp-content\/uploads\/2025\/11\/VOZOL-RAVE-40K-Puff-5-Nicotine-Vape-12x12.webp 12w, https:\/\/vapestornado.com\/wp-content\/uploads\/2025\/11\/VOZOL-RAVE-40K-Puff-5-Nicotine-Vape-600x600.webp 600w, https:\/\/vapestornado.com\/wp-content\/uploads\/2025\/11\/VOZOL-RAVE-40K-Puff-5-Nicotine-Vape-100x100.webp 100w\" sizes=\"(max-width: 800px) 100vw, 800px\" \/><figcaption id=\"caption-attachment-4497\" class=\"wp-caption-text\">VOZOL RAVE 40K Zug 5% Nikotin Vape<\/figcaption><\/figure>\n<\/div>\n<\/div>\n<h2 class=\"product-title\"><strong>Vozol Rave 40K Puff Einweg Pod Aromenliste<\/strong><\/h2>\n<div class=\"flex-shrink-0 flex flex-col relative items-end\">\n<div class=\"pt-0\">\n<div class=\"gizmo-bot-avatar flex h-8 w-8 items-center justify-center overflow-hidden rounded-full\">\n<div class=\"relative p-1 rounded-sm flex items-center justify-center bg-token-main-surface-primary text-token-text-primary h-8 w-8\">\n<div class=\"_tableContainer_1rjym_1\">\n<div class=\"group _tableWrapper_1rjym_13 flex w-fit flex-col-reverse\" tabindex=\"-1\">\n<p data-start=\"4433\" data-end=\"4567\">1. Blue Razz Ice<br \/>\n2. Blaubeere Ice<br \/>\n3. Blaubeere Wassermelone<br \/>\n4. Kirsche Erdbeere<br \/>\n5. Frische Minze<br \/>\n6. Doppelter Apfel<br \/>\n7. Trauben-Eis<br \/>\n8. Liebe 777<br \/>\n9. Mango-Eis<br \/>\n10. Mango-Pfirsich<br \/>\n11. Pfirsich Eis<br \/>\n12. Pfirsich Himbeer Limonade<br \/>\n13. Erdbeere Eis<br \/>\n14. Erdbeere Kiwi<br \/>\n15. Erdbeere Mango<br \/>\n16. Erdbeere Wassermelone<br \/>\n17. Strawmelon Pfirsich<br \/>\n18. Wassermelone Kaugummi<br \/>\n19. Wassermelone Eis<br \/>\n20. Wassermelone Razz Rancher<\/p>\n<p data-start=\"4433\" data-end=\"4567\">\n<\/div>\n<\/div>\n<\/div>\n<div class=\"relative p-1 rounded-sm flex items-center justify-center bg-token-main-surface-primary text-token-text-primary h-8 w-8\">\n<h2>FAQS f\u00fcr Vozol Rave 40K<\/h2>\n<ol data-start=\"3671\" data-end=\"5075\">\n<li data-start=\"3671\" data-end=\"3949\">\n<p data-start=\"3674\" data-end=\"3949\"><strong data-start=\"3674\" data-end=\"3768\">Wie bleibt die Vozol Rave 40K Einweg-Vape mit 40.000 Z\u00fcgen zuverl\u00e4ssig bei langem t\u00e4glichem Gebrauch?<\/strong><br data-start=\"3768\" data-end=\"3771\" \/>3. Was unterscheidet den Bang 35000 Puffvape von anderen Einweg-Vapes? <strong data-start=\"3790\" data-end=\"3807\">18 ml E-Liquid<\/strong>, <strong data-start=\"3809\" data-end=\"3840\">wiederaufladbarer 650mAh Akku<\/strong>und <strong data-start=\"3846\" data-end=\"3859\">Mesh-Coil<\/strong> ist f\u00fcr l\u00e4ngere Sitzungen gebaut, ohne den typischen Leistungsverlust kleiner Einweg-Vapes.<\/p>\n<\/li>\n<li data-start=\"3951\" data-end=\"4186\">\n<p data-start=\"3954\" data-end=\"4186\"><strong data-start=\"3954\" data-end=\"4043\">Ist die Vozol Rave 40K Smart-Screen-Einweg-Vape wirklich n\u00fctzlich oder nur kosmetisch?<\/strong><br data-start=\"4043\" data-end=\"4046\" \/>Sie ist praktisch. Der Bildschirm zeigt Batteriestand und E-Liquid-Level, hilft unerwartete Abschaltungen zu vermeiden und entscheidet, wann ein Top-up mit Typ-C erforderlich ist.<\/p>\n<\/li>\n<li data-start=\"4188\" data-end=\"4436\">\n<p data-start=\"4191\" data-end=\"4436\"><strong data-start=\"4191\" data-end=\"4294\">Welche Dampf- und Geschmackswahrnehmung sollten Nutzer von der Vozol Rave 40K Mesh-Coil-Einweg-Vape erwarten?<\/strong><br data-start=\"4294\" data-end=\"4297\" \/>Erwarten Sie sanften Dampf mit stabiler Geschmacksintensit\u00e4t. Mesh-Heizung reduziert Rauheit und sorgt f\u00fcr eine gleichm\u00e4\u00dfigere Leistung, wenn der Tank leerer wird.<\/p>\n<\/li>\n<li data-start=\"4438\" data-end=\"4745\">\n<p data-start=\"4441\" data-end=\"4745\"><strong data-start=\"4441\" data-end=\"4533\">Wie vergleicht sich die Vozol Rave 40K mit g\u00fcnstigen Einweg-Vape-Optionen, die in einem Zigarettenladen erh\u00e4ltlich sind?<\/strong><br data-start=\"4533\" data-end=\"4536\" \/>Viele g\u00fcnstige Einweg-Vapes haben keine Bildschirme und sind oft nicht wiederaufladbar, was zu verschwendetem Liquid und inkonsistenter Leistung f\u00fchren kann. Rave 40K legt Wert auf Kontrolle (Display) und Langlebigkeit (Wiederaufladbar + hohe Zugzahl).<\/p>\n<\/li>\n<li data-start=\"4747\" data-end=\"5075\">\n<p data-start=\"4750\" data-end=\"5075\"><strong data-start=\"4750\" data-end=\"4867\">Warum platzieren einige Nutzer die Vozol Rave 40K 5% Nikotin-Einweg-Vape unter den besten E-Zigaretten f\u00fcr langanhaltenden Wert?<\/strong><br data-start=\"4867\" data-end=\"4870\" \/>Weil sie eine hohe Zugkapazit\u00e4t, ein intelligentes Display und wiederaufladbare Energie kombiniert \u2013 Eigenschaften, die die Zuverl\u00e4ssigkeit im Alltag bei l\u00e4ngerer Nutzung verbessern, insbesondere im Vergleich zu g\u00fcnstigen Alternativen zum schnellen Kauf.<\/p>\n<\/li>\n<\/ol>\n<h3 data-start=\"0\" data-end=\"119\"><span class=\"hover:entity-accent entity-underline inline cursor-pointer align-baseline\"><span class=\"whitespace-normal\">Vozol<\/span><\/span> Vista 40K vs <a href=\"https:\/\/vapestornado.com\/de\/product\/vozol-vista-40000-puff-40k-5-nicotine-premium-disposable-vape-with-led-display-boost-mode\/\"><span class=\"hover:entity-accent entity-underline inline cursor-pointer align-baseline\"><span class=\"whitespace-normal\">Vozol<\/span><\/span> Rave 40K<\/a><\/h3>\n<p data-start=\"121\" data-end=\"261\">Bei der Wahl zwischen dem Vista 40K und dem Rave 40K bieten beide hohe Leistung \u2014 aber sie sind f\u00fcr leicht unterschiedliche Priorit\u00e4ten gebaut.<\/p>\n<ul data-start=\"263\" data-end=\"1081\">\n<li data-start=\"263\" data-end=\"537\">\n<p data-start=\"265\" data-end=\"537\"><strong data-start=\"265\" data-end=\"290\">Zuganzahl &amp; Kapazit\u00e4t<\/strong>: Der Vista 40K f\u00fchrt mit <strong data-start=\"317\" data-end=\"333\">40.000 Z\u00fcge<\/strong> und einer gr\u00f6\u00dferen E-Liquid-Kapazit\u00e4t, was l\u00e4ngere Nutzungszeiten zwischen den Austausch erm\u00f6glicht. Der Rave 40K liefert ebenfalls bis zu 40.000 Z\u00fcge, verwendet jedoch <strong data-start=\"463\" data-end=\"477\">Tank 18 ml<\/strong> Setup, das auf kompakte Bequemlichkeit und einen intelligenten Bildschirm ausgelegt ist.<\/p>\n<\/li>\n<li data-start=\"538\" data-end=\"807\">\n<p data-start=\"540\" data-end=\"807\"><strong data-start=\"540\" data-end=\"564\">Merkmale &amp; Schnittstelle<\/strong>: Der Vista 40K verf\u00fcgt \u00fcber einen Front-LED-Bildschirm, doppelte Mesh-Spulen und BOOST-Modus f\u00fcr maximale Intensit\u00e4t. Der Rave 40K verf\u00fcgt ebenfalls \u00fcber einen intelligenten LED-Bildschirm, Mesh-Spulen-Aufbau und legt den Fokus auf Benutzerfreundlichkeit und kr\u00e4ftigen Geschmack mit seinem <strong data-start=\"780\" data-end=\"804\">5% Nikotinst\u00e4rke<\/strong>.<\/p>\n<\/li>\n<li data-start=\"808\" data-end=\"1081\">\n<p data-start=\"810\" data-end=\"1081\"><strong data-start=\"810\" data-end=\"831\">Design &amp; Anwendungsfall<\/strong>: W\u00e4hlen Sie den Vista 40K, wenn Sie ein Premium-Design, maximale Sitzungsdauer und erweiterte Modusoptionen w\u00fcnschen. W\u00e4hlen Sie den Rave 40K, wenn Sie eine <strong data-start=\"969\" data-end=\"994\">Smart-Einweg-Vape<\/strong> mit starkem Nikotin (5%), stilvoller Bildschirmintegration und vertrauensw\u00fcrdiger Markenverl\u00e4sslichkeit bevorzugen.<\/p>\n<\/li>\n<\/ul>\n<p data-start=\"1083\" data-end=\"1365\" data-is-last-node=\"\" data-is-only-node=\"\">Kurz gesagt: Wenn Sie auf <strong data-start=\"1111\" data-end=\"1157\">maximale Langlebigkeit und erweitertes Funktionsset Wert legen<\/strong>, ist der Vista 40K Ihre Wahl. Wenn Sie auf <strong data-start=\"1201\" data-end=\"1264\">intensiven Geschmack, einfache Handhabung und hohe Nikotinst\u00e4rke<\/strong>setzen, w\u00e4hlen Sie den Rave 40K. Beide sind ausgezeichnete Optionen f\u00fcr EU-Gro\u00dfh\u00e4ndler und den Markt der 25- bis 35-j\u00e4hrigen M\u00e4nner.<\/p>\n<\/div>\n<\/div>\n<\/div>\n<\/div>","protected":false},"excerpt":{"rendered":"<p data-start=\"3913\" data-end=\"3990\"><strong data-start=\"3913\" data-end=\"3988\">Vozol Rave 40K Einweg-Vape \u2013 40000 Z\u00fcge Smart LED 5% Nikotin Power<\/strong><\/p>\n<p data-start=\"3994\" data-end=\"4077\"><strong data-start=\"3994\" data-end=\"4075\">Vozol Rave 40000 Zug Vape \u2013 Premium Smart Einweg-Vape f\u00fcr lang anhaltenden Geschmack<\/strong><\/p>\n<p data-start=\"4081\" data-end=\"4159\"><strong data-start=\"4081\" data-end=\"4159\">Kaufe Vozol Rave 40K 5% Nikotin Vape \u2013 40000 Z\u00fcge Smart-Ger\u00e4t f\u00fcr Vaper in Deutschland<\/strong><\/p>\n<p>Kontaktieren Sie Amy f\u00fcr die richtige Antwort und den Rabattpreis!<\/p>\n<p><img fetchpriority=\"high\" decoding=\"async\" class=\"size-full wp-image-2932\" src=\"https:\/\/vapestornado.com\/wp-content\/uploads\/2024\/12\/Vape-Wholesale.jpg\" alt=\"Vape-Gro\u00dfhandel\" width=\"229\" height=\"300\" \/><\/p>\n<h3><a href=\"https:\/\/wa.me\/8617776015835\"><span style=\"color: #ff0000;\"><strong>WhatsApp: +86 17776015835<\/strong><\/span><\/a><\/h3>\n<p>&nbsp;<\/p>","protected":false},"featured_media":4500,"comment_status":"open","ping_status":"closed","template":"","meta":{"_acf_changed":false,"_uag_custom_page_level_css":"","_lmt_disableupdate":"no","_lmt_disable":"","_monsterinsights_skip_tracking":false,"_monsterinsights_sitenote_active":false,"_monsterinsights_sitenote_note":"","_monsterinsights_sitenote_category":0,"site-sidebar-layout":"default","site-content-layout":"","ast-site-content-layout":"default","site-content-style":"default","site-sidebar-style":"default","ast-global-header-display":"","ast-banner-title-visibility":"","ast-main-header-display":"","ast-hfb-above-header-display":"","ast-hfb-below-header-display":"","ast-hfb-mobile-header-display":"","site-post-title":"","ast-breadcrumbs-content":"","ast-featured-img":"","footer-sml-layout":"","ast-disable-related-posts":"","theme-transparent-header-meta":"default","adv-header-id-meta":"","stick-header-meta":"","header-above-stick-meta":"","header-main-stick-meta":"","header-below-stick-meta":"","astra-migrate-meta-layouts":"set","ast-page-background-enabled":"default","ast-page-background-meta":{"desktop":{"background-color":"","background-image":"","background-repeat":"repeat","background-position":"center center","background-size":"auto","background-attachment":"scroll","background-type":"","background-media":"","overlay-type":"","overlay-color":"","overlay-opacity":"","overlay-gradient":""},"tablet":{"background-color":"","background-image":"","background-repeat":"repeat","background-position":"center center","background-size":"auto","background-attachment":"scroll","background-type":"","background-media":"","overlay-type":"","overlay-color":"","overlay-opacity":"","overlay-gradient":""},"mobile":{"background-color":"","background-image":"","background-repeat":"repeat","background-position":"center center","background-size":"auto","background-attachment":"scroll","background-type":"","background-media":"","overlay-type":"","overlay-color":"","overlay-opacity":"","overlay-gradient":""}},"ast-content-background-meta":{"desktop":{"background-color":"var(--ast-global-color-5)","background-image":"","background-repeat":"repeat","background-position":"center center","background-size":"auto","background-attachment":"scroll","background-type":"","background-media":"","overlay-type":"","overlay-color":"","overlay-opacity":"","overlay-gradient":""},"tablet":{"background-color":"var(--ast-global-color-5)","background-image":"","background-repeat":"repeat","background-position":"center center","background-size":"auto","background-attachment":"scroll","background-type":"","background-media":"","overlay-type":"","overlay-color":"","overlay-opacity":"","overlay-gradient":""},"mobile":{"background-color":"var(--ast-global-color-5)","background-image":"","background-repeat":"repeat","background-position":"center center","background-size":"auto","background-attachment":"scroll","background-type":"","background-media":"","overlay-type":"","overlay-color":"","overlay-opacity":"","overlay-gradient":""}},"_joinchat":{"telephone":"17776015835"}},"product_brand":[],"product_cat":[65,150,151,152,156,143,57,60],"product_tag":[418,105,94,421,420,220],"class_list":{"0":"post-4510","1":"product","2":"type-product","3":"status-publish","4":"has-post-thumbnail","6":"product_cat-40000-puff","7":"product_cat-buy-disposable-vapes-in-belgium","8":"product_cat-buy-disposable-vapes-in-france","9":"product_cat-buy-disposable-vapes-in-cermany","10":"product_cat-buy-disposable-vapes-in-poland","11":"product_cat-dual-mesh-disposable-vapes","12":"product_cat-vozol-vape","13":"product_cat-waspe-fihp-vape","14":"product_tag-5-nicotine-vape","15":"product_tag-digital-disposable-vape","16":"product_tag-rechargeable-disposable-vape","17":"product_tag-vozol-rave-40000","18":"product_tag-vozol-rave-40k","19":"product_tag-vozol-vape","20":"desktop-align-left","21":"tablet-align-left","22":"mobile-align-left","24":"first","25":"instock","26":"sale","27":"shipping-taxable","28":"purchasable","29":"product-type-simple"},"acf":[],"uagb_featured_image_src":{"full":["https:\/\/vapestornado.com\/wp-content\/uploads\/2025\/11\/VOZOL-Rave-40000-Puffs-Disposable-Vape-50Mg-Nicotine.webp",800,800,false],"thumbnail":["https:\/\/vapestornado.com\/wp-content\/uploads\/2025\/11\/VOZOL-Rave-40000-Puffs-Disposable-Vape-50Mg-Nicotine-150x150.webp",150,150,true],"medium":["https:\/\/vapestornado.com\/wp-content\/uploads\/2025\/11\/VOZOL-Rave-40000-Puffs-Disposable-Vape-50Mg-Nicotine-300x300.webp",300,300,true],"medium_large":["https:\/\/vapestornado.com\/wp-content\/uploads\/2025\/11\/VOZOL-Rave-40000-Puffs-Disposable-Vape-50Mg-Nicotine-768x768.webp",768,768,true],"large":["https:\/\/vapestornado.com\/wp-content\/uploads\/2025\/11\/VOZOL-Rave-40000-Puffs-Disposable-Vape-50Mg-Nicotine.webp",800,800,false],"1536x1536":["https:\/\/vapestornado.com\/wp-content\/uploads\/2025\/11\/VOZOL-Rave-40000-Puffs-Disposable-Vape-50Mg-Nicotine.webp",800,800,false],"2048x2048":["https:\/\/vapestornado.com\/wp-content\/uploads\/2025\/11\/VOZOL-Rave-40000-Puffs-Disposable-Vape-50Mg-Nicotine.webp",800,800,false],"trp-custom-language-flag":["https:\/\/vapestornado.com\/wp-content\/uploads\/2025\/11\/VOZOL-Rave-40000-Puffs-Disposable-Vape-50Mg-Nicotine-12x12.webp",12,12,true],"woocommerce_thumbnail":["https:\/\/vapestornado.com\/wp-content\/uploads\/2025\/11\/VOZOL-Rave-40000-Puffs-Disposable-Vape-50Mg-Nicotine-300x300.webp",300,300,true],"woocommerce_single":["https:\/\/vapestornado.com\/wp-content\/uploads\/2025\/11\/VOZOL-Rave-40000-Puffs-Disposable-Vape-50Mg-Nicotine-600x600.webp",600,600,true],"woocommerce_gallery_thumbnail":["https:\/\/vapestornado.com\/wp-content\/uploads\/2025\/11\/VOZOL-Rave-40000-Puffs-Disposable-Vape-50Mg-Nicotine-100x100.webp",100,100,true]},"uagb_author_info":{"display_name":"ESAMY","author_link":"https:\/\/vapestornado.com\/de\/author\/"},"uagb_comment_info":0,"uagb_excerpt":"Vozol Rave 40K Disposable Vape \u2013 40000 Puffs Smart LED 5% Nicotin Power Vozol Rave 40000 Puff Vape \u2013 Premium Smart Disposable for Long-Lasting Flavor Buy Vozol Rave 40K 5% Nicotin Vape \u2013 40000 Puff Smart Device for EU Vapers Contact Amy for right reply and discount price! WhatsApp: +86 17776015835 &nbsp;","_links":{"self":[{"href":"https:\/\/vapestornado.com\/de\/wp-json\/wp\/v2\/product\/4510","targetHints":{"allow":["GET"]}}],"collection":[{"href":"https:\/\/vapestornado.com\/de\/wp-json\/wp\/v2\/product"}],"about":[{"href":"https:\/\/vapestornado.com\/de\/wp-json\/wp\/v2\/types\/product"}],"replies":[{"embeddable":true,"href":"https:\/\/vapestornado.com\/de\/wp-json\/wp\/v2\/comments?post=4510"}],"wp:featuredmedia":[{"embeddable":true,"href":"https:\/\/vapestornado.com\/de\/wp-json\/wp\/v2\/media\/4500"}],"wp:attachment":[{"href":"https:\/\/vapestornado.com\/de\/wp-json\/wp\/v2\/media?parent=4510"}],"wp:term":[{"taxonomy":"product_brand","embeddable":true,"href":"https:\/\/vapestornado.com\/de\/wp-json\/wp\/v2\/product_brand?post=4510"},{"taxonomy":"product_cat","embeddable":true,"href":"https:\/\/vapestornado.com\/de\/wp-json\/wp\/v2\/product_cat?post=4510"},{"taxonomy":"product_tag","embeddable":true,"href":"https:\/\/vapestornado.com\/de\/wp-json\/wp\/v2\/product_tag?post=4510"}],"curies":[{"name":"wp","href":"https:\/\/api.w.org\/{rel}","templated":true}]}}